{"id":3830,"date":"2026-01-21T04:04:57","date_gmt":"2026-01-21T04:04:57","guid":{"rendered":"https:\/\/fumot.uk\/?post_type=product&#038;p=3830"},"modified":"2026-01-21T08:42:04","modified_gmt":"2026-01-21T08:42:04","slug":"jnr-falcon-16000-puffs-green-apple-peach-pear","status":"publish","type":"product","link":"https:\/\/fumot.uk\/fi\/product\/jnr-falcon-16000-puffs-green-apple-peach-pear\/","title":{"rendered":"JNR Falcon 16000 Puffs Kertak\u00e4ytt\u00f6inen Vape \u2013 Vihre\u00e4 Omena Persikka P\u00e4\u00e4ryn\u00e4 (22ml, Kaksinkertainen Mesh, S\u00e4\u00e4dett\u00e4v\u00e4 Ilmavirtaus)"},"content":{"rendered":"<p><strong>JNR Falcon 16000 Puffs \u2013 Vihre\u00e4 Omena Persikka P\u00e4\u00e4ryn\u00e4<\/strong> tuo raikkaan, hedelm\u00e4painotteisen sekoituksen premium-kristallityyliseen kertak\u00e4ytt\u00f6iseen vapeen. Suunniteltu tasaiselle, johdonmukaiselle vedolle, siin\u00e4 on <strong>Kaksinkertainen Mesh K\u00e4\u00e4mi -teknologia<\/strong> and an <strong>s\u00e4\u00e4dett\u00e4v\u00e4n ilmavirran<\/strong> venttiili, jotta voit hienos\u00e4\u00e4t\u00e4\u00e4 vapeasi tiukemmasta hengityksest\u00e4 avoimempaan, ilmavampaan vetoon.<\/p>\n<p><strong>Maku: Vihre\u00e4 Omena Persikka P\u00e4\u00e4ryn\u00e4<\/strong><br \/>Odota kirkasta vihre\u00e4n omenan napsahdusta aluksi, jota seuraa pehme\u00e4 persikan makeus ja puhdas p\u00e4\u00e4ryn\u00e4n j\u00e4lkimaku. Tuloksena on kerrostettu hedelm\u00e4profiili, joka pysyy raikkaana ilman raskasta tunnetta\u2014ihanteellinen p\u00e4ivitt\u00e4iseen vapingiin.<\/p>\n<h3><strong>Key Features<\/strong><\/h3>\n<ul>\n<li><strong>Vedot:<\/strong> Jopa 16000 puffia<\/li>\n<li><strong>E-nesteen kapasiteetti:<\/strong> 22 ml<\/li>\n<li><strong>Nicotine options:<\/strong> 2% tai 5%<\/li>\n<li><strong>K\u00e4\u00e4mi:<\/strong> Dual Mesh Coil<\/li>\n<li><strong>Ilmavirtaus:<\/strong> S\u00e4\u00e4dett\u00e4v\u00e4 ilmavirtaus<\/li>\n<li><strong>Akku:<\/strong> 850mAh ladattava<\/li>\n<li><strong>Lataus:<\/strong> Type-C<\/li>\n<li><strong>Vastus:<\/strong> 1\u03a9<\/li>\n<li><strong>Muotoilu:<\/strong> Kristallityylinen k\u00e4sity\u00f6 ulkon\u00e4k\u00f6 ja tuntuma<\/li>\n<li><strong>Makujen valikoima:<\/strong> 20 saatavilla olevaa makua (sarjan laajuinen)<\/li>\n<\/ul>\n<h3><strong>Miksi pid\u00e4t siit\u00e4<\/strong><\/h3>\n<p>Jos pid\u00e4t <strong>raikkaat omenavapet<\/strong> mutta haluat pehme\u00e4mm\u00e4n, makeamman reunan, t\u00e4m\u00e4 sekoitus tasapainottaa kirpeytt\u00e4 mehukkaan persikan ja sile\u00e4n p\u00e4\u00e4ryn\u00e4n kanssa. Yhdist\u00e4 se s\u00e4\u00e4dett\u00e4v\u00e4\u00e4n ilmavirtaan s\u00e4\u00e4t\u00e4\u00e4ksesi haluamasi intensiteetin\u2014enemm\u00e4n rajoitusta voimakkaamman maun saamiseksi tai enemm\u00e4n avoimuutta helpompaan, pilvisemp\u00e4\u00e4n vetoon.<\/p>\n<p>Tutustu lis\u00e4\u00e4 makuihin ja koko <strong>JNR Falcon 16000<\/strong> valikoimaan <a href=\"https:\/\/fumot.uk\/fi\/\" target=\"_blank\" rel=\"noopener\"><strong>fumot.uk<\/strong><\/a>.<\/p>","protected":false},"excerpt":{"rendered":"<p>JNR Falcon 16000 Puffs Green Apple Peach Pear: raikas omena, mehukas persikka ja pehme\u00e4 p\u00e4\u00e4ryn\u00e4 kerrostetussa hedelm\u00e4sekoituksessa. 22ml, kaksoisverkko k\u00e4\u00e4mi, s\u00e4\u00e4dett\u00e4v\u00e4 ilmavirtaus, 850mAh ladattava (Type-C).<\/p>","protected":false},"featured_media":3870,"comment_status":"open","ping_status":"closed","template":"","meta":[],"product_brand":[],"product_cat":[191,192,17],"product_tag":[193,20,21,31,113,72,73,30,26,62,28],"class_list":{"0":"post-3830","1":"product","2":"type-product","3":"status-publish","4":"has-post-thumbnail","6":"product_cat-16000-puff","7":"product_cat-jnr-falcon-16000-puffs","8":"product_cat-vape","9":"product_tag-22ml","10":"product_tag-850mah","11":"product_tag-adjustable-airflow","12":"product_tag-apple","13":"product_tag-crystal-vape","14":"product_tag-direct-to-lung","15":"product_tag-dual-mesh","16":"product_tag-peach","17":"product_tag-rechargeable","18":"product_tag-sale-vape","19":"product_tag-type-c","21":"first","22":"instock","23":"sale","24":"shipping-taxable","25":"purchasable","26":"product-type-variable","27":"has-default-attributes"},"yoast_head":"<!-- This site is optimized with the Yoast SEO plugin v26.8 - https:\/\/yoast.com\/product\/yoast-seo-wordpress\/ -->\n<title>JNR Falcon 16000 Vihre\u00e4 Omena Persikka P\u00e4\u00e4ryn\u00e4 | 22ml<\/title>\n<meta name=\"description\" content=\"JNR Falcon 16000 Puffs Green Apple Peach Pear kertak\u00e4ytt\u00f6inen vape, jossa 22ml, Dual Mesh Coil, s\u00e4\u00e4dett\u00e4v\u00e4 ilmavirtaus, 850mAh ladattava Type-C. Nikotiini 2%\/5%.\" \/>\n<meta name=\"robots\" content=\"index, follow, max-snippet:-1, max-image-preview:large, max-video-preview:-1\" \/>\n<link rel=\"canonical\" href=\"https:\/\/fumot.uk\/fi\/product\/jnr-falcon-16000-puffs-green-apple-peach-pear\/\" \/>\n<meta property=\"og:locale\" content=\"fi_FI\" \/>\n<meta property=\"og:type\" content=\"article\" \/>\n<meta property=\"og:title\" content=\"JNR Falcon 16000 \u2013 Green Apple Peach Pear\" \/>\n<meta property=\"og:description\" content=\"A crisp green apple bite with juicy peach sweetness and a smooth pear finish. Dual Mesh Coil, adjustable airflow, 22ml, rechargeable 850mAh (Type\u2011C).\" \/>\n<meta property=\"og:url\" content=\"https:\/\/fumot.uk\/fi\/product\/jnr-falcon-16000-puffs-green-apple-peach-pear\/\" \/>\n<meta property=\"og:site_name\" content=\"Fumot Official Direct | Straight from the Factory, 100% Genuine\" \/>\n<meta property=\"article:modified_time\" content=\"2026-01-21T08:42:04+00:00\" \/>\n<meta property=\"og:image\" content=\"https:\/\/fumot.uk\/wp-content\/uploads\/2026\/01\/Green-Apple-Peach-Pear-JNR-Falcon-16000-Puffs-Disposable-Vape-1024x1024.jpg\" \/>\n\t<meta property=\"og:image:width\" content=\"1024\" \/>\n\t<meta property=\"og:image:height\" content=\"1024\" \/>\n\t<meta property=\"og:image:type\" content=\"image\/jpeg\" \/>\n<meta name=\"twitter:card\" content=\"summary_large_image\" \/>\n<meta name=\"twitter:label1\" content=\"Arvioitu lukuaika\" \/>\n\t<meta name=\"twitter:data1\" content=\"1 minuutti\" \/>\n<script type=\"application\/ld+json\" class=\"yoast-schema-graph\">{\"@context\":\"https:\/\/schema.org\",\"@graph\":[{\"@type\":\"WebPage\",\"@id\":\"https:\/\/fumot.uk\/product\/jnr-falcon-16000-puffs-green-apple-peach-pear\/\",\"url\":\"https:\/\/fumot.uk\/product\/jnr-falcon-16000-puffs-green-apple-peach-pear\/\",\"name\":\"JNR Falcon 16000 Green Apple Peach Pear | 22ml\",\"isPartOf\":{\"@id\":\"https:\/\/fumot.uk\/#website\"},\"primaryImageOfPage\":{\"@id\":\"https:\/\/fumot.uk\/product\/jnr-falcon-16000-puffs-green-apple-peach-pear\/#primaryimage\"},\"image\":{\"@id\":\"https:\/\/fumot.uk\/product\/jnr-falcon-16000-puffs-green-apple-peach-pear\/#primaryimage\"},\"thumbnailUrl\":\"https:\/\/fumot.uk\/wp-content\/uploads\/2026\/01\/Green-Apple-Peach-Pear-JNR-Falcon-16000-Puffs-Disposable-Vape.jpg\",\"datePublished\":\"2026-01-21T04:04:57+00:00\",\"dateModified\":\"2026-01-21T08:42:04+00:00\",\"description\":\"JNR Falcon 16000 Puffs Green Apple Peach Pear disposable vape with 22ml, Dual Mesh Coil, adjustable airflow, 850mAh rechargeable Type-C. Nicotine 2%\/5%.\",\"breadcrumb\":{\"@id\":\"https:\/\/fumot.uk\/product\/jnr-falcon-16000-puffs-green-apple-peach-pear\/#breadcrumb\"},\"inLanguage\":\"fi\",\"potentialAction\":[{\"@type\":\"ReadAction\",\"target\":[\"https:\/\/fumot.uk\/product\/jnr-falcon-16000-puffs-green-apple-peach-pear\/\"]}]},{\"@type\":\"ImageObject\",\"inLanguage\":\"fi\",\"@id\":\"https:\/\/fumot.uk\/product\/jnr-falcon-16000-puffs-green-apple-peach-pear\/#primaryimage\",\"url\":\"https:\/\/fumot.uk\/wp-content\/uploads\/2026\/01\/Green-Apple-Peach-Pear-JNR-Falcon-16000-Puffs-Disposable-Vape.jpg\",\"contentUrl\":\"https:\/\/fumot.uk\/wp-content\/uploads\/2026\/01\/Green-Apple-Peach-Pear-JNR-Falcon-16000-Puffs-Disposable-Vape.jpg\",\"width\":2500,\"height\":2500},{\"@type\":\"BreadcrumbList\",\"@id\":\"https:\/\/fumot.uk\/product\/jnr-falcon-16000-puffs-green-apple-peach-pear\/#breadcrumb\",\"itemListElement\":[{\"@type\":\"ListItem\",\"position\":1,\"name\":\"Home\",\"item\":\"https:\/\/fumot.uk\/\"},{\"@type\":\"ListItem\",\"position\":2,\"name\":\"Shop\",\"item\":\"https:\/\/fumot.uk\/shop\/\"},{\"@type\":\"ListItem\",\"position\":3,\"name\":\"JNR Falcon 16000 Puffs Disposable Vape \u2013 Green Apple Peach Pear (22ml, Dual Mesh, Adjustable Airflow)\"}]},{\"@type\":\"WebSite\",\"@id\":\"https:\/\/fumot.uk\/#website\",\"url\":\"https:\/\/fumot.uk\/\",\"name\":\"Fumot Official Direct | Straight from the Factory, 100% Genuine\",\"description\":\"Official Website\",\"publisher\":{\"@id\":\"https:\/\/fumot.uk\/#organization\"},\"potentialAction\":[{\"@type\":\"SearchAction\",\"target\":{\"@type\":\"EntryPoint\",\"urlTemplate\":\"https:\/\/fumot.uk\/?s={search_term_string}\"},\"query-input\":{\"@type\":\"PropertyValueSpecification\",\"valueRequired\":true,\"valueName\":\"search_term_string\"}}],\"inLanguage\":\"fi\"},{\"@type\":\"Organization\",\"@id\":\"https:\/\/fumot.uk\/#organization\",\"name\":\"Fumot Official Direct | Straight from the Factory, 100% Genuine\",\"url\":\"https:\/\/fumot.uk\/\",\"logo\":{\"@type\":\"ImageObject\",\"inLanguage\":\"fi\",\"@id\":\"https:\/\/fumot.uk\/#\/schema\/logo\/image\/\",\"url\":\"https:\/\/fumot.uk\/wp-content\/uploads\/2026\/01\/cropped-fumot-logo1.png\",\"contentUrl\":\"https:\/\/fumot.uk\/wp-content\/uploads\/2026\/01\/cropped-fumot-logo1.png\",\"width\":152,\"height\":106,\"caption\":\"Fumot Official Direct | Straight from the Factory, 100% Genuine\"},\"image\":{\"@id\":\"https:\/\/fumot.uk\/#\/schema\/logo\/image\/\"}}]}<\/script>\n<!-- \/ Yoast SEO plugin. -->","yoast_head_json":{"title":"JNR Falcon 16000 Vihre\u00e4 Omena Persikka P\u00e4\u00e4ryn\u00e4 | 22ml","description":"JNR Falcon 16000 Puffs Green Apple Peach Pear kertak\u00e4ytt\u00f6inen vape, jossa 22ml, Dual Mesh Coil, s\u00e4\u00e4dett\u00e4v\u00e4 ilmavirtaus, 850mAh ladattava Type-C. Nikotiini 2%\/5%.","robots":{"index":"index","follow":"follow","max-snippet":"max-snippet:-1","max-image-preview":"max-image-preview:large","max-video-preview":"max-video-preview:-1"},"canonical":"https:\/\/fumot.uk\/fi\/product\/jnr-falcon-16000-puffs-green-apple-peach-pear\/","og_locale":"fi_FI","og_type":"article","og_title":"JNR Falcon 16000 \u2013 Green Apple Peach Pear","og_description":"A crisp green apple bite with juicy peach sweetness and a smooth pear finish. Dual Mesh Coil, adjustable airflow, 22ml, rechargeable 850mAh (Type\u2011C).","og_url":"https:\/\/fumot.uk\/fi\/product\/jnr-falcon-16000-puffs-green-apple-peach-pear\/","og_site_name":"Fumot Official Direct | Straight from the Factory, 100% Genuine","article_modified_time":"2026-01-21T08:42:04+00:00","og_image":[{"width":1024,"height":1024,"url":"https:\/\/fumot.uk\/wp-content\/uploads\/2026\/01\/Green-Apple-Peach-Pear-JNR-Falcon-16000-Puffs-Disposable-Vape-1024x1024.jpg","type":"image\/jpeg"}],"twitter_card":"summary_large_image","twitter_misc":{"Arvioitu lukuaika":"1 minuutti"},"schema":{"@context":"https:\/\/schema.org","@graph":[{"@type":"WebPage","@id":"https:\/\/fumot.uk\/product\/jnr-falcon-16000-puffs-green-apple-peach-pear\/","url":"https:\/\/fumot.uk\/product\/jnr-falcon-16000-puffs-green-apple-peach-pear\/","name":"JNR Falcon 16000 Green Apple Peach Pear | 22ml","isPartOf":{"@id":"https:\/\/fumot.uk\/#website"},"primaryImageOfPage":{"@id":"https:\/\/fumot.uk\/product\/jnr-falcon-16000-puffs-green-apple-peach-pear\/#primaryimage"},"image":{"@id":"https:\/\/fumot.uk\/product\/jnr-falcon-16000-puffs-green-apple-peach-pear\/#primaryimage"},"thumbnailUrl":"https:\/\/fumot.uk\/wp-content\/uploads\/2026\/01\/Green-Apple-Peach-Pear-JNR-Falcon-16000-Puffs-Disposable-Vape.jpg","datePublished":"2026-01-21T04:04:57+00:00","dateModified":"2026-01-21T08:42:04+00:00","description":"JNR Falcon 16000 Puffs Vihre\u00e4 Omena Persikka P\u00e4\u00e4ryn\u00e4 kertak\u00e4ytt\u00f6inen vape 22ml, Kaksinkertainen Mesh K\u00e4\u00e4mi, s\u00e4\u00e4dett\u00e4v\u00e4 ilmavirta, 850mAh ladattava Type-C. Nikotiini 2%\/5%.","breadcrumb":{"@id":"https:\/\/fumot.uk\/product\/jnr-falcon-16000-puffs-green-apple-peach-pear\/#breadcrumb"},"inLanguage":"fi","potentialAction":[{"@type":"ReadAction","target":["https:\/\/fumot.uk\/product\/jnr-falcon-16000-puffs-green-apple-peach-pear\/"]}]},{"@type":"ImageObject","inLanguage":"fi","@id":"https:\/\/fumot.uk\/product\/jnr-falcon-16000-puffs-green-apple-peach-pear\/#primaryimage","url":"https:\/\/fumot.uk\/wp-content\/uploads\/2026\/01\/Green-Apple-Peach-Pear-JNR-Falcon-16000-Puffs-Disposable-Vape.jpg","contentUrl":"https:\/\/fumot.uk\/wp-content\/uploads\/2026\/01\/Green-Apple-Peach-Pear-JNR-Falcon-16000-Puffs-Disposable-Vape.jpg","width":2500,"height":2500},{"@type":"BreadcrumbList","@id":"https:\/\/fumot.uk\/product\/jnr-falcon-16000-puffs-green-apple-peach-pear\/#breadcrumb","itemListElement":[{"@type":"ListItem","position":1,"name":"Home","item":"https:\/\/fumot.uk\/"},{"@type":"ListItem","position":2,"name":"Shop","item":"https:\/\/fumot.uk\/shop\/"},{"@type":"ListItem","position":3,"name":"JNR Falcon 16000 Puffs Disposable Vape \u2013 Green Apple Peach Pear (22ml, Dual Mesh, Adjustable Airflow)"}]},{"@type":"WebSite","@id":"https:\/\/fumot.uk\/#website","url":"https:\/\/fumot.uk\/","name":"Fumot Official Direct | Suoraan tehtaalta, 100% Aito","description":"Official Website","publisher":{"@id":"https:\/\/fumot.uk\/#organization"},"potentialAction":[{"@type":"SearchAction","target":{"@type":"EntryPoint","urlTemplate":"https:\/\/fumot.uk\/?s={search_term_string}"},"query-input":{"@type":"PropertyValueSpecification","valueRequired":true,"valueName":"search_term_string"}}],"inLanguage":"fi"},{"@type":"Organization","@id":"https:\/\/fumot.uk\/#organization","name":"Fumot Official Direct | Suoraan tehtaalta, 100% Aito","url":"https:\/\/fumot.uk\/","logo":{"@type":"ImageObject","inLanguage":"fi","@id":"https:\/\/fumot.uk\/#\/schema\/logo\/image\/","url":"https:\/\/fumot.uk\/wp-content\/uploads\/2026\/01\/cropped-fumot-logo1.png","contentUrl":"https:\/\/fumot.uk\/wp-content\/uploads\/2026\/01\/cropped-fumot-logo1.png","width":152,"height":106,"caption":"Fumot Official Direct | Straight from the Factory, 100% Genuine"},"image":{"@id":"https:\/\/fumot.uk\/#\/schema\/logo\/image\/"}}]}},"_links":{"self":[{"href":"https:\/\/fumot.uk\/fi\/wp-json\/wp\/v2\/product\/3830","targetHints":{"allow":["GET"]}}],"collection":[{"href":"https:\/\/fumot.uk\/fi\/wp-json\/wp\/v2\/product"}],"about":[{"href":"https:\/\/fumot.uk\/fi\/wp-json\/wp\/v2\/types\/product"}],"replies":[{"embeddable":true,"href":"https:\/\/fumot.uk\/fi\/wp-json\/wp\/v2\/comments?post=3830"}],"wp:featuredmedia":[{"embeddable":true,"href":"https:\/\/fumot.uk\/fi\/wp-json\/wp\/v2\/media\/3870"}],"wp:attachment":[{"href":"https:\/\/fumot.uk\/fi\/wp-json\/wp\/v2\/media?parent=3830"}],"wp:term":[{"taxonomy":"product_brand","embeddable":true,"href":"https:\/\/fumot.uk\/fi\/wp-json\/wp\/v2\/product_brand?post=3830"},{"taxonomy":"product_cat","embeddable":true,"href":"https:\/\/fumot.uk\/fi\/wp-json\/wp\/v2\/product_cat?post=3830"},{"taxonomy":"product_tag","embeddable":true,"href":"https:\/\/fumot.uk\/fi\/wp-json\/wp\/v2\/product_tag?post=3830"}],"curies":[{"name":"wp","href":"https:\/\/api.w.org\/{rel}","templated":true}]}}