{"id":3827,"date":"2026-01-21T04:04:56","date_gmt":"2026-01-21T04:04:56","guid":{"rendered":"https:\/\/fumot.uk\/?post_type=product&#038;p=3827"},"modified":"2026-01-21T08:45:36","modified_gmt":"2026-01-21T08:45:36","slug":"jnr-falcon-16000-puffs-cherry-lemon","status":"publish","type":"product","link":"https:\/\/fumot.uk\/fi\/product\/jnr-falcon-16000-puffs-cherry-lemon\/","title":{"rendered":"JNR Falcon 16000 Puffs Kirsikka Sitruuna Kertak\u00e4ytt\u00f6inen Vape (22ml, Kaksinkertainen Mesh, S\u00e4\u00e4dett\u00e4v\u00e4 Ilmavirtaus)"},"content":{"rendered":"<p><strong>JNR Falcon 16000 Puffs \u2013 Kirsikka Sitruuna<\/strong> tuo kirkkaan, hedelm\u00e4isen vapen, jossa on puhdas makea ja kirpe\u00e4 tasapaino. Suunniteltu erottuvalla <strong>kristallityylisell\u00e4 viimeistelyll\u00e4<\/strong>, se tuntuu k\u00e4dess\u00e4 laadukkaalta samalla kun se pysyy k\u00e4yt\u00e4nn\u00f6llisen\u00e4 jokap\u00e4iv\u00e4isess\u00e4 k\u00e4yt\u00f6ss\u00e4. Sen avulla <strong>Dual Mesh Coil<\/strong> l\u00e4mmityksell\u00e4 ja <strong>s\u00e4\u00e4dett\u00e4v\u00e4n ilmavirran<\/strong>, voit hienos\u00e4\u00e4t\u00e4\u00e4 jokaista vetoa\u2014sile\u00e4mm\u00e4ksi tai avoimemmaksi\u2014riippuen mieltymyksest\u00e4si.<\/p>\n<p><strong>Maku: Kirsikka Sitruuna<\/strong><br \/>Mehukas kirsikan makeus kohtaa pirte\u00e4n sitruunan nosteen. Tuloksena on virkist\u00e4v\u00e4 hedelm\u00e4inen profiili, joka pysyy eloisana ensimm\u00e4isest\u00e4 henk\u00e4yksest\u00e4 viimeiseen\u2014ihanteellinen, jos pid\u00e4t mauista, jotka ovat makeita, raikkaita ja eiv\u00e4t liian raskaita.<\/p>\n<h3>Miksi pid\u00e4t JNR Falcon 16000:sta<\/h3>\n<ul>\n<li><strong>Jopa 16000 puffia<\/strong> pitk\u00e4kestoiseen k\u00e4ytt\u00f6\u00f6n<\/li>\n<li><strong>22 ml e-nesteen kapasiteetti<\/strong> suunniteltu luotettavaa p\u00e4ivitt\u00e4ist\u00e4 suorituskyky\u00e4 varten<\/li>\n<li><strong>Nicotine options:<\/strong> 2% tai 5%<\/li>\n<li><strong>850mAh ladattava akku<\/strong> kanssa <strong>Type-C<\/strong> lataus<\/li>\n<li><strong>Dual Mesh Coil<\/strong> tasaisen maun toimitukseen<\/li>\n<li><strong>S\u00e4\u00e4dett\u00e4v\u00e4 ilmavirta<\/strong> henkil\u00f6kohtaistaa vetosi<\/li>\n<li><strong>1\u03a9 vastus<\/strong><\/li>\n<li><strong>Kristallilla muotoiltu design<\/strong> tyylikk\u00e4\u00e4ll\u00e4, modernilla ulkon\u00e4\u00f6ll\u00e4<\/li>\n<\/ul>\n<h3>Tutustu lis\u00e4\u00e4 makuihin fumot.uk<\/h3>\n<p>Etsitk\u00f6 jotain erilaista? Tutustu lis\u00e4\u00e4 vaihtoehtoihin meid\u00e4n <a href=\"https:\/\/fumot.uk\/fi\/product-category\/16000-puff\/\">16000 puffin kokoelma<\/a> tai tutustu koko valikoimaan <a href=\"https:\/\/fumot.uk\/fi\/product-category\/jnr-falcon-16000-puffs\/\">JNR Falcon 16000 Puffs<\/a> osoitteessa fumot.uk.<\/p>\n<p><em>Huomautus:<\/em> Puffim\u00e4\u00e4r\u00e4 voi vaihdella vedon pituuden ja ilmavirran asetuksen mukaan.<\/p>","protected":false},"excerpt":{"rendered":"<p>JNR Falcon 16000 Puffs in Cherry Lemon yhdist\u00e4\u00e4 mehukkaan kirsikan makeuden ja raikkaan sitruunan j\u00e4lkimaun. 22ml e-nestett\u00e4, Dual Mesh Coil, s\u00e4\u00e4dett\u00e4v\u00e4 ilmavirtaus ja ladattava 850mAh Type-C akku. Nikotiini: 2% tai 5%.<\/p>","protected":false},"featured_media":3867,"comment_status":"open","ping_status":"closed","template":"","meta":[],"product_brand":[],"product_cat":[191,192,17],"product_tag":[193,20,21,36,113,72,73,24,26,62,28],"class_list":{"0":"post-3827","1":"product","2":"type-product","3":"status-publish","4":"has-post-thumbnail","6":"product_cat-16000-puff","7":"product_cat-jnr-falcon-16000-puffs","8":"product_cat-vape","9":"product_tag-22ml","10":"product_tag-850mah","11":"product_tag-adjustable-airflow","12":"product_tag-cherry","13":"product_tag-crystal-vape","14":"product_tag-direct-to-lung","15":"product_tag-dual-mesh","16":"product_tag-lemon","17":"product_tag-rechargeable","18":"product_tag-sale-vape","19":"product_tag-type-c","21":"first","22":"instock","23":"sale","24":"shipping-taxable","25":"purchasable","26":"product-type-variable","27":"has-default-attributes"},"yoast_head":"<!-- This site is optimized with the Yoast SEO plugin v26.8 - https:\/\/yoast.com\/product\/yoast-seo-wordpress\/ -->\n<title>JNR Falcon 16000 Puffs Kirsikka Sitruuna | Kaksoisverkko &amp; Ilmavirtaus<\/title>\n<meta name=\"description\" content=\"Kirsikka Sitruuna JNR Falcon 16000 Puffs: makea kirsikka ja raikas sitruuna. 22ml, Kaksoisverkko K\u00e4\u00e4mi, s\u00e4\u00e4dett\u00e4v\u00e4 ilmavirta, 850mAh ladattava Type-C. 2%\/5%.\" \/>\n<meta name=\"robots\" content=\"index, follow, max-snippet:-1, max-image-preview:large, max-video-preview:-1\" \/>\n<link rel=\"canonical\" href=\"https:\/\/fumot.uk\/fi\/product\/jnr-falcon-16000-puffs-cherry-lemon\/\" \/>\n<meta property=\"og:locale\" content=\"fi_FI\" \/>\n<meta property=\"og:type\" content=\"article\" \/>\n<meta property=\"og:title\" content=\"JNR Falcon 16000 Cherry Lemon \u2013 Sweet &amp; Zesty 16K Puffs\" \/>\n<meta property=\"og:description\" content=\"A crisp Cherry Lemon blend with Dual Mesh Coil, adjustable airflow, 22ml capacity, and rechargeable 850mAh Type\u2011C. Choose 2% or 5% nicotine.\" \/>\n<meta property=\"og:url\" content=\"https:\/\/fumot.uk\/fi\/product\/jnr-falcon-16000-puffs-cherry-lemon\/\" \/>\n<meta property=\"og:site_name\" content=\"Fumot Official Direct | Straight from the Factory, 100% Genuine\" \/>\n<meta property=\"article:modified_time\" content=\"2026-01-21T08:45:36+00:00\" \/>\n<meta property=\"og:image\" content=\"https:\/\/fumot.uk\/wp-content\/uploads\/2026\/01\/Cherry-Lemon_JNR-Falcon-16000-Puffs-Disposable-Vape-1024x1024.jpg\" \/>\n\t<meta property=\"og:image:width\" content=\"1024\" \/>\n\t<meta property=\"og:image:height\" content=\"1024\" \/>\n\t<meta property=\"og:image:type\" content=\"image\/jpeg\" \/>\n<meta name=\"twitter:card\" content=\"summary_large_image\" \/>\n<meta name=\"twitter:label1\" content=\"Arvioitu lukuaika\" \/>\n\t<meta name=\"twitter:data1\" content=\"1 minuutti\" \/>\n<script type=\"application\/ld+json\" class=\"yoast-schema-graph\">{\"@context\":\"https:\/\/schema.org\",\"@graph\":[{\"@type\":\"WebPage\",\"@id\":\"https:\/\/fumot.uk\/product\/jnr-falcon-16000-puffs-cherry-lemon\/\",\"url\":\"https:\/\/fumot.uk\/product\/jnr-falcon-16000-puffs-cherry-lemon\/\",\"name\":\"JNR Falcon 16000 Puffs Cherry Lemon | Dual Mesh & Airflow\",\"isPartOf\":{\"@id\":\"https:\/\/fumot.uk\/#website\"},\"primaryImageOfPage\":{\"@id\":\"https:\/\/fumot.uk\/product\/jnr-falcon-16000-puffs-cherry-lemon\/#primaryimage\"},\"image\":{\"@id\":\"https:\/\/fumot.uk\/product\/jnr-falcon-16000-puffs-cherry-lemon\/#primaryimage\"},\"thumbnailUrl\":\"https:\/\/fumot.uk\/wp-content\/uploads\/2026\/01\/Cherry-Lemon_JNR-Falcon-16000-Puffs-Disposable-Vape.jpg\",\"datePublished\":\"2026-01-21T04:04:56+00:00\",\"dateModified\":\"2026-01-21T08:45:36+00:00\",\"description\":\"Cherry Lemon JNR Falcon 16000 Puffs: sweet cherry with zesty lemon. 22ml, Dual Mesh Coil, adjustable airflow, 850mAh rechargeable Type-C. 2%\/5%.\",\"breadcrumb\":{\"@id\":\"https:\/\/fumot.uk\/product\/jnr-falcon-16000-puffs-cherry-lemon\/#breadcrumb\"},\"inLanguage\":\"fi\",\"potentialAction\":[{\"@type\":\"ReadAction\",\"target\":[\"https:\/\/fumot.uk\/product\/jnr-falcon-16000-puffs-cherry-lemon\/\"]}]},{\"@type\":\"ImageObject\",\"inLanguage\":\"fi\",\"@id\":\"https:\/\/fumot.uk\/product\/jnr-falcon-16000-puffs-cherry-lemon\/#primaryimage\",\"url\":\"https:\/\/fumot.uk\/wp-content\/uploads\/2026\/01\/Cherry-Lemon_JNR-Falcon-16000-Puffs-Disposable-Vape.jpg\",\"contentUrl\":\"https:\/\/fumot.uk\/wp-content\/uploads\/2026\/01\/Cherry-Lemon_JNR-Falcon-16000-Puffs-Disposable-Vape.jpg\",\"width\":2500,\"height\":2500},{\"@type\":\"BreadcrumbList\",\"@id\":\"https:\/\/fumot.uk\/product\/jnr-falcon-16000-puffs-cherry-lemon\/#breadcrumb\",\"itemListElement\":[{\"@type\":\"ListItem\",\"position\":1,\"name\":\"Home\",\"item\":\"https:\/\/fumot.uk\/\"},{\"@type\":\"ListItem\",\"position\":2,\"name\":\"Shop\",\"item\":\"https:\/\/fumot.uk\/shop\/\"},{\"@type\":\"ListItem\",\"position\":3,\"name\":\"JNR Falcon 16000 Puffs Cherry Lemon Disposable Vape (22ml, Dual Mesh, Adjustable Airflow)\"}]},{\"@type\":\"WebSite\",\"@id\":\"https:\/\/fumot.uk\/#website\",\"url\":\"https:\/\/fumot.uk\/\",\"name\":\"Fumot Official Direct | Straight from the Factory, 100% Genuine\",\"description\":\"Official Website\",\"publisher\":{\"@id\":\"https:\/\/fumot.uk\/#organization\"},\"potentialAction\":[{\"@type\":\"SearchAction\",\"target\":{\"@type\":\"EntryPoint\",\"urlTemplate\":\"https:\/\/fumot.uk\/?s={search_term_string}\"},\"query-input\":{\"@type\":\"PropertyValueSpecification\",\"valueRequired\":true,\"valueName\":\"search_term_string\"}}],\"inLanguage\":\"fi\"},{\"@type\":\"Organization\",\"@id\":\"https:\/\/fumot.uk\/#organization\",\"name\":\"Fumot Official Direct | Straight from the Factory, 100% Genuine\",\"url\":\"https:\/\/fumot.uk\/\",\"logo\":{\"@type\":\"ImageObject\",\"inLanguage\":\"fi\",\"@id\":\"https:\/\/fumot.uk\/#\/schema\/logo\/image\/\",\"url\":\"https:\/\/fumot.uk\/wp-content\/uploads\/2026\/01\/cropped-fumot-logo1.png\",\"contentUrl\":\"https:\/\/fumot.uk\/wp-content\/uploads\/2026\/01\/cropped-fumot-logo1.png\",\"width\":152,\"height\":106,\"caption\":\"Fumot Official Direct | Straight from the Factory, 100% Genuine\"},\"image\":{\"@id\":\"https:\/\/fumot.uk\/#\/schema\/logo\/image\/\"}}]}<\/script>\n<!-- \/ Yoast SEO plugin. -->","yoast_head_json":{"title":"JNR Falcon 16000 Puffs Kirsikka Sitruuna | Kaksoisverkko &amp; Ilmavirtaus","description":"Kirsikka Sitruuna JNR Falcon 16000 Puffs: makea kirsikka ja raikas sitruuna. 22ml, Kaksoisverkko K\u00e4\u00e4mi, s\u00e4\u00e4dett\u00e4v\u00e4 ilmavirta, 850mAh ladattava Type-C. 2%\/5%.","robots":{"index":"index","follow":"follow","max-snippet":"max-snippet:-1","max-image-preview":"max-image-preview:large","max-video-preview":"max-video-preview:-1"},"canonical":"https:\/\/fumot.uk\/fi\/product\/jnr-falcon-16000-puffs-cherry-lemon\/","og_locale":"fi_FI","og_type":"article","og_title":"JNR Falcon 16000 Cherry Lemon \u2013 Sweet & Zesty 16K Puffs","og_description":"A crisp Cherry Lemon blend with Dual Mesh Coil, adjustable airflow, 22ml capacity, and rechargeable 850mAh Type\u2011C. Choose 2% or 5% nicotine.","og_url":"https:\/\/fumot.uk\/fi\/product\/jnr-falcon-16000-puffs-cherry-lemon\/","og_site_name":"Fumot Official Direct | Straight from the Factory, 100% Genuine","article_modified_time":"2026-01-21T08:45:36+00:00","og_image":[{"width":1024,"height":1024,"url":"https:\/\/fumot.uk\/wp-content\/uploads\/2026\/01\/Cherry-Lemon_JNR-Falcon-16000-Puffs-Disposable-Vape-1024x1024.jpg","type":"image\/jpeg"}],"twitter_card":"summary_large_image","twitter_misc":{"Arvioitu lukuaika":"1 minuutti"},"schema":{"@context":"https:\/\/schema.org","@graph":[{"@type":"WebPage","@id":"https:\/\/fumot.uk\/product\/jnr-falcon-16000-puffs-cherry-lemon\/","url":"https:\/\/fumot.uk\/product\/jnr-falcon-16000-puffs-cherry-lemon\/","name":"JNR Falcon 16000 Puffs Cherry Lemon | Dual Mesh &amp; Airflow","isPartOf":{"@id":"https:\/\/fumot.uk\/#website"},"primaryImageOfPage":{"@id":"https:\/\/fumot.uk\/product\/jnr-falcon-16000-puffs-cherry-lemon\/#primaryimage"},"image":{"@id":"https:\/\/fumot.uk\/product\/jnr-falcon-16000-puffs-cherry-lemon\/#primaryimage"},"thumbnailUrl":"https:\/\/fumot.uk\/wp-content\/uploads\/2026\/01\/Cherry-Lemon_JNR-Falcon-16000-Puffs-Disposable-Vape.jpg","datePublished":"2026-01-21T04:04:56+00:00","dateModified":"2026-01-21T08:45:36+00:00","description":"Kirsikka Sitruuna JNR Falcon 16000 Puhallusta: makea kirsikka ja pirte\u00e4 sitruuna. 22ml, Kaksinkertainen Mesh Kela, s\u00e4\u00e4dett\u00e4v\u00e4 ilmavirta, 850mAh ladattava Type-C. 2%\/5%.","breadcrumb":{"@id":"https:\/\/fumot.uk\/product\/jnr-falcon-16000-puffs-cherry-lemon\/#breadcrumb"},"inLanguage":"fi","potentialAction":[{"@type":"ReadAction","target":["https:\/\/fumot.uk\/product\/jnr-falcon-16000-puffs-cherry-lemon\/"]}]},{"@type":"ImageObject","inLanguage":"fi","@id":"https:\/\/fumot.uk\/product\/jnr-falcon-16000-puffs-cherry-lemon\/#primaryimage","url":"https:\/\/fumot.uk\/wp-content\/uploads\/2026\/01\/Cherry-Lemon_JNR-Falcon-16000-Puffs-Disposable-Vape.jpg","contentUrl":"https:\/\/fumot.uk\/wp-content\/uploads\/2026\/01\/Cherry-Lemon_JNR-Falcon-16000-Puffs-Disposable-Vape.jpg","width":2500,"height":2500},{"@type":"BreadcrumbList","@id":"https:\/\/fumot.uk\/product\/jnr-falcon-16000-puffs-cherry-lemon\/#breadcrumb","itemListElement":[{"@type":"ListItem","position":1,"name":"Home","item":"https:\/\/fumot.uk\/"},{"@type":"ListItem","position":2,"name":"Shop","item":"https:\/\/fumot.uk\/shop\/"},{"@type":"ListItem","position":3,"name":"JNR Falcon 16000 Puffs Cherry Lemon Disposable Vape (22ml, Dual Mesh, Adjustable Airflow)"}]},{"@type":"WebSite","@id":"https:\/\/fumot.uk\/#website","url":"https:\/\/fumot.uk\/","name":"Fumot Official Direct | Suoraan tehtaalta, 100% Aito","description":"Official Website","publisher":{"@id":"https:\/\/fumot.uk\/#organization"},"potentialAction":[{"@type":"SearchAction","target":{"@type":"EntryPoint","urlTemplate":"https:\/\/fumot.uk\/?s={search_term_string}"},"query-input":{"@type":"PropertyValueSpecification","valueRequired":true,"valueName":"search_term_string"}}],"inLanguage":"fi"},{"@type":"Organization","@id":"https:\/\/fumot.uk\/#organization","name":"Fumot Official Direct | Suoraan tehtaalta, 100% Aito","url":"https:\/\/fumot.uk\/","logo":{"@type":"ImageObject","inLanguage":"fi","@id":"https:\/\/fumot.uk\/#\/schema\/logo\/image\/","url":"https:\/\/fumot.uk\/wp-content\/uploads\/2026\/01\/cropped-fumot-logo1.png","contentUrl":"https:\/\/fumot.uk\/wp-content\/uploads\/2026\/01\/cropped-fumot-logo1.png","width":152,"height":106,"caption":"Fumot Official Direct | Straight from the Factory, 100% Genuine"},"image":{"@id":"https:\/\/fumot.uk\/#\/schema\/logo\/image\/"}}]}},"_links":{"self":[{"href":"https:\/\/fumot.uk\/fi\/wp-json\/wp\/v2\/product\/3827","targetHints":{"allow":["GET"]}}],"collection":[{"href":"https:\/\/fumot.uk\/fi\/wp-json\/wp\/v2\/product"}],"about":[{"href":"https:\/\/fumot.uk\/fi\/wp-json\/wp\/v2\/types\/product"}],"replies":[{"embeddable":true,"href":"https:\/\/fumot.uk\/fi\/wp-json\/wp\/v2\/comments?post=3827"}],"wp:featuredmedia":[{"embeddable":true,"href":"https:\/\/fumot.uk\/fi\/wp-json\/wp\/v2\/media\/3867"}],"wp:attachment":[{"href":"https:\/\/fumot.uk\/fi\/wp-json\/wp\/v2\/media?parent=3827"}],"wp:term":[{"taxonomy":"product_brand","embeddable":true,"href":"https:\/\/fumot.uk\/fi\/wp-json\/wp\/v2\/product_brand?post=3827"},{"taxonomy":"product_cat","embeddable":true,"href":"https:\/\/fumot.uk\/fi\/wp-json\/wp\/v2\/product_cat?post=3827"},{"taxonomy":"product_tag","embeddable":true,"href":"https:\/\/fumot.uk\/fi\/wp-json\/wp\/v2\/product_tag?post=3827"}],"curies":[{"name":"wp","href":"https:\/\/api.w.org\/{rel}","templated":true}]}}