{"id":370,"date":"2026-01-20T02:43:44","date_gmt":"2026-01-20T02:43:44","guid":{"rendered":"https:\/\/fumot.uk\/?post_type=product&#038;p=370"},"modified":"2026-01-20T07:05:55","modified_gmt":"2026-01-20T07:05:55","slug":"kiwi-passion-fruit-guava-randm-tornado-12000-puffs","status":"publish","type":"product","link":"https:\/\/fumot.uk\/fi\/product\/kiwi-passion-fruit-guava-randm-tornado-12000-puffs\/","title":{"rendered":"R&amp;M RandM Tornado 12000 Puffs Kiwi Passion Fruit Guava Kertak\u00e4ytt\u00f6inen Vape (20ml, 850mAh, LED-n\u00e4ytt\u00f6, Mesh Coil)"},"content":{"rendered":"<p><strong>Kiwi Passion Hedelm\u00e4 Guava \u2013 RandM Tornado 12000 Puffs<\/strong> tuo kirkkaan trooppisen sekoituksen pitk\u00e4kestoiseen kertak\u00e4ytt\u00f6iseen vapeen, joka on suunniteltu p\u00e4ivitt\u00e4iseen mukavuuteen. Odota tasaista, johdonmukaista vet\u00e4mist\u00e4 kiitos <strong>verkkok\u00e4\u00e4mi<\/strong>, sek\u00e4 helposti luettavan <strong>LED display<\/strong> , joka auttaa sinua pit\u00e4m\u00e4\u00e4n silm\u00e4ll\u00e4 <strong>akun<\/strong> ja <strong>e-nestett\u00e4<\/strong> tasoja.<\/p>\n<h3>Maku: Kiwi Passion Hedelm\u00e4 Guava<\/h3>\n<p>T\u00e4m\u00e4 profiili kerrostaa <strong>raikkaan kiivin<\/strong> mehukkaan <strong>passionhedelm\u00e4n<\/strong>, t\u00e4ydent\u00e4en <strong>pehme\u00e4ll\u00e4, aromaattisella guavalla<\/strong>. Tuloksena on virkist\u00e4v\u00e4n makea trooppinen maku, joka pysyy eloisana ensimm\u00e4isest\u00e4 vedosta viimeiseen.<\/p>\n<h3>Key Features<\/h3>\n<ul>\n<li><strong>Jopa 12000 henk\u00e4yst\u00e4<\/strong> per laite (k\u00e4ytt\u00f6 vaihtelee)<\/li>\n<li><strong>20ml e-neste<\/strong> kapasiteetti<\/li>\n<li><strong>Nikotiinisuolavaihtoehdot:<\/strong> 0% \/ 2% \/ 3% \/ 5%<\/li>\n<li><strong>Verkkok\u00e4\u00e4mi<\/strong> tasaisemman, tasaisemman h\u00f6yryn vuoksi<\/li>\n<li><strong>LED display<\/strong> akun ja e-nesteen tilalle<\/li>\n<li><strong>Ladattava 850mAh<\/strong> sis\u00e4\u00e4nrakennettu akku<\/li>\n<li><strong>Type-C lataus<\/strong> (kaapeli ei aina sis\u00e4lly)<\/li>\n<\/ul>\n<h3>Miksi pid\u00e4t siit\u00e4<\/h3>\n<ul>\n<li><strong>Ei t\u00e4ytt\u00f6\u00e4, ei asetuksia:<\/strong> avaa ja vape<\/li>\n<li><strong>Vakaa maun toimitus:<\/strong> mesh-k\u00e4\u00e4mi auttaa pit\u00e4m\u00e4\u00e4n trooppiset s\u00e4vyt puhtaina ja johdonmukaisina<\/li>\n<li><strong>\u00c4lykk\u00e4\u00e4mpi p\u00e4ivitt\u00e4inen k\u00e4ytt\u00f6:<\/strong> n\u00e4ytt\u00f6 helpottaa latauksen suunnittelua ja tiet\u00e4\u00e4, milloin on aika vaihtaa<\/li>\n<\/ul>\n<p>Tutustu lis\u00e4\u00e4 makuihin ja RandM-vaihtoehtoihin osoitteessa <a href=\"https:\/\/fumot.uk\/fi\/\">fumot.uk<\/a>, tai selaa kokoelmaamme <a href=\"https:\/\/fumot.uk\/fi\/product-category\/randm-tornado-12000-puffs\/\">RandM Tornado 12000 Puffs<\/a> l\u00f6yt\u00e4\u00e4ksesi seuraavan suosikkisi.<\/p>\n<p><small>Huomautus: Puff-m\u00e4\u00e4r\u00e4 on arvio ja riippuu yksil\u00f6llisist\u00e4 k\u00e4ytt\u00f6toimista. T\u00e4m\u00e4 tuote on tarkoitettu vain aikuisille k\u00e4ytt\u00e4jille.<\/small><\/p>","protected":false},"excerpt":{"rendered":"<p>Trooppinen Kiwi Passiohedelm\u00e4 Guava RandM Tornado 12000 Puffs kertak\u00e4ytt\u00f6isess\u00e4 h\u00f6yrystimess\u00e4\u201420ml e-nestett\u00e4, verkkok\u00e4\u00e4mi, LED-akku\/e-nestemittari, ja ladattava 850mAh Type\u2011C laite. Nikotiinisuola: 0\/2\/3\/5%.<\/p>","protected":false},"featured_media":395,"comment_status":"open","ping_status":"closed","template":"","meta":[],"product_brand":[],"product_cat":[58,59,17],"product_tag":[60,20,23,45,25,46,26,62,28],"class_list":{"0":"post-370","1":"product","2":"type-product","3":"status-publish","4":"has-post-thumbnail","6":"product_cat-12000-puff","7":"product_cat-randm-tornado-12000-puffs","8":"product_cat-vape","9":"product_tag-20ml","10":"product_tag-850mah","11":"product_tag-display","12":"product_tag-kiwi","13":"product_tag-mesh-coil","14":"product_tag-passion-fruit","15":"product_tag-rechargeable","16":"product_tag-sale-vape","17":"product_tag-type-c","19":"first","20":"instock","21":"sale","22":"shipping-taxable","23":"purchasable","24":"product-type-variable","25":"has-default-attributes"},"yoast_head":"<!-- This site is optimized with the Yoast SEO plugin v26.8 - https:\/\/yoast.com\/product\/yoast-seo-wordpress\/ -->\n<title>RandM Tornado 12000 Kiwi Passion Fruit Guava | fumot.uk<\/title>\n<meta name=\"description\" content=\"RandM Tornado 12000 Puffs Kiwi Passion Fruit Guava kertak\u00e4ytt\u00f6inen vape: 20 ml e-neste, mesh-k\u00e4\u00e4mi, LED-n\u00e4ytt\u00f6, 850 mAh ladattava Type\u2011C. 0\/2\/3\/5%.\" \/>\n<meta name=\"robots\" content=\"index, follow, max-snippet:-1, max-image-preview:large, max-video-preview:-1\" \/>\n<link rel=\"canonical\" href=\"https:\/\/fumot.uk\/fi\/product\/kiwi-passion-fruit-guava-randm-tornado-12000-puffs\/\" \/>\n<meta property=\"og:locale\" content=\"fi_FI\" \/>\n<meta property=\"og:type\" content=\"article\" \/>\n<meta property=\"og:title\" content=\"Kiwi Passion Fruit Guava \u2013 RandM Tornado 12000 Puffs\" \/>\n<meta property=\"og:description\" content=\"A bright tropical blend with mesh-coil smoothness, LED battery\/e-liquid display, 20ml e-liquid and 850mAh rechargeable Type\u2011C. Shop on fumot.uk.\" \/>\n<meta property=\"og:url\" content=\"https:\/\/fumot.uk\/fi\/product\/kiwi-passion-fruit-guava-randm-tornado-12000-puffs\/\" \/>\n<meta property=\"og:site_name\" content=\"Fumot Official Direct | Straight from the Factory, 100% Genuine\" \/>\n<meta property=\"article:modified_time\" content=\"2026-01-20T07:05:55+00:00\" \/>\n<meta property=\"og:image\" content=\"https:\/\/fumot.uk\/wp-content\/uploads\/2026\/01\/Randm-Tornado-12000-Puffs-Kiwi-passion-fruit-guava-Disposable-Vape-scaled-1.jpg\" \/>\n\t<meta property=\"og:image:width\" content=\"2560\" \/>\n\t<meta property=\"og:image:height\" content=\"2560\" \/>\n\t<meta property=\"og:image:type\" content=\"image\/jpeg\" \/>\n<meta name=\"twitter:card\" content=\"summary_large_image\" \/>\n<meta name=\"twitter:label1\" content=\"Arvioitu lukuaika\" \/>\n\t<meta name=\"twitter:data1\" content=\"2 minuuttia\" \/>\n<script type=\"application\/ld+json\" class=\"yoast-schema-graph\">{\"@context\":\"https:\/\/schema.org\",\"@graph\":[{\"@type\":\"WebPage\",\"@id\":\"https:\/\/fumot.uk\/product\/kiwi-passion-fruit-guava-randm-tornado-12000-puffs\/\",\"url\":\"https:\/\/fumot.uk\/product\/kiwi-passion-fruit-guava-randm-tornado-12000-puffs\/\",\"name\":\"RandM Tornado 12000 Kiwi Passion Fruit Guava | fumot.uk\",\"isPartOf\":{\"@id\":\"https:\/\/fumot.uk\/#website\"},\"primaryImageOfPage\":{\"@id\":\"https:\/\/fumot.uk\/product\/kiwi-passion-fruit-guava-randm-tornado-12000-puffs\/#primaryimage\"},\"image\":{\"@id\":\"https:\/\/fumot.uk\/product\/kiwi-passion-fruit-guava-randm-tornado-12000-puffs\/#primaryimage\"},\"thumbnailUrl\":\"https:\/\/fumot.uk\/wp-content\/uploads\/2026\/01\/Randm-Tornado-12000-Puffs-Kiwi-passion-fruit-guava-Disposable-Vape-scaled-1.jpg\",\"datePublished\":\"2026-01-20T02:43:44+00:00\",\"dateModified\":\"2026-01-20T07:05:55+00:00\",\"description\":\"RandM Tornado 12000 Puffs Kiwi Passion Fruit Guava disposable vape: 20ml e-liquid, mesh coil, LED display, 850mAh rechargeable Type\u2011C. 0\/2\/3\/5%.\",\"breadcrumb\":{\"@id\":\"https:\/\/fumot.uk\/product\/kiwi-passion-fruit-guava-randm-tornado-12000-puffs\/#breadcrumb\"},\"inLanguage\":\"fi\",\"potentialAction\":[{\"@type\":\"ReadAction\",\"target\":[\"https:\/\/fumot.uk\/product\/kiwi-passion-fruit-guava-randm-tornado-12000-puffs\/\"]}]},{\"@type\":\"ImageObject\",\"inLanguage\":\"fi\",\"@id\":\"https:\/\/fumot.uk\/product\/kiwi-passion-fruit-guava-randm-tornado-12000-puffs\/#primaryimage\",\"url\":\"https:\/\/fumot.uk\/wp-content\/uploads\/2026\/01\/Randm-Tornado-12000-Puffs-Kiwi-passion-fruit-guava-Disposable-Vape-scaled-1.jpg\",\"contentUrl\":\"https:\/\/fumot.uk\/wp-content\/uploads\/2026\/01\/Randm-Tornado-12000-Puffs-Kiwi-passion-fruit-guava-Disposable-Vape-scaled-1.jpg\",\"width\":2560,\"height\":2560},{\"@type\":\"BreadcrumbList\",\"@id\":\"https:\/\/fumot.uk\/product\/kiwi-passion-fruit-guava-randm-tornado-12000-puffs\/#breadcrumb\",\"itemListElement\":[{\"@type\":\"ListItem\",\"position\":1,\"name\":\"Home\",\"item\":\"https:\/\/fumot.uk\/\"},{\"@type\":\"ListItem\",\"position\":2,\"name\":\"Shop\",\"item\":\"https:\/\/fumot.uk\/shop\/\"},{\"@type\":\"ListItem\",\"position\":3,\"name\":\"R&#038;M RandM Tornado 12000 Puffs Kiwi Passion Fruit Guava Disposable Vape (20ml, 850mAh, LED Display, Mesh Coil)\"}]},{\"@type\":\"WebSite\",\"@id\":\"https:\/\/fumot.uk\/#website\",\"url\":\"https:\/\/fumot.uk\/\",\"name\":\"Fumot Official Direct | Straight from the Factory, 100% Genuine\",\"description\":\"Official Website\",\"publisher\":{\"@id\":\"https:\/\/fumot.uk\/#organization\"},\"potentialAction\":[{\"@type\":\"SearchAction\",\"target\":{\"@type\":\"EntryPoint\",\"urlTemplate\":\"https:\/\/fumot.uk\/?s={search_term_string}\"},\"query-input\":{\"@type\":\"PropertyValueSpecification\",\"valueRequired\":true,\"valueName\":\"search_term_string\"}}],\"inLanguage\":\"fi\"},{\"@type\":\"Organization\",\"@id\":\"https:\/\/fumot.uk\/#organization\",\"name\":\"Fumot Official Direct | Straight from the Factory, 100% Genuine\",\"url\":\"https:\/\/fumot.uk\/\",\"logo\":{\"@type\":\"ImageObject\",\"inLanguage\":\"fi\",\"@id\":\"https:\/\/fumot.uk\/#\/schema\/logo\/image\/\",\"url\":\"https:\/\/fumot.uk\/wp-content\/uploads\/2026\/01\/cropped-fumot-logo1.png\",\"contentUrl\":\"https:\/\/fumot.uk\/wp-content\/uploads\/2026\/01\/cropped-fumot-logo1.png\",\"width\":152,\"height\":106,\"caption\":\"Fumot Official Direct | Straight from the Factory, 100% Genuine\"},\"image\":{\"@id\":\"https:\/\/fumot.uk\/#\/schema\/logo\/image\/\"}}]}<\/script>\n<!-- \/ Yoast SEO plugin. -->","yoast_head_json":{"title":"RandM Tornado 12000 Kiwi Passion Fruit Guava | fumot.uk","description":"RandM Tornado 12000 Puffs Kiwi Passion Fruit Guava kertak\u00e4ytt\u00f6inen vape: 20 ml e-neste, mesh-k\u00e4\u00e4mi, LED-n\u00e4ytt\u00f6, 850 mAh ladattava Type\u2011C. 0\/2\/3\/5%.","robots":{"index":"index","follow":"follow","max-snippet":"max-snippet:-1","max-image-preview":"max-image-preview:large","max-video-preview":"max-video-preview:-1"},"canonical":"https:\/\/fumot.uk\/fi\/product\/kiwi-passion-fruit-guava-randm-tornado-12000-puffs\/","og_locale":"fi_FI","og_type":"article","og_title":"Kiwi Passion Fruit Guava \u2013 RandM Tornado 12000 Puffs","og_description":"A bright tropical blend with mesh-coil smoothness, LED battery\/e-liquid display, 20ml e-liquid and 850mAh rechargeable Type\u2011C. Shop on fumot.uk.","og_url":"https:\/\/fumot.uk\/fi\/product\/kiwi-passion-fruit-guava-randm-tornado-12000-puffs\/","og_site_name":"Fumot Official Direct | Straight from the Factory, 100% Genuine","article_modified_time":"2026-01-20T07:05:55+00:00","og_image":[{"width":2560,"height":2560,"url":"https:\/\/fumot.uk\/wp-content\/uploads\/2026\/01\/Randm-Tornado-12000-Puffs-Kiwi-passion-fruit-guava-Disposable-Vape-scaled-1.jpg","type":"image\/jpeg"}],"twitter_card":"summary_large_image","twitter_misc":{"Arvioitu lukuaika":"2 minuuttia"},"schema":{"@context":"https:\/\/schema.org","@graph":[{"@type":"WebPage","@id":"https:\/\/fumot.uk\/product\/kiwi-passion-fruit-guava-randm-tornado-12000-puffs\/","url":"https:\/\/fumot.uk\/product\/kiwi-passion-fruit-guava-randm-tornado-12000-puffs\/","name":"RandM Tornado 12000 Kiwi Passion Fruit Guava | fumot.uk","isPartOf":{"@id":"https:\/\/fumot.uk\/#website"},"primaryImageOfPage":{"@id":"https:\/\/fumot.uk\/product\/kiwi-passion-fruit-guava-randm-tornado-12000-puffs\/#primaryimage"},"image":{"@id":"https:\/\/fumot.uk\/product\/kiwi-passion-fruit-guava-randm-tornado-12000-puffs\/#primaryimage"},"thumbnailUrl":"https:\/\/fumot.uk\/wp-content\/uploads\/2026\/01\/Randm-Tornado-12000-Puffs-Kiwi-passion-fruit-guava-Disposable-Vape-scaled-1.jpg","datePublished":"2026-01-20T02:43:44+00:00","dateModified":"2026-01-20T07:05:55+00:00","description":"RandM Tornado 12000 Puffs Kiwi Passion Fruit Guava kertak\u00e4ytt\u00f6inen vape: 20ml e-nestett\u00e4, mesh-k\u00e4\u00e4mi, LED-n\u00e4ytt\u00f6, 850mAh ladattava Type\u2011C. 0\/2\/3\/5%.","breadcrumb":{"@id":"https:\/\/fumot.uk\/product\/kiwi-passion-fruit-guava-randm-tornado-12000-puffs\/#breadcrumb"},"inLanguage":"fi","potentialAction":[{"@type":"ReadAction","target":["https:\/\/fumot.uk\/product\/kiwi-passion-fruit-guava-randm-tornado-12000-puffs\/"]}]},{"@type":"ImageObject","inLanguage":"fi","@id":"https:\/\/fumot.uk\/product\/kiwi-passion-fruit-guava-randm-tornado-12000-puffs\/#primaryimage","url":"https:\/\/fumot.uk\/wp-content\/uploads\/2026\/01\/Randm-Tornado-12000-Puffs-Kiwi-passion-fruit-guava-Disposable-Vape-scaled-1.jpg","contentUrl":"https:\/\/fumot.uk\/wp-content\/uploads\/2026\/01\/Randm-Tornado-12000-Puffs-Kiwi-passion-fruit-guava-Disposable-Vape-scaled-1.jpg","width":2560,"height":2560},{"@type":"BreadcrumbList","@id":"https:\/\/fumot.uk\/product\/kiwi-passion-fruit-guava-randm-tornado-12000-puffs\/#breadcrumb","itemListElement":[{"@type":"ListItem","position":1,"name":"Home","item":"https:\/\/fumot.uk\/"},{"@type":"ListItem","position":2,"name":"Shop","item":"https:\/\/fumot.uk\/shop\/"},{"@type":"ListItem","position":3,"name":"R&#038;M RandM Tornado 12000 Puffs Kiwi Passion Fruit Guava Disposable Vape (20ml, 850mAh, LED Display, Mesh Coil)"}]},{"@type":"WebSite","@id":"https:\/\/fumot.uk\/#website","url":"https:\/\/fumot.uk\/","name":"Fumot Official Direct | Suoraan tehtaalta, 100% Aito","description":"Official Website","publisher":{"@id":"https:\/\/fumot.uk\/#organization"},"potentialAction":[{"@type":"SearchAction","target":{"@type":"EntryPoint","urlTemplate":"https:\/\/fumot.uk\/?s={search_term_string}"},"query-input":{"@type":"PropertyValueSpecification","valueRequired":true,"valueName":"search_term_string"}}],"inLanguage":"fi"},{"@type":"Organization","@id":"https:\/\/fumot.uk\/#organization","name":"Fumot Official Direct | Suoraan tehtaalta, 100% Aito","url":"https:\/\/fumot.uk\/","logo":{"@type":"ImageObject","inLanguage":"fi","@id":"https:\/\/fumot.uk\/#\/schema\/logo\/image\/","url":"https:\/\/fumot.uk\/wp-content\/uploads\/2026\/01\/cropped-fumot-logo1.png","contentUrl":"https:\/\/fumot.uk\/wp-content\/uploads\/2026\/01\/cropped-fumot-logo1.png","width":152,"height":106,"caption":"Fumot Official Direct | Straight from the Factory, 100% Genuine"},"image":{"@id":"https:\/\/fumot.uk\/#\/schema\/logo\/image\/"}}]}},"_links":{"self":[{"href":"https:\/\/fumot.uk\/fi\/wp-json\/wp\/v2\/product\/370","targetHints":{"allow":["GET"]}}],"collection":[{"href":"https:\/\/fumot.uk\/fi\/wp-json\/wp\/v2\/product"}],"about":[{"href":"https:\/\/fumot.uk\/fi\/wp-json\/wp\/v2\/types\/product"}],"replies":[{"embeddable":true,"href":"https:\/\/fumot.uk\/fi\/wp-json\/wp\/v2\/comments?post=370"}],"wp:featuredmedia":[{"embeddable":true,"href":"https:\/\/fumot.uk\/fi\/wp-json\/wp\/v2\/media\/395"}],"wp:attachment":[{"href":"https:\/\/fumot.uk\/fi\/wp-json\/wp\/v2\/media?parent=370"}],"wp:term":[{"taxonomy":"product_brand","embeddable":true,"href":"https:\/\/fumot.uk\/fi\/wp-json\/wp\/v2\/product_brand?post=370"},{"taxonomy":"product_cat","embeddable":true,"href":"https:\/\/fumot.uk\/fi\/wp-json\/wp\/v2\/product_cat?post=370"},{"taxonomy":"product_tag","embeddable":true,"href":"https:\/\/fumot.uk\/fi\/wp-json\/wp\/v2\/product_tag?post=370"}],"curies":[{"name":"wp","href":"https:\/\/api.w.org\/{rel}","templated":true}]}}