{"id":3537,"date":"2026-01-20T10:13:24","date_gmt":"2026-01-20T10:13:24","guid":{"rendered":"https:\/\/fumot.uk\/?post_type=product&#038;p=3537"},"modified":"2026-01-20T10:15:05","modified_gmt":"2026-01-20T10:15:05","slug":"vozol-gear-power-20000-puffs-strawberry-watermelon","status":"publish","type":"product","link":"https:\/\/fumot.uk\/fi\/product\/vozol-gear-power-20000-puffs-strawberry-watermelon\/","title":{"rendered":"Vozol Gear Power 20000 Puffs-Mansikka Vesimeloni"},"content":{"rendered":"<h4>Vozol Gear Power 20000 Puffs Strawberry Watermelon: Mansikan makea houkutus kohtaa vesimelonin virkist\u00e4v\u00e4n mehukkuuden<\/h4>\n<p><strong>Vozol Gear Power 20000 Puffs Strawberry Watermelon<\/strong> yhdist\u00e4\u00e4 mehukkaan makean mansikan t\u00e4ydellisesti virkist\u00e4v\u00e4n makean vesimelonin kanssa. Jokainen henk\u00e4ys paljastaa miellytt\u00e4v\u00e4n hedelm\u00e4aromin, joka tarjoaa raikkaan ja virkist\u00e4v\u00e4n makuel\u00e4myksen \u2013 kuin olisi kes\u00e4isess\u00e4 hedelm\u00e4tarhassa. Olipa kyseess\u00e4 makea mansikka tai mehukas vesimeloni, molemmat sulautuvat harmonisesti kielell\u00e4 ja tarjoavat sinulle rikkaan makuel\u00e4myksen.<\/p>\n<p>Intensiivisen hedelm\u00e4maun lis\u00e4ksi Strawberry-lajike <a href=\"https:\/\/ultravape.de\/product-tag\/watermelon\/\">Vesimeloni<\/a> tarjoaa my\u00f6s hienovaraista viileytt\u00e4, joka seuraa jokaista henk\u00e4yst\u00e4 virkist\u00e4v\u00e4ll\u00e4 raikkaudella. T\u00e4m\u00e4 viilent\u00e4v\u00e4 vivahde antaa maulle paitsi erityist\u00e4 raikkautta, my\u00f6s tasapainottaa hedelmien makeutta, jolloin jokainen henk\u00e4ys tuntuu monikerroksisemmalta ja tasapainoisemmalta.<\/p>\n<h4>Vozol Gear Power 20000 Puffs -ominaisuudet:<\/h4>\n<p><strong>\u2022 Henk\u00e4ykset:<\/strong> 20000 hengityst\u00e4<br \/>\n<strong>\u2022 Nikotiinipitoisuus:<\/strong> 5%<br \/>\n<strong>\u2022 E-nesteen kapasiteetti:<\/strong> 20mL<br \/>\n<strong>\u2022 K\u00e4\u00e4min muotoilu:<\/strong> Kaksi mesh-k\u00e4\u00e4mi\u00e4<br \/>\n<strong>\u2022 N\u00e4ytt\u00f6:<\/strong> Koko n\u00e4yt\u00f6n n\u00e4ytt\u00f6<br \/>\n<strong>\u2022 Teknologia:<\/strong> S.i.L.C. -teknologia<\/p>\n<h4 data-start=\"0\" data-end=\"50\"><strong data-start=\"0\" data-end=\"50\">Miksi valita Vozol GEAR POWER 20000 Puffs?<\/strong><\/h4>\n<p data-start=\"20\" data-end=\"499\">1. Vozol Gear Power 20000 Puffs sis\u00e4lt\u00e4\u00e4 t\u00e4ysn\u00e4yt\u00f6n, joka mahdollistaa akun tilan, henk\u00e4ysten m\u00e4\u00e4r\u00e4n ja laitteen tilan reaaliaikaisen seurannan. Toisin kuin perinteiset e-savukkeet, jotka luottavat yleens\u00e4 vain merkkivaloihin, t\u00e4ss\u00e4 pysyt aina t\u00e4ysin ajan tasalla. N\u00e4in v\u00e4lt\u00e4t ep\u00e4miellytt\u00e4v\u00e4t yll\u00e4tykset akun odottamattoman heikkenemisen vuoksi ja nautit \u00e4lykk\u00e4\u00e4st\u00e4 ja mukavasta h\u00f6yrytyskokemuksesta.<\/p>\n<p data-start=\"504\" data-end=\"914\">2. T\u00e4m\u00e4 laite on varustettu edistyksellisell\u00e4 S.i.L.C.-teknologialla, joka ei ainoastaan paranna maun puhtautta ja tasaista h\u00f6yrystymist\u00e4, vaan my\u00f6s v\u00e4hent\u00e4\u00e4 huomattavasti laitteen sis\u00e4ist\u00e4 kulumista. Tuloksena on vakaampi h\u00f6yrytyskokemus ja tuotteen pidempi k\u00e4ytt\u00f6ik\u00e4, mik\u00e4 takaa sinulle pitk\u00e4ll\u00e4 aikav\u00e4lill\u00e4 korkean tehokkuuden ja sujuvan toiminnan.<\/p>\n<p data-start=\"919\" data-end=\"1407\" data-is-last-node=\"\">3. Vozol GEAR POWER 20k tarjoaa kaksi erilaista tehotilaa, joiden avulla voit joustavasti vastata tarpeisiisi. Olitpa sitten pidemm\u00e4n k\u00e4ytt\u00f6ajan tai intensiivisemm\u00e4n h\u00f6yrynautinnon yst\u00e4v\u00e4 \u2013 laite t\u00e4ytt\u00e4\u00e4 molemmat vaatimukset t\u00e4ydellisesti. S\u00e4\u00e4st\u00f6tilassa on mahdollista saavuttaa jopa 20 000 henk\u00e4yst\u00e4, kun taas tehotila tuottaa voimakkaampia pilvi\u00e4 ja intensiivisemp\u00e4\u00e4 makua. N\u00e4in laite yhdist\u00e4\u00e4 voimakkaan suorituskyvyn ja pitk\u00e4kestoisen akkukapasiteetin ihanteellisella tavalla.<\/p>","protected":false},"excerpt":{"rendered":"<p>Vozol Gear Power 20000 Puffs Strawberry Watermelon: Die s\u00fc\u00dfe Verlockung der Erdbeere trifft auf die erfrischende Saftigkeit der Wassermelone Vozol Gear Power 20000 Puffs Strawberry Watermelon vereint die saftig-s\u00fc\u00dfe Erdbeere perfekt mit der erfrischend s\u00fc\u00dfen Wassermelone. Jeder Zug entfaltet ein angenehmes Fruchtaroma, das eine frische und belebende Geschmackserfahrung bietet \u2013 als w\u00e4re man in einem [\u2026]<\/p>","protected":false},"featured_media":3582,"comment_status":"open","ping_status":"closed","template":"","meta":[],"product_brand":[],"product_cat":[68,17,184],"product_tag":[60,131,21,23,73,26,37,28,32],"class_list":{"0":"post-3537","1":"product","2":"type-product","3":"status-publish","4":"has-post-thumbnail","6":"product_cat-20000-puff","7":"product_cat-vape","8":"product_cat-vozol-gear-power-20000-puffs","9":"product_tag-20ml","10":"product_tag-650mah","11":"product_tag-adjustable-airflow","12":"product_tag-display","13":"product_tag-dual-mesh","14":"product_tag-rechargeable","15":"product_tag-strawberry","16":"product_tag-type-c","17":"product_tag-watermelon","19":"first","20":"instock","21":"sale","22":"shipping-taxable","23":"purchasable","24":"product-type-variable","25":"has-default-attributes"},"yoast_head":"<!-- This site is optimized with the Yoast SEO plugin v26.8 - https:\/\/yoast.com\/product\/yoast-seo-wordpress\/ -->\n<title>Vozol Gear Power 20000 Puffs-Mansikka Vesimeloni - Fumot Virallinen Suora | Suoraan Tehtaalta, 100% Aito<\/title>\n<meta name=\"robots\" content=\"index, follow, max-snippet:-1, max-image-preview:large, max-video-preview:-1\" \/>\n<link rel=\"canonical\" href=\"https:\/\/fumot.uk\/fi\/product\/vozol-gear-power-20000-puffs-strawberry-watermelon\/\" \/>\n<meta property=\"og:locale\" content=\"fi_FI\" \/>\n<meta property=\"og:type\" content=\"article\" \/>\n<meta property=\"og:title\" content=\"Vozol Gear Power 20000 Puffs-Strawberry Watermelon - Fumot Official Direct | Straight from the Factory, 100% Genuine\" \/>\n<meta property=\"og:description\" content=\"Vozol Gear Power 20000 Puffs Strawberry Watermelon: Die s\u00fc\u00dfe Verlockung der Erdbeere trifft auf die erfrischende Saftigkeit der Wassermelone Vozol Gear Power 20000 Puffs Strawberry Watermelon vereint die saftig-s\u00fc\u00dfe Erdbeere perfekt mit der erfrischend s\u00fc\u00dfen Wassermelone. Jeder Zug entfaltet ein angenehmes Fruchtaroma, das eine frische und belebende Geschmackserfahrung bietet \u2013 als w\u00e4re man in einem [&hellip;]\" \/>\n<meta property=\"og:url\" content=\"https:\/\/fumot.uk\/fi\/product\/vozol-gear-power-20000-puffs-strawberry-watermelon\/\" \/>\n<meta property=\"og:site_name\" content=\"Fumot Official Direct | Straight from the Factory, 100% Genuine\" \/>\n<meta property=\"article:modified_time\" content=\"2026-01-20T10:15:05+00:00\" \/>\n<meta property=\"og:image\" content=\"https:\/\/fumot.uk\/wp-content\/uploads\/2026\/01\/Vozol-Gear-Power-20000-Puffs-Strawberry-Watermelon-Disposable-Vape.png\" \/>\n\t<meta property=\"og:image:width\" content=\"1000\" \/>\n\t<meta property=\"og:image:height\" content=\"1000\" \/>\n\t<meta property=\"og:image:type\" content=\"image\/png\" \/>\n<meta name=\"twitter:card\" content=\"summary_large_image\" \/>\n<meta name=\"twitter:label1\" content=\"Arvioitu lukuaika\" \/>\n\t<meta name=\"twitter:data1\" content=\"3 minuuttia\" \/>\n<script type=\"application\/ld+json\" class=\"yoast-schema-graph\">{\"@context\":\"https:\/\/schema.org\",\"@graph\":[{\"@type\":\"WebPage\",\"@id\":\"https:\/\/fumot.uk\/product\/vozol-gear-power-20000-puffs-strawberry-watermelon\/\",\"url\":\"https:\/\/fumot.uk\/product\/vozol-gear-power-20000-puffs-strawberry-watermelon\/\",\"name\":\"Vozol Gear Power 20000 Puffs-Strawberry Watermelon - Fumot Official Direct | Straight from the Factory, 100% Genuine\",\"isPartOf\":{\"@id\":\"https:\/\/fumot.uk\/#website\"},\"primaryImageOfPage\":{\"@id\":\"https:\/\/fumot.uk\/product\/vozol-gear-power-20000-puffs-strawberry-watermelon\/#primaryimage\"},\"image\":{\"@id\":\"https:\/\/fumot.uk\/product\/vozol-gear-power-20000-puffs-strawberry-watermelon\/#primaryimage\"},\"thumbnailUrl\":\"https:\/\/fumot.uk\/wp-content\/uploads\/2026\/01\/Vozol-Gear-Power-20000-Puffs-Strawberry-Watermelon-Disposable-Vape.png\",\"datePublished\":\"2026-01-20T10:13:24+00:00\",\"dateModified\":\"2026-01-20T10:15:05+00:00\",\"breadcrumb\":{\"@id\":\"https:\/\/fumot.uk\/product\/vozol-gear-power-20000-puffs-strawberry-watermelon\/#breadcrumb\"},\"inLanguage\":\"fi\",\"potentialAction\":[{\"@type\":\"ReadAction\",\"target\":[\"https:\/\/fumot.uk\/product\/vozol-gear-power-20000-puffs-strawberry-watermelon\/\"]}]},{\"@type\":\"ImageObject\",\"inLanguage\":\"fi\",\"@id\":\"https:\/\/fumot.uk\/product\/vozol-gear-power-20000-puffs-strawberry-watermelon\/#primaryimage\",\"url\":\"https:\/\/fumot.uk\/wp-content\/uploads\/2026\/01\/Vozol-Gear-Power-20000-Puffs-Strawberry-Watermelon-Disposable-Vape.png\",\"contentUrl\":\"https:\/\/fumot.uk\/wp-content\/uploads\/2026\/01\/Vozol-Gear-Power-20000-Puffs-Strawberry-Watermelon-Disposable-Vape.png\",\"width\":1000,\"height\":1000},{\"@type\":\"BreadcrumbList\",\"@id\":\"https:\/\/fumot.uk\/product\/vozol-gear-power-20000-puffs-strawberry-watermelon\/#breadcrumb\",\"itemListElement\":[{\"@type\":\"ListItem\",\"position\":1,\"name\":\"Home\",\"item\":\"https:\/\/fumot.uk\/\"},{\"@type\":\"ListItem\",\"position\":2,\"name\":\"Shop\",\"item\":\"https:\/\/fumot.uk\/shop\/\"},{\"@type\":\"ListItem\",\"position\":3,\"name\":\"Vozol Gear Power 20000 Puffs-Strawberry Watermelon\"}]},{\"@type\":\"WebSite\",\"@id\":\"https:\/\/fumot.uk\/#website\",\"url\":\"https:\/\/fumot.uk\/\",\"name\":\"Fumot Official Direct | Straight from the Factory, 100% Genuine\",\"description\":\"Official Website\",\"publisher\":{\"@id\":\"https:\/\/fumot.uk\/#organization\"},\"potentialAction\":[{\"@type\":\"SearchAction\",\"target\":{\"@type\":\"EntryPoint\",\"urlTemplate\":\"https:\/\/fumot.uk\/?s={search_term_string}\"},\"query-input\":{\"@type\":\"PropertyValueSpecification\",\"valueRequired\":true,\"valueName\":\"search_term_string\"}}],\"inLanguage\":\"fi\"},{\"@type\":\"Organization\",\"@id\":\"https:\/\/fumot.uk\/#organization\",\"name\":\"Fumot Official Direct | Straight from the Factory, 100% Genuine\",\"url\":\"https:\/\/fumot.uk\/\",\"logo\":{\"@type\":\"ImageObject\",\"inLanguage\":\"fi\",\"@id\":\"https:\/\/fumot.uk\/#\/schema\/logo\/image\/\",\"url\":\"https:\/\/fumot.uk\/wp-content\/uploads\/2026\/01\/cropped-fumot-logo1.png\",\"contentUrl\":\"https:\/\/fumot.uk\/wp-content\/uploads\/2026\/01\/cropped-fumot-logo1.png\",\"width\":152,\"height\":106,\"caption\":\"Fumot Official Direct | Straight from the Factory, 100% Genuine\"},\"image\":{\"@id\":\"https:\/\/fumot.uk\/#\/schema\/logo\/image\/\"}}]}<\/script>\n<!-- \/ Yoast SEO plugin. -->","yoast_head_json":{"title":"Vozol Gear Power 20000 Puffs-Mansikka Vesimeloni - Fumot Virallinen Suora | Suoraan Tehtaalta, 100% Aito","robots":{"index":"index","follow":"follow","max-snippet":"max-snippet:-1","max-image-preview":"max-image-preview:large","max-video-preview":"max-video-preview:-1"},"canonical":"https:\/\/fumot.uk\/fi\/product\/vozol-gear-power-20000-puffs-strawberry-watermelon\/","og_locale":"fi_FI","og_type":"article","og_title":"Vozol Gear Power 20000 Puffs-Strawberry Watermelon - Fumot Official Direct | Straight from the Factory, 100% Genuine","og_description":"Vozol Gear Power 20000 Puffs Strawberry Watermelon: Die s\u00fc\u00dfe Verlockung der Erdbeere trifft auf die erfrischende Saftigkeit der Wassermelone Vozol Gear Power 20000 Puffs Strawberry Watermelon vereint die saftig-s\u00fc\u00dfe Erdbeere perfekt mit der erfrischend s\u00fc\u00dfen Wassermelone. Jeder Zug entfaltet ein angenehmes Fruchtaroma, das eine frische und belebende Geschmackserfahrung bietet \u2013 als w\u00e4re man in einem [&hellip;]","og_url":"https:\/\/fumot.uk\/fi\/product\/vozol-gear-power-20000-puffs-strawberry-watermelon\/","og_site_name":"Fumot Official Direct | Straight from the Factory, 100% Genuine","article_modified_time":"2026-01-20T10:15:05+00:00","og_image":[{"width":1000,"height":1000,"url":"https:\/\/fumot.uk\/wp-content\/uploads\/2026\/01\/Vozol-Gear-Power-20000-Puffs-Strawberry-Watermelon-Disposable-Vape.png","type":"image\/png"}],"twitter_card":"summary_large_image","twitter_misc":{"Arvioitu lukuaika":"3 minuuttia"},"schema":{"@context":"https:\/\/schema.org","@graph":[{"@type":"WebPage","@id":"https:\/\/fumot.uk\/product\/vozol-gear-power-20000-puffs-strawberry-watermelon\/","url":"https:\/\/fumot.uk\/product\/vozol-gear-power-20000-puffs-strawberry-watermelon\/","name":"Vozol Gear Power 20000 Puffs-Strawberry Watermelon - Fumot Official Direct | Suoraan tehtaalta, 100% Aito","isPartOf":{"@id":"https:\/\/fumot.uk\/#website"},"primaryImageOfPage":{"@id":"https:\/\/fumot.uk\/product\/vozol-gear-power-20000-puffs-strawberry-watermelon\/#primaryimage"},"image":{"@id":"https:\/\/fumot.uk\/product\/vozol-gear-power-20000-puffs-strawberry-watermelon\/#primaryimage"},"thumbnailUrl":"https:\/\/fumot.uk\/wp-content\/uploads\/2026\/01\/Vozol-Gear-Power-20000-Puffs-Strawberry-Watermelon-Disposable-Vape.png","datePublished":"2026-01-20T10:13:24+00:00","dateModified":"2026-01-20T10:15:05+00:00","breadcrumb":{"@id":"https:\/\/fumot.uk\/product\/vozol-gear-power-20000-puffs-strawberry-watermelon\/#breadcrumb"},"inLanguage":"fi","potentialAction":[{"@type":"ReadAction","target":["https:\/\/fumot.uk\/product\/vozol-gear-power-20000-puffs-strawberry-watermelon\/"]}]},{"@type":"ImageObject","inLanguage":"fi","@id":"https:\/\/fumot.uk\/product\/vozol-gear-power-20000-puffs-strawberry-watermelon\/#primaryimage","url":"https:\/\/fumot.uk\/wp-content\/uploads\/2026\/01\/Vozol-Gear-Power-20000-Puffs-Strawberry-Watermelon-Disposable-Vape.png","contentUrl":"https:\/\/fumot.uk\/wp-content\/uploads\/2026\/01\/Vozol-Gear-Power-20000-Puffs-Strawberry-Watermelon-Disposable-Vape.png","width":1000,"height":1000},{"@type":"BreadcrumbList","@id":"https:\/\/fumot.uk\/product\/vozol-gear-power-20000-puffs-strawberry-watermelon\/#breadcrumb","itemListElement":[{"@type":"ListItem","position":1,"name":"Home","item":"https:\/\/fumot.uk\/"},{"@type":"ListItem","position":2,"name":"Shop","item":"https:\/\/fumot.uk\/shop\/"},{"@type":"ListItem","position":3,"name":"Vozol Gear Power 20000 Puffs-Strawberry Watermelon"}]},{"@type":"WebSite","@id":"https:\/\/fumot.uk\/#website","url":"https:\/\/fumot.uk\/","name":"Fumot Official Direct | Suoraan tehtaalta, 100% Aito","description":"Official Website","publisher":{"@id":"https:\/\/fumot.uk\/#organization"},"potentialAction":[{"@type":"SearchAction","target":{"@type":"EntryPoint","urlTemplate":"https:\/\/fumot.uk\/?s={search_term_string}"},"query-input":{"@type":"PropertyValueSpecification","valueRequired":true,"valueName":"search_term_string"}}],"inLanguage":"fi"},{"@type":"Organization","@id":"https:\/\/fumot.uk\/#organization","name":"Fumot Official Direct | Suoraan tehtaalta, 100% Aito","url":"https:\/\/fumot.uk\/","logo":{"@type":"ImageObject","inLanguage":"fi","@id":"https:\/\/fumot.uk\/#\/schema\/logo\/image\/","url":"https:\/\/fumot.uk\/wp-content\/uploads\/2026\/01\/cropped-fumot-logo1.png","contentUrl":"https:\/\/fumot.uk\/wp-content\/uploads\/2026\/01\/cropped-fumot-logo1.png","width":152,"height":106,"caption":"Fumot Official Direct | Straight from the Factory, 100% Genuine"},"image":{"@id":"https:\/\/fumot.uk\/#\/schema\/logo\/image\/"}}]}},"_links":{"self":[{"href":"https:\/\/fumot.uk\/fi\/wp-json\/wp\/v2\/product\/3537","targetHints":{"allow":["GET"]}}],"collection":[{"href":"https:\/\/fumot.uk\/fi\/wp-json\/wp\/v2\/product"}],"about":[{"href":"https:\/\/fumot.uk\/fi\/wp-json\/wp\/v2\/types\/product"}],"replies":[{"embeddable":true,"href":"https:\/\/fumot.uk\/fi\/wp-json\/wp\/v2\/comments?post=3537"}],"wp:featuredmedia":[{"embeddable":true,"href":"https:\/\/fumot.uk\/fi\/wp-json\/wp\/v2\/media\/3582"}],"wp:attachment":[{"href":"https:\/\/fumot.uk\/fi\/wp-json\/wp\/v2\/media?parent=3537"}],"wp:term":[{"taxonomy":"product_brand","embeddable":true,"href":"https:\/\/fumot.uk\/fi\/wp-json\/wp\/v2\/product_brand?post=3537"},{"taxonomy":"product_cat","embeddable":true,"href":"https:\/\/fumot.uk\/fi\/wp-json\/wp\/v2\/product_cat?post=3537"},{"taxonomy":"product_tag","embeddable":true,"href":"https:\/\/fumot.uk\/fi\/wp-json\/wp\/v2\/product_tag?post=3537"}],"curies":[{"name":"wp","href":"https:\/\/api.w.org\/{rel}","templated":true}]}}