{"id":3527,"date":"2026-01-20T10:13:21","date_gmt":"2026-01-20T10:13:21","guid":{"rendered":"https:\/\/fumot.uk\/?post_type=product&#038;p=3527"},"modified":"2026-01-21T01:50:57","modified_gmt":"2026-01-21T01:50:57","slug":"vozol-gear-power-20000-puffs-double-apple-ice","status":"publish","type":"product","link":"https:\/\/fumot.uk\/fi\/product\/vozol-gear-power-20000-puffs-double-apple-ice\/","title":{"rendered":"Vozol Gear Power 20000 Puhallusta Double Apple Ice \u2013 Kaksi Omenaa + J\u00e4inen Viimeistely (20ml, 5% Nikotiini)"},"content":{"rendered":"<h2>Vozol Gear Power 20000 Puffs Double Apple Ice<\/h2>\n<p>Tapaa raikas, hedelm\u00e4tarhatyylinen sekoitus viile\u00e4ll\u00e4 vivahteella. <strong>Vozol Gear Power 20000 Puffs Double Apple Ice<\/strong> kerrokset <strong>mehukas punaisen omenan makeus<\/strong> kanssa <strong>tuore vihre\u00e4n omenan puraisu<\/strong>, sitten se viimeistelee sen puhtaalla, virkist\u00e4v\u00e4ll\u00e4 j\u00e4\u00e4viimeistelyll\u00e4. Tuloksena on tasapainoinen omenamakuinen vape\u2014hedelm\u00e4inen, kirkas ja miellytt\u00e4v\u00e4n viile\u00e4 ilman, ett\u00e4 hedelm\u00e4n vivahteet peittyv\u00e4t.<\/p>\n<h3>Makuprofiili: Kaksinkertainen omena viile\u00e4ll\u00e4 twistill\u00e4<\/h3>\n<ul>\n<li><strong>Punainen omena:<\/strong> pehme\u00e4 ja makea<\/li>\n<li><strong>Vihre\u00e4 omena:<\/strong> raikas ja hieman hapan<\/li>\n<li><strong>J\u00e4\u00e4:<\/strong> kevyt, virkist\u00e4v\u00e4 viile\u00e4 tunne uloshengityksess\u00e4<\/li>\n<\/ul>\n<p>Ihanteellinen kaikille, jotka nauttivat klassisista omenamakuista modernilla j\u00e4\u00e4viimeistelyll\u00e4\u2014loistava p\u00e4ivitt\u00e4iseen k\u00e4ytt\u00f6\u00f6n ja erityisen virkist\u00e4v\u00e4, kun haluat puhtaamman makuisen henk\u00e4yksen.<\/p>\n<h3>Key Features<\/h3>\n<ul>\n<li><strong>Vedot:<\/strong> Jopa 20000 puhallusta<\/li>\n<li><strong>Nikotiinivahvuus:<\/strong> 5% (pa_nic: 5%)<\/li>\n<li><strong>E-nesteen kapasiteetti:<\/strong> 20ml<\/li>\n<li><strong>K\u00e4\u00e4mi:<\/strong> Kaksoisverkko-kelat tasaiselle maulle<\/li>\n<li><strong>N\u00e4ytt\u00f6:<\/strong> T\u00e4ysn\u00e4ytt\u00f6, josta voi seurata k\u00e4ytt\u00f6\u00e4\/akkua yhdell\u00e4 silm\u00e4yksell\u00e4<\/li>\n<li><strong>Teknologia:<\/strong> S.i.L.C. teknologia<\/li>\n<\/ul>\n<h3>Miksi valita Vozol Gear Power 20000?<\/h3>\n<ol>\n<li><strong>Vakaa, sujuva suorituskyky:<\/strong> Suunniteltu tasaiselle vedolle ja luotettavalle maun toimitukselle kerta toisensa j\u00e4lkeen.<\/li>\n<li><strong>Kaksi tehotilaa:<\/strong> Valitse tyyli, joka sopii sinulle\u2014halusitpa sitten pidemm\u00e4n k\u00e4ytt\u00f6ajan tai voimakkaamman iskun.<\/li>\n<li><strong>Helppo seuranta:<\/strong> T\u00e4ysn\u00e4ytt\u00f6 auttaa pysym\u00e4\u00e4n ajan tasalla akun tilasta ja k\u00e4yt\u00f6st\u00e4, v\u00e4hent\u00e4en yll\u00e4tyksi\u00e4.<\/li>\n<\/ol>\n<p>Tutustu pitk\u00e4kestoisempiin vaihtoehtoihin meid\u00e4n <a href=\"https:\/\/fumot.uk\/fi\/product-category\/20000-puff\/\">20000 puffin kertak\u00e4ytt\u00f6inen vape-kokoelma<\/a> on <strong>fumot.uk<\/strong>.<\/p>","protected":false},"excerpt":{"rendered":"<p>Rapea sekoitus makeaa punaista omenaa ja kirpe\u00e4\u00e4 vihre\u00e4\u00e4 omenaa, joka p\u00e4\u00e4ttyy puhtaaseen j\u00e4iseen uloshengitykseen. Vozol Gear Power 20000 Puffs 20 ml e-nesteell\u00e4, kaksoisverkko keloilla, t\u00e4ysn\u00e4yt\u00f6ll\u00e4 ja 5% nikotiinilla.<\/p>","protected":false},"featured_media":3556,"comment_status":"open","ping_status":"closed","template":"","meta":[],"product_brand":[],"product_cat":[68,17,184],"product_tag":[60,131,21,31,23,73,29,26,28],"class_list":{"0":"post-3527","1":"product","2":"type-product","3":"status-publish","4":"has-post-thumbnail","6":"product_cat-20000-puff","7":"product_cat-vape","8":"product_cat-vozol-gear-power-20000-puffs","9":"product_tag-20ml","10":"product_tag-650mah","11":"product_tag-adjustable-airflow","12":"product_tag-apple","13":"product_tag-display","14":"product_tag-dual-mesh","15":"product_tag-ice","16":"product_tag-rechargeable","17":"product_tag-type-c","19":"first","20":"instock","21":"sale","22":"shipping-taxable","23":"purchasable","24":"product-type-variable","25":"has-default-attributes"},"yoast_head":"<!-- This site is optimized with the Yoast SEO plugin v26.8 - https:\/\/yoast.com\/product\/yoast-seo-wordpress\/ -->\n<title>Vozol Gear Power 20000 Puffs Double Apple Ice | 5%<\/title>\n<meta name=\"description\" content=\"Vozol Gear Power 20000 Puffs Double Apple Ice: punainen + vihre\u00e4 omena viile\u00e4ll\u00e4 viimeistelyll\u00e4. 20 ml e-nestett\u00e4, kaksoisverkkomuuntajat, n\u00e4ytt\u00f6, 5 % nikotiinia.\" \/>\n<meta name=\"robots\" content=\"index, follow, max-snippet:-1, max-image-preview:large, max-video-preview:-1\" \/>\n<link rel=\"canonical\" href=\"https:\/\/fumot.uk\/fi\/product\/vozol-gear-power-20000-puffs-double-apple-ice\/\" \/>\n<meta property=\"og:locale\" content=\"fi_FI\" \/>\n<meta property=\"og:type\" content=\"article\" \/>\n<meta property=\"og:title\" content=\"Double Apple Ice in Vozol Gear Power 20000 Puffs\" \/>\n<meta property=\"og:description\" content=\"Sweet red apple meets crisp green apple, finished with a refreshing icy exhale. 20ml, dual mesh coils, full-screen display, 5% nicotine.\" \/>\n<meta property=\"og:url\" content=\"https:\/\/fumot.uk\/fi\/product\/vozol-gear-power-20000-puffs-double-apple-ice\/\" \/>\n<meta property=\"og:site_name\" content=\"Fumot Official Direct | Straight from the Factory, 100% Genuine\" \/>\n<meta property=\"article:modified_time\" content=\"2026-01-21T01:50:57+00:00\" \/>\n<meta property=\"og:image\" content=\"https:\/\/fumot.uk\/wp-content\/uploads\/2026\/01\/Vozol-Gear-Power-20000-Puffs-Double-Apple-Ice-Disposable-Vape.png\" \/>\n\t<meta property=\"og:image:width\" content=\"1000\" \/>\n\t<meta property=\"og:image:height\" content=\"1000\" \/>\n\t<meta property=\"og:image:type\" content=\"image\/png\" \/>\n<meta name=\"twitter:card\" content=\"summary_large_image\" \/>\n<meta name=\"twitter:label1\" content=\"Arvioitu lukuaika\" \/>\n\t<meta name=\"twitter:data1\" content=\"2 minuuttia\" \/>\n<script type=\"application\/ld+json\" class=\"yoast-schema-graph\">{\"@context\":\"https:\/\/schema.org\",\"@graph\":[{\"@type\":\"WebPage\",\"@id\":\"https:\/\/fumot.uk\/product\/vozol-gear-power-20000-puffs-double-apple-ice\/\",\"url\":\"https:\/\/fumot.uk\/product\/vozol-gear-power-20000-puffs-double-apple-ice\/\",\"name\":\"Vozol Gear Power 20000 Puffs Double Apple Ice | 5%\",\"isPartOf\":{\"@id\":\"https:\/\/fumot.uk\/#website\"},\"primaryImageOfPage\":{\"@id\":\"https:\/\/fumot.uk\/product\/vozol-gear-power-20000-puffs-double-apple-ice\/#primaryimage\"},\"image\":{\"@id\":\"https:\/\/fumot.uk\/product\/vozol-gear-power-20000-puffs-double-apple-ice\/#primaryimage\"},\"thumbnailUrl\":\"https:\/\/fumot.uk\/wp-content\/uploads\/2026\/01\/Vozol-Gear-Power-20000-Puffs-Double-Apple-Ice-Disposable-Vape.png\",\"datePublished\":\"2026-01-20T10:13:21+00:00\",\"dateModified\":\"2026-01-21T01:50:57+00:00\",\"description\":\"Vozol Gear Power 20000 Puffs Double Apple Ice: red + green apple with a cool finish. 20ml e-liquid, dual mesh coils, display, 5% nicotine.\",\"breadcrumb\":{\"@id\":\"https:\/\/fumot.uk\/product\/vozol-gear-power-20000-puffs-double-apple-ice\/#breadcrumb\"},\"inLanguage\":\"fi\",\"potentialAction\":[{\"@type\":\"ReadAction\",\"target\":[\"https:\/\/fumot.uk\/product\/vozol-gear-power-20000-puffs-double-apple-ice\/\"]}]},{\"@type\":\"ImageObject\",\"inLanguage\":\"fi\",\"@id\":\"https:\/\/fumot.uk\/product\/vozol-gear-power-20000-puffs-double-apple-ice\/#primaryimage\",\"url\":\"https:\/\/fumot.uk\/wp-content\/uploads\/2026\/01\/Vozol-Gear-Power-20000-Puffs-Double-Apple-Ice-Disposable-Vape.png\",\"contentUrl\":\"https:\/\/fumot.uk\/wp-content\/uploads\/2026\/01\/Vozol-Gear-Power-20000-Puffs-Double-Apple-Ice-Disposable-Vape.png\",\"width\":1000,\"height\":1000},{\"@type\":\"BreadcrumbList\",\"@id\":\"https:\/\/fumot.uk\/product\/vozol-gear-power-20000-puffs-double-apple-ice\/#breadcrumb\",\"itemListElement\":[{\"@type\":\"ListItem\",\"position\":1,\"name\":\"Home\",\"item\":\"https:\/\/fumot.uk\/\"},{\"@type\":\"ListItem\",\"position\":2,\"name\":\"Shop\",\"item\":\"https:\/\/fumot.uk\/shop\/\"},{\"@type\":\"ListItem\",\"position\":3,\"name\":\"Vozol Gear Power 20000 Puffs Double Apple Ice \u2013 Dual Apple + Icy Finish (20ml, 5% Nicotine)\"}]},{\"@type\":\"WebSite\",\"@id\":\"https:\/\/fumot.uk\/#website\",\"url\":\"https:\/\/fumot.uk\/\",\"name\":\"Fumot Official Direct | Straight from the Factory, 100% Genuine\",\"description\":\"Official Website\",\"publisher\":{\"@id\":\"https:\/\/fumot.uk\/#organization\"},\"potentialAction\":[{\"@type\":\"SearchAction\",\"target\":{\"@type\":\"EntryPoint\",\"urlTemplate\":\"https:\/\/fumot.uk\/?s={search_term_string}\"},\"query-input\":{\"@type\":\"PropertyValueSpecification\",\"valueRequired\":true,\"valueName\":\"search_term_string\"}}],\"inLanguage\":\"fi\"},{\"@type\":\"Organization\",\"@id\":\"https:\/\/fumot.uk\/#organization\",\"name\":\"Fumot Official Direct | Straight from the Factory, 100% Genuine\",\"url\":\"https:\/\/fumot.uk\/\",\"logo\":{\"@type\":\"ImageObject\",\"inLanguage\":\"fi\",\"@id\":\"https:\/\/fumot.uk\/#\/schema\/logo\/image\/\",\"url\":\"https:\/\/fumot.uk\/wp-content\/uploads\/2026\/01\/cropped-fumot-logo1.png\",\"contentUrl\":\"https:\/\/fumot.uk\/wp-content\/uploads\/2026\/01\/cropped-fumot-logo1.png\",\"width\":152,\"height\":106,\"caption\":\"Fumot Official Direct | Straight from the Factory, 100% Genuine\"},\"image\":{\"@id\":\"https:\/\/fumot.uk\/#\/schema\/logo\/image\/\"}}]}<\/script>\n<!-- \/ Yoast SEO plugin. -->","yoast_head_json":{"title":"Vozol Gear Power 20000 Puffs Double Apple Ice | 5%","description":"Vozol Gear Power 20000 Puffs Double Apple Ice: punainen + vihre\u00e4 omena viile\u00e4ll\u00e4 viimeistelyll\u00e4. 20 ml e-nestett\u00e4, kaksoisverkkomuuntajat, n\u00e4ytt\u00f6, 5 % nikotiinia.","robots":{"index":"index","follow":"follow","max-snippet":"max-snippet:-1","max-image-preview":"max-image-preview:large","max-video-preview":"max-video-preview:-1"},"canonical":"https:\/\/fumot.uk\/fi\/product\/vozol-gear-power-20000-puffs-double-apple-ice\/","og_locale":"fi_FI","og_type":"article","og_title":"Double Apple Ice in Vozol Gear Power 20000 Puffs","og_description":"Sweet red apple meets crisp green apple, finished with a refreshing icy exhale. 20ml, dual mesh coils, full-screen display, 5% nicotine.","og_url":"https:\/\/fumot.uk\/fi\/product\/vozol-gear-power-20000-puffs-double-apple-ice\/","og_site_name":"Fumot Official Direct | Straight from the Factory, 100% Genuine","article_modified_time":"2026-01-21T01:50:57+00:00","og_image":[{"width":1000,"height":1000,"url":"https:\/\/fumot.uk\/wp-content\/uploads\/2026\/01\/Vozol-Gear-Power-20000-Puffs-Double-Apple-Ice-Disposable-Vape.png","type":"image\/png"}],"twitter_card":"summary_large_image","twitter_misc":{"Arvioitu lukuaika":"2 minuuttia"},"schema":{"@context":"https:\/\/schema.org","@graph":[{"@type":"WebPage","@id":"https:\/\/fumot.uk\/product\/vozol-gear-power-20000-puffs-double-apple-ice\/","url":"https:\/\/fumot.uk\/product\/vozol-gear-power-20000-puffs-double-apple-ice\/","name":"Vozol Gear Power 20000 Puffs Double Apple Ice | 5%","isPartOf":{"@id":"https:\/\/fumot.uk\/#website"},"primaryImageOfPage":{"@id":"https:\/\/fumot.uk\/product\/vozol-gear-power-20000-puffs-double-apple-ice\/#primaryimage"},"image":{"@id":"https:\/\/fumot.uk\/product\/vozol-gear-power-20000-puffs-double-apple-ice\/#primaryimage"},"thumbnailUrl":"https:\/\/fumot.uk\/wp-content\/uploads\/2026\/01\/Vozol-Gear-Power-20000-Puffs-Double-Apple-Ice-Disposable-Vape.png","datePublished":"2026-01-20T10:13:21+00:00","dateModified":"2026-01-21T01:50:57+00:00","description":"Vozol Gear Power 20000 Puffs Double Apple Ice: punainen + vihre\u00e4 omena viile\u00e4ll\u00e4 viimeistelyll\u00e4. 20 ml e-neste, kaksoisverkko kelat, n\u00e4ytt\u00f6, 5% nikotiini.","breadcrumb":{"@id":"https:\/\/fumot.uk\/product\/vozol-gear-power-20000-puffs-double-apple-ice\/#breadcrumb"},"inLanguage":"fi","potentialAction":[{"@type":"ReadAction","target":["https:\/\/fumot.uk\/product\/vozol-gear-power-20000-puffs-double-apple-ice\/"]}]},{"@type":"ImageObject","inLanguage":"fi","@id":"https:\/\/fumot.uk\/product\/vozol-gear-power-20000-puffs-double-apple-ice\/#primaryimage","url":"https:\/\/fumot.uk\/wp-content\/uploads\/2026\/01\/Vozol-Gear-Power-20000-Puffs-Double-Apple-Ice-Disposable-Vape.png","contentUrl":"https:\/\/fumot.uk\/wp-content\/uploads\/2026\/01\/Vozol-Gear-Power-20000-Puffs-Double-Apple-Ice-Disposable-Vape.png","width":1000,"height":1000},{"@type":"BreadcrumbList","@id":"https:\/\/fumot.uk\/product\/vozol-gear-power-20000-puffs-double-apple-ice\/#breadcrumb","itemListElement":[{"@type":"ListItem","position":1,"name":"Home","item":"https:\/\/fumot.uk\/"},{"@type":"ListItem","position":2,"name":"Shop","item":"https:\/\/fumot.uk\/shop\/"},{"@type":"ListItem","position":3,"name":"Vozol Gear Power 20000 Puffs Double Apple Ice \u2013 Dual Apple + Icy Finish (20ml, 5% Nicotine)"}]},{"@type":"WebSite","@id":"https:\/\/fumot.uk\/#website","url":"https:\/\/fumot.uk\/","name":"Fumot Official Direct | Suoraan tehtaalta, 100% Aito","description":"Official Website","publisher":{"@id":"https:\/\/fumot.uk\/#organization"},"potentialAction":[{"@type":"SearchAction","target":{"@type":"EntryPoint","urlTemplate":"https:\/\/fumot.uk\/?s={search_term_string}"},"query-input":{"@type":"PropertyValueSpecification","valueRequired":true,"valueName":"search_term_string"}}],"inLanguage":"fi"},{"@type":"Organization","@id":"https:\/\/fumot.uk\/#organization","name":"Fumot Official Direct | Suoraan tehtaalta, 100% Aito","url":"https:\/\/fumot.uk\/","logo":{"@type":"ImageObject","inLanguage":"fi","@id":"https:\/\/fumot.uk\/#\/schema\/logo\/image\/","url":"https:\/\/fumot.uk\/wp-content\/uploads\/2026\/01\/cropped-fumot-logo1.png","contentUrl":"https:\/\/fumot.uk\/wp-content\/uploads\/2026\/01\/cropped-fumot-logo1.png","width":152,"height":106,"caption":"Fumot Official Direct | Straight from the Factory, 100% Genuine"},"image":{"@id":"https:\/\/fumot.uk\/#\/schema\/logo\/image\/"}}]}},"_links":{"self":[{"href":"https:\/\/fumot.uk\/fi\/wp-json\/wp\/v2\/product\/3527","targetHints":{"allow":["GET"]}}],"collection":[{"href":"https:\/\/fumot.uk\/fi\/wp-json\/wp\/v2\/product"}],"about":[{"href":"https:\/\/fumot.uk\/fi\/wp-json\/wp\/v2\/types\/product"}],"replies":[{"embeddable":true,"href":"https:\/\/fumot.uk\/fi\/wp-json\/wp\/v2\/comments?post=3527"}],"wp:featuredmedia":[{"embeddable":true,"href":"https:\/\/fumot.uk\/fi\/wp-json\/wp\/v2\/media\/3556"}],"wp:attachment":[{"href":"https:\/\/fumot.uk\/fi\/wp-json\/wp\/v2\/media?parent=3527"}],"wp:term":[{"taxonomy":"product_brand","embeddable":true,"href":"https:\/\/fumot.uk\/fi\/wp-json\/wp\/v2\/product_brand?post=3527"},{"taxonomy":"product_cat","embeddable":true,"href":"https:\/\/fumot.uk\/fi\/wp-json\/wp\/v2\/product_cat?post=3527"},{"taxonomy":"product_tag","embeddable":true,"href":"https:\/\/fumot.uk\/fi\/wp-json\/wp\/v2\/product_tag?post=3527"}],"curies":[{"name":"wp","href":"https:\/\/api.w.org\/{rel}","templated":true}]}}