{"id":3409,"date":"2026-01-20T10:11:43","date_gmt":"2026-01-20T10:11:43","guid":{"rendered":"https:\/\/fumot.uk\/?post_type=product&#038;p=3409"},"modified":"2026-01-21T02:03:03","modified_gmt":"2026-01-21T02:03:03","slug":"vozol-star-40000-puffs-melon-ice","status":"publish","type":"product","link":"https:\/\/fumot.uk\/fi\/product\/vozol-star-40000-puffs-melon-ice\/","title":{"rendered":"Vozol Star 40000 Puffs Melon Ice Kertak\u00e4ytt\u00f6inen Vape (20ml, 5% Nic Salt) \u2013 1000mAh USB\u2011C, Kaksinkertainen Mesh, OLED-n\u00e4ytt\u00f6"},"content":{"rendered":"<p><strong>Vozol Star 40000 Puffs \u2013 Meloni J\u00e4\u00e4<\/strong> tuo kirkkaan, mehukkaan meloniprofiilin, joka p\u00e4\u00e4ttyy puhtaaseen j\u00e4iseen minttuvivahteeseen. Se on suunniteltu pitk\u00e4aikaiseen, johdonmukaiseen k\u00e4ytt\u00f6\u00f6n <strong>1000mAh ladattavalla akulla<\/strong>, <strong>USB\u2011C pikalataus<\/strong>, ja \u00e4lyk\u00e4s kaksitilainen asetus, jonka avulla voit vaihtaa pehme\u00e4mm\u00e4n, tehokkaan vedon ja voimakkaamman, tihe\u00e4mm\u00e4n iskun v\u00e4lill\u00e4.<\/p>\n<p>Sen avulla <strong>kaksoisverkko l\u00e4mmitys<\/strong> ja \u00e4lyk\u00e4s <strong>S.I.L.C. teknologia<\/strong>, jokainen veto pysyy tasaisena ja pehme\u00e4n\u00e4 ensimm\u00e4isest\u00e4 vedosta viimeiseen. Sis\u00e4\u00e4nrakennettu <strong>OLED-n\u00e4ytt\u00f6<\/strong> tekee p\u00e4ivitt\u00e4isest\u00e4 k\u00e4yt\u00f6st\u00e4 yksinkertaista\u2014n\u00e4ytt\u00e4\u00e4 vetom\u00e4\u00e4r\u00e4n, j\u00e4ljell\u00e4 olevan akun ja nykyisen tilan yhdell\u00e4 silm\u00e4yksell\u00e4.<\/p>\n<h3>Meloni J\u00e4\u00e4 Maku: Makea, Rapea, Viile\u00e4<\/h3>\n<p>Odota kyps\u00e4n, makean melonin makua etualalla (ajattele kes\u00e4isi\u00e4 vesimeloniviboja), jota seuraa virkist\u00e4v\u00e4 j\u00e4inen minttuvivahde. Viilent\u00e4v\u00e4 s\u00e4vy on puhdas ja tasapainoinen\u2014ihanteellinen, jos pid\u00e4t hedelm\u00e4mauista, joissa on selke\u00e4, viile\u00e4 reuna.<\/p>\n<h3>Key Features<\/h3>\n<ul>\n<li><strong>Up to 40000 puffs<\/strong> (k\u00e4ytt\u00f6 vaihtelee vedon pituuden ja tilan mukaan)<\/li>\n<li><strong>20 ml e-neste<\/strong> kanssa <strong>5% nikotiinisuola<\/strong> tyydytt\u00e4v\u00e4\u00e4n, pehme\u00e4\u00e4n iskuun<\/li>\n<li><strong>1000mAh ladattavalla akulla<\/strong> + <strong>Type\u2011C lataus<\/strong><\/li>\n<li><strong>Eco \/ Power tilat<\/strong> r\u00e4\u00e4t\u00e4l\u00f6id\u00e4ksesi h\u00f6yryn intensiteetti\u00e4 ja akun tehokkuutta<\/li>\n<li><strong>Kaksoisverkko-kelat<\/strong> johdonmukaiseen makuun ja tasaiseen ilmavirtaan<\/li>\n<li><strong>S\u00e4\u00e4dett\u00e4v\u00e4 ilmavirta<\/strong> sopiva <strong>Suoraan keuhkoihin (DTL)<\/strong> tyylisiin vetoihin<\/li>\n<li><strong>OLED-n\u00e4ytt\u00f6<\/strong> reaaliaikaiseen veto\/akku\/tila seurantaan<\/li>\n<li><strong>Vetoaktivointi<\/strong>\u2014ei nappeja, helppo k\u00e4ytt\u00e4\u00e4 liikkeell\u00e4<\/li>\n<\/ul>\n<h3>Miksi ostaa fumot.uk:sta?<\/h3>\n<p>Tutustu pitk\u00e4kestoisempiin vaihtoehtoihin meid\u00e4n <a href=\"https:\/\/fumot.uk\/fi\/\" target=\"_blank\" rel=\"noopener\">Vozol kertak\u00e4ytt\u00f6inen vape kokoelmassa osoitteessa fumot.uk<\/a> ja l\u00f6yd\u00e4 seuraava suosikkimakusi.<\/p>\n<p><small>Huomautus: T\u00e4m\u00e4 tuote sis\u00e4lt\u00e4\u00e4 nikotiinia. Nikotiini on riippuvuutta aiheuttava aine. Vain aikuisille k\u00e4ytt\u00e4jille.<\/small><\/p>","protected":false},"excerpt":{"rendered":"<p>Vozol Star 40000 Puffs Melon Ice: makea meloni + j\u00e4inen minttup\u00e4\u00e4t\u00f6s, 20ml 5% nikotiinisuola, 1000mAh USB\u2011C ladattava, kaksoisverkko, s\u00e4\u00e4dett\u00e4v\u00e4 ilmavirtaus, OLED-n\u00e4ytt\u00f6, Eco\/Power-tilat.<\/p>","protected":false},"featured_media":3455,"comment_status":"open","ping_status":"closed","template":"","meta":[],"product_brand":[],"product_cat":[82,17,178],"product_tag":[174,60,21,72,23,73,29,78,26,27,28],"class_list":{"0":"post-3409","1":"product","2":"type-product","3":"status-publish","4":"has-post-thumbnail","6":"product_cat-40000-puff","7":"product_cat-vape","8":"product_cat-vozol-star-40000-puffs","9":"product_tag-1000-mah","10":"product_tag-20ml","11":"product_tag-adjustable-airflow","12":"product_tag-direct-to-lung","13":"product_tag-display","14":"product_tag-dual-mesh","15":"product_tag-ice","16":"product_tag-melon","17":"product_tag-rechargeable","18":"product_tag-rgb-light","19":"product_tag-type-c","21":"first","22":"instock","23":"sale","24":"shipping-taxable","25":"purchasable","26":"product-type-variable","27":"has-default-attributes"},"yoast_head":"<!-- This site is optimized with the Yoast SEO plugin v26.8 - https:\/\/yoast.com\/product\/yoast-seo-wordpress\/ -->\n<title>Vozol Star 40000 Puffs Melon Ice | 20ml 5% Nic Salt<\/title>\n<meta name=\"description\" content=\"Vozol Star 40000 Puffs Melon Ice kertak\u00e4ytt\u00f6inen vape: 20ml 5% nikotiinisuola, 1000mAh USB\u2011C ladattava, kaksoisverkko, s\u00e4\u00e4dett\u00e4v\u00e4 ilmavirta, OLED-n\u00e4ytt\u00f6, Eco\/Power-tilat.\" \/>\n<meta name=\"robots\" content=\"index, follow, max-snippet:-1, max-image-preview:large, max-video-preview:-1\" \/>\n<link rel=\"canonical\" href=\"https:\/\/fumot.uk\/fi\/product\/vozol-star-40000-puffs-melon-ice\/\" \/>\n<meta property=\"og:locale\" content=\"fi_FI\" \/>\n<meta property=\"og:type\" content=\"article\" \/>\n<meta property=\"og:title\" content=\"Vozol Star 40000 Puffs \u2013 Melon Ice (20ml, 5% Nic Salt)\" \/>\n<meta property=\"og:description\" content=\"Juicy melon sweetness with an icy mint chill. Rechargeable 1000mAh USB\u2011C, dual mesh coils, adjustable airflow and OLED display for easy tracking.\" \/>\n<meta property=\"og:url\" content=\"https:\/\/fumot.uk\/fi\/product\/vozol-star-40000-puffs-melon-ice\/\" \/>\n<meta property=\"og:site_name\" content=\"Fumot Official Direct | Straight from the Factory, 100% Genuine\" \/>\n<meta property=\"article:modified_time\" content=\"2026-01-21T02:03:03+00:00\" \/>\n<meta property=\"og:image\" content=\"https:\/\/fumot.uk\/wp-content\/uploads\/2026\/01\/Vozol-Star-40000-Puffs_Melon-Ice_Disposable-Vape.png\" \/>\n\t<meta property=\"og:image:width\" content=\"1000\" \/>\n\t<meta property=\"og:image:height\" content=\"1000\" \/>\n\t<meta property=\"og:image:type\" content=\"image\/png\" \/>\n<meta name=\"twitter:card\" content=\"summary_large_image\" \/>\n<meta name=\"twitter:label1\" content=\"Arvioitu lukuaika\" \/>\n\t<meta name=\"twitter:data1\" content=\"2 minuuttia\" \/>\n<script type=\"application\/ld+json\" class=\"yoast-schema-graph\">{\"@context\":\"https:\/\/schema.org\",\"@graph\":[{\"@type\":\"WebPage\",\"@id\":\"https:\/\/fumot.uk\/product\/vozol-star-40000-puffs-melon-ice\/\",\"url\":\"https:\/\/fumot.uk\/product\/vozol-star-40000-puffs-melon-ice\/\",\"name\":\"Vozol Star 40000 Puffs Melon Ice | 20ml 5% Nic Salt\",\"isPartOf\":{\"@id\":\"https:\/\/fumot.uk\/#website\"},\"primaryImageOfPage\":{\"@id\":\"https:\/\/fumot.uk\/product\/vozol-star-40000-puffs-melon-ice\/#primaryimage\"},\"image\":{\"@id\":\"https:\/\/fumot.uk\/product\/vozol-star-40000-puffs-melon-ice\/#primaryimage\"},\"thumbnailUrl\":\"https:\/\/fumot.uk\/wp-content\/uploads\/2026\/01\/Vozol-Star-40000-Puffs_Melon-Ice_Disposable-Vape.png\",\"datePublished\":\"2026-01-20T10:11:43+00:00\",\"dateModified\":\"2026-01-21T02:03:03+00:00\",\"description\":\"Vozol Star 40000 Puffs Melon Ice disposable vape: 20ml 5% nic salt, 1000mAh USB\u2011C rechargeable, dual mesh, adjustable airflow, OLED display, Eco\/Power modes.\",\"breadcrumb\":{\"@id\":\"https:\/\/fumot.uk\/product\/vozol-star-40000-puffs-melon-ice\/#breadcrumb\"},\"inLanguage\":\"fi\",\"potentialAction\":[{\"@type\":\"ReadAction\",\"target\":[\"https:\/\/fumot.uk\/product\/vozol-star-40000-puffs-melon-ice\/\"]}]},{\"@type\":\"ImageObject\",\"inLanguage\":\"fi\",\"@id\":\"https:\/\/fumot.uk\/product\/vozol-star-40000-puffs-melon-ice\/#primaryimage\",\"url\":\"https:\/\/fumot.uk\/wp-content\/uploads\/2026\/01\/Vozol-Star-40000-Puffs_Melon-Ice_Disposable-Vape.png\",\"contentUrl\":\"https:\/\/fumot.uk\/wp-content\/uploads\/2026\/01\/Vozol-Star-40000-Puffs_Melon-Ice_Disposable-Vape.png\",\"width\":1000,\"height\":1000},{\"@type\":\"BreadcrumbList\",\"@id\":\"https:\/\/fumot.uk\/product\/vozol-star-40000-puffs-melon-ice\/#breadcrumb\",\"itemListElement\":[{\"@type\":\"ListItem\",\"position\":1,\"name\":\"Home\",\"item\":\"https:\/\/fumot.uk\/\"},{\"@type\":\"ListItem\",\"position\":2,\"name\":\"Shop\",\"item\":\"https:\/\/fumot.uk\/shop\/\"},{\"@type\":\"ListItem\",\"position\":3,\"name\":\"Vozol Star 40000 Puffs Melon Ice Disposable Vape (20ml, 5% Nic Salt) \u2013 1000mAh USB\u2011C, Dual Mesh, OLED Display\"}]},{\"@type\":\"WebSite\",\"@id\":\"https:\/\/fumot.uk\/#website\",\"url\":\"https:\/\/fumot.uk\/\",\"name\":\"Fumot Official Direct | Straight from the Factory, 100% Genuine\",\"description\":\"Official Website\",\"publisher\":{\"@id\":\"https:\/\/fumot.uk\/#organization\"},\"potentialAction\":[{\"@type\":\"SearchAction\",\"target\":{\"@type\":\"EntryPoint\",\"urlTemplate\":\"https:\/\/fumot.uk\/?s={search_term_string}\"},\"query-input\":{\"@type\":\"PropertyValueSpecification\",\"valueRequired\":true,\"valueName\":\"search_term_string\"}}],\"inLanguage\":\"fi\"},{\"@type\":\"Organization\",\"@id\":\"https:\/\/fumot.uk\/#organization\",\"name\":\"Fumot Official Direct | Straight from the Factory, 100% Genuine\",\"url\":\"https:\/\/fumot.uk\/\",\"logo\":{\"@type\":\"ImageObject\",\"inLanguage\":\"fi\",\"@id\":\"https:\/\/fumot.uk\/#\/schema\/logo\/image\/\",\"url\":\"https:\/\/fumot.uk\/wp-content\/uploads\/2026\/01\/cropped-fumot-logo1.png\",\"contentUrl\":\"https:\/\/fumot.uk\/wp-content\/uploads\/2026\/01\/cropped-fumot-logo1.png\",\"width\":152,\"height\":106,\"caption\":\"Fumot Official Direct | Straight from the Factory, 100% Genuine\"},\"image\":{\"@id\":\"https:\/\/fumot.uk\/#\/schema\/logo\/image\/\"}}]}<\/script>\n<!-- \/ Yoast SEO plugin. -->","yoast_head_json":{"title":"Vozol Star 40000 Puffs Meloni J\u00e4\u00e4 | 20ml 5% Nikotiinisuola","description":"Vozol Star 40000 Puffs Meloni J\u00e4\u00e4 kertak\u00e4ytt\u00f6inen vape: 20ml 5% nikotiinisuola, 1000mAh USB\u2011C ladattava, kaksoisverkko, s\u00e4\u00e4dett\u00e4v\u00e4 ilmavirta, OLED-n\u00e4ytt\u00f6, Eco\/Power-tilat.","robots":{"index":"index","follow":"follow","max-snippet":"max-snippet:-1","max-image-preview":"max-image-preview:large","max-video-preview":"max-video-preview:-1"},"canonical":"https:\/\/fumot.uk\/fi\/product\/vozol-star-40000-puffs-melon-ice\/","og_locale":"fi_FI","og_type":"article","og_title":"Vozol Star 40000 Puffs \u2013 Melon Ice (20ml, 5% Nic Salt)","og_description":"Juicy melon sweetness with an icy mint chill. Rechargeable 1000mAh USB\u2011C, dual mesh coils, adjustable airflow and OLED display for easy tracking.","og_url":"https:\/\/fumot.uk\/fi\/product\/vozol-star-40000-puffs-melon-ice\/","og_site_name":"Fumot Official Direct | Straight from the Factory, 100% Genuine","article_modified_time":"2026-01-21T02:03:03+00:00","og_image":[{"width":1000,"height":1000,"url":"https:\/\/fumot.uk\/wp-content\/uploads\/2026\/01\/Vozol-Star-40000-Puffs_Melon-Ice_Disposable-Vape.png","type":"image\/png"}],"twitter_card":"summary_large_image","twitter_misc":{"Arvioitu lukuaika":"2 minuuttia"},"schema":{"@context":"https:\/\/schema.org","@graph":[{"@type":"WebPage","@id":"https:\/\/fumot.uk\/product\/vozol-star-40000-puffs-melon-ice\/","url":"https:\/\/fumot.uk\/product\/vozol-star-40000-puffs-melon-ice\/","name":"Vozol Star 40000 Puffs Meloni J\u00e4\u00e4 | 20ml 5% Nikotiinisuola","isPartOf":{"@id":"https:\/\/fumot.uk\/#website"},"primaryImageOfPage":{"@id":"https:\/\/fumot.uk\/product\/vozol-star-40000-puffs-melon-ice\/#primaryimage"},"image":{"@id":"https:\/\/fumot.uk\/product\/vozol-star-40000-puffs-melon-ice\/#primaryimage"},"thumbnailUrl":"https:\/\/fumot.uk\/wp-content\/uploads\/2026\/01\/Vozol-Star-40000-Puffs_Melon-Ice_Disposable-Vape.png","datePublished":"2026-01-20T10:11:43+00:00","dateModified":"2026-01-21T02:03:03+00:00","description":"Vozol Star 40000 Puffs Melon Ice kertak\u00e4ytt\u00f6inen vape: 20ml 5% nikotiinisuola, 1000mAh USB\u2011C ladattava, kaksoisverkko, s\u00e4\u00e4dett\u00e4v\u00e4 ilmavirtaus, OLED-n\u00e4ytt\u00f6, Eco\/Power-tilat.","breadcrumb":{"@id":"https:\/\/fumot.uk\/product\/vozol-star-40000-puffs-melon-ice\/#breadcrumb"},"inLanguage":"fi","potentialAction":[{"@type":"ReadAction","target":["https:\/\/fumot.uk\/product\/vozol-star-40000-puffs-melon-ice\/"]}]},{"@type":"ImageObject","inLanguage":"fi","@id":"https:\/\/fumot.uk\/product\/vozol-star-40000-puffs-melon-ice\/#primaryimage","url":"https:\/\/fumot.uk\/wp-content\/uploads\/2026\/01\/Vozol-Star-40000-Puffs_Melon-Ice_Disposable-Vape.png","contentUrl":"https:\/\/fumot.uk\/wp-content\/uploads\/2026\/01\/Vozol-Star-40000-Puffs_Melon-Ice_Disposable-Vape.png","width":1000,"height":1000},{"@type":"BreadcrumbList","@id":"https:\/\/fumot.uk\/product\/vozol-star-40000-puffs-melon-ice\/#breadcrumb","itemListElement":[{"@type":"ListItem","position":1,"name":"Home","item":"https:\/\/fumot.uk\/"},{"@type":"ListItem","position":2,"name":"Shop","item":"https:\/\/fumot.uk\/shop\/"},{"@type":"ListItem","position":3,"name":"Vozol Star 40000 Puffs Melon Ice Disposable Vape (20ml, 5% Nic Salt) \u2013 1000mAh USB\u2011C, Dual Mesh, OLED Display"}]},{"@type":"WebSite","@id":"https:\/\/fumot.uk\/#website","url":"https:\/\/fumot.uk\/","name":"Fumot Official Direct | Suoraan tehtaalta, 100% Aito","description":"Official Website","publisher":{"@id":"https:\/\/fumot.uk\/#organization"},"potentialAction":[{"@type":"SearchAction","target":{"@type":"EntryPoint","urlTemplate":"https:\/\/fumot.uk\/?s={search_term_string}"},"query-input":{"@type":"PropertyValueSpecification","valueRequired":true,"valueName":"search_term_string"}}],"inLanguage":"fi"},{"@type":"Organization","@id":"https:\/\/fumot.uk\/#organization","name":"Fumot Official Direct | Suoraan tehtaalta, 100% Aito","url":"https:\/\/fumot.uk\/","logo":{"@type":"ImageObject","inLanguage":"fi","@id":"https:\/\/fumot.uk\/#\/schema\/logo\/image\/","url":"https:\/\/fumot.uk\/wp-content\/uploads\/2026\/01\/cropped-fumot-logo1.png","contentUrl":"https:\/\/fumot.uk\/wp-content\/uploads\/2026\/01\/cropped-fumot-logo1.png","width":152,"height":106,"caption":"Fumot Official Direct | Straight from the Factory, 100% Genuine"},"image":{"@id":"https:\/\/fumot.uk\/#\/schema\/logo\/image\/"}}]}},"_links":{"self":[{"href":"https:\/\/fumot.uk\/fi\/wp-json\/wp\/v2\/product\/3409","targetHints":{"allow":["GET"]}}],"collection":[{"href":"https:\/\/fumot.uk\/fi\/wp-json\/wp\/v2\/product"}],"about":[{"href":"https:\/\/fumot.uk\/fi\/wp-json\/wp\/v2\/types\/product"}],"replies":[{"embeddable":true,"href":"https:\/\/fumot.uk\/fi\/wp-json\/wp\/v2\/comments?post=3409"}],"wp:featuredmedia":[{"embeddable":true,"href":"https:\/\/fumot.uk\/fi\/wp-json\/wp\/v2\/media\/3455"}],"wp:attachment":[{"href":"https:\/\/fumot.uk\/fi\/wp-json\/wp\/v2\/media?parent=3409"}],"wp:term":[{"taxonomy":"product_brand","embeddable":true,"href":"https:\/\/fumot.uk\/fi\/wp-json\/wp\/v2\/product_brand?post=3409"},{"taxonomy":"product_cat","embeddable":true,"href":"https:\/\/fumot.uk\/fi\/wp-json\/wp\/v2\/product_cat?post=3409"},{"taxonomy":"product_tag","embeddable":true,"href":"https:\/\/fumot.uk\/fi\/wp-json\/wp\/v2\/product_tag?post=3409"}],"curies":[{"name":"wp","href":"https:\/\/api.w.org\/{rel}","templated":true}]}}