{"id":3403,"date":"2026-01-20T10:11:42","date_gmt":"2026-01-20T10:11:42","guid":{"rendered":"https:\/\/fumot.uk\/?post_type=product&#038;p=3403"},"modified":"2026-01-20T10:13:17","modified_gmt":"2026-01-20T10:13:17","slug":"vozol-star-40000-puffs-vzbull","status":"publish","type":"product","link":"https:\/\/fumot.uk\/fi\/product\/vozol-star-40000-puffs-vzbull\/","title":{"rendered":"Vozol Star 40000 Puffs - Vzbull"},"content":{"rendered":"<p data-start=\"0\" data-end=\"574\"><strong data-start=\"0\" data-end=\"33\">Vozol Star 40000 Puffs Vzbull<\/strong> k\u00e4ytt\u00e4\u00e4 kaksoisverkko-k\u00e4\u00e4mi\u00e4 ja S.I.L.C.-teknologiaa tarjotakseen tasaisen ja vakaan h\u00f6yrykokemuksen jokaisella vedolla. OLED-n\u00e4ytt\u00f6 n\u00e4ytt\u00e4\u00e4 sinulle aina nykyisen k\u00e4ytt\u00f6tilan, mukaan lukien vetom\u00e4\u00e4r\u00e4n, j\u00e4ljell\u00e4 olevan akun keston ja toimintatilan. N\u00e4in voit keskitty\u00e4 t\u00e4ysin h\u00f6yrykokemukseesi, olipa kyseess\u00e4 energians\u00e4\u00e4st\u00f6inen Eco-tila tai tehokas Power-tila. <strong data-start=\"459\" data-end=\"485\">Vozol Star 40000 Puffs<\/strong> takaa vertaansa vailla olevan h\u00f6yrytyksen, joka on r\u00e4\u00e4t\u00e4l\u00f6ity juuri sinun tarpeisiisi.<\/p>\n<p data-start=\"576\" data-end=\"983\"><strong data-start=\"576\" data-end=\"586\">Vzbull<\/strong> vakuuttaa ainutlaatuisella aromisekoituksella, joka tarjoaa virkist\u00e4v\u00e4n ja kiehtovan makuel\u00e4myksen. Makukompositio yhdist\u00e4\u00e4 erilaisia hedelm\u00e4- ja yrttis\u00e4vyj\u00e4, jotka yhdist\u00e4v\u00e4t sek\u00e4 raikkaita hedelm\u00e4vivahteita ett\u00e4 hienovaraisia yrttiaromeja. T\u00e4m\u00e4 tasapainoinen sekoitus luo houkuttelevan ja monimutkaisen maun, joka kutittelee miellytt\u00e4v\u00e4sti makuhermoja.<\/p>\n<h4 data-start=\"0\" data-end=\"41\">Vozol Star 40000 Puffs:n t\u00e4rkeimm\u00e4t edut:<\/h4>\n<ul data-start=\"43\" data-end=\"794\" data-is-last-node=\"\" data-is-only-node=\"\">\n<li data-start=\"43\" data-end=\"171\">\n<p data-start=\"45\" data-end=\"171\"><a href=\"https:\/\/ultravape.de\/product-tag\/20ml\/\"><strong data-start=\"45\" data-end=\"82\">Maultaan intensiivinen E-neste<\/strong><\/a> \u2013 Valmistettu korkealaatuisella nikotiinisuolalla poikkeuksellista makukokemusta varten.<\/p>\n<\/li>\n<li data-start=\"172\" data-end=\"310\">\n<p data-start=\"174\" data-end=\"310\"><strong data-start=\"174\" data-end=\"214\">Vahva ja tasainen ilmavirtaus<\/strong> \u2013 Kaksoisverkko-l\u00e4mmitysk\u00e4\u00e4mit takaavat jatkuvan ja sujuvan h\u00f6yrynautinnon jokaisella vedolla.<\/p>\n<\/li>\n<li data-start=\"311\" data-end=\"428\">\n<p data-start=\"313\" data-end=\"428\"><strong data-start=\"313\" data-end=\"353\">Ladattava ja uudelleenk\u00e4ytett\u00e4v\u00e4<\/strong> \u2013 Helppo USB-C-lataus pident\u00e4\u00e4 k\u00e4ytt\u00f6ik\u00e4\u00e4 ja v\u00e4hent\u00e4\u00e4 j\u00e4tett\u00e4.<\/p>\n<\/li>\n<li data-start=\"429\" data-end=\"523\">\n<p data-start=\"431\" data-end=\"523\"><strong data-start=\"431\" data-end=\"455\">Suuri puff-kapasiteetti<\/strong> \u2013 Jopa 40000 hengityst\u00e4 per laite, ihanteellinen pitk\u00e4aikaiseen k\u00e4ytt\u00f6\u00f6n.<\/p>\n<\/li>\n<li data-start=\"524\" data-end=\"657\">\n<p data-start=\"526\" data-end=\"657\"><strong data-start=\"526\" data-end=\"557\">K\u00e4ytt\u00e4j\u00e4yst\u00e4v\u00e4llinen muotoilu<\/strong> \u2013 Hengitysaktivointi, kannettava ja heti k\u00e4ytt\u00f6valmis helppoon h\u00f6yrykokemukseen.<\/p>\n<\/li>\n<li data-start=\"658\" data-end=\"794\" data-is-last-node=\"\">\n<p data-start=\"660\" data-end=\"794\" data-is-last-node=\"\"><strong data-start=\"660\" data-end=\"697\">\u00c4lyk\u00e4s kaksoistilak\u00e4ytt\u00f6<\/strong> \u2013 Helppo vaihto Eco- ja Power-tilan v\u00e4lill\u00e4 yksil\u00f6llisesti mukautettuun h\u00f6yrykokemukseen.<\/p>\n<\/li>\n<\/ul>\n<div class=\"text-base my-auto mx-auto pb-10 [--thread-content-margin:--spacing(4)] @[37rem]:[--thread-content-margin:--spacing(6)] @[72rem]:[--thread-content-margin:--spacing(16)] px-(--thread-content-margin)\">\n<div class=\"[--thread-content-max-width:32rem] @[34rem]:[--thread-content-max-width:40rem] @[64rem]:[--thread-content-max-width:48rem] mx-auto max-w-(--thread-content-max-width) flex-1 group\/turn-messages focus-visible:outline-hidden relative flex w-full min-w-0 flex-col agent-turn\" tabindex=\"-1\">\n<div class=\"flex max-w-full flex-col grow\">\n<div class=\"min-h-8 text-message relative flex w-full flex-col items-end gap-2 text-start break-words whitespace-normal [.text-message+&amp;]:mt-5\" dir=\"auto\" data-message-author-role=\"assistant\" data-message-id=\"6bb70cb5-dfba-4da9-b71e-01208bdad8fd\" data-message-model-slug=\"gpt-4-1-mini\">\n<div class=\"flex w-full flex-col gap-1 empty:hidden first:pt-[3px]\">\n<div class=\"markdown prose dark:prose-invert w-full break-words light\">\n<article class=\"text-token-text-primary w-full\" dir=\"auto\" data-testid=\"conversation-turn-66\" data-scroll-anchor=\"true\">\n<div class=\"text-base my-auto mx-auto pb-10 [--thread-content-margin:--spacing(4)] @[37rem]:[--thread-content-margin:--spacing(6)] @[72rem]:[--thread-content-margin:--spacing(16)] px-(--thread-content-margin)\">\n<div class=\"[--thread-content-max-width:32rem] @[34rem]:[--thread-content-max-width:40rem] @[64rem]:[--thread-content-max-width:48rem] mx-auto max-w-(--thread-content-max-width) flex-1 group\/turn-messages focus-visible:outline-hidden relative flex w-full min-w-0 flex-col agent-turn\" tabindex=\"-1\">\n<div class=\"flex max-w-full flex-col grow\">\n<div class=\"min-h-8 text-message relative flex w-full flex-col items-end gap-2 text-start break-words whitespace-normal [.text-message+&amp;]:mt-5\" dir=\"auto\" data-message-author-role=\"assistant\" data-message-id=\"0caf52b1-6ff0-4a1d-8a31-63e06b307477\" data-message-model-slug=\"gpt-4-1-mini\">\n<div class=\"flex w-full flex-col gap-1 empty:hidden first:pt-[3px]\">\n<div class=\"markdown prose dark:prose-invert w-full break-words light\">\n<article class=\"text-token-text-primary w-full\" dir=\"auto\" data-testid=\"conversation-turn-80\" data-scroll-anchor=\"true\">\n<div class=\"text-base my-auto mx-auto pb-10 [--thread-content-margin:--spacing(4)] @[37rem]:[--thread-content-margin:--spacing(6)] @[72rem]:[--thread-content-margin:--spacing(16)] px-(--thread-content-margin)\">\n<div class=\"[--thread-content-max-width:32rem] @[34rem]:[--thread-content-max-width:40rem] @[64rem]:[--thread-content-max-width:48rem] mx-auto max-w-(--thread-content-max-width) flex-1 group\/turn-messages focus-visible:outline-hidden relative flex w-full min-w-0 flex-col agent-turn\" tabindex=\"-1\">\n<div class=\"flex max-w-full flex-col grow\">\n<div class=\"min-h-8 text-message relative flex w-full flex-col items-end gap-2 text-start break-words whitespace-normal [.text-message+&amp;]:mt-5\" dir=\"auto\" data-message-author-role=\"assistant\" data-message-id=\"f6751148-f651-475e-8695-8023a210b936\" data-message-model-slug=\"gpt-4-1-mini\">\n<div class=\"flex w-full flex-col gap-1 empty:hidden first:pt-[3px]\">\n<div class=\"markdown prose dark:prose-invert w-full break-words light\">\n<article class=\"text-token-text-primary w-full\" dir=\"auto\" data-testid=\"conversation-turn-92\" data-scroll-anchor=\"true\">\n<div class=\"text-base my-auto mx-auto pb-10 [--thread-content-margin:--spacing(4)] @[37rem]:[--thread-content-margin:--spacing(6)] @[72rem]:[--thread-content-margin:--spacing(16)] px-(--thread-content-margin)\">\n<div class=\"[--thread-content-max-width:32rem] @[34rem]:[--thread-content-max-width:40rem] @[64rem]:[--thread-content-max-width:48rem] mx-auto max-w-(--thread-content-max-width) flex-1 group\/turn-messages focus-visible:outline-hidden relative flex w-full min-w-0 flex-col agent-turn\" tabindex=\"-1\">\n<div class=\"flex max-w-full flex-col grow\">\n<div class=\"min-h-8 text-message relative flex w-full flex-col items-end gap-2 text-start break-words whitespace-normal [.text-message+&amp;]:mt-5\" dir=\"auto\" data-message-author-role=\"assistant\" data-message-id=\"6cfe3166-2a47-4ada-adae-49b0699ae206\" data-message-model-slug=\"gpt-4o\">\n<div class=\"flex w-full flex-col gap-1 empty:hidden first:pt-[3px]\">\n<div class=\"markdown prose dark:prose-invert w-full break-words light\">\n<article class=\"text-token-text-primary w-full\" dir=\"auto\" data-testid=\"conversation-turn-2\" data-scroll-anchor=\"true\">\n<div class=\"text-base my-auto mx-auto pb-10 [--thread-content-margin:--spacing(4)] @[37rem]:[--thread-content-margin:--spacing(6)] @[72rem]:[--thread-content-margin:--spacing(16)] px-(--thread-content-margin)\">\n<div class=\"[--thread-content-max-width:32rem] @[34rem]:[--thread-content-max-width:40rem] @[64rem]:[--thread-content-max-width:48rem] mx-auto max-w-(--thread-content-max-width) flex-1 group\/turn-messages focus-visible:outline-hidden relative flex w-full min-w-0 flex-col agent-turn\" tabindex=\"-1\">\n<div class=\"flex max-w-full flex-col grow\">\n<div class=\"min-h-8 text-message relative flex w-full flex-col items-end gap-2 text-start break-words whitespace-normal [.text-message+&amp;]:mt-5\" dir=\"auto\" data-message-author-role=\"assistant\" data-message-id=\"57859496-0f9b-42a6-9b60-66e4da783fdc\" data-message-model-slug=\"gpt-4o\">\n<div class=\"flex w-full flex-col gap-1 empty:hidden first:pt-[3px]\">\n<div class=\"markdown prose dark:prose-invert w-full break-words light\">\n<article class=\"text-token-text-primary w-full\" dir=\"auto\" data-testid=\"conversation-turn-8\" data-scroll-anchor=\"false\">\n<div class=\"text-base my-auto mx-auto [--thread-content-margin:--spacing(4)] @[37rem]:[--thread-content-margin:--spacing(6)] @[72rem]:[--thread-content-margin:--spacing(16)] px-(--thread-content-margin)\">\n<div class=\"[--thread-content-max-width:32rem] @[34rem]:[--thread-content-max-width:40rem] @[64rem]:[--thread-content-max-width:48rem] mx-auto max-w-(--thread-content-max-width) flex-1 group\/turn-messages focus-visible:outline-hidden relative flex w-full min-w-0 flex-col agent-turn\" tabindex=\"-1\">\n<div class=\"flex max-w-full flex-col grow\">\n<div class=\"min-h-8 text-message relative flex w-full flex-col items-end gap-2 text-start break-words whitespace-normal [.text-message+&amp;]:mt-5\" dir=\"auto\" data-message-author-role=\"assistant\" data-message-id=\"b1fb265a-a697-4e96-a2eb-206b313f444a\" data-message-model-slug=\"gpt-4-1-mini\">\n<div class=\"flex w-full flex-col gap-1 empty:hidden first:pt-[3px]\">\n<div class=\"markdown prose dark:prose-invert w-full break-words light\">\n<article class=\"text-token-text-primary w-full\" dir=\"auto\" data-testid=\"conversation-turn-16\" data-scroll-anchor=\"true\">\n<div class=\"text-base my-auto mx-auto pb-10 [--thread-content-margin:--spacing(4)] @[37rem]:[--thread-content-margin:--spacing(6)] @[72rem]:[--thread-content-margin:--spacing(16)] px-(--thread-content-margin)\">\n<div class=\"[--thread-content-max-width:32rem] @[34rem]:[--thread-content-max-width:40rem] @[64rem]:[--thread-content-max-width:48rem] mx-auto max-w-(--thread-content-max-width) flex-1 group\/turn-messages focus-visible:outline-hidden relative flex w-full min-w-0 flex-col agent-turn\" tabindex=\"-1\">\n<div class=\"flex max-w-full flex-col grow\">\n<div class=\"min-h-8 text-message relative flex w-full flex-col items-end gap-2 text-start break-words whitespace-normal [.text-message+&amp;]:mt-5\" dir=\"auto\" data-message-author-role=\"assistant\" data-message-id=\"ed33e656-3310-45be-ae6d-29966324690a\" data-message-model-slug=\"gpt-4-1-mini\">\n<div class=\"flex w-full flex-col gap-1 empty:hidden first:pt-[3px]\">\n<div class=\"markdown prose dark:prose-invert w-full break-words light\">\n<div class=\"flex max-w-full flex-col grow\">\n<div class=\"min-h-8 text-message relative flex w-full flex-col items-end gap-2 text-start break-words whitespace-normal [.text-message+&amp;]:mt-5\" dir=\"auto\" data-message-author-role=\"assistant\" data-message-id=\"4d1c24fe-7b2c-457d-80df-24e365fe8f95\" data-message-model-slug=\"gpt-4-1-mini\">\n<div class=\"flex w-full flex-col gap-1 empty:hidden first:pt-[3px]\">\n<div class=\"markdown prose dark:prose-invert w-full break-words light\">\n<p data-start=\"999\" data-end=\"1464\" data-is-last-node=\"\" data-is-only-node=\"\"><strong data-start=\"985\" data-end=\"1018\">Vozol Star 40000 Puffs Vzbull<\/strong> tarjoaa monikerroksisella aromivalikoimallaan erinomaista h\u00f6yrykokemusta. Jokaisella vedolla nautit hedelmien raikkaasta makeudesta, jota seuraa yrttien rauhoittava raikkaus, mik\u00e4 luo t\u00e4ydellisen tasapainon. T\u00e4m\u00e4 maku sopii erityisesti k\u00e4ytt\u00e4jille, jotka suosivat monimutkaisia ja raikkaita aromeja. Olipa kyseess\u00e4 p\u00e4ivitt\u00e4inen k\u00e4ytt\u00f6 tai erityinen makuel\u00e4mys yst\u00e4vien kanssa, t\u00e4m\u00e4 maku tarjoaa sinulle pitk\u00e4kestoista virkistyst\u00e4.<\/p>\n<\/div>\n<\/div>\n<\/div>\n<\/div>\n<\/div>\n<\/div>\n<\/div>\n<\/div>\n<\/div>\n<\/div>\n<\/article>\n<\/div>\n<\/div>\n<\/div>\n<\/div>\n<\/div>\n<\/div>\n<\/article>\n<\/div>\n<\/div>\n<\/div>\n<\/div>\n<\/div>\n<\/div>\n<\/article>\n<\/div>\n<\/div>\n<\/div>\n<\/div>\n<\/div>\n<\/div>\n<\/article>\n<\/div>\n<\/div>\n<\/div>\n<\/div>\n<\/div>\n<\/div>\n<\/article>\n<\/div>\n<\/div>\n<\/div>\n<\/div>\n<\/div>\n<\/div>\n<\/article>\n<\/div>\n<\/div>\n<\/div>\n<\/div>\n<\/div>\n<\/div>","protected":false},"excerpt":{"rendered":"<p>Vozol Star 40000 Puffs Vzbull k\u00e4ytt\u00e4\u00e4 kaksoisverkko-k\u00e4\u00e4mi\u00e4 ja S.I.L.C.-teknologiaa tarjotakseen tasaisen ja vakaan h\u00f6yrykokemuksen jokaisella vedolla. OLED-n\u00e4ytt\u00f6 n\u00e4ytt\u00e4\u00e4 sinulle aina nykyisen k\u00e4ytt\u00f6tilan, mukaan lukien vedot, j\u00e4ljell\u00e4 olevan akun keston ja toimintatilan. N\u00e4in voit keskitty\u00e4 t\u00e4ysin h\u00f6yrykokemukseesi, olipa kyseess\u00e4 energians\u00e4\u00e4st\u00f6inen Eco-tila tai [\u2026]<\/p>","protected":false},"featured_media":3449,"comment_status":"open","ping_status":"closed","template":"","meta":[],"product_brand":[],"product_cat":[82,17,178],"product_tag":[174,60,21,72,23,73,26,27,28,181],"class_list":{"0":"post-3403","1":"product","2":"type-product","3":"status-publish","4":"has-post-thumbnail","6":"product_cat-40000-puff","7":"product_cat-vape","8":"product_cat-vozol-star-40000-puffs","9":"product_tag-1000-mah","10":"product_tag-20ml","11":"product_tag-adjustable-airflow","12":"product_tag-direct-to-lung","13":"product_tag-display","14":"product_tag-dual-mesh","15":"product_tag-rechargeable","16":"product_tag-rgb-light","17":"product_tag-type-c","18":"product_tag-vzbull","20":"first","21":"instock","22":"sale","23":"shipping-taxable","24":"purchasable","25":"product-type-variable","26":"has-default-attributes"},"yoast_head":"<!-- This site is optimized with the Yoast SEO plugin v26.8 - https:\/\/yoast.com\/product\/yoast-seo-wordpress\/ -->\n<title>Vozol Star 40000 Puffs - Vzbull - Fumot Official Direct | Suoraan tehtaalta, 100% aito<\/title>\n<meta name=\"robots\" content=\"index, follow, max-snippet:-1, max-image-preview:large, max-video-preview:-1\" \/>\n<link rel=\"canonical\" href=\"https:\/\/fumot.uk\/fi\/product\/vozol-star-40000-puffs-vzbull\/\" \/>\n<meta property=\"og:locale\" content=\"fi_FI\" \/>\n<meta property=\"og:type\" content=\"article\" \/>\n<meta property=\"og:title\" content=\"Vozol Star 40000 Puffs- Vzbull - Fumot Official Direct | Straight from the Factory, 100% Genuine\" \/>\n<meta property=\"og:description\" content=\"Vozol Star 40000 Puffs Vzbull nutzt die doppelte Netz-Wicklung und S.I.L.C.-Technologie, um bei jedem Zug f\u00fcr ein gleichm\u00e4\u00dfiges und stabiles Dampferlebnis zu sorgen. Das OLED-Display zeigt Ihnen jederzeit den aktuellen Nutzungsstatus, einschlie\u00dflich der Zuganzahl, der verbleibenden Akkulaufzeit und des Betriebsmodus. So k\u00f6nnen Sie sich ganz auf Ihr Dampferlebnis konzentrieren, sei es im energiesparenden Eco-Modus oder [&hellip;]\" \/>\n<meta property=\"og:url\" content=\"https:\/\/fumot.uk\/fi\/product\/vozol-star-40000-puffs-vzbull\/\" \/>\n<meta property=\"og:site_name\" content=\"Fumot Official Direct | Straight from the Factory, 100% Genuine\" \/>\n<meta property=\"article:modified_time\" content=\"2026-01-20T10:13:17+00:00\" \/>\n<meta property=\"og:image\" content=\"https:\/\/fumot.uk\/wp-content\/uploads\/2026\/01\/Vozol-Star-40000-Puffs_VZBull_Disposable-Vape.png\" \/>\n\t<meta property=\"og:image:width\" content=\"1000\" \/>\n\t<meta property=\"og:image:height\" content=\"1000\" \/>\n\t<meta property=\"og:image:type\" content=\"image\/png\" \/>\n<meta name=\"twitter:card\" content=\"summary_large_image\" \/>\n<meta name=\"twitter:label1\" content=\"Arvioitu lukuaika\" \/>\n\t<meta name=\"twitter:data1\" content=\"2 minuuttia\" \/>\n<script type=\"application\/ld+json\" class=\"yoast-schema-graph\">{\"@context\":\"https:\/\/schema.org\",\"@graph\":[{\"@type\":\"WebPage\",\"@id\":\"https:\/\/fumot.uk\/product\/vozol-star-40000-puffs-vzbull\/\",\"url\":\"https:\/\/fumot.uk\/product\/vozol-star-40000-puffs-vzbull\/\",\"name\":\"Vozol Star 40000 Puffs- Vzbull - Fumot Official Direct | Straight from the Factory, 100% Genuine\",\"isPartOf\":{\"@id\":\"https:\/\/fumot.uk\/#website\"},\"primaryImageOfPage\":{\"@id\":\"https:\/\/fumot.uk\/product\/vozol-star-40000-puffs-vzbull\/#primaryimage\"},\"image\":{\"@id\":\"https:\/\/fumot.uk\/product\/vozol-star-40000-puffs-vzbull\/#primaryimage\"},\"thumbnailUrl\":\"https:\/\/fumot.uk\/wp-content\/uploads\/2026\/01\/Vozol-Star-40000-Puffs_VZBull_Disposable-Vape.png\",\"datePublished\":\"2026-01-20T10:11:42+00:00\",\"dateModified\":\"2026-01-20T10:13:17+00:00\",\"breadcrumb\":{\"@id\":\"https:\/\/fumot.uk\/product\/vozol-star-40000-puffs-vzbull\/#breadcrumb\"},\"inLanguage\":\"fi\",\"potentialAction\":[{\"@type\":\"ReadAction\",\"target\":[\"https:\/\/fumot.uk\/product\/vozol-star-40000-puffs-vzbull\/\"]}]},{\"@type\":\"ImageObject\",\"inLanguage\":\"fi\",\"@id\":\"https:\/\/fumot.uk\/product\/vozol-star-40000-puffs-vzbull\/#primaryimage\",\"url\":\"https:\/\/fumot.uk\/wp-content\/uploads\/2026\/01\/Vozol-Star-40000-Puffs_VZBull_Disposable-Vape.png\",\"contentUrl\":\"https:\/\/fumot.uk\/wp-content\/uploads\/2026\/01\/Vozol-Star-40000-Puffs_VZBull_Disposable-Vape.png\",\"width\":1000,\"height\":1000},{\"@type\":\"BreadcrumbList\",\"@id\":\"https:\/\/fumot.uk\/product\/vozol-star-40000-puffs-vzbull\/#breadcrumb\",\"itemListElement\":[{\"@type\":\"ListItem\",\"position\":1,\"name\":\"Home\",\"item\":\"https:\/\/fumot.uk\/\"},{\"@type\":\"ListItem\",\"position\":2,\"name\":\"Shop\",\"item\":\"https:\/\/fumot.uk\/shop\/\"},{\"@type\":\"ListItem\",\"position\":3,\"name\":\"Vozol Star 40000 Puffs- Vzbull\"}]},{\"@type\":\"WebSite\",\"@id\":\"https:\/\/fumot.uk\/#website\",\"url\":\"https:\/\/fumot.uk\/\",\"name\":\"Fumot Official Direct | Straight from the Factory, 100% Genuine\",\"description\":\"Official Website\",\"publisher\":{\"@id\":\"https:\/\/fumot.uk\/#organization\"},\"potentialAction\":[{\"@type\":\"SearchAction\",\"target\":{\"@type\":\"EntryPoint\",\"urlTemplate\":\"https:\/\/fumot.uk\/?s={search_term_string}\"},\"query-input\":{\"@type\":\"PropertyValueSpecification\",\"valueRequired\":true,\"valueName\":\"search_term_string\"}}],\"inLanguage\":\"fi\"},{\"@type\":\"Organization\",\"@id\":\"https:\/\/fumot.uk\/#organization\",\"name\":\"Fumot Official Direct | Straight from the Factory, 100% Genuine\",\"url\":\"https:\/\/fumot.uk\/\",\"logo\":{\"@type\":\"ImageObject\",\"inLanguage\":\"fi\",\"@id\":\"https:\/\/fumot.uk\/#\/schema\/logo\/image\/\",\"url\":\"https:\/\/fumot.uk\/wp-content\/uploads\/2026\/01\/cropped-fumot-logo1.png\",\"contentUrl\":\"https:\/\/fumot.uk\/wp-content\/uploads\/2026\/01\/cropped-fumot-logo1.png\",\"width\":152,\"height\":106,\"caption\":\"Fumot Official Direct | Straight from the Factory, 100% Genuine\"},\"image\":{\"@id\":\"https:\/\/fumot.uk\/#\/schema\/logo\/image\/\"}}]}<\/script>\n<!-- \/ Yoast SEO plugin. -->","yoast_head_json":{"title":"Vozol Star 40000 Puffs - Vzbull - Fumot Official Direct | Suoraan tehtaalta, 100% aito","robots":{"index":"index","follow":"follow","max-snippet":"max-snippet:-1","max-image-preview":"max-image-preview:large","max-video-preview":"max-video-preview:-1"},"canonical":"https:\/\/fumot.uk\/fi\/product\/vozol-star-40000-puffs-vzbull\/","og_locale":"fi_FI","og_type":"article","og_title":"Vozol Star 40000 Puffs- Vzbull - Fumot Official Direct | Straight from the Factory, 100% Genuine","og_description":"Vozol Star 40000 Puffs Vzbull nutzt die doppelte Netz-Wicklung und S.I.L.C.-Technologie, um bei jedem Zug f\u00fcr ein gleichm\u00e4\u00dfiges und stabiles Dampferlebnis zu sorgen. Das OLED-Display zeigt Ihnen jederzeit den aktuellen Nutzungsstatus, einschlie\u00dflich der Zuganzahl, der verbleibenden Akkulaufzeit und des Betriebsmodus. So k\u00f6nnen Sie sich ganz auf Ihr Dampferlebnis konzentrieren, sei es im energiesparenden Eco-Modus oder [&hellip;]","og_url":"https:\/\/fumot.uk\/fi\/product\/vozol-star-40000-puffs-vzbull\/","og_site_name":"Fumot Official Direct | Straight from the Factory, 100% Genuine","article_modified_time":"2026-01-20T10:13:17+00:00","og_image":[{"width":1000,"height":1000,"url":"https:\/\/fumot.uk\/wp-content\/uploads\/2026\/01\/Vozol-Star-40000-Puffs_VZBull_Disposable-Vape.png","type":"image\/png"}],"twitter_card":"summary_large_image","twitter_misc":{"Arvioitu lukuaika":"2 minuuttia"},"schema":{"@context":"https:\/\/schema.org","@graph":[{"@type":"WebPage","@id":"https:\/\/fumot.uk\/product\/vozol-star-40000-puffs-vzbull\/","url":"https:\/\/fumot.uk\/product\/vozol-star-40000-puffs-vzbull\/","name":"Vozol Star 40000 Puffs- Vzbull - Fumot Official Direct | Suoraan tehtaalta, 100% Aito","isPartOf":{"@id":"https:\/\/fumot.uk\/#website"},"primaryImageOfPage":{"@id":"https:\/\/fumot.uk\/product\/vozol-star-40000-puffs-vzbull\/#primaryimage"},"image":{"@id":"https:\/\/fumot.uk\/product\/vozol-star-40000-puffs-vzbull\/#primaryimage"},"thumbnailUrl":"https:\/\/fumot.uk\/wp-content\/uploads\/2026\/01\/Vozol-Star-40000-Puffs_VZBull_Disposable-Vape.png","datePublished":"2026-01-20T10:11:42+00:00","dateModified":"2026-01-20T10:13:17+00:00","breadcrumb":{"@id":"https:\/\/fumot.uk\/product\/vozol-star-40000-puffs-vzbull\/#breadcrumb"},"inLanguage":"fi","potentialAction":[{"@type":"ReadAction","target":["https:\/\/fumot.uk\/product\/vozol-star-40000-puffs-vzbull\/"]}]},{"@type":"ImageObject","inLanguage":"fi","@id":"https:\/\/fumot.uk\/product\/vozol-star-40000-puffs-vzbull\/#primaryimage","url":"https:\/\/fumot.uk\/wp-content\/uploads\/2026\/01\/Vozol-Star-40000-Puffs_VZBull_Disposable-Vape.png","contentUrl":"https:\/\/fumot.uk\/wp-content\/uploads\/2026\/01\/Vozol-Star-40000-Puffs_VZBull_Disposable-Vape.png","width":1000,"height":1000},{"@type":"BreadcrumbList","@id":"https:\/\/fumot.uk\/product\/vozol-star-40000-puffs-vzbull\/#breadcrumb","itemListElement":[{"@type":"ListItem","position":1,"name":"Home","item":"https:\/\/fumot.uk\/"},{"@type":"ListItem","position":2,"name":"Shop","item":"https:\/\/fumot.uk\/shop\/"},{"@type":"ListItem","position":3,"name":"Vozol Star 40000 Puffs- Vzbull"}]},{"@type":"WebSite","@id":"https:\/\/fumot.uk\/#website","url":"https:\/\/fumot.uk\/","name":"Fumot Official Direct | Suoraan tehtaalta, 100% Aito","description":"Official Website","publisher":{"@id":"https:\/\/fumot.uk\/#organization"},"potentialAction":[{"@type":"SearchAction","target":{"@type":"EntryPoint","urlTemplate":"https:\/\/fumot.uk\/?s={search_term_string}"},"query-input":{"@type":"PropertyValueSpecification","valueRequired":true,"valueName":"search_term_string"}}],"inLanguage":"fi"},{"@type":"Organization","@id":"https:\/\/fumot.uk\/#organization","name":"Fumot Official Direct | Suoraan tehtaalta, 100% Aito","url":"https:\/\/fumot.uk\/","logo":{"@type":"ImageObject","inLanguage":"fi","@id":"https:\/\/fumot.uk\/#\/schema\/logo\/image\/","url":"https:\/\/fumot.uk\/wp-content\/uploads\/2026\/01\/cropped-fumot-logo1.png","contentUrl":"https:\/\/fumot.uk\/wp-content\/uploads\/2026\/01\/cropped-fumot-logo1.png","width":152,"height":106,"caption":"Fumot Official Direct | Straight from the Factory, 100% Genuine"},"image":{"@id":"https:\/\/fumot.uk\/#\/schema\/logo\/image\/"}}]}},"_links":{"self":[{"href":"https:\/\/fumot.uk\/fi\/wp-json\/wp\/v2\/product\/3403","targetHints":{"allow":["GET"]}}],"collection":[{"href":"https:\/\/fumot.uk\/fi\/wp-json\/wp\/v2\/product"}],"about":[{"href":"https:\/\/fumot.uk\/fi\/wp-json\/wp\/v2\/types\/product"}],"replies":[{"embeddable":true,"href":"https:\/\/fumot.uk\/fi\/wp-json\/wp\/v2\/comments?post=3403"}],"wp:featuredmedia":[{"embeddable":true,"href":"https:\/\/fumot.uk\/fi\/wp-json\/wp\/v2\/media\/3449"}],"wp:attachment":[{"href":"https:\/\/fumot.uk\/fi\/wp-json\/wp\/v2\/media?parent=3403"}],"wp:term":[{"taxonomy":"product_brand","embeddable":true,"href":"https:\/\/fumot.uk\/fi\/wp-json\/wp\/v2\/product_brand?post=3403"},{"taxonomy":"product_cat","embeddable":true,"href":"https:\/\/fumot.uk\/fi\/wp-json\/wp\/v2\/product_cat?post=3403"},{"taxonomy":"product_tag","embeddable":true,"href":"https:\/\/fumot.uk\/fi\/wp-json\/wp\/v2\/product_tag?post=3403"}],"curies":[{"name":"wp","href":"https:\/\/api.w.org\/{rel}","templated":true}]}}