{"id":3377,"date":"2026-01-20T10:11:15","date_gmt":"2026-01-20T10:11:15","guid":{"rendered":"https:\/\/fumot.uk\/?post_type=product&#038;p=3377"},"modified":"2026-01-20T10:12:57","modified_gmt":"2026-01-20T10:12:57","slug":"watermelon-razz-rancher-vozol-rave-40000-puffs","status":"publish","type":"product","link":"https:\/\/fumot.uk\/fi\/product\/watermelon-razz-rancher-vozol-rave-40000-puffs\/","title":{"rendered":"Vesimeloni Razz Rancher-Vozol Rave 40000 Puhallusta"},"content":{"rendered":"<h3 data-start=\"0\" data-end=\"189\"><strong data-start=\"0\" data-end=\"189\">Vozol Rave 40000 Puffs Watermelon Razz Rancher : T\u00e4ydellinen yhdistelm\u00e4 makeaa vesimelonia ja raikasta vadelmaa ainutlaatuiseen ja virkist\u00e4v\u00e4\u00e4n h\u00f6yrykokemukseen<\/strong><\/h3>\n<p data-start=\"191\" data-end=\"553\">Der<strong> Vozol Rave 40000 Puffs Watermelon Razz Rancher<\/strong> Maku yhdist\u00e4\u00e4 vesimelonin makean raikkauden eloisaan, hieman hapokkaaseen vadelman vivahteeseen. Jokainen henk\u00e4ys paljastaa vesimelonin makean raikkauden, joka yhdistyy harmonisesti pirte\u00e4\u00e4n vadelman vivahteeseen, mik\u00e4 johtaa virkist\u00e4v\u00e4\u00e4n ja maultaan ainutlaatuiseen h\u00f6yrykokemukseen.<\/p>\n<h4>Makuominaisuudet:<\/h4>\n<ul>\n<li data-start=\"1266\" data-end=\"1455\">\n<p data-start=\"1268\" data-end=\"1455\"><strong data-start=\"587\" data-end=\"615\">Vesimelonin maku:<\/strong> Vesimelonin maku on makea ja virkist\u00e4v\u00e4, luonnollisella hedelm\u00e4aromilla, joka ei ole liian makea, vaan tarjoaa miellytt\u00e4v\u00e4n kevyen makeuden \u2013 ihanteellinen kes\u00e4iseen h\u00f6yryttelyyn.<\/p>\n<\/li>\n<li data-start=\"1266\" data-end=\"1455\">\n<p data-start=\"1268\" data-end=\"1455\"><strong data-start=\"811\" data-end=\"833\">Vadelman maku:<\/strong> Vadelma tuo mukanaan virkist\u00e4v\u00e4\u00e4 hapokkuutta, joka on t\u00e4ydellisess\u00e4 tasapainossa vesimelonin makeuden kanssa, ja antaa t\u00e4lle maulle eloisan, pirte\u00e4n raikkauden.<\/p>\n<\/li>\n<li data-start=\"1266\" data-end=\"1455\">\n<p data-start=\"1268\" data-end=\"1455\"><strong data-start=\"1015\" data-end=\"1035\">T\u00e4ydellinen yhdistelm\u00e4:<\/strong> Makean vesimelonin ja hapokkaan vadelman yhdistelm\u00e4 luo harmonisen makukokemuksen, joka ei ole liian voimakas eik\u00e4 liian mieto \u2013 yksinkertaisesti t\u00e4ydellisesti tasapainotettu.<\/p>\n<\/li>\n<li data-start=\"1266\" data-end=\"1455\"><strong data-start=\"1226\" data-end=\"1253\">Virkist\u00e4v\u00e4 kokemus:<\/strong> Vozol Rave 40K Puffs Watermelon Razz Rancher maku tarjoaa virkist\u00e4v\u00e4n kokemuksen, joka muistuttaa kes\u00e4isen hedelm\u00e4n nautintoa. Se sopii sek\u00e4 p\u00e4ivitt\u00e4iseen k\u00e4ytt\u00f6\u00f6n ett\u00e4 seurallisiin hetkiin yst\u00e4vien kanssa.<\/li>\n<\/ul>\n<p data-start=\"1305\" data-end=\"1558\">Der <strong><a href=\"https:\/\/ultravape.de\/product-category\/vozol-rave-40000-puffs\/\">Vozol Rave 40K Puffs<\/a> Watermelon Razz Rancher<\/strong> Maku on ihanteellinen valinta k\u00e4ytt\u00e4jille, jotka suosivat hedelm\u00e4isi\u00e4 aromeja t\u00e4ydellisell\u00e4 makeuden ja hapokkuuden sekoituksella. Se on t\u00e4ydellinen valinta p\u00e4ivitt\u00e4iseen nautintoon tai seurallisiin kokoontumisiin.<\/p>\n<h3>Vozol Rave 40000 Puffs Edut\uff1a<\/h3>\n<h4>1.Innovatiivinen 270\u00b0 kosketusn\u00e4ytt\u00f6<\/h4>\n<p data-start=\"112\" data-end=\"517\">Vozol Rave 40K Puffs on varustettu maailman ensimm\u00e4isell\u00e4 270\u00b0 kosketusn\u00e4yt\u00f6ll\u00e4, joka rikkoo perinteisi\u00e4 muotoiluja ja tarjoaa suuremman n\u00e4kym\u00e4n sek\u00e4 paremman k\u00e4ytt\u00f6kokemuksen. T\u00e4m\u00e4 ominaisuus mahdollistaa paitsi laitteen tilan helpon tarkistamisen, my\u00f6s valaistuksen synkronoinnin musiikin ja h\u00f6yryn kanssa, luoden vaikuttavia valotehosteita, jotka rikastuttavat tunnelmaa seurallisissa tilaisuuksissa.<\/p>\n<h4>2.Kest\u00e4vyys ja tehokkaat tilat<\/h4>\n<p>Vakiotilassa laite tarjoaa poikkeuksellisen k\u00e4ytt\u00f6i\u00e4n noin 40 000 henk\u00e4yst\u00e4, mik\u00e4 vastaa pitk\u00e4aikaisia k\u00e4ytt\u00f6odotuksia. Tehotilassa henk\u00e4ysten m\u00e4\u00e4r\u00e4 v\u00e4henee noin 25 000:een, mutta t\u00e4m\u00e4 tarjoaa voimakkaamman h\u00f6yryn kehityksen ja intensiivisemm\u00e4n maun \u2013 ihanteellinen k\u00e4ytt\u00e4jille, jotka suosivat intensiivisemp\u00e4\u00e4 h\u00f6yrykokemusta.<\/p>\n<h4>3.Mukautettava ilmankierto ja tehoasetukset<\/h4>\n<p>Vozol Rave 40K Puffs tarjoaa yksil\u00f6llisesti s\u00e4\u00e4dett\u00e4v\u00e4n ilmankierron ja tehoasetukset, joiden avulla k\u00e4ytt\u00e4j\u00e4t voivat mukauttaa h\u00f6yrykokemuksen mieltymystens\u00e4 mukaan. Olipa kyseess\u00e4 tihe\u00e4 h\u00f6yrypilvi tai pehme\u00e4 h\u00f6yryttely, ilmankierto ja teho on helppo s\u00e4\u00e4t\u00e4\u00e4 kosketusn\u00e4yt\u00f6n kautta.<\/p>\n<h4>4.Teho USB Type-C pikalataus<\/h4>\n<p>1000mAh <a href=\"https:\/\/ultravape.de\/product-tag\/1000-mah\/\">1000mAh<\/a> Vozol Rave 40000 Puffs Watermelon Razz Rancher : T\u00e4ydellinen yhdistelm\u00e4 makeaa vesimelonia ja raikasta vadelmaa ainutlaatuiseen ja virkist\u00e4v\u00e4\u00e4n h\u00f6yrykokemukseen Der Vozol Rave 40000 Puffs Watermelon Razz...<\/p>","protected":false},"excerpt":{"rendered":"<p>Vozol Rave 40000 Puffs Watermelon Razz Rancher : Die perfekte Fusion von s\u00fc\u00dfem Wassermelonen- und frischem Himbeer f\u00fcr ein einzigartiges und erfrischendes Dampferlebnis Der Vozol Rave 40000 Puffs Watermelon Razz Rancher Geschmack kombiniert die s\u00fc\u00dfe Frische von Wassermelone mit der lebendigen, leicht s\u00e4uerlichen Note von Himbeeren. Jeder Zug entfaltet die s\u00fc\u00dfe Frische der Wassermelone, die [\u2026]<\/p>","protected":false},"featured_media":3415,"comment_status":"open","ping_status":"closed","template":"","meta":[],"product_brand":[],"product_cat":[82,17,177],"product_tag":[174,21,47,72,23,73,26,27,28,32],"class_list":{"0":"post-3377","1":"product","2":"type-product","3":"status-publish","4":"has-post-thumbnail","6":"product_cat-40000-puff","7":"product_cat-vape","8":"product_cat-vozol-rave-40000-puffs","9":"product_tag-1000-mah","10":"product_tag-adjustable-airflow","11":"product_tag-candy","12":"product_tag-direct-to-lung","13":"product_tag-display","14":"product_tag-dual-mesh","15":"product_tag-rechargeable","16":"product_tag-rgb-light","17":"product_tag-type-c","18":"product_tag-watermelon","20":"first","21":"instock","22":"sale","23":"shipping-taxable","24":"purchasable","25":"product-type-variable","26":"has-default-attributes"},"yoast_head":"<!-- This site is optimized with the Yoast SEO plugin v26.8 - https:\/\/yoast.com\/product\/yoast-seo-wordpress\/ -->\n<title>Vesimeloni Razz Rancher-Vozol Rave 40000 Puhallusta - Fumot Virallinen Suora | Suoraan Tehtaalta, 100% Aito<\/title>\n<meta name=\"robots\" content=\"index, follow, max-snippet:-1, max-image-preview:large, max-video-preview:-1\" \/>\n<link rel=\"canonical\" href=\"https:\/\/fumot.uk\/fi\/product\/watermelon-razz-rancher-vozol-rave-40000-puffs\/\" \/>\n<meta property=\"og:locale\" content=\"fi_FI\" \/>\n<meta property=\"og:type\" content=\"article\" \/>\n<meta property=\"og:title\" content=\"Watermelon Razz Rancher-Vozol Rave 40000 Puffs - Fumot Official Direct | Straight from the Factory, 100% Genuine\" \/>\n<meta property=\"og:description\" content=\"Vozol Rave 40000 Puffs Watermelon Razz Rancher : Die perfekte Fusion von s\u00fc\u00dfem Wassermelonen- und frischem Himbeer f\u00fcr ein einzigartiges und erfrischendes Dampferlebnis Der Vozol Rave 40000 Puffs Watermelon Razz Rancher Geschmack kombiniert die s\u00fc\u00dfe Frische von Wassermelone mit der lebendigen, leicht s\u00e4uerlichen Note von Himbeeren. Jeder Zug entfaltet die s\u00fc\u00dfe Frische der Wassermelone, die [&hellip;]\" \/>\n<meta property=\"og:url\" content=\"https:\/\/fumot.uk\/fi\/product\/watermelon-razz-rancher-vozol-rave-40000-puffs\/\" \/>\n<meta property=\"og:site_name\" content=\"Fumot Official Direct | Straight from the Factory, 100% Genuine\" \/>\n<meta property=\"article:modified_time\" content=\"2026-01-20T10:12:57+00:00\" \/>\n<meta property=\"og:image\" content=\"https:\/\/fumot.uk\/wp-content\/uploads\/2026\/01\/Watermelon-Razz-Rancher-Vozol-Rave-40000-Puffs-Disposable-Vape.png\" \/>\n\t<meta property=\"og:image:width\" content=\"1920\" \/>\n\t<meta property=\"og:image:height\" content=\"1920\" \/>\n\t<meta property=\"og:image:type\" content=\"image\/png\" \/>\n<meta name=\"twitter:card\" content=\"summary_large_image\" \/>\n<meta name=\"twitter:label1\" content=\"Arvioitu lukuaika\" \/>\n\t<meta name=\"twitter:data1\" content=\"3 minuuttia\" \/>\n<script type=\"application\/ld+json\" class=\"yoast-schema-graph\">{\"@context\":\"https:\/\/schema.org\",\"@graph\":[{\"@type\":\"WebPage\",\"@id\":\"https:\/\/fumot.uk\/product\/watermelon-razz-rancher-vozol-rave-40000-puffs\/\",\"url\":\"https:\/\/fumot.uk\/product\/watermelon-razz-rancher-vozol-rave-40000-puffs\/\",\"name\":\"Watermelon Razz Rancher-Vozol Rave 40000 Puffs - Fumot Official Direct | Straight from the Factory, 100% Genuine\",\"isPartOf\":{\"@id\":\"https:\/\/fumot.uk\/#website\"},\"primaryImageOfPage\":{\"@id\":\"https:\/\/fumot.uk\/product\/watermelon-razz-rancher-vozol-rave-40000-puffs\/#primaryimage\"},\"image\":{\"@id\":\"https:\/\/fumot.uk\/product\/watermelon-razz-rancher-vozol-rave-40000-puffs\/#primaryimage\"},\"thumbnailUrl\":\"https:\/\/fumot.uk\/wp-content\/uploads\/2026\/01\/Watermelon-Razz-Rancher-Vozol-Rave-40000-Puffs-Disposable-Vape.png\",\"datePublished\":\"2026-01-20T10:11:15+00:00\",\"dateModified\":\"2026-01-20T10:12:57+00:00\",\"breadcrumb\":{\"@id\":\"https:\/\/fumot.uk\/product\/watermelon-razz-rancher-vozol-rave-40000-puffs\/#breadcrumb\"},\"inLanguage\":\"fi\",\"potentialAction\":[{\"@type\":\"ReadAction\",\"target\":[\"https:\/\/fumot.uk\/product\/watermelon-razz-rancher-vozol-rave-40000-puffs\/\"]}]},{\"@type\":\"ImageObject\",\"inLanguage\":\"fi\",\"@id\":\"https:\/\/fumot.uk\/product\/watermelon-razz-rancher-vozol-rave-40000-puffs\/#primaryimage\",\"url\":\"https:\/\/fumot.uk\/wp-content\/uploads\/2026\/01\/Watermelon-Razz-Rancher-Vozol-Rave-40000-Puffs-Disposable-Vape.png\",\"contentUrl\":\"https:\/\/fumot.uk\/wp-content\/uploads\/2026\/01\/Watermelon-Razz-Rancher-Vozol-Rave-40000-Puffs-Disposable-Vape.png\",\"width\":1920,\"height\":1920},{\"@type\":\"BreadcrumbList\",\"@id\":\"https:\/\/fumot.uk\/product\/watermelon-razz-rancher-vozol-rave-40000-puffs\/#breadcrumb\",\"itemListElement\":[{\"@type\":\"ListItem\",\"position\":1,\"name\":\"Home\",\"item\":\"https:\/\/fumot.uk\/\"},{\"@type\":\"ListItem\",\"position\":2,\"name\":\"Shop\",\"item\":\"https:\/\/fumot.uk\/shop\/\"},{\"@type\":\"ListItem\",\"position\":3,\"name\":\"Watermelon Razz Rancher-Vozol Rave 40000 Puffs\"}]},{\"@type\":\"WebSite\",\"@id\":\"https:\/\/fumot.uk\/#website\",\"url\":\"https:\/\/fumot.uk\/\",\"name\":\"Fumot Official Direct | Straight from the Factory, 100% Genuine\",\"description\":\"Official Website\",\"publisher\":{\"@id\":\"https:\/\/fumot.uk\/#organization\"},\"potentialAction\":[{\"@type\":\"SearchAction\",\"target\":{\"@type\":\"EntryPoint\",\"urlTemplate\":\"https:\/\/fumot.uk\/?s={search_term_string}\"},\"query-input\":{\"@type\":\"PropertyValueSpecification\",\"valueRequired\":true,\"valueName\":\"search_term_string\"}}],\"inLanguage\":\"fi\"},{\"@type\":\"Organization\",\"@id\":\"https:\/\/fumot.uk\/#organization\",\"name\":\"Fumot Official Direct | Straight from the Factory, 100% Genuine\",\"url\":\"https:\/\/fumot.uk\/\",\"logo\":{\"@type\":\"ImageObject\",\"inLanguage\":\"fi\",\"@id\":\"https:\/\/fumot.uk\/#\/schema\/logo\/image\/\",\"url\":\"https:\/\/fumot.uk\/wp-content\/uploads\/2026\/01\/cropped-fumot-logo1.png\",\"contentUrl\":\"https:\/\/fumot.uk\/wp-content\/uploads\/2026\/01\/cropped-fumot-logo1.png\",\"width\":152,\"height\":106,\"caption\":\"Fumot Official Direct | Straight from the Factory, 100% Genuine\"},\"image\":{\"@id\":\"https:\/\/fumot.uk\/#\/schema\/logo\/image\/\"}}]}<\/script>\n<!-- \/ Yoast SEO plugin. -->","yoast_head_json":{"title":"Vesimeloni Razz Rancher-Vozol Rave 40000 Puhallusta - Fumot Virallinen Suora | Suoraan Tehtaalta, 100% Aito","robots":{"index":"index","follow":"follow","max-snippet":"max-snippet:-1","max-image-preview":"max-image-preview:large","max-video-preview":"max-video-preview:-1"},"canonical":"https:\/\/fumot.uk\/fi\/product\/watermelon-razz-rancher-vozol-rave-40000-puffs\/","og_locale":"fi_FI","og_type":"article","og_title":"Watermelon Razz Rancher-Vozol Rave 40000 Puffs - Fumot Official Direct | Straight from the Factory, 100% Genuine","og_description":"Vozol Rave 40000 Puffs Watermelon Razz Rancher : Die perfekte Fusion von s\u00fc\u00dfem Wassermelonen- und frischem Himbeer f\u00fcr ein einzigartiges und erfrischendes Dampferlebnis Der Vozol Rave 40000 Puffs Watermelon Razz Rancher Geschmack kombiniert die s\u00fc\u00dfe Frische von Wassermelone mit der lebendigen, leicht s\u00e4uerlichen Note von Himbeeren. Jeder Zug entfaltet die s\u00fc\u00dfe Frische der Wassermelone, die [&hellip;]","og_url":"https:\/\/fumot.uk\/fi\/product\/watermelon-razz-rancher-vozol-rave-40000-puffs\/","og_site_name":"Fumot Official Direct | Straight from the Factory, 100% Genuine","article_modified_time":"2026-01-20T10:12:57+00:00","og_image":[{"width":1920,"height":1920,"url":"https:\/\/fumot.uk\/wp-content\/uploads\/2026\/01\/Watermelon-Razz-Rancher-Vozol-Rave-40000-Puffs-Disposable-Vape.png","type":"image\/png"}],"twitter_card":"summary_large_image","twitter_misc":{"Arvioitu lukuaika":"3 minuuttia"},"schema":{"@context":"https:\/\/schema.org","@graph":[{"@type":"WebPage","@id":"https:\/\/fumot.uk\/product\/watermelon-razz-rancher-vozol-rave-40000-puffs\/","url":"https:\/\/fumot.uk\/product\/watermelon-razz-rancher-vozol-rave-40000-puffs\/","name":"Vesimeloni Razz Rancher-Vozol Rave 40000 Puhallusta - Fumot Virallinen Suora | Suoraan Tehtaalta, 100% Aito","isPartOf":{"@id":"https:\/\/fumot.uk\/#website"},"primaryImageOfPage":{"@id":"https:\/\/fumot.uk\/product\/watermelon-razz-rancher-vozol-rave-40000-puffs\/#primaryimage"},"image":{"@id":"https:\/\/fumot.uk\/product\/watermelon-razz-rancher-vozol-rave-40000-puffs\/#primaryimage"},"thumbnailUrl":"https:\/\/fumot.uk\/wp-content\/uploads\/2026\/01\/Watermelon-Razz-Rancher-Vozol-Rave-40000-Puffs-Disposable-Vape.png","datePublished":"2026-01-20T10:11:15+00:00","dateModified":"2026-01-20T10:12:57+00:00","breadcrumb":{"@id":"https:\/\/fumot.uk\/product\/watermelon-razz-rancher-vozol-rave-40000-puffs\/#breadcrumb"},"inLanguage":"fi","potentialAction":[{"@type":"ReadAction","target":["https:\/\/fumot.uk\/product\/watermelon-razz-rancher-vozol-rave-40000-puffs\/"]}]},{"@type":"ImageObject","inLanguage":"fi","@id":"https:\/\/fumot.uk\/product\/watermelon-razz-rancher-vozol-rave-40000-puffs\/#primaryimage","url":"https:\/\/fumot.uk\/wp-content\/uploads\/2026\/01\/Watermelon-Razz-Rancher-Vozol-Rave-40000-Puffs-Disposable-Vape.png","contentUrl":"https:\/\/fumot.uk\/wp-content\/uploads\/2026\/01\/Watermelon-Razz-Rancher-Vozol-Rave-40000-Puffs-Disposable-Vape.png","width":1920,"height":1920},{"@type":"BreadcrumbList","@id":"https:\/\/fumot.uk\/product\/watermelon-razz-rancher-vozol-rave-40000-puffs\/#breadcrumb","itemListElement":[{"@type":"ListItem","position":1,"name":"Home","item":"https:\/\/fumot.uk\/"},{"@type":"ListItem","position":2,"name":"Shop","item":"https:\/\/fumot.uk\/shop\/"},{"@type":"ListItem","position":3,"name":"Watermelon Razz Rancher-Vozol Rave 40000 Puffs"}]},{"@type":"WebSite","@id":"https:\/\/fumot.uk\/#website","url":"https:\/\/fumot.uk\/","name":"Fumot Official Direct | Suoraan tehtaalta, 100% Aito","description":"Official Website","publisher":{"@id":"https:\/\/fumot.uk\/#organization"},"potentialAction":[{"@type":"SearchAction","target":{"@type":"EntryPoint","urlTemplate":"https:\/\/fumot.uk\/?s={search_term_string}"},"query-input":{"@type":"PropertyValueSpecification","valueRequired":true,"valueName":"search_term_string"}}],"inLanguage":"fi"},{"@type":"Organization","@id":"https:\/\/fumot.uk\/#organization","name":"Fumot Official Direct | Suoraan tehtaalta, 100% Aito","url":"https:\/\/fumot.uk\/","logo":{"@type":"ImageObject","inLanguage":"fi","@id":"https:\/\/fumot.uk\/#\/schema\/logo\/image\/","url":"https:\/\/fumot.uk\/wp-content\/uploads\/2026\/01\/cropped-fumot-logo1.png","contentUrl":"https:\/\/fumot.uk\/wp-content\/uploads\/2026\/01\/cropped-fumot-logo1.png","width":152,"height":106,"caption":"Fumot Official Direct | Straight from the Factory, 100% Genuine"},"image":{"@id":"https:\/\/fumot.uk\/#\/schema\/logo\/image\/"}}]}},"_links":{"self":[{"href":"https:\/\/fumot.uk\/fi\/wp-json\/wp\/v2\/product\/3377","targetHints":{"allow":["GET"]}}],"collection":[{"href":"https:\/\/fumot.uk\/fi\/wp-json\/wp\/v2\/product"}],"about":[{"href":"https:\/\/fumot.uk\/fi\/wp-json\/wp\/v2\/types\/product"}],"replies":[{"embeddable":true,"href":"https:\/\/fumot.uk\/fi\/wp-json\/wp\/v2\/comments?post=3377"}],"wp:featuredmedia":[{"embeddable":true,"href":"https:\/\/fumot.uk\/fi\/wp-json\/wp\/v2\/media\/3415"}],"wp:attachment":[{"href":"https:\/\/fumot.uk\/fi\/wp-json\/wp\/v2\/media?parent=3377"}],"wp:term":[{"taxonomy":"product_brand","embeddable":true,"href":"https:\/\/fumot.uk\/fi\/wp-json\/wp\/v2\/product_brand?post=3377"},{"taxonomy":"product_cat","embeddable":true,"href":"https:\/\/fumot.uk\/fi\/wp-json\/wp\/v2\/product_cat?post=3377"},{"taxonomy":"product_tag","embeddable":true,"href":"https:\/\/fumot.uk\/fi\/wp-json\/wp\/v2\/product_tag?post=3377"}],"curies":[{"name":"wp","href":"https:\/\/api.w.org\/{rel}","templated":true}]}}