{"id":3254,"date":"2026-01-20T10:09:36","date_gmt":"2026-01-20T10:09:36","guid":{"rendered":"https:\/\/fumot.uk\/?post_type=product&#038;p=3254"},"modified":"2026-01-21T02:36:06","modified_gmt":"2026-01-21T02:36:06","slug":"vozol-gear-shisha-25k-puffs-mango-freeze","status":"publish","type":"product","link":"https:\/\/fumot.uk\/fi\/product\/vozol-gear-shisha-25k-puffs-mango-freeze\/","title":{"rendered":"Vozol Gear Shisha 25K Puffs Mango Freeze Kertak\u00e4ytt\u00f6inen Vape | 24ml, Kaksinkertainen Mesh, 2.1\u2033 \u00c4lyn\u00e4ytt\u00f6, 5% Nik."},"content":{"rendered":"<h2>Mango Freeze \u2013 Vozol Gear Shisha 25K Puffs<\/h2>\n<p><strong>Vozol Gear Shisha 25K Puffs Mango Freeze<\/strong> yhdist\u00e4\u00e4 kyps\u00e4n trooppisen mangon makeuden raikkaaseen, j\u00e4iseen viimeistelyyn. Jokainen hengenveto tuo mukanaan mehukkaan mangon aromin, jota seuraa puhdas viilent\u00e4v\u00e4 tunne, joka tuntuu kuin viilennetty mangosorbetti kuumana p\u00e4iv\u00e4n\u00e4\u2014kirkas, pehme\u00e4 ja virkist\u00e4v\u00e4n tasapainoinen.<\/p>\n<h3>Miksi rakastat Mango Freeze\u00e4<\/h3>\n<ul>\n<li><strong>Trooppinen mango-maku:<\/strong> Makea, tuoksuva ja t\u00e4ytel\u00e4inen.<\/li>\n<li><strong>Viilent\u00e4v\u00e4 \u201cfreeze\u201d uloshengitys:<\/strong> Virkist\u00e4v\u00e4 viileys, joka pysyy pehme\u00e4n\u00e4, ei karheana.<\/li>\n<li><strong>Sopii koko p\u00e4iv\u00e4n h\u00f6yryttelyyn:<\/strong> Puhdas, raikas maku, joka ei tunnu raskaalta.<\/li>\n<\/ul>\n<h3>Vozol Gear Shisha 25K Puffs \u2013 Avainominaisuudet<\/h3>\n<ul>\n<li><strong>Jopa 25 000 puffsia:<\/strong> Suunniteltu pitk\u00e4kestoiseen nautintoon.<\/li>\n<li><strong>24 ml e-nestetilavuus:<\/strong> Runsas s\u00e4ili\u00f6 pitk\u00e4aikaiseen k\u00e4ytt\u00f6\u00f6n.<\/li>\n<li><strong>Kaksinkertainen mesh-k\u00e4\u00e4mi:<\/strong> Tasainen l\u00e4mmitys tihe\u00e4lle, tasaiselle h\u00f6yrylle ja vakaalle maulle.<\/li>\n<li><strong>5% nikotiini:<\/strong> Vahva, tyydytt\u00e4v\u00e4 nikotiinikokemus.<\/li>\n<li><strong>1000mAh ladattava akku:<\/strong> Luotettava teho pidempiin sessioihin.<\/li>\n<li><strong>Type-C pikalataus:<\/strong> K\u00e4tev\u00e4 lataus tarpeen mukaan.<\/li>\n<li><strong>2.1 tuuman \u00e4lyk\u00e4s v\u00e4rin\u00e4ytt\u00f6:<\/strong> Akku- ja nestetila reaaliajassa yhdell\u00e4 silm\u00e4yksell\u00e4.<\/li>\n<li><strong>S\u00e4\u00e4dett\u00e4v\u00e4 teho:<\/strong> Hienos\u00e4\u00e4d\u00e4 h\u00f6yryn tuotto vastaamaan mieltymyksi\u00e4si.<\/li>\n<\/ul>\n<h3>Tutustu lis\u00e4\u00e4 Vozoliin osoitteessa fumot.uk<\/h3>\n<p>Etsitk\u00f6 lis\u00e4\u00e4 makuja ja vaihtoehtoja samassa sarjassa? Selaa kokoelmaa t\u00e4\u00e4ll\u00e4: <a href=\"https:\/\/fumot.uk\/fi\/product-category\/vozol-gear-shisha-25k-puffs\/\">Vozol Gear Shisha 25K Puffs<\/a>.<\/p>\n<p><em>Huomautus:<\/em> Puffien m\u00e4\u00e4r\u00e4 voi vaihdella k\u00e4ytt\u00f6tavan ja laitteen asetusten mukaan.<\/p>","protected":false},"excerpt":{"rendered":"<p>Vozol Gear Shisha 25K Puffs Mango Freeze delivers juicy mango sweetness with a clean icy finish. 24ml, Dual Mesh Coil, 1000mAh Type\u2011C rechargeable, 2.1\u2033 smart display, adjustable power, 5% nicotine.<\/p>","protected":false},"featured_media":3300,"comment_status":"open","ping_status":"closed","template":"","meta":[],"product_brand":[],"product_cat":[172,17,173],"product_tag":[174,171,21,72,73,42,26,62,28],"class_list":{"0":"post-3254","1":"product","2":"type-product","3":"status-publish","4":"has-post-thumbnail","6":"product_cat-25000-puff","7":"product_cat-vape","8":"product_cat-vozol-gear-shisha-25k-puffs","9":"product_tag-1000-mah","10":"product_tag-24ml","11":"product_tag-adjustable-airflow","12":"product_tag-direct-to-lung","13":"product_tag-dual-mesh","14":"product_tag-mango","15":"product_tag-rechargeable","16":"product_tag-sale-vape","17":"product_tag-type-c","19":"first","20":"instock","21":"sale","22":"shipping-taxable","23":"purchasable","24":"product-type-variable","25":"has-default-attributes"},"yoast_head":"<!-- This site is optimized with the Yoast SEO plugin v26.8 - https:\/\/yoast.com\/product\/yoast-seo-wordpress\/ -->\n<title>Vozol Gear Shisha 25K Mango Freeze | 24ml, 5% Nik<\/title>\n<meta name=\"description\" content=\"Mango Freeze Vozol Gear Shisha 25K Puffs: mehukas mango j\u00e4isell\u00e4 viimeistelyll\u00e4. 24ml, Dual Mesh Coil, 1000mAh Type\u2011C ladattava, 2.1&quot; n\u00e4ytt\u00f6, 5% nik.\" \/>\n<meta name=\"robots\" content=\"index, follow, max-snippet:-1, max-image-preview:large, max-video-preview:-1\" \/>\n<link rel=\"canonical\" href=\"https:\/\/fumot.uk\/fi\/product\/vozol-gear-shisha-25k-puffs-mango-freeze\/\" \/>\n<meta property=\"og:locale\" content=\"fi_FI\" \/>\n<meta property=\"og:type\" content=\"article\" \/>\n<meta property=\"og:title\" content=\"Vozol Gear Shisha 25K Puffs \u2013 Mango Freeze\" \/>\n<meta property=\"og:description\" content=\"Sweet tropical mango meets a crisp icy finish. Dual Mesh, 24ml, 2.1&quot; smart display, adjustable power, 1000mAh Type\u2011C rechargeable, 5% nicotine.\" \/>\n<meta property=\"og:url\" content=\"https:\/\/fumot.uk\/fi\/product\/vozol-gear-shisha-25k-puffs-mango-freeze\/\" \/>\n<meta property=\"og:site_name\" content=\"Fumot Official Direct | Straight from the Factory, 100% Genuine\" \/>\n<meta property=\"article:modified_time\" content=\"2026-01-21T02:36:06+00:00\" \/>\n<meta property=\"og:image\" content=\"https:\/\/fumot.uk\/wp-content\/uploads\/2026\/01\/Mango-Freeze-Vozol-Gear-Shisha-25k-Disposable-Vape.jpg\" \/>\n\t<meta property=\"og:image:width\" content=\"1080\" \/>\n\t<meta property=\"og:image:height\" content=\"1080\" \/>\n\t<meta property=\"og:image:type\" content=\"image\/jpeg\" \/>\n<meta name=\"twitter:card\" content=\"summary_large_image\" \/>\n<meta name=\"twitter:label1\" content=\"Arvioitu lukuaika\" \/>\n\t<meta name=\"twitter:data1\" content=\"2 minuuttia\" \/>\n<script type=\"application\/ld+json\" class=\"yoast-schema-graph\">{\"@context\":\"https:\/\/schema.org\",\"@graph\":[{\"@type\":\"WebPage\",\"@id\":\"https:\/\/fumot.uk\/product\/vozol-gear-shisha-25k-puffs-mango-freeze\/\",\"url\":\"https:\/\/fumot.uk\/product\/vozol-gear-shisha-25k-puffs-mango-freeze\/\",\"name\":\"Vozol Gear Shisha 25K Mango Freeze | 24ml, 5% Nic\",\"isPartOf\":{\"@id\":\"https:\/\/fumot.uk\/#website\"},\"primaryImageOfPage\":{\"@id\":\"https:\/\/fumot.uk\/product\/vozol-gear-shisha-25k-puffs-mango-freeze\/#primaryimage\"},\"image\":{\"@id\":\"https:\/\/fumot.uk\/product\/vozol-gear-shisha-25k-puffs-mango-freeze\/#primaryimage\"},\"thumbnailUrl\":\"https:\/\/fumot.uk\/wp-content\/uploads\/2026\/01\/Mango-Freeze-Vozol-Gear-Shisha-25k-Disposable-Vape.jpg\",\"datePublished\":\"2026-01-20T10:09:36+00:00\",\"dateModified\":\"2026-01-21T02:36:06+00:00\",\"description\":\"Mango Freeze Vozol Gear Shisha 25K Puffs: juicy mango with an icy finish. 24ml, Dual Mesh Coil, 1000mAh Type\u2011C rechargeable, 2.1\\\" display, 5% nic.\",\"breadcrumb\":{\"@id\":\"https:\/\/fumot.uk\/product\/vozol-gear-shisha-25k-puffs-mango-freeze\/#breadcrumb\"},\"inLanguage\":\"fi\",\"potentialAction\":[{\"@type\":\"ReadAction\",\"target\":[\"https:\/\/fumot.uk\/product\/vozol-gear-shisha-25k-puffs-mango-freeze\/\"]}]},{\"@type\":\"ImageObject\",\"inLanguage\":\"fi\",\"@id\":\"https:\/\/fumot.uk\/product\/vozol-gear-shisha-25k-puffs-mango-freeze\/#primaryimage\",\"url\":\"https:\/\/fumot.uk\/wp-content\/uploads\/2026\/01\/Mango-Freeze-Vozol-Gear-Shisha-25k-Disposable-Vape.jpg\",\"contentUrl\":\"https:\/\/fumot.uk\/wp-content\/uploads\/2026\/01\/Mango-Freeze-Vozol-Gear-Shisha-25k-Disposable-Vape.jpg\",\"width\":1080,\"height\":1080},{\"@type\":\"BreadcrumbList\",\"@id\":\"https:\/\/fumot.uk\/product\/vozol-gear-shisha-25k-puffs-mango-freeze\/#breadcrumb\",\"itemListElement\":[{\"@type\":\"ListItem\",\"position\":1,\"name\":\"Home\",\"item\":\"https:\/\/fumot.uk\/\"},{\"@type\":\"ListItem\",\"position\":2,\"name\":\"Shop\",\"item\":\"https:\/\/fumot.uk\/shop\/\"},{\"@type\":\"ListItem\",\"position\":3,\"name\":\"Vozol Gear Shisha 25K Puffs Mango Freeze Disposable Vape | 24ml, Dual Mesh, 2.1&#8243; Smart Display, 5% Nic\"}]},{\"@type\":\"WebSite\",\"@id\":\"https:\/\/fumot.uk\/#website\",\"url\":\"https:\/\/fumot.uk\/\",\"name\":\"Fumot Official Direct | Straight from the Factory, 100% Genuine\",\"description\":\"Official Website\",\"publisher\":{\"@id\":\"https:\/\/fumot.uk\/#organization\"},\"potentialAction\":[{\"@type\":\"SearchAction\",\"target\":{\"@type\":\"EntryPoint\",\"urlTemplate\":\"https:\/\/fumot.uk\/?s={search_term_string}\"},\"query-input\":{\"@type\":\"PropertyValueSpecification\",\"valueRequired\":true,\"valueName\":\"search_term_string\"}}],\"inLanguage\":\"fi\"},{\"@type\":\"Organization\",\"@id\":\"https:\/\/fumot.uk\/#organization\",\"name\":\"Fumot Official Direct | Straight from the Factory, 100% Genuine\",\"url\":\"https:\/\/fumot.uk\/\",\"logo\":{\"@type\":\"ImageObject\",\"inLanguage\":\"fi\",\"@id\":\"https:\/\/fumot.uk\/#\/schema\/logo\/image\/\",\"url\":\"https:\/\/fumot.uk\/wp-content\/uploads\/2026\/01\/cropped-fumot-logo1.png\",\"contentUrl\":\"https:\/\/fumot.uk\/wp-content\/uploads\/2026\/01\/cropped-fumot-logo1.png\",\"width\":152,\"height\":106,\"caption\":\"Fumot Official Direct | Straight from the Factory, 100% Genuine\"},\"image\":{\"@id\":\"https:\/\/fumot.uk\/#\/schema\/logo\/image\/\"}}]}<\/script>\n<!-- \/ Yoast SEO plugin. -->","yoast_head_json":{"title":"Vozol Gear Shisha 25K Mango Freeze | 24ml, 5% Nik","description":"Mango Freeze Vozol Gear Shisha 25K Puffs: mehukas mango j\u00e4isell\u00e4 viimeistelyll\u00e4. 24ml, Dual Mesh Coil, 1000mAh Type\u2011C ladattava, 2.1\" n\u00e4ytt\u00f6, 5% nik.","robots":{"index":"index","follow":"follow","max-snippet":"max-snippet:-1","max-image-preview":"max-image-preview:large","max-video-preview":"max-video-preview:-1"},"canonical":"https:\/\/fumot.uk\/fi\/product\/vozol-gear-shisha-25k-puffs-mango-freeze\/","og_locale":"fi_FI","og_type":"article","og_title":"Vozol Gear Shisha 25K Puffs \u2013 Mango Freeze","og_description":"Sweet tropical mango meets a crisp icy finish. Dual Mesh, 24ml, 2.1\" smart display, adjustable power, 1000mAh Type\u2011C rechargeable, 5% nicotine.","og_url":"https:\/\/fumot.uk\/fi\/product\/vozol-gear-shisha-25k-puffs-mango-freeze\/","og_site_name":"Fumot Official Direct | Straight from the Factory, 100% Genuine","article_modified_time":"2026-01-21T02:36:06+00:00","og_image":[{"width":1080,"height":1080,"url":"https:\/\/fumot.uk\/wp-content\/uploads\/2026\/01\/Mango-Freeze-Vozol-Gear-Shisha-25k-Disposable-Vape.jpg","type":"image\/jpeg"}],"twitter_card":"summary_large_image","twitter_misc":{"Arvioitu lukuaika":"2 minuuttia"},"schema":{"@context":"https:\/\/schema.org","@graph":[{"@type":"WebPage","@id":"https:\/\/fumot.uk\/product\/vozol-gear-shisha-25k-puffs-mango-freeze\/","url":"https:\/\/fumot.uk\/product\/vozol-gear-shisha-25k-puffs-mango-freeze\/","name":"Vozol Gear Shisha 25K Mango Freeze | 24ml, 5% Nik","isPartOf":{"@id":"https:\/\/fumot.uk\/#website"},"primaryImageOfPage":{"@id":"https:\/\/fumot.uk\/product\/vozol-gear-shisha-25k-puffs-mango-freeze\/#primaryimage"},"image":{"@id":"https:\/\/fumot.uk\/product\/vozol-gear-shisha-25k-puffs-mango-freeze\/#primaryimage"},"thumbnailUrl":"https:\/\/fumot.uk\/wp-content\/uploads\/2026\/01\/Mango-Freeze-Vozol-Gear-Shisha-25k-Disposable-Vape.jpg","datePublished":"2026-01-20T10:09:36+00:00","dateModified":"2026-01-21T02:36:06+00:00","description":"Mango Freeze Vozol Gear Shisha 25K Puffs: mehukas mango j\u00e4isell\u00e4 viimeistelyll\u00e4. 24ml, Dual Mesh Coil, 1000mAh Type\u2011C ladattava, 2.1\" n\u00e4ytt\u00f6, 5% nik.","breadcrumb":{"@id":"https:\/\/fumot.uk\/product\/vozol-gear-shisha-25k-puffs-mango-freeze\/#breadcrumb"},"inLanguage":"fi","potentialAction":[{"@type":"ReadAction","target":["https:\/\/fumot.uk\/product\/vozol-gear-shisha-25k-puffs-mango-freeze\/"]}]},{"@type":"ImageObject","inLanguage":"fi","@id":"https:\/\/fumot.uk\/product\/vozol-gear-shisha-25k-puffs-mango-freeze\/#primaryimage","url":"https:\/\/fumot.uk\/wp-content\/uploads\/2026\/01\/Mango-Freeze-Vozol-Gear-Shisha-25k-Disposable-Vape.jpg","contentUrl":"https:\/\/fumot.uk\/wp-content\/uploads\/2026\/01\/Mango-Freeze-Vozol-Gear-Shisha-25k-Disposable-Vape.jpg","width":1080,"height":1080},{"@type":"BreadcrumbList","@id":"https:\/\/fumot.uk\/product\/vozol-gear-shisha-25k-puffs-mango-freeze\/#breadcrumb","itemListElement":[{"@type":"ListItem","position":1,"name":"Home","item":"https:\/\/fumot.uk\/"},{"@type":"ListItem","position":2,"name":"Shop","item":"https:\/\/fumot.uk\/shop\/"},{"@type":"ListItem","position":3,"name":"Vozol Gear Shisha 25K Puffs Mango Freeze Disposable Vape | 24ml, Dual Mesh, 2.1&#8243; Smart Display, 5% Nic"}]},{"@type":"WebSite","@id":"https:\/\/fumot.uk\/#website","url":"https:\/\/fumot.uk\/","name":"Fumot Official Direct | Suoraan tehtaalta, 100% Aito","description":"Official Website","publisher":{"@id":"https:\/\/fumot.uk\/#organization"},"potentialAction":[{"@type":"SearchAction","target":{"@type":"EntryPoint","urlTemplate":"https:\/\/fumot.uk\/?s={search_term_string}"},"query-input":{"@type":"PropertyValueSpecification","valueRequired":true,"valueName":"search_term_string"}}],"inLanguage":"fi"},{"@type":"Organization","@id":"https:\/\/fumot.uk\/#organization","name":"Fumot Official Direct | Suoraan tehtaalta, 100% Aito","url":"https:\/\/fumot.uk\/","logo":{"@type":"ImageObject","inLanguage":"fi","@id":"https:\/\/fumot.uk\/#\/schema\/logo\/image\/","url":"https:\/\/fumot.uk\/wp-content\/uploads\/2026\/01\/cropped-fumot-logo1.png","contentUrl":"https:\/\/fumot.uk\/wp-content\/uploads\/2026\/01\/cropped-fumot-logo1.png","width":152,"height":106,"caption":"Fumot Official Direct | Straight from the Factory, 100% Genuine"},"image":{"@id":"https:\/\/fumot.uk\/#\/schema\/logo\/image\/"}}]}},"_links":{"self":[{"href":"https:\/\/fumot.uk\/fi\/wp-json\/wp\/v2\/product\/3254","targetHints":{"allow":["GET"]}}],"collection":[{"href":"https:\/\/fumot.uk\/fi\/wp-json\/wp\/v2\/product"}],"about":[{"href":"https:\/\/fumot.uk\/fi\/wp-json\/wp\/v2\/types\/product"}],"replies":[{"embeddable":true,"href":"https:\/\/fumot.uk\/fi\/wp-json\/wp\/v2\/comments?post=3254"}],"wp:featuredmedia":[{"embeddable":true,"href":"https:\/\/fumot.uk\/fi\/wp-json\/wp\/v2\/media\/3300"}],"wp:attachment":[{"href":"https:\/\/fumot.uk\/fi\/wp-json\/wp\/v2\/media?parent=3254"}],"wp:term":[{"taxonomy":"product_brand","embeddable":true,"href":"https:\/\/fumot.uk\/fi\/wp-json\/wp\/v2\/product_brand?post=3254"},{"taxonomy":"product_cat","embeddable":true,"href":"https:\/\/fumot.uk\/fi\/wp-json\/wp\/v2\/product_cat?post=3254"},{"taxonomy":"product_tag","embeddable":true,"href":"https:\/\/fumot.uk\/fi\/wp-json\/wp\/v2\/product_tag?post=3254"}],"curies":[{"name":"wp","href":"https:\/\/api.w.org\/{rel}","templated":true}]}}