{"id":3009,"date":"2026-01-20T10:06:39","date_gmt":"2026-01-20T10:06:39","guid":{"rendered":"https:\/\/fumot.uk\/?post_type=product&#038;p=3009"},"modified":"2026-01-21T03:23:10","modified_gmt":"2026-01-21T03:23:10","slug":"waspe-triple-flavor-60000-puffs-red-bull-ice-strawberry-mango-strawberry-watermelon-bubblegum","status":"publish","type":"product","link":"https:\/\/fumot.uk\/fi\/product\/waspe-triple-flavor-60000-puffs-red-bull-ice-strawberry-mango-strawberry-watermelon-bubblegum\/","title":{"rendered":"WASPE Triple Flavor 60000 Puffs Kertak\u00e4ytt\u00f6inen Vape (54ml) \u2013 Red Bull Ice \/ Mansikka Mango \/ Mansikka Vesimeloni Purukumi, LED-n\u00e4ytt\u00f6, Type\u2011C Ladattava"},"content":{"rendered":"<h3>WASPE Triple Flavor 60000 Puffs \u2013 Kolme makua, yksi koko p\u00e4iv\u00e4n kest\u00e4v\u00e4 kertak\u00e4ytt\u00f6inen<\/h3>\n<p><strong>WASPE Triple Flavor 60000 Puffs (Red Bull Ice \/ Strawberry Mango \/ Strawberry Watermelon Bubblegum)<\/strong> on suuri kapasiteettinen kertak\u00e4ytt\u00f6inen vape, joka on rakennettu vaihtelua varten. Sen ainutlaatuinen <strong>3-kammioinen muotoilu<\/strong> antaa sinun vaihtaa makuja yksinkertaisella kiertoliikkeell\u00e4, kun taas <strong>kolmella itsen\u00e4isell\u00e4 0.9\u03a9 mesh-k\u00e4\u00e4mill\u00e4<\/strong> auttaa pit\u00e4m\u00e4\u00e4n jokaisen vedon tasaisena ja johdonmukaisena. Sis\u00e4\u00e4nrakennettu <strong>650mAh ladattava akku<\/strong> kanssa <strong>Type\u2011C fast charging<\/strong> ja selke\u00e4\u00e4n <strong>LED display<\/strong> (akku + e-nesteen taso) tekee p\u00e4ivitt\u00e4isest\u00e4 k\u00e4yt\u00f6st\u00e4 helppoa ja ennakoitavaa.<\/p>\n<p>Valitse nikotiinivahvuus, joka sopii rutiiniisi: <strong>0%<\/strong>, <strong>2%<\/strong>, tai <strong>5%<\/strong> (saatavuus voi vaihdella vaihtoehdon mukaan). L\u00f6yd\u00e4 lis\u00e4\u00e4 kolmen maun valintoja ja uusia saapumisia <a href=\"https:\/\/fumot.uk\/fi\/\">fumot.uk<\/a>.<\/p>\n<h4>Makuprofiili: Red Bull Ice + Strawberry Mango + Strawberry Watermelon Bubblegum<\/h4>\n<ul>\n<li><strong>Red Bull Ice:<\/strong> raikas, viile\u00e4 energiajuoman tyylinen vivahde j\u00e4isell\u00e4 viimeistelyll\u00e4.<\/li>\n<li><strong>Mansikka Mango:<\/strong> mehukas mansikan makeus tasapainotettuna trooppisella mangolla.<\/li>\n<li><strong>Strawberry Watermelon Bubblegum:<\/strong> karkkimaiset purukumivibat kerrostettuna kirkkaan mansikan ja virkist\u00e4v\u00e4n vesimelonin p\u00e4\u00e4lle.<\/li>\n<\/ul>\n<p>Vaihda makuja milloin tahansa mielialasi mukaan\u2014viile\u00e4 ja puhdas, hedelm\u00e4inen ja kyps\u00e4 tai makea ja leikkis\u00e4.<\/p>\n<h4>Miksi pid\u00e4t siit\u00e4<\/h4>\n<ul>\n<li><strong>Kolmen maun vaihtaminen:<\/strong> kolme kammiota, kierr\u00e4 vaihtaaksesi\u2014ei sitoutumista vain yhteen makuun.<\/li>\n<li><strong>Jopa 60000 Puffs:<\/strong> tehty pitkille sessioille ja harvemmille vaihdoille.<\/li>\n<li><strong>54ml E-nesteen kapasiteetti:<\/strong> suuri esit\u00e4ytetty tilavuus pitk\u00e4aikaiseen k\u00e4ytt\u00f6\u00f6n.<\/li>\n<li><strong>Kolme 0,9\u03a9 mesh-kelaa:<\/strong> tasainen maun.<\/li>\n<li><strong>LED Display:<\/strong> quick check of battery and e\u2011liquid level.<\/li>\n<li><strong>650mAh Type\u2011C Rechargeable:<\/strong> convenient charging for a disposable format.<\/li>\n<\/ul>\n<h4>Eritelm\u00e4t<\/h4>\n<ul>\n<li><strong>Vedot:<\/strong> Jopa 60000<\/li>\n<li><strong>Makuj\u00e4rjestelm\u00e4:<\/strong> 3\u2011chamber, switchable<\/li>\n<li><strong>K\u00e4\u00e4mi:<\/strong> 0.9\u03a9 Mesh \u00d7 3<\/li>\n<li><strong>E-neste:<\/strong> 54ml<\/li>\n<li><strong>Nikotiinivaihtoehdot:<\/strong> 0% \/ 2% \/ 5%<\/li>\n<li><strong>Akku:<\/strong> 650mAh (ladattava)<\/li>\n<li><strong>Lataus:<\/strong> Type\u2011C<\/li>\n<li><strong>N\u00e4ytt\u00f6:<\/strong> Battery &amp; e\u2011liquid indicator<\/li>\n<\/ul>\n<p><em>Huomautus:<\/em> Puff count varies by individual usage patterns.<\/p>","protected":false},"excerpt":{"rendered":"<p>WASPE Triple Flavor 60000 Puffs kertak\u00e4ytt\u00f6inen vape, jossa on 54ml e-nestett\u00e4, 3 vaihdettavaa kammiota, kolme 0,9\u03a9 mesh-k\u00e4\u00e4mi\u00e4, LED-n\u00e4ytt\u00f6 ja Type-C ladattava 650mAh akku. Maut: Red Bull Ice \/ Mansikka Mango \/ Mansikka Vesimeloni Purukumi. Nikotiinivaihtoehdot: 0%, 2%, 5%.<\/p>","protected":false},"featured_media":3055,"comment_status":"open","ping_status":"closed","template":"","meta":[],"product_brand":[],"product_cat":[115,17,168],"product_tag":[117,131,49,23,29,42,26,64,62,37,118,169,28,32],"class_list":{"0":"post-3009","1":"product","2":"type-product","3":"status-publish","4":"has-post-thumbnail","6":"product_cat-60000-puff","7":"product_cat-vape","8":"product_cat-waspe-triple-flavor-60000-puffs","9":"product_tag-54ml","10":"product_tag-650mah","11":"product_tag-bubblegum","12":"product_tag-display","13":"product_tag-ice","14":"product_tag-mango","15":"product_tag-rechargeable","16":"product_tag-red-bull","17":"product_tag-sale-vape","18":"product_tag-strawberry","19":"product_tag-triple-flavor","20":"product_tag-triple-mesh","21":"product_tag-type-c","22":"product_tag-watermelon","24":"first","25":"instock","26":"sale","27":"shipping-taxable","28":"purchasable","29":"product-type-variable","30":"has-default-attributes"},"yoast_head":"<!-- This site is optimized with the Yoast SEO plugin v26.8 - https:\/\/yoast.com\/product\/yoast-seo-wordpress\/ -->\n<title>WASPE Triple Flavor 60000 Puffs \u2013 Red Bull Ice Mix<\/title>\n<meta name=\"description\" content=\"WASPE Triple Flavor 60000 Puffs: 54ml, 3 vaihdettavaa makua (Red Bull Ice, Strawberry Mango, Strawberry Watermelon Bubblegum), LED-n\u00e4ytt\u00f6, Type\u2011C ladattava 650mAh.\" \/>\n<meta name=\"robots\" content=\"index, follow, max-snippet:-1, max-image-preview:large, max-video-preview:-1\" \/>\n<link rel=\"canonical\" href=\"https:\/\/fumot.uk\/fi\/product\/waspe-triple-flavor-60000-puffs-red-bull-ice-strawberry-mango-strawberry-watermelon-bubblegum\/\" \/>\n<meta property=\"og:locale\" content=\"fi_FI\" \/>\n<meta property=\"og:type\" content=\"article\" \/>\n<meta property=\"og:title\" content=\"WASPE Triple Flavor 60000 Puffs \u2013 3 Flavors in 1 Device\" \/>\n<meta property=\"og:description\" content=\"Switch between Red Bull Ice, Strawberry Mango, and Strawberry Watermelon Bubblegum. 54ml, triple mesh coils, LED display, Type\u2011C rechargeable 650mAh.\" \/>\n<meta property=\"og:url\" content=\"https:\/\/fumot.uk\/fi\/product\/waspe-triple-flavor-60000-puffs-red-bull-ice-strawberry-mango-strawberry-watermelon-bubblegum\/\" \/>\n<meta property=\"og:site_name\" content=\"Fumot Official Direct | Straight from the Factory, 100% Genuine\" \/>\n<meta property=\"article:modified_time\" content=\"2026-01-21T03:23:10+00:00\" \/>\n<meta property=\"og:image\" content=\"https:\/\/fumot.uk\/wp-content\/uploads\/2026\/01\/WASPE-3-IN-1-60000-PUFFS-Red-Bull-Ice-Strawberry-Mango-Strawberry-Watermelon-Bubblegum-Disposable-Vape.jpg\" \/>\n\t<meta property=\"og:image:width\" content=\"1200\" \/>\n\t<meta property=\"og:image:height\" content=\"1200\" \/>\n\t<meta property=\"og:image:type\" content=\"image\/jpeg\" \/>\n<meta name=\"twitter:card\" content=\"summary_large_image\" \/>\n<meta name=\"twitter:label1\" content=\"Arvioitu lukuaika\" \/>\n\t<meta name=\"twitter:data1\" content=\"3 minuuttia\" \/>\n<script type=\"application\/ld+json\" class=\"yoast-schema-graph\">{\"@context\":\"https:\/\/schema.org\",\"@graph\":[{\"@type\":\"WebPage\",\"@id\":\"https:\/\/fumot.uk\/product\/waspe-triple-flavor-60000-puffs-red-bull-ice-strawberry-mango-strawberry-watermelon-bubblegum\/\",\"url\":\"https:\/\/fumot.uk\/product\/waspe-triple-flavor-60000-puffs-red-bull-ice-strawberry-mango-strawberry-watermelon-bubblegum\/\",\"name\":\"WASPE Triple Flavor 60000 Puffs \u2013 Red Bull Ice Mix\",\"isPartOf\":{\"@id\":\"https:\/\/fumot.uk\/#website\"},\"primaryImageOfPage\":{\"@id\":\"https:\/\/fumot.uk\/product\/waspe-triple-flavor-60000-puffs-red-bull-ice-strawberry-mango-strawberry-watermelon-bubblegum\/#primaryimage\"},\"image\":{\"@id\":\"https:\/\/fumot.uk\/product\/waspe-triple-flavor-60000-puffs-red-bull-ice-strawberry-mango-strawberry-watermelon-bubblegum\/#primaryimage\"},\"thumbnailUrl\":\"https:\/\/fumot.uk\/wp-content\/uploads\/2026\/01\/WASPE-3-IN-1-60000-PUFFS-Red-Bull-Ice-Strawberry-Mango-Strawberry-Watermelon-Bubblegum-Disposable-Vape.jpg\",\"datePublished\":\"2026-01-20T10:06:39+00:00\",\"dateModified\":\"2026-01-21T03:23:10+00:00\",\"description\":\"WASPE Triple Flavor 60000 Puffs: 54ml, 3 switchable flavors (Red Bull Ice, Strawberry Mango, Strawberry Watermelon Bubblegum), LED display, Type\u2011C rechargeable 650mAh.\",\"breadcrumb\":{\"@id\":\"https:\/\/fumot.uk\/product\/waspe-triple-flavor-60000-puffs-red-bull-ice-strawberry-mango-strawberry-watermelon-bubblegum\/#breadcrumb\"},\"inLanguage\":\"fi\",\"potentialAction\":[{\"@type\":\"ReadAction\",\"target\":[\"https:\/\/fumot.uk\/product\/waspe-triple-flavor-60000-puffs-red-bull-ice-strawberry-mango-strawberry-watermelon-bubblegum\/\"]}]},{\"@type\":\"ImageObject\",\"inLanguage\":\"fi\",\"@id\":\"https:\/\/fumot.uk\/product\/waspe-triple-flavor-60000-puffs-red-bull-ice-strawberry-mango-strawberry-watermelon-bubblegum\/#primaryimage\",\"url\":\"https:\/\/fumot.uk\/wp-content\/uploads\/2026\/01\/WASPE-3-IN-1-60000-PUFFS-Red-Bull-Ice-Strawberry-Mango-Strawberry-Watermelon-Bubblegum-Disposable-Vape.jpg\",\"contentUrl\":\"https:\/\/fumot.uk\/wp-content\/uploads\/2026\/01\/WASPE-3-IN-1-60000-PUFFS-Red-Bull-Ice-Strawberry-Mango-Strawberry-Watermelon-Bubblegum-Disposable-Vape.jpg\",\"width\":1200,\"height\":1200},{\"@type\":\"BreadcrumbList\",\"@id\":\"https:\/\/fumot.uk\/product\/waspe-triple-flavor-60000-puffs-red-bull-ice-strawberry-mango-strawberry-watermelon-bubblegum\/#breadcrumb\",\"itemListElement\":[{\"@type\":\"ListItem\",\"position\":1,\"name\":\"Home\",\"item\":\"https:\/\/fumot.uk\/\"},{\"@type\":\"ListItem\",\"position\":2,\"name\":\"Shop\",\"item\":\"https:\/\/fumot.uk\/shop\/\"},{\"@type\":\"ListItem\",\"position\":3,\"name\":\"WASPE Triple Flavor 60000 Puffs Disposable Vape (54ml) \u2013 Red Bull Ice \/ Strawberry Mango \/ Strawberry Watermelon Bubblegum, LED Display, Type\u2011C Rechargeable\"}]},{\"@type\":\"WebSite\",\"@id\":\"https:\/\/fumot.uk\/#website\",\"url\":\"https:\/\/fumot.uk\/\",\"name\":\"Fumot Official Direct | Straight from the Factory, 100% Genuine\",\"description\":\"Official Website\",\"publisher\":{\"@id\":\"https:\/\/fumot.uk\/#organization\"},\"potentialAction\":[{\"@type\":\"SearchAction\",\"target\":{\"@type\":\"EntryPoint\",\"urlTemplate\":\"https:\/\/fumot.uk\/?s={search_term_string}\"},\"query-input\":{\"@type\":\"PropertyValueSpecification\",\"valueRequired\":true,\"valueName\":\"search_term_string\"}}],\"inLanguage\":\"fi\"},{\"@type\":\"Organization\",\"@id\":\"https:\/\/fumot.uk\/#organization\",\"name\":\"Fumot Official Direct | Straight from the Factory, 100% Genuine\",\"url\":\"https:\/\/fumot.uk\/\",\"logo\":{\"@type\":\"ImageObject\",\"inLanguage\":\"fi\",\"@id\":\"https:\/\/fumot.uk\/#\/schema\/logo\/image\/\",\"url\":\"https:\/\/fumot.uk\/wp-content\/uploads\/2026\/01\/cropped-fumot-logo1.png\",\"contentUrl\":\"https:\/\/fumot.uk\/wp-content\/uploads\/2026\/01\/cropped-fumot-logo1.png\",\"width\":152,\"height\":106,\"caption\":\"Fumot Official Direct | Straight from the Factory, 100% Genuine\"},\"image\":{\"@id\":\"https:\/\/fumot.uk\/#\/schema\/logo\/image\/\"}}]}<\/script>\n<!-- \/ Yoast SEO plugin. -->","yoast_head_json":{"title":"WASPE Kolminkertainen Maku 60000 Henk\u00e4yst\u00e4 \u2013 Red Bull J\u00e4\u00e4sekoitus","description":"WASPE Triple Flavor 60000 Puffs: 54ml, 3 vaihdettavaa makua (Red Bull Ice, Strawberry Mango, Strawberry Watermelon Bubblegum), LED-n\u00e4ytt\u00f6, Type\u2011C ladattava 650mAh.","robots":{"index":"index","follow":"follow","max-snippet":"max-snippet:-1","max-image-preview":"max-image-preview:large","max-video-preview":"max-video-preview:-1"},"canonical":"https:\/\/fumot.uk\/fi\/product\/waspe-triple-flavor-60000-puffs-red-bull-ice-strawberry-mango-strawberry-watermelon-bubblegum\/","og_locale":"fi_FI","og_type":"article","og_title":"WASPE Triple Flavor 60000 Puffs \u2013 3 Flavors in 1 Device","og_description":"Switch between Red Bull Ice, Strawberry Mango, and Strawberry Watermelon Bubblegum. 54ml, triple mesh coils, LED display, Type\u2011C rechargeable 650mAh.","og_url":"https:\/\/fumot.uk\/fi\/product\/waspe-triple-flavor-60000-puffs-red-bull-ice-strawberry-mango-strawberry-watermelon-bubblegum\/","og_site_name":"Fumot Official Direct | Straight from the Factory, 100% Genuine","article_modified_time":"2026-01-21T03:23:10+00:00","og_image":[{"width":1200,"height":1200,"url":"https:\/\/fumot.uk\/wp-content\/uploads\/2026\/01\/WASPE-3-IN-1-60000-PUFFS-Red-Bull-Ice-Strawberry-Mango-Strawberry-Watermelon-Bubblegum-Disposable-Vape.jpg","type":"image\/jpeg"}],"twitter_card":"summary_large_image","twitter_misc":{"Arvioitu lukuaika":"3 minuuttia"},"schema":{"@context":"https:\/\/schema.org","@graph":[{"@type":"WebPage","@id":"https:\/\/fumot.uk\/product\/waspe-triple-flavor-60000-puffs-red-bull-ice-strawberry-mango-strawberry-watermelon-bubblegum\/","url":"https:\/\/fumot.uk\/product\/waspe-triple-flavor-60000-puffs-red-bull-ice-strawberry-mango-strawberry-watermelon-bubblegum\/","name":"WASPE Kolminkertainen Maku 60000 Henk\u00e4yst\u00e4 \u2013 Red Bull J\u00e4\u00e4sekoitus","isPartOf":{"@id":"https:\/\/fumot.uk\/#website"},"primaryImageOfPage":{"@id":"https:\/\/fumot.uk\/product\/waspe-triple-flavor-60000-puffs-red-bull-ice-strawberry-mango-strawberry-watermelon-bubblegum\/#primaryimage"},"image":{"@id":"https:\/\/fumot.uk\/product\/waspe-triple-flavor-60000-puffs-red-bull-ice-strawberry-mango-strawberry-watermelon-bubblegum\/#primaryimage"},"thumbnailUrl":"https:\/\/fumot.uk\/wp-content\/uploads\/2026\/01\/WASPE-3-IN-1-60000-PUFFS-Red-Bull-Ice-Strawberry-Mango-Strawberry-Watermelon-Bubblegum-Disposable-Vape.jpg","datePublished":"2026-01-20T10:06:39+00:00","dateModified":"2026-01-21T03:23:10+00:00","description":"WASPE Triple Flavor 60000 Puffs: 54ml, 3 switchable flavors (Red Bull Ice, Strawberry Mango, Strawberry Watermelon Bubblegum), LED display, Type\u2011C rechargeable 650mAh.","breadcrumb":{"@id":"https:\/\/fumot.uk\/product\/waspe-triple-flavor-60000-puffs-red-bull-ice-strawberry-mango-strawberry-watermelon-bubblegum\/#breadcrumb"},"inLanguage":"fi","potentialAction":[{"@type":"ReadAction","target":["https:\/\/fumot.uk\/product\/waspe-triple-flavor-60000-puffs-red-bull-ice-strawberry-mango-strawberry-watermelon-bubblegum\/"]}]},{"@type":"ImageObject","inLanguage":"fi","@id":"https:\/\/fumot.uk\/product\/waspe-triple-flavor-60000-puffs-red-bull-ice-strawberry-mango-strawberry-watermelon-bubblegum\/#primaryimage","url":"https:\/\/fumot.uk\/wp-content\/uploads\/2026\/01\/WASPE-3-IN-1-60000-PUFFS-Red-Bull-Ice-Strawberry-Mango-Strawberry-Watermelon-Bubblegum-Disposable-Vape.jpg","contentUrl":"https:\/\/fumot.uk\/wp-content\/uploads\/2026\/01\/WASPE-3-IN-1-60000-PUFFS-Red-Bull-Ice-Strawberry-Mango-Strawberry-Watermelon-Bubblegum-Disposable-Vape.jpg","width":1200,"height":1200},{"@type":"BreadcrumbList","@id":"https:\/\/fumot.uk\/product\/waspe-triple-flavor-60000-puffs-red-bull-ice-strawberry-mango-strawberry-watermelon-bubblegum\/#breadcrumb","itemListElement":[{"@type":"ListItem","position":1,"name":"Home","item":"https:\/\/fumot.uk\/"},{"@type":"ListItem","position":2,"name":"Shop","item":"https:\/\/fumot.uk\/shop\/"},{"@type":"ListItem","position":3,"name":"WASPE Triple Flavor 60000 Puffs Disposable Vape (54ml) \u2013 Red Bull Ice \/ Strawberry Mango \/ Strawberry Watermelon Bubblegum, LED Display, Type\u2011C Rechargeable"}]},{"@type":"WebSite","@id":"https:\/\/fumot.uk\/#website","url":"https:\/\/fumot.uk\/","name":"Fumot Official Direct | Suoraan tehtaalta, 100% Aito","description":"Official Website","publisher":{"@id":"https:\/\/fumot.uk\/#organization"},"potentialAction":[{"@type":"SearchAction","target":{"@type":"EntryPoint","urlTemplate":"https:\/\/fumot.uk\/?s={search_term_string}"},"query-input":{"@type":"PropertyValueSpecification","valueRequired":true,"valueName":"search_term_string"}}],"inLanguage":"fi"},{"@type":"Organization","@id":"https:\/\/fumot.uk\/#organization","name":"Fumot Official Direct | Suoraan tehtaalta, 100% Aito","url":"https:\/\/fumot.uk\/","logo":{"@type":"ImageObject","inLanguage":"fi","@id":"https:\/\/fumot.uk\/#\/schema\/logo\/image\/","url":"https:\/\/fumot.uk\/wp-content\/uploads\/2026\/01\/cropped-fumot-logo1.png","contentUrl":"https:\/\/fumot.uk\/wp-content\/uploads\/2026\/01\/cropped-fumot-logo1.png","width":152,"height":106,"caption":"Fumot Official Direct | Straight from the Factory, 100% Genuine"},"image":{"@id":"https:\/\/fumot.uk\/#\/schema\/logo\/image\/"}}]}},"_links":{"self":[{"href":"https:\/\/fumot.uk\/fi\/wp-json\/wp\/v2\/product\/3009","targetHints":{"allow":["GET"]}}],"collection":[{"href":"https:\/\/fumot.uk\/fi\/wp-json\/wp\/v2\/product"}],"about":[{"href":"https:\/\/fumot.uk\/fi\/wp-json\/wp\/v2\/types\/product"}],"replies":[{"embeddable":true,"href":"https:\/\/fumot.uk\/fi\/wp-json\/wp\/v2\/comments?post=3009"}],"wp:featuredmedia":[{"embeddable":true,"href":"https:\/\/fumot.uk\/fi\/wp-json\/wp\/v2\/media\/3055"}],"wp:attachment":[{"href":"https:\/\/fumot.uk\/fi\/wp-json\/wp\/v2\/media?parent=3009"}],"wp:term":[{"taxonomy":"product_brand","embeddable":true,"href":"https:\/\/fumot.uk\/fi\/wp-json\/wp\/v2\/product_brand?post=3009"},{"taxonomy":"product_cat","embeddable":true,"href":"https:\/\/fumot.uk\/fi\/wp-json\/wp\/v2\/product_cat?post=3009"},{"taxonomy":"product_tag","embeddable":true,"href":"https:\/\/fumot.uk\/fi\/wp-json\/wp\/v2\/product_tag?post=3009"}],"curies":[{"name":"wp","href":"https:\/\/api.w.org\/{rel}","templated":true}]}}