{"id":119,"date":"2026-01-20T02:40:34","date_gmt":"2026-01-20T02:40:34","guid":{"rendered":"https:\/\/fumot.uk\/?post_type=product&#038;p=119"},"modified":"2026-01-20T07:15:03","modified_gmt":"2026-01-20T07:15:03","slug":"watermelon-ice-randm-tornado-12000-puffs","status":"publish","type":"product","link":"https:\/\/fumot.uk\/fi\/product\/watermelon-ice-randm-tornado-12000-puffs\/","title":{"rendered":"RandM Tornado 12000 Puffs Vesimeloni J\u00e4\u00e4 Kertak\u00e4ytt\u00f6inen Vape (20ml, 850mAh, LED-n\u00e4ytt\u00f6)"},"content":{"rendered":"<p><strong>RandM Tornado 12000 Puffs \u2013 Vesimeloni J\u00e4\u00e4<\/strong> tarjoaa kirkkaan, mehukkaan vesimelonin profiilin, joka p\u00e4\u00e4ttyy puhtaaseen j\u00e4iseen tuulahdukseen. Makea, raikas ja virkist\u00e4v\u00e4, se on helppo koko p\u00e4iv\u00e4n maku, joka tuntuu kevyelt\u00e4 suussa samalla kun pysyy tyydytt\u00e4v\u00e4n rohkeana.<\/p>\n<p>Suunniteltu mukavuuteen ja johdonmukaisuuteen, t\u00e4m\u00e4 <strong>12000 puffin kertak\u00e4ytt\u00f6inen vape<\/strong> yhdist\u00e4\u00e4 <strong>verkkok\u00e4\u00e4miteknologian<\/strong> leopardikuvioisen hohteen <strong>ladattavalla 850mAh akulla<\/strong> auttaakseen pit\u00e4m\u00e4\u00e4n vedon tasaisena alusta loppuun. Integroitu <strong>LED display<\/strong> antaa sinun tarkistaa sek\u00e4 akun ett\u00e4 e-nesteen tilan yhdell\u00e4 silm\u00e4yksell\u00e4\u2014joten tied\u00e4t, milloin on aika ladata.<\/p>\n<h3>Maku Huomautukset: Vesimeloni J\u00e4\u00e4<\/h3>\n<ul>\n<li><strong>Yl\u00e4osa:<\/strong> tuore vesimelonin makeus<\/li>\n<li><strong>Lopetus:<\/strong> viilent\u00e4v\u00e4 j\u00e4\u00e4 tunne puhtaalle, viile\u00e4lle uloshengitykselle<\/li>\n<\/ul>\n<h3>Key Features<\/h3>\n<ul>\n<li><strong>Jopa 12,000 henk\u00e4yst\u00e4<\/strong> per laite<\/li>\n<li><strong>20ml e-neste<\/strong> kapasiteetti<\/li>\n<li><strong>Nikotiinisuola vaihtoehdot:<\/strong> 0% \/ 2% \/ 3% \/ 5%<\/li>\n<li><strong>Ladattava 850mAh<\/strong> sis\u00e4\u00e4nrakennettu akku<\/li>\n<li><strong>USB Type-C<\/strong> lataus<\/li>\n<li><strong>Verkkok\u00e4\u00e4mi<\/strong> tasaisemman maun ja johdonmukaisen h\u00f6yryn puolesta<\/li>\n<li><strong>LED display<\/strong> akun &amp; e-nesteen tilalle<\/li>\n<li><strong>40 makua saatavilla<\/strong> RandM Tornado 12000 -sarjassa<\/li>\n<\/ul>\n<p>Etsitk\u00f6 lis\u00e4\u00e4 makuja ja tarjouksia valikoimasta? K\u00e4y <strong><a href=\"https:\/\/fumot.uk\/fi\/\">fumot.uk<\/a><\/strong> uusimpien <strong>RandM Tornado 12000 Puffs<\/strong> vaihtoehtojen ja muiden kertak\u00e4ytt\u00f6isten vape-suosikkien parissa.<\/p>\n<p><em>Huomautus:<\/em> Puff-m\u00e4\u00e4r\u00e4 on arvio ja voi vaihdella k\u00e4ytt\u00f6tavan mukaan.<\/p>","protected":false},"excerpt":{"rendered":"<p>Mehukas Vesimeloni J\u00e4\u00e4 RandM Tornado 12000:ssa: 20 ml e-nestett\u00e4, mesh-k\u00e4\u00e4mi, LED-n\u00e4ytt\u00f6 ja ladattava 850 mAh Type\u2011C-akku. Valitse 0\/2\/3\/5% nikotiinisuola.<\/p>","protected":false},"featured_media":175,"comment_status":"open","ping_status":"closed","template":"","meta":[],"product_brand":[],"product_cat":[58,59,17],"product_tag":[60,20,23,29,25,26,62,28,32],"class_list":{"0":"post-119","1":"product","2":"type-product","3":"status-publish","4":"has-post-thumbnail","6":"product_cat-12000-puff","7":"product_cat-randm-tornado-12000-puffs","8":"product_cat-vape","9":"product_tag-20ml","10":"product_tag-850mah","11":"product_tag-display","12":"product_tag-ice","13":"product_tag-mesh-coil","14":"product_tag-rechargeable","15":"product_tag-sale-vape","16":"product_tag-type-c","17":"product_tag-watermelon","19":"first","20":"instock","21":"sale","22":"shipping-taxable","23":"purchasable","24":"product-type-variable","25":"has-default-attributes"},"yoast_head":"<!-- This site is optimized with the Yoast SEO plugin v26.8 - https:\/\/yoast.com\/product\/yoast-seo-wordpress\/ -->\n<title>RandM Tornado 12000 Vesimeloni J\u00e4\u00e4 | 20ml, 850mAh<\/title>\n<meta name=\"description\" content=\"RandM Tornado 12000 Puffs Watermelon Ice kertak\u00e4ytt\u00f6inen vape: 20ml, mesh-k\u00e4\u00e4mi, LED-n\u00e4ytt\u00f6, Type\u2011C ladattava 850mAh. Valitse 0\/2\/3\/5% nikotiinisuola.\" \/>\n<meta name=\"robots\" content=\"index, follow, max-snippet:-1, max-image-preview:large, max-video-preview:-1\" \/>\n<link rel=\"canonical\" href=\"https:\/\/fumot.uk\/fi\/product\/watermelon-ice-randm-tornado-12000-puffs\/\" \/>\n<meta property=\"og:locale\" content=\"fi_FI\" \/>\n<meta property=\"og:type\" content=\"article\" \/>\n<meta property=\"og:title\" content=\"RandM Tornado 12000 Watermelon Ice \u2013 Juicy &amp; Icy\" \/>\n<meta property=\"og:description\" content=\"Sweet watermelon with a cool icy finish. 20ml e-liquid, mesh coil, LED display, and rechargeable 850mAh Type\u2011C battery. Options: 0\/2\/3\/5%.\" \/>\n<meta property=\"og:url\" content=\"https:\/\/fumot.uk\/fi\/product\/watermelon-ice-randm-tornado-12000-puffs\/\" \/>\n<meta property=\"og:site_name\" content=\"Fumot Official Direct | Straight from the Factory, 100% Genuine\" \/>\n<meta property=\"article:modified_time\" content=\"2026-01-20T07:15:03+00:00\" \/>\n<meta property=\"og:image\" content=\"https:\/\/fumot.uk\/wp-content\/uploads\/2026\/01\/Randm-Tornado-12000-Puffs-Watermelon-Ice-Disposable-Vape.jpg\" \/>\n\t<meta property=\"og:image:width\" content=\"2000\" \/>\n\t<meta property=\"og:image:height\" content=\"2000\" \/>\n\t<meta property=\"og:image:type\" content=\"image\/jpeg\" \/>\n<meta name=\"twitter:card\" content=\"summary_large_image\" \/>\n<meta name=\"twitter:label1\" content=\"Arvioitu lukuaika\" \/>\n\t<meta name=\"twitter:data1\" content=\"2 minuuttia\" \/>\n<script type=\"application\/ld+json\" class=\"yoast-schema-graph\">{\"@context\":\"https:\/\/schema.org\",\"@graph\":[{\"@type\":\"WebPage\",\"@id\":\"https:\/\/fumot.uk\/product\/watermelon-ice-randm-tornado-12000-puffs\/\",\"url\":\"https:\/\/fumot.uk\/product\/watermelon-ice-randm-tornado-12000-puffs\/\",\"name\":\"RandM Tornado 12000 Watermelon Ice | 20ml, 850mAh\",\"isPartOf\":{\"@id\":\"https:\/\/fumot.uk\/#website\"},\"primaryImageOfPage\":{\"@id\":\"https:\/\/fumot.uk\/product\/watermelon-ice-randm-tornado-12000-puffs\/#primaryimage\"},\"image\":{\"@id\":\"https:\/\/fumot.uk\/product\/watermelon-ice-randm-tornado-12000-puffs\/#primaryimage\"},\"thumbnailUrl\":\"https:\/\/fumot.uk\/wp-content\/uploads\/2026\/01\/Randm-Tornado-12000-Puffs-Watermelon-Ice-Disposable-Vape.jpg\",\"datePublished\":\"2026-01-20T02:40:34+00:00\",\"dateModified\":\"2026-01-20T07:15:03+00:00\",\"description\":\"RandM Tornado 12000 Puffs Watermelon Ice disposable vape: 20ml, mesh coil, LED display, Type\u2011C rechargeable 850mAh. Choose 0\/2\/3\/5% nic salt.\",\"breadcrumb\":{\"@id\":\"https:\/\/fumot.uk\/product\/watermelon-ice-randm-tornado-12000-puffs\/#breadcrumb\"},\"inLanguage\":\"fi\",\"potentialAction\":[{\"@type\":\"ReadAction\",\"target\":[\"https:\/\/fumot.uk\/product\/watermelon-ice-randm-tornado-12000-puffs\/\"]}]},{\"@type\":\"ImageObject\",\"inLanguage\":\"fi\",\"@id\":\"https:\/\/fumot.uk\/product\/watermelon-ice-randm-tornado-12000-puffs\/#primaryimage\",\"url\":\"https:\/\/fumot.uk\/wp-content\/uploads\/2026\/01\/Randm-Tornado-12000-Puffs-Watermelon-Ice-Disposable-Vape.jpg\",\"contentUrl\":\"https:\/\/fumot.uk\/wp-content\/uploads\/2026\/01\/Randm-Tornado-12000-Puffs-Watermelon-Ice-Disposable-Vape.jpg\",\"width\":2000,\"height\":2000},{\"@type\":\"BreadcrumbList\",\"@id\":\"https:\/\/fumot.uk\/product\/watermelon-ice-randm-tornado-12000-puffs\/#breadcrumb\",\"itemListElement\":[{\"@type\":\"ListItem\",\"position\":1,\"name\":\"Home\",\"item\":\"https:\/\/fumot.uk\/\"},{\"@type\":\"ListItem\",\"position\":2,\"name\":\"Shop\",\"item\":\"https:\/\/fumot.uk\/shop\/\"},{\"@type\":\"ListItem\",\"position\":3,\"name\":\"RandM Tornado 12000 Puffs Watermelon Ice Disposable Vape (20ml, 850mAh, LED Display)\"}]},{\"@type\":\"WebSite\",\"@id\":\"https:\/\/fumot.uk\/#website\",\"url\":\"https:\/\/fumot.uk\/\",\"name\":\"Fumot Official Direct | Straight from the Factory, 100% Genuine\",\"description\":\"Official Website\",\"publisher\":{\"@id\":\"https:\/\/fumot.uk\/#organization\"},\"potentialAction\":[{\"@type\":\"SearchAction\",\"target\":{\"@type\":\"EntryPoint\",\"urlTemplate\":\"https:\/\/fumot.uk\/?s={search_term_string}\"},\"query-input\":{\"@type\":\"PropertyValueSpecification\",\"valueRequired\":true,\"valueName\":\"search_term_string\"}}],\"inLanguage\":\"fi\"},{\"@type\":\"Organization\",\"@id\":\"https:\/\/fumot.uk\/#organization\",\"name\":\"Fumot Official Direct | Straight from the Factory, 100% Genuine\",\"url\":\"https:\/\/fumot.uk\/\",\"logo\":{\"@type\":\"ImageObject\",\"inLanguage\":\"fi\",\"@id\":\"https:\/\/fumot.uk\/#\/schema\/logo\/image\/\",\"url\":\"https:\/\/fumot.uk\/wp-content\/uploads\/2026\/01\/cropped-fumot-logo1.png\",\"contentUrl\":\"https:\/\/fumot.uk\/wp-content\/uploads\/2026\/01\/cropped-fumot-logo1.png\",\"width\":152,\"height\":106,\"caption\":\"Fumot Official Direct | Straight from the Factory, 100% Genuine\"},\"image\":{\"@id\":\"https:\/\/fumot.uk\/#\/schema\/logo\/image\/\"}}]}<\/script>\n<!-- \/ Yoast SEO plugin. -->","yoast_head_json":{"title":"RandM Tornado 12000 Vesimeloni J\u00e4\u00e4 | 20ml, 850mAh","description":"RandM Tornado 12000 Puffs Vesimeloni J\u00e4\u00e4 kertak\u00e4ytt\u00f6inen vape: 20ml, mesh-k\u00e4\u00e4mi, LED-n\u00e4ytt\u00f6, Type\u2011C ladattava 850mAh. Valitse 0\/2\/3\/5% nikotiinisuola.","robots":{"index":"index","follow":"follow","max-snippet":"max-snippet:-1","max-image-preview":"max-image-preview:large","max-video-preview":"max-video-preview:-1"},"canonical":"https:\/\/fumot.uk\/fi\/product\/watermelon-ice-randm-tornado-12000-puffs\/","og_locale":"fi_FI","og_type":"article","og_title":"RandM Tornado 12000 Watermelon Ice \u2013 Juicy & Icy","og_description":"Sweet watermelon with a cool icy finish. 20ml e-liquid, mesh coil, LED display, and rechargeable 850mAh Type\u2011C battery. Options: 0\/2\/3\/5%.","og_url":"https:\/\/fumot.uk\/fi\/product\/watermelon-ice-randm-tornado-12000-puffs\/","og_site_name":"Fumot Official Direct | Straight from the Factory, 100% Genuine","article_modified_time":"2026-01-20T07:15:03+00:00","og_image":[{"width":2000,"height":2000,"url":"https:\/\/fumot.uk\/wp-content\/uploads\/2026\/01\/Randm-Tornado-12000-Puffs-Watermelon-Ice-Disposable-Vape.jpg","type":"image\/jpeg"}],"twitter_card":"summary_large_image","twitter_misc":{"Arvioitu lukuaika":"2 minuuttia"},"schema":{"@context":"https:\/\/schema.org","@graph":[{"@type":"WebPage","@id":"https:\/\/fumot.uk\/product\/watermelon-ice-randm-tornado-12000-puffs\/","url":"https:\/\/fumot.uk\/product\/watermelon-ice-randm-tornado-12000-puffs\/","name":"RandM Tornado 12000 Watermelon Ice | 20ml, 850mAh","isPartOf":{"@id":"https:\/\/fumot.uk\/#website"},"primaryImageOfPage":{"@id":"https:\/\/fumot.uk\/product\/watermelon-ice-randm-tornado-12000-puffs\/#primaryimage"},"image":{"@id":"https:\/\/fumot.uk\/product\/watermelon-ice-randm-tornado-12000-puffs\/#primaryimage"},"thumbnailUrl":"https:\/\/fumot.uk\/wp-content\/uploads\/2026\/01\/Randm-Tornado-12000-Puffs-Watermelon-Ice-Disposable-Vape.jpg","datePublished":"2026-01-20T02:40:34+00:00","dateModified":"2026-01-20T07:15:03+00:00","description":"RandM Tornado 12000 Puffs Vesimeloni J\u00e4\u00e4 kertak\u00e4ytt\u00f6inen vape: 20ml, verkkok\u00e4\u00e4mi, LED-n\u00e4ytt\u00f6, Type-C ladattava 850mAh. Valitse 0\/2\/3\/5% nikotiinisuola.","breadcrumb":{"@id":"https:\/\/fumot.uk\/product\/watermelon-ice-randm-tornado-12000-puffs\/#breadcrumb"},"inLanguage":"fi","potentialAction":[{"@type":"ReadAction","target":["https:\/\/fumot.uk\/product\/watermelon-ice-randm-tornado-12000-puffs\/"]}]},{"@type":"ImageObject","inLanguage":"fi","@id":"https:\/\/fumot.uk\/product\/watermelon-ice-randm-tornado-12000-puffs\/#primaryimage","url":"https:\/\/fumot.uk\/wp-content\/uploads\/2026\/01\/Randm-Tornado-12000-Puffs-Watermelon-Ice-Disposable-Vape.jpg","contentUrl":"https:\/\/fumot.uk\/wp-content\/uploads\/2026\/01\/Randm-Tornado-12000-Puffs-Watermelon-Ice-Disposable-Vape.jpg","width":2000,"height":2000},{"@type":"BreadcrumbList","@id":"https:\/\/fumot.uk\/product\/watermelon-ice-randm-tornado-12000-puffs\/#breadcrumb","itemListElement":[{"@type":"ListItem","position":1,"name":"Home","item":"https:\/\/fumot.uk\/"},{"@type":"ListItem","position":2,"name":"Shop","item":"https:\/\/fumot.uk\/shop\/"},{"@type":"ListItem","position":3,"name":"RandM Tornado 12000 Puffs Watermelon Ice Disposable Vape (20ml, 850mAh, LED Display)"}]},{"@type":"WebSite","@id":"https:\/\/fumot.uk\/#website","url":"https:\/\/fumot.uk\/","name":"Fumot Official Direct | Suoraan tehtaalta, 100% Aito","description":"Official Website","publisher":{"@id":"https:\/\/fumot.uk\/#organization"},"potentialAction":[{"@type":"SearchAction","target":{"@type":"EntryPoint","urlTemplate":"https:\/\/fumot.uk\/?s={search_term_string}"},"query-input":{"@type":"PropertyValueSpecification","valueRequired":true,"valueName":"search_term_string"}}],"inLanguage":"fi"},{"@type":"Organization","@id":"https:\/\/fumot.uk\/#organization","name":"Fumot Official Direct | Suoraan tehtaalta, 100% Aito","url":"https:\/\/fumot.uk\/","logo":{"@type":"ImageObject","inLanguage":"fi","@id":"https:\/\/fumot.uk\/#\/schema\/logo\/image\/","url":"https:\/\/fumot.uk\/wp-content\/uploads\/2026\/01\/cropped-fumot-logo1.png","contentUrl":"https:\/\/fumot.uk\/wp-content\/uploads\/2026\/01\/cropped-fumot-logo1.png","width":152,"height":106,"caption":"Fumot Official Direct | Straight from the Factory, 100% Genuine"},"image":{"@id":"https:\/\/fumot.uk\/#\/schema\/logo\/image\/"}}]}},"_links":{"self":[{"href":"https:\/\/fumot.uk\/fi\/wp-json\/wp\/v2\/product\/119","targetHints":{"allow":["GET"]}}],"collection":[{"href":"https:\/\/fumot.uk\/fi\/wp-json\/wp\/v2\/product"}],"about":[{"href":"https:\/\/fumot.uk\/fi\/wp-json\/wp\/v2\/types\/product"}],"replies":[{"embeddable":true,"href":"https:\/\/fumot.uk\/fi\/wp-json\/wp\/v2\/comments?post=119"}],"wp:featuredmedia":[{"embeddable":true,"href":"https:\/\/fumot.uk\/fi\/wp-json\/wp\/v2\/media\/175"}],"wp:attachment":[{"href":"https:\/\/fumot.uk\/fi\/wp-json\/wp\/v2\/media?parent=119"}],"wp:term":[{"taxonomy":"product_brand","embeddable":true,"href":"https:\/\/fumot.uk\/fi\/wp-json\/wp\/v2\/product_brand?post=119"},{"taxonomy":"product_cat","embeddable":true,"href":"https:\/\/fumot.uk\/fi\/wp-json\/wp\/v2\/product_cat?post=119"},{"taxonomy":"product_tag","embeddable":true,"href":"https:\/\/fumot.uk\/fi\/wp-json\/wp\/v2\/product_tag?post=119"}],"curies":[{"name":"wp","href":"https:\/\/api.w.org\/{rel}","templated":true}]}}