{"id":111,"date":"2026-01-20T02:40:33","date_gmt":"2026-01-20T02:40:33","guid":{"rendered":"https:\/\/fumot.uk\/?post_type=product&#038;p=111"},"modified":"2026-01-20T02:43:20","modified_gmt":"2026-01-20T02:43:20","slug":"randm-tornado-15000-puffs-mango-on-ice","status":"publish","type":"product","link":"https:\/\/fumot.uk\/fi\/product\/randm-tornado-15000-puffs-mango-on-ice\/","title":{"rendered":"Randm Tornado 15000 Puffia-Mango J\u00e4\u00e4ll\u00e4"},"content":{"rendered":"<h4>Mango On ice-Randm Tornado 15000 Puffs<\/h4>\n<p><strong>RandM Tornado 15000 Puffs Mango On Ice<\/strong> yhdist\u00e4\u00e4 kyps\u00e4n mangon eksoottisen, makean maun raikkaaseen, viile\u00e4\u00e4n vivahteeseen, joka tarjoaa trooppisen h\u00f6yrytyskokemuksen. Kehittyneen mesh-coil-teknologian ja s\u00e4\u00e4dett\u00e4v\u00e4n ilmavirtaj\u00e4rjestelm\u00e4n ansiosta h\u00f6yry on tasainen ja pehme\u00e4, jolloin maku tulee esiin intensiivisesti ja selke\u00e4sti. K\u00e4yt\u00e4nn\u00f6llinen LED-n\u00e4ytt\u00f6 mahdollistaa akun ja E-nesteen tason helpon reaaliaikaisen seurannan, joten voit h\u00f6yrytt\u00e4\u00e4 huoletta milloin tahansa.<\/p>\n<h4>Ominaisuudet ja piirteet:<\/h4>\n<p>\u2611 0\/2\/3\/5% nikotiinisuola<br \/>\n\u2611 25 ml E-nestett\u00e4<br \/>\n\u2611 Mesh-coil<br \/>\n\u2611 Ladattava akku<br \/>\n\u2611 Integroitu <a href=\"https:\/\/ultravape.de\/product-tag\/850mah\/\">850 mAh akku<\/a><br \/>\n\u2611 41 saatavilla olevaa makua<\/p>","protected":false},"excerpt":{"rendered":"<p>Mango On ice-Randm Tornado 15000 Puffs RandM Tornado 15000 Puffs Mango On Ice vereint den exotischen, s\u00fc\u00dfen Geschmack reifer Mango mit einer erfrischenden, k\u00fchlen Note, die f\u00fcr ein tropisches Dampferlebnis sorgt. Dank der fortschrittlichen Mesh-Coil-Technologie und des verstellbaren Luftstromsystems wird der Dampf gleichm\u00e4\u00dfig und geschmeidig, wodurch der Geschmack intensiv und klar zur Geltung kommt. Das [\u2026]<\/p>","protected":false},"featured_media":154,"comment_status":"open","ping_status":"closed","template":"","meta":[],"product_brand":[],"product_cat":[16,18,17],"product_tag":[19,20,21,23,29,25,30,26,27,28],"class_list":{"0":"post-111","1":"product","2":"type-product","3":"status-publish","4":"has-post-thumbnail","6":"product_cat-15000-puff","7":"product_cat-randm-tornado-15000-puffs","8":"product_cat-vape","9":"product_tag-25ml","10":"product_tag-850mah","11":"product_tag-adjustable-airflow","12":"product_tag-display","13":"product_tag-ice","14":"product_tag-mesh-coil","15":"product_tag-peach","16":"product_tag-rechargeable","17":"product_tag-rgb-light","18":"product_tag-type-c","20":"first","21":"instock","22":"sale","23":"shipping-taxable","24":"purchasable","25":"product-type-variable","26":"has-default-attributes"},"yoast_head":"<!-- This site is optimized with the Yoast SEO plugin v26.8 - https:\/\/yoast.com\/product\/yoast-seo-wordpress\/ -->\n<title>Randm Tornado 15000 Puffs-Mango On ice - Fumot Official Direct | Suoraan tehtaalta, 100% Aito<\/title>\n<meta name=\"robots\" content=\"index, follow, max-snippet:-1, max-image-preview:large, max-video-preview:-1\" \/>\n<link rel=\"canonical\" href=\"https:\/\/fumot.uk\/fi\/product\/randm-tornado-15000-puffs-mango-on-ice\/\" \/>\n<meta property=\"og:locale\" content=\"fi_FI\" \/>\n<meta property=\"og:type\" content=\"article\" \/>\n<meta property=\"og:title\" content=\"Randm Tornado 15000 Puffs-Mango On ice - Fumot Official Direct | Straight from the Factory, 100% Genuine\" \/>\n<meta property=\"og:description\" content=\"Mango On ice-Randm Tornado 15000 Puffs RandM Tornado 15000 Puffs Mango On Ice vereint den exotischen, s\u00fc\u00dfen Geschmack reifer Mango mit einer erfrischenden, k\u00fchlen Note, die f\u00fcr ein tropisches Dampferlebnis sorgt. Dank der fortschrittlichen Mesh-Coil-Technologie und des verstellbaren Luftstromsystems wird der Dampf gleichm\u00e4\u00dfig und geschmeidig, wodurch der Geschmack intensiv und klar zur Geltung kommt. Das [&hellip;]\" \/>\n<meta property=\"og:url\" content=\"https:\/\/fumot.uk\/fi\/product\/randm-tornado-15000-puffs-mango-on-ice\/\" \/>\n<meta property=\"og:site_name\" content=\"Fumot Official Direct | Straight from the Factory, 100% Genuine\" \/>\n<meta property=\"article:modified_time\" content=\"2026-01-20T02:43:20+00:00\" \/>\n<meta property=\"og:image\" content=\"https:\/\/fumot.uk\/wp-content\/uploads\/2026\/01\/Randm-Tornado-15000-Mango-On-ice.jpg\" \/>\n\t<meta property=\"og:image:width\" content=\"2000\" \/>\n\t<meta property=\"og:image:height\" content=\"2000\" \/>\n\t<meta property=\"og:image:type\" content=\"image\/jpeg\" \/>\n<meta name=\"twitter:card\" content=\"summary_large_image\" \/>\n<meta name=\"twitter:label1\" content=\"Arvioitu lukuaika\" \/>\n\t<meta name=\"twitter:data1\" content=\"1 minuutti\" \/>\n<script type=\"application\/ld+json\" class=\"yoast-schema-graph\">{\"@context\":\"https:\/\/schema.org\",\"@graph\":[{\"@type\":\"WebPage\",\"@id\":\"https:\/\/fumot.uk\/product\/randm-tornado-15000-puffs-mango-on-ice\/\",\"url\":\"https:\/\/fumot.uk\/product\/randm-tornado-15000-puffs-mango-on-ice\/\",\"name\":\"Randm Tornado 15000 Puffs-Mango On ice - Fumot Official Direct | Straight from the Factory, 100% Genuine\",\"isPartOf\":{\"@id\":\"https:\/\/fumot.uk\/#website\"},\"primaryImageOfPage\":{\"@id\":\"https:\/\/fumot.uk\/product\/randm-tornado-15000-puffs-mango-on-ice\/#primaryimage\"},\"image\":{\"@id\":\"https:\/\/fumot.uk\/product\/randm-tornado-15000-puffs-mango-on-ice\/#primaryimage\"},\"thumbnailUrl\":\"https:\/\/fumot.uk\/wp-content\/uploads\/2026\/01\/Randm-Tornado-15000-Mango-On-ice.jpg\",\"datePublished\":\"2026-01-20T02:40:33+00:00\",\"dateModified\":\"2026-01-20T02:43:20+00:00\",\"breadcrumb\":{\"@id\":\"https:\/\/fumot.uk\/product\/randm-tornado-15000-puffs-mango-on-ice\/#breadcrumb\"},\"inLanguage\":\"fi\",\"potentialAction\":[{\"@type\":\"ReadAction\",\"target\":[\"https:\/\/fumot.uk\/product\/randm-tornado-15000-puffs-mango-on-ice\/\"]}]},{\"@type\":\"ImageObject\",\"inLanguage\":\"fi\",\"@id\":\"https:\/\/fumot.uk\/product\/randm-tornado-15000-puffs-mango-on-ice\/#primaryimage\",\"url\":\"https:\/\/fumot.uk\/wp-content\/uploads\/2026\/01\/Randm-Tornado-15000-Mango-On-ice.jpg\",\"contentUrl\":\"https:\/\/fumot.uk\/wp-content\/uploads\/2026\/01\/Randm-Tornado-15000-Mango-On-ice.jpg\",\"width\":2000,\"height\":2000},{\"@type\":\"BreadcrumbList\",\"@id\":\"https:\/\/fumot.uk\/product\/randm-tornado-15000-puffs-mango-on-ice\/#breadcrumb\",\"itemListElement\":[{\"@type\":\"ListItem\",\"position\":1,\"name\":\"Home\",\"item\":\"https:\/\/fumot.uk\/\"},{\"@type\":\"ListItem\",\"position\":2,\"name\":\"Shop\",\"item\":\"https:\/\/fumot.uk\/shop\/\"},{\"@type\":\"ListItem\",\"position\":3,\"name\":\"Randm Tornado 15000 Puffs-Mango On ice\"}]},{\"@type\":\"WebSite\",\"@id\":\"https:\/\/fumot.uk\/#website\",\"url\":\"https:\/\/fumot.uk\/\",\"name\":\"Fumot Official Direct | Straight from the Factory, 100% Genuine\",\"description\":\"Official Website\",\"publisher\":{\"@id\":\"https:\/\/fumot.uk\/#organization\"},\"potentialAction\":[{\"@type\":\"SearchAction\",\"target\":{\"@type\":\"EntryPoint\",\"urlTemplate\":\"https:\/\/fumot.uk\/?s={search_term_string}\"},\"query-input\":{\"@type\":\"PropertyValueSpecification\",\"valueRequired\":true,\"valueName\":\"search_term_string\"}}],\"inLanguage\":\"fi\"},{\"@type\":\"Organization\",\"@id\":\"https:\/\/fumot.uk\/#organization\",\"name\":\"Fumot Official Direct | Straight from the Factory, 100% Genuine\",\"url\":\"https:\/\/fumot.uk\/\",\"logo\":{\"@type\":\"ImageObject\",\"inLanguage\":\"fi\",\"@id\":\"https:\/\/fumot.uk\/#\/schema\/logo\/image\/\",\"url\":\"https:\/\/fumot.uk\/wp-content\/uploads\/2026\/01\/cropped-fumot-logo1.png\",\"contentUrl\":\"https:\/\/fumot.uk\/wp-content\/uploads\/2026\/01\/cropped-fumot-logo1.png\",\"width\":152,\"height\":106,\"caption\":\"Fumot Official Direct | Straight from the Factory, 100% Genuine\"},\"image\":{\"@id\":\"https:\/\/fumot.uk\/#\/schema\/logo\/image\/\"}}]}<\/script>\n<!-- \/ Yoast SEO plugin. -->","yoast_head_json":{"title":"Randm Tornado 15000 Puffs-Mango On ice - Fumot Official Direct | Suoraan tehtaalta, 100% Aito","robots":{"index":"index","follow":"follow","max-snippet":"max-snippet:-1","max-image-preview":"max-image-preview:large","max-video-preview":"max-video-preview:-1"},"canonical":"https:\/\/fumot.uk\/fi\/product\/randm-tornado-15000-puffs-mango-on-ice\/","og_locale":"fi_FI","og_type":"article","og_title":"Randm Tornado 15000 Puffs-Mango On ice - Fumot Official Direct | Straight from the Factory, 100% Genuine","og_description":"Mango On ice-Randm Tornado 15000 Puffs RandM Tornado 15000 Puffs Mango On Ice vereint den exotischen, s\u00fc\u00dfen Geschmack reifer Mango mit einer erfrischenden, k\u00fchlen Note, die f\u00fcr ein tropisches Dampferlebnis sorgt. Dank der fortschrittlichen Mesh-Coil-Technologie und des verstellbaren Luftstromsystems wird der Dampf gleichm\u00e4\u00dfig und geschmeidig, wodurch der Geschmack intensiv und klar zur Geltung kommt. Das [&hellip;]","og_url":"https:\/\/fumot.uk\/fi\/product\/randm-tornado-15000-puffs-mango-on-ice\/","og_site_name":"Fumot Official Direct | Straight from the Factory, 100% Genuine","article_modified_time":"2026-01-20T02:43:20+00:00","og_image":[{"width":2000,"height":2000,"url":"https:\/\/fumot.uk\/wp-content\/uploads\/2026\/01\/Randm-Tornado-15000-Mango-On-ice.jpg","type":"image\/jpeg"}],"twitter_card":"summary_large_image","twitter_misc":{"Arvioitu lukuaika":"1 minuutti"},"schema":{"@context":"https:\/\/schema.org","@graph":[{"@type":"WebPage","@id":"https:\/\/fumot.uk\/product\/randm-tornado-15000-puffs-mango-on-ice\/","url":"https:\/\/fumot.uk\/product\/randm-tornado-15000-puffs-mango-on-ice\/","name":"Randm Tornado 15000 Puffs-Mango On ice - Fumot Official Direct | Suoraan tehtaalta, 100% Aito","isPartOf":{"@id":"https:\/\/fumot.uk\/#website"},"primaryImageOfPage":{"@id":"https:\/\/fumot.uk\/product\/randm-tornado-15000-puffs-mango-on-ice\/#primaryimage"},"image":{"@id":"https:\/\/fumot.uk\/product\/randm-tornado-15000-puffs-mango-on-ice\/#primaryimage"},"thumbnailUrl":"https:\/\/fumot.uk\/wp-content\/uploads\/2026\/01\/Randm-Tornado-15000-Mango-On-ice.jpg","datePublished":"2026-01-20T02:40:33+00:00","dateModified":"2026-01-20T02:43:20+00:00","breadcrumb":{"@id":"https:\/\/fumot.uk\/product\/randm-tornado-15000-puffs-mango-on-ice\/#breadcrumb"},"inLanguage":"fi","potentialAction":[{"@type":"ReadAction","target":["https:\/\/fumot.uk\/product\/randm-tornado-15000-puffs-mango-on-ice\/"]}]},{"@type":"ImageObject","inLanguage":"fi","@id":"https:\/\/fumot.uk\/product\/randm-tornado-15000-puffs-mango-on-ice\/#primaryimage","url":"https:\/\/fumot.uk\/wp-content\/uploads\/2026\/01\/Randm-Tornado-15000-Mango-On-ice.jpg","contentUrl":"https:\/\/fumot.uk\/wp-content\/uploads\/2026\/01\/Randm-Tornado-15000-Mango-On-ice.jpg","width":2000,"height":2000},{"@type":"BreadcrumbList","@id":"https:\/\/fumot.uk\/product\/randm-tornado-15000-puffs-mango-on-ice\/#breadcrumb","itemListElement":[{"@type":"ListItem","position":1,"name":"Home","item":"https:\/\/fumot.uk\/"},{"@type":"ListItem","position":2,"name":"Shop","item":"https:\/\/fumot.uk\/shop\/"},{"@type":"ListItem","position":3,"name":"Randm Tornado 15000 Puffs-Mango On ice"}]},{"@type":"WebSite","@id":"https:\/\/fumot.uk\/#website","url":"https:\/\/fumot.uk\/","name":"Fumot Official Direct | Suoraan tehtaalta, 100% Aito","description":"Official Website","publisher":{"@id":"https:\/\/fumot.uk\/#organization"},"potentialAction":[{"@type":"SearchAction","target":{"@type":"EntryPoint","urlTemplate":"https:\/\/fumot.uk\/?s={search_term_string}"},"query-input":{"@type":"PropertyValueSpecification","valueRequired":true,"valueName":"search_term_string"}}],"inLanguage":"fi"},{"@type":"Organization","@id":"https:\/\/fumot.uk\/#organization","name":"Fumot Official Direct | Suoraan tehtaalta, 100% Aito","url":"https:\/\/fumot.uk\/","logo":{"@type":"ImageObject","inLanguage":"fi","@id":"https:\/\/fumot.uk\/#\/schema\/logo\/image\/","url":"https:\/\/fumot.uk\/wp-content\/uploads\/2026\/01\/cropped-fumot-logo1.png","contentUrl":"https:\/\/fumot.uk\/wp-content\/uploads\/2026\/01\/cropped-fumot-logo1.png","width":152,"height":106,"caption":"Fumot Official Direct | Straight from the Factory, 100% Genuine"},"image":{"@id":"https:\/\/fumot.uk\/#\/schema\/logo\/image\/"}}]}},"_links":{"self":[{"href":"https:\/\/fumot.uk\/fi\/wp-json\/wp\/v2\/product\/111","targetHints":{"allow":["GET"]}}],"collection":[{"href":"https:\/\/fumot.uk\/fi\/wp-json\/wp\/v2\/product"}],"about":[{"href":"https:\/\/fumot.uk\/fi\/wp-json\/wp\/v2\/types\/product"}],"replies":[{"embeddable":true,"href":"https:\/\/fumot.uk\/fi\/wp-json\/wp\/v2\/comments?post=111"}],"wp:featuredmedia":[{"embeddable":true,"href":"https:\/\/fumot.uk\/fi\/wp-json\/wp\/v2\/media\/154"}],"wp:attachment":[{"href":"https:\/\/fumot.uk\/fi\/wp-json\/wp\/v2\/media?parent=111"}],"wp:term":[{"taxonomy":"product_brand","embeddable":true,"href":"https:\/\/fumot.uk\/fi\/wp-json\/wp\/v2\/product_brand?post=111"},{"taxonomy":"product_cat","embeddable":true,"href":"https:\/\/fumot.uk\/fi\/wp-json\/wp\/v2\/product_cat?post=111"},{"taxonomy":"product_tag","embeddable":true,"href":"https:\/\/fumot.uk\/fi\/wp-json\/wp\/v2\/product_tag?post=111"}],"curies":[{"name":"wp","href":"https:\/\/api.w.org\/{rel}","templated":true}]}}