{"id":6798,"date":"2026-01-23T02:43:45","date_gmt":"2026-01-23T02:43:45","guid":{"rendered":"https:\/\/fumot.uk\/?page_id=6798"},"modified":"2026-01-23T02:45:46","modified_gmt":"2026-01-23T02:45:46","slug":"contact-us","status":"publish","type":"page","link":"https:\/\/fumot.uk\/fi\/contact-us\/","title":{"rendered":"Ota yhteytt\u00e4"},"content":{"rendered":"<section class=\"contact-us py-5 bg-light\">\n<div class=\"container\">\n<div class=\"row justify-content-center\">\n<div class=\"col-lg-8 text-center\">\n<p class=\"lead text-muted mb-5\">Olemme t\u00e4\u00e4ll\u00e4 auttamassa! Jos sinulla on kysytt\u00e4v\u00e4\u00e4 tuotteistamme,<br \/>\ntukkumyynnist\u00e4, toimituksesta tai mist\u00e4 tahansa muusta, ota rohkeasti yhteytt\u00e4.<\/p>\n<\/div>\n<\/div>\n<div class=\"row g-5 justify-content-center\">\n<div class=\"col-md-5\">\n<div class=\"card h-100 shadow-sm border-0\">\n<div class=\"card-body text-center p-5\">\n<h4 class=\"card-title mb-3\">L\u00e4het\u00e4 s\u00e4hk\u00f6postia<\/h4>\n<p class=\"text-muted mb-1\">Yleiset tiedustelut &amp; tuki<a class=\"fs-5 fw-bold text-decoration-none text-primary\" href=\"mailto:info@fumot.uk\"><br \/>\ninfo@fumot.uk<\/a><\/p>\n<\/div>\n<\/div>\n<\/div>\n<div class=\"col-md-5\">\n<div class=\"card h-100 shadow-sm border-0\">\n<div class=\"card-body text-center p-5\">\n<h4 class=\"card-title mb-3\">Soita \/ WhatsApp<\/h4>\n<p class=\"text-muted mb-1\">Liike- ja tukkukyselyt<a class=\"fs-5 fw-bold text-decoration-none text-primary\" href=\"https:\/\/wa.me\/8613110666132\" target=\"_blank\" rel=\"noopener noreferrer\"><br \/>\n+86 131 1066 6132<br \/>\n<\/a><\/p>\n<p class=\"small text-muted mt-2\">(WhatsApp on suositeltava nopeimman vastauksen saamiseksi)<\/p>\n<\/div>\n<\/div>\n<\/div>\n<\/div>\n<div class=\"row mt-5\">\n<div class=\"col-12 text-center\">\n<p class=\"text-muted\">Vastaamme yleens\u00e4 24 tunnin kuluessa arkip\u00e4ivisin.<br \/>\nKiitos, ett\u00e4 valitsit FUMOT!<\/p>\n<\/div>\n<\/div>\n<\/div>\n<\/section>","protected":false},"excerpt":{"rendered":"<p>Olemme t\u00e4\u00e4ll\u00e4 auttamassa! Jos sinulla on kysytt\u00e4v\u00e4\u00e4 tuotteistamme, tukkumyynnist\u00e4, toimituksesta tai mist\u00e4 tahansa muusta, ota rohkeasti yhteytt\u00e4. L\u00e4het\u00e4 s\u00e4hk\u00f6postia Yleiset tiedustelut ja tuki info@fumot.uk Soita \/ WhatsApp Yritys- ja tukkumyyntitiedustelut +86 131 1066 6132 (WhatsApp on suositeltava nopeimman vastauksen saamiseksi) Vastaamme yleens\u00e4 24 tunnin kuluessa arkip\u00e4ivin\u00e4. [\u2026]<\/p>","protected":false},"author":1,"featured_media":0,"parent":0,"menu_order":0,"comment_status":"closed","ping_status":"closed","template":"","meta":{"footnotes":""},"class_list":["post-6798","page","type-page","status-publish","hentry"],"yoast_head":"<!-- This site is optimized with the Yoast SEO plugin v26.8 - https:\/\/yoast.com\/product\/yoast-seo-wordpress\/ -->\n<title>Ota yhteytt\u00e4 - Fumot Official Direct | Suoraan tehtaalta, 100 % aito<\/title>\n<meta name=\"robots\" content=\"index, follow, max-snippet:-1, max-image-preview:large, max-video-preview:-1\" \/>\n<link rel=\"canonical\" href=\"https:\/\/fumot.uk\/fi\/contact-us\/\" \/>\n<meta property=\"og:locale\" content=\"fi_FI\" \/>\n<meta property=\"og:type\" content=\"article\" \/>\n<meta property=\"og:title\" content=\"Contact Us - Fumot Official Direct | Straight from the Factory, 100% Genuine\" \/>\n<meta property=\"og:description\" content=\"We&#8217;re here to help! If you have any questions about our products, wholesale, shipping, or anything else, feel free to reach out. Email Us For general inquiries &amp; support info@fumot.uk Call \/ WhatsApp Business &amp; wholesale inquiries +86 131 1066 6132 (WhatsApp preferred for fastest reply) We usually reply within 24 hours on business days. [&hellip;]\" \/>\n<meta property=\"og:url\" content=\"https:\/\/fumot.uk\/fi\/contact-us\/\" \/>\n<meta property=\"og:site_name\" content=\"Fumot Official Direct | Straight from the Factory, 100% Genuine\" \/>\n<meta property=\"article:modified_time\" content=\"2026-01-23T02:45:46+00:00\" \/>\n<meta name=\"twitter:card\" content=\"summary_large_image\" \/>\n<meta name=\"twitter:label1\" content=\"Arvioitu lukuaika\" \/>\n\t<meta name=\"twitter:data1\" content=\"1 minuutti\" \/>\n<script type=\"application\/ld+json\" class=\"yoast-schema-graph\">{\"@context\":\"https:\/\/schema.org\",\"@graph\":[{\"@type\":\"WebPage\",\"@id\":\"https:\/\/fumot.uk\/contact-us\/\",\"url\":\"https:\/\/fumot.uk\/contact-us\/\",\"name\":\"Contact Us - Fumot Official Direct | Straight from the Factory, 100% Genuine\",\"isPartOf\":{\"@id\":\"https:\/\/fumot.uk\/#website\"},\"datePublished\":\"2026-01-23T02:43:45+00:00\",\"dateModified\":\"2026-01-23T02:45:46+00:00\",\"breadcrumb\":{\"@id\":\"https:\/\/fumot.uk\/contact-us\/#breadcrumb\"},\"inLanguage\":\"fi\",\"potentialAction\":[{\"@type\":\"ReadAction\",\"target\":[\"https:\/\/fumot.uk\/contact-us\/\"]}]},{\"@type\":\"BreadcrumbList\",\"@id\":\"https:\/\/fumot.uk\/contact-us\/#breadcrumb\",\"itemListElement\":[{\"@type\":\"ListItem\",\"position\":1,\"name\":\"Home\",\"item\":\"https:\/\/fumot.uk\/\"},{\"@type\":\"ListItem\",\"position\":2,\"name\":\"Contact Us\"}]},{\"@type\":\"WebSite\",\"@id\":\"https:\/\/fumot.uk\/#website\",\"url\":\"https:\/\/fumot.uk\/\",\"name\":\"Fumot Official Direct | Straight from the Factory, 100% Genuine\",\"description\":\"Official Website\",\"publisher\":{\"@id\":\"https:\/\/fumot.uk\/#organization\"},\"potentialAction\":[{\"@type\":\"SearchAction\",\"target\":{\"@type\":\"EntryPoint\",\"urlTemplate\":\"https:\/\/fumot.uk\/?s={search_term_string}\"},\"query-input\":{\"@type\":\"PropertyValueSpecification\",\"valueRequired\":true,\"valueName\":\"search_term_string\"}}],\"inLanguage\":\"fi\"},{\"@type\":\"Organization\",\"@id\":\"https:\/\/fumot.uk\/#organization\",\"name\":\"Fumot Official Direct | Straight from the Factory, 100% Genuine\",\"url\":\"https:\/\/fumot.uk\/\",\"logo\":{\"@type\":\"ImageObject\",\"inLanguage\":\"fi\",\"@id\":\"https:\/\/fumot.uk\/#\/schema\/logo\/image\/\",\"url\":\"https:\/\/fumot.uk\/wp-content\/uploads\/2026\/01\/cropped-fumot-logo1.png\",\"contentUrl\":\"https:\/\/fumot.uk\/wp-content\/uploads\/2026\/01\/cropped-fumot-logo1.png\",\"width\":152,\"height\":106,\"caption\":\"Fumot Official Direct | Straight from the Factory, 100% Genuine\"},\"image\":{\"@id\":\"https:\/\/fumot.uk\/#\/schema\/logo\/image\/\"}}]}<\/script>\n<!-- \/ Yoast SEO plugin. -->","yoast_head_json":{"title":"Ota yhteytt\u00e4 - Fumot Official Direct | Suoraan tehtaalta, 100 % aito","robots":{"index":"index","follow":"follow","max-snippet":"max-snippet:-1","max-image-preview":"max-image-preview:large","max-video-preview":"max-video-preview:-1"},"canonical":"https:\/\/fumot.uk\/fi\/contact-us\/","og_locale":"fi_FI","og_type":"article","og_title":"Contact Us - Fumot Official Direct | Straight from the Factory, 100% Genuine","og_description":"We&#8217;re here to help! If you have any questions about our products, wholesale, shipping, or anything else, feel free to reach out. Email Us For general inquiries &amp; support info@fumot.uk Call \/ WhatsApp Business &amp; wholesale inquiries +86 131 1066 6132 (WhatsApp preferred for fastest reply) We usually reply within 24 hours on business days. [&hellip;]","og_url":"https:\/\/fumot.uk\/fi\/contact-us\/","og_site_name":"Fumot Official Direct | Straight from the Factory, 100% Genuine","article_modified_time":"2026-01-23T02:45:46+00:00","twitter_card":"summary_large_image","twitter_misc":{"Arvioitu lukuaika":"1 minuutti"},"schema":{"@context":"https:\/\/schema.org","@graph":[{"@type":"WebPage","@id":"https:\/\/fumot.uk\/contact-us\/","url":"https:\/\/fumot.uk\/contact-us\/","name":"Ota yhteytt\u00e4 - Fumot Official Direct | Suoraan tehtaalta, 100% Aito","isPartOf":{"@id":"https:\/\/fumot.uk\/#website"},"datePublished":"2026-01-23T02:43:45+00:00","dateModified":"2026-01-23T02:45:46+00:00","breadcrumb":{"@id":"https:\/\/fumot.uk\/contact-us\/#breadcrumb"},"inLanguage":"fi","potentialAction":[{"@type":"ReadAction","target":["https:\/\/fumot.uk\/contact-us\/"]}]},{"@type":"BreadcrumbList","@id":"https:\/\/fumot.uk\/contact-us\/#breadcrumb","itemListElement":[{"@type":"ListItem","position":1,"name":"Home","item":"https:\/\/fumot.uk\/"},{"@type":"ListItem","position":2,"name":"Contact Us"}]},{"@type":"WebSite","@id":"https:\/\/fumot.uk\/#website","url":"https:\/\/fumot.uk\/","name":"Fumot Official Direct | Suoraan tehtaalta, 100% Aito","description":"Official Website","publisher":{"@id":"https:\/\/fumot.uk\/#organization"},"potentialAction":[{"@type":"SearchAction","target":{"@type":"EntryPoint","urlTemplate":"https:\/\/fumot.uk\/?s={search_term_string}"},"query-input":{"@type":"PropertyValueSpecification","valueRequired":true,"valueName":"search_term_string"}}],"inLanguage":"fi"},{"@type":"Organization","@id":"https:\/\/fumot.uk\/#organization","name":"Fumot Official Direct | Suoraan tehtaalta, 100% Aito","url":"https:\/\/fumot.uk\/","logo":{"@type":"ImageObject","inLanguage":"fi","@id":"https:\/\/fumot.uk\/#\/schema\/logo\/image\/","url":"https:\/\/fumot.uk\/wp-content\/uploads\/2026\/01\/cropped-fumot-logo1.png","contentUrl":"https:\/\/fumot.uk\/wp-content\/uploads\/2026\/01\/cropped-fumot-logo1.png","width":152,"height":106,"caption":"Fumot Official Direct | Straight from the Factory, 100% Genuine"},"image":{"@id":"https:\/\/fumot.uk\/#\/schema\/logo\/image\/"}}]}},"_links":{"self":[{"href":"https:\/\/fumot.uk\/fi\/wp-json\/wp\/v2\/pages\/6798","targetHints":{"allow":["GET"]}}],"collection":[{"href":"https:\/\/fumot.uk\/fi\/wp-json\/wp\/v2\/pages"}],"about":[{"href":"https:\/\/fumot.uk\/fi\/wp-json\/wp\/v2\/types\/page"}],"author":[{"embeddable":true,"href":"https:\/\/fumot.uk\/fi\/wp-json\/wp\/v2\/users\/1"}],"replies":[{"embeddable":true,"href":"https:\/\/fumot.uk\/fi\/wp-json\/wp\/v2\/comments?post=6798"}],"version-history":[{"count":4,"href":"https:\/\/fumot.uk\/fi\/wp-json\/wp\/v2\/pages\/6798\/revisions"}],"predecessor-version":[{"id":6803,"href":"https:\/\/fumot.uk\/fi\/wp-json\/wp\/v2\/pages\/6798\/revisions\/6803"}],"wp:attachment":[{"href":"https:\/\/fumot.uk\/fi\/wp-json\/wp\/v2\/media?parent=6798"}],"curies":[{"name":"wp","href":"https:\/\/api.w.org\/{rel}","templated":true}]}}