{"id":6787,"date":"2026-01-23T02:19:15","date_gmt":"2026-01-23T02:19:15","guid":{"rendered":"https:\/\/fumot.uk\/?page_id=6787"},"modified":"2026-01-23T02:19:15","modified_gmt":"2026-01-23T02:19:15","slug":"terms-of-service","status":"publish","type":"page","link":"https:\/\/fumot.uk\/fi\/terms-of-service\/","title":{"rendered":"Palveluehdot"},"content":{"rendered":"<h2>Palveluehdot<\/h2>\n<p><strong>Viimeksi p\u00e4ivitetty: 22. tammikuuta 2026<\/strong><\/p>\n<p>Tervetuloa <strong>fumot.uk<\/strong> (\u201cVerkkosivusto\u201d). N\u00e4m\u00e4 k\u00e4ytt\u00f6ehdot (\u201cEhdot\u201d) s\u00e4\u00e4telev\u00e4t p\u00e4\u00e4sy\u00e4si ja k\u00e4ytt\u00f6\u00e4si Verkkosivustolla sek\u00e4 tuotteiden ostamista meilt\u00e4.<\/p>\n<p>K\u00e4ytt\u00e4m\u00e4ll\u00e4, selaamalla tai ostamalla fumot.uk-sivustolta sitoudut n\u00e4ihin Ehtoihin. Jos et hyv\u00e4ksy, et saa k\u00e4ytt\u00e4\u00e4 Verkkosivustoa tai tehd\u00e4 tilauksia.<\/p>\n<div class=\"warning\"><strong>T\u00c4RKE\u00c4\u00c4 \u2013 IK\u00c4RAJOITUS<\/strong><\/p>\n<p>T\u00e4m\u00e4 Verkkosivusto myy nikotiinia sis\u00e4lt\u00e4vi\u00e4 tuotteita. Yhdistyneen kuningaskunnan lain (Nikotiinin hengitystuotteiden (myynti- ja v\u00e4litysostojen ik\u00e4rajoitus) asetus 2015) mukaan on laitonta myyd\u00e4 nikotiinituotteita alle 18-vuotiaille.<\/p>\n<p><span class=\"important\">Sinun on oltava v\u00e4hint\u00e4\u00e4n 18-vuotias ostaaksesi tuotteita fumot.uk-sivustolta.<\/span><br \/>\nK\u00e4yt\u00e4mme i\u00e4n varmistusprosesseja kassalla. Tekem\u00e4ll\u00e4 tilauksen vakuutat olevasi v\u00e4hint\u00e4\u00e4n 18-vuotias.<\/div>\n<h3>1. Tietoa meist\u00e4<\/h3>\n<p>fumot.uk:ta operoi [Yrityksesi nimi \/ Oikeudellinen yksikk\u00f6si nimi], rekister\u00f6ity [Englantiin ja Walesiin \/ Skotlantiin jne.] yritysnumerolla [Yrityksesi numero], rekister\u00f6ity toimisto osoitteessa [T\u00e4ydellinen osoitteesi].<\/p>\n<p>ALV-numero: [ALV-numerosi, jos sovellettavissa]<\/p>\n<h3>2. Tuotteet \u2013 T\u00e4rkeit\u00e4 varoituksia<\/h3>\n<ul>\n<li>Kaikki fumot.uk-sivustolla myyt\u00e4v\u00e4t tuotteet sis\u00e4lt\u00e4v\u00e4t nikotiinia, ellei selv\u00e4sti mainita 0mg \/ nikotiiniton.<\/li>\n<li><strong>VAROITUS:<\/strong> Nikotiini on riippuvuutta aiheuttava kemikaali.<\/li>\n<li>Tuotteemme on tarkoitettu vain nykyisille aikuisille tupakoitsijoille ja h\u00f6yryttelij\u00f6ille. Ne eiv\u00e4t sovellu tupakoimattomille, raskaana oleville tai imett\u00e4ville naisille, henkil\u00f6ille, joilla on syd\u00e4nsairaus, korkea verenpaine, diabetes tai jotka k\u00e4ytt\u00e4v\u00e4t l\u00e4\u00e4kityst\u00e4 masennukseen tai astmaan.<\/li>\n<li>Kertak\u00e4ytt\u00f6iset h\u00f6yrystimet ovat kertak\u00e4ytt\u00f6isi\u00e4 s\u00e4hk\u00f6tupakoita. Kun akku tai e-neste on loppunut, tuote tulee h\u00e4vitt\u00e4\u00e4 vastuullisesti paikallisten WEEE-m\u00e4\u00e4r\u00e4ysten mukaisesti \u2013 \u00e4l\u00e4 laita kotitalousj\u00e4tteeseen.<\/li>\n<\/ul>\n<h3>3. Tilaukset ja sopimuksen muodostaminen<\/h3>\n<p>Tuotteiden n\u00e4ytt\u00e4minen Verkkosivustolla ei muodosta myyntitarjousta. Tilauksesi on ostotarjous. Sopimus muodostuu vasta, kun l\u00e4het\u00e4mme sinulle tilausvahvistusviestin.<\/p>\n<p>Pid\u00e4t\u00e4mme oikeuden kielt\u00e4yty\u00e4 tai peruuttaa mik\u00e4 tahansa tilaus (jopa vahvistuksen j\u00e4lkeen) mist\u00e4 tahansa syyst\u00e4, mukaan lukien mutta ei rajoittuen:<\/p>\n<ul>\n<li>Ep\u00e4ilty alaik\u00e4isen osto<\/li>\n<li>I\u00e4n varmistuksen ep\u00e4onnistuminen<\/li>\n<li>Varaston saatavuus<\/li>\n<li>Hinnoitteluvirheet<\/li>\n<li>Ep\u00e4ily petoksesta<\/li>\n<\/ul>\n<h3>4. Hinnoittelu ja maksaminen<\/h3>\n<p>Kaikki hinnat ovat GBP:ss\u00e4 ja sis\u00e4lt\u00e4v\u00e4t ALV:n, jos sovellettavissa. Toimituskulut n\u00e4ytet\u00e4\u00e4n erikseen.<\/p>\n<p>Hyv\u00e4ksymme suurimmat luotto-\/pankkikortit ja muut maksutavat, jotka n\u00e4kyv\u00e4t kassalla. Maksu k\u00e4sitell\u00e4\u00e4n turvallisesti [Maksupalveluntarjoajasi esim. Stripe \/ PayPal] kautta.<\/p>\n<h3>5. Toimitus<\/h3>\n<p>Pyrimme l\u00e4hett\u00e4m\u00e4\u00e4n tilaukset [1\u20132] ty\u00f6p\u00e4iv\u00e4n kuluessa. Toimitusajat ovat vain arvioita.<\/p>\n<p>Vahingonvaara siirtyy sinulle toimituksen yhteydess\u00e4. Omistusoikeus siirtyy, kun olemme saaneet t\u00e4yden maksun.<\/p>\n<h3>6. Palautukset ja hyvitykset \u2013 Kertak\u00e4ytt\u00f6iset h\u00f6yrystimet<\/h3>\n<p>Hygienia- ja tuoteturvallisuussyist\u00e4 emme hyv\u00e4ksy palautuksia tai hyvityksi\u00e4 k\u00e4ytetyist\u00e4 tai avatuista kertak\u00e4ytt\u00f6isist\u00e4 h\u00f6yrystimist\u00e4.<\/p>\n<p>Avaamattomat, k\u00e4ytt\u00e4m\u00e4tt\u00f6m\u00e4t kertak\u00e4ytt\u00f6iset h\u00f6yrystimet voidaan palauttaa 14 p\u00e4iv\u00e4n kuluessa toimituksesta kuluttajasopimuksia koskevien s\u00e4\u00e4d\u00f6sten mukaisesti, edellytt\u00e4en ett\u00e4 ne ovat j\u00e4lleenmyyntikelpoisia. Palautuspostitus on sinun vastuullasi.<\/p>\n<p>Vialliset \/ virheelliset tuotteet kuuluvat lakis\u00e4\u00e4teisen takuusoikeutemme piiriin.<\/p>\n<h3>7. I\u00e4n varmistusk\u00e4yt\u00e4nt\u00f6<\/h3>\n<p>Meid\u00e4n on lain mukaan varmistettava, ett\u00e4 kaikki asiakkaat ovat v\u00e4hint\u00e4\u00e4n 18-vuotiaita. Saatamme k\u00e4ytt\u00e4\u00e4 kolmannen osapuolen i\u00e4n varmistuspalveluita ja\/tai pyyt\u00e4\u00e4 valokuvallista henkil\u00f6llisyystodistusta ennen tilausten k\u00e4sittely\u00e4 tai l\u00e4hett\u00e4mist\u00e4.<\/p>\n<h3>8. Vastuunrajoitus<\/h3>\n<p>Lain sallimissa rajoissa kokonaisvastuumme sinua kohtaan ei ylit\u00e4 maksamaasi summaa kyseisest\u00e4 tuotteesta\/tuotteista.<\/p>\n<p>Emme ole vastuussa ep\u00e4suorista, v\u00e4lillisist\u00e4 tai erityisist\u00e4 menetyksist\u00e4 (mukaan lukien voittojen, tietojen, h\u00f6yryttelyn nautinnon menett\u00e4minen jne.).<\/p>\n<h3>9. Immateriaalioikeudet<\/h3>\n<p>Kaikki sis\u00e4lt\u00f6 fumot.uk-sivustolla (teksti, kuvat, logot, tuotekuvaukset) on omaisuuttamme tai lisensoitu meille. Et saa j\u00e4ljent\u00e4\u00e4 tai k\u00e4ytt\u00e4\u00e4 niit\u00e4 ilman lupaa.<\/p>\n<h3>10. Sovellettava laki ja oikeuspaikka<\/h3>\n<p>N\u00e4ihin ehtoihin sovelletaan Englannin ja Walesin lakeja. Mahdolliset riidat ratkaistaan Englannin ja Walesin tuomioistuinten yksinomaisessa toimivallassa.<\/p>\n<h3>11. N\u00e4iden ehtojen muutokset<\/h3>\n<p>Saatamme p\u00e4ivitt\u00e4\u00e4 n\u00e4it\u00e4 ehtoja ajoittain. Nykyinen versio on aina n\u00e4kyviss\u00e4 t\u00e4ll\u00e4 sivulla. Verkkosivuston k\u00e4yt\u00f6n jatkaminen muutosten j\u00e4lkeen merkitsee hyv\u00e4ksynt\u00e4\u00e4.<\/p>","protected":false},"excerpt":{"rendered":"<p>K\u00e4ytt\u00f6ehdot Viimeksi p\u00e4ivitetty: 22. tammikuuta 2026 Tervetuloa fumot.uk-sivustolle (\u201cVerkkosivusto\u201d). N\u00e4m\u00e4 k\u00e4ytt\u00f6ehdot (\u201cEhdot\u201d) s\u00e4\u00e4telev\u00e4t p\u00e4\u00e4sy\u00e4si Verkkosivustolle ja sen k\u00e4ytt\u00f6\u00e4 sek\u00e4 tuotteiden ostamista meilt\u00e4. K\u00e4ytt\u00e4m\u00e4ll\u00e4, selaamalla tai ostamalla fumot.uk-sivustolta sitoudut noudattamaan n\u00e4it\u00e4 Ehtoja. Jos et hyv\u00e4ksy, [\u2026]<\/p>","protected":false},"author":1,"featured_media":0,"parent":0,"menu_order":0,"comment_status":"closed","ping_status":"closed","template":"","meta":{"footnotes":""},"class_list":["post-6787","page","type-page","status-publish","hentry"],"yoast_head":"<!-- This site is optimized with the Yoast SEO plugin v26.8 - https:\/\/yoast.com\/product\/yoast-seo-wordpress\/ -->\n<title>Palveluehdot - Fumot Official Direct | Suoraan tehtaalta, 100 % aito<\/title>\n<meta name=\"description\" content=\"Uusimmat Fumot kertak\u00e4ytt\u00f6iset h\u00f6yrystimet osoitteessa fumot.uk \u2013 valtava makuvalikoima, ly\u00f6m\u00e4tt\u00f6m\u00e4t puffim\u00e4\u00e4r\u00e4t ja nopea toimitus Isossa-Britanniassa. Vain yli 18-vuotiaille. Osta nyt!\" \/>\n<meta name=\"robots\" content=\"index, follow, max-snippet:-1, max-image-preview:large, max-video-preview:-1\" \/>\n<link rel=\"canonical\" href=\"https:\/\/fumot.uk\/fi\/terms-of-service\/\" \/>\n<meta property=\"og:locale\" content=\"fi_FI\" \/>\n<meta property=\"og:type\" content=\"article\" \/>\n<meta property=\"og:title\" content=\"Terms of Service - Fumot Official Direct | Straight from the Factory, 100% Genuine\" \/>\n<meta property=\"og:description\" content=\"Latest Fumot disposable vapes at fumot.uk \u2013 massive flavour selection, unbeatable puff counts &amp; speedy UK delivery. Must be 18+. Shop now!\" \/>\n<meta property=\"og:url\" content=\"https:\/\/fumot.uk\/fi\/terms-of-service\/\" \/>\n<meta property=\"og:site_name\" content=\"Fumot Official Direct | Straight from the Factory, 100% Genuine\" \/>\n<meta name=\"twitter:card\" content=\"summary_large_image\" \/>\n<meta name=\"twitter:label1\" content=\"Arvioitu lukuaika\" \/>\n\t<meta name=\"twitter:data1\" content=\"3 minuuttia\" \/>\n<script type=\"application\/ld+json\" class=\"yoast-schema-graph\">{\"@context\":\"https:\/\/schema.org\",\"@graph\":[{\"@type\":\"WebPage\",\"@id\":\"https:\/\/fumot.uk\/terms-of-service\/\",\"url\":\"https:\/\/fumot.uk\/terms-of-service\/\",\"name\":\"Terms of Service - Fumot Official Direct | Straight from the Factory, 100% Genuine\",\"isPartOf\":{\"@id\":\"https:\/\/fumot.uk\/#website\"},\"datePublished\":\"2026-01-23T02:19:15+00:00\",\"description\":\"Latest Fumot disposable vapes at fumot.uk \u2013 massive flavour selection, unbeatable puff counts & speedy UK delivery. Must be 18+. Shop now!\",\"breadcrumb\":{\"@id\":\"https:\/\/fumot.uk\/terms-of-service\/#breadcrumb\"},\"inLanguage\":\"fi\",\"potentialAction\":[{\"@type\":\"ReadAction\",\"target\":[\"https:\/\/fumot.uk\/terms-of-service\/\"]}]},{\"@type\":\"BreadcrumbList\",\"@id\":\"https:\/\/fumot.uk\/terms-of-service\/#breadcrumb\",\"itemListElement\":[{\"@type\":\"ListItem\",\"position\":1,\"name\":\"Home\",\"item\":\"https:\/\/fumot.uk\/\"},{\"@type\":\"ListItem\",\"position\":2,\"name\":\"Terms of Service\"}]},{\"@type\":\"WebSite\",\"@id\":\"https:\/\/fumot.uk\/#website\",\"url\":\"https:\/\/fumot.uk\/\",\"name\":\"Fumot Official Direct | Straight from the Factory, 100% Genuine\",\"description\":\"Official Website\",\"publisher\":{\"@id\":\"https:\/\/fumot.uk\/#organization\"},\"potentialAction\":[{\"@type\":\"SearchAction\",\"target\":{\"@type\":\"EntryPoint\",\"urlTemplate\":\"https:\/\/fumot.uk\/?s={search_term_string}\"},\"query-input\":{\"@type\":\"PropertyValueSpecification\",\"valueRequired\":true,\"valueName\":\"search_term_string\"}}],\"inLanguage\":\"fi\"},{\"@type\":\"Organization\",\"@id\":\"https:\/\/fumot.uk\/#organization\",\"name\":\"Fumot Official Direct | Straight from the Factory, 100% Genuine\",\"url\":\"https:\/\/fumot.uk\/\",\"logo\":{\"@type\":\"ImageObject\",\"inLanguage\":\"fi\",\"@id\":\"https:\/\/fumot.uk\/#\/schema\/logo\/image\/\",\"url\":\"https:\/\/fumot.uk\/wp-content\/uploads\/2026\/01\/cropped-fumot-logo1.png\",\"contentUrl\":\"https:\/\/fumot.uk\/wp-content\/uploads\/2026\/01\/cropped-fumot-logo1.png\",\"width\":152,\"height\":106,\"caption\":\"Fumot Official Direct | Straight from the Factory, 100% Genuine\"},\"image\":{\"@id\":\"https:\/\/fumot.uk\/#\/schema\/logo\/image\/\"}}]}<\/script>\n<!-- \/ Yoast SEO plugin. -->","yoast_head_json":{"title":"Palveluehdot - Fumot Official Direct | Suoraan tehtaalta, 100 % aito","description":"Uusimmat Fumot kertak\u00e4ytt\u00f6iset h\u00f6yrystimet osoitteessa fumot.uk \u2013 valtava makuvalikoima, ly\u00f6m\u00e4tt\u00f6m\u00e4t puffim\u00e4\u00e4r\u00e4t ja nopea toimitus Isossa-Britanniassa. Vain yli 18-vuotiaille. Osta nyt!","robots":{"index":"index","follow":"follow","max-snippet":"max-snippet:-1","max-image-preview":"max-image-preview:large","max-video-preview":"max-video-preview:-1"},"canonical":"https:\/\/fumot.uk\/fi\/terms-of-service\/","og_locale":"fi_FI","og_type":"article","og_title":"Terms of Service - Fumot Official Direct | Straight from the Factory, 100% Genuine","og_description":"Latest Fumot disposable vapes at fumot.uk \u2013 massive flavour selection, unbeatable puff counts & speedy UK delivery. Must be 18+. Shop now!","og_url":"https:\/\/fumot.uk\/fi\/terms-of-service\/","og_site_name":"Fumot Official Direct | Straight from the Factory, 100% Genuine","twitter_card":"summary_large_image","twitter_misc":{"Arvioitu lukuaika":"3 minuuttia"},"schema":{"@context":"https:\/\/schema.org","@graph":[{"@type":"WebPage","@id":"https:\/\/fumot.uk\/terms-of-service\/","url":"https:\/\/fumot.uk\/terms-of-service\/","name":"K\u00e4ytt\u00f6ehdot - Fumot Official Direct | Suoraan tehtaalta, 100% Aito","isPartOf":{"@id":"https:\/\/fumot.uk\/#website"},"datePublished":"2026-01-23T02:19:15+00:00","description":"Latest Fumot disposable vapes at fumot.uk \u2013 massive flavour selection, unbeatable puff counts &amp; speedy UK delivery. Must be 18+. Shop now!","breadcrumb":{"@id":"https:\/\/fumot.uk\/terms-of-service\/#breadcrumb"},"inLanguage":"fi","potentialAction":[{"@type":"ReadAction","target":["https:\/\/fumot.uk\/terms-of-service\/"]}]},{"@type":"BreadcrumbList","@id":"https:\/\/fumot.uk\/terms-of-service\/#breadcrumb","itemListElement":[{"@type":"ListItem","position":1,"name":"Home","item":"https:\/\/fumot.uk\/"},{"@type":"ListItem","position":2,"name":"Terms of Service"}]},{"@type":"WebSite","@id":"https:\/\/fumot.uk\/#website","url":"https:\/\/fumot.uk\/","name":"Fumot Official Direct | Suoraan tehtaalta, 100% Aito","description":"Official Website","publisher":{"@id":"https:\/\/fumot.uk\/#organization"},"potentialAction":[{"@type":"SearchAction","target":{"@type":"EntryPoint","urlTemplate":"https:\/\/fumot.uk\/?s={search_term_string}"},"query-input":{"@type":"PropertyValueSpecification","valueRequired":true,"valueName":"search_term_string"}}],"inLanguage":"fi"},{"@type":"Organization","@id":"https:\/\/fumot.uk\/#organization","name":"Fumot Official Direct | Suoraan tehtaalta, 100% Aito","url":"https:\/\/fumot.uk\/","logo":{"@type":"ImageObject","inLanguage":"fi","@id":"https:\/\/fumot.uk\/#\/schema\/logo\/image\/","url":"https:\/\/fumot.uk\/wp-content\/uploads\/2026\/01\/cropped-fumot-logo1.png","contentUrl":"https:\/\/fumot.uk\/wp-content\/uploads\/2026\/01\/cropped-fumot-logo1.png","width":152,"height":106,"caption":"Fumot Official Direct | Straight from the Factory, 100% Genuine"},"image":{"@id":"https:\/\/fumot.uk\/#\/schema\/logo\/image\/"}}]}},"_links":{"self":[{"href":"https:\/\/fumot.uk\/fi\/wp-json\/wp\/v2\/pages\/6787","targetHints":{"allow":["GET"]}}],"collection":[{"href":"https:\/\/fumot.uk\/fi\/wp-json\/wp\/v2\/pages"}],"about":[{"href":"https:\/\/fumot.uk\/fi\/wp-json\/wp\/v2\/types\/page"}],"author":[{"embeddable":true,"href":"https:\/\/fumot.uk\/fi\/wp-json\/wp\/v2\/users\/1"}],"replies":[{"embeddable":true,"href":"https:\/\/fumot.uk\/fi\/wp-json\/wp\/v2\/comments?post=6787"}],"version-history":[{"count":1,"href":"https:\/\/fumot.uk\/fi\/wp-json\/wp\/v2\/pages\/6787\/revisions"}],"predecessor-version":[{"id":6789,"href":"https:\/\/fumot.uk\/fi\/wp-json\/wp\/v2\/pages\/6787\/revisions\/6789"}],"wp:attachment":[{"href":"https:\/\/fumot.uk\/fi\/wp-json\/wp\/v2\/media?parent=6787"}],"curies":[{"name":"wp","href":"https:\/\/api.w.org\/{rel}","templated":true}]}}