{"id":6779,"date":"2026-01-23T01:52:57","date_gmt":"2026-01-23T01:52:57","guid":{"rendered":"https:\/\/fumot.uk\/?page_id=6779"},"modified":"2026-01-23T01:52:57","modified_gmt":"2026-01-23T01:52:57","slug":"shipping-info","status":"publish","type":"page","link":"https:\/\/fumot.uk\/fi\/shipping-info\/","title":{"rendered":"Toimitustiedot"},"content":{"rendered":"<div class=\"entry-content\">\n<h2>Toimitustiedot<\/h2>\n<h3>1. Tilausten k\u00e4sittely ja l\u00e4hetys<\/h3>\n<ul>\n<li>Tilaukset k\u00e4sitell\u00e4\u00e4n ja l\u00e4hetet\u00e4\u00e4n yleens\u00e4 1\u20133 arkip\u00e4iv\u00e4n kuluessa.<\/li>\n<li>Toimitusaika vaihtelee yleens\u00e4 7\u201315 arkip\u00e4iv\u00e4n v\u00e4lill\u00e4 l\u00e4hetyksen j\u00e4lkeen.<\/li>\n<li>Huomioithan: Emme k\u00e4sittele tai l\u00e4het\u00e4 tilauksia viikonloppuisin tai pyh\u00e4p\u00e4ivin\u00e4.<\/li>\n<\/ul>\n<h3>2. Paketin seuranta<\/h3>\n<ul>\n<li>Kun tilauksesi on l\u00e4hetetty, saat seurantanumeron s\u00e4hk\u00f6postitse.<\/li>\n<li>Voit seurata pakettisi tilaa milloin tahansa k\u00e4ytt\u00e4m\u00e4ll\u00e4 seurantanumeroa <strong>17track.net<\/strong>.<\/li>\n<li>Seurantatiedot voivat aktivoitua 1\u20132 p\u00e4iv\u00e4ss\u00e4 l\u00e4hetyksen j\u00e4lkeen.<\/li>\n<\/ul>\n<h3>3. Tilausten muutokset ja peruutukset<\/h3>\n<ul>\n<li>Voit peruuttaa tilauksesi tai p\u00e4ivitt\u00e4\u00e4 toimitusosoitteen milloin tahansa ennen kuin tuotteet on l\u00e4hetetty.<\/li>\n<li>Kun paketti on l\u00e4htenyt laitoksestamme, osoitteen muutoksia tai palautuksia ei voida k\u00e4sitell\u00e4.<\/li>\n<li>Ilmainen toimitus on saatavilla tilauksille, jotka toimitetaan Yhdysvaltoihin ja Australiaan.<\/li>\n<\/ul>\n<h3>4. DDP-toimitus (toimitusmaksut maksettu)<\/h3>\n<p>Valittuihin maihin tarjoamme **Delivery Duty Paid (DDP)** -palvelun, mik\u00e4 tarkoittaa, ett\u00e4 sinun ei tarvitse hoitaa tulliselvityst\u00e4 tai maksaa tuontitulleja\/veroja saapumisen yhteydess\u00e4. Saatavilla olevat vaihtoehdot:<\/p>\n<ul>\n<li><strong>Yhdysvallat:<\/strong> UPS Express (paitsi Alaska ja Havaiji)<\/li>\n<li><strong>Yhdistynyt kuningaskunta:<\/strong> Paikallinen DPD Express<\/li>\n<li><strong>Eurooppa (yleisesti):<\/strong> UPS Express \/ DPD Express \/ DHL Express<\/li>\n<\/ul>\n<p><strong>DDP-palvelu on saatavilla seuraavissa Euroopan maissa:<\/strong> Saksa, Belgia, Luxemburg, Alankomaat, T\u0161ekki, Puola, Kroatia, Slovakia, Slovenia, Suomi, Tanska, Ruotsi, It\u00e4valta, Ranska, Italia, Unkari, Bulgaria, Liettua, Viro, Latvia, Kreikka, Irlanti, Portugali, Espanja.<\/p>\n<h3>5. Arvioidut toimitusajat maittain\/alueittain<\/h3>\n<p>Alla on yleiskatsaus toimitustavoista ja arvioiduista toimitusajoista suosittuihin kohteisiin:<\/p>\n<table>\n<thead>\n<tr>\n<th>Maa \/ Alue<\/th>\n<th>Toimitustapa<\/th>\n<th>Arvioitu toimitusaika<\/th>\n<\/tr>\n<\/thead>\n<tbody>\n<tr>\n<td>Yhdysvallat<\/td>\n<td>Paikallinen UPS Ground<\/td>\n<td>10\u201315 arkip\u00e4iv\u00e4\u00e4<\/td>\n<\/tr>\n<tr>\n<td>Yhdistynyt kuningaskunta<\/td>\n<td>Paikallinen DPD Express<\/td>\n<td>7\u201312 arkip\u00e4iv\u00e4\u00e4<\/td>\n<\/tr>\n<tr>\n<td>Saksa<\/td>\n<td>UPS \/ DPD \/ DHL<\/td>\n<td>8\u201315 arkip\u00e4iv\u00e4\u00e4<\/td>\n<\/tr>\n<tr>\n<td>Ranska<\/td>\n<td>UPS \/ DPD \/ DHL<\/td>\n<td>10\u201315 arkip\u00e4iv\u00e4\u00e4<\/td>\n<\/tr>\n<tr>\n<td>Belgia<\/td>\n<td>UPS \/ DPD \/ DHL<\/td>\n<td>10\u201315 arkip\u00e4iv\u00e4\u00e4<\/td>\n<\/tr>\n<tr>\n<td>Luxemburg<\/td>\n<td>UPS \/ DPD \/ DHL<\/td>\n<td>10\u201315 arkip\u00e4iv\u00e4\u00e4<\/td>\n<\/tr>\n<tr>\n<td>Alankomaat<\/td>\n<td>UPS \/ DPD \/ DHL<\/td>\n<td>10\u201315 arkip\u00e4iv\u00e4\u00e4<\/td>\n<\/tr>\n<tr>\n<td>T\u0161ekki<\/td>\n<td>UPS \/ DPD \/ DHL<\/td>\n<td>10\u201315 arkip\u00e4iv\u00e4\u00e4<\/td>\n<\/tr>\n<tr>\n<td>Puola<\/td>\n<td>UPS \/ DPD \/ DHL<\/td>\n<td>10\u201315 arkip\u00e4iv\u00e4\u00e4<\/td>\n<\/tr>\n<tr>\n<td>Kroatia<\/td>\n<td>UPS \/ DPD \/ DHL<\/td>\n<td>10\u201315 arkip\u00e4iv\u00e4\u00e4<\/td>\n<\/tr>\n<tr>\n<td>Slovakia<\/td>\n<td>UPS \/ DPD \/ DHL<\/td>\n<td>10\u201315 arkip\u00e4iv\u00e4\u00e4<\/td>\n<\/tr>\n<tr>\n<td>Slovenia<\/td>\n<td>UPS \/ DPD \/ DHL<\/td>\n<td>10\u201315 arkip\u00e4iv\u00e4\u00e4<\/td>\n<\/tr>\n<tr>\n<td>Suomi<\/td>\n<td>UPS \/ DPD \/ DHL<\/td>\n<td>10\u201315 arkip\u00e4iv\u00e4\u00e4<\/td>\n<\/tr>\n<tr>\n<td>Tanska<\/td>\n<td>UPS \/ DPD \/ DHL<\/td>\n<td>10\u201315 arkip\u00e4iv\u00e4\u00e4<\/td>\n<\/tr>\n<tr>\n<td>Ruotsi<\/td>\n<td>UPS \/ DPD \/ DHL<\/td>\n<td>10\u201315 arkip\u00e4iv\u00e4\u00e4<\/td>\n<\/tr>\n<tr>\n<td>It\u00e4valta<\/td>\n<td>UPS \/ DPD \/ DHL<\/td>\n<td>10\u201315 arkip\u00e4iv\u00e4\u00e4<\/td>\n<\/tr>\n<tr>\n<td>Italia<\/td>\n<td>UPS \/ DPD \/ DHL<\/td>\n<td>10\u201315 arkip\u00e4iv\u00e4\u00e4<\/td>\n<\/tr>\n<tr>\n<td>Unkari<\/td>\n<td>UPS \/ DPD \/ DHL<\/td>\n<td>10\u201315 arkip\u00e4iv\u00e4\u00e4<\/td>\n<\/tr>\n<tr>\n<td>Liettua<\/td>\n<td>UPS \/ DPD \/ DHL<\/td>\n<td>10\u201315 arkip\u00e4iv\u00e4\u00e4<\/td>\n<\/tr>\n<tr>\n<td>Viro<\/td>\n<td>UPS \/ DPD \/ DHL<\/td>\n<td>10\u201315 arkip\u00e4iv\u00e4\u00e4<\/td>\n<\/tr>\n<tr>\n<td>Latvia<\/td>\n<td>UPS \/ DPD \/ DHL<\/td>\n<td>10\u201315 arkip\u00e4iv\u00e4\u00e4<\/td>\n<\/tr>\n<tr>\n<td>Kreikka<\/td>\n<td>UPS \/ DPD \/ DHL<\/td>\n<td>10\u201315 arkip\u00e4iv\u00e4\u00e4<\/td>\n<\/tr>\n<tr>\n<td>Irlanti<\/td>\n<td>UPS \/ DPD \/ DHL<\/td>\n<td>10\u201315 arkip\u00e4iv\u00e4\u00e4<\/td>\n<\/tr>\n<tr>\n<td>Portugali<\/td>\n<td>UPS \/ DPD \/ DHL<\/td>\n<td>10\u201315 arkip\u00e4iv\u00e4\u00e4<\/td>\n<\/tr>\n<tr>\n<td>Espanja<\/td>\n<td>UPS \/ DPD \/ DHL<\/td>\n<td>10\u201315 arkip\u00e4iv\u00e4\u00e4<\/td>\n<\/tr>\n<tr>\n<td>Yhdistyneet arabiemiirikunnat (Dubain alue)<\/td>\n<td>Dubai-omistettu reitti<\/td>\n<td>12\u201318 arkip\u00e4iv\u00e4\u00e4<\/td>\n<\/tr>\n<tr>\n<td>Etel\u00e4-Afrikka<\/td>\n<td>Etel\u00e4-Afrikka-omistettu reitti<\/td>\n<td>15\u201325 arkip\u00e4iv\u00e4\u00e4<\/td>\n<\/tr>\n<tr>\n<td>Vietnam<\/td>\n<td>Vietnamille omistettu reitti<\/td>\n<td>3\u20135 arkip\u00e4iv\u00e4\u00e4<\/td>\n<\/tr>\n<tr>\n<td>L\u00e4nsi-Malesia<\/td>\n<td>Malesialle omistettu reitti<\/td>\n<td>4\u20138 arkip\u00e4iv\u00e4\u00e4<\/td>\n<\/tr>\n<\/tbody>\n<\/table>\n<h3>6. Tulliselvitys ja tuontiverot<\/h3>\n<ul>\n<li>Kohteissa, jotka eiv\u00e4t ole listattu DDP-palvelun alla, tulliselvitys ja mahdollisten tullien, verojen tai k\u00e4sittelymaksujen maksaminen on vastaanottajan vastuulla saapumisen yhteydess\u00e4.<\/li>\n<li>Suosittelemme tarkistamaan paikalliselta tullitoimistolta mahdolliset maksut ja vaatimukset.<\/li>\n<li>Joissakin tapauksissa tulliviranomaiset saattavat pyyt\u00e4\u00e4 kauppalaskua tai liiketoimintalupaa.<\/li>\n<\/ul>\n<p>At <a href=\"https:\/\/fumot.uk\/fi\/\">fumot.uk<\/a>, pyrimme tarjoamaan nopeita, luotettavia ja l\u00e4pin\u00e4kyvi\u00e4 toimituspalveluita. Jos sinulla on kysytt\u00e4v\u00e4\u00e4 tai tarvitset apua, ota rohkeasti yhteytt\u00e4 milloin tahansa.<\/p>\n<\/div>","protected":false},"excerpt":{"rendered":"<p>Toimitustiedot 1. Tilauksen k\u00e4sittely ja l\u00e4hetys Tilaukset k\u00e4sitell\u00e4\u00e4n ja l\u00e4hetet\u00e4\u00e4n yleens\u00e4 1\u20133 arkip\u00e4iv\u00e4n kuluessa. Toimitusaika vaihtelee yleens\u00e4 7\u201315 arkip\u00e4iv\u00e4n v\u00e4lill\u00e4 l\u00e4hetyksen j\u00e4lkeen. Huomioithan: Emme k\u00e4sittele tai l\u00e4het\u00e4 tilauksia viikonloppuisin tai pyh\u00e4p\u00e4ivin\u00e4. 2. Pakettisi seuranta Kun tilauksesi on l\u00e4hetetty, saat [\u2026]<\/p>","protected":false},"author":1,"featured_media":0,"parent":0,"menu_order":0,"comment_status":"closed","ping_status":"closed","template":"","meta":{"footnotes":""},"class_list":["post-6779","page","type-page","status-publish","hentry"],"yoast_head":"<!-- This site is optimized with the Yoast SEO plugin v26.8 - https:\/\/yoast.com\/product\/yoast-seo-wordpress\/ -->\n<title>Delivery information - Fumot Official Direct | Suoraan tehtaalta, 100% Aito<\/title>\n<meta name=\"description\" content=\"Fumot.uk Toimitus: 1\u20133 p\u00e4iv\u00e4n k\u00e4sittely, 7\u201315 p\u00e4iv\u00e4n maailmanlaajuinen toimitus, ilmainen toimitus Yhdysvaltoihin ja Australiaan, DDP tullimaksut maksettu vaihtoehdot ymp\u00e4ri Eurooppaa ja Iso-Britanniaa, helppo 17track-seuranta. Tilaa luottavaisin mielin jo t\u00e4n\u00e4\u00e4n!\" \/>\n<meta name=\"robots\" content=\"index, follow, max-snippet:-1, max-image-preview:large, max-video-preview:-1\" \/>\n<link rel=\"canonical\" href=\"https:\/\/fumot.uk\/fi\/shipping-info\/\" \/>\n<meta property=\"og:locale\" content=\"fi_FI\" \/>\n<meta property=\"og:type\" content=\"article\" \/>\n<meta property=\"og:title\" content=\"Shipping Info - Fumot Official Direct | Straight from the Factory, 100% Genuine\" \/>\n<meta property=\"og:description\" content=\"Fumot.uk Shipping: 1\u20133 day processing, 7\u201315 day worldwide delivery, free shipping to US &amp; Australia, DDP customs-paid options across Europe &amp; UK, easy 17track tracking. Order with confidence today!\" \/>\n<meta property=\"og:url\" content=\"https:\/\/fumot.uk\/fi\/shipping-info\/\" \/>\n<meta property=\"og:site_name\" content=\"Fumot Official Direct | Straight from the Factory, 100% Genuine\" \/>\n<meta name=\"twitter:card\" content=\"summary_large_image\" \/>\n<meta name=\"twitter:label1\" content=\"Arvioitu lukuaika\" \/>\n\t<meta name=\"twitter:data1\" content=\"3 minuuttia\" \/>\n<script type=\"application\/ld+json\" class=\"yoast-schema-graph\">{\"@context\":\"https:\/\/schema.org\",\"@graph\":[{\"@type\":\"WebPage\",\"@id\":\"https:\/\/fumot.uk\/shipping-info\/\",\"url\":\"https:\/\/fumot.uk\/shipping-info\/\",\"name\":\"Shipping Info - Fumot Official Direct | Straight from the Factory, 100% Genuine\",\"isPartOf\":{\"@id\":\"https:\/\/fumot.uk\/#website\"},\"datePublished\":\"2026-01-23T01:52:57+00:00\",\"description\":\"Fumot.uk Shipping: 1\u20133 day processing, 7\u201315 day worldwide delivery, free shipping to US & Australia, DDP customs-paid options across Europe & UK, easy 17track tracking. Order with confidence today!\",\"breadcrumb\":{\"@id\":\"https:\/\/fumot.uk\/shipping-info\/#breadcrumb\"},\"inLanguage\":\"fi\",\"potentialAction\":[{\"@type\":\"ReadAction\",\"target\":[\"https:\/\/fumot.uk\/shipping-info\/\"]}]},{\"@type\":\"BreadcrumbList\",\"@id\":\"https:\/\/fumot.uk\/shipping-info\/#breadcrumb\",\"itemListElement\":[{\"@type\":\"ListItem\",\"position\":1,\"name\":\"Home\",\"item\":\"https:\/\/fumot.uk\/\"},{\"@type\":\"ListItem\",\"position\":2,\"name\":\"Shipping Info\"}]},{\"@type\":\"WebSite\",\"@id\":\"https:\/\/fumot.uk\/#website\",\"url\":\"https:\/\/fumot.uk\/\",\"name\":\"Fumot Official Direct | Straight from the Factory, 100% Genuine\",\"description\":\"Official Website\",\"publisher\":{\"@id\":\"https:\/\/fumot.uk\/#organization\"},\"potentialAction\":[{\"@type\":\"SearchAction\",\"target\":{\"@type\":\"EntryPoint\",\"urlTemplate\":\"https:\/\/fumot.uk\/?s={search_term_string}\"},\"query-input\":{\"@type\":\"PropertyValueSpecification\",\"valueRequired\":true,\"valueName\":\"search_term_string\"}}],\"inLanguage\":\"fi\"},{\"@type\":\"Organization\",\"@id\":\"https:\/\/fumot.uk\/#organization\",\"name\":\"Fumot Official Direct | Straight from the Factory, 100% Genuine\",\"url\":\"https:\/\/fumot.uk\/\",\"logo\":{\"@type\":\"ImageObject\",\"inLanguage\":\"fi\",\"@id\":\"https:\/\/fumot.uk\/#\/schema\/logo\/image\/\",\"url\":\"https:\/\/fumot.uk\/wp-content\/uploads\/2026\/01\/cropped-fumot-logo1.png\",\"contentUrl\":\"https:\/\/fumot.uk\/wp-content\/uploads\/2026\/01\/cropped-fumot-logo1.png\",\"width\":152,\"height\":106,\"caption\":\"Fumot Official Direct | Straight from the Factory, 100% Genuine\"},\"image\":{\"@id\":\"https:\/\/fumot.uk\/#\/schema\/logo\/image\/\"}}]}<\/script>\n<!-- \/ Yoast SEO plugin. -->","yoast_head_json":{"title":"Delivery information - Fumot Official Direct | Suoraan tehtaalta, 100% Aito","description":"Fumot.uk Toimitus: 1\u20133 p\u00e4iv\u00e4n k\u00e4sittely, 7\u201315 p\u00e4iv\u00e4n maailmanlaajuinen toimitus, ilmainen toimitus Yhdysvaltoihin ja Australiaan, DDP tullimaksut maksettu vaihtoehdot ymp\u00e4ri Eurooppaa ja Iso-Britanniaa, helppo 17track-seuranta. Tilaa luottavaisin mielin jo t\u00e4n\u00e4\u00e4n!","robots":{"index":"index","follow":"follow","max-snippet":"max-snippet:-1","max-image-preview":"max-image-preview:large","max-video-preview":"max-video-preview:-1"},"canonical":"https:\/\/fumot.uk\/fi\/shipping-info\/","og_locale":"fi_FI","og_type":"article","og_title":"Shipping Info - Fumot Official Direct | Straight from the Factory, 100% Genuine","og_description":"Fumot.uk Shipping: 1\u20133 day processing, 7\u201315 day worldwide delivery, free shipping to US & Australia, DDP customs-paid options across Europe & UK, easy 17track tracking. Order with confidence today!","og_url":"https:\/\/fumot.uk\/fi\/shipping-info\/","og_site_name":"Fumot Official Direct | Straight from the Factory, 100% Genuine","twitter_card":"summary_large_image","twitter_misc":{"Arvioitu lukuaika":"3 minuuttia"},"schema":{"@context":"https:\/\/schema.org","@graph":[{"@type":"WebPage","@id":"https:\/\/fumot.uk\/shipping-info\/","url":"https:\/\/fumot.uk\/shipping-info\/","name":"Toimitustiedot - Fumot Official Direct | Suoraan tehtaalta, 100% Aito","isPartOf":{"@id":"https:\/\/fumot.uk\/#website"},"datePublished":"2026-01-23T01:52:57+00:00","description":"Fumot.uk Shipping: 1\u20133 day processing, 7\u201315 day worldwide delivery, free shipping to US &amp; Australia, DDP customs-paid options across Europe &amp; UK, easy 17track tracking. Order with confidence today!","breadcrumb":{"@id":"https:\/\/fumot.uk\/shipping-info\/#breadcrumb"},"inLanguage":"fi","potentialAction":[{"@type":"ReadAction","target":["https:\/\/fumot.uk\/shipping-info\/"]}]},{"@type":"BreadcrumbList","@id":"https:\/\/fumot.uk\/shipping-info\/#breadcrumb","itemListElement":[{"@type":"ListItem","position":1,"name":"Home","item":"https:\/\/fumot.uk\/"},{"@type":"ListItem","position":2,"name":"Shipping Info"}]},{"@type":"WebSite","@id":"https:\/\/fumot.uk\/#website","url":"https:\/\/fumot.uk\/","name":"Fumot Official Direct | Suoraan tehtaalta, 100% Aito","description":"Official Website","publisher":{"@id":"https:\/\/fumot.uk\/#organization"},"potentialAction":[{"@type":"SearchAction","target":{"@type":"EntryPoint","urlTemplate":"https:\/\/fumot.uk\/?s={search_term_string}"},"query-input":{"@type":"PropertyValueSpecification","valueRequired":true,"valueName":"search_term_string"}}],"inLanguage":"fi"},{"@type":"Organization","@id":"https:\/\/fumot.uk\/#organization","name":"Fumot Official Direct | Suoraan tehtaalta, 100% Aito","url":"https:\/\/fumot.uk\/","logo":{"@type":"ImageObject","inLanguage":"fi","@id":"https:\/\/fumot.uk\/#\/schema\/logo\/image\/","url":"https:\/\/fumot.uk\/wp-content\/uploads\/2026\/01\/cropped-fumot-logo1.png","contentUrl":"https:\/\/fumot.uk\/wp-content\/uploads\/2026\/01\/cropped-fumot-logo1.png","width":152,"height":106,"caption":"Fumot Official Direct | Straight from the Factory, 100% Genuine"},"image":{"@id":"https:\/\/fumot.uk\/#\/schema\/logo\/image\/"}}]}},"_links":{"self":[{"href":"https:\/\/fumot.uk\/fi\/wp-json\/wp\/v2\/pages\/6779","targetHints":{"allow":["GET"]}}],"collection":[{"href":"https:\/\/fumot.uk\/fi\/wp-json\/wp\/v2\/pages"}],"about":[{"href":"https:\/\/fumot.uk\/fi\/wp-json\/wp\/v2\/types\/page"}],"author":[{"embeddable":true,"href":"https:\/\/fumot.uk\/fi\/wp-json\/wp\/v2\/users\/1"}],"replies":[{"embeddable":true,"href":"https:\/\/fumot.uk\/fi\/wp-json\/wp\/v2\/comments?post=6779"}],"version-history":[{"count":1,"href":"https:\/\/fumot.uk\/fi\/wp-json\/wp\/v2\/pages\/6779\/revisions"}],"predecessor-version":[{"id":6781,"href":"https:\/\/fumot.uk\/fi\/wp-json\/wp\/v2\/pages\/6779\/revisions\/6781"}],"wp:attachment":[{"href":"https:\/\/fumot.uk\/fi\/wp-json\/wp\/v2\/media?parent=6779"}],"curies":[{"name":"wp","href":"https:\/\/api.w.org\/{rel}","templated":true}]}}