{"id":90,"date":"2026-01-20T02:40:09","date_gmt":"2026-01-20T02:40:09","guid":{"rendered":"https:\/\/fumot.uk\/?post_type=product&#038;p=90"},"modified":"2026-01-20T07:31:16","modified_gmt":"2026-01-20T07:31:16","slug":"randm-tornado-15000-puffs-blueberry-bubblegum","status":"publish","type":"product","link":"https:\/\/fumot.uk\/es\/product\/randm-tornado-15000-puffs-blueberry-bubblegum\/","title":{"rendered":"RandM Tornado 15000 Caladas Ar\u00e1ndano Chicle Vape Desechable (25ml, 850mAh, Bobina de Malla, Flujo de Aire Ajustable)"},"content":{"rendered":"<h4>Chicle de Ar\u00e1ndano \u2013 RandM Tornado 15000 Puffs<\/h4>\n<p><strong>RandM Tornado 15000 Puffs Chicle de Ar\u00e1ndano<\/strong> ofrece una mezcla l\u00fadica, estilo caramelo, donde las notas jugosas de ar\u00e1ndano se encuentran con la dulzura familiar del chicle. El resultado es un vapeo suave y dulce con un toque afrutado, ideal para sesiones diarias cuando quieres algo divertido pero no abrumador.<\/p>\n<p>Dise\u00f1ado para consistencia y f\u00e1cil control, este desechable cuenta con <strong>bobina de malla<\/strong> tecnolog\u00eda para un calentamiento uniforme y un sabor m\u00e1s completo, adem\u00e1s de un <strong>flujo de aire ajustable<\/strong> sistema para que puedas ajustar tu calada de m\u00e1s cerrada a m\u00e1s aireada. El <strong>pantalla LED<\/strong> y <strong>iluminaci\u00f3n RGB<\/strong> a\u00f1ade un toque moderno mientras vapeas.<\/p>\n<p>Compra m\u00e1s sabores y dispositivos en <a href=\"https:\/\/fumot.uk\/es\/\">fumot.uk<\/a>.<\/p>\n<h4>Caracter\u00edsticas Clave<\/h4>\n<ul>\n<li><strong>Hasta 15000 caladas<\/strong> (el uso var\u00eda)<\/li>\n<li><strong>Capacidad de E-l\u00edquido:<\/strong> Chicle de Ar\u00e1ndano<\/li>\n<li><strong>Capacidad de e-l\u00edquido:<\/strong> 25ml<\/li>\n<li><strong>Opciones de sal de nicotina:<\/strong> 0% \/ 2% \/ 3% \/ 5%<\/li>\n<li><strong>Bobina:<\/strong> Indicador de bater\u00eda y e-l\u00edquido<\/li>\n<li><strong>Flujo de aire:<\/strong> Ajustable<\/li>\n<li><strong>Bater\u00eda:<\/strong> Integrada de 850mAh, recargable<\/li>\n<li><strong>Carga:<\/strong> Type-C<\/li>\n<li><strong>Pantalla:<\/strong> Pantalla LED + luz RGB<\/li>\n<li><strong>Gama de sabores:<\/strong> 41 sabores disponibles en la serie<\/li>\n<\/ul>\n<h4>Por Qu\u00e9 Te Gustar\u00e1 Este Sabor<\/h4>\n<p><strong>Chicle de Ar\u00e1ndano<\/strong> se inclina hacia una nota alta de baya brillante seguida de un suave y dulce final de chicle. Si disfrutas de perfiles de caramelo-fruta con un regusto suave, esta es una elecci\u00f3n s\u00f3lida.<\/p>\n<p><em>Nota:<\/em> El conteo de caladas es una estimaci\u00f3n y puede variar seg\u00fan la longitud de la calada y el ajuste de flujo de aire.<\/p>","protected":false},"excerpt":{"rendered":"<p>RandM Tornado 15000 Puffs en Blueberry Bubblegum\u2014dulce ar\u00e1ndano se encuentra con el cl\u00e1sico chicle. 25ml de e-l\u00edquido, bobina de malla, flujo de aire ajustable, pantalla LED, 850mAh recargable (Tipo-C).<\/p>","protected":false},"featured_media":147,"comment_status":"open","ping_status":"closed","template":"","meta":[],"product_brand":[],"product_cat":[16,18,17],"product_tag":[19,20,21,33,49,23,25,26,27,28],"class_list":{"0":"post-90","1":"product","2":"type-product","3":"status-publish","4":"has-post-thumbnail","6":"product_cat-15000-puff","7":"product_cat-randm-tornado-15000-puffs","8":"product_cat-vape","9":"product_tag-25ml","10":"product_tag-850mah","11":"product_tag-adjustable-airflow","12":"product_tag-blueberry","13":"product_tag-bubblegum","14":"product_tag-display","15":"product_tag-mesh-coil","16":"product_tag-rechargeable","17":"product_tag-rgb-light","18":"product_tag-type-c","20":"first","21":"instock","22":"sale","23":"shipping-taxable","24":"purchasable","25":"product-type-variable","26":"has-default-attributes"},"yoast_head":"<!-- This site is optimized with the Yoast SEO plugin v26.8 - https:\/\/yoast.com\/product\/yoast-seo-wordpress\/ -->\n<title>RandM Tornado 15000 Blueberry Bubblegum | 25ml<\/title>\n<meta name=\"description\" content=\"RandM Tornado 15000 Puffs Blueberry Bubblegum: 25ml e-liquid, mesh coil, adjustable airflow, LED display, 850mAh rechargeable Type-C. Nic 0\/2\/3\/5%.\" \/>\n<meta name=\"robots\" content=\"index, follow, max-snippet:-1, max-image-preview:large, max-video-preview:-1\" \/>\n<link rel=\"canonical\" href=\"https:\/\/fumot.uk\/es\/product\/randm-tornado-15000-puffs-blueberry-bubblegum\/\" \/>\n<meta property=\"og:locale\" content=\"es_ES\" \/>\n<meta property=\"og:type\" content=\"article\" \/>\n<meta property=\"og:title\" content=\"RandM Tornado 15000 Puffs \u2013 Blueberry Bubblegum\" \/>\n<meta property=\"og:description\" content=\"A fun candy-fruit vape: juicy blueberry with a sweet bubblegum finish. Mesh coil, adjustable airflow, LED display, 25ml, 850mAh rechargeable (Type\u2011C).\" \/>\n<meta property=\"og:url\" content=\"https:\/\/fumot.uk\/es\/product\/randm-tornado-15000-puffs-blueberry-bubblegum\/\" \/>\n<meta property=\"og:site_name\" content=\"Fumot Official Direct | Straight from the Factory, 100% Genuine\" \/>\n<meta property=\"article:modified_time\" content=\"2026-01-20T07:31:16+00:00\" \/>\n<meta property=\"og:image\" content=\"https:\/\/fumot.uk\/wp-content\/uploads\/2026\/01\/Randm-Tornado-15000-Blueberry-Bubblegum.jpg\" \/>\n\t<meta property=\"og:image:width\" content=\"2000\" \/>\n\t<meta property=\"og:image:height\" content=\"2000\" \/>\n\t<meta property=\"og:image:type\" content=\"image\/jpeg\" \/>\n<meta name=\"twitter:card\" content=\"summary_large_image\" \/>\n<meta name=\"twitter:label1\" content=\"Tiempo de lectura\" \/>\n\t<meta name=\"twitter:data1\" content=\"1 minuto\" \/>\n<script type=\"application\/ld+json\" class=\"yoast-schema-graph\">{\"@context\":\"https:\/\/schema.org\",\"@graph\":[{\"@type\":\"WebPage\",\"@id\":\"https:\/\/fumot.uk\/product\/randm-tornado-15000-puffs-blueberry-bubblegum\/\",\"url\":\"https:\/\/fumot.uk\/product\/randm-tornado-15000-puffs-blueberry-bubblegum\/\",\"name\":\"RandM Tornado 15000 Blueberry Bubblegum | 25ml\",\"isPartOf\":{\"@id\":\"https:\/\/fumot.uk\/#website\"},\"primaryImageOfPage\":{\"@id\":\"https:\/\/fumot.uk\/product\/randm-tornado-15000-puffs-blueberry-bubblegum\/#primaryimage\"},\"image\":{\"@id\":\"https:\/\/fumot.uk\/product\/randm-tornado-15000-puffs-blueberry-bubblegum\/#primaryimage\"},\"thumbnailUrl\":\"https:\/\/fumot.uk\/wp-content\/uploads\/2026\/01\/Randm-Tornado-15000-Blueberry-Bubblegum.jpg\",\"datePublished\":\"2026-01-20T02:40:09+00:00\",\"dateModified\":\"2026-01-20T07:31:16+00:00\",\"description\":\"RandM Tornado 15000 Puffs Blueberry Bubblegum: 25ml e-liquid, mesh coil, adjustable airflow, LED display, 850mAh rechargeable Type-C. Nic 0\/2\/3\/5%.\",\"breadcrumb\":{\"@id\":\"https:\/\/fumot.uk\/product\/randm-tornado-15000-puffs-blueberry-bubblegum\/#breadcrumb\"},\"inLanguage\":\"es\",\"potentialAction\":[{\"@type\":\"ReadAction\",\"target\":[\"https:\/\/fumot.uk\/product\/randm-tornado-15000-puffs-blueberry-bubblegum\/\"]}]},{\"@type\":\"ImageObject\",\"inLanguage\":\"es\",\"@id\":\"https:\/\/fumot.uk\/product\/randm-tornado-15000-puffs-blueberry-bubblegum\/#primaryimage\",\"url\":\"https:\/\/fumot.uk\/wp-content\/uploads\/2026\/01\/Randm-Tornado-15000-Blueberry-Bubblegum.jpg\",\"contentUrl\":\"https:\/\/fumot.uk\/wp-content\/uploads\/2026\/01\/Randm-Tornado-15000-Blueberry-Bubblegum.jpg\",\"width\":2000,\"height\":2000},{\"@type\":\"BreadcrumbList\",\"@id\":\"https:\/\/fumot.uk\/product\/randm-tornado-15000-puffs-blueberry-bubblegum\/#breadcrumb\",\"itemListElement\":[{\"@type\":\"ListItem\",\"position\":1,\"name\":\"Home\",\"item\":\"https:\/\/fumot.uk\/\"},{\"@type\":\"ListItem\",\"position\":2,\"name\":\"Shop\",\"item\":\"https:\/\/fumot.uk\/shop\/\"},{\"@type\":\"ListItem\",\"position\":3,\"name\":\"RandM Tornado 15000 Puffs Blueberry Bubblegum Disposable Vape (25ml, 850mAh, Mesh Coil, Adjustable Airflow)\"}]},{\"@type\":\"WebSite\",\"@id\":\"https:\/\/fumot.uk\/#website\",\"url\":\"https:\/\/fumot.uk\/\",\"name\":\"Fumot Official Direct | Straight from the Factory, 100% Genuine\",\"description\":\"Official Website\",\"publisher\":{\"@id\":\"https:\/\/fumot.uk\/#organization\"},\"potentialAction\":[{\"@type\":\"SearchAction\",\"target\":{\"@type\":\"EntryPoint\",\"urlTemplate\":\"https:\/\/fumot.uk\/?s={search_term_string}\"},\"query-input\":{\"@type\":\"PropertyValueSpecification\",\"valueRequired\":true,\"valueName\":\"search_term_string\"}}],\"inLanguage\":\"es\"},{\"@type\":\"Organization\",\"@id\":\"https:\/\/fumot.uk\/#organization\",\"name\":\"Fumot Official Direct | Straight from the Factory, 100% Genuine\",\"url\":\"https:\/\/fumot.uk\/\",\"logo\":{\"@type\":\"ImageObject\",\"inLanguage\":\"es\",\"@id\":\"https:\/\/fumot.uk\/#\/schema\/logo\/image\/\",\"url\":\"https:\/\/fumot.uk\/wp-content\/uploads\/2026\/01\/cropped-fumot-logo1.png\",\"contentUrl\":\"https:\/\/fumot.uk\/wp-content\/uploads\/2026\/01\/cropped-fumot-logo1.png\",\"width\":152,\"height\":106,\"caption\":\"Fumot Official Direct | Straight from the Factory, 100% Genuine\"},\"image\":{\"@id\":\"https:\/\/fumot.uk\/#\/schema\/logo\/image\/\"}}]}<\/script>\n<!-- \/ Yoast SEO plugin. -->","yoast_head_json":{"title":"RandM Tornado 15000 Chicle de Ar\u00e1ndano | 25ml","description":"RandM Tornado 15000 Puffs Blueberry Bubblegum: 25ml de e-l\u00edquido, bobina de malla, flujo de aire ajustable, pantalla LED, 850mAh recargable Type-C. Nic 0\/2\/3\/5%.","robots":{"index":"index","follow":"follow","max-snippet":"max-snippet:-1","max-image-preview":"max-image-preview:large","max-video-preview":"max-video-preview:-1"},"canonical":"https:\/\/fumot.uk\/es\/product\/randm-tornado-15000-puffs-blueberry-bubblegum\/","og_locale":"es_ES","og_type":"article","og_title":"RandM Tornado 15000 Puffs \u2013 Blueberry Bubblegum","og_description":"A fun candy-fruit vape: juicy blueberry with a sweet bubblegum finish. Mesh coil, adjustable airflow, LED display, 25ml, 850mAh rechargeable (Type\u2011C).","og_url":"https:\/\/fumot.uk\/es\/product\/randm-tornado-15000-puffs-blueberry-bubblegum\/","og_site_name":"Fumot Official Direct | Straight from the Factory, 100% Genuine","article_modified_time":"2026-01-20T07:31:16+00:00","og_image":[{"width":2000,"height":2000,"url":"https:\/\/fumot.uk\/wp-content\/uploads\/2026\/01\/Randm-Tornado-15000-Blueberry-Bubblegum.jpg","type":"image\/jpeg"}],"twitter_card":"summary_large_image","twitter_misc":{"Tiempo de lectura":"1 minuto"},"schema":{"@context":"https:\/\/schema.org","@graph":[{"@type":"WebPage","@id":"https:\/\/fumot.uk\/product\/randm-tornado-15000-puffs-blueberry-bubblegum\/","url":"https:\/\/fumot.uk\/product\/randm-tornado-15000-puffs-blueberry-bubblegum\/","name":"RandM Tornado 15000 Chicle de Ar\u00e1ndano | 25ml","isPartOf":{"@id":"https:\/\/fumot.uk\/#website"},"primaryImageOfPage":{"@id":"https:\/\/fumot.uk\/product\/randm-tornado-15000-puffs-blueberry-bubblegum\/#primaryimage"},"image":{"@id":"https:\/\/fumot.uk\/product\/randm-tornado-15000-puffs-blueberry-bubblegum\/#primaryimage"},"thumbnailUrl":"https:\/\/fumot.uk\/wp-content\/uploads\/2026\/01\/Randm-Tornado-15000-Blueberry-Bubblegum.jpg","datePublished":"2026-01-20T02:40:09+00:00","dateModified":"2026-01-20T07:31:16+00:00","description":"RandM Tornado 15000 Puffs Blueberry Bubblegum: 25ml de e-l\u00edquido, bobina de malla, flujo de aire ajustable, pantalla LED, 850mAh recargable Type-C. Nic 0\/2\/3\/5%.","breadcrumb":{"@id":"https:\/\/fumot.uk\/product\/randm-tornado-15000-puffs-blueberry-bubblegum\/#breadcrumb"},"inLanguage":"es","potentialAction":[{"@type":"ReadAction","target":["https:\/\/fumot.uk\/product\/randm-tornado-15000-puffs-blueberry-bubblegum\/"]}]},{"@type":"ImageObject","inLanguage":"es","@id":"https:\/\/fumot.uk\/product\/randm-tornado-15000-puffs-blueberry-bubblegum\/#primaryimage","url":"https:\/\/fumot.uk\/wp-content\/uploads\/2026\/01\/Randm-Tornado-15000-Blueberry-Bubblegum.jpg","contentUrl":"https:\/\/fumot.uk\/wp-content\/uploads\/2026\/01\/Randm-Tornado-15000-Blueberry-Bubblegum.jpg","width":2000,"height":2000},{"@type":"BreadcrumbList","@id":"https:\/\/fumot.uk\/product\/randm-tornado-15000-puffs-blueberry-bubblegum\/#breadcrumb","itemListElement":[{"@type":"ListItem","position":1,"name":"Home","item":"https:\/\/fumot.uk\/"},{"@type":"ListItem","position":2,"name":"Shop","item":"https:\/\/fumot.uk\/shop\/"},{"@type":"ListItem","position":3,"name":"RandM Tornado 15000 Puffs Blueberry Bubblegum Disposable Vape (25ml, 850mAh, Mesh Coil, Adjustable Airflow)"}]},{"@type":"WebSite","@id":"https:\/\/fumot.uk\/#website","url":"https:\/\/fumot.uk\/","name":"Fumot Official Direct | Directo desde la f\u00e1brica, 100% Original","description":"Sitio Oficial","publisher":{"@id":"https:\/\/fumot.uk\/#organization"},"potentialAction":[{"@type":"SearchAction","target":{"@type":"EntryPoint","urlTemplate":"https:\/\/fumot.uk\/?s={search_term_string}"},"query-input":{"@type":"PropertyValueSpecification","valueRequired":true,"valueName":"search_term_string"}}],"inLanguage":"es"},{"@type":"Organization","@id":"https:\/\/fumot.uk\/#organization","name":"Fumot Official Direct | Directo desde la f\u00e1brica, 100% Original","url":"https:\/\/fumot.uk\/","logo":{"@type":"ImageObject","inLanguage":"es","@id":"https:\/\/fumot.uk\/#\/schema\/logo\/image\/","url":"https:\/\/fumot.uk\/wp-content\/uploads\/2026\/01\/cropped-fumot-logo1.png","contentUrl":"https:\/\/fumot.uk\/wp-content\/uploads\/2026\/01\/cropped-fumot-logo1.png","width":152,"height":106,"caption":"Fumot Official Direct | Straight from the Factory, 100% Genuine"},"image":{"@id":"https:\/\/fumot.uk\/#\/schema\/logo\/image\/"}}]}},"_links":{"self":[{"href":"https:\/\/fumot.uk\/es\/wp-json\/wp\/v2\/product\/90","targetHints":{"allow":["GET"]}}],"collection":[{"href":"https:\/\/fumot.uk\/es\/wp-json\/wp\/v2\/product"}],"about":[{"href":"https:\/\/fumot.uk\/es\/wp-json\/wp\/v2\/types\/product"}],"replies":[{"embeddable":true,"href":"https:\/\/fumot.uk\/es\/wp-json\/wp\/v2\/comments?post=90"}],"wp:featuredmedia":[{"embeddable":true,"href":"https:\/\/fumot.uk\/es\/wp-json\/wp\/v2\/media\/147"}],"wp:attachment":[{"href":"https:\/\/fumot.uk\/es\/wp-json\/wp\/v2\/media?parent=90"}],"wp:term":[{"taxonomy":"product_brand","embeddable":true,"href":"https:\/\/fumot.uk\/es\/wp-json\/wp\/v2\/product_brand?post=90"},{"taxonomy":"product_cat","embeddable":true,"href":"https:\/\/fumot.uk\/es\/wp-json\/wp\/v2\/product_cat?post=90"},{"taxonomy":"product_tag","embeddable":true,"href":"https:\/\/fumot.uk\/es\/wp-json\/wp\/v2\/product_tag?post=90"}],"curies":[{"name":"wp","href":"https:\/\/api.w.org\/{rel}","templated":true}]}}