{"id":87,"date":"2026-01-20T02:40:09","date_gmt":"2026-01-20T02:40:09","guid":{"rendered":"https:\/\/fumot.uk\/?post_type=product&#038;p=87"},"modified":"2026-01-20T07:31:11","modified_gmt":"2026-01-20T07:31:11","slug":"randm-tornado-15000-puffs-apple-peach-pear","status":"publish","type":"product","link":"https:\/\/fumot.uk\/es\/product\/randm-tornado-15000-puffs-apple-peach-pear\/","title":{"rendered":"RandM Tornado 15000 Caladas Manzana Melocot\u00f3n Pera \u2013 25ml, Bobina de Malla, Flujo de Aire Ajustable, Pantalla LED"},"content":{"rendered":"<h4>RandM Tornado 15000 Puffs \u2013 Manzana Durazno Pera<\/h4>\n<p>Conoce una mezcla brillante y afrutada hecha para vapear todo el d\u00eda: <strong>RandM Tornado 15000 Puffs Manzana Durazno Pera<\/strong> capas crujientes <strong>manzana<\/strong>, dulce suave <strong>durazno<\/strong>, y limpia, jugosa <strong>pera<\/strong> en un acabado suave y refrescante. Cada calada est\u00e1 equilibrada: fresca al inhalar, suavemente dulce en el medio, y ligeramente crujiente al final.<\/p>\n<p>Dise\u00f1ado para conveniencia y control, este vape desechable cuenta con un <strong>bobina de malla<\/strong> para un sabor consistente, <strong>flujo de aire ajustable<\/strong> para ajustar tu calada, y un claro <strong>pantalla LED<\/strong> para ayudarte a mantenerte al tanto de tu uso. El integrado <strong>Bater\u00eda recargable de 850mAh<\/strong> y <strong>carga Tipo-C<\/strong> est\u00e1n dise\u00f1ados para mantener tu dispositivo funcionando a trav\u00e9s de su <strong>25ml de e-l\u00edquido<\/strong> capacidad.<\/p>\n<p>Explora m\u00e1s sabores y toda la gama de RandM en <a href=\"https:\/\/fumot.uk\/es\/\">fumot.uk<\/a>.<\/p>\n<h4>Caracter\u00edsticas Clave<\/h4>\n<ul>\n<li><strong>Capacidad de E-l\u00edquido:<\/strong> Manzana \u2022 Durazno \u2022 Pera<\/li>\n<li><strong>Cuenta de Caladas:<\/strong> Hasta 15000 caladas<\/li>\n<li><strong>Capacidad de E-L\u00edquido:<\/strong> 25ml<\/li>\n<li><strong>Bobina:<\/strong> Indicador de bater\u00eda y e-l\u00edquido<\/li>\n<li><strong>Flujo de aire:<\/strong> Ajustable<\/li>\n<li><strong>Pantalla:<\/strong> Pantalla LED<\/li>\n<li><strong>Bater\u00eda:<\/strong> 850mAh recargable (integrado)<\/li>\n<li><strong>Carga:<\/strong> Type-C<\/li>\n<li><strong>Opciones de Nicotina:<\/strong> 0% \/ 2% \/ 3% \/ 5% sal de nicotina<\/li>\n<li><strong>Rango:<\/strong> 41 sabores disponibles<\/li>\n<\/ul>\n<h4>Por qu\u00e9 te gustar\u00e1 Manzana Durazno Pera<\/h4>\n<ul>\n<li><strong>Perfil crujiente y jugoso<\/strong> que se mantiene suave<\/li>\n<li><strong>Calada personalizable<\/strong> con flujo de aire ajustable<\/li>\n<li><strong>Entrega de sabor confiable<\/strong> gracias a la tecnolog\u00eda de bobina de malla<\/li>\n<li><strong>Conveniencia recargable<\/strong> para un uso prolongado<\/li>\n<\/ul>\n<p><em>Nota:<\/em> El conteo de caladas puede variar dependiendo de los h\u00e1bitos de uso individuales.<\/p>\n<p>\u00bfBuscas m\u00e1s mezclas afrutadas? Visita <a href=\"https:\/\/fumot.uk\/es\/\">fumot.uk<\/a> para las \u00faltimas novedades.<\/p>","protected":false},"excerpt":{"rendered":"<p>RandM Tornado 15000 Puffs Apple Peach Pear ofrece un mordisco crujiente de manzana, dulzura suave de durazno y un acabado jugoso de pera\u201425ml, bobina de malla, flujo de aire ajustable, pantalla LED y bater\u00eda recargable de 850mAh Tipo-C. Sal de nicotina: 0\/2\/3\/5%.<\/p>","protected":false},"featured_media":131,"comment_status":"open","ping_status":"closed","template":"","meta":[],"product_brand":[],"product_cat":[16,18,17],"product_tag":[19,20,21,31,23,25,30,26,27,28],"class_list":{"0":"post-87","1":"product","2":"type-product","3":"status-publish","4":"has-post-thumbnail","6":"product_cat-15000-puff","7":"product_cat-randm-tornado-15000-puffs","8":"product_cat-vape","9":"product_tag-25ml","10":"product_tag-850mah","11":"product_tag-adjustable-airflow","12":"product_tag-apple","13":"product_tag-display","14":"product_tag-mesh-coil","15":"product_tag-peach","16":"product_tag-rechargeable","17":"product_tag-rgb-light","18":"product_tag-type-c","20":"first","21":"instock","22":"sale","23":"shipping-taxable","24":"purchasable","25":"product-type-variable","26":"has-default-attributes"},"yoast_head":"<!-- This site is optimized with the Yoast SEO plugin v26.8 - https:\/\/yoast.com\/product\/yoast-seo-wordpress\/ -->\n<title>RandM Tornado 15000 Apple Peach Pear | Fumot UK<\/title>\n<meta name=\"description\" content=\"RandM Tornado 15000 Puffs Apple Peach Pear: 25ml, mesh coil, adjustable airflow, LED display, 850mAh rechargeable Type\u2011C. Nic salt 0\/2\/3\/5%.\" \/>\n<meta name=\"robots\" content=\"index, follow, max-snippet:-1, max-image-preview:large, max-video-preview:-1\" \/>\n<link rel=\"canonical\" href=\"https:\/\/fumot.uk\/es\/product\/randm-tornado-15000-puffs-apple-peach-pear\/\" \/>\n<meta property=\"og:locale\" content=\"es_ES\" \/>\n<meta property=\"og:type\" content=\"article\" \/>\n<meta property=\"og:title\" content=\"RandM Tornado 15000 Puffs \u2013 Apple Peach Pear\" \/>\n<meta property=\"og:description\" content=\"Crisp apple, smooth peach and juicy pear in one refreshing blend. 25ml, mesh coil, adjustable airflow, LED display, 850mAh rechargeable Type\u2011C. Shop at fumot.uk.\" \/>\n<meta property=\"og:url\" content=\"https:\/\/fumot.uk\/es\/product\/randm-tornado-15000-puffs-apple-peach-pear\/\" \/>\n<meta property=\"og:site_name\" content=\"Fumot Official Direct | Straight from the Factory, 100% Genuine\" \/>\n<meta property=\"article:modified_time\" content=\"2026-01-20T07:31:11+00:00\" \/>\n<meta property=\"og:image\" content=\"https:\/\/fumot.uk\/wp-content\/uploads\/2026\/01\/Randm-Tornado-15000-Apple-Peach-Pear.jpg\" \/>\n\t<meta property=\"og:image:width\" content=\"2000\" \/>\n\t<meta property=\"og:image:height\" content=\"2000\" \/>\n\t<meta property=\"og:image:type\" content=\"image\/jpeg\" \/>\n<meta name=\"twitter:card\" content=\"summary_large_image\" \/>\n<meta name=\"twitter:label1\" content=\"Tiempo de lectura\" \/>\n\t<meta name=\"twitter:data1\" content=\"1 minuto\" \/>\n<script type=\"application\/ld+json\" class=\"yoast-schema-graph\">{\"@context\":\"https:\/\/schema.org\",\"@graph\":[{\"@type\":\"WebPage\",\"@id\":\"https:\/\/fumot.uk\/product\/randm-tornado-15000-puffs-apple-peach-pear\/\",\"url\":\"https:\/\/fumot.uk\/product\/randm-tornado-15000-puffs-apple-peach-pear\/\",\"name\":\"RandM Tornado 15000 Apple Peach Pear | Fumot UK\",\"isPartOf\":{\"@id\":\"https:\/\/fumot.uk\/#website\"},\"primaryImageOfPage\":{\"@id\":\"https:\/\/fumot.uk\/product\/randm-tornado-15000-puffs-apple-peach-pear\/#primaryimage\"},\"image\":{\"@id\":\"https:\/\/fumot.uk\/product\/randm-tornado-15000-puffs-apple-peach-pear\/#primaryimage\"},\"thumbnailUrl\":\"https:\/\/fumot.uk\/wp-content\/uploads\/2026\/01\/Randm-Tornado-15000-Apple-Peach-Pear.jpg\",\"datePublished\":\"2026-01-20T02:40:09+00:00\",\"dateModified\":\"2026-01-20T07:31:11+00:00\",\"description\":\"RandM Tornado 15000 Puffs Apple Peach Pear: 25ml, mesh coil, adjustable airflow, LED display, 850mAh rechargeable Type\u2011C. Nic salt 0\/2\/3\/5%.\",\"breadcrumb\":{\"@id\":\"https:\/\/fumot.uk\/product\/randm-tornado-15000-puffs-apple-peach-pear\/#breadcrumb\"},\"inLanguage\":\"es\",\"potentialAction\":[{\"@type\":\"ReadAction\",\"target\":[\"https:\/\/fumot.uk\/product\/randm-tornado-15000-puffs-apple-peach-pear\/\"]}]},{\"@type\":\"ImageObject\",\"inLanguage\":\"es\",\"@id\":\"https:\/\/fumot.uk\/product\/randm-tornado-15000-puffs-apple-peach-pear\/#primaryimage\",\"url\":\"https:\/\/fumot.uk\/wp-content\/uploads\/2026\/01\/Randm-Tornado-15000-Apple-Peach-Pear.jpg\",\"contentUrl\":\"https:\/\/fumot.uk\/wp-content\/uploads\/2026\/01\/Randm-Tornado-15000-Apple-Peach-Pear.jpg\",\"width\":2000,\"height\":2000},{\"@type\":\"BreadcrumbList\",\"@id\":\"https:\/\/fumot.uk\/product\/randm-tornado-15000-puffs-apple-peach-pear\/#breadcrumb\",\"itemListElement\":[{\"@type\":\"ListItem\",\"position\":1,\"name\":\"Home\",\"item\":\"https:\/\/fumot.uk\/\"},{\"@type\":\"ListItem\",\"position\":2,\"name\":\"Shop\",\"item\":\"https:\/\/fumot.uk\/shop\/\"},{\"@type\":\"ListItem\",\"position\":3,\"name\":\"RandM Tornado 15000 Puffs Apple Peach Pear \u2013 25ml, Mesh Coil, Adjustable Airflow, LED Display\"}]},{\"@type\":\"WebSite\",\"@id\":\"https:\/\/fumot.uk\/#website\",\"url\":\"https:\/\/fumot.uk\/\",\"name\":\"Fumot Official Direct | Straight from the Factory, 100% Genuine\",\"description\":\"Official Website\",\"publisher\":{\"@id\":\"https:\/\/fumot.uk\/#organization\"},\"potentialAction\":[{\"@type\":\"SearchAction\",\"target\":{\"@type\":\"EntryPoint\",\"urlTemplate\":\"https:\/\/fumot.uk\/?s={search_term_string}\"},\"query-input\":{\"@type\":\"PropertyValueSpecification\",\"valueRequired\":true,\"valueName\":\"search_term_string\"}}],\"inLanguage\":\"es\"},{\"@type\":\"Organization\",\"@id\":\"https:\/\/fumot.uk\/#organization\",\"name\":\"Fumot Official Direct | Straight from the Factory, 100% Genuine\",\"url\":\"https:\/\/fumot.uk\/\",\"logo\":{\"@type\":\"ImageObject\",\"inLanguage\":\"es\",\"@id\":\"https:\/\/fumot.uk\/#\/schema\/logo\/image\/\",\"url\":\"https:\/\/fumot.uk\/wp-content\/uploads\/2026\/01\/cropped-fumot-logo1.png\",\"contentUrl\":\"https:\/\/fumot.uk\/wp-content\/uploads\/2026\/01\/cropped-fumot-logo1.png\",\"width\":152,\"height\":106,\"caption\":\"Fumot Official Direct | Straight from the Factory, 100% Genuine\"},\"image\":{\"@id\":\"https:\/\/fumot.uk\/#\/schema\/logo\/image\/\"}}]}<\/script>\n<!-- \/ Yoast SEO plugin. -->","yoast_head_json":{"title":"RandM Tornado 15000 Manzana Durazno Pera | Fumot UK","description":"RandM Tornado 15000 Puffs Manzana Durazno Pera: 25ml, bobina de malla, flujo de aire ajustable, pantalla LED, 850mAh recargable Tipo\u2011C. Sal de nicotina 0\/2\/3\/5%.","robots":{"index":"index","follow":"follow","max-snippet":"max-snippet:-1","max-image-preview":"max-image-preview:large","max-video-preview":"max-video-preview:-1"},"canonical":"https:\/\/fumot.uk\/es\/product\/randm-tornado-15000-puffs-apple-peach-pear\/","og_locale":"es_ES","og_type":"article","og_title":"RandM Tornado 15000 Puffs \u2013 Apple Peach Pear","og_description":"Crisp apple, smooth peach and juicy pear in one refreshing blend. 25ml, mesh coil, adjustable airflow, LED display, 850mAh rechargeable Type\u2011C. Shop at fumot.uk.","og_url":"https:\/\/fumot.uk\/es\/product\/randm-tornado-15000-puffs-apple-peach-pear\/","og_site_name":"Fumot Official Direct | Straight from the Factory, 100% Genuine","article_modified_time":"2026-01-20T07:31:11+00:00","og_image":[{"width":2000,"height":2000,"url":"https:\/\/fumot.uk\/wp-content\/uploads\/2026\/01\/Randm-Tornado-15000-Apple-Peach-Pear.jpg","type":"image\/jpeg"}],"twitter_card":"summary_large_image","twitter_misc":{"Tiempo de lectura":"1 minuto"},"schema":{"@context":"https:\/\/schema.org","@graph":[{"@type":"WebPage","@id":"https:\/\/fumot.uk\/product\/randm-tornado-15000-puffs-apple-peach-pear\/","url":"https:\/\/fumot.uk\/product\/randm-tornado-15000-puffs-apple-peach-pear\/","name":"RandM Tornado 15000 Manzana Durazno Pera | Fumot UK","isPartOf":{"@id":"https:\/\/fumot.uk\/#website"},"primaryImageOfPage":{"@id":"https:\/\/fumot.uk\/product\/randm-tornado-15000-puffs-apple-peach-pear\/#primaryimage"},"image":{"@id":"https:\/\/fumot.uk\/product\/randm-tornado-15000-puffs-apple-peach-pear\/#primaryimage"},"thumbnailUrl":"https:\/\/fumot.uk\/wp-content\/uploads\/2026\/01\/Randm-Tornado-15000-Apple-Peach-Pear.jpg","datePublished":"2026-01-20T02:40:09+00:00","dateModified":"2026-01-20T07:31:11+00:00","description":"RandM Tornado 15000 Puffs Manzana Durazno Pera: 25ml, bobina de malla, flujo de aire ajustable, pantalla LED, 850mAh recargable Tipo\u2011C. Sal de nicotina 0\/2\/3\/5%.","breadcrumb":{"@id":"https:\/\/fumot.uk\/product\/randm-tornado-15000-puffs-apple-peach-pear\/#breadcrumb"},"inLanguage":"es","potentialAction":[{"@type":"ReadAction","target":["https:\/\/fumot.uk\/product\/randm-tornado-15000-puffs-apple-peach-pear\/"]}]},{"@type":"ImageObject","inLanguage":"es","@id":"https:\/\/fumot.uk\/product\/randm-tornado-15000-puffs-apple-peach-pear\/#primaryimage","url":"https:\/\/fumot.uk\/wp-content\/uploads\/2026\/01\/Randm-Tornado-15000-Apple-Peach-Pear.jpg","contentUrl":"https:\/\/fumot.uk\/wp-content\/uploads\/2026\/01\/Randm-Tornado-15000-Apple-Peach-Pear.jpg","width":2000,"height":2000},{"@type":"BreadcrumbList","@id":"https:\/\/fumot.uk\/product\/randm-tornado-15000-puffs-apple-peach-pear\/#breadcrumb","itemListElement":[{"@type":"ListItem","position":1,"name":"Home","item":"https:\/\/fumot.uk\/"},{"@type":"ListItem","position":2,"name":"Shop","item":"https:\/\/fumot.uk\/shop\/"},{"@type":"ListItem","position":3,"name":"RandM Tornado 15000 Puffs Apple Peach Pear \u2013 25ml, Mesh Coil, Adjustable Airflow, LED Display"}]},{"@type":"WebSite","@id":"https:\/\/fumot.uk\/#website","url":"https:\/\/fumot.uk\/","name":"Fumot Official Direct | Directo desde la f\u00e1brica, 100% Original","description":"Sitio Oficial","publisher":{"@id":"https:\/\/fumot.uk\/#organization"},"potentialAction":[{"@type":"SearchAction","target":{"@type":"EntryPoint","urlTemplate":"https:\/\/fumot.uk\/?s={search_term_string}"},"query-input":{"@type":"PropertyValueSpecification","valueRequired":true,"valueName":"search_term_string"}}],"inLanguage":"es"},{"@type":"Organization","@id":"https:\/\/fumot.uk\/#organization","name":"Fumot Official Direct | Directo desde la f\u00e1brica, 100% Original","url":"https:\/\/fumot.uk\/","logo":{"@type":"ImageObject","inLanguage":"es","@id":"https:\/\/fumot.uk\/#\/schema\/logo\/image\/","url":"https:\/\/fumot.uk\/wp-content\/uploads\/2026\/01\/cropped-fumot-logo1.png","contentUrl":"https:\/\/fumot.uk\/wp-content\/uploads\/2026\/01\/cropped-fumot-logo1.png","width":152,"height":106,"caption":"Fumot Official Direct | Straight from the Factory, 100% Genuine"},"image":{"@id":"https:\/\/fumot.uk\/#\/schema\/logo\/image\/"}}]}},"_links":{"self":[{"href":"https:\/\/fumot.uk\/es\/wp-json\/wp\/v2\/product\/87","targetHints":{"allow":["GET"]}}],"collection":[{"href":"https:\/\/fumot.uk\/es\/wp-json\/wp\/v2\/product"}],"about":[{"href":"https:\/\/fumot.uk\/es\/wp-json\/wp\/v2\/types\/product"}],"replies":[{"embeddable":true,"href":"https:\/\/fumot.uk\/es\/wp-json\/wp\/v2\/comments?post=87"}],"wp:featuredmedia":[{"embeddable":true,"href":"https:\/\/fumot.uk\/es\/wp-json\/wp\/v2\/media\/131"}],"wp:attachment":[{"href":"https:\/\/fumot.uk\/es\/wp-json\/wp\/v2\/media?parent=87"}],"wp:term":[{"taxonomy":"product_brand","embeddable":true,"href":"https:\/\/fumot.uk\/es\/wp-json\/wp\/v2\/product_brand?post=87"},{"taxonomy":"product_cat","embeddable":true,"href":"https:\/\/fumot.uk\/es\/wp-json\/wp\/v2\/product_cat?post=87"},{"taxonomy":"product_tag","embeddable":true,"href":"https:\/\/fumot.uk\/es\/wp-json\/wp\/v2\/product_tag?post=87"}],"curies":[{"name":"wp","href":"https:\/\/api.w.org\/{rel}","templated":true}]}}