{"id":82,"date":"2026-01-20T02:40:08","date_gmt":"2026-01-20T02:40:08","guid":{"rendered":"https:\/\/fumot.uk\/?post_type=product&#038;p=82"},"modified":"2026-01-20T07:31:20","modified_gmt":"2026-01-20T07:31:20","slug":"randm-tornado-15000-puffs-ice-pop","status":"publish","type":"product","link":"https:\/\/fumot.uk\/es\/product\/randm-tornado-15000-puffs-ice-pop\/","title":{"rendered":"RandM Tornado 15000 Caladas Paleta de Hielo Vape Desechable (25ml, 850mAh, Flujo de Aire Ajustable)"},"content":{"rendered":"<h2>RandM Tornado 15000 Puffs \u2013 Ice Pop (Mezcla de Frutas Frescas)<\/h2>\n<p>El <strong>RandM Tornado 15000 Puffs Ice Pop<\/strong> trae una vibraci\u00f3n crujiente y helada de frutas inspirada en un refresco de verano fr\u00edo. Espera una dulzura afrutada y brillante envuelta en un acabado limpio y refrescante, sin sentirse pesado. Impulsado por <strong>tecnolog\u00eda de bobina de malla<\/strong>, cada calada se mantiene suave y consistente, ayudando a que el sabor se perciba uniformemente de principio a fin.<\/p>\n<p>Con <strong>flujo de aire ajustable<\/strong>, puedes ajustar tu inhalaci\u00f3n: opta por una calada m\u00e1s ligera y aireada o una m\u00e1s concentrada, enfocada en el sabor. El dise\u00f1o recargable con un <strong>bater\u00eda integrada de 850mAh<\/strong> y <strong>USB Tipo\u2011C<\/strong> mantiene las cosas pr\u00e1cticas para el uso diario.<\/p>\n<h3>Por qu\u00e9 te gustar\u00e1 Ice Pop<\/h3>\n<ul>\n<li><strong>Perfil de fruta helada<\/strong> con un acabado limpio y refrescante<\/li>\n<li><strong>Bobina de malla<\/strong> para un sabor constante y vapor suave<\/li>\n<li><strong>Flujo de aire ajustable<\/strong> para ajustar a tu estilo de calada preferido<\/li>\n<li><strong>Bater\u00eda recargable de 850mAh<\/strong> para un rendimiento consistente<\/li>\n<\/ul>\n<h3>Caracter\u00edsticas del Producto<\/h3>\n<ul>\n<li><strong>Caladas:<\/strong> Hasta 15000<\/li>\n<li><strong>Capacidad de e-l\u00edquido:<\/strong> <a href=\"https:\/\/fumot.uk\/es\/product-tag\/25ml\/\">25ml<\/a><\/li>\n<li><strong>Fortalezas de nicotina (nic salt):<\/strong> 0% \/ 2% \/ 3% \/ 5%<\/li>\n<li><strong>Bobina:<\/strong> Indicador de bater\u00eda y e-l\u00edquido<\/li>\n<li><strong>Flujo de aire:<\/strong> Ajustable<\/li>\n<li><strong>Bater\u00eda:<\/strong> Integrado 850mAh (Recargable)<\/li>\n<li><strong>Carga:<\/strong> USB Tipo\u2011C<\/li>\n<li><strong>Opciones de sabor:<\/strong> 41 sabores disponibles en la gama Tornado<\/li>\n<\/ul>\n<p>\u00bfBuscas m\u00e1s opciones frescas y afrutadas? Explora m\u00e1s sabores en <a href=\"https:\/\/fumot.uk\/es\/\">fumot.uk<\/a>.<\/p>\n<p><em>Nota: La cantidad de caladas var\u00eda seg\u00fan los h\u00e1bitos de uso individuales.<\/em><\/p>","protected":false},"excerpt":{"rendered":"<p>RandM Tornado 15000 Puffs Ice Pop vape desechable con un acabado fresco y afrutado. 25ml de e-l\u00edquido, bobina de malla, flujo de aire ajustable, bater\u00eda recargable de 850mAh, carga Tipo\u2011C. Sal de nicotina: 0\/2\/3\/5%.<\/p>","protected":false},"featured_media":126,"comment_status":"open","ping_status":"closed","template":"","meta":[],"product_brand":[],"product_cat":[16,18,17],"product_tag":[19,20,21,33,23,29,25,34,26,27,37,28],"class_list":{"0":"post-82","1":"product","2":"type-product","3":"status-publish","4":"has-post-thumbnail","6":"product_cat-15000-puff","7":"product_cat-randm-tornado-15000-puffs","8":"product_cat-vape","9":"product_tag-25ml","10":"product_tag-850mah","11":"product_tag-adjustable-airflow","12":"product_tag-blueberry","13":"product_tag-display","14":"product_tag-ice","15":"product_tag-mesh-coil","16":"product_tag-raspberry","17":"product_tag-rechargeable","18":"product_tag-rgb-light","19":"product_tag-strawberry","20":"product_tag-type-c","22":"first","23":"instock","24":"sale","25":"shipping-taxable","26":"purchasable","27":"product-type-variable","28":"has-default-attributes"},"yoast_head":"<!-- This site is optimized with the Yoast SEO plugin v26.8 - https:\/\/yoast.com\/product\/yoast-seo-wordpress\/ -->\n<title>RandM Tornado 15000 Puffs Ice Pop | 25ml, 850mAh<\/title>\n<meta name=\"description\" content=\"Shop RandM Tornado 15000 Puffs Ice Pop at fumot.uk. Icy fruit flavour, 25ml, mesh coil, adjustable airflow, 850mAh rechargeable, Type\u2011C. 0\/2\/3\/5%.\" \/>\n<meta name=\"robots\" content=\"index, follow, max-snippet:-1, max-image-preview:large, max-video-preview:-1\" \/>\n<link rel=\"canonical\" href=\"https:\/\/fumot.uk\/es\/product\/randm-tornado-15000-puffs-ice-pop\/\" \/>\n<meta property=\"og:locale\" content=\"es_ES\" \/>\n<meta property=\"og:type\" content=\"article\" \/>\n<meta property=\"og:title\" content=\"RandM Tornado 15000 Puffs \u2013 Ice Pop (Cool Fruit Vape)\" \/>\n<meta property=\"og:description\" content=\"Refreshing Ice Pop flavour with an icy fruit finish. 25ml, mesh coil, adjustable airflow, 850mAh rechargeable battery and Type\u2011C charging. Available at fumot.uk.\" \/>\n<meta property=\"og:url\" content=\"https:\/\/fumot.uk\/es\/product\/randm-tornado-15000-puffs-ice-pop\/\" \/>\n<meta property=\"og:site_name\" content=\"Fumot Official Direct | Straight from the Factory, 100% Genuine\" \/>\n<meta property=\"article:modified_time\" content=\"2026-01-20T07:31:20+00:00\" \/>\n<meta property=\"og:image\" content=\"https:\/\/fumot.uk\/wp-content\/uploads\/2026\/01\/Randm-Tornado-15000-ice-pop.jpg\" \/>\n\t<meta property=\"og:image:width\" content=\"2000\" \/>\n\t<meta property=\"og:image:height\" content=\"2000\" \/>\n\t<meta property=\"og:image:type\" content=\"image\/jpeg\" \/>\n<meta name=\"twitter:card\" content=\"summary_large_image\" \/>\n<meta name=\"twitter:label1\" content=\"Tiempo de lectura\" \/>\n\t<meta name=\"twitter:data1\" content=\"1 minuto\" \/>\n<script type=\"application\/ld+json\" class=\"yoast-schema-graph\">{\"@context\":\"https:\/\/schema.org\",\"@graph\":[{\"@type\":\"WebPage\",\"@id\":\"https:\/\/fumot.uk\/product\/randm-tornado-15000-puffs-ice-pop\/\",\"url\":\"https:\/\/fumot.uk\/product\/randm-tornado-15000-puffs-ice-pop\/\",\"name\":\"RandM Tornado 15000 Puffs Ice Pop | 25ml, 850mAh\",\"isPartOf\":{\"@id\":\"https:\/\/fumot.uk\/#website\"},\"primaryImageOfPage\":{\"@id\":\"https:\/\/fumot.uk\/product\/randm-tornado-15000-puffs-ice-pop\/#primaryimage\"},\"image\":{\"@id\":\"https:\/\/fumot.uk\/product\/randm-tornado-15000-puffs-ice-pop\/#primaryimage\"},\"thumbnailUrl\":\"https:\/\/fumot.uk\/wp-content\/uploads\/2026\/01\/Randm-Tornado-15000-ice-pop.jpg\",\"datePublished\":\"2026-01-20T02:40:08+00:00\",\"dateModified\":\"2026-01-20T07:31:20+00:00\",\"description\":\"Shop RandM Tornado 15000 Puffs Ice Pop at fumot.uk. Icy fruit flavour, 25ml, mesh coil, adjustable airflow, 850mAh rechargeable, Type\u2011C. 0\/2\/3\/5%.\",\"breadcrumb\":{\"@id\":\"https:\/\/fumot.uk\/product\/randm-tornado-15000-puffs-ice-pop\/#breadcrumb\"},\"inLanguage\":\"es\",\"potentialAction\":[{\"@type\":\"ReadAction\",\"target\":[\"https:\/\/fumot.uk\/product\/randm-tornado-15000-puffs-ice-pop\/\"]}]},{\"@type\":\"ImageObject\",\"inLanguage\":\"es\",\"@id\":\"https:\/\/fumot.uk\/product\/randm-tornado-15000-puffs-ice-pop\/#primaryimage\",\"url\":\"https:\/\/fumot.uk\/wp-content\/uploads\/2026\/01\/Randm-Tornado-15000-ice-pop.jpg\",\"contentUrl\":\"https:\/\/fumot.uk\/wp-content\/uploads\/2026\/01\/Randm-Tornado-15000-ice-pop.jpg\",\"width\":2000,\"height\":2000},{\"@type\":\"BreadcrumbList\",\"@id\":\"https:\/\/fumot.uk\/product\/randm-tornado-15000-puffs-ice-pop\/#breadcrumb\",\"itemListElement\":[{\"@type\":\"ListItem\",\"position\":1,\"name\":\"Home\",\"item\":\"https:\/\/fumot.uk\/\"},{\"@type\":\"ListItem\",\"position\":2,\"name\":\"Shop\",\"item\":\"https:\/\/fumot.uk\/shop\/\"},{\"@type\":\"ListItem\",\"position\":3,\"name\":\"RandM Tornado 15000 Puffs Ice Pop Disposable Vape (25ml, 850mAh, Adjustable Airflow)\"}]},{\"@type\":\"WebSite\",\"@id\":\"https:\/\/fumot.uk\/#website\",\"url\":\"https:\/\/fumot.uk\/\",\"name\":\"Fumot Official Direct | Straight from the Factory, 100% Genuine\",\"description\":\"Official Website\",\"publisher\":{\"@id\":\"https:\/\/fumot.uk\/#organization\"},\"potentialAction\":[{\"@type\":\"SearchAction\",\"target\":{\"@type\":\"EntryPoint\",\"urlTemplate\":\"https:\/\/fumot.uk\/?s={search_term_string}\"},\"query-input\":{\"@type\":\"PropertyValueSpecification\",\"valueRequired\":true,\"valueName\":\"search_term_string\"}}],\"inLanguage\":\"es\"},{\"@type\":\"Organization\",\"@id\":\"https:\/\/fumot.uk\/#organization\",\"name\":\"Fumot Official Direct | Straight from the Factory, 100% Genuine\",\"url\":\"https:\/\/fumot.uk\/\",\"logo\":{\"@type\":\"ImageObject\",\"inLanguage\":\"es\",\"@id\":\"https:\/\/fumot.uk\/#\/schema\/logo\/image\/\",\"url\":\"https:\/\/fumot.uk\/wp-content\/uploads\/2026\/01\/cropped-fumot-logo1.png\",\"contentUrl\":\"https:\/\/fumot.uk\/wp-content\/uploads\/2026\/01\/cropped-fumot-logo1.png\",\"width\":152,\"height\":106,\"caption\":\"Fumot Official Direct | Straight from the Factory, 100% Genuine\"},\"image\":{\"@id\":\"https:\/\/fumot.uk\/#\/schema\/logo\/image\/\"}}]}<\/script>\n<!-- \/ Yoast SEO plugin. -->","yoast_head_json":{"title":"RandM Tornado 15000 Puffs Ice Pop | 25ml, 850mAh","description":"Compra RandM Tornado 15000 Puffs Ice Pop en fumot.uk. Sabor a fruta helada, 25ml, bobina de malla, flujo de aire ajustable, 850mAh recargable, Tipo\u2011C. 0\/2\/3\/5%.","robots":{"index":"index","follow":"follow","max-snippet":"max-snippet:-1","max-image-preview":"max-image-preview:large","max-video-preview":"max-video-preview:-1"},"canonical":"https:\/\/fumot.uk\/es\/product\/randm-tornado-15000-puffs-ice-pop\/","og_locale":"es_ES","og_type":"article","og_title":"RandM Tornado 15000 Puffs \u2013 Ice Pop (Cool Fruit Vape)","og_description":"Refreshing Ice Pop flavour with an icy fruit finish. 25ml, mesh coil, adjustable airflow, 850mAh rechargeable battery and Type\u2011C charging. Available at fumot.uk.","og_url":"https:\/\/fumot.uk\/es\/product\/randm-tornado-15000-puffs-ice-pop\/","og_site_name":"Fumot Official Direct | Straight from the Factory, 100% Genuine","article_modified_time":"2026-01-20T07:31:20+00:00","og_image":[{"width":2000,"height":2000,"url":"https:\/\/fumot.uk\/wp-content\/uploads\/2026\/01\/Randm-Tornado-15000-ice-pop.jpg","type":"image\/jpeg"}],"twitter_card":"summary_large_image","twitter_misc":{"Tiempo de lectura":"1 minuto"},"schema":{"@context":"https:\/\/schema.org","@graph":[{"@type":"WebPage","@id":"https:\/\/fumot.uk\/product\/randm-tornado-15000-puffs-ice-pop\/","url":"https:\/\/fumot.uk\/product\/randm-tornado-15000-puffs-ice-pop\/","name":"RandM Tornado 15000 Puffs Ice Pop | 25ml, 850mAh","isPartOf":{"@id":"https:\/\/fumot.uk\/#website"},"primaryImageOfPage":{"@id":"https:\/\/fumot.uk\/product\/randm-tornado-15000-puffs-ice-pop\/#primaryimage"},"image":{"@id":"https:\/\/fumot.uk\/product\/randm-tornado-15000-puffs-ice-pop\/#primaryimage"},"thumbnailUrl":"https:\/\/fumot.uk\/wp-content\/uploads\/2026\/01\/Randm-Tornado-15000-ice-pop.jpg","datePublished":"2026-01-20T02:40:08+00:00","dateModified":"2026-01-20T07:31:20+00:00","description":"Compra RandM Tornado 15000 Puffs Ice Pop en fumot.uk. Sabor a fruta helada, 25ml, bobina de malla, flujo de aire ajustable, 850mAh recargable, Tipo\u2011C. 0\/2\/3\/5%.","breadcrumb":{"@id":"https:\/\/fumot.uk\/product\/randm-tornado-15000-puffs-ice-pop\/#breadcrumb"},"inLanguage":"es","potentialAction":[{"@type":"ReadAction","target":["https:\/\/fumot.uk\/product\/randm-tornado-15000-puffs-ice-pop\/"]}]},{"@type":"ImageObject","inLanguage":"es","@id":"https:\/\/fumot.uk\/product\/randm-tornado-15000-puffs-ice-pop\/#primaryimage","url":"https:\/\/fumot.uk\/wp-content\/uploads\/2026\/01\/Randm-Tornado-15000-ice-pop.jpg","contentUrl":"https:\/\/fumot.uk\/wp-content\/uploads\/2026\/01\/Randm-Tornado-15000-ice-pop.jpg","width":2000,"height":2000},{"@type":"BreadcrumbList","@id":"https:\/\/fumot.uk\/product\/randm-tornado-15000-puffs-ice-pop\/#breadcrumb","itemListElement":[{"@type":"ListItem","position":1,"name":"Home","item":"https:\/\/fumot.uk\/"},{"@type":"ListItem","position":2,"name":"Shop","item":"https:\/\/fumot.uk\/shop\/"},{"@type":"ListItem","position":3,"name":"RandM Tornado 15000 Puffs Ice Pop Disposable Vape (25ml, 850mAh, Adjustable Airflow)"}]},{"@type":"WebSite","@id":"https:\/\/fumot.uk\/#website","url":"https:\/\/fumot.uk\/","name":"Fumot Official Direct | Directo desde la f\u00e1brica, 100% Original","description":"Sitio Oficial","publisher":{"@id":"https:\/\/fumot.uk\/#organization"},"potentialAction":[{"@type":"SearchAction","target":{"@type":"EntryPoint","urlTemplate":"https:\/\/fumot.uk\/?s={search_term_string}"},"query-input":{"@type":"PropertyValueSpecification","valueRequired":true,"valueName":"search_term_string"}}],"inLanguage":"es"},{"@type":"Organization","@id":"https:\/\/fumot.uk\/#organization","name":"Fumot Official Direct | Directo desde la f\u00e1brica, 100% Original","url":"https:\/\/fumot.uk\/","logo":{"@type":"ImageObject","inLanguage":"es","@id":"https:\/\/fumot.uk\/#\/schema\/logo\/image\/","url":"https:\/\/fumot.uk\/wp-content\/uploads\/2026\/01\/cropped-fumot-logo1.png","contentUrl":"https:\/\/fumot.uk\/wp-content\/uploads\/2026\/01\/cropped-fumot-logo1.png","width":152,"height":106,"caption":"Fumot Official Direct | Straight from the Factory, 100% Genuine"},"image":{"@id":"https:\/\/fumot.uk\/#\/schema\/logo\/image\/"}}]}},"_links":{"self":[{"href":"https:\/\/fumot.uk\/es\/wp-json\/wp\/v2\/product\/82","targetHints":{"allow":["GET"]}}],"collection":[{"href":"https:\/\/fumot.uk\/es\/wp-json\/wp\/v2\/product"}],"about":[{"href":"https:\/\/fumot.uk\/es\/wp-json\/wp\/v2\/types\/product"}],"replies":[{"embeddable":true,"href":"https:\/\/fumot.uk\/es\/wp-json\/wp\/v2\/comments?post=82"}],"wp:featuredmedia":[{"embeddable":true,"href":"https:\/\/fumot.uk\/es\/wp-json\/wp\/v2\/media\/126"}],"wp:attachment":[{"href":"https:\/\/fumot.uk\/es\/wp-json\/wp\/v2\/media?parent=82"}],"wp:term":[{"taxonomy":"product_brand","embeddable":true,"href":"https:\/\/fumot.uk\/es\/wp-json\/wp\/v2\/product_brand?post=82"},{"taxonomy":"product_cat","embeddable":true,"href":"https:\/\/fumot.uk\/es\/wp-json\/wp\/v2\/product_cat?post=82"},{"taxonomy":"product_tag","embeddable":true,"href":"https:\/\/fumot.uk\/es\/wp-json\/wp\/v2\/product_tag?post=82"}],"curies":[{"name":"wp","href":"https:\/\/api.w.org\/{rel}","templated":true}]}}