{"id":65,"date":"2026-01-20T02:40:05","date_gmt":"2026-01-20T02:40:05","guid":{"rendered":"https:\/\/fumot.uk\/?post_type=product&#038;p=65"},"modified":"2026-01-20T07:45:24","modified_gmt":"2026-01-20T07:45:24","slug":"randm-tornado-15000-puffs-watermelon-ice","status":"publish","type":"product","link":"https:\/\/fumot.uk\/es\/product\/randm-tornado-15000-puffs-watermelon-ice\/","title":{"rendered":"RAndM Tornado 15000 Puffs Watermelon Ice Vape Desechable (25ml, 850mAh, Pantalla, USB\u2011C)"},"content":{"rendered":"<h4>Sand\u00eda Hielo \u2013 RAndM Tornado 15000 Puffs Vape Desechable<\/h4>\n<p><strong>RAndM Tornado 15000 Puffs Sand\u00eda Hielo<\/strong> ofrece un vapeo crujiente y afrutado con un acabado fresco y limpio. El sabor combina la dulzura jugosa de la sand\u00eda con una brisa helada\u2014fresco, suave y f\u00e1cil de disfrutar desde la primera calada hasta la \u00faltima.<\/p>\n<p>Dise\u00f1ado para la comodidad diaria, este <strong>vape desechable de 15000 caladas<\/strong> presenta una <strong>pantalla inteligente<\/strong> para que puedas verificar r\u00e1pidamente el estado de la bater\u00eda y el e\u2011l\u00edquido de un vistazo. El <strong>bobina de malla<\/strong> ayuda a mantener el calentamiento constante para un sabor estable y una calada suave, mientras que el <strong>bater\u00eda recargable de 850mAh<\/strong> te mantiene en marcha cuando necesitas un impulso.<\/p>\n<p>Compra con confianza en <a href=\"https:\/\/fumot.uk\/es\/\">fumot.uk<\/a> y explora m\u00e1s sabores y opciones en toda la gama Tornado.<\/p>\n<h4>Caracter\u00edsticas Clave<\/h4>\n<ul>\n<li><strong>Hasta 15000 caladas<\/strong><\/li>\n<li><strong>Hielo de Sand\u00eda<\/strong> sabor: sand\u00eda dulce + acabado fresco<\/li>\n<li><strong>25ml<\/strong> capacidad de e\u2011l\u00edquido<\/li>\n<li><strong>Opciones de sal de nicotina:<\/strong> 0% \/ 2% \/ 3% \/ 5%<\/li>\n<li><strong>Bobina de malla<\/strong> para un sabor consistente<\/li>\n<li><strong>Flujo de aire ajustable<\/strong> para una calada personalizada<\/li>\n<li><strong>Pantalla inteligente<\/strong> (indicadores de bater\u00eda y e\u2011l\u00edquido)<\/li>\n<li><strong>Recargable 850mAh<\/strong> bater\u00eda incorporada<\/li>\n<li><strong>USB\u2011C (Tipo\u2011C)<\/strong> carga<\/li>\n<li><strong>Luz RGB<\/strong> detalle de dise\u00f1o<\/li>\n<li><strong>41 sabores disponibles<\/strong> en la serie<\/li>\n<\/ul>\n<h4>Lo que probar\u00e1s<\/h4>\n<p>Sand\u00eda brillante en la inhalaci\u00f3n, seguida de una exhalaci\u00f3n fresca y refrescante\u2014ideal si te gustan los sabores afrutados con una nota de hielo que se mantiene equilibrada (no abrumadora).<\/p>\n<p><em>Nota:<\/em> El conteo de caladas puede variar dependiendo de la longitud de la calada y los h\u00e1bitos de uso.<\/p>","protected":false},"excerpt":{"rendered":"<p>RAndM Tornado 15000 Puffs Sand\u00eda Hielo vape desechable con 25ml de e\u2011l\u00edquido, bobina de malla, flujo de aire ajustable, pantalla inteligente y bater\u00eda recargable USB\u2011C de 850mAh. Sal de nicotina: 0\/2\/3\/5%.<\/p>","protected":false},"featured_media":95,"comment_status":"open","ping_status":"closed","template":"","meta":[],"product_brand":[],"product_cat":[16,18,17],"product_tag":[19,20,21,23,29,25,26,27,28,32],"class_list":{"0":"post-65","1":"product","2":"type-product","3":"status-publish","4":"has-post-thumbnail","6":"product_cat-15000-puff","7":"product_cat-randm-tornado-15000-puffs","8":"product_cat-vape","9":"product_tag-25ml","10":"product_tag-850mah","11":"product_tag-adjustable-airflow","12":"product_tag-display","13":"product_tag-ice","14":"product_tag-mesh-coil","15":"product_tag-rechargeable","16":"product_tag-rgb-light","17":"product_tag-type-c","18":"product_tag-watermelon","20":"first","21":"instock","22":"sale","23":"shipping-taxable","24":"purchasable","25":"product-type-variable","26":"has-default-attributes"},"yoast_head":"<!-- This site is optimized with the Yoast SEO plugin v26.8 - https:\/\/yoast.com\/product\/yoast-seo-wordpress\/ -->\n<title>RAndM Tornado 15000 Watermelon Ice | 25ml, 850mAh<\/title>\n<meta name=\"description\" content=\"RAndM Tornado 15000 Puffs Watermelon Ice: sweet watermelon with a cool finish. 25ml, mesh coil, display, adjustable airflow, USB\u2011C 850mAh. 0\/2\/3\/5%.\" \/>\n<meta name=\"robots\" content=\"index, follow, max-snippet:-1, max-image-preview:large, max-video-preview:-1\" \/>\n<link rel=\"canonical\" href=\"https:\/\/fumot.uk\/es\/product\/randm-tornado-15000-puffs-watermelon-ice\/\" \/>\n<meta property=\"og:locale\" content=\"es_ES\" \/>\n<meta property=\"og:type\" content=\"article\" \/>\n<meta property=\"og:title\" content=\"Watermelon Ice \u2013 RAndM Tornado 15000 Puffs\" \/>\n<meta property=\"og:description\" content=\"Juicy watermelon meets a clean icy finish. 25ml, mesh coil, smart display, adjustable airflow, rechargeable 850mAh USB\u2011C battery. Shop at fumot.uk.\" \/>\n<meta property=\"og:url\" content=\"https:\/\/fumot.uk\/es\/product\/randm-tornado-15000-puffs-watermelon-ice\/\" \/>\n<meta property=\"og:site_name\" content=\"Fumot Official Direct | Straight from the Factory, 100% Genuine\" \/>\n<meta property=\"article:modified_time\" content=\"2026-01-20T07:45:24+00:00\" \/>\n<meta property=\"og:image\" content=\"https:\/\/fumot.uk\/wp-content\/uploads\/2026\/01\/Randm-Tornado-15000-watermelon-ice.jpg\" \/>\n\t<meta property=\"og:image:width\" content=\"2000\" \/>\n\t<meta property=\"og:image:height\" content=\"2000\" \/>\n\t<meta property=\"og:image:type\" content=\"image\/jpeg\" \/>\n<meta name=\"twitter:card\" content=\"summary_large_image\" \/>\n<meta name=\"twitter:label1\" content=\"Tiempo de lectura\" \/>\n\t<meta name=\"twitter:data1\" content=\"1 minuto\" \/>\n<script type=\"application\/ld+json\" class=\"yoast-schema-graph\">{\"@context\":\"https:\/\/schema.org\",\"@graph\":[{\"@type\":\"WebPage\",\"@id\":\"https:\/\/fumot.uk\/product\/randm-tornado-15000-puffs-watermelon-ice\/\",\"url\":\"https:\/\/fumot.uk\/product\/randm-tornado-15000-puffs-watermelon-ice\/\",\"name\":\"RAndM Tornado 15000 Watermelon Ice | 25ml, 850mAh\",\"isPartOf\":{\"@id\":\"https:\/\/fumot.uk\/#website\"},\"primaryImageOfPage\":{\"@id\":\"https:\/\/fumot.uk\/product\/randm-tornado-15000-puffs-watermelon-ice\/#primaryimage\"},\"image\":{\"@id\":\"https:\/\/fumot.uk\/product\/randm-tornado-15000-puffs-watermelon-ice\/#primaryimage\"},\"thumbnailUrl\":\"https:\/\/fumot.uk\/wp-content\/uploads\/2026\/01\/Randm-Tornado-15000-watermelon-ice.jpg\",\"datePublished\":\"2026-01-20T02:40:05+00:00\",\"dateModified\":\"2026-01-20T07:45:24+00:00\",\"description\":\"RAndM Tornado 15000 Puffs Watermelon Ice: sweet watermelon with a cool finish. 25ml, mesh coil, display, adjustable airflow, USB\u2011C 850mAh. 0\/2\/3\/5%.\",\"breadcrumb\":{\"@id\":\"https:\/\/fumot.uk\/product\/randm-tornado-15000-puffs-watermelon-ice\/#breadcrumb\"},\"inLanguage\":\"es\",\"potentialAction\":[{\"@type\":\"ReadAction\",\"target\":[\"https:\/\/fumot.uk\/product\/randm-tornado-15000-puffs-watermelon-ice\/\"]}]},{\"@type\":\"ImageObject\",\"inLanguage\":\"es\",\"@id\":\"https:\/\/fumot.uk\/product\/randm-tornado-15000-puffs-watermelon-ice\/#primaryimage\",\"url\":\"https:\/\/fumot.uk\/wp-content\/uploads\/2026\/01\/Randm-Tornado-15000-watermelon-ice.jpg\",\"contentUrl\":\"https:\/\/fumot.uk\/wp-content\/uploads\/2026\/01\/Randm-Tornado-15000-watermelon-ice.jpg\",\"width\":2000,\"height\":2000},{\"@type\":\"BreadcrumbList\",\"@id\":\"https:\/\/fumot.uk\/product\/randm-tornado-15000-puffs-watermelon-ice\/#breadcrumb\",\"itemListElement\":[{\"@type\":\"ListItem\",\"position\":1,\"name\":\"Home\",\"item\":\"https:\/\/fumot.uk\/\"},{\"@type\":\"ListItem\",\"position\":2,\"name\":\"Shop\",\"item\":\"https:\/\/fumot.uk\/shop\/\"},{\"@type\":\"ListItem\",\"position\":3,\"name\":\"RAndM Tornado 15000 Puffs Watermelon Ice Disposable Vape (25ml, 850mAh, Display, USB\u2011C)\"}]},{\"@type\":\"WebSite\",\"@id\":\"https:\/\/fumot.uk\/#website\",\"url\":\"https:\/\/fumot.uk\/\",\"name\":\"Fumot Official Direct | Straight from the Factory, 100% Genuine\",\"description\":\"Official Website\",\"publisher\":{\"@id\":\"https:\/\/fumot.uk\/#organization\"},\"potentialAction\":[{\"@type\":\"SearchAction\",\"target\":{\"@type\":\"EntryPoint\",\"urlTemplate\":\"https:\/\/fumot.uk\/?s={search_term_string}\"},\"query-input\":{\"@type\":\"PropertyValueSpecification\",\"valueRequired\":true,\"valueName\":\"search_term_string\"}}],\"inLanguage\":\"es\"},{\"@type\":\"Organization\",\"@id\":\"https:\/\/fumot.uk\/#organization\",\"name\":\"Fumot Official Direct | Straight from the Factory, 100% Genuine\",\"url\":\"https:\/\/fumot.uk\/\",\"logo\":{\"@type\":\"ImageObject\",\"inLanguage\":\"es\",\"@id\":\"https:\/\/fumot.uk\/#\/schema\/logo\/image\/\",\"url\":\"https:\/\/fumot.uk\/wp-content\/uploads\/2026\/01\/cropped-fumot-logo1.png\",\"contentUrl\":\"https:\/\/fumot.uk\/wp-content\/uploads\/2026\/01\/cropped-fumot-logo1.png\",\"width\":152,\"height\":106,\"caption\":\"Fumot Official Direct | Straight from the Factory, 100% Genuine\"},\"image\":{\"@id\":\"https:\/\/fumot.uk\/#\/schema\/logo\/image\/\"}}]}<\/script>\n<!-- \/ Yoast SEO plugin. -->","yoast_head_json":{"title":"RAndM Tornado 15000 Ice de Sand\u00eda | 25ml, 850mAh","description":"RAndM Tornado 15000 Puffs Sand\u00eda Hielo: dulce sand\u00eda con un acabado fresco. 25ml, bobina de malla, pantalla, flujo de aire ajustable, USB\u2011C 850mAh. 0\/2\/3\/5%.","robots":{"index":"index","follow":"follow","max-snippet":"max-snippet:-1","max-image-preview":"max-image-preview:large","max-video-preview":"max-video-preview:-1"},"canonical":"https:\/\/fumot.uk\/es\/product\/randm-tornado-15000-puffs-watermelon-ice\/","og_locale":"es_ES","og_type":"article","og_title":"Watermelon Ice \u2013 RAndM Tornado 15000 Puffs","og_description":"Juicy watermelon meets a clean icy finish. 25ml, mesh coil, smart display, adjustable airflow, rechargeable 850mAh USB\u2011C battery. Shop at fumot.uk.","og_url":"https:\/\/fumot.uk\/es\/product\/randm-tornado-15000-puffs-watermelon-ice\/","og_site_name":"Fumot Official Direct | Straight from the Factory, 100% Genuine","article_modified_time":"2026-01-20T07:45:24+00:00","og_image":[{"width":2000,"height":2000,"url":"https:\/\/fumot.uk\/wp-content\/uploads\/2026\/01\/Randm-Tornado-15000-watermelon-ice.jpg","type":"image\/jpeg"}],"twitter_card":"summary_large_image","twitter_misc":{"Tiempo de lectura":"1 minuto"},"schema":{"@context":"https:\/\/schema.org","@graph":[{"@type":"WebPage","@id":"https:\/\/fumot.uk\/product\/randm-tornado-15000-puffs-watermelon-ice\/","url":"https:\/\/fumot.uk\/product\/randm-tornado-15000-puffs-watermelon-ice\/","name":"RAndM Tornado 15000 Ice de Sand\u00eda | 25ml, 850mAh","isPartOf":{"@id":"https:\/\/fumot.uk\/#website"},"primaryImageOfPage":{"@id":"https:\/\/fumot.uk\/product\/randm-tornado-15000-puffs-watermelon-ice\/#primaryimage"},"image":{"@id":"https:\/\/fumot.uk\/product\/randm-tornado-15000-puffs-watermelon-ice\/#primaryimage"},"thumbnailUrl":"https:\/\/fumot.uk\/wp-content\/uploads\/2026\/01\/Randm-Tornado-15000-watermelon-ice.jpg","datePublished":"2026-01-20T02:40:05+00:00","dateModified":"2026-01-20T07:45:24+00:00","description":"RAndM Tornado 15000 Puffs Sand\u00eda Hielo: dulce sand\u00eda con un acabado fresco. 25ml, bobina de malla, pantalla, flujo de aire ajustable, USB\u2011C 850mAh. 0\/2\/3\/5%.","breadcrumb":{"@id":"https:\/\/fumot.uk\/product\/randm-tornado-15000-puffs-watermelon-ice\/#breadcrumb"},"inLanguage":"es","potentialAction":[{"@type":"ReadAction","target":["https:\/\/fumot.uk\/product\/randm-tornado-15000-puffs-watermelon-ice\/"]}]},{"@type":"ImageObject","inLanguage":"es","@id":"https:\/\/fumot.uk\/product\/randm-tornado-15000-puffs-watermelon-ice\/#primaryimage","url":"https:\/\/fumot.uk\/wp-content\/uploads\/2026\/01\/Randm-Tornado-15000-watermelon-ice.jpg","contentUrl":"https:\/\/fumot.uk\/wp-content\/uploads\/2026\/01\/Randm-Tornado-15000-watermelon-ice.jpg","width":2000,"height":2000},{"@type":"BreadcrumbList","@id":"https:\/\/fumot.uk\/product\/randm-tornado-15000-puffs-watermelon-ice\/#breadcrumb","itemListElement":[{"@type":"ListItem","position":1,"name":"Home","item":"https:\/\/fumot.uk\/"},{"@type":"ListItem","position":2,"name":"Shop","item":"https:\/\/fumot.uk\/shop\/"},{"@type":"ListItem","position":3,"name":"RAndM Tornado 15000 Puffs Watermelon Ice Disposable Vape (25ml, 850mAh, Display, USB\u2011C)"}]},{"@type":"WebSite","@id":"https:\/\/fumot.uk\/#website","url":"https:\/\/fumot.uk\/","name":"Fumot Official Direct | Directo desde la f\u00e1brica, 100% Original","description":"Sitio Oficial","publisher":{"@id":"https:\/\/fumot.uk\/#organization"},"potentialAction":[{"@type":"SearchAction","target":{"@type":"EntryPoint","urlTemplate":"https:\/\/fumot.uk\/?s={search_term_string}"},"query-input":{"@type":"PropertyValueSpecification","valueRequired":true,"valueName":"search_term_string"}}],"inLanguage":"es"},{"@type":"Organization","@id":"https:\/\/fumot.uk\/#organization","name":"Fumot Official Direct | Directo desde la f\u00e1brica, 100% Original","url":"https:\/\/fumot.uk\/","logo":{"@type":"ImageObject","inLanguage":"es","@id":"https:\/\/fumot.uk\/#\/schema\/logo\/image\/","url":"https:\/\/fumot.uk\/wp-content\/uploads\/2026\/01\/cropped-fumot-logo1.png","contentUrl":"https:\/\/fumot.uk\/wp-content\/uploads\/2026\/01\/cropped-fumot-logo1.png","width":152,"height":106,"caption":"Fumot Official Direct | Straight from the Factory, 100% Genuine"},"image":{"@id":"https:\/\/fumot.uk\/#\/schema\/logo\/image\/"}}]}},"_links":{"self":[{"href":"https:\/\/fumot.uk\/es\/wp-json\/wp\/v2\/product\/65","targetHints":{"allow":["GET"]}}],"collection":[{"href":"https:\/\/fumot.uk\/es\/wp-json\/wp\/v2\/product"}],"about":[{"href":"https:\/\/fumot.uk\/es\/wp-json\/wp\/v2\/types\/product"}],"replies":[{"embeddable":true,"href":"https:\/\/fumot.uk\/es\/wp-json\/wp\/v2\/comments?post=65"}],"wp:featuredmedia":[{"embeddable":true,"href":"https:\/\/fumot.uk\/es\/wp-json\/wp\/v2\/media\/95"}],"wp:attachment":[{"href":"https:\/\/fumot.uk\/es\/wp-json\/wp\/v2\/media?parent=65"}],"wp:term":[{"taxonomy":"product_brand","embeddable":true,"href":"https:\/\/fumot.uk\/es\/wp-json\/wp\/v2\/product_brand?post=65"},{"taxonomy":"product_cat","embeddable":true,"href":"https:\/\/fumot.uk\/es\/wp-json\/wp\/v2\/product_cat?post=65"},{"taxonomy":"product_tag","embeddable":true,"href":"https:\/\/fumot.uk\/es\/wp-json\/wp\/v2\/product_tag?post=65"}],"curies":[{"name":"wp","href":"https:\/\/api.w.org\/{rel}","templated":true}]}}