{"id":633,"date":"2026-01-20T02:47:02","date_gmt":"2026-01-20T02:47:02","guid":{"rendered":"https:\/\/fumot.uk\/?post_type=product&#038;p=633"},"modified":"2026-01-20T06:35:27","modified_gmt":"2026-01-20T06:35:27","slug":"fumot-leopard-40000-puffs-peach-berry","status":"publish","type":"product","link":"https:\/\/fumot.uk\/es\/product\/fumot-leopard-40000-puffs-peach-berry\/","title":{"rendered":"Fumot Leopard 40000 Puffs Vape Desechable (Peach Berry) | Pantalla LED, Dual Mesh, Type\u2011C"},"content":{"rendered":"<h2><strong>Fumot Leopard 40000 Puffs \u2013 Melocot\u00f3n Baya<\/strong><\/h2>\n<p>Lleva un poco de estilo salvaje a tu vapeo diario. El <strong>Fumot Leopard 40000 Puffs<\/strong> combina una carcasa inspirada en leopardo, cristalina, con acentos brillantes y un vibrante <strong>pantalla digital LED<\/strong> que se ilumina al inhalar. Dise\u00f1ado con una sensaci\u00f3n ergon\u00f3mica, ofrece vapor suave y consistente tanto para vapeadores nuevos como experimentados.<\/p>\n<h3><strong>Destacado de Sabor: Melocot\u00f3n Baya<\/strong><\/h3>\n<p><strong>Bayas de Durazno<\/strong> mezcla la dulzura del melocot\u00f3n maduro con un toque brillante de bayas para un perfil de fruta equilibrado: jugoso al principio, ligeramente \u00e1cido al final. Es un sabor limpio y amigable para todos los d\u00edas que se mantiene refrescante sin ser abrumador.<\/p>\n<h3><strong>Caracter\u00edsticas Clave<\/strong><\/h3>\n<ul>\n<li><strong>Hasta 40000 caladas<\/strong> (el uso var\u00eda seg\u00fan la duraci\u00f3n de la calada)<\/li>\n<li><strong>Opciones de nicotina:<\/strong> 0%, 2%, 3%, 5%<\/li>\n<li><strong>bater\u00eda de 700mAh<\/strong> para un rendimiento duradero<\/li>\n<li><strong>Doble Bobina de Malla<\/strong> para un calentamiento uniforme y un sabor m\u00e1s completo<\/li>\n<li><strong>carga r\u00e1pida Type\u2011C<\/strong> para recargas r\u00e1pidas<\/li>\n<li><strong>pantalla LED<\/strong> con visibilidad del nivel de e-l\u00edquido<\/li>\n<\/ul>\n<h3><strong>\u00bfPor qu\u00e9 elegir Melocot\u00f3n Baya en el Leopard 40000?<\/strong><\/h3>\n<p>Si te gustan los sabores afrutados que se sienten tanto jugosos como crujientes, Melocot\u00f3n Baya da en el clavo. Combinado con el Leopard <strong>Doble Bobina de Malla<\/strong> y <strong>pantalla LED<\/strong>, obtienes una entrega de sabor confiable, f\u00e1cil monitoreo y un aspecto destacado, dise\u00f1ado para sesiones largas y un sabor constante de principio a fin.<\/p>\n<p><strong>Categor\u00eda:<\/strong> 40000 caladas \/ Vape desechable \/ Fumot Leopard 40000 Puffs<br \/>\n<strong>Carga:<\/strong> Tipo\u2011C \u00a0|&nbsp; <strong>Bater\u00eda:<\/strong> 700mAh \u00a0|&nbsp; <strong>Bobina:<\/strong> Doble Bobina de Malla<\/p>","protected":false},"excerpt":{"rendered":"<p>El melocot\u00f3n se encuentra con el sabor \u00e1cido de las bayas en una mezcla equilibrada y jugosa. Fumot Leopard 40000 Puffs cuenta con una bater\u00eda de 700mAh, Dual Mesh Coil, carga Type\u2011C y pantalla LED.<\/p>","protected":false},"featured_media":671,"comment_status":"open","ping_status":"closed","template":"","meta":[],"product_brand":[],"product_cat":[82,83,17],"product_tag":[84,70,85,71,86,41,23,73,30,28],"class_list":{"0":"post-633","1":"product","2":"type-product","3":"status-publish","4":"has-post-thumbnail","6":"product_cat-40000-puff","7":"product_cat-fumot-leopard-40000-puffs","8":"product_cat-vape","9":"product_tag-0-nikotin","10":"product_tag-2-nikotin","11":"product_tag-3-nikotin","12":"product_tag-5-nikotin","13":"product_tag-700-mah","14":"product_tag-berry","15":"product_tag-display","16":"product_tag-dual-mesh","17":"product_tag-peach","18":"product_tag-type-c","20":"first","21":"instock","22":"sale","23":"shipping-taxable","24":"purchasable","25":"product-type-variable","26":"has-default-attributes"},"yoast_head":"<!-- This site is optimized with the Yoast SEO plugin v26.8 - https:\/\/yoast.com\/product\/yoast-seo-wordpress\/ -->\n<title>Fumot Leopard 40000 Puffs Peach Berry | LED Display<\/title>\n<meta name=\"description\" content=\"Fumot Leopard 40000 Puffs Peach Berry disposable vape with Dual Mesh Coil, 700mAh battery, Type\u2011C fast charging, LED display and nicotine options 0\u20135%.\" \/>\n<meta name=\"robots\" content=\"index, follow, max-snippet:-1, max-image-preview:large, max-video-preview:-1\" \/>\n<link rel=\"canonical\" href=\"https:\/\/fumot.uk\/es\/product\/fumot-leopard-40000-puffs-peach-berry\/\" \/>\n<meta property=\"og:locale\" content=\"es_ES\" \/>\n<meta property=\"og:type\" content=\"article\" \/>\n<meta property=\"og:title\" content=\"Fumot Leopard 40000 Puffs \u2013 Peach Berry\" \/>\n<meta property=\"og:description\" content=\"Juicy peach sweetness with a bright berry finish. Up to 40000 puffs, Dual Mesh Coil, 700mAh battery, Type\u2011C charging, and an LED digital display.\" \/>\n<meta property=\"og:url\" content=\"https:\/\/fumot.uk\/es\/product\/fumot-leopard-40000-puffs-peach-berry\/\" \/>\n<meta property=\"og:site_name\" content=\"Fumot Official Direct | Straight from the Factory, 100% Genuine\" \/>\n<meta property=\"article:modified_time\" content=\"2026-01-20T06:35:27+00:00\" \/>\n<meta property=\"og:image\" content=\"https:\/\/fumot.uk\/wp-content\/uploads\/2026\/01\/Fumot-Leopard-40000-Puffs-Peach-Berry-Disposable-Vape.jpg\" \/>\n\t<meta property=\"og:image:width\" content=\"2000\" \/>\n\t<meta property=\"og:image:height\" content=\"2000\" \/>\n\t<meta property=\"og:image:type\" content=\"image\/jpeg\" \/>\n<meta name=\"twitter:card\" content=\"summary_large_image\" \/>\n<meta name=\"twitter:label1\" content=\"Tiempo de lectura\" \/>\n\t<meta name=\"twitter:data1\" content=\"2 minutos\" \/>\n<script type=\"application\/ld+json\" class=\"yoast-schema-graph\">{\"@context\":\"https:\/\/schema.org\",\"@graph\":[{\"@type\":\"WebPage\",\"@id\":\"https:\/\/fumot.uk\/product\/fumot-leopard-40000-puffs-peach-berry\/\",\"url\":\"https:\/\/fumot.uk\/product\/fumot-leopard-40000-puffs-peach-berry\/\",\"name\":\"Fumot Leopard 40000 Puffs Peach Berry | LED Display\",\"isPartOf\":{\"@id\":\"https:\/\/fumot.uk\/#website\"},\"primaryImageOfPage\":{\"@id\":\"https:\/\/fumot.uk\/product\/fumot-leopard-40000-puffs-peach-berry\/#primaryimage\"},\"image\":{\"@id\":\"https:\/\/fumot.uk\/product\/fumot-leopard-40000-puffs-peach-berry\/#primaryimage\"},\"thumbnailUrl\":\"https:\/\/fumot.uk\/wp-content\/uploads\/2026\/01\/Fumot-Leopard-40000-Puffs-Peach-Berry-Disposable-Vape.jpg\",\"datePublished\":\"2026-01-20T02:47:02+00:00\",\"dateModified\":\"2026-01-20T06:35:27+00:00\",\"description\":\"Fumot Leopard 40000 Puffs Peach Berry disposable vape with Dual Mesh Coil, 700mAh battery, Type\u2011C fast charging, LED display and nicotine options 0\u20135%.\",\"breadcrumb\":{\"@id\":\"https:\/\/fumot.uk\/product\/fumot-leopard-40000-puffs-peach-berry\/#breadcrumb\"},\"inLanguage\":\"es\",\"potentialAction\":[{\"@type\":\"ReadAction\",\"target\":[\"https:\/\/fumot.uk\/product\/fumot-leopard-40000-puffs-peach-berry\/\"]}]},{\"@type\":\"ImageObject\",\"inLanguage\":\"es\",\"@id\":\"https:\/\/fumot.uk\/product\/fumot-leopard-40000-puffs-peach-berry\/#primaryimage\",\"url\":\"https:\/\/fumot.uk\/wp-content\/uploads\/2026\/01\/Fumot-Leopard-40000-Puffs-Peach-Berry-Disposable-Vape.jpg\",\"contentUrl\":\"https:\/\/fumot.uk\/wp-content\/uploads\/2026\/01\/Fumot-Leopard-40000-Puffs-Peach-Berry-Disposable-Vape.jpg\",\"width\":2000,\"height\":2000},{\"@type\":\"BreadcrumbList\",\"@id\":\"https:\/\/fumot.uk\/product\/fumot-leopard-40000-puffs-peach-berry\/#breadcrumb\",\"itemListElement\":[{\"@type\":\"ListItem\",\"position\":1,\"name\":\"Home\",\"item\":\"https:\/\/fumot.uk\/\"},{\"@type\":\"ListItem\",\"position\":2,\"name\":\"Shop\",\"item\":\"https:\/\/fumot.uk\/shop\/\"},{\"@type\":\"ListItem\",\"position\":3,\"name\":\"Fumot Leopard 40000 Puffs Disposable Vape (Peach Berry) | LED Display, Dual Mesh, Type\u2011C\"}]},{\"@type\":\"WebSite\",\"@id\":\"https:\/\/fumot.uk\/#website\",\"url\":\"https:\/\/fumot.uk\/\",\"name\":\"Fumot Official Direct | Straight from the Factory, 100% Genuine\",\"description\":\"Official Website\",\"publisher\":{\"@id\":\"https:\/\/fumot.uk\/#organization\"},\"potentialAction\":[{\"@type\":\"SearchAction\",\"target\":{\"@type\":\"EntryPoint\",\"urlTemplate\":\"https:\/\/fumot.uk\/?s={search_term_string}\"},\"query-input\":{\"@type\":\"PropertyValueSpecification\",\"valueRequired\":true,\"valueName\":\"search_term_string\"}}],\"inLanguage\":\"es\"},{\"@type\":\"Organization\",\"@id\":\"https:\/\/fumot.uk\/#organization\",\"name\":\"Fumot Official Direct | Straight from the Factory, 100% Genuine\",\"url\":\"https:\/\/fumot.uk\/\",\"logo\":{\"@type\":\"ImageObject\",\"inLanguage\":\"es\",\"@id\":\"https:\/\/fumot.uk\/#\/schema\/logo\/image\/\",\"url\":\"https:\/\/fumot.uk\/wp-content\/uploads\/2026\/01\/cropped-fumot-logo1.png\",\"contentUrl\":\"https:\/\/fumot.uk\/wp-content\/uploads\/2026\/01\/cropped-fumot-logo1.png\",\"width\":152,\"height\":106,\"caption\":\"Fumot Official Direct | Straight from the Factory, 100% Genuine\"},\"image\":{\"@id\":\"https:\/\/fumot.uk\/#\/schema\/logo\/image\/\"}}]}<\/script>\n<!-- \/ Yoast SEO plugin. -->","yoast_head_json":{"title":"Fumot Leopard 40000 Puffs Peach Berry | Pantalla LED","description":"Fumot Leopard 40000 Puffs Peach Berry vape desechable con Dual Mesh Coil, bater\u00eda de 700mAh, carga r\u00e1pida Type\u2011C, pantalla LED y opciones de nicotina 0\u20135%.","robots":{"index":"index","follow":"follow","max-snippet":"max-snippet:-1","max-image-preview":"max-image-preview:large","max-video-preview":"max-video-preview:-1"},"canonical":"https:\/\/fumot.uk\/es\/product\/fumot-leopard-40000-puffs-peach-berry\/","og_locale":"es_ES","og_type":"article","og_title":"Fumot Leopard 40000 Puffs \u2013 Peach Berry","og_description":"Juicy peach sweetness with a bright berry finish. Up to 40000 puffs, Dual Mesh Coil, 700mAh battery, Type\u2011C charging, and an LED digital display.","og_url":"https:\/\/fumot.uk\/es\/product\/fumot-leopard-40000-puffs-peach-berry\/","og_site_name":"Fumot Official Direct | Straight from the Factory, 100% Genuine","article_modified_time":"2026-01-20T06:35:27+00:00","og_image":[{"width":2000,"height":2000,"url":"https:\/\/fumot.uk\/wp-content\/uploads\/2026\/01\/Fumot-Leopard-40000-Puffs-Peach-Berry-Disposable-Vape.jpg","type":"image\/jpeg"}],"twitter_card":"summary_large_image","twitter_misc":{"Tiempo de lectura":"2 minutos"},"schema":{"@context":"https:\/\/schema.org","@graph":[{"@type":"WebPage","@id":"https:\/\/fumot.uk\/product\/fumot-leopard-40000-puffs-peach-berry\/","url":"https:\/\/fumot.uk\/product\/fumot-leopard-40000-puffs-peach-berry\/","name":"Fumot Leopard 40000 Puffs Peach Berry | Pantalla LED","isPartOf":{"@id":"https:\/\/fumot.uk\/#website"},"primaryImageOfPage":{"@id":"https:\/\/fumot.uk\/product\/fumot-leopard-40000-puffs-peach-berry\/#primaryimage"},"image":{"@id":"https:\/\/fumot.uk\/product\/fumot-leopard-40000-puffs-peach-berry\/#primaryimage"},"thumbnailUrl":"https:\/\/fumot.uk\/wp-content\/uploads\/2026\/01\/Fumot-Leopard-40000-Puffs-Peach-Berry-Disposable-Vape.jpg","datePublished":"2026-01-20T02:47:02+00:00","dateModified":"2026-01-20T06:35:27+00:00","description":"Fumot Leopard 40000 Puffs Peach Berry vape desechable con Dual Mesh Coil, bater\u00eda de 700mAh, carga r\u00e1pida Type\u2011C, pantalla LED y opciones de nicotina 0\u20135%.","breadcrumb":{"@id":"https:\/\/fumot.uk\/product\/fumot-leopard-40000-puffs-peach-berry\/#breadcrumb"},"inLanguage":"es","potentialAction":[{"@type":"ReadAction","target":["https:\/\/fumot.uk\/product\/fumot-leopard-40000-puffs-peach-berry\/"]}]},{"@type":"ImageObject","inLanguage":"es","@id":"https:\/\/fumot.uk\/product\/fumot-leopard-40000-puffs-peach-berry\/#primaryimage","url":"https:\/\/fumot.uk\/wp-content\/uploads\/2026\/01\/Fumot-Leopard-40000-Puffs-Peach-Berry-Disposable-Vape.jpg","contentUrl":"https:\/\/fumot.uk\/wp-content\/uploads\/2026\/01\/Fumot-Leopard-40000-Puffs-Peach-Berry-Disposable-Vape.jpg","width":2000,"height":2000},{"@type":"BreadcrumbList","@id":"https:\/\/fumot.uk\/product\/fumot-leopard-40000-puffs-peach-berry\/#breadcrumb","itemListElement":[{"@type":"ListItem","position":1,"name":"Home","item":"https:\/\/fumot.uk\/"},{"@type":"ListItem","position":2,"name":"Shop","item":"https:\/\/fumot.uk\/shop\/"},{"@type":"ListItem","position":3,"name":"Fumot Leopard 40000 Puffs Disposable Vape (Peach Berry) | LED Display, Dual Mesh, Type\u2011C"}]},{"@type":"WebSite","@id":"https:\/\/fumot.uk\/#website","url":"https:\/\/fumot.uk\/","name":"Fumot Official Direct | Directo desde la f\u00e1brica, 100% Original","description":"Sitio Oficial","publisher":{"@id":"https:\/\/fumot.uk\/#organization"},"potentialAction":[{"@type":"SearchAction","target":{"@type":"EntryPoint","urlTemplate":"https:\/\/fumot.uk\/?s={search_term_string}"},"query-input":{"@type":"PropertyValueSpecification","valueRequired":true,"valueName":"search_term_string"}}],"inLanguage":"es"},{"@type":"Organization","@id":"https:\/\/fumot.uk\/#organization","name":"Fumot Official Direct | Directo desde la f\u00e1brica, 100% Original","url":"https:\/\/fumot.uk\/","logo":{"@type":"ImageObject","inLanguage":"es","@id":"https:\/\/fumot.uk\/#\/schema\/logo\/image\/","url":"https:\/\/fumot.uk\/wp-content\/uploads\/2026\/01\/cropped-fumot-logo1.png","contentUrl":"https:\/\/fumot.uk\/wp-content\/uploads\/2026\/01\/cropped-fumot-logo1.png","width":152,"height":106,"caption":"Fumot Official Direct | Straight from the Factory, 100% Genuine"},"image":{"@id":"https:\/\/fumot.uk\/#\/schema\/logo\/image\/"}}]}},"_links":{"self":[{"href":"https:\/\/fumot.uk\/es\/wp-json\/wp\/v2\/product\/633","targetHints":{"allow":["GET"]}}],"collection":[{"href":"https:\/\/fumot.uk\/es\/wp-json\/wp\/v2\/product"}],"about":[{"href":"https:\/\/fumot.uk\/es\/wp-json\/wp\/v2\/types\/product"}],"replies":[{"embeddable":true,"href":"https:\/\/fumot.uk\/es\/wp-json\/wp\/v2\/comments?post=633"}],"wp:featuredmedia":[{"embeddable":true,"href":"https:\/\/fumot.uk\/es\/wp-json\/wp\/v2\/media\/671"}],"wp:attachment":[{"href":"https:\/\/fumot.uk\/es\/wp-json\/wp\/v2\/media?parent=633"}],"wp:term":[{"taxonomy":"product_brand","embeddable":true,"href":"https:\/\/fumot.uk\/es\/wp-json\/wp\/v2\/product_brand?post=633"},{"taxonomy":"product_cat","embeddable":true,"href":"https:\/\/fumot.uk\/es\/wp-json\/wp\/v2\/product_cat?post=633"},{"taxonomy":"product_tag","embeddable":true,"href":"https:\/\/fumot.uk\/es\/wp-json\/wp\/v2\/product_tag?post=633"}],"curies":[{"name":"wp","href":"https:\/\/api.w.org\/{rel}","templated":true}]}}