{"id":63,"date":"2026-01-20T02:40:04","date_gmt":"2026-01-20T02:40:04","guid":{"rendered":"https:\/\/fumot.uk\/?post_type=product&#038;p=63"},"modified":"2026-01-20T07:45:31","modified_gmt":"2026-01-20T07:45:31","slug":"randm-tornado-15000-puffs-peach-ice","status":"publish","type":"product","link":"https:\/\/fumot.uk\/es\/product\/randm-tornado-15000-puffs-peach-ice\/","title":{"rendered":"RandM Tornado 15000 Puffs Peach Ice Disposable Vape (25ml, 850mAh, Display, Type\u2011C)"},"content":{"rendered":"<h2>RandM Tornado 15000 Puffs \u2013 Hielo de Durazno<\/h2>\n<p>Conoce el <strong>RandM Tornado 15000 Puffs Hielo de Durazno<\/strong>: lleno de caracter\u00edsticas <strong>vape desechable de 15000 caladas<\/strong> dise\u00f1ado para un sabor suave y consistente desde la primera calada hasta la \u00faltima. El <strong>Hielo de Durazno<\/strong> perfil combina la dulzura de duraznos maduros y jugosos con un acabado limpio y refrescante: brillante, refrescante y f\u00e1cil de disfrutar todo el d\u00eda.<\/p>\n<p>Construido con <strong>bobina de malla<\/strong> tecnolog\u00eda para un calentamiento uniforme y un sabor m\u00e1s completo, este dispositivo tambi\u00e9n incluye una <strong>pantalla inteligente<\/strong> para que puedas verificar <strong>bater\u00eda<\/strong> y <strong>e\u2011l\u00edquido<\/strong> niveles de un vistazo. Con una <strong>850mAh<\/strong> bater\u00eda recargable y <strong>Tipo\u2011C<\/strong> carga, est\u00e1 hecho para seguir el ritmo de tu rutina.<\/p>\n<h3>Por qu\u00e9 te gustar\u00e1 Hielo de Durazno<\/h3>\n<ul>\n<li><strong>Sabor a durazno jugoso<\/strong> con un exhalar helado y n\u00edtido<\/li>\n<li>Dulzura equilibrada: fresco, afrutado y limpio<\/li>\n<li>Ideal para los fan\u00e1ticos de <strong>sabores de vape helados<\/strong> y mezclas afrutadas<\/li>\n<\/ul>\n<h3>Caracter\u00edsticas Clave<\/h3>\n<ul>\n<li><strong>Hasta 15000 caladas<\/strong><\/li>\n<li><strong>25ml<\/strong> e\u2011l\u00edquido prellenado<\/li>\n<li><strong>Bobina de malla<\/strong> para vapor suave y consistente<\/li>\n<li><strong>Flujo de aire ajustable<\/strong> para una calada personalizada<\/li>\n<li><strong>Pantalla inteligente<\/strong> (estado de la bater\u00eda y e\u2011l\u00edquido)<\/li>\n<li><strong>Recargable<\/strong> dispositivo con <strong>850mAh<\/strong> bater\u00eda incorporada<\/li>\n<li><strong>Tipo\u2011C<\/strong> carga<\/li>\n<li>Opciones de nicotina disponibles: <strong>0% \/ 2% \/ 3% \/ 5% sal de nicotina<\/strong><\/li>\n<li>Parte de la gama RandM Tornado con <strong>41 sabores<\/strong><\/li>\n<\/ul>\n<h3>Opciones de Nicotina<\/h3>\n<p>Elige la fuerza que te convenga: <strong>0%<\/strong> (sin nicotina), <strong>2%<\/strong>, <strong>3%<\/strong>, o <strong>5%<\/strong> sal de nicotina.<\/p>\n<p><strong>Explora m\u00e1s sabores y desechables de RandM Tornado en<\/strong> <a href=\"https:\/\/fumot.uk\/es\/\">fumot.uk<\/a>.<\/p>","protected":false},"excerpt":{"rendered":"<p>RandM Tornado 15000 Puffs Peach Ice vape desechable con sabor a melocot\u00f3n jugoso y un acabado fresco. 25ml de e-l\u00edquido, bobina de malla, pantalla inteligente, flujo de aire ajustable, 850mAh recargable Tipo\u2011C. Sal de nicotina: 0\/2\/3\/5%.<\/p>","protected":false},"featured_media":93,"comment_status":"open","ping_status":"closed","template":"","meta":[],"product_brand":[],"product_cat":[16,18,17],"product_tag":[19,20,21,23,29,24,25,30,26,27,28],"class_list":{"0":"post-63","1":"product","2":"type-product","3":"status-publish","4":"has-post-thumbnail","6":"product_cat-15000-puff","7":"product_cat-randm-tornado-15000-puffs","8":"product_cat-vape","9":"product_tag-25ml","10":"product_tag-850mah","11":"product_tag-adjustable-airflow","12":"product_tag-display","13":"product_tag-ice","14":"product_tag-lemon","15":"product_tag-mesh-coil","16":"product_tag-peach","17":"product_tag-rechargeable","18":"product_tag-rgb-light","19":"product_tag-type-c","21":"first","22":"instock","23":"sale","24":"shipping-taxable","25":"purchasable","26":"product-type-variable","27":"has-default-attributes"},"yoast_head":"<!-- This site is optimized with the Yoast SEO plugin v26.8 - https:\/\/yoast.com\/product\/yoast-seo-wordpress\/ -->\n<title>RandM Tornado 15000 Puffs Peach Ice | 25ml 850mAh<\/title>\n<meta name=\"description\" content=\"RandM Tornado 15000 Puffs Peach Ice: juicy peach with a cool icy finish. 25ml, mesh coil, display, adjustable airflow, 850mAh rechargeable Type\u2011C. Shop at fumot.uk.\" \/>\n<meta name=\"robots\" content=\"index, follow, max-snippet:-1, max-image-preview:large, max-video-preview:-1\" \/>\n<link rel=\"canonical\" href=\"https:\/\/fumot.uk\/es\/product\/randm-tornado-15000-puffs-peach-ice\/\" \/>\n<meta property=\"og:locale\" content=\"es_ES\" \/>\n<meta property=\"og:type\" content=\"article\" \/>\n<meta property=\"og:title\" content=\"RandM Tornado 15000 Puffs \u2013 Peach Ice (25ml, Display, Type\u2011C)\" \/>\n<meta property=\"og:description\" content=\"Sweet peach meets an icy finish. 15000 puff disposable with 25ml e-liquid, mesh coil, smart display, adjustable airflow and 850mAh rechargeable Type\u2011C. Available 0\/2\/3\/5%.\" \/>\n<meta property=\"og:url\" content=\"https:\/\/fumot.uk\/es\/product\/randm-tornado-15000-puffs-peach-ice\/\" \/>\n<meta property=\"og:site_name\" content=\"Fumot Official Direct | Straight from the Factory, 100% Genuine\" \/>\n<meta property=\"article:modified_time\" content=\"2026-01-20T07:45:31+00:00\" \/>\n<meta property=\"og:image\" content=\"https:\/\/fumot.uk\/wp-content\/uploads\/2026\/01\/Randm-Tornado-15000-peach-ice.jpg\" \/>\n\t<meta property=\"og:image:width\" content=\"2000\" \/>\n\t<meta property=\"og:image:height\" content=\"2000\" \/>\n\t<meta property=\"og:image:type\" content=\"image\/jpeg\" \/>\n<meta name=\"twitter:card\" content=\"summary_large_image\" \/>\n<meta name=\"twitter:label1\" content=\"Tiempo de lectura\" \/>\n\t<meta name=\"twitter:data1\" content=\"1 minuto\" \/>\n<script type=\"application\/ld+json\" class=\"yoast-schema-graph\">{\"@context\":\"https:\/\/schema.org\",\"@graph\":[{\"@type\":\"WebPage\",\"@id\":\"https:\/\/fumot.uk\/product\/randm-tornado-15000-puffs-peach-ice\/\",\"url\":\"https:\/\/fumot.uk\/product\/randm-tornado-15000-puffs-peach-ice\/\",\"name\":\"RandM Tornado 15000 Puffs Peach Ice | 25ml 850mAh\",\"isPartOf\":{\"@id\":\"https:\/\/fumot.uk\/#website\"},\"primaryImageOfPage\":{\"@id\":\"https:\/\/fumot.uk\/product\/randm-tornado-15000-puffs-peach-ice\/#primaryimage\"},\"image\":{\"@id\":\"https:\/\/fumot.uk\/product\/randm-tornado-15000-puffs-peach-ice\/#primaryimage\"},\"thumbnailUrl\":\"https:\/\/fumot.uk\/wp-content\/uploads\/2026\/01\/Randm-Tornado-15000-peach-ice.jpg\",\"datePublished\":\"2026-01-20T02:40:04+00:00\",\"dateModified\":\"2026-01-20T07:45:31+00:00\",\"description\":\"RandM Tornado 15000 Puffs Peach Ice: juicy peach with a cool icy finish. 25ml, mesh coil, display, adjustable airflow, 850mAh rechargeable Type\u2011C. Shop at fumot.uk.\",\"breadcrumb\":{\"@id\":\"https:\/\/fumot.uk\/product\/randm-tornado-15000-puffs-peach-ice\/#breadcrumb\"},\"inLanguage\":\"es\",\"potentialAction\":[{\"@type\":\"ReadAction\",\"target\":[\"https:\/\/fumot.uk\/product\/randm-tornado-15000-puffs-peach-ice\/\"]}]},{\"@type\":\"ImageObject\",\"inLanguage\":\"es\",\"@id\":\"https:\/\/fumot.uk\/product\/randm-tornado-15000-puffs-peach-ice\/#primaryimage\",\"url\":\"https:\/\/fumot.uk\/wp-content\/uploads\/2026\/01\/Randm-Tornado-15000-peach-ice.jpg\",\"contentUrl\":\"https:\/\/fumot.uk\/wp-content\/uploads\/2026\/01\/Randm-Tornado-15000-peach-ice.jpg\",\"width\":2000,\"height\":2000},{\"@type\":\"BreadcrumbList\",\"@id\":\"https:\/\/fumot.uk\/product\/randm-tornado-15000-puffs-peach-ice\/#breadcrumb\",\"itemListElement\":[{\"@type\":\"ListItem\",\"position\":1,\"name\":\"Home\",\"item\":\"https:\/\/fumot.uk\/\"},{\"@type\":\"ListItem\",\"position\":2,\"name\":\"Shop\",\"item\":\"https:\/\/fumot.uk\/shop\/\"},{\"@type\":\"ListItem\",\"position\":3,\"name\":\"RandM Tornado 15000 Puffs Peach Ice Disposable Vape (25ml, 850mAh, Display, Type\u2011C)\"}]},{\"@type\":\"WebSite\",\"@id\":\"https:\/\/fumot.uk\/#website\",\"url\":\"https:\/\/fumot.uk\/\",\"name\":\"Fumot Official Direct | Straight from the Factory, 100% Genuine\",\"description\":\"Official Website\",\"publisher\":{\"@id\":\"https:\/\/fumot.uk\/#organization\"},\"potentialAction\":[{\"@type\":\"SearchAction\",\"target\":{\"@type\":\"EntryPoint\",\"urlTemplate\":\"https:\/\/fumot.uk\/?s={search_term_string}\"},\"query-input\":{\"@type\":\"PropertyValueSpecification\",\"valueRequired\":true,\"valueName\":\"search_term_string\"}}],\"inLanguage\":\"es\"},{\"@type\":\"Organization\",\"@id\":\"https:\/\/fumot.uk\/#organization\",\"name\":\"Fumot Official Direct | Straight from the Factory, 100% Genuine\",\"url\":\"https:\/\/fumot.uk\/\",\"logo\":{\"@type\":\"ImageObject\",\"inLanguage\":\"es\",\"@id\":\"https:\/\/fumot.uk\/#\/schema\/logo\/image\/\",\"url\":\"https:\/\/fumot.uk\/wp-content\/uploads\/2026\/01\/cropped-fumot-logo1.png\",\"contentUrl\":\"https:\/\/fumot.uk\/wp-content\/uploads\/2026\/01\/cropped-fumot-logo1.png\",\"width\":152,\"height\":106,\"caption\":\"Fumot Official Direct | Straight from the Factory, 100% Genuine\"},\"image\":{\"@id\":\"https:\/\/fumot.uk\/#\/schema\/logo\/image\/\"}}]}<\/script>\n<!-- \/ Yoast SEO plugin. -->","yoast_head_json":{"title":"RandM Tornado 15000 Puffs Hielo de Durazno | 25ml 850mAh","description":"RandM Tornado 15000 Puffs Peach Ice: melocot\u00f3n jugoso con un fresco acabado helado. 25ml, bobina de malla, pantalla, flujo de aire ajustable, 850mAh recargable Type\u2011C. Compra en fumot.uk.","robots":{"index":"index","follow":"follow","max-snippet":"max-snippet:-1","max-image-preview":"max-image-preview:large","max-video-preview":"max-video-preview:-1"},"canonical":"https:\/\/fumot.uk\/es\/product\/randm-tornado-15000-puffs-peach-ice\/","og_locale":"es_ES","og_type":"article","og_title":"RandM Tornado 15000 Puffs \u2013 Peach Ice (25ml, Display, Type\u2011C)","og_description":"Sweet peach meets an icy finish. 15000 puff disposable with 25ml e-liquid, mesh coil, smart display, adjustable airflow and 850mAh rechargeable Type\u2011C. Available 0\/2\/3\/5%.","og_url":"https:\/\/fumot.uk\/es\/product\/randm-tornado-15000-puffs-peach-ice\/","og_site_name":"Fumot Official Direct | Straight from the Factory, 100% Genuine","article_modified_time":"2026-01-20T07:45:31+00:00","og_image":[{"width":2000,"height":2000,"url":"https:\/\/fumot.uk\/wp-content\/uploads\/2026\/01\/Randm-Tornado-15000-peach-ice.jpg","type":"image\/jpeg"}],"twitter_card":"summary_large_image","twitter_misc":{"Tiempo de lectura":"1 minuto"},"schema":{"@context":"https:\/\/schema.org","@graph":[{"@type":"WebPage","@id":"https:\/\/fumot.uk\/product\/randm-tornado-15000-puffs-peach-ice\/","url":"https:\/\/fumot.uk\/product\/randm-tornado-15000-puffs-peach-ice\/","name":"RandM Tornado 15000 Puffs Hielo de Durazno | 25ml 850mAh","isPartOf":{"@id":"https:\/\/fumot.uk\/#website"},"primaryImageOfPage":{"@id":"https:\/\/fumot.uk\/product\/randm-tornado-15000-puffs-peach-ice\/#primaryimage"},"image":{"@id":"https:\/\/fumot.uk\/product\/randm-tornado-15000-puffs-peach-ice\/#primaryimage"},"thumbnailUrl":"https:\/\/fumot.uk\/wp-content\/uploads\/2026\/01\/Randm-Tornado-15000-peach-ice.jpg","datePublished":"2026-01-20T02:40:04+00:00","dateModified":"2026-01-20T07:45:31+00:00","description":"RandM Tornado 15000 Puffs Peach Ice: melocot\u00f3n jugoso con un fresco acabado helado. 25ml, bobina de malla, pantalla, flujo de aire ajustable, 850mAh recargable Type\u2011C. Compra en fumot.uk.","breadcrumb":{"@id":"https:\/\/fumot.uk\/product\/randm-tornado-15000-puffs-peach-ice\/#breadcrumb"},"inLanguage":"es","potentialAction":[{"@type":"ReadAction","target":["https:\/\/fumot.uk\/product\/randm-tornado-15000-puffs-peach-ice\/"]}]},{"@type":"ImageObject","inLanguage":"es","@id":"https:\/\/fumot.uk\/product\/randm-tornado-15000-puffs-peach-ice\/#primaryimage","url":"https:\/\/fumot.uk\/wp-content\/uploads\/2026\/01\/Randm-Tornado-15000-peach-ice.jpg","contentUrl":"https:\/\/fumot.uk\/wp-content\/uploads\/2026\/01\/Randm-Tornado-15000-peach-ice.jpg","width":2000,"height":2000},{"@type":"BreadcrumbList","@id":"https:\/\/fumot.uk\/product\/randm-tornado-15000-puffs-peach-ice\/#breadcrumb","itemListElement":[{"@type":"ListItem","position":1,"name":"Home","item":"https:\/\/fumot.uk\/"},{"@type":"ListItem","position":2,"name":"Shop","item":"https:\/\/fumot.uk\/shop\/"},{"@type":"ListItem","position":3,"name":"RandM Tornado 15000 Puffs Peach Ice Disposable Vape (25ml, 850mAh, Display, Type\u2011C)"}]},{"@type":"WebSite","@id":"https:\/\/fumot.uk\/#website","url":"https:\/\/fumot.uk\/","name":"Fumot Official Direct | Directo desde la f\u00e1brica, 100% Original","description":"Sitio Oficial","publisher":{"@id":"https:\/\/fumot.uk\/#organization"},"potentialAction":[{"@type":"SearchAction","target":{"@type":"EntryPoint","urlTemplate":"https:\/\/fumot.uk\/?s={search_term_string}"},"query-input":{"@type":"PropertyValueSpecification","valueRequired":true,"valueName":"search_term_string"}}],"inLanguage":"es"},{"@type":"Organization","@id":"https:\/\/fumot.uk\/#organization","name":"Fumot Official Direct | Directo desde la f\u00e1brica, 100% Original","url":"https:\/\/fumot.uk\/","logo":{"@type":"ImageObject","inLanguage":"es","@id":"https:\/\/fumot.uk\/#\/schema\/logo\/image\/","url":"https:\/\/fumot.uk\/wp-content\/uploads\/2026\/01\/cropped-fumot-logo1.png","contentUrl":"https:\/\/fumot.uk\/wp-content\/uploads\/2026\/01\/cropped-fumot-logo1.png","width":152,"height":106,"caption":"Fumot Official Direct | Straight from the Factory, 100% Genuine"},"image":{"@id":"https:\/\/fumot.uk\/#\/schema\/logo\/image\/"}}]}},"_links":{"self":[{"href":"https:\/\/fumot.uk\/es\/wp-json\/wp\/v2\/product\/63","targetHints":{"allow":["GET"]}}],"collection":[{"href":"https:\/\/fumot.uk\/es\/wp-json\/wp\/v2\/product"}],"about":[{"href":"https:\/\/fumot.uk\/es\/wp-json\/wp\/v2\/types\/product"}],"replies":[{"embeddable":true,"href":"https:\/\/fumot.uk\/es\/wp-json\/wp\/v2\/comments?post=63"}],"wp:featuredmedia":[{"embeddable":true,"href":"https:\/\/fumot.uk\/es\/wp-json\/wp\/v2\/media\/93"}],"wp:attachment":[{"href":"https:\/\/fumot.uk\/es\/wp-json\/wp\/v2\/media?parent=63"}],"wp:term":[{"taxonomy":"product_brand","embeddable":true,"href":"https:\/\/fumot.uk\/es\/wp-json\/wp\/v2\/product_brand?post=63"},{"taxonomy":"product_cat","embeddable":true,"href":"https:\/\/fumot.uk\/es\/wp-json\/wp\/v2\/product_cat?post=63"},{"taxonomy":"product_tag","embeddable":true,"href":"https:\/\/fumot.uk\/es\/wp-json\/wp\/v2\/product_tag?post=63"}],"curies":[{"name":"wp","href":"https:\/\/api.w.org\/{rel}","templated":true}]}}