{"id":62,"date":"2026-01-20T02:40:04","date_gmt":"2026-01-20T02:40:04","guid":{"rendered":"https:\/\/fumot.uk\/?post_type=product&#038;p=62"},"modified":"2026-01-20T07:45:30","modified_gmt":"2026-01-20T07:45:30","slug":"randm-tornado-15000-puffs-blue-razz-lemonade","status":"publish","type":"product","link":"https:\/\/fumot.uk\/es\/product\/randm-tornado-15000-puffs-blue-razz-lemonade\/","title":{"rendered":"RandM Tornado 15000 Puffs Blue Razz Lemonade Disposable Vape (25ml, 850mAh, Display, Type\u2011C)"},"content":{"rendered":"<h2>RandM Tornado 15000 Puffs \u2013 Blue Razz Lemonade<\/h2>\n<p>Convierte cada calada en un \u00e9xito brillante de verano. El <strong>RandM Tornado 15000 Puffs Blue Razz Lemonade<\/strong> combina un sabor dulce como <strong>frambuesa azul<\/strong> con un fresco <strong>toque de limonada<\/strong> para un acabado dulce y \u00e1cido que se mantiene refrescante desde la primera calada hasta la \u00faltima.<\/p>\n<p>Dise\u00f1ado para conveniencia y consistencia, este <strong>vape desechable<\/strong> presenta un claro <strong>pantalla<\/strong> para que puedas mantener un ojo en <strong>nivel de bater\u00eda<\/strong>, <strong>nivel de l\u00edquido<\/strong>, y <strong>el conteo de caladas<\/strong>. Dentro, <strong>bobina de malla<\/strong> la tecnolog\u00eda ayuda a ofrecer un sabor suave y una producci\u00f3n uniforme de vapor, mientras que la <strong>bater\u00eda recargable de 850mAh<\/strong> con <strong>Tipo\u2011C<\/strong> carga te mantiene en marcha.<\/p>\n<h3>Perfil de sabor: Blue Razz Lemonade<\/h3>\n<ul>\n<li><strong>Notas principales:<\/strong> dulzura jugosa de frambuesa azul<\/li>\n<li><strong>Acabado:<\/strong> toque \u00e1cido de limonada<\/li>\n<li><strong>En general:<\/strong> afrutado, brillante y refrescante<\/li>\n<\/ul>\n<h3>Caracter\u00edsticas Clave<\/h3>\n<ul>\n<li><strong>Hasta 15000 caladas<\/strong><\/li>\n<li><strong>25ml de e-l\u00edquido<\/strong><\/li>\n<li><strong>Opciones de sal de nicotina:<\/strong> 0% \/ 2% \/ 3% \/ 5%<\/li>\n<li><strong>Bobina de malla<\/strong> para un sabor consistente<\/li>\n<li><strong>Pantalla<\/strong> para monitoreo de bater\u00eda\/l\u00edquido\/caladas<\/li>\n<li><strong>Recargable<\/strong> <strong>850mAh<\/strong> bater\u00eda incorporada<\/li>\n<li><strong>la carga Tipo\u2011C<\/strong><\/li>\n<li><strong>Flujo de aire ajustable<\/strong> (para una calada m\u00e1s ajustada o m\u00e1s aireada)<\/li>\n<li><strong>Luz RGB<\/strong> efecto<\/li>\n<li><strong>41 sabores disponibles<\/strong> en la serie<\/li>\n<\/ul>\n<p>Descubre m\u00e1s favoritos de RandM y nuevas llegadas en <a href=\"https:\/\/fumot.uk\/es\/\">fumot.uk<\/a>.<\/p>","protected":false},"excerpt":{"rendered":"<p>RandM Tornado 15000 Puffs en Blue Razz Lemonade: dulce frambuesa azul con un toque de limonada picante. 25ml, bobina de malla, pantalla, recargable 850mAh Type\u2011C.<\/p>","protected":false},"featured_media":92,"comment_status":"open","ping_status":"closed","template":"","meta":[],"product_brand":[],"product_cat":[16,18,17],"product_tag":[19,20,21,22,23,24,25,26,27,28],"class_list":{"0":"post-62","1":"product","2":"type-product","3":"status-publish","4":"has-post-thumbnail","6":"product_cat-15000-puff","7":"product_cat-randm-tornado-15000-puffs","8":"product_cat-vape","9":"product_tag-25ml","10":"product_tag-850mah","11":"product_tag-adjustable-airflow","12":"product_tag-blue-razz","13":"product_tag-display","14":"product_tag-lemon","15":"product_tag-mesh-coil","16":"product_tag-rechargeable","17":"product_tag-rgb-light","18":"product_tag-type-c","20":"first","21":"instock","22":"sale","23":"shipping-taxable","24":"purchasable","25":"product-type-variable","26":"has-default-attributes"},"yoast_head":"<!-- This site is optimized with the Yoast SEO plugin v26.8 - https:\/\/yoast.com\/product\/yoast-seo-wordpress\/ -->\n<title>RandM Tornado 15000 Blue Razz Lemonade | 25ml<\/title>\n<meta name=\"description\" content=\"RandM Tornado 15000 Puffs Blue Razz Lemonade disposable vape: 25ml e-liquid, mesh coil, display, 850mAh rechargeable Type\u2011C. 0\/2\/3\/5% options.\" \/>\n<meta name=\"robots\" content=\"index, follow, max-snippet:-1, max-image-preview:large, max-video-preview:-1\" \/>\n<link rel=\"canonical\" href=\"https:\/\/fumot.uk\/es\/product\/randm-tornado-15000-puffs-blue-razz-lemonade\/\" \/>\n<meta property=\"og:locale\" content=\"es_ES\" \/>\n<meta property=\"og:type\" content=\"article\" \/>\n<meta property=\"og:title\" content=\"Blue Razz Lemonade \u2013 RandM Tornado 15000 Puffs\" \/>\n<meta property=\"og:description\" content=\"Sweet blue raspberry meets zesty lemonade. 25ml, mesh coil, display, rechargeable 850mAh Type\u2011C. Shop at fumot.uk.\" \/>\n<meta property=\"og:url\" content=\"https:\/\/fumot.uk\/es\/product\/randm-tornado-15000-puffs-blue-razz-lemonade\/\" \/>\n<meta property=\"og:site_name\" content=\"Fumot Official Direct | Straight from the Factory, 100% Genuine\" \/>\n<meta property=\"article:modified_time\" content=\"2026-01-20T07:45:30+00:00\" \/>\n<meta property=\"og:image\" content=\"https:\/\/fumot.uk\/wp-content\/uploads\/2026\/01\/Randm-Tornado-15000-blue-razz-lemonade.jpg\" \/>\n\t<meta property=\"og:image:width\" content=\"2000\" \/>\n\t<meta property=\"og:image:height\" content=\"2000\" \/>\n\t<meta property=\"og:image:type\" content=\"image\/jpeg\" \/>\n<meta name=\"twitter:card\" content=\"summary_large_image\" \/>\n<meta name=\"twitter:label1\" content=\"Tiempo de lectura\" \/>\n\t<meta name=\"twitter:data1\" content=\"1 minuto\" \/>\n<script type=\"application\/ld+json\" class=\"yoast-schema-graph\">{\"@context\":\"https:\/\/schema.org\",\"@graph\":[{\"@type\":\"WebPage\",\"@id\":\"https:\/\/fumot.uk\/product\/randm-tornado-15000-puffs-blue-razz-lemonade\/\",\"url\":\"https:\/\/fumot.uk\/product\/randm-tornado-15000-puffs-blue-razz-lemonade\/\",\"name\":\"RandM Tornado 15000 Blue Razz Lemonade | 25ml\",\"isPartOf\":{\"@id\":\"https:\/\/fumot.uk\/#website\"},\"primaryImageOfPage\":{\"@id\":\"https:\/\/fumot.uk\/product\/randm-tornado-15000-puffs-blue-razz-lemonade\/#primaryimage\"},\"image\":{\"@id\":\"https:\/\/fumot.uk\/product\/randm-tornado-15000-puffs-blue-razz-lemonade\/#primaryimage\"},\"thumbnailUrl\":\"https:\/\/fumot.uk\/wp-content\/uploads\/2026\/01\/Randm-Tornado-15000-blue-razz-lemonade.jpg\",\"datePublished\":\"2026-01-20T02:40:04+00:00\",\"dateModified\":\"2026-01-20T07:45:30+00:00\",\"description\":\"RandM Tornado 15000 Puffs Blue Razz Lemonade disposable vape: 25ml e-liquid, mesh coil, display, 850mAh rechargeable Type\u2011C. 0\/2\/3\/5% options.\",\"breadcrumb\":{\"@id\":\"https:\/\/fumot.uk\/product\/randm-tornado-15000-puffs-blue-razz-lemonade\/#breadcrumb\"},\"inLanguage\":\"es\",\"potentialAction\":[{\"@type\":\"ReadAction\",\"target\":[\"https:\/\/fumot.uk\/product\/randm-tornado-15000-puffs-blue-razz-lemonade\/\"]}]},{\"@type\":\"ImageObject\",\"inLanguage\":\"es\",\"@id\":\"https:\/\/fumot.uk\/product\/randm-tornado-15000-puffs-blue-razz-lemonade\/#primaryimage\",\"url\":\"https:\/\/fumot.uk\/wp-content\/uploads\/2026\/01\/Randm-Tornado-15000-blue-razz-lemonade.jpg\",\"contentUrl\":\"https:\/\/fumot.uk\/wp-content\/uploads\/2026\/01\/Randm-Tornado-15000-blue-razz-lemonade.jpg\",\"width\":2000,\"height\":2000},{\"@type\":\"BreadcrumbList\",\"@id\":\"https:\/\/fumot.uk\/product\/randm-tornado-15000-puffs-blue-razz-lemonade\/#breadcrumb\",\"itemListElement\":[{\"@type\":\"ListItem\",\"position\":1,\"name\":\"Home\",\"item\":\"https:\/\/fumot.uk\/\"},{\"@type\":\"ListItem\",\"position\":2,\"name\":\"Shop\",\"item\":\"https:\/\/fumot.uk\/shop\/\"},{\"@type\":\"ListItem\",\"position\":3,\"name\":\"RandM Tornado 15000 Puffs Blue Razz Lemonade Disposable Vape (25ml, 850mAh, Display, Type\u2011C)\"}]},{\"@type\":\"WebSite\",\"@id\":\"https:\/\/fumot.uk\/#website\",\"url\":\"https:\/\/fumot.uk\/\",\"name\":\"Fumot Official Direct | Straight from the Factory, 100% Genuine\",\"description\":\"Official Website\",\"publisher\":{\"@id\":\"https:\/\/fumot.uk\/#organization\"},\"potentialAction\":[{\"@type\":\"SearchAction\",\"target\":{\"@type\":\"EntryPoint\",\"urlTemplate\":\"https:\/\/fumot.uk\/?s={search_term_string}\"},\"query-input\":{\"@type\":\"PropertyValueSpecification\",\"valueRequired\":true,\"valueName\":\"search_term_string\"}}],\"inLanguage\":\"es\"},{\"@type\":\"Organization\",\"@id\":\"https:\/\/fumot.uk\/#organization\",\"name\":\"Fumot Official Direct | Straight from the Factory, 100% Genuine\",\"url\":\"https:\/\/fumot.uk\/\",\"logo\":{\"@type\":\"ImageObject\",\"inLanguage\":\"es\",\"@id\":\"https:\/\/fumot.uk\/#\/schema\/logo\/image\/\",\"url\":\"https:\/\/fumot.uk\/wp-content\/uploads\/2026\/01\/cropped-fumot-logo1.png\",\"contentUrl\":\"https:\/\/fumot.uk\/wp-content\/uploads\/2026\/01\/cropped-fumot-logo1.png\",\"width\":152,\"height\":106,\"caption\":\"Fumot Official Direct | Straight from the Factory, 100% Genuine\"},\"image\":{\"@id\":\"https:\/\/fumot.uk\/#\/schema\/logo\/image\/\"}}]}<\/script>\n<!-- \/ Yoast SEO plugin. -->","yoast_head_json":{"title":"RandM Tornado 15000 Blue Razz Lemonade | 25ml","description":"RandM Tornado 15000 Puffs Blue Razz Lemonade vape desechable: 25ml de e-l\u00edquido, bobina de malla, pantalla, 850mAh recargable Tipo\u2011C. Opciones 0\/2\/3\/5%.","robots":{"index":"index","follow":"follow","max-snippet":"max-snippet:-1","max-image-preview":"max-image-preview:large","max-video-preview":"max-video-preview:-1"},"canonical":"https:\/\/fumot.uk\/es\/product\/randm-tornado-15000-puffs-blue-razz-lemonade\/","og_locale":"es_ES","og_type":"article","og_title":"Blue Razz Lemonade \u2013 RandM Tornado 15000 Puffs","og_description":"Sweet blue raspberry meets zesty lemonade. 25ml, mesh coil, display, rechargeable 850mAh Type\u2011C. Shop at fumot.uk.","og_url":"https:\/\/fumot.uk\/es\/product\/randm-tornado-15000-puffs-blue-razz-lemonade\/","og_site_name":"Fumot Official Direct | Straight from the Factory, 100% Genuine","article_modified_time":"2026-01-20T07:45:30+00:00","og_image":[{"width":2000,"height":2000,"url":"https:\/\/fumot.uk\/wp-content\/uploads\/2026\/01\/Randm-Tornado-15000-blue-razz-lemonade.jpg","type":"image\/jpeg"}],"twitter_card":"summary_large_image","twitter_misc":{"Tiempo de lectura":"1 minuto"},"schema":{"@context":"https:\/\/schema.org","@graph":[{"@type":"WebPage","@id":"https:\/\/fumot.uk\/product\/randm-tornado-15000-puffs-blue-razz-lemonade\/","url":"https:\/\/fumot.uk\/product\/randm-tornado-15000-puffs-blue-razz-lemonade\/","name":"RandM Tornado 15000 Blue Razz Lemonade | 25ml","isPartOf":{"@id":"https:\/\/fumot.uk\/#website"},"primaryImageOfPage":{"@id":"https:\/\/fumot.uk\/product\/randm-tornado-15000-puffs-blue-razz-lemonade\/#primaryimage"},"image":{"@id":"https:\/\/fumot.uk\/product\/randm-tornado-15000-puffs-blue-razz-lemonade\/#primaryimage"},"thumbnailUrl":"https:\/\/fumot.uk\/wp-content\/uploads\/2026\/01\/Randm-Tornado-15000-blue-razz-lemonade.jpg","datePublished":"2026-01-20T02:40:04+00:00","dateModified":"2026-01-20T07:45:30+00:00","description":"RandM Tornado 15000 Puffs Blue Razz Lemonade vape desechable: 25ml de e-l\u00edquido, bobina de malla, pantalla, 850mAh recargable Tipo\u2011C. Opciones 0\/2\/3\/5%.","breadcrumb":{"@id":"https:\/\/fumot.uk\/product\/randm-tornado-15000-puffs-blue-razz-lemonade\/#breadcrumb"},"inLanguage":"es","potentialAction":[{"@type":"ReadAction","target":["https:\/\/fumot.uk\/product\/randm-tornado-15000-puffs-blue-razz-lemonade\/"]}]},{"@type":"ImageObject","inLanguage":"es","@id":"https:\/\/fumot.uk\/product\/randm-tornado-15000-puffs-blue-razz-lemonade\/#primaryimage","url":"https:\/\/fumot.uk\/wp-content\/uploads\/2026\/01\/Randm-Tornado-15000-blue-razz-lemonade.jpg","contentUrl":"https:\/\/fumot.uk\/wp-content\/uploads\/2026\/01\/Randm-Tornado-15000-blue-razz-lemonade.jpg","width":2000,"height":2000},{"@type":"BreadcrumbList","@id":"https:\/\/fumot.uk\/product\/randm-tornado-15000-puffs-blue-razz-lemonade\/#breadcrumb","itemListElement":[{"@type":"ListItem","position":1,"name":"Home","item":"https:\/\/fumot.uk\/"},{"@type":"ListItem","position":2,"name":"Shop","item":"https:\/\/fumot.uk\/shop\/"},{"@type":"ListItem","position":3,"name":"RandM Tornado 15000 Puffs Blue Razz Lemonade Disposable Vape (25ml, 850mAh, Display, Type\u2011C)"}]},{"@type":"WebSite","@id":"https:\/\/fumot.uk\/#website","url":"https:\/\/fumot.uk\/","name":"Fumot Official Direct | Directo desde la f\u00e1brica, 100% Original","description":"Sitio Oficial","publisher":{"@id":"https:\/\/fumot.uk\/#organization"},"potentialAction":[{"@type":"SearchAction","target":{"@type":"EntryPoint","urlTemplate":"https:\/\/fumot.uk\/?s={search_term_string}"},"query-input":{"@type":"PropertyValueSpecification","valueRequired":true,"valueName":"search_term_string"}}],"inLanguage":"es"},{"@type":"Organization","@id":"https:\/\/fumot.uk\/#organization","name":"Fumot Official Direct | Directo desde la f\u00e1brica, 100% Original","url":"https:\/\/fumot.uk\/","logo":{"@type":"ImageObject","inLanguage":"es","@id":"https:\/\/fumot.uk\/#\/schema\/logo\/image\/","url":"https:\/\/fumot.uk\/wp-content\/uploads\/2026\/01\/cropped-fumot-logo1.png","contentUrl":"https:\/\/fumot.uk\/wp-content\/uploads\/2026\/01\/cropped-fumot-logo1.png","width":152,"height":106,"caption":"Fumot Official Direct | Straight from the Factory, 100% Genuine"},"image":{"@id":"https:\/\/fumot.uk\/#\/schema\/logo\/image\/"}}]}},"_links":{"self":[{"href":"https:\/\/fumot.uk\/es\/wp-json\/wp\/v2\/product\/62","targetHints":{"allow":["GET"]}}],"collection":[{"href":"https:\/\/fumot.uk\/es\/wp-json\/wp\/v2\/product"}],"about":[{"href":"https:\/\/fumot.uk\/es\/wp-json\/wp\/v2\/types\/product"}],"replies":[{"embeddable":true,"href":"https:\/\/fumot.uk\/es\/wp-json\/wp\/v2\/comments?post=62"}],"wp:featuredmedia":[{"embeddable":true,"href":"https:\/\/fumot.uk\/es\/wp-json\/wp\/v2\/media\/92"}],"wp:attachment":[{"href":"https:\/\/fumot.uk\/es\/wp-json\/wp\/v2\/media?parent=62"}],"wp:term":[{"taxonomy":"product_brand","embeddable":true,"href":"https:\/\/fumot.uk\/es\/wp-json\/wp\/v2\/product_brand?post=62"},{"taxonomy":"product_cat","embeddable":true,"href":"https:\/\/fumot.uk\/es\/wp-json\/wp\/v2\/product_cat?post=62"},{"taxonomy":"product_tag","embeddable":true,"href":"https:\/\/fumot.uk\/es\/wp-json\/wp\/v2\/product_tag?post=62"}],"curies":[{"name":"wp","href":"https:\/\/api.w.org\/{rel}","templated":true}]}}