{"id":6005,"date":"2026-01-21T04:20:49","date_gmt":"2026-01-21T04:20:49","guid":{"rendered":"https:\/\/fumot.uk\/?post_type=product&#038;p=6005"},"modified":"2026-01-21T06:07:12","modified_gmt":"2026-01-21T06:07:12","slug":"fihp-double-flavor-40000-puffs-double-apple-ice-love-666","status":"publish","type":"product","link":"https:\/\/fumot.uk\/es\/product\/fihp-double-flavor-40000-puffs-double-apple-ice-love-666\/","title":{"rendered":"FIHP Vape Desechable de Doble Sabor 40000 Caladas \u2013 Doble Manzana Helada &amp; Love 666 | Cambio de Sabor Dual, Pantalla LED, Tipo\u2011C"},"content":{"rendered":"<h2>FIHP Doble Sabor 40000 Caladas \u2013 Doble Manzana Helada &amp; Love 666<\/h2>\n<p>Conoce un audaz vape desechable dos en uno dise\u00f1ado para la variedad: el <strong>FIHP Double Flavor 40000 Puffs<\/strong> combina <strong>Manzana Doble Hielo<\/strong> con <strong>Love 666<\/strong> en un innovador <strong>sistema de cambio de doble sabor<\/strong>. Simplemente gira la boquilla para cambiar de perfil y mantener tu sesi\u00f3n de vapeo fresca.<\/p>\n<h3>Dos Sabores, Un Dispositivo<\/h3>\n<ul>\n<li><strong>Manzana Doble Hielo<\/strong> \u2013 car\u00e1cter crujiente y dulce de doble manzana terminado con una frescura helada para una calada refrescante y afrutada.<\/li>\n<li><strong>Love 666<\/strong> \u2013 una misteriosa mezcla de frutas ex\u00f3ticas con un toque ligeramente dulce que se siente m\u00e1s profundo y atractivo para un cambio de ritmo intenso.<\/li>\n<\/ul>\n<h3>Por qu\u00e9 te gustar\u00e1<\/h3>\n<ul>\n<li><strong>Hasta 40000 caladas<\/strong> (el uso var\u00eda)<\/li>\n<li><strong>Doble Sabor<\/strong> dise\u00f1o \u2013 cambia de sabor girando la boquilla<\/li>\n<li><strong>Doble Bobina de Malla<\/strong> para una entrega de sabor suave y consistente<\/li>\n<li><strong>capacidad de 36ml de e-l\u00edquido<\/strong><\/li>\n<li><strong>Bater\u00eda recargable de 650mAh<\/strong> con <strong>la carga Tipo\u2011C<\/strong><\/li>\n<li><strong>pantalla LED<\/strong> para ver el estado de un vistazo<\/li>\n<\/ul>\n<h3>Recomendado Para<\/h3>\n<p>Si disfrutas <strong>vapes de manzana helada<\/strong> pero tambi\u00e9n quieren un segundo perfil de fruta m\u00e1s ex\u00f3tica en espera, <strong>Doble Manzana Helada &amp; Love 666<\/strong> est\u00e1 hecho para cambios r\u00e1pidos de sabor sin cambiar de dispositivo.<\/p>\n<p>Explora m\u00e1s opciones de doble sabor y las \u00faltimas novedades en <a href=\"https:\/\/fumot.uk\/es\/\">fumot.uk<\/a>.<\/p>\n<h3>Especificaciones del Producto<\/h3>\n<ul>\n<li><strong>Categor\u00eda:<\/strong> 40000 caladas, Vape Desechable, FIHP Doble Sabor 40000 Caladas<\/li>\n<li><strong>Caladas:<\/strong> 40000<\/li>\n<li><strong>Fuerza de Nicotina:<\/strong> 2% \/ 5%<\/li>\n<li><strong>Bobina:<\/strong> Doble Bobina de Malla<\/li>\n<li><strong>Bater\u00eda:<\/strong> 650mAh (recargable)<\/li>\n<li><strong>Carga:<\/strong> Tipo\u2011C<\/li>\n<li><strong>Pantalla:<\/strong> Pantalla LED<\/li>\n<li><strong>Sabor:<\/strong> Doble Manzana Helada &amp; Love 666<\/li>\n<\/ul>","protected":false},"excerpt":{"rendered":"<p>Cambia tu sesi\u00f3n con el vape desechable FIHP Double Flavor 40000 Puffs en Double Apple Ice &amp; Love 666. Gira la boquilla para cambiar sabores, disfruta de la suavidad de la Dual Mesh Coil, capacidad de 36ml, pantalla LED y una bater\u00eda recargable de 650mAh Type\u2011C. Disponible en 2% o 5% de nicotina.<\/p>","protected":false},"featured_media":6039,"comment_status":"open","ping_status":"closed","template":"","meta":[],"product_brand":[],"product_cat":[82,276,17],"product_tag":[70,165,71,131,31,114,73,29,26,37,28],"class_list":{"0":"post-6005","1":"product","2":"type-product","3":"status-publish","4":"has-post-thumbnail","6":"product_cat-40000-puff","7":"product_cat-fihp-double-flavor-40000-puffs","8":"product_cat-vape","9":"product_tag-2-nikotin","10":"product_tag-36ml","11":"product_tag-5-nikotin","12":"product_tag-650mah","13":"product_tag-apple","14":"product_tag-dual-flavor","15":"product_tag-dual-mesh","16":"product_tag-ice","17":"product_tag-rechargeable","18":"product_tag-strawberry","19":"product_tag-type-c","21":"first","22":"instock","23":"sale","24":"shipping-taxable","25":"purchasable","26":"product-type-variable","27":"has-default-attributes"},"yoast_head":"<!-- This site is optimized with the Yoast SEO plugin v26.8 - https:\/\/yoast.com\/product\/yoast-seo-wordpress\/ -->\n<title>FIHP Double Flavor 40000 Puffs \u2013 Double Apple Ice &amp; Love 666<\/title>\n<meta name=\"description\" content=\"FIHP Double Flavor 40000 Puffs disposable vape: Double Apple Ice &amp; Love 666. Dual flavor switch, Dual Mesh Coil, 36ml, LED display, Type\u2011C, 650mAh. 2%\/5%.\" \/>\n<meta name=\"robots\" content=\"index, follow, max-snippet:-1, max-image-preview:large, max-video-preview:-1\" \/>\n<link rel=\"canonical\" href=\"https:\/\/fumot.uk\/es\/product\/fihp-double-flavor-40000-puffs-double-apple-ice-love-666\/\" \/>\n<meta property=\"og:locale\" content=\"es_ES\" \/>\n<meta property=\"og:type\" content=\"article\" \/>\n<meta property=\"og:title\" content=\"Double Apple Ice &amp; Love 666 \u2013 FIHP Double Flavor 40000 Puffs\" \/>\n<meta property=\"og:description\" content=\"Two distinct tastes in one device. Rotate to switch between crisp Double Apple Ice and the mysterious Love 666 fruit blend. Dual Mesh Coil, 36ml, LED, Type\u2011C.\" \/>\n<meta property=\"og:url\" content=\"https:\/\/fumot.uk\/es\/product\/fihp-double-flavor-40000-puffs-double-apple-ice-love-666\/\" \/>\n<meta property=\"og:site_name\" content=\"Fumot Official Direct | Straight from the Factory, 100% Genuine\" \/>\n<meta property=\"article:modified_time\" content=\"2026-01-21T06:07:12+00:00\" \/>\n<meta property=\"og:image\" content=\"https:\/\/fumot.uk\/wp-content\/uploads\/2026\/01\/FIHP-Double-Flavors-40000-Puffs-Love-666-Double-Apple-Ice-Disposable-E-Cigarette.jpg\" \/>\n\t<meta property=\"og:image:width\" content=\"1200\" \/>\n\t<meta property=\"og:image:height\" content=\"1200\" \/>\n\t<meta property=\"og:image:type\" content=\"image\/jpeg\" \/>\n<meta name=\"twitter:card\" content=\"summary_large_image\" \/>\n<meta name=\"twitter:label1\" content=\"Tiempo de lectura\" \/>\n\t<meta name=\"twitter:data1\" content=\"1 minuto\" \/>\n<script type=\"application\/ld+json\" class=\"yoast-schema-graph\">{\"@context\":\"https:\/\/schema.org\",\"@graph\":[{\"@type\":\"WebPage\",\"@id\":\"https:\/\/fumot.uk\/product\/fihp-double-flavor-40000-puffs-double-apple-ice-love-666\/\",\"url\":\"https:\/\/fumot.uk\/product\/fihp-double-flavor-40000-puffs-double-apple-ice-love-666\/\",\"name\":\"FIHP Double Flavor 40000 Puffs \u2013 Double Apple Ice & Love 666\",\"isPartOf\":{\"@id\":\"https:\/\/fumot.uk\/#website\"},\"primaryImageOfPage\":{\"@id\":\"https:\/\/fumot.uk\/product\/fihp-double-flavor-40000-puffs-double-apple-ice-love-666\/#primaryimage\"},\"image\":{\"@id\":\"https:\/\/fumot.uk\/product\/fihp-double-flavor-40000-puffs-double-apple-ice-love-666\/#primaryimage\"},\"thumbnailUrl\":\"https:\/\/fumot.uk\/wp-content\/uploads\/2026\/01\/FIHP-Double-Flavors-40000-Puffs-Love-666-Double-Apple-Ice-Disposable-E-Cigarette.jpg\",\"datePublished\":\"2026-01-21T04:20:49+00:00\",\"dateModified\":\"2026-01-21T06:07:12+00:00\",\"description\":\"FIHP Double Flavor 40000 Puffs disposable vape: Double Apple Ice & Love 666. Dual flavor switch, Dual Mesh Coil, 36ml, LED display, Type\u2011C, 650mAh. 2%\/5%.\",\"breadcrumb\":{\"@id\":\"https:\/\/fumot.uk\/product\/fihp-double-flavor-40000-puffs-double-apple-ice-love-666\/#breadcrumb\"},\"inLanguage\":\"es\",\"potentialAction\":[{\"@type\":\"ReadAction\",\"target\":[\"https:\/\/fumot.uk\/product\/fihp-double-flavor-40000-puffs-double-apple-ice-love-666\/\"]}]},{\"@type\":\"ImageObject\",\"inLanguage\":\"es\",\"@id\":\"https:\/\/fumot.uk\/product\/fihp-double-flavor-40000-puffs-double-apple-ice-love-666\/#primaryimage\",\"url\":\"https:\/\/fumot.uk\/wp-content\/uploads\/2026\/01\/FIHP-Double-Flavors-40000-Puffs-Love-666-Double-Apple-Ice-Disposable-E-Cigarette.jpg\",\"contentUrl\":\"https:\/\/fumot.uk\/wp-content\/uploads\/2026\/01\/FIHP-Double-Flavors-40000-Puffs-Love-666-Double-Apple-Ice-Disposable-E-Cigarette.jpg\",\"width\":1200,\"height\":1200},{\"@type\":\"BreadcrumbList\",\"@id\":\"https:\/\/fumot.uk\/product\/fihp-double-flavor-40000-puffs-double-apple-ice-love-666\/#breadcrumb\",\"itemListElement\":[{\"@type\":\"ListItem\",\"position\":1,\"name\":\"Home\",\"item\":\"https:\/\/fumot.uk\/\"},{\"@type\":\"ListItem\",\"position\":2,\"name\":\"Shop\",\"item\":\"https:\/\/fumot.uk\/shop\/\"},{\"@type\":\"ListItem\",\"position\":3,\"name\":\"FIHP Double Flavor 40000 Puffs Disposable Vape \u2013 Double Apple Ice &#038; Love 666 | Dual Taste Switch, LED Display, Type\u2011C\"}]},{\"@type\":\"WebSite\",\"@id\":\"https:\/\/fumot.uk\/#website\",\"url\":\"https:\/\/fumot.uk\/\",\"name\":\"Fumot Official Direct | Straight from the Factory, 100% Genuine\",\"description\":\"Official Website\",\"publisher\":{\"@id\":\"https:\/\/fumot.uk\/#organization\"},\"potentialAction\":[{\"@type\":\"SearchAction\",\"target\":{\"@type\":\"EntryPoint\",\"urlTemplate\":\"https:\/\/fumot.uk\/?s={search_term_string}\"},\"query-input\":{\"@type\":\"PropertyValueSpecification\",\"valueRequired\":true,\"valueName\":\"search_term_string\"}}],\"inLanguage\":\"es\"},{\"@type\":\"Organization\",\"@id\":\"https:\/\/fumot.uk\/#organization\",\"name\":\"Fumot Official Direct | Straight from the Factory, 100% Genuine\",\"url\":\"https:\/\/fumot.uk\/\",\"logo\":{\"@type\":\"ImageObject\",\"inLanguage\":\"es\",\"@id\":\"https:\/\/fumot.uk\/#\/schema\/logo\/image\/\",\"url\":\"https:\/\/fumot.uk\/wp-content\/uploads\/2026\/01\/cropped-fumot-logo1.png\",\"contentUrl\":\"https:\/\/fumot.uk\/wp-content\/uploads\/2026\/01\/cropped-fumot-logo1.png\",\"width\":152,\"height\":106,\"caption\":\"Fumot Official Direct | Straight from the Factory, 100% Genuine\"},\"image\":{\"@id\":\"https:\/\/fumot.uk\/#\/schema\/logo\/image\/\"}}]}<\/script>\n<!-- \/ Yoast SEO plugin. -->","yoast_head_json":{"title":"FIHP Double Flavor 40000 Puffs \u2013 Double Apple Ice &amp; Love 666","description":"FIHP Vape desechable de doble sabor 40000 caladas: Manzana Doble Hielo &amp; Love 666. Cambio de doble sabor, Doble Bobina de Malla, 36ml, pantalla LED, Tipo\u2011C, 650mAh. 2%\/5%.","robots":{"index":"index","follow":"follow","max-snippet":"max-snippet:-1","max-image-preview":"max-image-preview:large","max-video-preview":"max-video-preview:-1"},"canonical":"https:\/\/fumot.uk\/es\/product\/fihp-double-flavor-40000-puffs-double-apple-ice-love-666\/","og_locale":"es_ES","og_type":"article","og_title":"Double Apple Ice & Love 666 \u2013 FIHP Double Flavor 40000 Puffs","og_description":"Two distinct tastes in one device. Rotate to switch between crisp Double Apple Ice and the mysterious Love 666 fruit blend. Dual Mesh Coil, 36ml, LED, Type\u2011C.","og_url":"https:\/\/fumot.uk\/es\/product\/fihp-double-flavor-40000-puffs-double-apple-ice-love-666\/","og_site_name":"Fumot Official Direct | Straight from the Factory, 100% Genuine","article_modified_time":"2026-01-21T06:07:12+00:00","og_image":[{"width":1200,"height":1200,"url":"https:\/\/fumot.uk\/wp-content\/uploads\/2026\/01\/FIHP-Double-Flavors-40000-Puffs-Love-666-Double-Apple-Ice-Disposable-E-Cigarette.jpg","type":"image\/jpeg"}],"twitter_card":"summary_large_image","twitter_misc":{"Tiempo de lectura":"1 minuto"},"schema":{"@context":"https:\/\/schema.org","@graph":[{"@type":"WebPage","@id":"https:\/\/fumot.uk\/product\/fihp-double-flavor-40000-puffs-double-apple-ice-love-666\/","url":"https:\/\/fumot.uk\/product\/fihp-double-flavor-40000-puffs-double-apple-ice-love-666\/","name":"FIHP Double Flavor 40000 Puffs \u2013 Double Apple Ice &amp; Love 666","isPartOf":{"@id":"https:\/\/fumot.uk\/#website"},"primaryImageOfPage":{"@id":"https:\/\/fumot.uk\/product\/fihp-double-flavor-40000-puffs-double-apple-ice-love-666\/#primaryimage"},"image":{"@id":"https:\/\/fumot.uk\/product\/fihp-double-flavor-40000-puffs-double-apple-ice-love-666\/#primaryimage"},"thumbnailUrl":"https:\/\/fumot.uk\/wp-content\/uploads\/2026\/01\/FIHP-Double-Flavors-40000-Puffs-Love-666-Double-Apple-Ice-Disposable-E-Cigarette.jpg","datePublished":"2026-01-21T04:20:49+00:00","dateModified":"2026-01-21T06:07:12+00:00","description":"FIHP Vape desechable de doble sabor 40000 caladas: Manzana Doble Hielo &amp; Love 666. Cambio de doble sabor, Doble Bobina de Malla, 36ml, pantalla LED, Tipo\u2011C, 650mAh. 2%\/5%.","breadcrumb":{"@id":"https:\/\/fumot.uk\/product\/fihp-double-flavor-40000-puffs-double-apple-ice-love-666\/#breadcrumb"},"inLanguage":"es","potentialAction":[{"@type":"ReadAction","target":["https:\/\/fumot.uk\/product\/fihp-double-flavor-40000-puffs-double-apple-ice-love-666\/"]}]},{"@type":"ImageObject","inLanguage":"es","@id":"https:\/\/fumot.uk\/product\/fihp-double-flavor-40000-puffs-double-apple-ice-love-666\/#primaryimage","url":"https:\/\/fumot.uk\/wp-content\/uploads\/2026\/01\/FIHP-Double-Flavors-40000-Puffs-Love-666-Double-Apple-Ice-Disposable-E-Cigarette.jpg","contentUrl":"https:\/\/fumot.uk\/wp-content\/uploads\/2026\/01\/FIHP-Double-Flavors-40000-Puffs-Love-666-Double-Apple-Ice-Disposable-E-Cigarette.jpg","width":1200,"height":1200},{"@type":"BreadcrumbList","@id":"https:\/\/fumot.uk\/product\/fihp-double-flavor-40000-puffs-double-apple-ice-love-666\/#breadcrumb","itemListElement":[{"@type":"ListItem","position":1,"name":"Home","item":"https:\/\/fumot.uk\/"},{"@type":"ListItem","position":2,"name":"Shop","item":"https:\/\/fumot.uk\/shop\/"},{"@type":"ListItem","position":3,"name":"FIHP Double Flavor 40000 Puffs Disposable Vape \u2013 Double Apple Ice &#038; Love 666 | Dual Taste Switch, LED Display, Type\u2011C"}]},{"@type":"WebSite","@id":"https:\/\/fumot.uk\/#website","url":"https:\/\/fumot.uk\/","name":"Fumot Official Direct | Directo desde la f\u00e1brica, 100% Original","description":"Sitio Oficial","publisher":{"@id":"https:\/\/fumot.uk\/#organization"},"potentialAction":[{"@type":"SearchAction","target":{"@type":"EntryPoint","urlTemplate":"https:\/\/fumot.uk\/?s={search_term_string}"},"query-input":{"@type":"PropertyValueSpecification","valueRequired":true,"valueName":"search_term_string"}}],"inLanguage":"es"},{"@type":"Organization","@id":"https:\/\/fumot.uk\/#organization","name":"Fumot Official Direct | Directo desde la f\u00e1brica, 100% Original","url":"https:\/\/fumot.uk\/","logo":{"@type":"ImageObject","inLanguage":"es","@id":"https:\/\/fumot.uk\/#\/schema\/logo\/image\/","url":"https:\/\/fumot.uk\/wp-content\/uploads\/2026\/01\/cropped-fumot-logo1.png","contentUrl":"https:\/\/fumot.uk\/wp-content\/uploads\/2026\/01\/cropped-fumot-logo1.png","width":152,"height":106,"caption":"Fumot Official Direct | Straight from the Factory, 100% Genuine"},"image":{"@id":"https:\/\/fumot.uk\/#\/schema\/logo\/image\/"}}]}},"_links":{"self":[{"href":"https:\/\/fumot.uk\/es\/wp-json\/wp\/v2\/product\/6005","targetHints":{"allow":["GET"]}}],"collection":[{"href":"https:\/\/fumot.uk\/es\/wp-json\/wp\/v2\/product"}],"about":[{"href":"https:\/\/fumot.uk\/es\/wp-json\/wp\/v2\/types\/product"}],"replies":[{"embeddable":true,"href":"https:\/\/fumot.uk\/es\/wp-json\/wp\/v2\/comments?post=6005"}],"wp:featuredmedia":[{"embeddable":true,"href":"https:\/\/fumot.uk\/es\/wp-json\/wp\/v2\/media\/6039"}],"wp:attachment":[{"href":"https:\/\/fumot.uk\/es\/wp-json\/wp\/v2\/media?parent=6005"}],"wp:term":[{"taxonomy":"product_brand","embeddable":true,"href":"https:\/\/fumot.uk\/es\/wp-json\/wp\/v2\/product_brand?post=6005"},{"taxonomy":"product_cat","embeddable":true,"href":"https:\/\/fumot.uk\/es\/wp-json\/wp\/v2\/product_cat?post=6005"},{"taxonomy":"product_tag","embeddable":true,"href":"https:\/\/fumot.uk\/es\/wp-json\/wp\/v2\/product_tag?post=6005"}],"curies":[{"name":"wp","href":"https:\/\/api.w.org\/{rel}","templated":true}]}}