{"id":5998,"date":"2026-01-21T04:20:47","date_gmt":"2026-01-21T04:20:47","guid":{"rendered":"https:\/\/fumot.uk\/?post_type=product&#038;p=5998"},"modified":"2026-01-21T04:23:13","modified_gmt":"2026-01-21T04:23:13","slug":"al-fakher-hypermax-15000-puffs-black-currant-ice","status":"publish","type":"product","link":"https:\/\/fumot.uk\/es\/product\/al-fakher-hypermax-15000-puffs-black-currant-ice\/","title":{"rendered":"AL FAKHER Hypermax 15000 Puffs-Grosella Negra Hielo"},"content":{"rendered":"<h4>Hielo de grosella negra<\/h4>\n<p>Der AL FAKHER Hypermax 15000 Puffs <a href=\"https:\/\/ultravape.de\/product-tag\/blackcurrant\/\">Grosella Negra<\/a> El sabor Ice es una opci\u00f3n de cigarrillo electr\u00f3nico refrescante y afrutada, especialmente desarrollada para vapeadores que desean combinar los intensos sabores de las grosellas negras con una nota de mentol refrescante. Este sabor combina las notas intensas, dulces y \u00e1cidas de la grosella negra con la frescura del mentol. Al inhalar, experimentar\u00e1 los profundos aromas frutales de la grosella, perfectamente complementados por la nota helada de mentol, ideal para una experiencia de vapeo refrescante y al mismo tiempo afrutada y \u00e1cida.<\/p>\n<h4>Propiedades y caracter\u00edsticas<\/h4>\n<p>\u2705 5% Nicotina.<br \/>\n\u2705 30ML de E-l\u00edquido.<br \/>\n\u2705 15000 Puffs<br \/>\n\u2705 20 sabores disponibles<br \/>\n\u2705 600mah Recargable<br \/>\n\u2705 Bobina de malla<br \/>\n\u2705 Recargable Tipo-C<br \/>\n\u2705 Pantalla Inteligente<br \/>\n\u2705 Directo al Pulm\u00f3n<br \/>\n\u2705 Certificaci\u00f3n TPD<\/p>","protected":false},"excerpt":{"rendered":"<p>Experimente la AL FAKHER Hypermax 15000 Puffs, el cigarrillo electr\u00f3nico recargable con alta cantidad de caladas. Est\u00e1 equipado con 30 ml de soluci\u00f3n de nicotina 5% prellenada, cuenta con una bater\u00eda integrada de 600mAh y ofrece una experiencia de vapeo compacta, eficiente e intensa con vapor fino gracias a la pantalla inteligente y la tecnolog\u00eda de bobina de malla.<\/p>","protected":false},"featured_media":6028,"comment_status":"open","ping_status":"closed","template":"","meta":[],"product_brand":[],"product_cat":[16,238,17],"product_tag":[239,71,240,175,72,29,25,26,62,199,204],"class_list":{"0":"post-5998","1":"product","2":"type-product","3":"status-publish","4":"has-post-thumbnail","6":"product_cat-15000-puff","7":"product_cat-al-fakher-hypermax-15000-puffs","8":"product_cat-vape","9":"product_tag-30-ml","10":"product_tag-5-nikotin","11":"product_tag-600-mah","12":"product_tag-blackcurrant","13":"product_tag-direct-to-lung","14":"product_tag-ice","15":"product_tag-mesh-coil","16":"product_tag-rechargeable","17":"product_tag-sale-vape","18":"product_tag-smart-display","19":"product_tag-tpd-certification","21":"first","22":"instock","23":"sale","24":"shipping-taxable","25":"purchasable","26":"product-type-variable","27":"has-default-attributes"},"yoast_head":"<!-- This site is optimized with the Yoast SEO plugin v26.8 - https:\/\/yoast.com\/product\/yoast-seo-wordpress\/ -->\n<title>AL FAKHER Hypermax 15000 Puffs-Black Currant Ice - Fumot Official Direct | Straight from the Factory, 100% Genuine<\/title>\n<meta name=\"robots\" content=\"index, follow, max-snippet:-1, max-image-preview:large, max-video-preview:-1\" \/>\n<link rel=\"canonical\" href=\"https:\/\/fumot.uk\/es\/product\/al-fakher-hypermax-15000-puffs-black-currant-ice\/\" \/>\n<meta property=\"og:locale\" content=\"es_ES\" \/>\n<meta property=\"og:type\" content=\"article\" \/>\n<meta property=\"og:title\" content=\"AL FAKHER Hypermax 15000 Puffs-Black Currant Ice - Fumot Official Direct | Straight from the Factory, 100% Genuine\" \/>\n<meta property=\"og:description\" content=\"Erleben Sie die AL FAKHER Hypermax 15000 Puffs, die wiederaufladbare E-Zigarette mit hoher Zugzahl. Sie ist mit 30 ml vorgef\u00fcllter 5% Nikotinl\u00f6sung ausgestattet, verf\u00fcgt \u00fcber einen integrierten 600mAh-Akku und bietet mit dem intelligenten Display und Mesh-Coil-Technologie ein kompaktes, effizientes und intensives Dampferlebnis mit feinem Dampf.\" \/>\n<meta property=\"og:url\" content=\"https:\/\/fumot.uk\/es\/product\/al-fakher-hypermax-15000-puffs-black-currant-ice\/\" \/>\n<meta property=\"og:site_name\" content=\"Fumot Official Direct | Straight from the Factory, 100% Genuine\" \/>\n<meta property=\"article:modified_time\" content=\"2026-01-21T04:23:13+00:00\" \/>\n<meta name=\"twitter:card\" content=\"summary_large_image\" \/>\n<meta name=\"twitter:label1\" content=\"Tiempo de lectura\" \/>\n\t<meta name=\"twitter:data1\" content=\"1 minuto\" \/>\n<script type=\"application\/ld+json\" class=\"yoast-schema-graph\">{\"@context\":\"https:\/\/schema.org\",\"@graph\":[{\"@type\":\"WebPage\",\"@id\":\"https:\/\/fumot.uk\/product\/al-fakher-hypermax-15000-puffs-black-currant-ice\/\",\"url\":\"https:\/\/fumot.uk\/product\/al-fakher-hypermax-15000-puffs-black-currant-ice\/\",\"name\":\"AL FAKHER Hypermax 15000 Puffs-Black Currant Ice - Fumot Official Direct | Straight from the Factory, 100% Genuine\",\"isPartOf\":{\"@id\":\"https:\/\/fumot.uk\/#website\"},\"primaryImageOfPage\":{\"@id\":\"https:\/\/fumot.uk\/product\/al-fakher-hypermax-15000-puffs-black-currant-ice\/#primaryimage\"},\"image\":{\"@id\":\"https:\/\/fumot.uk\/product\/al-fakher-hypermax-15000-puffs-black-currant-ice\/#primaryimage\"},\"thumbnailUrl\":\"https:\/\/fumot.uk\/wp-content\/uploads\/2026\/01\/AL-FAKHER-Hypermax-15000-Puffs-Black-Currant-Ice-Disposable-Vape.png\",\"datePublished\":\"2026-01-21T04:20:47+00:00\",\"dateModified\":\"2026-01-21T04:23:13+00:00\",\"breadcrumb\":{\"@id\":\"https:\/\/fumot.uk\/product\/al-fakher-hypermax-15000-puffs-black-currant-ice\/#breadcrumb\"},\"inLanguage\":\"es\",\"potentialAction\":[{\"@type\":\"ReadAction\",\"target\":[\"https:\/\/fumot.uk\/product\/al-fakher-hypermax-15000-puffs-black-currant-ice\/\"]}]},{\"@type\":\"ImageObject\",\"inLanguage\":\"es\",\"@id\":\"https:\/\/fumot.uk\/product\/al-fakher-hypermax-15000-puffs-black-currant-ice\/#primaryimage\",\"url\":\"https:\/\/fumot.uk\/wp-content\/uploads\/2026\/01\/AL-FAKHER-Hypermax-15000-Puffs-Black-Currant-Ice-Disposable-Vape.png\",\"contentUrl\":\"https:\/\/fumot.uk\/wp-content\/uploads\/2026\/01\/AL-FAKHER-Hypermax-15000-Puffs-Black-Currant-Ice-Disposable-Vape.png\",\"width\":800,\"height\":800},{\"@type\":\"BreadcrumbList\",\"@id\":\"https:\/\/fumot.uk\/product\/al-fakher-hypermax-15000-puffs-black-currant-ice\/#breadcrumb\",\"itemListElement\":[{\"@type\":\"ListItem\",\"position\":1,\"name\":\"Home\",\"item\":\"https:\/\/fumot.uk\/\"},{\"@type\":\"ListItem\",\"position\":2,\"name\":\"Shop\",\"item\":\"https:\/\/fumot.uk\/shop\/\"},{\"@type\":\"ListItem\",\"position\":3,\"name\":\"AL FAKHER Hypermax 15000 Puffs-Black Currant Ice\"}]},{\"@type\":\"WebSite\",\"@id\":\"https:\/\/fumot.uk\/#website\",\"url\":\"https:\/\/fumot.uk\/\",\"name\":\"Fumot Official Direct | Straight from the Factory, 100% Genuine\",\"description\":\"Official Website\",\"publisher\":{\"@id\":\"https:\/\/fumot.uk\/#organization\"},\"potentialAction\":[{\"@type\":\"SearchAction\",\"target\":{\"@type\":\"EntryPoint\",\"urlTemplate\":\"https:\/\/fumot.uk\/?s={search_term_string}\"},\"query-input\":{\"@type\":\"PropertyValueSpecification\",\"valueRequired\":true,\"valueName\":\"search_term_string\"}}],\"inLanguage\":\"es\"},{\"@type\":\"Organization\",\"@id\":\"https:\/\/fumot.uk\/#organization\",\"name\":\"Fumot Official Direct | Straight from the Factory, 100% Genuine\",\"url\":\"https:\/\/fumot.uk\/\",\"logo\":{\"@type\":\"ImageObject\",\"inLanguage\":\"es\",\"@id\":\"https:\/\/fumot.uk\/#\/schema\/logo\/image\/\",\"url\":\"https:\/\/fumot.uk\/wp-content\/uploads\/2026\/01\/cropped-fumot-logo1.png\",\"contentUrl\":\"https:\/\/fumot.uk\/wp-content\/uploads\/2026\/01\/cropped-fumot-logo1.png\",\"width\":152,\"height\":106,\"caption\":\"Fumot Official Direct | Straight from the Factory, 100% Genuine\"},\"image\":{\"@id\":\"https:\/\/fumot.uk\/#\/schema\/logo\/image\/\"}}]}<\/script>\n<!-- \/ Yoast SEO plugin. -->","yoast_head_json":{"title":"AL FAKHER Hypermax 15000 Puffs-Black Currant Ice - Fumot Official Direct | Directo de la F\u00e1brica, 100% Original","robots":{"index":"index","follow":"follow","max-snippet":"max-snippet:-1","max-image-preview":"max-image-preview:large","max-video-preview":"max-video-preview:-1"},"canonical":"https:\/\/fumot.uk\/es\/product\/al-fakher-hypermax-15000-puffs-black-currant-ice\/","og_locale":"es_ES","og_type":"article","og_title":"AL FAKHER Hypermax 15000 Puffs-Black Currant Ice - Fumot Official Direct | Straight from the Factory, 100% Genuine","og_description":"Erleben Sie die AL FAKHER Hypermax 15000 Puffs, die wiederaufladbare E-Zigarette mit hoher Zugzahl. Sie ist mit 30 ml vorgef\u00fcllter 5% Nikotinl\u00f6sung ausgestattet, verf\u00fcgt \u00fcber einen integrierten 600mAh-Akku und bietet mit dem intelligenten Display und Mesh-Coil-Technologie ein kompaktes, effizientes und intensives Dampferlebnis mit feinem Dampf.","og_url":"https:\/\/fumot.uk\/es\/product\/al-fakher-hypermax-15000-puffs-black-currant-ice\/","og_site_name":"Fumot Official Direct | Straight from the Factory, 100% Genuine","article_modified_time":"2026-01-21T04:23:13+00:00","twitter_card":"summary_large_image","twitter_misc":{"Tiempo de lectura":"1 minuto"},"schema":{"@context":"https:\/\/schema.org","@graph":[{"@type":"WebPage","@id":"https:\/\/fumot.uk\/product\/al-fakher-hypermax-15000-puffs-black-currant-ice\/","url":"https:\/\/fumot.uk\/product\/al-fakher-hypermax-15000-puffs-black-currant-ice\/","name":"AL FAKHER Hypermax 15000 Puffs-Black Currant Ice - Fumot Official Direct | Directo de la F\u00e1brica, 100% Original","isPartOf":{"@id":"https:\/\/fumot.uk\/#website"},"primaryImageOfPage":{"@id":"https:\/\/fumot.uk\/product\/al-fakher-hypermax-15000-puffs-black-currant-ice\/#primaryimage"},"image":{"@id":"https:\/\/fumot.uk\/product\/al-fakher-hypermax-15000-puffs-black-currant-ice\/#primaryimage"},"thumbnailUrl":"https:\/\/fumot.uk\/wp-content\/uploads\/2026\/01\/AL-FAKHER-Hypermax-15000-Puffs-Black-Currant-Ice-Disposable-Vape.png","datePublished":"2026-01-21T04:20:47+00:00","dateModified":"2026-01-21T04:23:13+00:00","breadcrumb":{"@id":"https:\/\/fumot.uk\/product\/al-fakher-hypermax-15000-puffs-black-currant-ice\/#breadcrumb"},"inLanguage":"es","potentialAction":[{"@type":"ReadAction","target":["https:\/\/fumot.uk\/product\/al-fakher-hypermax-15000-puffs-black-currant-ice\/"]}]},{"@type":"ImageObject","inLanguage":"es","@id":"https:\/\/fumot.uk\/product\/al-fakher-hypermax-15000-puffs-black-currant-ice\/#primaryimage","url":"https:\/\/fumot.uk\/wp-content\/uploads\/2026\/01\/AL-FAKHER-Hypermax-15000-Puffs-Black-Currant-Ice-Disposable-Vape.png","contentUrl":"https:\/\/fumot.uk\/wp-content\/uploads\/2026\/01\/AL-FAKHER-Hypermax-15000-Puffs-Black-Currant-Ice-Disposable-Vape.png","width":800,"height":800},{"@type":"BreadcrumbList","@id":"https:\/\/fumot.uk\/product\/al-fakher-hypermax-15000-puffs-black-currant-ice\/#breadcrumb","itemListElement":[{"@type":"ListItem","position":1,"name":"Home","item":"https:\/\/fumot.uk\/"},{"@type":"ListItem","position":2,"name":"Shop","item":"https:\/\/fumot.uk\/shop\/"},{"@type":"ListItem","position":3,"name":"AL FAKHER Hypermax 15000 Puffs-Black Currant Ice"}]},{"@type":"WebSite","@id":"https:\/\/fumot.uk\/#website","url":"https:\/\/fumot.uk\/","name":"Fumot Official Direct | Directo desde la f\u00e1brica, 100% Original","description":"Sitio Oficial","publisher":{"@id":"https:\/\/fumot.uk\/#organization"},"potentialAction":[{"@type":"SearchAction","target":{"@type":"EntryPoint","urlTemplate":"https:\/\/fumot.uk\/?s={search_term_string}"},"query-input":{"@type":"PropertyValueSpecification","valueRequired":true,"valueName":"search_term_string"}}],"inLanguage":"es"},{"@type":"Organization","@id":"https:\/\/fumot.uk\/#organization","name":"Fumot Official Direct | Directo desde la f\u00e1brica, 100% Original","url":"https:\/\/fumot.uk\/","logo":{"@type":"ImageObject","inLanguage":"es","@id":"https:\/\/fumot.uk\/#\/schema\/logo\/image\/","url":"https:\/\/fumot.uk\/wp-content\/uploads\/2026\/01\/cropped-fumot-logo1.png","contentUrl":"https:\/\/fumot.uk\/wp-content\/uploads\/2026\/01\/cropped-fumot-logo1.png","width":152,"height":106,"caption":"Fumot Official Direct | Straight from the Factory, 100% Genuine"},"image":{"@id":"https:\/\/fumot.uk\/#\/schema\/logo\/image\/"}}]}},"_links":{"self":[{"href":"https:\/\/fumot.uk\/es\/wp-json\/wp\/v2\/product\/5998","targetHints":{"allow":["GET"]}}],"collection":[{"href":"https:\/\/fumot.uk\/es\/wp-json\/wp\/v2\/product"}],"about":[{"href":"https:\/\/fumot.uk\/es\/wp-json\/wp\/v2\/types\/product"}],"replies":[{"embeddable":true,"href":"https:\/\/fumot.uk\/es\/wp-json\/wp\/v2\/comments?post=5998"}],"wp:featuredmedia":[{"embeddable":true,"href":"https:\/\/fumot.uk\/es\/wp-json\/wp\/v2\/media\/6028"}],"wp:attachment":[{"href":"https:\/\/fumot.uk\/es\/wp-json\/wp\/v2\/media?parent=5998"}],"wp:term":[{"taxonomy":"product_brand","embeddable":true,"href":"https:\/\/fumot.uk\/es\/wp-json\/wp\/v2\/product_brand?post=5998"},{"taxonomy":"product_cat","embeddable":true,"href":"https:\/\/fumot.uk\/es\/wp-json\/wp\/v2\/product_cat?post=5998"},{"taxonomy":"product_tag","embeddable":true,"href":"https:\/\/fumot.uk\/es\/wp-json\/wp\/v2\/product_tag?post=5998"}],"curies":[{"name":"wp","href":"https:\/\/api.w.org\/{rel}","templated":true}]}}