{"id":4543,"date":"2026-01-21T04:11:18","date_gmt":"2026-01-21T04:11:18","guid":{"rendered":"https:\/\/fumot.uk\/?post_type=product&#038;p=4543"},"modified":"2026-01-21T06:20:16","modified_gmt":"2026-01-21T06:20:16","slug":"al-fakher-hypermax-15000-puffs-lemon-mint","status":"publish","type":"product","link":"https:\/\/fumot.uk\/es\/product\/al-fakher-hypermax-15000-puffs-lemon-mint\/","title":{"rendered":"AL FAKHER Hypermax 15000 Puffs Vape Desechable de Lim\u00f3n y Menta (30ml, 5% Nicotina, Recargable Tipo-C)"},"content":{"rendered":"<h2>AL FAKHER Hypermax 15000 Puffs \u2013 Lim\u00f3n Menta<\/h2>\n<p>Dale un giro limpio y fresco a tu vapeo diario con <strong>AL FAKHER Hypermax 15000 Puffs Lim\u00f3n Menta<\/strong>. Este sabor combina el <strong>brillo \u00e1cido del lim\u00f3n<\/strong> con un <strong>acabado de menta fresca<\/strong>\u2014ligeramente dulce, refrescantemente agudo e ideal cuando quieres algo fresco sin ser abrumador.<\/p>\n<h3>Perfil de Sabor: Lim\u00f3n + Menta<\/h3>\n<ul>\n<li><strong>Inhalaci\u00f3n:<\/strong> Lim\u00f3n burbujeante con un toque c\u00edtrico<\/li>\n<li><strong>Exhalaci\u00f3n:<\/strong> Relajante frescura de menta que se mantiene limpia y refrescante<\/li>\n<li><strong>En general:<\/strong> Un vapeo equilibrado de c\u00edtrico-menta para uso diario<\/li>\n<\/ul>\n<h3>Por Qu\u00e9 Te Gustar\u00e1 Hypermax 15000<\/h3>\n<p>Dise\u00f1ado para conveniencia y consistencia, el Hypermax ofrece una inhalaci\u00f3n constante y vapor satisfactorio desde la primera calada hasta la \u00faltima. El <strong>bobina de malla<\/strong> ayuda a resaltar el detalle en la mezcla de Lim\u00f3n Menta, mientras que el <strong>pantalla inteligente<\/strong> te mantiene informado de un vistazo.<\/p>\n<h3>Caracter\u00edsticas Clave<\/h3>\n<ul>\n<li>\u2705 <strong>Hasta 15000 caladas<\/strong><\/li>\n<li>\u2705 <strong>30ml<\/strong> e-l\u00edquido prellenado<\/li>\n<li>\u2705 <strong>5% nicotina<\/strong><\/li>\n<li>\u2705 <strong>600mAh recargable<\/strong> bater\u00eda<\/li>\n<li>\u2705 <strong>Type-C<\/strong> carga<\/li>\n<li>\u2705 <strong>Bobina de malla<\/strong> para una entrega de sabor m\u00e1s suave<\/li>\n<li>\u2705 <strong>Pantalla inteligente<\/strong> para un seguimiento de estado m\u00e1s claro<\/li>\n<li>\u2705 <strong>Directo al Pulm\u00f3n (DTL)<\/strong> estilo de calada<\/li>\n<li>\u2705 <strong>certificaci\u00f3n TPD<\/strong><\/li>\n<li>\u2705 <strong>20 sabores disponibles<\/strong><\/li>\n<\/ul>\n<h3>Selecciones Frescas en fumot.uk<\/h3>\n<p>\u00bfBuscas explorar m\u00e1s opciones c\u00edtricas? Navega por nuestra selecci\u00f3n de sabores en <a href=\"https:\/\/fumot.uk\/es\/\" target=\"_blank\" rel=\"noopener\">fumot.uk<\/a> y encuentra tu pr\u00f3ximo favorito.<\/p>\n<p><strong>Categor\u00eda:<\/strong> 15000 caladas \/ AL FAKHER Hypermax 15000 Puffs \/ Vape Desechable<\/p>","protected":false},"excerpt":{"rendered":"<p>AL FAKHER Hypermax 15000 Puffs Lemon Mint combina c\u00edtricos brillantes con un fresco toque de menta. L\u00edquido electr\u00f3nico prellenado de 30 ml con 5% de nicotina, bobina de malla, pantalla inteligente, recargable Tipo\u2011C de 600mAh.<\/p>","protected":false},"featured_media":4587,"comment_status":"open","ping_status":"closed","template":"","meta":[],"product_brand":[],"product_cat":[16,238,17],"product_tag":[239,71,240,72,24,25,61,26,62,199,204],"class_list":{"0":"post-4543","1":"product","2":"type-product","3":"status-publish","4":"has-post-thumbnail","6":"product_cat-15000-puff","7":"product_cat-al-fakher-hypermax-15000-puffs","8":"product_cat-vape","9":"product_tag-30-ml","10":"product_tag-5-nikotin","11":"product_tag-600-mah","12":"product_tag-direct-to-lung","13":"product_tag-lemon","14":"product_tag-mesh-coil","15":"product_tag-mint","16":"product_tag-rechargeable","17":"product_tag-sale-vape","18":"product_tag-smart-display","19":"product_tag-tpd-certification","21":"first","22":"instock","23":"sale","24":"shipping-taxable","25":"purchasable","26":"product-type-variable","27":"has-default-attributes"},"yoast_head":"<!-- This site is optimized with the Yoast SEO plugin v26.8 - https:\/\/yoast.com\/product\/yoast-seo-wordpress\/ -->\n<title>AL FAKHER Hypermax 15000 Lemon Mint | 30ml 5% Nic<\/title>\n<meta name=\"description\" content=\"AL FAKHER Hypermax 15000 Lemon Mint disposable vape: 30ml prefilled, 5% nicotine, mesh coil, smart display, 600mAh Type\u2011C rechargeable. Shop fumot.uk.\" \/>\n<meta name=\"robots\" content=\"index, follow, max-snippet:-1, max-image-preview:large, max-video-preview:-1\" \/>\n<link rel=\"canonical\" href=\"https:\/\/fumot.uk\/es\/product\/al-fakher-hypermax-15000-puffs-lemon-mint\/\" \/>\n<meta property=\"og:locale\" content=\"es_ES\" \/>\n<meta property=\"og:type\" content=\"article\" \/>\n<meta property=\"og:title\" content=\"AL FAKHER Hypermax 15000 Puffs \u2013 Lemon Mint\" \/>\n<meta property=\"og:description\" content=\"Zesty lemon meets cool mint in a smooth, refreshing vape. 30ml prefilled, 5% nicotine, mesh coil, smart display, 600mAh Type\u2011C rechargeable\u2014available on fumot.uk.\" \/>\n<meta property=\"og:url\" content=\"https:\/\/fumot.uk\/es\/product\/al-fakher-hypermax-15000-puffs-lemon-mint\/\" \/>\n<meta property=\"og:site_name\" content=\"Fumot Official Direct | Straight from the Factory, 100% Genuine\" \/>\n<meta property=\"article:modified_time\" content=\"2026-01-21T06:20:16+00:00\" \/>\n<meta property=\"og:image\" content=\"https:\/\/fumot.uk\/wp-content\/uploads\/2026\/01\/AL-FAKHER-Hypermax-15000-Puffs-Lemon-Mint-Disposable-Vape.png\" \/>\n\t<meta property=\"og:image:width\" content=\"800\" \/>\n\t<meta property=\"og:image:height\" content=\"800\" \/>\n\t<meta property=\"og:image:type\" content=\"image\/png\" \/>\n<meta name=\"twitter:card\" content=\"summary_large_image\" \/>\n<meta name=\"twitter:label1\" content=\"Tiempo de lectura\" \/>\n\t<meta name=\"twitter:data1\" content=\"1 minuto\" \/>\n<script type=\"application\/ld+json\" class=\"yoast-schema-graph\">{\"@context\":\"https:\/\/schema.org\",\"@graph\":[{\"@type\":\"WebPage\",\"@id\":\"https:\/\/fumot.uk\/product\/al-fakher-hypermax-15000-puffs-lemon-mint\/\",\"url\":\"https:\/\/fumot.uk\/product\/al-fakher-hypermax-15000-puffs-lemon-mint\/\",\"name\":\"AL FAKHER Hypermax 15000 Lemon Mint | 30ml 5% Nic\",\"isPartOf\":{\"@id\":\"https:\/\/fumot.uk\/#website\"},\"primaryImageOfPage\":{\"@id\":\"https:\/\/fumot.uk\/product\/al-fakher-hypermax-15000-puffs-lemon-mint\/#primaryimage\"},\"image\":{\"@id\":\"https:\/\/fumot.uk\/product\/al-fakher-hypermax-15000-puffs-lemon-mint\/#primaryimage\"},\"thumbnailUrl\":\"https:\/\/fumot.uk\/wp-content\/uploads\/2026\/01\/AL-FAKHER-Hypermax-15000-Puffs-Lemon-Mint-Disposable-Vape.png\",\"datePublished\":\"2026-01-21T04:11:18+00:00\",\"dateModified\":\"2026-01-21T06:20:16+00:00\",\"description\":\"AL FAKHER Hypermax 15000 Lemon Mint disposable vape: 30ml prefilled, 5% nicotine, mesh coil, smart display, 600mAh Type\u2011C rechargeable. Shop fumot.uk.\",\"breadcrumb\":{\"@id\":\"https:\/\/fumot.uk\/product\/al-fakher-hypermax-15000-puffs-lemon-mint\/#breadcrumb\"},\"inLanguage\":\"es\",\"potentialAction\":[{\"@type\":\"ReadAction\",\"target\":[\"https:\/\/fumot.uk\/product\/al-fakher-hypermax-15000-puffs-lemon-mint\/\"]}]},{\"@type\":\"ImageObject\",\"inLanguage\":\"es\",\"@id\":\"https:\/\/fumot.uk\/product\/al-fakher-hypermax-15000-puffs-lemon-mint\/#primaryimage\",\"url\":\"https:\/\/fumot.uk\/wp-content\/uploads\/2026\/01\/AL-FAKHER-Hypermax-15000-Puffs-Lemon-Mint-Disposable-Vape.png\",\"contentUrl\":\"https:\/\/fumot.uk\/wp-content\/uploads\/2026\/01\/AL-FAKHER-Hypermax-15000-Puffs-Lemon-Mint-Disposable-Vape.png\",\"width\":800,\"height\":800},{\"@type\":\"BreadcrumbList\",\"@id\":\"https:\/\/fumot.uk\/product\/al-fakher-hypermax-15000-puffs-lemon-mint\/#breadcrumb\",\"itemListElement\":[{\"@type\":\"ListItem\",\"position\":1,\"name\":\"Home\",\"item\":\"https:\/\/fumot.uk\/\"},{\"@type\":\"ListItem\",\"position\":2,\"name\":\"Shop\",\"item\":\"https:\/\/fumot.uk\/shop\/\"},{\"@type\":\"ListItem\",\"position\":3,\"name\":\"AL FAKHER Hypermax 15000 Puffs Lemon Mint Disposable Vape (30ml, 5% Nicotine, Rechargeable Type-C)\"}]},{\"@type\":\"WebSite\",\"@id\":\"https:\/\/fumot.uk\/#website\",\"url\":\"https:\/\/fumot.uk\/\",\"name\":\"Fumot Official Direct | Straight from the Factory, 100% Genuine\",\"description\":\"Official Website\",\"publisher\":{\"@id\":\"https:\/\/fumot.uk\/#organization\"},\"potentialAction\":[{\"@type\":\"SearchAction\",\"target\":{\"@type\":\"EntryPoint\",\"urlTemplate\":\"https:\/\/fumot.uk\/?s={search_term_string}\"},\"query-input\":{\"@type\":\"PropertyValueSpecification\",\"valueRequired\":true,\"valueName\":\"search_term_string\"}}],\"inLanguage\":\"es\"},{\"@type\":\"Organization\",\"@id\":\"https:\/\/fumot.uk\/#organization\",\"name\":\"Fumot Official Direct | Straight from the Factory, 100% Genuine\",\"url\":\"https:\/\/fumot.uk\/\",\"logo\":{\"@type\":\"ImageObject\",\"inLanguage\":\"es\",\"@id\":\"https:\/\/fumot.uk\/#\/schema\/logo\/image\/\",\"url\":\"https:\/\/fumot.uk\/wp-content\/uploads\/2026\/01\/cropped-fumot-logo1.png\",\"contentUrl\":\"https:\/\/fumot.uk\/wp-content\/uploads\/2026\/01\/cropped-fumot-logo1.png\",\"width\":152,\"height\":106,\"caption\":\"Fumot Official Direct | Straight from the Factory, 100% Genuine\"},\"image\":{\"@id\":\"https:\/\/fumot.uk\/#\/schema\/logo\/image\/\"}}]}<\/script>\n<!-- \/ Yoast SEO plugin. -->","yoast_head_json":{"title":"AL FAKHER Hypermax 15000 Lim\u00f3n Menta | 30ml 5% Nic","description":"AL FAKHER Hypermax 15000 Lemon Mint vape desechable: 30ml precargado, 5% nicotina, bobina de malla, pantalla inteligente, 600mAh Tipo\u2011C recargable. Compra en fumot.uk.","robots":{"index":"index","follow":"follow","max-snippet":"max-snippet:-1","max-image-preview":"max-image-preview:large","max-video-preview":"max-video-preview:-1"},"canonical":"https:\/\/fumot.uk\/es\/product\/al-fakher-hypermax-15000-puffs-lemon-mint\/","og_locale":"es_ES","og_type":"article","og_title":"AL FAKHER Hypermax 15000 Puffs \u2013 Lemon Mint","og_description":"Zesty lemon meets cool mint in a smooth, refreshing vape. 30ml prefilled, 5% nicotine, mesh coil, smart display, 600mAh Type\u2011C rechargeable\u2014available on fumot.uk.","og_url":"https:\/\/fumot.uk\/es\/product\/al-fakher-hypermax-15000-puffs-lemon-mint\/","og_site_name":"Fumot Official Direct | Straight from the Factory, 100% Genuine","article_modified_time":"2026-01-21T06:20:16+00:00","og_image":[{"width":800,"height":800,"url":"https:\/\/fumot.uk\/wp-content\/uploads\/2026\/01\/AL-FAKHER-Hypermax-15000-Puffs-Lemon-Mint-Disposable-Vape.png","type":"image\/png"}],"twitter_card":"summary_large_image","twitter_misc":{"Tiempo de lectura":"1 minuto"},"schema":{"@context":"https:\/\/schema.org","@graph":[{"@type":"WebPage","@id":"https:\/\/fumot.uk\/product\/al-fakher-hypermax-15000-puffs-lemon-mint\/","url":"https:\/\/fumot.uk\/product\/al-fakher-hypermax-15000-puffs-lemon-mint\/","name":"AL FAKHER Hypermax 15000 Lim\u00f3n Menta | 30ml 5% Nic","isPartOf":{"@id":"https:\/\/fumot.uk\/#website"},"primaryImageOfPage":{"@id":"https:\/\/fumot.uk\/product\/al-fakher-hypermax-15000-puffs-lemon-mint\/#primaryimage"},"image":{"@id":"https:\/\/fumot.uk\/product\/al-fakher-hypermax-15000-puffs-lemon-mint\/#primaryimage"},"thumbnailUrl":"https:\/\/fumot.uk\/wp-content\/uploads\/2026\/01\/AL-FAKHER-Hypermax-15000-Puffs-Lemon-Mint-Disposable-Vape.png","datePublished":"2026-01-21T04:11:18+00:00","dateModified":"2026-01-21T06:20:16+00:00","description":"AL FAKHER Hypermax 15000 Lemon Mint vape desechable: 30ml precargado, 5% nicotina, bobina de malla, pantalla inteligente, 600mAh Tipo\u2011C recargable. Compra en fumot.uk.","breadcrumb":{"@id":"https:\/\/fumot.uk\/product\/al-fakher-hypermax-15000-puffs-lemon-mint\/#breadcrumb"},"inLanguage":"es","potentialAction":[{"@type":"ReadAction","target":["https:\/\/fumot.uk\/product\/al-fakher-hypermax-15000-puffs-lemon-mint\/"]}]},{"@type":"ImageObject","inLanguage":"es","@id":"https:\/\/fumot.uk\/product\/al-fakher-hypermax-15000-puffs-lemon-mint\/#primaryimage","url":"https:\/\/fumot.uk\/wp-content\/uploads\/2026\/01\/AL-FAKHER-Hypermax-15000-Puffs-Lemon-Mint-Disposable-Vape.png","contentUrl":"https:\/\/fumot.uk\/wp-content\/uploads\/2026\/01\/AL-FAKHER-Hypermax-15000-Puffs-Lemon-Mint-Disposable-Vape.png","width":800,"height":800},{"@type":"BreadcrumbList","@id":"https:\/\/fumot.uk\/product\/al-fakher-hypermax-15000-puffs-lemon-mint\/#breadcrumb","itemListElement":[{"@type":"ListItem","position":1,"name":"Home","item":"https:\/\/fumot.uk\/"},{"@type":"ListItem","position":2,"name":"Shop","item":"https:\/\/fumot.uk\/shop\/"},{"@type":"ListItem","position":3,"name":"AL FAKHER Hypermax 15000 Puffs Lemon Mint Disposable Vape (30ml, 5% Nicotine, Rechargeable Type-C)"}]},{"@type":"WebSite","@id":"https:\/\/fumot.uk\/#website","url":"https:\/\/fumot.uk\/","name":"Fumot Official Direct | Directo desde la f\u00e1brica, 100% Original","description":"Sitio Oficial","publisher":{"@id":"https:\/\/fumot.uk\/#organization"},"potentialAction":[{"@type":"SearchAction","target":{"@type":"EntryPoint","urlTemplate":"https:\/\/fumot.uk\/?s={search_term_string}"},"query-input":{"@type":"PropertyValueSpecification","valueRequired":true,"valueName":"search_term_string"}}],"inLanguage":"es"},{"@type":"Organization","@id":"https:\/\/fumot.uk\/#organization","name":"Fumot Official Direct | Directo desde la f\u00e1brica, 100% Original","url":"https:\/\/fumot.uk\/","logo":{"@type":"ImageObject","inLanguage":"es","@id":"https:\/\/fumot.uk\/#\/schema\/logo\/image\/","url":"https:\/\/fumot.uk\/wp-content\/uploads\/2026\/01\/cropped-fumot-logo1.png","contentUrl":"https:\/\/fumot.uk\/wp-content\/uploads\/2026\/01\/cropped-fumot-logo1.png","width":152,"height":106,"caption":"Fumot Official Direct | Straight from the Factory, 100% Genuine"},"image":{"@id":"https:\/\/fumot.uk\/#\/schema\/logo\/image\/"}}]}},"_links":{"self":[{"href":"https:\/\/fumot.uk\/es\/wp-json\/wp\/v2\/product\/4543","targetHints":{"allow":["GET"]}}],"collection":[{"href":"https:\/\/fumot.uk\/es\/wp-json\/wp\/v2\/product"}],"about":[{"href":"https:\/\/fumot.uk\/es\/wp-json\/wp\/v2\/types\/product"}],"replies":[{"embeddable":true,"href":"https:\/\/fumot.uk\/es\/wp-json\/wp\/v2\/comments?post=4543"}],"wp:featuredmedia":[{"embeddable":true,"href":"https:\/\/fumot.uk\/es\/wp-json\/wp\/v2\/media\/4587"}],"wp:attachment":[{"href":"https:\/\/fumot.uk\/es\/wp-json\/wp\/v2\/media?parent=4543"}],"wp:term":[{"taxonomy":"product_brand","embeddable":true,"href":"https:\/\/fumot.uk\/es\/wp-json\/wp\/v2\/product_brand?post=4543"},{"taxonomy":"product_cat","embeddable":true,"href":"https:\/\/fumot.uk\/es\/wp-json\/wp\/v2\/product_cat?post=4543"},{"taxonomy":"product_tag","embeddable":true,"href":"https:\/\/fumot.uk\/es\/wp-json\/wp\/v2\/product_tag?post=4543"}],"curies":[{"name":"wp","href":"https:\/\/api.w.org\/{rel}","templated":true}]}}