{"id":4539,"date":"2026-01-21T04:11:17","date_gmt":"2026-01-21T04:11:17","guid":{"rendered":"https:\/\/fumot.uk\/?post_type=product&#038;p=4539"},"modified":"2026-01-21T06:21:07","modified_gmt":"2026-01-21T06:21:07","slug":"cherry-berry-jnr-ragegorilla-55000-puffs","status":"publish","type":"product","link":"https:\/\/fumot.uk\/es\/product\/cherry-berry-jnr-ragegorilla-55000-puffs\/","title":{"rendered":"Cherry Berry JNR RageGorilla 55000 Puffs Vape Desechable | Doble Malla, Pantalla Inteligente, 42ml"},"content":{"rendered":"<h2>Cherry Berry \u2013 JNR RageGorilla 55000 Puffs<\/h2>\n<p><strong>JNR RageGorilla 55000 Puffs<\/strong> ofrece un aspecto audaz y cristalino y una construcci\u00f3n de vape moderna y potente en un desechable f\u00e1cil de usar. Dise\u00f1ado con un cuerpo transparente \u201ccristal\u201d y bordes afilados, ofrece una identidad visual fuerte inspirada en el tema Gorilla\u2014limpio, resistente y distintivo.<\/p>\n<h3>Perfil de sabor Cherry Berry<\/h3>\n<p><strong>Cereza Baya<\/strong> mezcla notas de cereza madura y dulce con bayas mixtas brillantes para un vape de frutas equilibrado que se siente fresco en lugar de pesado. Cada calada es suave y consistente, terminando con un regusto afrutado persistente que lo convierte en una opci\u00f3n ideal para todo el d\u00eda para los fan\u00e1ticos de las mezclas dulces y \u00e1cidas.<\/p>\n<h3>Rendimiento que puedes sentir<\/h3>\n<p>En el interior, el <strong>Doble Bobina de Malla<\/strong> y <strong>sistema de calefacci\u00f3n de doble n\u00facleo<\/strong> est\u00e1n dise\u00f1ados para mantener el sabor completo y estable\u2014ayudando a que cada calada tenga un sabor estratificado y satisfactorio mientras se mantiene suave.<\/p>\n<h3>Caracter\u00edsticas Clave<\/h3>\n<ul>\n<li><strong>Hasta 55,000 caladas<\/strong><\/li>\n<li><strong>Capacidad de e-l\u00edquido de 42ml<\/strong><\/li>\n<li><strong>Bater\u00eda recargable de 950mAh<\/strong><\/li>\n<li><strong>Carga r\u00e1pida Tipo-C<\/strong><\/li>\n<li><strong>Pantalla Inteligente<\/strong> para ver el estado de un vistazo<\/li>\n<li><strong>Doble Bobina de Malla<\/strong> para un sabor rico y uniforme<\/li>\n<li><strong>Opciones de nicotina:<\/strong> 2% o 5%<\/li>\n<\/ul>\n<h3>Por qu\u00e9 comprar en fumot.uk<\/h3>\n<p>Explora m\u00e1s desechables de alta calada y la l\u00ednea completa de JNR en <a href=\"https:\/\/fumot.uk\/es\/\" target=\"_blank\" rel=\"noopener\">fumot.uk<\/a>, y encuentra tu pr\u00f3xima mezcla de frutas favorita con confianza.<\/p>\n<p><em>Nota: La cantidad de caladas puede variar seg\u00fan el estilo de uso.<\/em><\/p>","protected":false},"excerpt":{"rendered":"<p>Cherry Berry JNR RageGorilla 55000 Puffs vape desechable con cereza dulce + bayas \u00e1cidas. Bobina de malla dual, pantalla inteligente, 42ml de e-l\u00edquido, 950mAh Tipo\u2011C recargable. 2%\/5% nicotina.<\/p>","protected":false},"featured_media":4583,"comment_status":"open","ping_status":"closed","template":"","meta":[],"product_brand":[],"product_cat":[235,236,17],"product_tag":[70,237,71,197,41,49,36,113,72,73,26,199,28],"class_list":{"0":"post-4539","1":"product","2":"type-product","3":"status-publish","4":"has-post-thumbnail","6":"product_cat-55000-puff","7":"product_cat-jnr-ragegorilla-55000-puffs","8":"product_cat-vape","9":"product_tag-2-nikotin","10":"product_tag-42ml","11":"product_tag-5-nikotin","12":"product_tag-950mah","13":"product_tag-berry","14":"product_tag-bubblegum","15":"product_tag-cherry","16":"product_tag-crystal-vape","17":"product_tag-direct-to-lung","18":"product_tag-dual-mesh","19":"product_tag-rechargeable","20":"product_tag-smart-display","21":"product_tag-type-c","23":"first","24":"instock","25":"sale","26":"shipping-taxable","27":"purchasable","28":"product-type-variable","29":"has-default-attributes"},"yoast_head":"<!-- This site is optimized with the Yoast SEO plugin v26.8 - https:\/\/yoast.com\/product\/yoast-seo-wordpress\/ -->\n<title>Cherry Berry JNR RageGorilla 55000 Puffs Disposable Vape<\/title>\n<meta name=\"description\" content=\"Cherry Berry JNR RageGorilla 55000 Puffs: sweet cherry + bright berries. Dual Mesh Coil, Smart Display, 42ml e-liquid, 950mAh Type\u2011C rechargeable. 2%\/5%.\" \/>\n<meta name=\"robots\" content=\"index, follow, max-snippet:-1, max-image-preview:large, max-video-preview:-1\" \/>\n<link rel=\"canonical\" href=\"https:\/\/fumot.uk\/es\/product\/cherry-berry-jnr-ragegorilla-55000-puffs\/\" \/>\n<meta property=\"og:locale\" content=\"es_ES\" \/>\n<meta property=\"og:type\" content=\"article\" \/>\n<meta property=\"og:title\" content=\"Cherry Berry | JNR RageGorilla 55000 Puffs\" \/>\n<meta property=\"og:description\" content=\"A smooth sweet cherry and mixed berry blend with a crisp finish. Dual Mesh Coil, Smart Display, 42ml e-liquid, 950mAh Type\u2011C rechargeable. 2%\/5%.\" \/>\n<meta property=\"og:url\" content=\"https:\/\/fumot.uk\/es\/product\/cherry-berry-jnr-ragegorilla-55000-puffs\/\" \/>\n<meta property=\"og:site_name\" content=\"Fumot Official Direct | Straight from the Factory, 100% Genuine\" \/>\n<meta property=\"article:modified_time\" content=\"2026-01-21T06:21:07+00:00\" \/>\n<meta property=\"og:image\" content=\"https:\/\/fumot.uk\/wp-content\/uploads\/2026\/01\/JNR-RageGorilla-55000-Puffs-Cherry-Berry-disposable-e-cigarette.jpg\" \/>\n\t<meta property=\"og:image:width\" content=\"800\" \/>\n\t<meta property=\"og:image:height\" content=\"800\" \/>\n\t<meta property=\"og:image:type\" content=\"image\/jpeg\" \/>\n<meta name=\"twitter:card\" content=\"summary_large_image\" \/>\n<meta name=\"twitter:label1\" content=\"Tiempo de lectura\" \/>\n\t<meta name=\"twitter:data1\" content=\"1 minuto\" \/>\n<script type=\"application\/ld+json\" class=\"yoast-schema-graph\">{\"@context\":\"https:\/\/schema.org\",\"@graph\":[{\"@type\":\"WebPage\",\"@id\":\"https:\/\/fumot.uk\/product\/cherry-berry-jnr-ragegorilla-55000-puffs\/\",\"url\":\"https:\/\/fumot.uk\/product\/cherry-berry-jnr-ragegorilla-55000-puffs\/\",\"name\":\"Cherry Berry JNR RageGorilla 55000 Puffs Disposable Vape\",\"isPartOf\":{\"@id\":\"https:\/\/fumot.uk\/#website\"},\"primaryImageOfPage\":{\"@id\":\"https:\/\/fumot.uk\/product\/cherry-berry-jnr-ragegorilla-55000-puffs\/#primaryimage\"},\"image\":{\"@id\":\"https:\/\/fumot.uk\/product\/cherry-berry-jnr-ragegorilla-55000-puffs\/#primaryimage\"},\"thumbnailUrl\":\"https:\/\/fumot.uk\/wp-content\/uploads\/2026\/01\/JNR-RageGorilla-55000-Puffs-Cherry-Berry-disposable-e-cigarette.jpg\",\"datePublished\":\"2026-01-21T04:11:17+00:00\",\"dateModified\":\"2026-01-21T06:21:07+00:00\",\"description\":\"Cherry Berry JNR RageGorilla 55000 Puffs: sweet cherry + bright berries. Dual Mesh Coil, Smart Display, 42ml e-liquid, 950mAh Type\u2011C rechargeable. 2%\/5%.\",\"breadcrumb\":{\"@id\":\"https:\/\/fumot.uk\/product\/cherry-berry-jnr-ragegorilla-55000-puffs\/#breadcrumb\"},\"inLanguage\":\"es\",\"potentialAction\":[{\"@type\":\"ReadAction\",\"target\":[\"https:\/\/fumot.uk\/product\/cherry-berry-jnr-ragegorilla-55000-puffs\/\"]}]},{\"@type\":\"ImageObject\",\"inLanguage\":\"es\",\"@id\":\"https:\/\/fumot.uk\/product\/cherry-berry-jnr-ragegorilla-55000-puffs\/#primaryimage\",\"url\":\"https:\/\/fumot.uk\/wp-content\/uploads\/2026\/01\/JNR-RageGorilla-55000-Puffs-Cherry-Berry-disposable-e-cigarette.jpg\",\"contentUrl\":\"https:\/\/fumot.uk\/wp-content\/uploads\/2026\/01\/JNR-RageGorilla-55000-Puffs-Cherry-Berry-disposable-e-cigarette.jpg\",\"width\":800,\"height\":800},{\"@type\":\"BreadcrumbList\",\"@id\":\"https:\/\/fumot.uk\/product\/cherry-berry-jnr-ragegorilla-55000-puffs\/#breadcrumb\",\"itemListElement\":[{\"@type\":\"ListItem\",\"position\":1,\"name\":\"Home\",\"item\":\"https:\/\/fumot.uk\/\"},{\"@type\":\"ListItem\",\"position\":2,\"name\":\"Shop\",\"item\":\"https:\/\/fumot.uk\/shop\/\"},{\"@type\":\"ListItem\",\"position\":3,\"name\":\"Cherry Berry JNR RageGorilla 55000 Puffs Disposable Vape | Dual Mesh, Smart Display, 42ml\"}]},{\"@type\":\"WebSite\",\"@id\":\"https:\/\/fumot.uk\/#website\",\"url\":\"https:\/\/fumot.uk\/\",\"name\":\"Fumot Official Direct | Straight from the Factory, 100% Genuine\",\"description\":\"Official Website\",\"publisher\":{\"@id\":\"https:\/\/fumot.uk\/#organization\"},\"potentialAction\":[{\"@type\":\"SearchAction\",\"target\":{\"@type\":\"EntryPoint\",\"urlTemplate\":\"https:\/\/fumot.uk\/?s={search_term_string}\"},\"query-input\":{\"@type\":\"PropertyValueSpecification\",\"valueRequired\":true,\"valueName\":\"search_term_string\"}}],\"inLanguage\":\"es\"},{\"@type\":\"Organization\",\"@id\":\"https:\/\/fumot.uk\/#organization\",\"name\":\"Fumot Official Direct | Straight from the Factory, 100% Genuine\",\"url\":\"https:\/\/fumot.uk\/\",\"logo\":{\"@type\":\"ImageObject\",\"inLanguage\":\"es\",\"@id\":\"https:\/\/fumot.uk\/#\/schema\/logo\/image\/\",\"url\":\"https:\/\/fumot.uk\/wp-content\/uploads\/2026\/01\/cropped-fumot-logo1.png\",\"contentUrl\":\"https:\/\/fumot.uk\/wp-content\/uploads\/2026\/01\/cropped-fumot-logo1.png\",\"width\":152,\"height\":106,\"caption\":\"Fumot Official Direct | Straight from the Factory, 100% Genuine\"},\"image\":{\"@id\":\"https:\/\/fumot.uk\/#\/schema\/logo\/image\/\"}}]}<\/script>\n<!-- \/ Yoast SEO plugin. -->","yoast_head_json":{"title":"Cherry Berry JNR RageGorilla 55000 Puffs Vape Desechable","description":"Cherry Berry JNR RageGorilla 55000 Puffs: cereza dulce + bayas brillantes. Bobina de malla dual, pantalla inteligente, 42ml de e-l\u00edquido, 950mAh recargable Tipo\u2011C. 2%\/5%.","robots":{"index":"index","follow":"follow","max-snippet":"max-snippet:-1","max-image-preview":"max-image-preview:large","max-video-preview":"max-video-preview:-1"},"canonical":"https:\/\/fumot.uk\/es\/product\/cherry-berry-jnr-ragegorilla-55000-puffs\/","og_locale":"es_ES","og_type":"article","og_title":"Cherry Berry | JNR RageGorilla 55000 Puffs","og_description":"A smooth sweet cherry and mixed berry blend with a crisp finish. Dual Mesh Coil, Smart Display, 42ml e-liquid, 950mAh Type\u2011C rechargeable. 2%\/5%.","og_url":"https:\/\/fumot.uk\/es\/product\/cherry-berry-jnr-ragegorilla-55000-puffs\/","og_site_name":"Fumot Official Direct | Straight from the Factory, 100% Genuine","article_modified_time":"2026-01-21T06:21:07+00:00","og_image":[{"width":800,"height":800,"url":"https:\/\/fumot.uk\/wp-content\/uploads\/2026\/01\/JNR-RageGorilla-55000-Puffs-Cherry-Berry-disposable-e-cigarette.jpg","type":"image\/jpeg"}],"twitter_card":"summary_large_image","twitter_misc":{"Tiempo de lectura":"1 minuto"},"schema":{"@context":"https:\/\/schema.org","@graph":[{"@type":"WebPage","@id":"https:\/\/fumot.uk\/product\/cherry-berry-jnr-ragegorilla-55000-puffs\/","url":"https:\/\/fumot.uk\/product\/cherry-berry-jnr-ragegorilla-55000-puffs\/","name":"Cherry Berry JNR RageGorilla 55000 Puffs Vape Desechable","isPartOf":{"@id":"https:\/\/fumot.uk\/#website"},"primaryImageOfPage":{"@id":"https:\/\/fumot.uk\/product\/cherry-berry-jnr-ragegorilla-55000-puffs\/#primaryimage"},"image":{"@id":"https:\/\/fumot.uk\/product\/cherry-berry-jnr-ragegorilla-55000-puffs\/#primaryimage"},"thumbnailUrl":"https:\/\/fumot.uk\/wp-content\/uploads\/2026\/01\/JNR-RageGorilla-55000-Puffs-Cherry-Berry-disposable-e-cigarette.jpg","datePublished":"2026-01-21T04:11:17+00:00","dateModified":"2026-01-21T06:21:07+00:00","description":"Cherry Berry JNR RageGorilla 55000 Puffs: cereza dulce + bayas brillantes. Bobina de malla dual, pantalla inteligente, 42ml de e-l\u00edquido, 950mAh recargable Tipo\u2011C. 2%\/5%.","breadcrumb":{"@id":"https:\/\/fumot.uk\/product\/cherry-berry-jnr-ragegorilla-55000-puffs\/#breadcrumb"},"inLanguage":"es","potentialAction":[{"@type":"ReadAction","target":["https:\/\/fumot.uk\/product\/cherry-berry-jnr-ragegorilla-55000-puffs\/"]}]},{"@type":"ImageObject","inLanguage":"es","@id":"https:\/\/fumot.uk\/product\/cherry-berry-jnr-ragegorilla-55000-puffs\/#primaryimage","url":"https:\/\/fumot.uk\/wp-content\/uploads\/2026\/01\/JNR-RageGorilla-55000-Puffs-Cherry-Berry-disposable-e-cigarette.jpg","contentUrl":"https:\/\/fumot.uk\/wp-content\/uploads\/2026\/01\/JNR-RageGorilla-55000-Puffs-Cherry-Berry-disposable-e-cigarette.jpg","width":800,"height":800},{"@type":"BreadcrumbList","@id":"https:\/\/fumot.uk\/product\/cherry-berry-jnr-ragegorilla-55000-puffs\/#breadcrumb","itemListElement":[{"@type":"ListItem","position":1,"name":"Home","item":"https:\/\/fumot.uk\/"},{"@type":"ListItem","position":2,"name":"Shop","item":"https:\/\/fumot.uk\/shop\/"},{"@type":"ListItem","position":3,"name":"Cherry Berry JNR RageGorilla 55000 Puffs Disposable Vape | Dual Mesh, Smart Display, 42ml"}]},{"@type":"WebSite","@id":"https:\/\/fumot.uk\/#website","url":"https:\/\/fumot.uk\/","name":"Fumot Official Direct | Directo desde la f\u00e1brica, 100% Original","description":"Sitio Oficial","publisher":{"@id":"https:\/\/fumot.uk\/#organization"},"potentialAction":[{"@type":"SearchAction","target":{"@type":"EntryPoint","urlTemplate":"https:\/\/fumot.uk\/?s={search_term_string}"},"query-input":{"@type":"PropertyValueSpecification","valueRequired":true,"valueName":"search_term_string"}}],"inLanguage":"es"},{"@type":"Organization","@id":"https:\/\/fumot.uk\/#organization","name":"Fumot Official Direct | Directo desde la f\u00e1brica, 100% Original","url":"https:\/\/fumot.uk\/","logo":{"@type":"ImageObject","inLanguage":"es","@id":"https:\/\/fumot.uk\/#\/schema\/logo\/image\/","url":"https:\/\/fumot.uk\/wp-content\/uploads\/2026\/01\/cropped-fumot-logo1.png","contentUrl":"https:\/\/fumot.uk\/wp-content\/uploads\/2026\/01\/cropped-fumot-logo1.png","width":152,"height":106,"caption":"Fumot Official Direct | Straight from the Factory, 100% Genuine"},"image":{"@id":"https:\/\/fumot.uk\/#\/schema\/logo\/image\/"}}]}},"_links":{"self":[{"href":"https:\/\/fumot.uk\/es\/wp-json\/wp\/v2\/product\/4539","targetHints":{"allow":["GET"]}}],"collection":[{"href":"https:\/\/fumot.uk\/es\/wp-json\/wp\/v2\/product"}],"about":[{"href":"https:\/\/fumot.uk\/es\/wp-json\/wp\/v2\/types\/product"}],"replies":[{"embeddable":true,"href":"https:\/\/fumot.uk\/es\/wp-json\/wp\/v2\/comments?post=4539"}],"wp:featuredmedia":[{"embeddable":true,"href":"https:\/\/fumot.uk\/es\/wp-json\/wp\/v2\/media\/4583"}],"wp:attachment":[{"href":"https:\/\/fumot.uk\/es\/wp-json\/wp\/v2\/media?parent=4539"}],"wp:term":[{"taxonomy":"product_brand","embeddable":true,"href":"https:\/\/fumot.uk\/es\/wp-json\/wp\/v2\/product_brand?post=4539"},{"taxonomy":"product_cat","embeddable":true,"href":"https:\/\/fumot.uk\/es\/wp-json\/wp\/v2\/product_cat?post=4539"},{"taxonomy":"product_tag","embeddable":true,"href":"https:\/\/fumot.uk\/es\/wp-json\/wp\/v2\/product_tag?post=4539"}],"curies":[{"name":"wp","href":"https:\/\/api.w.org\/{rel}","templated":true}]}}