{"id":4534,"date":"2026-01-21T04:11:16","date_gmt":"2026-01-21T04:11:16","guid":{"rendered":"https:\/\/fumot.uk\/?post_type=product&#038;p=4534"},"modified":"2026-01-21T06:25:48","modified_gmt":"2026-01-21T06:25:48","slug":"peach-mango-watermelon-jnr-ragegorilla-55000-puffs","status":"publish","type":"product","link":"https:\/\/fumot.uk\/es\/product\/peach-mango-watermelon-jnr-ragegorilla-55000-puffs\/","title":{"rendered":"JNR RageGorilla 55000 Puffs Peach Mango Watermelon \u2013 Doble Malla, Pantalla Inteligente, Recargable Tipo\u2011C"},"content":{"rendered":"<h2>Melocot\u00f3n Mango Sand\u00eda \u2013 JNR RageGorilla 55000 Puffs<\/h2>\n<p>Dale un giro soleado y afrutado a tu d\u00eda con la <strong>JNR RageGorilla 55000 Puffs<\/strong> in <strong>Mango Sand\u00eda Durazno<\/strong>. Este sabor mezcla <strong>dulzura suave de melocot\u00f3n<\/strong>, <strong>profundidad del mango maduro<\/strong>, y un <strong>acabado limpio de sand\u00eda<\/strong> para un vapeo suave y refrescante que se mantiene vivo desde la primera calada hasta la \u00faltima.<\/p>\n<h3>Perfil de Sabor<\/h3>\n<ul>\n<li><strong>Melocot\u00f3n:<\/strong> dulzura suave y jugosa<\/li>\n<li><strong>Mango:<\/strong> cuerpo tropical audaz<\/li>\n<li><strong>Sand\u00eda:<\/strong> impulso fresco y refrescante que lo mantiene ligero<\/li>\n<\/ul>\n<p>El resultado es una mezcla de frutas equilibrada y amigable para todos los d\u00edas: dulce sin sentirse pesada, brillante sin ser aguda.<\/p>\n<h3>Construido para un Rendimiento Consistente y Suave<\/h3>\n<p>RageGorilla <strong>Doble Bobina de Malla<\/strong> con un <strong>sistema de calefacci\u00f3n de doble n\u00facleo<\/strong> est\u00e1 dise\u00f1ado para ofrecer vapor estable y una definici\u00f3n de sabor limpia. La calada se siente c\u00f3modamente suave, lo que lo convierte en una gran opci\u00f3n para los amantes de las frutas que desean un sabor en capas con una inhalaci\u00f3n f\u00e1cil.<\/p>\n<h3>Caracter\u00edsticas Clave<\/h3>\n<ul>\n<li><strong>Caladas Aproximadas:<\/strong> 55,000<\/li>\n<li><strong>Capacidad de E\u2011L\u00edquido:<\/strong> 42ml<\/li>\n<li><strong>Fuerza de Nicotina:<\/strong> 2% o 5% (selecciona tu opci\u00f3n)<\/li>\n<li><strong>Bater\u00eda:<\/strong> 950mAh (recargable)<\/li>\n<li><strong>Carga:<\/strong> carga r\u00e1pida Type\u2011C<\/li>\n<li><strong>Bobina:<\/strong> Doble Bobina de Malla<\/li>\n<li><strong>Pantalla:<\/strong> Pantalla Inteligente<\/li>\n<\/ul>\n<h3>Por Qu\u00e9 Melocot\u00f3n Mango Sand\u00eda Funciona Tan Bien<\/h3>\n<p>Este tr\u00edo se trata de contraste y armon\u00eda: el melocot\u00f3n a\u00f1ade suavidad, el mango aporta riqueza y la sand\u00eda mantiene el acabado limpio y refrescante, ideal cuando quieres un vapeo afrutado que a\u00fan se sienta ligero y crujiente.<\/p>\n<p><strong>Explora m\u00e1s sabores y las \u00faltimas novedades en<\/strong> <a href=\"https:\/\/fumot.uk\/es\/\">fumot.uk<\/a>.<\/p>","protected":false},"excerpt":{"rendered":"<p>Melocot\u00f3n Jugoso Mango Sand\u00eda en el JNR RageGorilla 55000 Puffs\u2014Bobina de Malla Dual, Pantalla Inteligente, 42ml de e\u2011l\u00edquido, 950mAh Tipo\u2011C recargable. Nicotina: 2% o 5%.<\/p>","protected":false},"featured_media":4578,"comment_status":"open","ping_status":"closed","template":"","meta":[],"product_brand":[],"product_cat":[235,236,17],"product_tag":[70,237,71,197,113,72,73,42,30,26,199,28,32],"class_list":{"0":"post-4534","1":"product","2":"type-product","3":"status-publish","4":"has-post-thumbnail","6":"product_cat-55000-puff","7":"product_cat-jnr-ragegorilla-55000-puffs","8":"product_cat-vape","9":"product_tag-2-nikotin","10":"product_tag-42ml","11":"product_tag-5-nikotin","12":"product_tag-950mah","13":"product_tag-crystal-vape","14":"product_tag-direct-to-lung","15":"product_tag-dual-mesh","16":"product_tag-mango","17":"product_tag-peach","18":"product_tag-rechargeable","19":"product_tag-smart-display","20":"product_tag-type-c","21":"product_tag-watermelon","23":"first","24":"instock","25":"sale","26":"shipping-taxable","27":"purchasable","28":"product-type-variable","29":"has-default-attributes"},"yoast_head":"<!-- This site is optimized with the Yoast SEO plugin v26.8 - https:\/\/yoast.com\/product\/yoast-seo-wordpress\/ -->\n<title>JNR RageGorilla 55000 Peach Mango Watermelon<\/title>\n<meta name=\"description\" content=\"Peach Mango Watermelon JNR RageGorilla 55000 Puffs: Dual Mesh Coil, Smart Display, 42ml, 950mAh Type\u2011C rechargeable. 2% or 5% nicotine.\" \/>\n<meta name=\"robots\" content=\"index, follow, max-snippet:-1, max-image-preview:large, max-video-preview:-1\" \/>\n<link rel=\"canonical\" href=\"https:\/\/fumot.uk\/es\/product\/peach-mango-watermelon-jnr-ragegorilla-55000-puffs\/\" \/>\n<meta property=\"og:locale\" content=\"es_ES\" \/>\n<meta property=\"og:type\" content=\"article\" \/>\n<meta property=\"og:title\" content=\"Peach Mango Watermelon \u2013 JNR RageGorilla 55000 Puffs\" \/>\n<meta property=\"og:description\" content=\"A smooth, refreshing fruit blend of peach, mango and watermelon. Dual Mesh Coil, Smart Display, 42ml, 950mAh Type\u2011C rechargeable. 2%\/5% nicotine.\" \/>\n<meta property=\"og:url\" content=\"https:\/\/fumot.uk\/es\/product\/peach-mango-watermelon-jnr-ragegorilla-55000-puffs\/\" \/>\n<meta property=\"og:site_name\" content=\"Fumot Official Direct | Straight from the Factory, 100% Genuine\" \/>\n<meta property=\"article:modified_time\" content=\"2026-01-21T06:25:48+00:00\" \/>\n<meta property=\"og:image\" content=\"https:\/\/fumot.uk\/wp-content\/uploads\/2026\/01\/JNR-RageGorilla-55000-Puffs-Peach-Mango-Watermelon-disposable-e-cigarette.jpg\" \/>\n\t<meta property=\"og:image:width\" content=\"800\" \/>\n\t<meta property=\"og:image:height\" content=\"800\" \/>\n\t<meta property=\"og:image:type\" content=\"image\/jpeg\" \/>\n<meta name=\"twitter:card\" content=\"summary_large_image\" \/>\n<meta name=\"twitter:label1\" content=\"Tiempo de lectura\" \/>\n\t<meta name=\"twitter:data1\" content=\"1 minuto\" \/>\n<script type=\"application\/ld+json\" class=\"yoast-schema-graph\">{\"@context\":\"https:\/\/schema.org\",\"@graph\":[{\"@type\":\"WebPage\",\"@id\":\"https:\/\/fumot.uk\/product\/peach-mango-watermelon-jnr-ragegorilla-55000-puffs\/\",\"url\":\"https:\/\/fumot.uk\/product\/peach-mango-watermelon-jnr-ragegorilla-55000-puffs\/\",\"name\":\"JNR RageGorilla 55000 Peach Mango Watermelon\",\"isPartOf\":{\"@id\":\"https:\/\/fumot.uk\/#website\"},\"primaryImageOfPage\":{\"@id\":\"https:\/\/fumot.uk\/product\/peach-mango-watermelon-jnr-ragegorilla-55000-puffs\/#primaryimage\"},\"image\":{\"@id\":\"https:\/\/fumot.uk\/product\/peach-mango-watermelon-jnr-ragegorilla-55000-puffs\/#primaryimage\"},\"thumbnailUrl\":\"https:\/\/fumot.uk\/wp-content\/uploads\/2026\/01\/JNR-RageGorilla-55000-Puffs-Peach-Mango-Watermelon-disposable-e-cigarette.jpg\",\"datePublished\":\"2026-01-21T04:11:16+00:00\",\"dateModified\":\"2026-01-21T06:25:48+00:00\",\"description\":\"Peach Mango Watermelon JNR RageGorilla 55000 Puffs: Dual Mesh Coil, Smart Display, 42ml, 950mAh Type\u2011C rechargeable. 2% or 5% nicotine.\",\"breadcrumb\":{\"@id\":\"https:\/\/fumot.uk\/product\/peach-mango-watermelon-jnr-ragegorilla-55000-puffs\/#breadcrumb\"},\"inLanguage\":\"es\",\"potentialAction\":[{\"@type\":\"ReadAction\",\"target\":[\"https:\/\/fumot.uk\/product\/peach-mango-watermelon-jnr-ragegorilla-55000-puffs\/\"]}]},{\"@type\":\"ImageObject\",\"inLanguage\":\"es\",\"@id\":\"https:\/\/fumot.uk\/product\/peach-mango-watermelon-jnr-ragegorilla-55000-puffs\/#primaryimage\",\"url\":\"https:\/\/fumot.uk\/wp-content\/uploads\/2026\/01\/JNR-RageGorilla-55000-Puffs-Peach-Mango-Watermelon-disposable-e-cigarette.jpg\",\"contentUrl\":\"https:\/\/fumot.uk\/wp-content\/uploads\/2026\/01\/JNR-RageGorilla-55000-Puffs-Peach-Mango-Watermelon-disposable-e-cigarette.jpg\",\"width\":800,\"height\":800},{\"@type\":\"BreadcrumbList\",\"@id\":\"https:\/\/fumot.uk\/product\/peach-mango-watermelon-jnr-ragegorilla-55000-puffs\/#breadcrumb\",\"itemListElement\":[{\"@type\":\"ListItem\",\"position\":1,\"name\":\"Home\",\"item\":\"https:\/\/fumot.uk\/\"},{\"@type\":\"ListItem\",\"position\":2,\"name\":\"Shop\",\"item\":\"https:\/\/fumot.uk\/shop\/\"},{\"@type\":\"ListItem\",\"position\":3,\"name\":\"JNR RageGorilla 55000 Puffs Peach Mango Watermelon \u2013 Dual Mesh, Smart Display, Type\u2011C Rechargeable\"}]},{\"@type\":\"WebSite\",\"@id\":\"https:\/\/fumot.uk\/#website\",\"url\":\"https:\/\/fumot.uk\/\",\"name\":\"Fumot Official Direct | Straight from the Factory, 100% Genuine\",\"description\":\"Official Website\",\"publisher\":{\"@id\":\"https:\/\/fumot.uk\/#organization\"},\"potentialAction\":[{\"@type\":\"SearchAction\",\"target\":{\"@type\":\"EntryPoint\",\"urlTemplate\":\"https:\/\/fumot.uk\/?s={search_term_string}\"},\"query-input\":{\"@type\":\"PropertyValueSpecification\",\"valueRequired\":true,\"valueName\":\"search_term_string\"}}],\"inLanguage\":\"es\"},{\"@type\":\"Organization\",\"@id\":\"https:\/\/fumot.uk\/#organization\",\"name\":\"Fumot Official Direct | Straight from the Factory, 100% Genuine\",\"url\":\"https:\/\/fumot.uk\/\",\"logo\":{\"@type\":\"ImageObject\",\"inLanguage\":\"es\",\"@id\":\"https:\/\/fumot.uk\/#\/schema\/logo\/image\/\",\"url\":\"https:\/\/fumot.uk\/wp-content\/uploads\/2026\/01\/cropped-fumot-logo1.png\",\"contentUrl\":\"https:\/\/fumot.uk\/wp-content\/uploads\/2026\/01\/cropped-fumot-logo1.png\",\"width\":152,\"height\":106,\"caption\":\"Fumot Official Direct | Straight from the Factory, 100% Genuine\"},\"image\":{\"@id\":\"https:\/\/fumot.uk\/#\/schema\/logo\/image\/\"}}]}<\/script>\n<!-- \/ Yoast SEO plugin. -->","yoast_head_json":{"title":"JNR RageGorilla 55000 Melocot\u00f3n Mango Sand\u00eda","description":"Melocot\u00f3n Mango Sand\u00eda JNR RageGorilla 55000 Caladas: Bobina de Malla Dual, Pantalla Inteligente, 42ml, 950mAh Tipo\u2011C recargable. 2% o 5% nicotina.","robots":{"index":"index","follow":"follow","max-snippet":"max-snippet:-1","max-image-preview":"max-image-preview:large","max-video-preview":"max-video-preview:-1"},"canonical":"https:\/\/fumot.uk\/es\/product\/peach-mango-watermelon-jnr-ragegorilla-55000-puffs\/","og_locale":"es_ES","og_type":"article","og_title":"Peach Mango Watermelon \u2013 JNR RageGorilla 55000 Puffs","og_description":"A smooth, refreshing fruit blend of peach, mango and watermelon. Dual Mesh Coil, Smart Display, 42ml, 950mAh Type\u2011C rechargeable. 2%\/5% nicotine.","og_url":"https:\/\/fumot.uk\/es\/product\/peach-mango-watermelon-jnr-ragegorilla-55000-puffs\/","og_site_name":"Fumot Official Direct | Straight from the Factory, 100% Genuine","article_modified_time":"2026-01-21T06:25:48+00:00","og_image":[{"width":800,"height":800,"url":"https:\/\/fumot.uk\/wp-content\/uploads\/2026\/01\/JNR-RageGorilla-55000-Puffs-Peach-Mango-Watermelon-disposable-e-cigarette.jpg","type":"image\/jpeg"}],"twitter_card":"summary_large_image","twitter_misc":{"Tiempo de lectura":"1 minuto"},"schema":{"@context":"https:\/\/schema.org","@graph":[{"@type":"WebPage","@id":"https:\/\/fumot.uk\/product\/peach-mango-watermelon-jnr-ragegorilla-55000-puffs\/","url":"https:\/\/fumot.uk\/product\/peach-mango-watermelon-jnr-ragegorilla-55000-puffs\/","name":"JNR RageGorilla 55000 Melocot\u00f3n Mango Sand\u00eda","isPartOf":{"@id":"https:\/\/fumot.uk\/#website"},"primaryImageOfPage":{"@id":"https:\/\/fumot.uk\/product\/peach-mango-watermelon-jnr-ragegorilla-55000-puffs\/#primaryimage"},"image":{"@id":"https:\/\/fumot.uk\/product\/peach-mango-watermelon-jnr-ragegorilla-55000-puffs\/#primaryimage"},"thumbnailUrl":"https:\/\/fumot.uk\/wp-content\/uploads\/2026\/01\/JNR-RageGorilla-55000-Puffs-Peach-Mango-Watermelon-disposable-e-cigarette.jpg","datePublished":"2026-01-21T04:11:16+00:00","dateModified":"2026-01-21T06:25:48+00:00","description":"Melocot\u00f3n Mango Sand\u00eda JNR RageGorilla 55000 Caladas: Bobina de Malla Dual, Pantalla Inteligente, 42ml, 950mAh Tipo\u2011C recargable. 2% o 5% nicotina.","breadcrumb":{"@id":"https:\/\/fumot.uk\/product\/peach-mango-watermelon-jnr-ragegorilla-55000-puffs\/#breadcrumb"},"inLanguage":"es","potentialAction":[{"@type":"ReadAction","target":["https:\/\/fumot.uk\/product\/peach-mango-watermelon-jnr-ragegorilla-55000-puffs\/"]}]},{"@type":"ImageObject","inLanguage":"es","@id":"https:\/\/fumot.uk\/product\/peach-mango-watermelon-jnr-ragegorilla-55000-puffs\/#primaryimage","url":"https:\/\/fumot.uk\/wp-content\/uploads\/2026\/01\/JNR-RageGorilla-55000-Puffs-Peach-Mango-Watermelon-disposable-e-cigarette.jpg","contentUrl":"https:\/\/fumot.uk\/wp-content\/uploads\/2026\/01\/JNR-RageGorilla-55000-Puffs-Peach-Mango-Watermelon-disposable-e-cigarette.jpg","width":800,"height":800},{"@type":"BreadcrumbList","@id":"https:\/\/fumot.uk\/product\/peach-mango-watermelon-jnr-ragegorilla-55000-puffs\/#breadcrumb","itemListElement":[{"@type":"ListItem","position":1,"name":"Home","item":"https:\/\/fumot.uk\/"},{"@type":"ListItem","position":2,"name":"Shop","item":"https:\/\/fumot.uk\/shop\/"},{"@type":"ListItem","position":3,"name":"JNR RageGorilla 55000 Puffs Peach Mango Watermelon \u2013 Dual Mesh, Smart Display, Type\u2011C Rechargeable"}]},{"@type":"WebSite","@id":"https:\/\/fumot.uk\/#website","url":"https:\/\/fumot.uk\/","name":"Fumot Official Direct | Directo desde la f\u00e1brica, 100% Original","description":"Sitio Oficial","publisher":{"@id":"https:\/\/fumot.uk\/#organization"},"potentialAction":[{"@type":"SearchAction","target":{"@type":"EntryPoint","urlTemplate":"https:\/\/fumot.uk\/?s={search_term_string}"},"query-input":{"@type":"PropertyValueSpecification","valueRequired":true,"valueName":"search_term_string"}}],"inLanguage":"es"},{"@type":"Organization","@id":"https:\/\/fumot.uk\/#organization","name":"Fumot Official Direct | Directo desde la f\u00e1brica, 100% Original","url":"https:\/\/fumot.uk\/","logo":{"@type":"ImageObject","inLanguage":"es","@id":"https:\/\/fumot.uk\/#\/schema\/logo\/image\/","url":"https:\/\/fumot.uk\/wp-content\/uploads\/2026\/01\/cropped-fumot-logo1.png","contentUrl":"https:\/\/fumot.uk\/wp-content\/uploads\/2026\/01\/cropped-fumot-logo1.png","width":152,"height":106,"caption":"Fumot Official Direct | Straight from the Factory, 100% Genuine"},"image":{"@id":"https:\/\/fumot.uk\/#\/schema\/logo\/image\/"}}]}},"_links":{"self":[{"href":"https:\/\/fumot.uk\/es\/wp-json\/wp\/v2\/product\/4534","targetHints":{"allow":["GET"]}}],"collection":[{"href":"https:\/\/fumot.uk\/es\/wp-json\/wp\/v2\/product"}],"about":[{"href":"https:\/\/fumot.uk\/es\/wp-json\/wp\/v2\/types\/product"}],"replies":[{"embeddable":true,"href":"https:\/\/fumot.uk\/es\/wp-json\/wp\/v2\/comments?post=4534"}],"wp:featuredmedia":[{"embeddable":true,"href":"https:\/\/fumot.uk\/es\/wp-json\/wp\/v2\/media\/4578"}],"wp:attachment":[{"href":"https:\/\/fumot.uk\/es\/wp-json\/wp\/v2\/media?parent=4534"}],"wp:term":[{"taxonomy":"product_brand","embeddable":true,"href":"https:\/\/fumot.uk\/es\/wp-json\/wp\/v2\/product_brand?post=4534"},{"taxonomy":"product_cat","embeddable":true,"href":"https:\/\/fumot.uk\/es\/wp-json\/wp\/v2\/product_cat?post=4534"},{"taxonomy":"product_tag","embeddable":true,"href":"https:\/\/fumot.uk\/es\/wp-json\/wp\/v2\/product_tag?post=4534"}],"curies":[{"name":"wp","href":"https:\/\/api.w.org\/{rel}","templated":true}]}}