{"id":4533,"date":"2026-01-21T04:11:16","date_gmt":"2026-01-21T04:11:16","guid":{"rendered":"https:\/\/fumot.uk\/?post_type=product&#038;p=4533"},"modified":"2026-01-21T06:25:03","modified_gmt":"2026-01-21T06:25:03","slug":"mango-passion-fruit-jnr-ragegorilla-55000-puffs","status":"publish","type":"product","link":"https:\/\/fumot.uk\/es\/product\/mango-passion-fruit-jnr-ragegorilla-55000-puffs\/","title":{"rendered":"JNR RageGorilla 55000 Puffs Mango Passion Fruit Vape Desechable | Malla Dual, 42ml, 950mAh, Pantalla Inteligente"},"content":{"rendered":"<h2>JNR RageGorilla 55000 Puffs \u2013 Mango Passion Fruit<\/h2>\n<p>Dale un giro tropical a tu vapeo diario con el <strong>JNR RageGorilla 55000 Puffs Mango Passion Fruit<\/strong>. Este sabor mezcla <strong>mango maduro y suave<\/strong> con el <strong>brillante toque de maracuy\u00e1<\/strong> para un perfil jugoso y equilibrado que se mantiene refrescante desde la primera calada hasta la \u00faltima.<\/p>\n<h3>Perfil de Sabor: Mango se Encuentra con Maracuy\u00e1<\/h3>\n<p>Espera un sabor a fruta en capas\u2014<strong>mango dulce<\/strong> al principio, seguido de un <strong>toque de maracuy\u00e1 picante<\/strong> que mantiene el final limpio en lugar de excesivamente azucarado. El vapor se siente suave y consistente, con un regusto tropical persistente que es f\u00e1cil de disfrutar todo el d\u00eda.<\/p>\n<h3>Dise\u00f1ado para un Rendimiento Consistente y Duradero<\/h3>\n<p>La serie RageGorilla destaca con un aspecto audaz y cristalino y una construcci\u00f3n enfocada en el rendimiento. Con <strong>Doble Bobina de Malla<\/strong> y un <strong>sistema de calefacci\u00f3n de doble n\u00facleo<\/strong>, est\u00e1 dise\u00f1ado para ofrecer un sabor estable y nubes densas durante la vida \u00fatil del dispositivo.<\/p>\n<ul>\n<li><strong>Hasta 55,000 caladas<\/strong> (dependiente del uso)<\/li>\n<li><strong>42ml<\/strong> e-l\u00edquido prellenado<\/li>\n<li><strong>Fortalezas de nicotina:<\/strong> 2% o 5%<\/li>\n<li><strong>950mAh<\/strong> bater\u00eda recargable<\/li>\n<li><strong>Type-C<\/strong> carga r\u00e1pida<\/li>\n<li><strong>Pantalla Inteligente<\/strong> para comprobaciones r\u00e1pidas de estado<\/li>\n<li><strong>Doble Bobina de Malla<\/strong> para un calentamiento uniforme y sabor consistente<\/li>\n<\/ul>\n<h3>Por Qu\u00e9 Te Encantar\u00e1 Mango Passion Fruit<\/h3>\n<ul>\n<li>Sabor tropical brillante que no se siente pesado<\/li>\n<li>Inhalaci\u00f3n suave con un final limpio y afrutado<\/li>\n<li>Una excelente opci\u00f3n si te gustan los vapes de mango con un toque picante<\/li>\n<\/ul>\n<p>Descubre m\u00e1s sabores y la l\u00ednea completa de RageGorilla en <a href=\"https:\/\/fumot.uk\/es\/\">fumot.uk<\/a>.<\/p>","protected":false},"excerpt":{"rendered":"<p>Mango Tropical y Fruta de la Pasi\u00f3n en el vape desechable JNR RageGorilla 55000 Puffs\u2014Bobina de Malla Dual, 42ml de e-l\u00edquido, bater\u00eda recargable de 950mAh, Pantalla Inteligente, carga Tipo-C.<\/p>","protected":false},"featured_media":4577,"comment_status":"open","ping_status":"closed","template":"","meta":[],"product_brand":[],"product_cat":[235,236,17],"product_tag":[70,237,71,197,113,72,73,42,46,26,199,28],"class_list":{"0":"post-4533","1":"product","2":"type-product","3":"status-publish","4":"has-post-thumbnail","6":"product_cat-55000-puff","7":"product_cat-jnr-ragegorilla-55000-puffs","8":"product_cat-vape","9":"product_tag-2-nikotin","10":"product_tag-42ml","11":"product_tag-5-nikotin","12":"product_tag-950mah","13":"product_tag-crystal-vape","14":"product_tag-direct-to-lung","15":"product_tag-dual-mesh","16":"product_tag-mango","17":"product_tag-passion-fruit","18":"product_tag-rechargeable","19":"product_tag-smart-display","20":"product_tag-type-c","22":"first","23":"instock","24":"sale","25":"shipping-taxable","26":"purchasable","27":"product-type-variable","28":"has-default-attributes"},"yoast_head":"<!-- This site is optimized with the Yoast SEO plugin v26.8 - https:\/\/yoast.com\/product\/yoast-seo-wordpress\/ -->\n<title>JNR RageGorilla 55000 Mango Passion Fruit Vape<\/title>\n<meta name=\"description\" content=\"JNR RageGorilla 55000 Puffs Mango Passion Fruit: 42ml, Dual Mesh Coil, Smart Display, 950mAh rechargeable, Type-C. Choose 2% or 5% nicotine.\" \/>\n<meta name=\"robots\" content=\"index, follow, max-snippet:-1, max-image-preview:large, max-video-preview:-1\" \/>\n<link rel=\"canonical\" href=\"https:\/\/fumot.uk\/es\/product\/mango-passion-fruit-jnr-ragegorilla-55000-puffs\/\" \/>\n<meta property=\"og:locale\" content=\"es_ES\" \/>\n<meta property=\"og:type\" content=\"article\" \/>\n<meta property=\"og:title\" content=\"Mango Passion Fruit \u2013 JNR RageGorilla 55000 Puffs\" \/>\n<meta property=\"og:description\" content=\"Sweet mango with a tangy passion fruit finish. Dual Mesh Coil, 42ml e-liquid, Smart Display, 950mAh rechargeable battery and Type\u2011C charging.\" \/>\n<meta property=\"og:url\" content=\"https:\/\/fumot.uk\/es\/product\/mango-passion-fruit-jnr-ragegorilla-55000-puffs\/\" \/>\n<meta property=\"og:site_name\" content=\"Fumot Official Direct | Straight from the Factory, 100% Genuine\" \/>\n<meta property=\"article:modified_time\" content=\"2026-01-21T06:25:03+00:00\" \/>\n<meta property=\"og:image\" content=\"https:\/\/fumot.uk\/wp-content\/uploads\/2026\/01\/JNR-RageGorilla-55000-Puffs-Mango-Passion-Fruit-disposable-e-cigarette.jpg\" \/>\n\t<meta property=\"og:image:width\" content=\"800\" \/>\n\t<meta property=\"og:image:height\" content=\"800\" \/>\n\t<meta property=\"og:image:type\" content=\"image\/jpeg\" \/>\n<meta name=\"twitter:card\" content=\"summary_large_image\" \/>\n<meta name=\"twitter:label1\" content=\"Tiempo de lectura\" \/>\n\t<meta name=\"twitter:data1\" content=\"1 minuto\" \/>\n<script type=\"application\/ld+json\" class=\"yoast-schema-graph\">{\"@context\":\"https:\/\/schema.org\",\"@graph\":[{\"@type\":\"WebPage\",\"@id\":\"https:\/\/fumot.uk\/product\/mango-passion-fruit-jnr-ragegorilla-55000-puffs\/\",\"url\":\"https:\/\/fumot.uk\/product\/mango-passion-fruit-jnr-ragegorilla-55000-puffs\/\",\"name\":\"JNR RageGorilla 55000 Mango Passion Fruit Vape\",\"isPartOf\":{\"@id\":\"https:\/\/fumot.uk\/#website\"},\"primaryImageOfPage\":{\"@id\":\"https:\/\/fumot.uk\/product\/mango-passion-fruit-jnr-ragegorilla-55000-puffs\/#primaryimage\"},\"image\":{\"@id\":\"https:\/\/fumot.uk\/product\/mango-passion-fruit-jnr-ragegorilla-55000-puffs\/#primaryimage\"},\"thumbnailUrl\":\"https:\/\/fumot.uk\/wp-content\/uploads\/2026\/01\/JNR-RageGorilla-55000-Puffs-Mango-Passion-Fruit-disposable-e-cigarette.jpg\",\"datePublished\":\"2026-01-21T04:11:16+00:00\",\"dateModified\":\"2026-01-21T06:25:03+00:00\",\"description\":\"JNR RageGorilla 55000 Puffs Mango Passion Fruit: 42ml, Dual Mesh Coil, Smart Display, 950mAh rechargeable, Type-C. Choose 2% or 5% nicotine.\",\"breadcrumb\":{\"@id\":\"https:\/\/fumot.uk\/product\/mango-passion-fruit-jnr-ragegorilla-55000-puffs\/#breadcrumb\"},\"inLanguage\":\"es\",\"potentialAction\":[{\"@type\":\"ReadAction\",\"target\":[\"https:\/\/fumot.uk\/product\/mango-passion-fruit-jnr-ragegorilla-55000-puffs\/\"]}]},{\"@type\":\"ImageObject\",\"inLanguage\":\"es\",\"@id\":\"https:\/\/fumot.uk\/product\/mango-passion-fruit-jnr-ragegorilla-55000-puffs\/#primaryimage\",\"url\":\"https:\/\/fumot.uk\/wp-content\/uploads\/2026\/01\/JNR-RageGorilla-55000-Puffs-Mango-Passion-Fruit-disposable-e-cigarette.jpg\",\"contentUrl\":\"https:\/\/fumot.uk\/wp-content\/uploads\/2026\/01\/JNR-RageGorilla-55000-Puffs-Mango-Passion-Fruit-disposable-e-cigarette.jpg\",\"width\":800,\"height\":800},{\"@type\":\"BreadcrumbList\",\"@id\":\"https:\/\/fumot.uk\/product\/mango-passion-fruit-jnr-ragegorilla-55000-puffs\/#breadcrumb\",\"itemListElement\":[{\"@type\":\"ListItem\",\"position\":1,\"name\":\"Home\",\"item\":\"https:\/\/fumot.uk\/\"},{\"@type\":\"ListItem\",\"position\":2,\"name\":\"Shop\",\"item\":\"https:\/\/fumot.uk\/shop\/\"},{\"@type\":\"ListItem\",\"position\":3,\"name\":\"JNR RageGorilla 55000 Puffs Mango Passion Fruit Disposable Vape | Dual Mesh, 42ml, 950mAh, Smart Display\"}]},{\"@type\":\"WebSite\",\"@id\":\"https:\/\/fumot.uk\/#website\",\"url\":\"https:\/\/fumot.uk\/\",\"name\":\"Fumot Official Direct | Straight from the Factory, 100% Genuine\",\"description\":\"Official Website\",\"publisher\":{\"@id\":\"https:\/\/fumot.uk\/#organization\"},\"potentialAction\":[{\"@type\":\"SearchAction\",\"target\":{\"@type\":\"EntryPoint\",\"urlTemplate\":\"https:\/\/fumot.uk\/?s={search_term_string}\"},\"query-input\":{\"@type\":\"PropertyValueSpecification\",\"valueRequired\":true,\"valueName\":\"search_term_string\"}}],\"inLanguage\":\"es\"},{\"@type\":\"Organization\",\"@id\":\"https:\/\/fumot.uk\/#organization\",\"name\":\"Fumot Official Direct | Straight from the Factory, 100% Genuine\",\"url\":\"https:\/\/fumot.uk\/\",\"logo\":{\"@type\":\"ImageObject\",\"inLanguage\":\"es\",\"@id\":\"https:\/\/fumot.uk\/#\/schema\/logo\/image\/\",\"url\":\"https:\/\/fumot.uk\/wp-content\/uploads\/2026\/01\/cropped-fumot-logo1.png\",\"contentUrl\":\"https:\/\/fumot.uk\/wp-content\/uploads\/2026\/01\/cropped-fumot-logo1.png\",\"width\":152,\"height\":106,\"caption\":\"Fumot Official Direct | Straight from the Factory, 100% Genuine\"},\"image\":{\"@id\":\"https:\/\/fumot.uk\/#\/schema\/logo\/image\/\"}}]}<\/script>\n<!-- \/ Yoast SEO plugin. -->","yoast_head_json":{"title":"JNR RageGorilla 55000 Mango Fruta de la Pasi\u00f3n Vape","description":"JNR RageGorilla 55000 Puffs Mango Passion Fruit: 42ml, Dual Mesh Coil, Pantalla Inteligente, 950mAh recargable, Tipo-C. Elija 2% o 5% nicotina.","robots":{"index":"index","follow":"follow","max-snippet":"max-snippet:-1","max-image-preview":"max-image-preview:large","max-video-preview":"max-video-preview:-1"},"canonical":"https:\/\/fumot.uk\/es\/product\/mango-passion-fruit-jnr-ragegorilla-55000-puffs\/","og_locale":"es_ES","og_type":"article","og_title":"Mango Passion Fruit \u2013 JNR RageGorilla 55000 Puffs","og_description":"Sweet mango with a tangy passion fruit finish. Dual Mesh Coil, 42ml e-liquid, Smart Display, 950mAh rechargeable battery and Type\u2011C charging.","og_url":"https:\/\/fumot.uk\/es\/product\/mango-passion-fruit-jnr-ragegorilla-55000-puffs\/","og_site_name":"Fumot Official Direct | Straight from the Factory, 100% Genuine","article_modified_time":"2026-01-21T06:25:03+00:00","og_image":[{"width":800,"height":800,"url":"https:\/\/fumot.uk\/wp-content\/uploads\/2026\/01\/JNR-RageGorilla-55000-Puffs-Mango-Passion-Fruit-disposable-e-cigarette.jpg","type":"image\/jpeg"}],"twitter_card":"summary_large_image","twitter_misc":{"Tiempo de lectura":"1 minuto"},"schema":{"@context":"https:\/\/schema.org","@graph":[{"@type":"WebPage","@id":"https:\/\/fumot.uk\/product\/mango-passion-fruit-jnr-ragegorilla-55000-puffs\/","url":"https:\/\/fumot.uk\/product\/mango-passion-fruit-jnr-ragegorilla-55000-puffs\/","name":"JNR RageGorilla 55000 Mango Fruta de la Pasi\u00f3n Vape","isPartOf":{"@id":"https:\/\/fumot.uk\/#website"},"primaryImageOfPage":{"@id":"https:\/\/fumot.uk\/product\/mango-passion-fruit-jnr-ragegorilla-55000-puffs\/#primaryimage"},"image":{"@id":"https:\/\/fumot.uk\/product\/mango-passion-fruit-jnr-ragegorilla-55000-puffs\/#primaryimage"},"thumbnailUrl":"https:\/\/fumot.uk\/wp-content\/uploads\/2026\/01\/JNR-RageGorilla-55000-Puffs-Mango-Passion-Fruit-disposable-e-cigarette.jpg","datePublished":"2026-01-21T04:11:16+00:00","dateModified":"2026-01-21T06:25:03+00:00","description":"JNR RageGorilla 55000 Puffs Mango Passion Fruit: 42ml, Dual Mesh Coil, Pantalla Inteligente, 950mAh recargable, Tipo-C. Elija 2% o 5% nicotina.","breadcrumb":{"@id":"https:\/\/fumot.uk\/product\/mango-passion-fruit-jnr-ragegorilla-55000-puffs\/#breadcrumb"},"inLanguage":"es","potentialAction":[{"@type":"ReadAction","target":["https:\/\/fumot.uk\/product\/mango-passion-fruit-jnr-ragegorilla-55000-puffs\/"]}]},{"@type":"ImageObject","inLanguage":"es","@id":"https:\/\/fumot.uk\/product\/mango-passion-fruit-jnr-ragegorilla-55000-puffs\/#primaryimage","url":"https:\/\/fumot.uk\/wp-content\/uploads\/2026\/01\/JNR-RageGorilla-55000-Puffs-Mango-Passion-Fruit-disposable-e-cigarette.jpg","contentUrl":"https:\/\/fumot.uk\/wp-content\/uploads\/2026\/01\/JNR-RageGorilla-55000-Puffs-Mango-Passion-Fruit-disposable-e-cigarette.jpg","width":800,"height":800},{"@type":"BreadcrumbList","@id":"https:\/\/fumot.uk\/product\/mango-passion-fruit-jnr-ragegorilla-55000-puffs\/#breadcrumb","itemListElement":[{"@type":"ListItem","position":1,"name":"Home","item":"https:\/\/fumot.uk\/"},{"@type":"ListItem","position":2,"name":"Shop","item":"https:\/\/fumot.uk\/shop\/"},{"@type":"ListItem","position":3,"name":"JNR RageGorilla 55000 Puffs Mango Passion Fruit Disposable Vape | Dual Mesh, 42ml, 950mAh, Smart Display"}]},{"@type":"WebSite","@id":"https:\/\/fumot.uk\/#website","url":"https:\/\/fumot.uk\/","name":"Fumot Official Direct | Directo desde la f\u00e1brica, 100% Original","description":"Sitio Oficial","publisher":{"@id":"https:\/\/fumot.uk\/#organization"},"potentialAction":[{"@type":"SearchAction","target":{"@type":"EntryPoint","urlTemplate":"https:\/\/fumot.uk\/?s={search_term_string}"},"query-input":{"@type":"PropertyValueSpecification","valueRequired":true,"valueName":"search_term_string"}}],"inLanguage":"es"},{"@type":"Organization","@id":"https:\/\/fumot.uk\/#organization","name":"Fumot Official Direct | Directo desde la f\u00e1brica, 100% Original","url":"https:\/\/fumot.uk\/","logo":{"@type":"ImageObject","inLanguage":"es","@id":"https:\/\/fumot.uk\/#\/schema\/logo\/image\/","url":"https:\/\/fumot.uk\/wp-content\/uploads\/2026\/01\/cropped-fumot-logo1.png","contentUrl":"https:\/\/fumot.uk\/wp-content\/uploads\/2026\/01\/cropped-fumot-logo1.png","width":152,"height":106,"caption":"Fumot Official Direct | Straight from the Factory, 100% Genuine"},"image":{"@id":"https:\/\/fumot.uk\/#\/schema\/logo\/image\/"}}]}},"_links":{"self":[{"href":"https:\/\/fumot.uk\/es\/wp-json\/wp\/v2\/product\/4533","targetHints":{"allow":["GET"]}}],"collection":[{"href":"https:\/\/fumot.uk\/es\/wp-json\/wp\/v2\/product"}],"about":[{"href":"https:\/\/fumot.uk\/es\/wp-json\/wp\/v2\/types\/product"}],"replies":[{"embeddable":true,"href":"https:\/\/fumot.uk\/es\/wp-json\/wp\/v2\/comments?post=4533"}],"wp:featuredmedia":[{"embeddable":true,"href":"https:\/\/fumot.uk\/es\/wp-json\/wp\/v2\/media\/4577"}],"wp:attachment":[{"href":"https:\/\/fumot.uk\/es\/wp-json\/wp\/v2\/media?parent=4533"}],"wp:term":[{"taxonomy":"product_brand","embeddable":true,"href":"https:\/\/fumot.uk\/es\/wp-json\/wp\/v2\/product_brand?post=4533"},{"taxonomy":"product_cat","embeddable":true,"href":"https:\/\/fumot.uk\/es\/wp-json\/wp\/v2\/product_cat?post=4533"},{"taxonomy":"product_tag","embeddable":true,"href":"https:\/\/fumot.uk\/es\/wp-json\/wp\/v2\/product_tag?post=4533"}],"curies":[{"name":"wp","href":"https:\/\/api.w.org\/{rel}","templated":true}]}}