{"id":4532,"date":"2026-01-21T04:11:15","date_gmt":"2026-01-21T04:11:15","guid":{"rendered":"https:\/\/fumot.uk\/?post_type=product&#038;p=4532"},"modified":"2026-01-21T06:26:12","modified_gmt":"2026-01-21T06:26:12","slug":"white-peach-razz-jnr-ragegorilla-55000-puffs","status":"publish","type":"product","link":"https:\/\/fumot.uk\/es\/product\/white-peach-razz-jnr-ragegorilla-55000-puffs\/","title":{"rendered":"JNR RageGorilla 55000 Puffs White Peach Razz Vape Desechable (42ml, Dual Mesh, Type\u2011C)"},"content":{"rendered":"<h2>Melocot\u00f3n Blanco Razz | JNR RageGorilla 55000 Puffs<\/h2>\n<p>Conoce una audaz mezcla de frutas dise\u00f1ada para vapear todos los d\u00edas: <strong>JNR RageGorilla 55000 Puffs \u2013 Melocot\u00f3n Blanco Razz<\/strong>. Este vapeador desechable combina un cuerpo moderno estilo cristal y pantalla inteligente con una calada suave y densa impulsada por <strong>Doble Bobina de Malla<\/strong> y calefacci\u00f3n de doble n\u00facleo\u2014dise\u00f1ada para mantener el sabor consistente desde la primera calada hasta la \u00faltima.<\/p>\n<h3>Sabor: Melocot\u00f3n Blanco Razz<\/h3>\n<p><strong>Melocot\u00f3n blanco<\/strong> aporta una dulzura suave y jugosa, mientras que <strong>frambuesa<\/strong> a\u00f1ade un toque brillante y ligeramente \u00e1cido. El resultado es un perfil de fruta limpio y refrescante que se mantiene equilibrado\u2014dulce sin sentirse pesado, vivo sin ser fuerte\u2014lo que lo convierte en una opci\u00f3n f\u00e1cil para usar todo el d\u00eda.<\/p>\n<h3>Por qu\u00e9 te gustar\u00e1<\/h3>\n<ul>\n<li><strong>Gran capacidad, larga sesi\u00f3n<\/strong>: hasta <strong>55,000 caladas<\/strong> (el uso var\u00eda).<\/li>\n<li><strong>Sabor m\u00e1s completo<\/strong>: <strong>Doble Bobina de Malla<\/strong> para vapor rico y un acabado m\u00e1s suave.<\/li>\n<li><strong>Pantalla Inteligente<\/strong>: visibilidad r\u00e1pida del estado clave del dispositivo de un vistazo.<\/li>\n<li><strong>Conveniencia recargable<\/strong>: <strong>Tipo\u2011C<\/strong> carga r\u00e1pida con un <strong>950mAh<\/strong> bater\u00eda.<\/li>\n<li><strong>Alto volumen de e-l\u00edquido<\/strong>: <strong>42ml<\/strong> prellenado.<\/li>\n<\/ul>\n<h3>Especificaciones<\/h3>\n<ul>\n<li><strong>Producto<\/strong>: JNR RageGorilla 55000 Puffs Vapeador Desechable<\/li>\n<li><strong>Sabor<\/strong>: Melocot\u00f3n Blanco Razz<\/li>\n<li><strong>Caladas<\/strong>: Aprox. 55,000<\/li>\n<li><strong>E\u2011l\u00edquido<\/strong>: 42ml<\/li>\n<li><strong>Fuerza de nicotina<\/strong>: 2% \/ 5%<\/li>\n<li><strong>Bater\u00eda<\/strong>: 950mAh (recargable)<\/li>\n<li><strong>Carga<\/strong>: Tipo\u2011C<\/li>\n<li><strong>Bobina<\/strong>: Bobina de Malla Doble<\/li>\n<li><strong>Pantalla<\/strong>: Pantalla Inteligente<\/li>\n<\/ul>\n<h3>Explora m\u00e1s<\/h3>\n<p>\u00bfBuscas m\u00e1s perfiles de frutas? Navega por nuestro <a href=\"https:\/\/fumot.uk\/es\/product-tag\/peach\/\">Durazno<\/a> colecci\u00f3n en <a href=\"https:\/\/fumot.uk\/es\/\">fumot.uk<\/a> para m\u00e1s opciones centradas en melocot\u00f3n.<\/p>\n<p><em>Nota: El conteo de caladas es una estimaci\u00f3n y depende de la duraci\u00f3n y frecuencia de las caladas.<\/em><\/p>","protected":false},"excerpt":{"rendered":"<p>JNR RageGorilla 55000 Puffs en Melocot\u00f3n Blanco Razz: dulzura de melocot\u00f3n blanco jugoso con un toque brillante de frambuesa. 42ml, Bobina de Malla Dual, Pantalla Inteligente, recargable Tipo\u2011C de 950mAh.<\/p>","protected":false},"featured_media":4576,"comment_status":"open","ping_status":"closed","template":"","meta":[],"product_brand":[],"product_cat":[235,236,17],"product_tag":[70,237,71,197,113,72,73,30,34,26,199,28],"class_list":{"0":"post-4532","1":"product","2":"type-product","3":"status-publish","4":"has-post-thumbnail","6":"product_cat-55000-puff","7":"product_cat-jnr-ragegorilla-55000-puffs","8":"product_cat-vape","9":"product_tag-2-nikotin","10":"product_tag-42ml","11":"product_tag-5-nikotin","12":"product_tag-950mah","13":"product_tag-crystal-vape","14":"product_tag-direct-to-lung","15":"product_tag-dual-mesh","16":"product_tag-peach","17":"product_tag-raspberry","18":"product_tag-rechargeable","19":"product_tag-smart-display","20":"product_tag-type-c","22":"first","23":"instock","24":"sale","25":"shipping-taxable","26":"purchasable","27":"product-type-variable","28":"has-default-attributes"},"yoast_head":"<!-- This site is optimized with the Yoast SEO plugin v26.8 - https:\/\/yoast.com\/product\/yoast-seo-wordpress\/ -->\n<title>White Peach Razz JNR RageGorilla 55000 Puffs Vape<\/title>\n<meta name=\"description\" content=\"White Peach Razz JNR RageGorilla 55000 Puffs: 42ml, Dual Mesh Coil, Smart Display, 950mAh Type\u2011C rechargeable. Choose 2% or 5% nicotine.\" \/>\n<meta name=\"robots\" content=\"index, follow, max-snippet:-1, max-image-preview:large, max-video-preview:-1\" \/>\n<link rel=\"canonical\" href=\"https:\/\/fumot.uk\/es\/product\/white-peach-razz-jnr-ragegorilla-55000-puffs\/\" \/>\n<meta property=\"og:locale\" content=\"es_ES\" \/>\n<meta property=\"og:type\" content=\"article\" \/>\n<meta property=\"og:title\" content=\"White Peach Razz | JNR RageGorilla 55000 Puffs\" \/>\n<meta property=\"og:description\" content=\"A smooth white peach and raspberry blend with big capacity: 42ml, Dual Mesh Coil, Smart Display, 950mAh Type\u2011C rechargeable. 2% or 5% nicotine.\" \/>\n<meta property=\"og:url\" content=\"https:\/\/fumot.uk\/es\/product\/white-peach-razz-jnr-ragegorilla-55000-puffs\/\" \/>\n<meta property=\"og:site_name\" content=\"Fumot Official Direct | Straight from the Factory, 100% Genuine\" \/>\n<meta property=\"article:modified_time\" content=\"2026-01-21T06:26:12+00:00\" \/>\n<meta property=\"og:image\" content=\"https:\/\/fumot.uk\/wp-content\/uploads\/2026\/01\/JNR-RageGorilla-55000-Puffs-White-Peach-Razz-disposable-e-cigarette.jpg\" \/>\n\t<meta property=\"og:image:width\" content=\"800\" \/>\n\t<meta property=\"og:image:height\" content=\"800\" \/>\n\t<meta property=\"og:image:type\" content=\"image\/jpeg\" \/>\n<meta name=\"twitter:card\" content=\"summary_large_image\" \/>\n<meta name=\"twitter:label1\" content=\"Tiempo de lectura\" \/>\n\t<meta name=\"twitter:data1\" content=\"1 minuto\" \/>\n<script type=\"application\/ld+json\" class=\"yoast-schema-graph\">{\"@context\":\"https:\/\/schema.org\",\"@graph\":[{\"@type\":\"WebPage\",\"@id\":\"https:\/\/fumot.uk\/product\/white-peach-razz-jnr-ragegorilla-55000-puffs\/\",\"url\":\"https:\/\/fumot.uk\/product\/white-peach-razz-jnr-ragegorilla-55000-puffs\/\",\"name\":\"White Peach Razz JNR RageGorilla 55000 Puffs Vape\",\"isPartOf\":{\"@id\":\"https:\/\/fumot.uk\/#website\"},\"primaryImageOfPage\":{\"@id\":\"https:\/\/fumot.uk\/product\/white-peach-razz-jnr-ragegorilla-55000-puffs\/#primaryimage\"},\"image\":{\"@id\":\"https:\/\/fumot.uk\/product\/white-peach-razz-jnr-ragegorilla-55000-puffs\/#primaryimage\"},\"thumbnailUrl\":\"https:\/\/fumot.uk\/wp-content\/uploads\/2026\/01\/JNR-RageGorilla-55000-Puffs-White-Peach-Razz-disposable-e-cigarette.jpg\",\"datePublished\":\"2026-01-21T04:11:15+00:00\",\"dateModified\":\"2026-01-21T06:26:12+00:00\",\"description\":\"White Peach Razz JNR RageGorilla 55000 Puffs: 42ml, Dual Mesh Coil, Smart Display, 950mAh Type\u2011C rechargeable. Choose 2% or 5% nicotine.\",\"breadcrumb\":{\"@id\":\"https:\/\/fumot.uk\/product\/white-peach-razz-jnr-ragegorilla-55000-puffs\/#breadcrumb\"},\"inLanguage\":\"es\",\"potentialAction\":[{\"@type\":\"ReadAction\",\"target\":[\"https:\/\/fumot.uk\/product\/white-peach-razz-jnr-ragegorilla-55000-puffs\/\"]}]},{\"@type\":\"ImageObject\",\"inLanguage\":\"es\",\"@id\":\"https:\/\/fumot.uk\/product\/white-peach-razz-jnr-ragegorilla-55000-puffs\/#primaryimage\",\"url\":\"https:\/\/fumot.uk\/wp-content\/uploads\/2026\/01\/JNR-RageGorilla-55000-Puffs-White-Peach-Razz-disposable-e-cigarette.jpg\",\"contentUrl\":\"https:\/\/fumot.uk\/wp-content\/uploads\/2026\/01\/JNR-RageGorilla-55000-Puffs-White-Peach-Razz-disposable-e-cigarette.jpg\",\"width\":800,\"height\":800},{\"@type\":\"BreadcrumbList\",\"@id\":\"https:\/\/fumot.uk\/product\/white-peach-razz-jnr-ragegorilla-55000-puffs\/#breadcrumb\",\"itemListElement\":[{\"@type\":\"ListItem\",\"position\":1,\"name\":\"Home\",\"item\":\"https:\/\/fumot.uk\/\"},{\"@type\":\"ListItem\",\"position\":2,\"name\":\"Shop\",\"item\":\"https:\/\/fumot.uk\/shop\/\"},{\"@type\":\"ListItem\",\"position\":3,\"name\":\"JNR RageGorilla 55000 Puffs White Peach Razz Disposable Vape (42ml, Dual Mesh, Type\u2011C)\"}]},{\"@type\":\"WebSite\",\"@id\":\"https:\/\/fumot.uk\/#website\",\"url\":\"https:\/\/fumot.uk\/\",\"name\":\"Fumot Official Direct | Straight from the Factory, 100% Genuine\",\"description\":\"Official Website\",\"publisher\":{\"@id\":\"https:\/\/fumot.uk\/#organization\"},\"potentialAction\":[{\"@type\":\"SearchAction\",\"target\":{\"@type\":\"EntryPoint\",\"urlTemplate\":\"https:\/\/fumot.uk\/?s={search_term_string}\"},\"query-input\":{\"@type\":\"PropertyValueSpecification\",\"valueRequired\":true,\"valueName\":\"search_term_string\"}}],\"inLanguage\":\"es\"},{\"@type\":\"Organization\",\"@id\":\"https:\/\/fumot.uk\/#organization\",\"name\":\"Fumot Official Direct | Straight from the Factory, 100% Genuine\",\"url\":\"https:\/\/fumot.uk\/\",\"logo\":{\"@type\":\"ImageObject\",\"inLanguage\":\"es\",\"@id\":\"https:\/\/fumot.uk\/#\/schema\/logo\/image\/\",\"url\":\"https:\/\/fumot.uk\/wp-content\/uploads\/2026\/01\/cropped-fumot-logo1.png\",\"contentUrl\":\"https:\/\/fumot.uk\/wp-content\/uploads\/2026\/01\/cropped-fumot-logo1.png\",\"width\":152,\"height\":106,\"caption\":\"Fumot Official Direct | Straight from the Factory, 100% Genuine\"},\"image\":{\"@id\":\"https:\/\/fumot.uk\/#\/schema\/logo\/image\/\"}}]}<\/script>\n<!-- \/ Yoast SEO plugin. -->","yoast_head_json":{"title":"Vape de 55000 caladas White Peach Razz JNR RageGorilla","description":"Melocot\u00f3n Blanco Razz JNR RageGorilla 55000 Caladas: 42ml, Doble Bobina de Malla, Pantalla Inteligente, Recargable Tipo\u2011C de 950mAh. Elija 2% o 5% de nicotina.","robots":{"index":"index","follow":"follow","max-snippet":"max-snippet:-1","max-image-preview":"max-image-preview:large","max-video-preview":"max-video-preview:-1"},"canonical":"https:\/\/fumot.uk\/es\/product\/white-peach-razz-jnr-ragegorilla-55000-puffs\/","og_locale":"es_ES","og_type":"article","og_title":"White Peach Razz | JNR RageGorilla 55000 Puffs","og_description":"A smooth white peach and raspberry blend with big capacity: 42ml, Dual Mesh Coil, Smart Display, 950mAh Type\u2011C rechargeable. 2% or 5% nicotine.","og_url":"https:\/\/fumot.uk\/es\/product\/white-peach-razz-jnr-ragegorilla-55000-puffs\/","og_site_name":"Fumot Official Direct | Straight from the Factory, 100% Genuine","article_modified_time":"2026-01-21T06:26:12+00:00","og_image":[{"width":800,"height":800,"url":"https:\/\/fumot.uk\/wp-content\/uploads\/2026\/01\/JNR-RageGorilla-55000-Puffs-White-Peach-Razz-disposable-e-cigarette.jpg","type":"image\/jpeg"}],"twitter_card":"summary_large_image","twitter_misc":{"Tiempo de lectura":"1 minuto"},"schema":{"@context":"https:\/\/schema.org","@graph":[{"@type":"WebPage","@id":"https:\/\/fumot.uk\/product\/white-peach-razz-jnr-ragegorilla-55000-puffs\/","url":"https:\/\/fumot.uk\/product\/white-peach-razz-jnr-ragegorilla-55000-puffs\/","name":"Vape de 55000 caladas White Peach Razz JNR RageGorilla","isPartOf":{"@id":"https:\/\/fumot.uk\/#website"},"primaryImageOfPage":{"@id":"https:\/\/fumot.uk\/product\/white-peach-razz-jnr-ragegorilla-55000-puffs\/#primaryimage"},"image":{"@id":"https:\/\/fumot.uk\/product\/white-peach-razz-jnr-ragegorilla-55000-puffs\/#primaryimage"},"thumbnailUrl":"https:\/\/fumot.uk\/wp-content\/uploads\/2026\/01\/JNR-RageGorilla-55000-Puffs-White-Peach-Razz-disposable-e-cigarette.jpg","datePublished":"2026-01-21T04:11:15+00:00","dateModified":"2026-01-21T06:26:12+00:00","description":"Melocot\u00f3n Blanco Razz JNR RageGorilla 55000 Caladas: 42ml, Doble Bobina de Malla, Pantalla Inteligente, Recargable Tipo\u2011C de 950mAh. Elija 2% o 5% de nicotina.","breadcrumb":{"@id":"https:\/\/fumot.uk\/product\/white-peach-razz-jnr-ragegorilla-55000-puffs\/#breadcrumb"},"inLanguage":"es","potentialAction":[{"@type":"ReadAction","target":["https:\/\/fumot.uk\/product\/white-peach-razz-jnr-ragegorilla-55000-puffs\/"]}]},{"@type":"ImageObject","inLanguage":"es","@id":"https:\/\/fumot.uk\/product\/white-peach-razz-jnr-ragegorilla-55000-puffs\/#primaryimage","url":"https:\/\/fumot.uk\/wp-content\/uploads\/2026\/01\/JNR-RageGorilla-55000-Puffs-White-Peach-Razz-disposable-e-cigarette.jpg","contentUrl":"https:\/\/fumot.uk\/wp-content\/uploads\/2026\/01\/JNR-RageGorilla-55000-Puffs-White-Peach-Razz-disposable-e-cigarette.jpg","width":800,"height":800},{"@type":"BreadcrumbList","@id":"https:\/\/fumot.uk\/product\/white-peach-razz-jnr-ragegorilla-55000-puffs\/#breadcrumb","itemListElement":[{"@type":"ListItem","position":1,"name":"Home","item":"https:\/\/fumot.uk\/"},{"@type":"ListItem","position":2,"name":"Shop","item":"https:\/\/fumot.uk\/shop\/"},{"@type":"ListItem","position":3,"name":"JNR RageGorilla 55000 Puffs White Peach Razz Disposable Vape (42ml, Dual Mesh, Type\u2011C)"}]},{"@type":"WebSite","@id":"https:\/\/fumot.uk\/#website","url":"https:\/\/fumot.uk\/","name":"Fumot Official Direct | Directo desde la f\u00e1brica, 100% Original","description":"Sitio Oficial","publisher":{"@id":"https:\/\/fumot.uk\/#organization"},"potentialAction":[{"@type":"SearchAction","target":{"@type":"EntryPoint","urlTemplate":"https:\/\/fumot.uk\/?s={search_term_string}"},"query-input":{"@type":"PropertyValueSpecification","valueRequired":true,"valueName":"search_term_string"}}],"inLanguage":"es"},{"@type":"Organization","@id":"https:\/\/fumot.uk\/#organization","name":"Fumot Official Direct | Directo desde la f\u00e1brica, 100% Original","url":"https:\/\/fumot.uk\/","logo":{"@type":"ImageObject","inLanguage":"es","@id":"https:\/\/fumot.uk\/#\/schema\/logo\/image\/","url":"https:\/\/fumot.uk\/wp-content\/uploads\/2026\/01\/cropped-fumot-logo1.png","contentUrl":"https:\/\/fumot.uk\/wp-content\/uploads\/2026\/01\/cropped-fumot-logo1.png","width":152,"height":106,"caption":"Fumot Official Direct | Straight from the Factory, 100% Genuine"},"image":{"@id":"https:\/\/fumot.uk\/#\/schema\/logo\/image\/"}}]}},"_links":{"self":[{"href":"https:\/\/fumot.uk\/es\/wp-json\/wp\/v2\/product\/4532","targetHints":{"allow":["GET"]}}],"collection":[{"href":"https:\/\/fumot.uk\/es\/wp-json\/wp\/v2\/product"}],"about":[{"href":"https:\/\/fumot.uk\/es\/wp-json\/wp\/v2\/types\/product"}],"replies":[{"embeddable":true,"href":"https:\/\/fumot.uk\/es\/wp-json\/wp\/v2\/comments?post=4532"}],"wp:featuredmedia":[{"embeddable":true,"href":"https:\/\/fumot.uk\/es\/wp-json\/wp\/v2\/media\/4576"}],"wp:attachment":[{"href":"https:\/\/fumot.uk\/es\/wp-json\/wp\/v2\/media?parent=4532"}],"wp:term":[{"taxonomy":"product_brand","embeddable":true,"href":"https:\/\/fumot.uk\/es\/wp-json\/wp\/v2\/product_brand?post=4532"},{"taxonomy":"product_cat","embeddable":true,"href":"https:\/\/fumot.uk\/es\/wp-json\/wp\/v2\/product_cat?post=4532"},{"taxonomy":"product_tag","embeddable":true,"href":"https:\/\/fumot.uk\/es\/wp-json\/wp\/v2\/product_tag?post=4532"}],"curies":[{"name":"wp","href":"https:\/\/api.w.org\/{rel}","templated":true}]}}