{"id":4529,"date":"2026-01-21T04:11:15","date_gmt":"2026-01-21T04:11:15","guid":{"rendered":"https:\/\/fumot.uk\/?post_type=product&#038;p=4529"},"modified":"2026-01-21T06:27:58","modified_gmt":"2026-01-21T06:27:58","slug":"juicy-peaches-jnr-ragegorilla-55000-puffs","status":"publish","type":"product","link":"https:\/\/fumot.uk\/es\/product\/juicy-peaches-jnr-ragegorilla-55000-puffs\/","title":{"rendered":"JNR RageGorilla 55000 Puffs Melocotones Jugosos | Doble Malla, Pantalla Inteligente, Recargable Tipo\u2011C"},"content":{"rendered":"<h2>Jugosas Melocotones \u2014 JNR RageGorilla 55000 Puffs<\/h2>\n<p>Lleva un vape brillante y afrutado a tu d\u00eda con el <strong>JNR RageGorilla 55000 Puffs Jugosas Melocotones<\/strong>. Dise\u00f1ado para una comodidad duradera, este desechable de alta capacidad combina una calada suave con un perfil audaz de melocot\u00f3n\u2014ideal cuando deseas un sabor limpio y refrescante sin configuraciones complicadas.<\/p>\n<h3>Sabor: Jugosas Melocotones<\/h3>\n<p><strong>Duraznos jugosos<\/strong> ofrece el aroma de melocotones maduros y un acabado naturalmente dulce y suculento. Cada calada se abre con notas de melocot\u00f3n fresco, luego se asienta en una dulzura frutal redondeada que permanece equilibrada\u2014refrescante, satisfactoria y f\u00e1cil de disfrutar durante todo el d\u00eda.<\/p>\n<h3>Por qu\u00e9 te gustar\u00e1<\/h3>\n<ul>\n<li><strong>Hasta 55,000 caladas<\/strong> para uso prolongado (var\u00eda seg\u00fan el uso).<\/li>\n<li><strong>Doble Bobina de Malla<\/strong> para vapor m\u00e1s denso y suave y sabor consistente.<\/li>\n<li><strong>Pantalla LED inteligente<\/strong> muestra el nivel de bater\u00eda, nivel de e-l\u00edquido y conteo de caladas de un vistazo.<\/li>\n<li><strong>Bater\u00eda recargable de 950mAh<\/strong> con <strong>carga r\u00e1pida Type\u2011C<\/strong>.<\/li>\n<li><strong>Capacidad de e-l\u00edquido de 42ml<\/strong> para menos interrupciones.<\/li>\n<li><strong>Carcasa cristalina<\/strong> con un dise\u00f1o audaz de Gorila\u2014distintivo y de aspecto duradero.<\/li>\n<\/ul>\n<h3>Especificaciones<\/h3>\n<ul>\n<li><strong>Marca\/Serie:<\/strong> JNR RageGorilla 55000 Puffs<\/li>\n<li><strong>Sabor:<\/strong> Duraznos jugosos<\/li>\n<li><strong>Cuenta de Caladas:<\/strong> ~55,000<\/li>\n<li><strong>E-l\u00edquido:<\/strong> 42ml<\/li>\n<li><strong>Fuerza de Nicotina:<\/strong> 2% \/ 5%<\/li>\n<li><strong>Bobina:<\/strong> Doble Bobina de Malla<\/li>\n<li><strong>Bater\u00eda:<\/strong> 950mAh<\/li>\n<li><strong>Carga:<\/strong> Tipo\u2011C<\/li>\n<li><strong>Pantalla:<\/strong> Pantalla Inteligente<\/li>\n<\/ul>\n<p>Explora m\u00e1s opciones de alto n\u00famero de caladas y sabores en nuestra colecci\u00f3n en <a href=\"https:\/\/fumot.uk\/es\/\">fumot.uk<\/a>.<\/p>","protected":false},"excerpt":{"rendered":"<p>Juicy Peaches se encuentra con el rendimiento: JNR RageGorilla 55000 Puffs con Dual Mesh Coil, Smart Display, 42ml de e-l\u00edquido, bater\u00eda recargable Type\u2011C de 950mAh, y opciones de nicotina 2%\/5%.<\/p>","protected":false},"featured_media":4573,"comment_status":"open","ping_status":"closed","template":"","meta":[],"product_brand":[],"product_cat":[235,236,17],"product_tag":[70,237,71,197,113,72,73,30,26,199,28],"class_list":{"0":"post-4529","1":"product","2":"type-product","3":"status-publish","4":"has-post-thumbnail","6":"product_cat-55000-puff","7":"product_cat-jnr-ragegorilla-55000-puffs","8":"product_cat-vape","9":"product_tag-2-nikotin","10":"product_tag-42ml","11":"product_tag-5-nikotin","12":"product_tag-950mah","13":"product_tag-crystal-vape","14":"product_tag-direct-to-lung","15":"product_tag-dual-mesh","16":"product_tag-peach","17":"product_tag-rechargeable","18":"product_tag-smart-display","19":"product_tag-type-c","21":"first","22":"instock","23":"sale","24":"shipping-taxable","25":"purchasable","26":"product-type-variable","27":"has-default-attributes"},"yoast_head":"<!-- This site is optimized with the Yoast SEO plugin v26.8 - https:\/\/yoast.com\/product\/yoast-seo-wordpress\/ -->\n<title>JNR RageGorilla 55000 Puffs Juicy Peaches | fumot.uk<\/title>\n<meta name=\"description\" content=\"Shop JNR RageGorilla 55000 Puffs Juicy Peaches: Dual Mesh Coil, Smart Display, 42ml e-liquid, 950mAh Type\u2011C rechargeable, 2%\/5% nicotine options.\" \/>\n<meta name=\"robots\" content=\"index, follow, max-snippet:-1, max-image-preview:large, max-video-preview:-1\" \/>\n<link rel=\"canonical\" href=\"https:\/\/fumot.uk\/es\/product\/juicy-peaches-jnr-ragegorilla-55000-puffs\/\" \/>\n<meta property=\"og:locale\" content=\"es_ES\" \/>\n<meta property=\"og:type\" content=\"article\" \/>\n<meta property=\"og:title\" content=\"Juicy Peaches | JNR RageGorilla 55000 Puffs\" \/>\n<meta property=\"og:description\" content=\"A ripe, sweet peach vape with big capacity\u2014Dual Mesh Coil, Smart Display, 42ml e-liquid, 950mAh Type\u2011C rechargeable. Available in 2% or 5% nicotine.\" \/>\n<meta property=\"og:url\" content=\"https:\/\/fumot.uk\/es\/product\/juicy-peaches-jnr-ragegorilla-55000-puffs\/\" \/>\n<meta property=\"og:site_name\" content=\"Fumot Official Direct | Straight from the Factory, 100% Genuine\" \/>\n<meta property=\"article:modified_time\" content=\"2026-01-21T06:27:58+00:00\" \/>\n<meta property=\"og:image\" content=\"https:\/\/fumot.uk\/wp-content\/uploads\/2026\/01\/JNR-RageGorilla-55000-Puffs-Juicy-Peaches-disposable-e-cigarette.jpg\" \/>\n\t<meta property=\"og:image:width\" content=\"800\" \/>\n\t<meta property=\"og:image:height\" content=\"800\" \/>\n\t<meta property=\"og:image:type\" content=\"image\/jpeg\" \/>\n<meta name=\"twitter:card\" content=\"summary_large_image\" \/>\n<meta name=\"twitter:label1\" content=\"Tiempo de lectura\" \/>\n\t<meta name=\"twitter:data1\" content=\"1 minuto\" \/>\n<script type=\"application\/ld+json\" class=\"yoast-schema-graph\">{\"@context\":\"https:\/\/schema.org\",\"@graph\":[{\"@type\":\"WebPage\",\"@id\":\"https:\/\/fumot.uk\/product\/juicy-peaches-jnr-ragegorilla-55000-puffs\/\",\"url\":\"https:\/\/fumot.uk\/product\/juicy-peaches-jnr-ragegorilla-55000-puffs\/\",\"name\":\"JNR RageGorilla 55000 Puffs Juicy Peaches | fumot.uk\",\"isPartOf\":{\"@id\":\"https:\/\/fumot.uk\/#website\"},\"primaryImageOfPage\":{\"@id\":\"https:\/\/fumot.uk\/product\/juicy-peaches-jnr-ragegorilla-55000-puffs\/#primaryimage\"},\"image\":{\"@id\":\"https:\/\/fumot.uk\/product\/juicy-peaches-jnr-ragegorilla-55000-puffs\/#primaryimage\"},\"thumbnailUrl\":\"https:\/\/fumot.uk\/wp-content\/uploads\/2026\/01\/JNR-RageGorilla-55000-Puffs-Juicy-Peaches-disposable-e-cigarette.jpg\",\"datePublished\":\"2026-01-21T04:11:15+00:00\",\"dateModified\":\"2026-01-21T06:27:58+00:00\",\"description\":\"Shop JNR RageGorilla 55000 Puffs Juicy Peaches: Dual Mesh Coil, Smart Display, 42ml e-liquid, 950mAh Type\u2011C rechargeable, 2%\/5% nicotine options.\",\"breadcrumb\":{\"@id\":\"https:\/\/fumot.uk\/product\/juicy-peaches-jnr-ragegorilla-55000-puffs\/#breadcrumb\"},\"inLanguage\":\"es\",\"potentialAction\":[{\"@type\":\"ReadAction\",\"target\":[\"https:\/\/fumot.uk\/product\/juicy-peaches-jnr-ragegorilla-55000-puffs\/\"]}]},{\"@type\":\"ImageObject\",\"inLanguage\":\"es\",\"@id\":\"https:\/\/fumot.uk\/product\/juicy-peaches-jnr-ragegorilla-55000-puffs\/#primaryimage\",\"url\":\"https:\/\/fumot.uk\/wp-content\/uploads\/2026\/01\/JNR-RageGorilla-55000-Puffs-Juicy-Peaches-disposable-e-cigarette.jpg\",\"contentUrl\":\"https:\/\/fumot.uk\/wp-content\/uploads\/2026\/01\/JNR-RageGorilla-55000-Puffs-Juicy-Peaches-disposable-e-cigarette.jpg\",\"width\":800,\"height\":800},{\"@type\":\"BreadcrumbList\",\"@id\":\"https:\/\/fumot.uk\/product\/juicy-peaches-jnr-ragegorilla-55000-puffs\/#breadcrumb\",\"itemListElement\":[{\"@type\":\"ListItem\",\"position\":1,\"name\":\"Home\",\"item\":\"https:\/\/fumot.uk\/\"},{\"@type\":\"ListItem\",\"position\":2,\"name\":\"Shop\",\"item\":\"https:\/\/fumot.uk\/shop\/\"},{\"@type\":\"ListItem\",\"position\":3,\"name\":\"JNR RageGorilla 55000 Puffs Juicy Peaches | Dual Mesh, Smart Display, Type\u2011C Rechargeable\"}]},{\"@type\":\"WebSite\",\"@id\":\"https:\/\/fumot.uk\/#website\",\"url\":\"https:\/\/fumot.uk\/\",\"name\":\"Fumot Official Direct | Straight from the Factory, 100% Genuine\",\"description\":\"Official Website\",\"publisher\":{\"@id\":\"https:\/\/fumot.uk\/#organization\"},\"potentialAction\":[{\"@type\":\"SearchAction\",\"target\":{\"@type\":\"EntryPoint\",\"urlTemplate\":\"https:\/\/fumot.uk\/?s={search_term_string}\"},\"query-input\":{\"@type\":\"PropertyValueSpecification\",\"valueRequired\":true,\"valueName\":\"search_term_string\"}}],\"inLanguage\":\"es\"},{\"@type\":\"Organization\",\"@id\":\"https:\/\/fumot.uk\/#organization\",\"name\":\"Fumot Official Direct | Straight from the Factory, 100% Genuine\",\"url\":\"https:\/\/fumot.uk\/\",\"logo\":{\"@type\":\"ImageObject\",\"inLanguage\":\"es\",\"@id\":\"https:\/\/fumot.uk\/#\/schema\/logo\/image\/\",\"url\":\"https:\/\/fumot.uk\/wp-content\/uploads\/2026\/01\/cropped-fumot-logo1.png\",\"contentUrl\":\"https:\/\/fumot.uk\/wp-content\/uploads\/2026\/01\/cropped-fumot-logo1.png\",\"width\":152,\"height\":106,\"caption\":\"Fumot Official Direct | Straight from the Factory, 100% Genuine\"},\"image\":{\"@id\":\"https:\/\/fumot.uk\/#\/schema\/logo\/image\/\"}}]}<\/script>\n<!-- \/ Yoast SEO plugin. -->","yoast_head_json":{"title":"JNR RageGorilla 55000 Puffs Melocotones Jugosos | fumot.uk","description":"Comprar JNR RageGorilla 55000 Puffs Melocotones Jugosos: Bobina de malla dual, pantalla inteligente, 42ml de e-l\u00edquido, recargable Tipo\u2011C de 950mAh, opciones de nicotina 2%\/5%.","robots":{"index":"index","follow":"follow","max-snippet":"max-snippet:-1","max-image-preview":"max-image-preview:large","max-video-preview":"max-video-preview:-1"},"canonical":"https:\/\/fumot.uk\/es\/product\/juicy-peaches-jnr-ragegorilla-55000-puffs\/","og_locale":"es_ES","og_type":"article","og_title":"Juicy Peaches | JNR RageGorilla 55000 Puffs","og_description":"A ripe, sweet peach vape with big capacity\u2014Dual Mesh Coil, Smart Display, 42ml e-liquid, 950mAh Type\u2011C rechargeable. Available in 2% or 5% nicotine.","og_url":"https:\/\/fumot.uk\/es\/product\/juicy-peaches-jnr-ragegorilla-55000-puffs\/","og_site_name":"Fumot Official Direct | Straight from the Factory, 100% Genuine","article_modified_time":"2026-01-21T06:27:58+00:00","og_image":[{"width":800,"height":800,"url":"https:\/\/fumot.uk\/wp-content\/uploads\/2026\/01\/JNR-RageGorilla-55000-Puffs-Juicy-Peaches-disposable-e-cigarette.jpg","type":"image\/jpeg"}],"twitter_card":"summary_large_image","twitter_misc":{"Tiempo de lectura":"1 minuto"},"schema":{"@context":"https:\/\/schema.org","@graph":[{"@type":"WebPage","@id":"https:\/\/fumot.uk\/product\/juicy-peaches-jnr-ragegorilla-55000-puffs\/","url":"https:\/\/fumot.uk\/product\/juicy-peaches-jnr-ragegorilla-55000-puffs\/","name":"JNR RageGorilla 55000 Puffs Melocotones Jugosos | fumot.uk","isPartOf":{"@id":"https:\/\/fumot.uk\/#website"},"primaryImageOfPage":{"@id":"https:\/\/fumot.uk\/product\/juicy-peaches-jnr-ragegorilla-55000-puffs\/#primaryimage"},"image":{"@id":"https:\/\/fumot.uk\/product\/juicy-peaches-jnr-ragegorilla-55000-puffs\/#primaryimage"},"thumbnailUrl":"https:\/\/fumot.uk\/wp-content\/uploads\/2026\/01\/JNR-RageGorilla-55000-Puffs-Juicy-Peaches-disposable-e-cigarette.jpg","datePublished":"2026-01-21T04:11:15+00:00","dateModified":"2026-01-21T06:27:58+00:00","description":"Comprar JNR RageGorilla 55000 Puffs Melocotones Jugosos: Bobina de malla dual, pantalla inteligente, 42ml de e-l\u00edquido, recargable Tipo\u2011C de 950mAh, opciones de nicotina 2%\/5%.","breadcrumb":{"@id":"https:\/\/fumot.uk\/product\/juicy-peaches-jnr-ragegorilla-55000-puffs\/#breadcrumb"},"inLanguage":"es","potentialAction":[{"@type":"ReadAction","target":["https:\/\/fumot.uk\/product\/juicy-peaches-jnr-ragegorilla-55000-puffs\/"]}]},{"@type":"ImageObject","inLanguage":"es","@id":"https:\/\/fumot.uk\/product\/juicy-peaches-jnr-ragegorilla-55000-puffs\/#primaryimage","url":"https:\/\/fumot.uk\/wp-content\/uploads\/2026\/01\/JNR-RageGorilla-55000-Puffs-Juicy-Peaches-disposable-e-cigarette.jpg","contentUrl":"https:\/\/fumot.uk\/wp-content\/uploads\/2026\/01\/JNR-RageGorilla-55000-Puffs-Juicy-Peaches-disposable-e-cigarette.jpg","width":800,"height":800},{"@type":"BreadcrumbList","@id":"https:\/\/fumot.uk\/product\/juicy-peaches-jnr-ragegorilla-55000-puffs\/#breadcrumb","itemListElement":[{"@type":"ListItem","position":1,"name":"Home","item":"https:\/\/fumot.uk\/"},{"@type":"ListItem","position":2,"name":"Shop","item":"https:\/\/fumot.uk\/shop\/"},{"@type":"ListItem","position":3,"name":"JNR RageGorilla 55000 Puffs Juicy Peaches | Dual Mesh, Smart Display, Type\u2011C Rechargeable"}]},{"@type":"WebSite","@id":"https:\/\/fumot.uk\/#website","url":"https:\/\/fumot.uk\/","name":"Fumot Official Direct | Directo desde la f\u00e1brica, 100% Original","description":"Sitio Oficial","publisher":{"@id":"https:\/\/fumot.uk\/#organization"},"potentialAction":[{"@type":"SearchAction","target":{"@type":"EntryPoint","urlTemplate":"https:\/\/fumot.uk\/?s={search_term_string}"},"query-input":{"@type":"PropertyValueSpecification","valueRequired":true,"valueName":"search_term_string"}}],"inLanguage":"es"},{"@type":"Organization","@id":"https:\/\/fumot.uk\/#organization","name":"Fumot Official Direct | Directo desde la f\u00e1brica, 100% Original","url":"https:\/\/fumot.uk\/","logo":{"@type":"ImageObject","inLanguage":"es","@id":"https:\/\/fumot.uk\/#\/schema\/logo\/image\/","url":"https:\/\/fumot.uk\/wp-content\/uploads\/2026\/01\/cropped-fumot-logo1.png","contentUrl":"https:\/\/fumot.uk\/wp-content\/uploads\/2026\/01\/cropped-fumot-logo1.png","width":152,"height":106,"caption":"Fumot Official Direct | Straight from the Factory, 100% Genuine"},"image":{"@id":"https:\/\/fumot.uk\/#\/schema\/logo\/image\/"}}]}},"_links":{"self":[{"href":"https:\/\/fumot.uk\/es\/wp-json\/wp\/v2\/product\/4529","targetHints":{"allow":["GET"]}}],"collection":[{"href":"https:\/\/fumot.uk\/es\/wp-json\/wp\/v2\/product"}],"about":[{"href":"https:\/\/fumot.uk\/es\/wp-json\/wp\/v2\/types\/product"}],"replies":[{"embeddable":true,"href":"https:\/\/fumot.uk\/es\/wp-json\/wp\/v2\/comments?post=4529"}],"wp:featuredmedia":[{"embeddable":true,"href":"https:\/\/fumot.uk\/es\/wp-json\/wp\/v2\/media\/4573"}],"wp:attachment":[{"href":"https:\/\/fumot.uk\/es\/wp-json\/wp\/v2\/media?parent=4529"}],"wp:term":[{"taxonomy":"product_brand","embeddable":true,"href":"https:\/\/fumot.uk\/es\/wp-json\/wp\/v2\/product_brand?post=4529"},{"taxonomy":"product_cat","embeddable":true,"href":"https:\/\/fumot.uk\/es\/wp-json\/wp\/v2\/product_cat?post=4529"},{"taxonomy":"product_tag","embeddable":true,"href":"https:\/\/fumot.uk\/es\/wp-json\/wp\/v2\/product_tag?post=4529"}],"curies":[{"name":"wp","href":"https:\/\/api.w.org\/{rel}","templated":true}]}}