{"id":4523,"date":"2026-01-21T04:11:14","date_gmt":"2026-01-21T04:11:14","guid":{"rendered":"https:\/\/fumot.uk\/?post_type=product&#038;p=4523"},"modified":"2026-01-21T06:29:49","modified_gmt":"2026-01-21T06:29:49","slug":"blue-razz-cherry-jnr-ragegorilla-55000-puffs","status":"publish","type":"product","link":"https:\/\/fumot.uk\/es\/product\/blue-razz-cherry-jnr-ragegorilla-55000-puffs\/","title":{"rendered":"JNR RageGorilla 55000 Puffs Blue Razz Cherry Vape Desechable | Doble Malla + Pantalla Inteligente"},"content":{"rendered":"<h2>Blue Razz Cherry \u2013 JNR RageGorilla 55000 Puffs<\/h2>\n<p><strong>Cereza Blue Razz<\/strong> combina el brillo \u00e1cido del frambuesa azul con la dulzura jugosa de la cereza para un vapeo afrutado y n\u00edtido que se mantiene suave desde la primera calada hasta la \u00faltima. La nota de baya se presenta al frente con un giro animado, seguida de un final redondo de cereza que se siente limpio, refrescante y bien equilibrado.<\/p>\n<h3>Por qu\u00e9 te encantar\u00e1 este sabor<\/h3>\n<ul>\n<li><strong>Elevaci\u00f3n de baya \u00e1cida<\/strong> (car\u00e1cter de frambuesa azul) que mantiene cada calada con un sabor fresco<\/li>\n<li><strong>Profundidad de cereza dulce<\/strong> para un final m\u00e1s completo de caramelo de frutas<\/li>\n<li><strong>Perfil f\u00e1cil para todo el d\u00eda<\/strong>: afrutado, suave y no abrumador<\/li>\n<\/ul>\n<h3>Destacados del dispositivo (JNR RageGorilla 55000 Puffs)<\/h3>\n<p>El <strong>JNR RageGorilla 55000 Puffs<\/strong> est\u00e1 dise\u00f1ado para una comodidad duradera con un audaz aspecto de cristal y un dise\u00f1o resistente inspirado en un gorila. Un <strong>Doble Bobina de Malla<\/strong> ayuda a entregar vapor m\u00e1s denso y una inhalaci\u00f3n m\u00e1s suave, mientras que el <strong>pantalla LED inteligente<\/strong> mantiene tu informaci\u00f3n clave visible en tiempo real.<\/p>\n<ul>\n<li><strong>Aprox. 55,000 inhalaciones<\/strong><\/li>\n<li><strong>Opciones de nicotina:<\/strong> 2% o 5%<\/li>\n<li><strong>Capacidad de e-l\u00edquido:<\/strong> 42ml<\/li>\n<li><strong>Bater\u00eda:<\/strong> 950mAh (recargable)<\/li>\n<li><strong>Bobina:<\/strong> Doble Bobina de Malla<\/li>\n<li><strong>Pantalla:<\/strong> Pantalla inteligente (bater\u00eda \/ e-l\u00edquido \/ conteo de caladas)<\/li>\n<li><strong>Carga:<\/strong> Carga r\u00e1pida USB Tipo-C<\/li>\n<\/ul>\n<h3>Explora m\u00e1s<\/h3>\n<p>Explora m\u00e1s sabores en la misma serie en <a href=\"https:\/\/fumot.uk\/es\/product-category\/jnr-ragegorilla-55000-puffs\/\">fumot.uk \u2013 colecci\u00f3n JNR RageGorilla 55000 Puffs<\/a>.<\/p>\n<p><em>Nota: El conteo de caladas es una estimaci\u00f3n y puede variar seg\u00fan los h\u00e1bitos de uso.<\/em><\/p>","protected":false},"excerpt":{"rendered":"<p>Blue Razz Cherry para JNR RageGorilla 55000 Puffs: sabor \u00e1cido estilo ar\u00e1ndano con un acabado de cereza jugosa. Bobina de malla dual, pantalla inteligente, 42ml, 950mAh, USB-C.<\/p>","protected":false},"featured_media":4552,"comment_status":"open","ping_status":"closed","template":"","meta":[],"product_brand":[],"product_cat":[235,236,17],"product_tag":[70,237,71,197,22,36,113,72,73,26,199,28],"class_list":{"0":"post-4523","1":"product","2":"type-product","3":"status-publish","4":"has-post-thumbnail","6":"product_cat-55000-puff","7":"product_cat-jnr-ragegorilla-55000-puffs","8":"product_cat-vape","9":"product_tag-2-nikotin","10":"product_tag-42ml","11":"product_tag-5-nikotin","12":"product_tag-950mah","13":"product_tag-blue-razz","14":"product_tag-cherry","15":"product_tag-crystal-vape","16":"product_tag-direct-to-lung","17":"product_tag-dual-mesh","18":"product_tag-rechargeable","19":"product_tag-smart-display","20":"product_tag-type-c","22":"first","23":"instock","24":"sale","25":"shipping-taxable","26":"purchasable","27":"product-type-variable","28":"has-default-attributes"},"yoast_head":"<!-- This site is optimized with the Yoast SEO plugin v26.8 - https:\/\/yoast.com\/product\/yoast-seo-wordpress\/ -->\n<title>Blue Razz Cherry | JNR RageGorilla 55000 Puffs<\/title>\n<meta name=\"description\" content=\"Shop JNR RageGorilla 55000 Puffs Blue Razz Cherry at fumot.uk. Dual Mesh Coil, smart display, 42ml e-liquid, 950mAh rechargeable, USB-C. 2%\/5% nic.\" \/>\n<meta name=\"robots\" content=\"index, follow, max-snippet:-1, max-image-preview:large, max-video-preview:-1\" \/>\n<link rel=\"canonical\" href=\"https:\/\/fumot.uk\/es\/product\/blue-razz-cherry-jnr-ragegorilla-55000-puffs\/\" \/>\n<meta property=\"og:locale\" content=\"es_ES\" \/>\n<meta property=\"og:type\" content=\"article\" \/>\n<meta property=\"og:title\" content=\"Blue Razz Cherry \u2013 JNR RageGorilla 55000 Puffs\" \/>\n<meta property=\"og:description\" content=\"A tangy blue razz twist layered with sweet cherry. Dual Mesh Coil + smart display, 42ml, 950mAh rechargeable, USB-C. Available at fumot.uk.\" \/>\n<meta property=\"og:url\" content=\"https:\/\/fumot.uk\/es\/product\/blue-razz-cherry-jnr-ragegorilla-55000-puffs\/\" \/>\n<meta property=\"og:site_name\" content=\"Fumot Official Direct | Straight from the Factory, 100% Genuine\" \/>\n<meta property=\"article:modified_time\" content=\"2026-01-21T06:29:49+00:00\" \/>\n<meta property=\"og:image\" content=\"https:\/\/fumot.uk\/wp-content\/uploads\/2026\/01\/4-Blue-Razz-Cherry.jpg\" \/>\n\t<meta property=\"og:image:width\" content=\"800\" \/>\n\t<meta property=\"og:image:height\" content=\"800\" \/>\n\t<meta property=\"og:image:type\" content=\"image\/jpeg\" \/>\n<meta name=\"twitter:card\" content=\"summary_large_image\" \/>\n<meta name=\"twitter:label1\" content=\"Tiempo de lectura\" \/>\n\t<meta name=\"twitter:data1\" content=\"1 minuto\" \/>\n<script type=\"application\/ld+json\" class=\"yoast-schema-graph\">{\"@context\":\"https:\/\/schema.org\",\"@graph\":[{\"@type\":\"WebPage\",\"@id\":\"https:\/\/fumot.uk\/product\/blue-razz-cherry-jnr-ragegorilla-55000-puffs\/\",\"url\":\"https:\/\/fumot.uk\/product\/blue-razz-cherry-jnr-ragegorilla-55000-puffs\/\",\"name\":\"Blue Razz Cherry | JNR RageGorilla 55000 Puffs\",\"isPartOf\":{\"@id\":\"https:\/\/fumot.uk\/#website\"},\"primaryImageOfPage\":{\"@id\":\"https:\/\/fumot.uk\/product\/blue-razz-cherry-jnr-ragegorilla-55000-puffs\/#primaryimage\"},\"image\":{\"@id\":\"https:\/\/fumot.uk\/product\/blue-razz-cherry-jnr-ragegorilla-55000-puffs\/#primaryimage\"},\"thumbnailUrl\":\"https:\/\/fumot.uk\/wp-content\/uploads\/2026\/01\/4-Blue-Razz-Cherry.jpg\",\"datePublished\":\"2026-01-21T04:11:14+00:00\",\"dateModified\":\"2026-01-21T06:29:49+00:00\",\"description\":\"Shop JNR RageGorilla 55000 Puffs Blue Razz Cherry at fumot.uk. Dual Mesh Coil, smart display, 42ml e-liquid, 950mAh rechargeable, USB-C. 2%\/5% nic.\",\"breadcrumb\":{\"@id\":\"https:\/\/fumot.uk\/product\/blue-razz-cherry-jnr-ragegorilla-55000-puffs\/#breadcrumb\"},\"inLanguage\":\"es\",\"potentialAction\":[{\"@type\":\"ReadAction\",\"target\":[\"https:\/\/fumot.uk\/product\/blue-razz-cherry-jnr-ragegorilla-55000-puffs\/\"]}]},{\"@type\":\"ImageObject\",\"inLanguage\":\"es\",\"@id\":\"https:\/\/fumot.uk\/product\/blue-razz-cherry-jnr-ragegorilla-55000-puffs\/#primaryimage\",\"url\":\"https:\/\/fumot.uk\/wp-content\/uploads\/2026\/01\/4-Blue-Razz-Cherry.jpg\",\"contentUrl\":\"https:\/\/fumot.uk\/wp-content\/uploads\/2026\/01\/4-Blue-Razz-Cherry.jpg\",\"width\":800,\"height\":800},{\"@type\":\"BreadcrumbList\",\"@id\":\"https:\/\/fumot.uk\/product\/blue-razz-cherry-jnr-ragegorilla-55000-puffs\/#breadcrumb\",\"itemListElement\":[{\"@type\":\"ListItem\",\"position\":1,\"name\":\"Home\",\"item\":\"https:\/\/fumot.uk\/\"},{\"@type\":\"ListItem\",\"position\":2,\"name\":\"Shop\",\"item\":\"https:\/\/fumot.uk\/shop\/\"},{\"@type\":\"ListItem\",\"position\":3,\"name\":\"JNR RageGorilla 55000 Puffs Blue Razz Cherry Disposable Vape | Dual Mesh + Smart Display\"}]},{\"@type\":\"WebSite\",\"@id\":\"https:\/\/fumot.uk\/#website\",\"url\":\"https:\/\/fumot.uk\/\",\"name\":\"Fumot Official Direct | Straight from the Factory, 100% Genuine\",\"description\":\"Official Website\",\"publisher\":{\"@id\":\"https:\/\/fumot.uk\/#organization\"},\"potentialAction\":[{\"@type\":\"SearchAction\",\"target\":{\"@type\":\"EntryPoint\",\"urlTemplate\":\"https:\/\/fumot.uk\/?s={search_term_string}\"},\"query-input\":{\"@type\":\"PropertyValueSpecification\",\"valueRequired\":true,\"valueName\":\"search_term_string\"}}],\"inLanguage\":\"es\"},{\"@type\":\"Organization\",\"@id\":\"https:\/\/fumot.uk\/#organization\",\"name\":\"Fumot Official Direct | Straight from the Factory, 100% Genuine\",\"url\":\"https:\/\/fumot.uk\/\",\"logo\":{\"@type\":\"ImageObject\",\"inLanguage\":\"es\",\"@id\":\"https:\/\/fumot.uk\/#\/schema\/logo\/image\/\",\"url\":\"https:\/\/fumot.uk\/wp-content\/uploads\/2026\/01\/cropped-fumot-logo1.png\",\"contentUrl\":\"https:\/\/fumot.uk\/wp-content\/uploads\/2026\/01\/cropped-fumot-logo1.png\",\"width\":152,\"height\":106,\"caption\":\"Fumot Official Direct | Straight from the Factory, 100% Genuine\"},\"image\":{\"@id\":\"https:\/\/fumot.uk\/#\/schema\/logo\/image\/\"}}]}<\/script>\n<!-- \/ Yoast SEO plugin. -->","yoast_head_json":{"title":"Blue Razz Cherry | JNR RageGorilla 55000 Puffs","description":"Compra JNR RageGorilla 55000 Puffs Blue Razz Cherry en fumot.uk. Bobina de malla dual, pantalla inteligente, 42ml de e-l\u00edquido, 950mAh recargable, USB-C. 2%\/5% nic.","robots":{"index":"index","follow":"follow","max-snippet":"max-snippet:-1","max-image-preview":"max-image-preview:large","max-video-preview":"max-video-preview:-1"},"canonical":"https:\/\/fumot.uk\/es\/product\/blue-razz-cherry-jnr-ragegorilla-55000-puffs\/","og_locale":"es_ES","og_type":"article","og_title":"Blue Razz Cherry \u2013 JNR RageGorilla 55000 Puffs","og_description":"A tangy blue razz twist layered with sweet cherry. Dual Mesh Coil + smart display, 42ml, 950mAh rechargeable, USB-C. Available at fumot.uk.","og_url":"https:\/\/fumot.uk\/es\/product\/blue-razz-cherry-jnr-ragegorilla-55000-puffs\/","og_site_name":"Fumot Official Direct | Straight from the Factory, 100% Genuine","article_modified_time":"2026-01-21T06:29:49+00:00","og_image":[{"width":800,"height":800,"url":"https:\/\/fumot.uk\/wp-content\/uploads\/2026\/01\/4-Blue-Razz-Cherry.jpg","type":"image\/jpeg"}],"twitter_card":"summary_large_image","twitter_misc":{"Tiempo de lectura":"1 minuto"},"schema":{"@context":"https:\/\/schema.org","@graph":[{"@type":"WebPage","@id":"https:\/\/fumot.uk\/product\/blue-razz-cherry-jnr-ragegorilla-55000-puffs\/","url":"https:\/\/fumot.uk\/product\/blue-razz-cherry-jnr-ragegorilla-55000-puffs\/","name":"Blue Razz Cherry | JNR RageGorilla 55000 Puffs","isPartOf":{"@id":"https:\/\/fumot.uk\/#website"},"primaryImageOfPage":{"@id":"https:\/\/fumot.uk\/product\/blue-razz-cherry-jnr-ragegorilla-55000-puffs\/#primaryimage"},"image":{"@id":"https:\/\/fumot.uk\/product\/blue-razz-cherry-jnr-ragegorilla-55000-puffs\/#primaryimage"},"thumbnailUrl":"https:\/\/fumot.uk\/wp-content\/uploads\/2026\/01\/4-Blue-Razz-Cherry.jpg","datePublished":"2026-01-21T04:11:14+00:00","dateModified":"2026-01-21T06:29:49+00:00","description":"Compra JNR RageGorilla 55000 Puffs Blue Razz Cherry en fumot.uk. Bobina de malla dual, pantalla inteligente, 42ml de e-l\u00edquido, 950mAh recargable, USB-C. 2%\/5% nic.","breadcrumb":{"@id":"https:\/\/fumot.uk\/product\/blue-razz-cherry-jnr-ragegorilla-55000-puffs\/#breadcrumb"},"inLanguage":"es","potentialAction":[{"@type":"ReadAction","target":["https:\/\/fumot.uk\/product\/blue-razz-cherry-jnr-ragegorilla-55000-puffs\/"]}]},{"@type":"ImageObject","inLanguage":"es","@id":"https:\/\/fumot.uk\/product\/blue-razz-cherry-jnr-ragegorilla-55000-puffs\/#primaryimage","url":"https:\/\/fumot.uk\/wp-content\/uploads\/2026\/01\/4-Blue-Razz-Cherry.jpg","contentUrl":"https:\/\/fumot.uk\/wp-content\/uploads\/2026\/01\/4-Blue-Razz-Cherry.jpg","width":800,"height":800},{"@type":"BreadcrumbList","@id":"https:\/\/fumot.uk\/product\/blue-razz-cherry-jnr-ragegorilla-55000-puffs\/#breadcrumb","itemListElement":[{"@type":"ListItem","position":1,"name":"Home","item":"https:\/\/fumot.uk\/"},{"@type":"ListItem","position":2,"name":"Shop","item":"https:\/\/fumot.uk\/shop\/"},{"@type":"ListItem","position":3,"name":"JNR RageGorilla 55000 Puffs Blue Razz Cherry Disposable Vape | Dual Mesh + Smart Display"}]},{"@type":"WebSite","@id":"https:\/\/fumot.uk\/#website","url":"https:\/\/fumot.uk\/","name":"Fumot Official Direct | Directo desde la f\u00e1brica, 100% Original","description":"Sitio Oficial","publisher":{"@id":"https:\/\/fumot.uk\/#organization"},"potentialAction":[{"@type":"SearchAction","target":{"@type":"EntryPoint","urlTemplate":"https:\/\/fumot.uk\/?s={search_term_string}"},"query-input":{"@type":"PropertyValueSpecification","valueRequired":true,"valueName":"search_term_string"}}],"inLanguage":"es"},{"@type":"Organization","@id":"https:\/\/fumot.uk\/#organization","name":"Fumot Official Direct | Directo desde la f\u00e1brica, 100% Original","url":"https:\/\/fumot.uk\/","logo":{"@type":"ImageObject","inLanguage":"es","@id":"https:\/\/fumot.uk\/#\/schema\/logo\/image\/","url":"https:\/\/fumot.uk\/wp-content\/uploads\/2026\/01\/cropped-fumot-logo1.png","contentUrl":"https:\/\/fumot.uk\/wp-content\/uploads\/2026\/01\/cropped-fumot-logo1.png","width":152,"height":106,"caption":"Fumot Official Direct | Straight from the Factory, 100% Genuine"},"image":{"@id":"https:\/\/fumot.uk\/#\/schema\/logo\/image\/"}}]}},"_links":{"self":[{"href":"https:\/\/fumot.uk\/es\/wp-json\/wp\/v2\/product\/4523","targetHints":{"allow":["GET"]}}],"collection":[{"href":"https:\/\/fumot.uk\/es\/wp-json\/wp\/v2\/product"}],"about":[{"href":"https:\/\/fumot.uk\/es\/wp-json\/wp\/v2\/types\/product"}],"replies":[{"embeddable":true,"href":"https:\/\/fumot.uk\/es\/wp-json\/wp\/v2\/comments?post=4523"}],"wp:featuredmedia":[{"embeddable":true,"href":"https:\/\/fumot.uk\/es\/wp-json\/wp\/v2\/media\/4552"}],"wp:attachment":[{"href":"https:\/\/fumot.uk\/es\/wp-json\/wp\/v2\/media?parent=4523"}],"wp:term":[{"taxonomy":"product_brand","embeddable":true,"href":"https:\/\/fumot.uk\/es\/wp-json\/wp\/v2\/product_brand?post=4523"},{"taxonomy":"product_cat","embeddable":true,"href":"https:\/\/fumot.uk\/es\/wp-json\/wp\/v2\/product_cat?post=4523"},{"taxonomy":"product_tag","embeddable":true,"href":"https:\/\/fumot.uk\/es\/wp-json\/wp\/v2\/product_tag?post=4523"}],"curies":[{"name":"wp","href":"https:\/\/api.w.org\/{rel}","templated":true}]}}