{"id":4522,"date":"2026-01-21T04:11:13","date_gmt":"2026-01-21T04:11:13","guid":{"rendered":"https:\/\/fumot.uk\/?post_type=product&#038;p=4522"},"modified":"2026-01-21T06:31:34","modified_gmt":"2026-01-21T06:31:34","slug":"watermelon-ice-jnr-ragegorilla-55000-puffs","status":"publish","type":"product","link":"https:\/\/fumot.uk\/es\/product\/watermelon-ice-jnr-ragegorilla-55000-puffs\/","title":{"rendered":"Watermelon Ice JNR RageGorilla 55000 Puffs Vape Desechable | Malla Dual, Pantalla Inteligente, 42ml"},"content":{"rendered":"<h2>Watermelon Ice | JNR RageGorilla 55000 Puffs<\/h2>\n<p>Convierte cada calada en una escapada fresca de verano con <strong>Hielo de Sand\u00eda<\/strong> en el <strong>JNR RageGorilla 55000 Puffs<\/strong>. Construido con un cuerpo claro como el cristal, audaz e inspirado en Gorilla y l\u00edneas afiladas y robustas, este vape desechable combina estilo destacado con una calada suave y consistente, hecho para llevar todos los d\u00edas y sesiones largas.<\/p>\n<h3>Sabor: Watermelon Ice<\/h3>\n<p>La dulzura jugosa y madura de la sand\u00eda viene primero: limpia, afrutada y refrescante. Luego, un acabado helado y crujiente llega para mantener el perfil ligero y refrescante, como morder una rodaja de sand\u00eda fr\u00eda en un d\u00eda c\u00e1lido. Equilibrado, brillante y f\u00e1cil de disfrutar desde la primera calada hasta la \u00faltima.<\/p>\n<h3>Por qu\u00e9 te gustar\u00e1<\/h3>\n<ul>\n<li><strong>Doble Bobina de Malla<\/strong> para vapor denso pero suave y entrega de sabor m\u00e1s uniforme<\/li>\n<li><strong>Pantalla LED inteligente<\/strong> muestra el nivel de bater\u00eda, el estado del e-l\u00edquido y las caladas restantes en tiempo real<\/li>\n<li><strong>Construcci\u00f3n de alta capacidad<\/strong> dise\u00f1ado para uso prolongado sin reemplazos constantes<\/li>\n<\/ul>\n<h3>Especificaciones<\/h3>\n<ul>\n<li><strong>Caladas:<\/strong> Aproximadamente 55,000<\/li>\n<li><strong>Capacidad de E-L\u00edquido:<\/strong> 42ml<\/li>\n<li><strong>Bater\u00eda:<\/strong> 950mAh<\/li>\n<li><strong>Fuerza de Nicotina:<\/strong> 2% o 5%<\/li>\n<li><strong>Bobina:<\/strong> Doble Bobina de Malla<\/li>\n<li><strong>Carga:<\/strong> Carga r\u00e1pida USB Tipo-C<\/li>\n<li><strong>Pantalla:<\/strong> Pantalla Inteligente<\/li>\n<\/ul>\n<h3>Explora M\u00e1s en fumot.uk<\/h3>\n<p>\u00bfBuscas m\u00e1s estilos de fruta y hielo u otras opciones duraderas? Explora m\u00e1s sabores y dispositivos en <a href=\"https:\/\/fumot.uk\/es\/\" target=\"_blank\" rel=\"noopener\">fumot.uk<\/a>.<\/p>\n<p><em>Nota: La nicotina es una sustancia adictiva. Por favor, \u00fasala responsablemente y mant\u00e9n fuera del alcance de los ni\u00f1os.<\/em><\/p>","protected":false},"excerpt":{"rendered":"<p>Vape desechable Watermelon Ice JNR RageGorilla 55000 Puffs con Dual Mesh Coil, Smart Display, 42ml de e-l\u00edquido, 950mAh recargable Type\u2011C\u2014disponible en 2% o 5% de nicotina.<\/p>","protected":false},"featured_media":4551,"comment_status":"open","ping_status":"closed","template":"","meta":[],"product_brand":[],"product_cat":[235,236,17],"product_tag":[70,237,71,197,113,72,73,29,26,199,28,32],"class_list":{"0":"post-4522","1":"product","2":"type-product","3":"status-publish","4":"has-post-thumbnail","6":"product_cat-55000-puff","7":"product_cat-jnr-ragegorilla-55000-puffs","8":"product_cat-vape","9":"product_tag-2-nikotin","10":"product_tag-42ml","11":"product_tag-5-nikotin","12":"product_tag-950mah","13":"product_tag-crystal-vape","14":"product_tag-direct-to-lung","15":"product_tag-dual-mesh","16":"product_tag-ice","17":"product_tag-rechargeable","18":"product_tag-smart-display","19":"product_tag-type-c","20":"product_tag-watermelon","22":"first","23":"instock","24":"sale","25":"shipping-taxable","26":"purchasable","27":"product-type-variable","28":"has-default-attributes"},"yoast_head":"<!-- This site is optimized with the Yoast SEO plugin v26.8 - https:\/\/yoast.com\/product\/yoast-seo-wordpress\/ -->\n<title>Watermelon Ice JNR RageGorilla 55000 Puffs | 42ml<\/title>\n<meta name=\"description\" content=\"Watermelon Ice JNR RageGorilla 55000 Puffs: Dual Mesh Coil, Smart Display, 42ml e-liquid, 950mAh Type\u2011C rechargeable. Choose 2% or 5% nicotine.\" \/>\n<meta name=\"robots\" content=\"index, follow, max-snippet:-1, max-image-preview:large, max-video-preview:-1\" \/>\n<link rel=\"canonical\" href=\"https:\/\/fumot.uk\/es\/product\/watermelon-ice-jnr-ragegorilla-55000-puffs\/\" \/>\n<meta property=\"og:locale\" content=\"es_ES\" \/>\n<meta property=\"og:type\" content=\"article\" \/>\n<meta property=\"og:title\" content=\"Watermelon Ice \u2014 JNR RageGorilla 55000 Puffs\" \/>\n<meta property=\"og:description\" content=\"Sweet, juicy watermelon with an icy finish. Dual Mesh Coil, Smart Display, 42ml, 950mAh Type\u2011C rechargeable. Available in 2% or 5% nicotine.\" \/>\n<meta property=\"og:url\" content=\"https:\/\/fumot.uk\/es\/product\/watermelon-ice-jnr-ragegorilla-55000-puffs\/\" \/>\n<meta property=\"og:site_name\" content=\"Fumot Official Direct | Straight from the Factory, 100% Genuine\" \/>\n<meta property=\"article:modified_time\" content=\"2026-01-21T06:31:34+00:00\" \/>\n<meta property=\"og:image\" content=\"https:\/\/fumot.uk\/wp-content\/uploads\/2026\/01\/3-Watermelon-Ice.jpg\" \/>\n\t<meta property=\"og:image:width\" content=\"800\" \/>\n\t<meta property=\"og:image:height\" content=\"800\" \/>\n\t<meta property=\"og:image:type\" content=\"image\/jpeg\" \/>\n<meta name=\"twitter:card\" content=\"summary_large_image\" \/>\n<meta name=\"twitter:label1\" content=\"Tiempo de lectura\" \/>\n\t<meta name=\"twitter:data1\" content=\"1 minuto\" \/>\n<script type=\"application\/ld+json\" class=\"yoast-schema-graph\">{\"@context\":\"https:\/\/schema.org\",\"@graph\":[{\"@type\":\"WebPage\",\"@id\":\"https:\/\/fumot.uk\/product\/watermelon-ice-jnr-ragegorilla-55000-puffs\/\",\"url\":\"https:\/\/fumot.uk\/product\/watermelon-ice-jnr-ragegorilla-55000-puffs\/\",\"name\":\"Watermelon Ice JNR RageGorilla 55000 Puffs | 42ml\",\"isPartOf\":{\"@id\":\"https:\/\/fumot.uk\/#website\"},\"primaryImageOfPage\":{\"@id\":\"https:\/\/fumot.uk\/product\/watermelon-ice-jnr-ragegorilla-55000-puffs\/#primaryimage\"},\"image\":{\"@id\":\"https:\/\/fumot.uk\/product\/watermelon-ice-jnr-ragegorilla-55000-puffs\/#primaryimage\"},\"thumbnailUrl\":\"https:\/\/fumot.uk\/wp-content\/uploads\/2026\/01\/3-Watermelon-Ice.jpg\",\"datePublished\":\"2026-01-21T04:11:13+00:00\",\"dateModified\":\"2026-01-21T06:31:34+00:00\",\"description\":\"Watermelon Ice JNR RageGorilla 55000 Puffs: Dual Mesh Coil, Smart Display, 42ml e-liquid, 950mAh Type\u2011C rechargeable. Choose 2% or 5% nicotine.\",\"breadcrumb\":{\"@id\":\"https:\/\/fumot.uk\/product\/watermelon-ice-jnr-ragegorilla-55000-puffs\/#breadcrumb\"},\"inLanguage\":\"es\",\"potentialAction\":[{\"@type\":\"ReadAction\",\"target\":[\"https:\/\/fumot.uk\/product\/watermelon-ice-jnr-ragegorilla-55000-puffs\/\"]}]},{\"@type\":\"ImageObject\",\"inLanguage\":\"es\",\"@id\":\"https:\/\/fumot.uk\/product\/watermelon-ice-jnr-ragegorilla-55000-puffs\/#primaryimage\",\"url\":\"https:\/\/fumot.uk\/wp-content\/uploads\/2026\/01\/3-Watermelon-Ice.jpg\",\"contentUrl\":\"https:\/\/fumot.uk\/wp-content\/uploads\/2026\/01\/3-Watermelon-Ice.jpg\",\"width\":800,\"height\":800},{\"@type\":\"BreadcrumbList\",\"@id\":\"https:\/\/fumot.uk\/product\/watermelon-ice-jnr-ragegorilla-55000-puffs\/#breadcrumb\",\"itemListElement\":[{\"@type\":\"ListItem\",\"position\":1,\"name\":\"Home\",\"item\":\"https:\/\/fumot.uk\/\"},{\"@type\":\"ListItem\",\"position\":2,\"name\":\"Shop\",\"item\":\"https:\/\/fumot.uk\/shop\/\"},{\"@type\":\"ListItem\",\"position\":3,\"name\":\"Watermelon Ice JNR RageGorilla 55000 Puffs Disposable Vape | Dual Mesh, Smart Display, 42ml\"}]},{\"@type\":\"WebSite\",\"@id\":\"https:\/\/fumot.uk\/#website\",\"url\":\"https:\/\/fumot.uk\/\",\"name\":\"Fumot Official Direct | Straight from the Factory, 100% Genuine\",\"description\":\"Official Website\",\"publisher\":{\"@id\":\"https:\/\/fumot.uk\/#organization\"},\"potentialAction\":[{\"@type\":\"SearchAction\",\"target\":{\"@type\":\"EntryPoint\",\"urlTemplate\":\"https:\/\/fumot.uk\/?s={search_term_string}\"},\"query-input\":{\"@type\":\"PropertyValueSpecification\",\"valueRequired\":true,\"valueName\":\"search_term_string\"}}],\"inLanguage\":\"es\"},{\"@type\":\"Organization\",\"@id\":\"https:\/\/fumot.uk\/#organization\",\"name\":\"Fumot Official Direct | Straight from the Factory, 100% Genuine\",\"url\":\"https:\/\/fumot.uk\/\",\"logo\":{\"@type\":\"ImageObject\",\"inLanguage\":\"es\",\"@id\":\"https:\/\/fumot.uk\/#\/schema\/logo\/image\/\",\"url\":\"https:\/\/fumot.uk\/wp-content\/uploads\/2026\/01\/cropped-fumot-logo1.png\",\"contentUrl\":\"https:\/\/fumot.uk\/wp-content\/uploads\/2026\/01\/cropped-fumot-logo1.png\",\"width\":152,\"height\":106,\"caption\":\"Fumot Official Direct | Straight from the Factory, 100% Genuine\"},\"image\":{\"@id\":\"https:\/\/fumot.uk\/#\/schema\/logo\/image\/\"}}]}<\/script>\n<!-- \/ Yoast SEO plugin. -->","yoast_head_json":{"title":"Sand\u00eda Hielo JNR RageGorilla 55000 Caladas | 42ml","description":"Sand\u00eda Ice JNR RageGorilla 55000 Puffs: Doble Bobina de Malla, Pantalla Inteligente, 42ml de e-l\u00edquido, 950mAh Tipo\u2011C recargable. Elija 2% o 5% nicotina.","robots":{"index":"index","follow":"follow","max-snippet":"max-snippet:-1","max-image-preview":"max-image-preview:large","max-video-preview":"max-video-preview:-1"},"canonical":"https:\/\/fumot.uk\/es\/product\/watermelon-ice-jnr-ragegorilla-55000-puffs\/","og_locale":"es_ES","og_type":"article","og_title":"Watermelon Ice \u2014 JNR RageGorilla 55000 Puffs","og_description":"Sweet, juicy watermelon with an icy finish. Dual Mesh Coil, Smart Display, 42ml, 950mAh Type\u2011C rechargeable. Available in 2% or 5% nicotine.","og_url":"https:\/\/fumot.uk\/es\/product\/watermelon-ice-jnr-ragegorilla-55000-puffs\/","og_site_name":"Fumot Official Direct | Straight from the Factory, 100% Genuine","article_modified_time":"2026-01-21T06:31:34+00:00","og_image":[{"width":800,"height":800,"url":"https:\/\/fumot.uk\/wp-content\/uploads\/2026\/01\/3-Watermelon-Ice.jpg","type":"image\/jpeg"}],"twitter_card":"summary_large_image","twitter_misc":{"Tiempo de lectura":"1 minuto"},"schema":{"@context":"https:\/\/schema.org","@graph":[{"@type":"WebPage","@id":"https:\/\/fumot.uk\/product\/watermelon-ice-jnr-ragegorilla-55000-puffs\/","url":"https:\/\/fumot.uk\/product\/watermelon-ice-jnr-ragegorilla-55000-puffs\/","name":"Sand\u00eda Hielo JNR RageGorilla 55000 Caladas | 42ml","isPartOf":{"@id":"https:\/\/fumot.uk\/#website"},"primaryImageOfPage":{"@id":"https:\/\/fumot.uk\/product\/watermelon-ice-jnr-ragegorilla-55000-puffs\/#primaryimage"},"image":{"@id":"https:\/\/fumot.uk\/product\/watermelon-ice-jnr-ragegorilla-55000-puffs\/#primaryimage"},"thumbnailUrl":"https:\/\/fumot.uk\/wp-content\/uploads\/2026\/01\/3-Watermelon-Ice.jpg","datePublished":"2026-01-21T04:11:13+00:00","dateModified":"2026-01-21T06:31:34+00:00","description":"Sand\u00eda Ice JNR RageGorilla 55000 Puffs: Doble Bobina de Malla, Pantalla Inteligente, 42ml de e-l\u00edquido, 950mAh Tipo\u2011C recargable. Elija 2% o 5% nicotina.","breadcrumb":{"@id":"https:\/\/fumot.uk\/product\/watermelon-ice-jnr-ragegorilla-55000-puffs\/#breadcrumb"},"inLanguage":"es","potentialAction":[{"@type":"ReadAction","target":["https:\/\/fumot.uk\/product\/watermelon-ice-jnr-ragegorilla-55000-puffs\/"]}]},{"@type":"ImageObject","inLanguage":"es","@id":"https:\/\/fumot.uk\/product\/watermelon-ice-jnr-ragegorilla-55000-puffs\/#primaryimage","url":"https:\/\/fumot.uk\/wp-content\/uploads\/2026\/01\/3-Watermelon-Ice.jpg","contentUrl":"https:\/\/fumot.uk\/wp-content\/uploads\/2026\/01\/3-Watermelon-Ice.jpg","width":800,"height":800},{"@type":"BreadcrumbList","@id":"https:\/\/fumot.uk\/product\/watermelon-ice-jnr-ragegorilla-55000-puffs\/#breadcrumb","itemListElement":[{"@type":"ListItem","position":1,"name":"Home","item":"https:\/\/fumot.uk\/"},{"@type":"ListItem","position":2,"name":"Shop","item":"https:\/\/fumot.uk\/shop\/"},{"@type":"ListItem","position":3,"name":"Watermelon Ice JNR RageGorilla 55000 Puffs Disposable Vape | Dual Mesh, Smart Display, 42ml"}]},{"@type":"WebSite","@id":"https:\/\/fumot.uk\/#website","url":"https:\/\/fumot.uk\/","name":"Fumot Official Direct | Directo desde la f\u00e1brica, 100% Original","description":"Sitio Oficial","publisher":{"@id":"https:\/\/fumot.uk\/#organization"},"potentialAction":[{"@type":"SearchAction","target":{"@type":"EntryPoint","urlTemplate":"https:\/\/fumot.uk\/?s={search_term_string}"},"query-input":{"@type":"PropertyValueSpecification","valueRequired":true,"valueName":"search_term_string"}}],"inLanguage":"es"},{"@type":"Organization","@id":"https:\/\/fumot.uk\/#organization","name":"Fumot Official Direct | Directo desde la f\u00e1brica, 100% Original","url":"https:\/\/fumot.uk\/","logo":{"@type":"ImageObject","inLanguage":"es","@id":"https:\/\/fumot.uk\/#\/schema\/logo\/image\/","url":"https:\/\/fumot.uk\/wp-content\/uploads\/2026\/01\/cropped-fumot-logo1.png","contentUrl":"https:\/\/fumot.uk\/wp-content\/uploads\/2026\/01\/cropped-fumot-logo1.png","width":152,"height":106,"caption":"Fumot Official Direct | Straight from the Factory, 100% Genuine"},"image":{"@id":"https:\/\/fumot.uk\/#\/schema\/logo\/image\/"}}]}},"_links":{"self":[{"href":"https:\/\/fumot.uk\/es\/wp-json\/wp\/v2\/product\/4522","targetHints":{"allow":["GET"]}}],"collection":[{"href":"https:\/\/fumot.uk\/es\/wp-json\/wp\/v2\/product"}],"about":[{"href":"https:\/\/fumot.uk\/es\/wp-json\/wp\/v2\/types\/product"}],"replies":[{"embeddable":true,"href":"https:\/\/fumot.uk\/es\/wp-json\/wp\/v2\/comments?post=4522"}],"wp:featuredmedia":[{"embeddable":true,"href":"https:\/\/fumot.uk\/es\/wp-json\/wp\/v2\/media\/4551"}],"wp:attachment":[{"href":"https:\/\/fumot.uk\/es\/wp-json\/wp\/v2\/media?parent=4522"}],"wp:term":[{"taxonomy":"product_brand","embeddable":true,"href":"https:\/\/fumot.uk\/es\/wp-json\/wp\/v2\/product_brand?post=4522"},{"taxonomy":"product_cat","embeddable":true,"href":"https:\/\/fumot.uk\/es\/wp-json\/wp\/v2\/product_cat?post=4522"},{"taxonomy":"product_tag","embeddable":true,"href":"https:\/\/fumot.uk\/es\/wp-json\/wp\/v2\/product_tag?post=4522"}],"curies":[{"name":"wp","href":"https:\/\/api.w.org\/{rel}","templated":true}]}}