{"id":4498,"date":"2026-01-21T04:10:49","date_gmt":"2026-01-21T04:10:49","guid":{"rendered":"https:\/\/fumot.uk\/?post_type=product&#038;p=4498"},"modified":"2026-01-21T06:36:58","modified_gmt":"2026-01-21T06:36:58","slug":"summer-peach-lce-jnr-tank-pro-33000-puffs","status":"publish","type":"product","link":"https:\/\/fumot.uk\/es\/product\/summer-peach-lce-jnr-tank-pro-33000-puffs\/","title":{"rendered":"JNR TANK PRO Summer Peach Ice 33000 Puffs Vape Desechable (28ml, Dual Mesh, Pantalla LED, Tipo\u2011C)"},"content":{"rendered":"<h2>JNR TANK PRO 33000 Puffs \u2013 Hielo de Durazno de Verano<\/h2>\n<p><strong>Verano Durazno Hielo<\/strong> ofrece un sabor brillante y jugoso de durazno con un acabado limpio y refrescante, como morder un durazno maduro de verano y sentir una brisa helada al exhalar. El sabor comienza afrutado y suave, luego se desvanece en un frescor refrescante sin dominar el durazno.<\/p>\n<h3>Perfil de Sabor: Durazno Afrutado + Frescura Helada<\/h3>\n<ul>\n<li><strong>Inhalaci\u00f3n:<\/strong> durazno dulce y madurado al sol<\/li>\n<li><strong>Exhalaci\u00f3n:<\/strong> nota ligera de hielo para un regusto fresco y fr\u00edo<\/li>\n<li><strong>En general:<\/strong> vape equilibrado y f\u00e1cil de llevar de durazno helado para todo el d\u00eda<\/li>\n<\/ul>\n<h3>Por qu\u00e9 te gustar\u00e1 el JNR TANK PRO 33000 Puffs<\/h3>\n<p>Dise\u00f1ado para consistencia y conveniencia, el <strong>JNR TANK PRO 33000 Puffs<\/strong> combina una gran capacidad de e\u2011l\u00edquido con una inhalaci\u00f3n suave y uniforme. El <strong>Doble Bobina de Malla<\/strong> ayuda a mantener el sabor estable, mientras que el <strong>pantalla LED inteligente<\/strong> facilita verificar los niveles de bater\u00eda y e\u2011l\u00edquido de un vistazo.<\/p>\n<h3>Caracter\u00edsticas Clave<\/h3>\n<ul>\n<li><strong>Caladas:<\/strong> hasta 33,000<\/li>\n<li><strong>Capacidad de e\u2011l\u00edquido:<\/strong> 28ml (real)<\/li>\n<li><strong>Opciones de nicotina:<\/strong> 2% \/ 5%<\/li>\n<li><strong>Bobina:<\/strong> Doble Bobina de Malla<\/li>\n<li><strong>Bater\u00eda:<\/strong> 850mAh<\/li>\n<li><strong>Carga:<\/strong> Tipo\u2011C<\/li>\n<li><strong>Pantalla:<\/strong> pantalla inteligente LED (muestra nivel de bater\u00eda y e\u2011l\u00edquido)<\/li>\n<li><strong>Ajuste de potencia:<\/strong> 15W \/ 20W<\/li>\n<\/ul>\n<h3>Explora M\u00e1s Sabores<\/h3>\n<p>\u00bfQuieres comparar m\u00e1s opciones de la misma l\u00ednea? Navega por el completo <a href=\"https:\/\/fumot.uk\/es\/product-category\/jnr-tank-pro-33000-puffs\/\"><strong>JNR TANK PRO 33000 Puffs<\/strong><\/a> en fumot.uk para descubrir tu pr\u00f3ximo sabor favorito.<\/p>\n<p><strong>Nota:<\/strong> La disponibilidad de la fuerza de nicotina puede variar seg\u00fan la opci\u00f3n seleccionada.<\/p>","protected":false},"excerpt":{"rendered":"<p>Dulzura de melocot\u00f3n jugoso con un acabado helado y crujiente. JNR TANK PRO Summer Peach Ice ofrece hasta 33,000 inhalaciones, 28ml de e\u2011l\u00edquido, Doble Bobina de Malla, pantalla LED y carga Tipo\u2011C (opciones de nicotina 2%\/5%).<\/p>","protected":false},"featured_media":4546,"comment_status":"open","ping_status":"closed","template":"","meta":[],"product_brand":[],"product_cat":[217,218,17],"product_tag":[70,124,71,20,21,72,23,73,29,30,26,62],"class_list":{"0":"post-4498","1":"product","2":"type-product","3":"status-publish","4":"has-post-thumbnail","6":"product_cat-33000-puff","7":"product_cat-jnr-tank-pro-33000-puffs","8":"product_cat-vape","9":"product_tag-2-nikotin","10":"product_tag-28ml","11":"product_tag-5-nikotin","12":"product_tag-850mah","13":"product_tag-adjustable-airflow","14":"product_tag-direct-to-lung","15":"product_tag-display","16":"product_tag-dual-mesh","17":"product_tag-ice","18":"product_tag-peach","19":"product_tag-rechargeable","20":"product_tag-sale-vape","22":"first","23":"instock","24":"sale","25":"shipping-taxable","26":"purchasable","27":"product-type-variable","28":"has-default-attributes"},"yoast_head":"<!-- This site is optimized with the Yoast SEO plugin v26.8 - https:\/\/yoast.com\/product\/yoast-seo-wordpress\/ -->\n<title>JNR TANK PRO Summer Peach Ice 33000 Puffs (28ml)<\/title>\n<meta name=\"description\" content=\"Summer Peach Ice JNR TANK PRO: juicy peach + cool ice finish. Up to 33,000 puffs, 28ml, Dual Mesh Coil, LED display, 850mAh, Type\u2011C. 2%\/5%.\" \/>\n<meta name=\"robots\" content=\"index, follow, max-snippet:-1, max-image-preview:large, max-video-preview:-1\" \/>\n<link rel=\"canonical\" href=\"https:\/\/fumot.uk\/es\/product\/summer-peach-lce-jnr-tank-pro-33000-puffs\/\" \/>\n<meta property=\"og:locale\" content=\"es_ES\" \/>\n<meta property=\"og:type\" content=\"article\" \/>\n<meta property=\"og:title\" content=\"Summer Peach Ice \u2013 JNR TANK PRO 33000 Puffs\" \/>\n<meta property=\"og:description\" content=\"A juicy summer peach vape with a clean icy exhale. Up to 33,000 puffs, 28ml e\u2011liquid, Dual Mesh Coil, LED display, Type\u2011C charging.\" \/>\n<meta property=\"og:url\" content=\"https:\/\/fumot.uk\/es\/product\/summer-peach-lce-jnr-tank-pro-33000-puffs\/\" \/>\n<meta property=\"og:site_name\" content=\"Fumot Official Direct | Straight from the Factory, 100% Genuine\" \/>\n<meta property=\"article:modified_time\" content=\"2026-01-21T06:36:58+00:00\" \/>\n<meta property=\"og:image\" content=\"https:\/\/fumot.uk\/wp-content\/uploads\/2026\/01\/Summer-Peach-Ice-JNR-TANK-PRO-33000-Puffs-Disposable-Vape.jpg\" \/>\n\t<meta property=\"og:image:width\" content=\"800\" \/>\n\t<meta property=\"og:image:height\" content=\"800\" \/>\n\t<meta property=\"og:image:type\" content=\"image\/jpeg\" \/>\n<meta name=\"twitter:card\" content=\"summary_large_image\" \/>\n<meta name=\"twitter:label1\" content=\"Tiempo de lectura\" \/>\n\t<meta name=\"twitter:data1\" content=\"1 minuto\" \/>\n<script type=\"application\/ld+json\" class=\"yoast-schema-graph\">{\"@context\":\"https:\/\/schema.org\",\"@graph\":[{\"@type\":\"WebPage\",\"@id\":\"https:\/\/fumot.uk\/product\/summer-peach-lce-jnr-tank-pro-33000-puffs\/\",\"url\":\"https:\/\/fumot.uk\/product\/summer-peach-lce-jnr-tank-pro-33000-puffs\/\",\"name\":\"JNR TANK PRO Summer Peach Ice 33000 Puffs (28ml)\",\"isPartOf\":{\"@id\":\"https:\/\/fumot.uk\/#website\"},\"primaryImageOfPage\":{\"@id\":\"https:\/\/fumot.uk\/product\/summer-peach-lce-jnr-tank-pro-33000-puffs\/#primaryimage\"},\"image\":{\"@id\":\"https:\/\/fumot.uk\/product\/summer-peach-lce-jnr-tank-pro-33000-puffs\/#primaryimage\"},\"thumbnailUrl\":\"https:\/\/fumot.uk\/wp-content\/uploads\/2026\/01\/Summer-Peach-Ice-JNR-TANK-PRO-33000-Puffs-Disposable-Vape.jpg\",\"datePublished\":\"2026-01-21T04:10:49+00:00\",\"dateModified\":\"2026-01-21T06:36:58+00:00\",\"description\":\"Summer Peach Ice JNR TANK PRO: juicy peach + cool ice finish. Up to 33,000 puffs, 28ml, Dual Mesh Coil, LED display, 850mAh, Type\u2011C. 2%\/5%.\",\"breadcrumb\":{\"@id\":\"https:\/\/fumot.uk\/product\/summer-peach-lce-jnr-tank-pro-33000-puffs\/#breadcrumb\"},\"inLanguage\":\"es\",\"potentialAction\":[{\"@type\":\"ReadAction\",\"target\":[\"https:\/\/fumot.uk\/product\/summer-peach-lce-jnr-tank-pro-33000-puffs\/\"]}]},{\"@type\":\"ImageObject\",\"inLanguage\":\"es\",\"@id\":\"https:\/\/fumot.uk\/product\/summer-peach-lce-jnr-tank-pro-33000-puffs\/#primaryimage\",\"url\":\"https:\/\/fumot.uk\/wp-content\/uploads\/2026\/01\/Summer-Peach-Ice-JNR-TANK-PRO-33000-Puffs-Disposable-Vape.jpg\",\"contentUrl\":\"https:\/\/fumot.uk\/wp-content\/uploads\/2026\/01\/Summer-Peach-Ice-JNR-TANK-PRO-33000-Puffs-Disposable-Vape.jpg\",\"width\":800,\"height\":800},{\"@type\":\"BreadcrumbList\",\"@id\":\"https:\/\/fumot.uk\/product\/summer-peach-lce-jnr-tank-pro-33000-puffs\/#breadcrumb\",\"itemListElement\":[{\"@type\":\"ListItem\",\"position\":1,\"name\":\"Home\",\"item\":\"https:\/\/fumot.uk\/\"},{\"@type\":\"ListItem\",\"position\":2,\"name\":\"Shop\",\"item\":\"https:\/\/fumot.uk\/shop\/\"},{\"@type\":\"ListItem\",\"position\":3,\"name\":\"JNR TANK PRO Summer Peach Ice 33000 Puffs Disposable Vape (28ml, Dual Mesh, LED Display, Type\u2011C)\"}]},{\"@type\":\"WebSite\",\"@id\":\"https:\/\/fumot.uk\/#website\",\"url\":\"https:\/\/fumot.uk\/\",\"name\":\"Fumot Official Direct | Straight from the Factory, 100% Genuine\",\"description\":\"Official Website\",\"publisher\":{\"@id\":\"https:\/\/fumot.uk\/#organization\"},\"potentialAction\":[{\"@type\":\"SearchAction\",\"target\":{\"@type\":\"EntryPoint\",\"urlTemplate\":\"https:\/\/fumot.uk\/?s={search_term_string}\"},\"query-input\":{\"@type\":\"PropertyValueSpecification\",\"valueRequired\":true,\"valueName\":\"search_term_string\"}}],\"inLanguage\":\"es\"},{\"@type\":\"Organization\",\"@id\":\"https:\/\/fumot.uk\/#organization\",\"name\":\"Fumot Official Direct | Straight from the Factory, 100% Genuine\",\"url\":\"https:\/\/fumot.uk\/\",\"logo\":{\"@type\":\"ImageObject\",\"inLanguage\":\"es\",\"@id\":\"https:\/\/fumot.uk\/#\/schema\/logo\/image\/\",\"url\":\"https:\/\/fumot.uk\/wp-content\/uploads\/2026\/01\/cropped-fumot-logo1.png\",\"contentUrl\":\"https:\/\/fumot.uk\/wp-content\/uploads\/2026\/01\/cropped-fumot-logo1.png\",\"width\":152,\"height\":106,\"caption\":\"Fumot Official Direct | Straight from the Factory, 100% Genuine\"},\"image\":{\"@id\":\"https:\/\/fumot.uk\/#\/schema\/logo\/image\/\"}}]}<\/script>\n<!-- \/ Yoast SEO plugin. -->","yoast_head_json":{"title":"JNR TANK PRO Melocot\u00f3n de Verano Hielo 33000 Caladas (28ml)","description":"Summer Peach Ice JNR TANK PRO: melocot\u00f3n jugoso + acabado fr\u00edo de hielo. Hasta 33,000 inhalaciones, 28ml, Doble Bobina de Malla, pantalla LED, 850mAh, Tipo\u2011C. 2%\/5%.","robots":{"index":"index","follow":"follow","max-snippet":"max-snippet:-1","max-image-preview":"max-image-preview:large","max-video-preview":"max-video-preview:-1"},"canonical":"https:\/\/fumot.uk\/es\/product\/summer-peach-lce-jnr-tank-pro-33000-puffs\/","og_locale":"es_ES","og_type":"article","og_title":"Summer Peach Ice \u2013 JNR TANK PRO 33000 Puffs","og_description":"A juicy summer peach vape with a clean icy exhale. Up to 33,000 puffs, 28ml e\u2011liquid, Dual Mesh Coil, LED display, Type\u2011C charging.","og_url":"https:\/\/fumot.uk\/es\/product\/summer-peach-lce-jnr-tank-pro-33000-puffs\/","og_site_name":"Fumot Official Direct | Straight from the Factory, 100% Genuine","article_modified_time":"2026-01-21T06:36:58+00:00","og_image":[{"width":800,"height":800,"url":"https:\/\/fumot.uk\/wp-content\/uploads\/2026\/01\/Summer-Peach-Ice-JNR-TANK-PRO-33000-Puffs-Disposable-Vape.jpg","type":"image\/jpeg"}],"twitter_card":"summary_large_image","twitter_misc":{"Tiempo de lectura":"1 minuto"},"schema":{"@context":"https:\/\/schema.org","@graph":[{"@type":"WebPage","@id":"https:\/\/fumot.uk\/product\/summer-peach-lce-jnr-tank-pro-33000-puffs\/","url":"https:\/\/fumot.uk\/product\/summer-peach-lce-jnr-tank-pro-33000-puffs\/","name":"JNR TANK PRO Melocot\u00f3n de Verano Hielo 33000 Caladas (28ml)","isPartOf":{"@id":"https:\/\/fumot.uk\/#website"},"primaryImageOfPage":{"@id":"https:\/\/fumot.uk\/product\/summer-peach-lce-jnr-tank-pro-33000-puffs\/#primaryimage"},"image":{"@id":"https:\/\/fumot.uk\/product\/summer-peach-lce-jnr-tank-pro-33000-puffs\/#primaryimage"},"thumbnailUrl":"https:\/\/fumot.uk\/wp-content\/uploads\/2026\/01\/Summer-Peach-Ice-JNR-TANK-PRO-33000-Puffs-Disposable-Vape.jpg","datePublished":"2026-01-21T04:10:49+00:00","dateModified":"2026-01-21T06:36:58+00:00","description":"Summer Peach Ice JNR TANK PRO: melocot\u00f3n jugoso + acabado fr\u00edo de hielo. Hasta 33,000 inhalaciones, 28ml, Doble Bobina de Malla, pantalla LED, 850mAh, Tipo\u2011C. 2%\/5%.","breadcrumb":{"@id":"https:\/\/fumot.uk\/product\/summer-peach-lce-jnr-tank-pro-33000-puffs\/#breadcrumb"},"inLanguage":"es","potentialAction":[{"@type":"ReadAction","target":["https:\/\/fumot.uk\/product\/summer-peach-lce-jnr-tank-pro-33000-puffs\/"]}]},{"@type":"ImageObject","inLanguage":"es","@id":"https:\/\/fumot.uk\/product\/summer-peach-lce-jnr-tank-pro-33000-puffs\/#primaryimage","url":"https:\/\/fumot.uk\/wp-content\/uploads\/2026\/01\/Summer-Peach-Ice-JNR-TANK-PRO-33000-Puffs-Disposable-Vape.jpg","contentUrl":"https:\/\/fumot.uk\/wp-content\/uploads\/2026\/01\/Summer-Peach-Ice-JNR-TANK-PRO-33000-Puffs-Disposable-Vape.jpg","width":800,"height":800},{"@type":"BreadcrumbList","@id":"https:\/\/fumot.uk\/product\/summer-peach-lce-jnr-tank-pro-33000-puffs\/#breadcrumb","itemListElement":[{"@type":"ListItem","position":1,"name":"Home","item":"https:\/\/fumot.uk\/"},{"@type":"ListItem","position":2,"name":"Shop","item":"https:\/\/fumot.uk\/shop\/"},{"@type":"ListItem","position":3,"name":"JNR TANK PRO Summer Peach Ice 33000 Puffs Disposable Vape (28ml, Dual Mesh, LED Display, Type\u2011C)"}]},{"@type":"WebSite","@id":"https:\/\/fumot.uk\/#website","url":"https:\/\/fumot.uk\/","name":"Fumot Official Direct | Directo desde la f\u00e1brica, 100% Original","description":"Sitio Oficial","publisher":{"@id":"https:\/\/fumot.uk\/#organization"},"potentialAction":[{"@type":"SearchAction","target":{"@type":"EntryPoint","urlTemplate":"https:\/\/fumot.uk\/?s={search_term_string}"},"query-input":{"@type":"PropertyValueSpecification","valueRequired":true,"valueName":"search_term_string"}}],"inLanguage":"es"},{"@type":"Organization","@id":"https:\/\/fumot.uk\/#organization","name":"Fumot Official Direct | Directo desde la f\u00e1brica, 100% Original","url":"https:\/\/fumot.uk\/","logo":{"@type":"ImageObject","inLanguage":"es","@id":"https:\/\/fumot.uk\/#\/schema\/logo\/image\/","url":"https:\/\/fumot.uk\/wp-content\/uploads\/2026\/01\/cropped-fumot-logo1.png","contentUrl":"https:\/\/fumot.uk\/wp-content\/uploads\/2026\/01\/cropped-fumot-logo1.png","width":152,"height":106,"caption":"Fumot Official Direct | Straight from the Factory, 100% Genuine"},"image":{"@id":"https:\/\/fumot.uk\/#\/schema\/logo\/image\/"}}]}},"_links":{"self":[{"href":"https:\/\/fumot.uk\/es\/wp-json\/wp\/v2\/product\/4498","targetHints":{"allow":["GET"]}}],"collection":[{"href":"https:\/\/fumot.uk\/es\/wp-json\/wp\/v2\/product"}],"about":[{"href":"https:\/\/fumot.uk\/es\/wp-json\/wp\/v2\/types\/product"}],"replies":[{"embeddable":true,"href":"https:\/\/fumot.uk\/es\/wp-json\/wp\/v2\/comments?post=4498"}],"wp:featuredmedia":[{"embeddable":true,"href":"https:\/\/fumot.uk\/es\/wp-json\/wp\/v2\/media\/4546"}],"wp:attachment":[{"href":"https:\/\/fumot.uk\/es\/wp-json\/wp\/v2\/media?parent=4498"}],"wp:term":[{"taxonomy":"product_brand","embeddable":true,"href":"https:\/\/fumot.uk\/es\/wp-json\/wp\/v2\/product_brand?post=4498"},{"taxonomy":"product_cat","embeddable":true,"href":"https:\/\/fumot.uk\/es\/wp-json\/wp\/v2\/product_cat?post=4498"},{"taxonomy":"product_tag","embeddable":true,"href":"https:\/\/fumot.uk\/es\/wp-json\/wp\/v2\/product_tag?post=4498"}],"curies":[{"name":"wp","href":"https:\/\/api.w.org\/{rel}","templated":true}]}}