{"id":4497,"date":"2026-01-21T04:10:49","date_gmt":"2026-01-21T04:10:49","guid":{"rendered":"https:\/\/fumot.uk\/?post_type=product&#038;p=4497"},"modified":"2026-01-21T06:37:21","modified_gmt":"2026-01-21T06:37:21","slug":"strawberry-banana-jnr-tank-pro-33000-puffs","status":"publish","type":"product","link":"https:\/\/fumot.uk\/es\/product\/strawberry-banana-jnr-tank-pro-33000-puffs\/","title":{"rendered":"JNR TANK PRO 33000 Puffs Fresa Pl\u00e1tano Vape Desechable (28ml, Malla Doble, Pantalla LED, Tipo\u2011C, 850mAh)"},"content":{"rendered":"<h2>JNR TANK PRO 33000 Puffs \u2013 Fresa Pl\u00e1tano<\/h2>\n<p>Disfruta de una mezcla suave y afrutada con la <strong>JNR TANK PRO 33000 Puffs Fresa Pl\u00e1tano<\/strong>. La inhalaci\u00f3n comienza con un dulce de fresa brillante y jugoso, seguido de un acabado cremoso de pl\u00e1tano que se siente suave y satisfactorio, equilibrado para un vapeo de estilo todo el d\u00eda sin ser abrumador.<\/p>\n<h3>Perfil de Sabor: Dulce Afrutado &amp; Cremoso Suave<\/h3>\n<p><strong>Pl\u00e1tano Fresa<\/strong> trae una mezcla de frutas similar a un postre: notas de fresa vivas al principio, luego un car\u00e1cter de crema de pl\u00e1tano suave en la exhalaci\u00f3n. Combinado con una calada consistente, ofrece un sabor en capas que se mantiene limpio y agradable desde la primera calada hasta la \u00faltima.<\/p>\n<h3>Por Qu\u00e9 Te Encantar\u00e1 el JNR TANK PRO 33000<\/h3>\n<ul>\n<li><strong>Hasta 33000 caladas<\/strong> para uso prolongado*<\/li>\n<li><strong>28ml de e-l\u00edquido real<\/strong> capacidad para un sabor duradero<\/li>\n<li><strong>Doble Bobina de Malla<\/strong> para un calentamiento uniforme y vapor m\u00e1s completo<\/li>\n<li><strong>Pantalla LED (Pantalla Inteligente)<\/strong> muestra claramente el nivel de bater\u00eda y de e-l\u00edquido<\/li>\n<li><strong>de 850mAh<\/strong> dise\u00f1ado para la fiabilidad diaria<\/li>\n<li><strong>carga r\u00e1pida Type\u2011C<\/strong> para recargas r\u00e1pidas<\/li>\n<li><strong>Ajuste de potencia:<\/strong> 15W \/ 20W<\/li>\n<li><strong>Opciones de nicotina:<\/strong> 2% o 5%<\/li>\n<\/ul>\n<p><em>*El conteo de caladas var\u00eda seg\u00fan los h\u00e1bitos de uso y configuraciones.<\/em><\/p>\n<h3>Especificaciones<\/h3>\n<ul>\n<li><strong>RandM Tornado 12000 Puffs<\/strong> JNR TANK PRO<\/li>\n<li><strong>Caladas:<\/strong> 33000<\/li>\n<li><strong>Sabor:<\/strong> Pl\u00e1tano Fresa<\/li>\n<li><strong>E-l\u00edquido:<\/strong> 28ml<\/li>\n<li><strong>Nicotina:<\/strong> 2% \/ 5%<\/li>\n<li><strong>Bobina:<\/strong> Doble Bobina de Malla<\/li>\n<li><strong>Bater\u00eda:<\/strong> 850mAh<\/li>\n<li><strong>Carga:<\/strong> Tipo\u2011C<\/li>\n<li><strong>Pantalla:<\/strong> Pantalla LED (Pantalla Inteligente)<\/li>\n<li><strong>Potencia:<\/strong> 15W &amp; 20W<\/li>\n<\/ul>\n<h3>Explora M\u00e1s Sabores en fumot.uk<\/h3>\n<p>\u00bfQuieres comparar m\u00e1s opciones en la misma serie? Explora la gama completa aqu\u00ed: <a href=\"https:\/\/fumot.uk\/es\/product-category\/jnr-tank-pro-33000-puffs\/\">JNR TANK PRO 33000 Puffs<\/a>.<\/p>","protected":false},"excerpt":{"rendered":"<p>JNR TANK PRO 33000 Puffs Strawberry Banana vape desechable con 28ml de e-l\u00edquido real, Doble Bobina de Malla, pantalla inteligente LED, bater\u00eda de 850mAh, carga Tipo\u2011C, y opciones de nicotina 2%\/5%.<\/p>","protected":false},"featured_media":4545,"comment_status":"open","ping_status":"closed","template":"","meta":[],"product_brand":[],"product_cat":[217,218,17],"product_tag":[70,124,71,20,21,57,72,23,73,26,62,37],"class_list":{"0":"post-4497","1":"product","2":"type-product","3":"status-publish","4":"has-post-thumbnail","6":"product_cat-33000-puff","7":"product_cat-jnr-tank-pro-33000-puffs","8":"product_cat-vape","9":"product_tag-2-nikotin","10":"product_tag-28ml","11":"product_tag-5-nikotin","12":"product_tag-850mah","13":"product_tag-adjustable-airflow","14":"product_tag-banana","15":"product_tag-direct-to-lung","16":"product_tag-display","17":"product_tag-dual-mesh","18":"product_tag-rechargeable","19":"product_tag-sale-vape","20":"product_tag-strawberry","22":"first","23":"instock","24":"sale","25":"shipping-taxable","26":"purchasable","27":"product-type-variable","28":"has-default-attributes"},"yoast_head":"<!-- This site is optimized with the Yoast SEO plugin v26.8 - https:\/\/yoast.com\/product\/yoast-seo-wordpress\/ -->\n<title>JNR TANK PRO 33000 Strawberry Banana | 28ml, Dual Mesh<\/title>\n<meta name=\"description\" content=\"JNR TANK PRO 33000 Puffs Strawberry Banana: real 28ml e-liquid, Dual Mesh Coil, LED display, 850mAh, Type\u2011C charging, 2%\/5% nicotine. Shop fumot.uk.\" \/>\n<meta name=\"robots\" content=\"index, follow, max-snippet:-1, max-image-preview:large, max-video-preview:-1\" \/>\n<link rel=\"canonical\" href=\"https:\/\/fumot.uk\/es\/product\/strawberry-banana-jnr-tank-pro-33000-puffs\/\" \/>\n<meta property=\"og:locale\" content=\"es_ES\" \/>\n<meta property=\"og:type\" content=\"article\" \/>\n<meta property=\"og:title\" content=\"Strawberry Banana JNR TANK PRO 33000 Puffs (28ml)\" \/>\n<meta property=\"og:description\" content=\"A smooth strawberry-to-creamy-banana blend with Dual Mesh Coil, LED smart screen, 850mAh battery and Type\u2011C charging. 2% or 5% nicotine.\" \/>\n<meta property=\"og:url\" content=\"https:\/\/fumot.uk\/es\/product\/strawberry-banana-jnr-tank-pro-33000-puffs\/\" \/>\n<meta property=\"og:site_name\" content=\"Fumot Official Direct | Straight from the Factory, 100% Genuine\" \/>\n<meta property=\"article:modified_time\" content=\"2026-01-21T06:37:21+00:00\" \/>\n<meta property=\"og:image\" content=\"https:\/\/fumot.uk\/wp-content\/uploads\/2026\/01\/Strawberry-Banana-JNR-TANK-PRO-33000-Puffs-Disposable-Vape.jpg\" \/>\n\t<meta property=\"og:image:width\" content=\"800\" \/>\n\t<meta property=\"og:image:height\" content=\"800\" \/>\n\t<meta property=\"og:image:type\" content=\"image\/jpeg\" \/>\n<meta name=\"twitter:card\" content=\"summary_large_image\" \/>\n<meta name=\"twitter:label1\" content=\"Tiempo de lectura\" \/>\n\t<meta name=\"twitter:data1\" content=\"1 minuto\" \/>\n<script type=\"application\/ld+json\" class=\"yoast-schema-graph\">{\"@context\":\"https:\/\/schema.org\",\"@graph\":[{\"@type\":\"WebPage\",\"@id\":\"https:\/\/fumot.uk\/product\/strawberry-banana-jnr-tank-pro-33000-puffs\/\",\"url\":\"https:\/\/fumot.uk\/product\/strawberry-banana-jnr-tank-pro-33000-puffs\/\",\"name\":\"JNR TANK PRO 33000 Strawberry Banana | 28ml, Dual Mesh\",\"isPartOf\":{\"@id\":\"https:\/\/fumot.uk\/#website\"},\"primaryImageOfPage\":{\"@id\":\"https:\/\/fumot.uk\/product\/strawberry-banana-jnr-tank-pro-33000-puffs\/#primaryimage\"},\"image\":{\"@id\":\"https:\/\/fumot.uk\/product\/strawberry-banana-jnr-tank-pro-33000-puffs\/#primaryimage\"},\"thumbnailUrl\":\"https:\/\/fumot.uk\/wp-content\/uploads\/2026\/01\/Strawberry-Banana-JNR-TANK-PRO-33000-Puffs-Disposable-Vape.jpg\",\"datePublished\":\"2026-01-21T04:10:49+00:00\",\"dateModified\":\"2026-01-21T06:37:21+00:00\",\"description\":\"JNR TANK PRO 33000 Puffs Strawberry Banana: real 28ml e-liquid, Dual Mesh Coil, LED display, 850mAh, Type\u2011C charging, 2%\/5% nicotine. Shop fumot.uk.\",\"breadcrumb\":{\"@id\":\"https:\/\/fumot.uk\/product\/strawberry-banana-jnr-tank-pro-33000-puffs\/#breadcrumb\"},\"inLanguage\":\"es\",\"potentialAction\":[{\"@type\":\"ReadAction\",\"target\":[\"https:\/\/fumot.uk\/product\/strawberry-banana-jnr-tank-pro-33000-puffs\/\"]}]},{\"@type\":\"ImageObject\",\"inLanguage\":\"es\",\"@id\":\"https:\/\/fumot.uk\/product\/strawberry-banana-jnr-tank-pro-33000-puffs\/#primaryimage\",\"url\":\"https:\/\/fumot.uk\/wp-content\/uploads\/2026\/01\/Strawberry-Banana-JNR-TANK-PRO-33000-Puffs-Disposable-Vape.jpg\",\"contentUrl\":\"https:\/\/fumot.uk\/wp-content\/uploads\/2026\/01\/Strawberry-Banana-JNR-TANK-PRO-33000-Puffs-Disposable-Vape.jpg\",\"width\":800,\"height\":800},{\"@type\":\"BreadcrumbList\",\"@id\":\"https:\/\/fumot.uk\/product\/strawberry-banana-jnr-tank-pro-33000-puffs\/#breadcrumb\",\"itemListElement\":[{\"@type\":\"ListItem\",\"position\":1,\"name\":\"Home\",\"item\":\"https:\/\/fumot.uk\/\"},{\"@type\":\"ListItem\",\"position\":2,\"name\":\"Shop\",\"item\":\"https:\/\/fumot.uk\/shop\/\"},{\"@type\":\"ListItem\",\"position\":3,\"name\":\"JNR TANK PRO 33000 Puffs Strawberry Banana Disposable Vape (28ml, Dual Mesh, LED Display, Type\u2011C, 850mAh)\"}]},{\"@type\":\"WebSite\",\"@id\":\"https:\/\/fumot.uk\/#website\",\"url\":\"https:\/\/fumot.uk\/\",\"name\":\"Fumot Official Direct | Straight from the Factory, 100% Genuine\",\"description\":\"Official Website\",\"publisher\":{\"@id\":\"https:\/\/fumot.uk\/#organization\"},\"potentialAction\":[{\"@type\":\"SearchAction\",\"target\":{\"@type\":\"EntryPoint\",\"urlTemplate\":\"https:\/\/fumot.uk\/?s={search_term_string}\"},\"query-input\":{\"@type\":\"PropertyValueSpecification\",\"valueRequired\":true,\"valueName\":\"search_term_string\"}}],\"inLanguage\":\"es\"},{\"@type\":\"Organization\",\"@id\":\"https:\/\/fumot.uk\/#organization\",\"name\":\"Fumot Official Direct | Straight from the Factory, 100% Genuine\",\"url\":\"https:\/\/fumot.uk\/\",\"logo\":{\"@type\":\"ImageObject\",\"inLanguage\":\"es\",\"@id\":\"https:\/\/fumot.uk\/#\/schema\/logo\/image\/\",\"url\":\"https:\/\/fumot.uk\/wp-content\/uploads\/2026\/01\/cropped-fumot-logo1.png\",\"contentUrl\":\"https:\/\/fumot.uk\/wp-content\/uploads\/2026\/01\/cropped-fumot-logo1.png\",\"width\":152,\"height\":106,\"caption\":\"Fumot Official Direct | Straight from the Factory, 100% Genuine\"},\"image\":{\"@id\":\"https:\/\/fumot.uk\/#\/schema\/logo\/image\/\"}}]}<\/script>\n<!-- \/ Yoast SEO plugin. -->","yoast_head_json":{"title":"JNR TANK PRO 33000 Fresa Banana | 28ml, Malla Dual","description":"JNR TANK PRO 33000 Puffs Fresa Pl\u00e1tano: real 28ml e-l\u00edquido, Doble Bobina de Malla, Pantalla LED, 850mAh, carga Tipo\u2011C, 2%\/5% nicotina. Compra en fumot.uk.","robots":{"index":"index","follow":"follow","max-snippet":"max-snippet:-1","max-image-preview":"max-image-preview:large","max-video-preview":"max-video-preview:-1"},"canonical":"https:\/\/fumot.uk\/es\/product\/strawberry-banana-jnr-tank-pro-33000-puffs\/","og_locale":"es_ES","og_type":"article","og_title":"Strawberry Banana JNR TANK PRO 33000 Puffs (28ml)","og_description":"A smooth strawberry-to-creamy-banana blend with Dual Mesh Coil, LED smart screen, 850mAh battery and Type\u2011C charging. 2% or 5% nicotine.","og_url":"https:\/\/fumot.uk\/es\/product\/strawberry-banana-jnr-tank-pro-33000-puffs\/","og_site_name":"Fumot Official Direct | Straight from the Factory, 100% Genuine","article_modified_time":"2026-01-21T06:37:21+00:00","og_image":[{"width":800,"height":800,"url":"https:\/\/fumot.uk\/wp-content\/uploads\/2026\/01\/Strawberry-Banana-JNR-TANK-PRO-33000-Puffs-Disposable-Vape.jpg","type":"image\/jpeg"}],"twitter_card":"summary_large_image","twitter_misc":{"Tiempo de lectura":"1 minuto"},"schema":{"@context":"https:\/\/schema.org","@graph":[{"@type":"WebPage","@id":"https:\/\/fumot.uk\/product\/strawberry-banana-jnr-tank-pro-33000-puffs\/","url":"https:\/\/fumot.uk\/product\/strawberry-banana-jnr-tank-pro-33000-puffs\/","name":"JNR TANK PRO 33000 Fresa Banana | 28ml, Malla Dual","isPartOf":{"@id":"https:\/\/fumot.uk\/#website"},"primaryImageOfPage":{"@id":"https:\/\/fumot.uk\/product\/strawberry-banana-jnr-tank-pro-33000-puffs\/#primaryimage"},"image":{"@id":"https:\/\/fumot.uk\/product\/strawberry-banana-jnr-tank-pro-33000-puffs\/#primaryimage"},"thumbnailUrl":"https:\/\/fumot.uk\/wp-content\/uploads\/2026\/01\/Strawberry-Banana-JNR-TANK-PRO-33000-Puffs-Disposable-Vape.jpg","datePublished":"2026-01-21T04:10:49+00:00","dateModified":"2026-01-21T06:37:21+00:00","description":"JNR TANK PRO 33000 Puffs Fresa Pl\u00e1tano: real 28ml e-l\u00edquido, Doble Bobina de Malla, Pantalla LED, 850mAh, carga Tipo\u2011C, 2%\/5% nicotina. Compra en fumot.uk.","breadcrumb":{"@id":"https:\/\/fumot.uk\/product\/strawberry-banana-jnr-tank-pro-33000-puffs\/#breadcrumb"},"inLanguage":"es","potentialAction":[{"@type":"ReadAction","target":["https:\/\/fumot.uk\/product\/strawberry-banana-jnr-tank-pro-33000-puffs\/"]}]},{"@type":"ImageObject","inLanguage":"es","@id":"https:\/\/fumot.uk\/product\/strawberry-banana-jnr-tank-pro-33000-puffs\/#primaryimage","url":"https:\/\/fumot.uk\/wp-content\/uploads\/2026\/01\/Strawberry-Banana-JNR-TANK-PRO-33000-Puffs-Disposable-Vape.jpg","contentUrl":"https:\/\/fumot.uk\/wp-content\/uploads\/2026\/01\/Strawberry-Banana-JNR-TANK-PRO-33000-Puffs-Disposable-Vape.jpg","width":800,"height":800},{"@type":"BreadcrumbList","@id":"https:\/\/fumot.uk\/product\/strawberry-banana-jnr-tank-pro-33000-puffs\/#breadcrumb","itemListElement":[{"@type":"ListItem","position":1,"name":"Home","item":"https:\/\/fumot.uk\/"},{"@type":"ListItem","position":2,"name":"Shop","item":"https:\/\/fumot.uk\/shop\/"},{"@type":"ListItem","position":3,"name":"JNR TANK PRO 33000 Puffs Strawberry Banana Disposable Vape (28ml, Dual Mesh, LED Display, Type\u2011C, 850mAh)"}]},{"@type":"WebSite","@id":"https:\/\/fumot.uk\/#website","url":"https:\/\/fumot.uk\/","name":"Fumot Official Direct | Directo desde la f\u00e1brica, 100% Original","description":"Sitio Oficial","publisher":{"@id":"https:\/\/fumot.uk\/#organization"},"potentialAction":[{"@type":"SearchAction","target":{"@type":"EntryPoint","urlTemplate":"https:\/\/fumot.uk\/?s={search_term_string}"},"query-input":{"@type":"PropertyValueSpecification","valueRequired":true,"valueName":"search_term_string"}}],"inLanguage":"es"},{"@type":"Organization","@id":"https:\/\/fumot.uk\/#organization","name":"Fumot Official Direct | Directo desde la f\u00e1brica, 100% Original","url":"https:\/\/fumot.uk\/","logo":{"@type":"ImageObject","inLanguage":"es","@id":"https:\/\/fumot.uk\/#\/schema\/logo\/image\/","url":"https:\/\/fumot.uk\/wp-content\/uploads\/2026\/01\/cropped-fumot-logo1.png","contentUrl":"https:\/\/fumot.uk\/wp-content\/uploads\/2026\/01\/cropped-fumot-logo1.png","width":152,"height":106,"caption":"Fumot Official Direct | Straight from the Factory, 100% Genuine"},"image":{"@id":"https:\/\/fumot.uk\/#\/schema\/logo\/image\/"}}]}},"_links":{"self":[{"href":"https:\/\/fumot.uk\/es\/wp-json\/wp\/v2\/product\/4497","targetHints":{"allow":["GET"]}}],"collection":[{"href":"https:\/\/fumot.uk\/es\/wp-json\/wp\/v2\/product"}],"about":[{"href":"https:\/\/fumot.uk\/es\/wp-json\/wp\/v2\/types\/product"}],"replies":[{"embeddable":true,"href":"https:\/\/fumot.uk\/es\/wp-json\/wp\/v2\/comments?post=4497"}],"wp:featuredmedia":[{"embeddable":true,"href":"https:\/\/fumot.uk\/es\/wp-json\/wp\/v2\/media\/4545"}],"wp:attachment":[{"href":"https:\/\/fumot.uk\/es\/wp-json\/wp\/v2\/media?parent=4497"}],"wp:term":[{"taxonomy":"product_brand","embeddable":true,"href":"https:\/\/fumot.uk\/es\/wp-json\/wp\/v2\/product_brand?post=4497"},{"taxonomy":"product_cat","embeddable":true,"href":"https:\/\/fumot.uk\/es\/wp-json\/wp\/v2\/product_cat?post=4497"},{"taxonomy":"product_tag","embeddable":true,"href":"https:\/\/fumot.uk\/es\/wp-json\/wp\/v2\/product_tag?post=4497"}],"curies":[{"name":"wp","href":"https:\/\/api.w.org\/{rel}","templated":true}]}}