{"id":4496,"date":"2026-01-21T04:10:49","date_gmt":"2026-01-21T04:10:49","guid":{"rendered":"https:\/\/fumot.uk\/?post_type=product&#038;p=4496"},"modified":"2026-01-21T06:36:10","modified_gmt":"2026-01-21T06:36:10","slug":"peach-mango-pineapple-jnr-tank-pro-33000-puffs","status":"publish","type":"product","link":"https:\/\/fumot.uk\/es\/product\/peach-mango-pineapple-jnr-tank-pro-33000-puffs\/","title":{"rendered":"JNR TANK PRO Melocot\u00f3n Mango Pi\u00f1a 33000 Caladas Vape Desechable | 28ml | Malla Dual | Pantalla LED"},"content":{"rendered":"<h2>JNR TANK PRO 33000 Puffs \u2013 Durazno Mango Pi\u00f1a<\/h2>\n<p>Lleva vibraciones isle\u00f1as a cada calada con el <strong>JNR TANK PRO 33000 Puffs Durazno Mango Pi\u00f1a<\/strong>. Esta brillante mezcla tropical combina <strong>jugoso melocot\u00f3n<\/strong> y <strong>mango maduro<\/strong> con un <strong>un refrescante acabado de pi\u00f1a<\/strong>, creando un sabor suave y afrutado que se mantiene limpio y vibrante de principio a fin.<\/p>\n<h3>Perfil de Sabor: Dulce Tropical, Acabado N\u00edtido<\/h3>\n<p>Al inhalar, el durazno y el mango ofrecen una dulzura suave, similar a un caramelo. Al exhalar, la pi\u00f1a a\u00f1ade un toque ligero y picante para un sabor equilibrado y refrescante, ideal si te encanta <strong>vape de mango<\/strong>, <strong>sabores de vape de melocot\u00f3n<\/strong>, o <strong>vape desechable de pi\u00f1a<\/strong> sabores.<\/p>\n<h3>Hecho para un Sabor Consistente y Completo<\/h3>\n<p>Alimentado por un <strong>Doble Bobina de Malla<\/strong>, el JNR TANK PRO est\u00e1 dise\u00f1ado para mantener el vapor suave y el sabor consistente. El <strong>Pantalla inteligente LED<\/strong> muestra claramente <strong>bater\u00eda<\/strong> y <strong>niveles de e-l\u00edquido<\/strong>, para que siempre sepas d\u00f3nde est\u00e1s.<\/p>\n<h3>Caracter\u00edsticas Clave<\/h3>\n<ul>\n<li><strong>Caladas:<\/strong> Hasta 33000<\/li>\n<li><strong>E-l\u00edquido:<\/strong> Real 28ml<\/li>\n<li><strong>Opciones de Nicotina:<\/strong> 2% \/ 5%<\/li>\n<li><strong>Bobina:<\/strong> Doble Bobina de Malla<\/li>\n<li><strong>Bater\u00eda:<\/strong> 850mAh<\/li>\n<li><strong>Carga:<\/strong> Carga r\u00e1pida Tipo-C<\/li>\n<li><strong>Pantalla:<\/strong> Pantalla LED (Pantalla Inteligente) \u2013 indicador de bater\u00eda y e-l\u00edquido<\/li>\n<li><strong>Ajuste de Potencia:<\/strong> 15W \/ 20W<\/li>\n<\/ul>\n<p>\u00bfQuieres explorar m\u00e1s sabores y versiones? Visita nuestra <a href=\"https:\/\/fumot.uk\/es\/\">fumot.uk<\/a> tienda para las \u00faltimas novedades y disponibilidad.<\/p>\n<p><strong>Nota:<\/strong> La cantidad de caladas puede variar seg\u00fan los h\u00e1bitos de uso.<\/p>","protected":false},"excerpt":{"rendered":"<p>Melocot\u00f3n Tropical Mango Pi\u00f1a en el JNR TANK PRO 33000 Puffs vape desechable\u201428ml de e-l\u00edquido, Doble Bobina de Malla, Pantalla LED, bater\u00eda de 850mAh, carga Tipo\u2011C, 15W\/20W.<\/p>","protected":false},"featured_media":4544,"comment_status":"open","ping_status":"closed","template":"","meta":[],"product_brand":[],"product_cat":[217,218,17],"product_tag":[70,124,71,20,21,72,23,73,42,30,35,26,62],"class_list":{"0":"post-4496","1":"product","2":"type-product","3":"status-publish","4":"has-post-thumbnail","6":"product_cat-33000-puff","7":"product_cat-jnr-tank-pro-33000-puffs","8":"product_cat-vape","9":"product_tag-2-nikotin","10":"product_tag-28ml","11":"product_tag-5-nikotin","12":"product_tag-850mah","13":"product_tag-adjustable-airflow","14":"product_tag-direct-to-lung","15":"product_tag-display","16":"product_tag-dual-mesh","17":"product_tag-mango","18":"product_tag-peach","19":"product_tag-pineapple","20":"product_tag-rechargeable","21":"product_tag-sale-vape","23":"first","24":"instock","25":"sale","26":"shipping-taxable","27":"purchasable","28":"product-type-variable","29":"has-default-attributes"},"yoast_head":"<!-- This site is optimized with the Yoast SEO plugin v26.8 - https:\/\/yoast.com\/product\/yoast-seo-wordpress\/ -->\n<title>JNR TANK PRO Peach Mango Pineapple 33000 Puffs<\/title>\n<meta name=\"description\" content=\"JNR TANK PRO 33000 Puffs Peach Mango Pineapple: tropical peach &amp; mango with a crisp pineapple finish. 28ml, Dual Mesh, LED screen, 850mAh, Type\u2011C.\" \/>\n<meta name=\"robots\" content=\"index, follow, max-snippet:-1, max-image-preview:large, max-video-preview:-1\" \/>\n<link rel=\"canonical\" href=\"https:\/\/fumot.uk\/es\/product\/peach-mango-pineapple-jnr-tank-pro-33000-puffs\/\" \/>\n<meta property=\"og:locale\" content=\"es_ES\" \/>\n<meta property=\"og:type\" content=\"article\" \/>\n<meta property=\"og:title\" content=\"Peach Mango Pineapple \u2013 JNR TANK PRO 33000 Puffs\" \/>\n<meta property=\"og:description\" content=\"A juicy tropical mix of peach, mango and pineapple with a refreshing finish. Dual Mesh, 28ml, LED smart screen, Type\u2011C charging.\" \/>\n<meta property=\"og:url\" content=\"https:\/\/fumot.uk\/es\/product\/peach-mango-pineapple-jnr-tank-pro-33000-puffs\/\" \/>\n<meta property=\"og:site_name\" content=\"Fumot Official Direct | Straight from the Factory, 100% Genuine\" \/>\n<meta property=\"article:modified_time\" content=\"2026-01-21T06:36:10+00:00\" \/>\n<meta property=\"og:image\" content=\"https:\/\/fumot.uk\/wp-content\/uploads\/2026\/01\/Peach-Mango-Pineapple-JNR-TANK-PRO-33000-Puffs-Disposable-Vape.jpg\" \/>\n\t<meta property=\"og:image:width\" content=\"800\" \/>\n\t<meta property=\"og:image:height\" content=\"800\" \/>\n\t<meta property=\"og:image:type\" content=\"image\/jpeg\" \/>\n<meta name=\"twitter:card\" content=\"summary_large_image\" \/>\n<meta name=\"twitter:label1\" content=\"Tiempo de lectura\" \/>\n\t<meta name=\"twitter:data1\" content=\"1 minuto\" \/>\n<script type=\"application\/ld+json\" class=\"yoast-schema-graph\">{\"@context\":\"https:\/\/schema.org\",\"@graph\":[{\"@type\":\"WebPage\",\"@id\":\"https:\/\/fumot.uk\/product\/peach-mango-pineapple-jnr-tank-pro-33000-puffs\/\",\"url\":\"https:\/\/fumot.uk\/product\/peach-mango-pineapple-jnr-tank-pro-33000-puffs\/\",\"name\":\"JNR TANK PRO Peach Mango Pineapple 33000 Puffs\",\"isPartOf\":{\"@id\":\"https:\/\/fumot.uk\/#website\"},\"primaryImageOfPage\":{\"@id\":\"https:\/\/fumot.uk\/product\/peach-mango-pineapple-jnr-tank-pro-33000-puffs\/#primaryimage\"},\"image\":{\"@id\":\"https:\/\/fumot.uk\/product\/peach-mango-pineapple-jnr-tank-pro-33000-puffs\/#primaryimage\"},\"thumbnailUrl\":\"https:\/\/fumot.uk\/wp-content\/uploads\/2026\/01\/Peach-Mango-Pineapple-JNR-TANK-PRO-33000-Puffs-Disposable-Vape.jpg\",\"datePublished\":\"2026-01-21T04:10:49+00:00\",\"dateModified\":\"2026-01-21T06:36:10+00:00\",\"description\":\"JNR TANK PRO 33000 Puffs Peach Mango Pineapple: tropical peach & mango with a crisp pineapple finish. 28ml, Dual Mesh, LED screen, 850mAh, Type\u2011C.\",\"breadcrumb\":{\"@id\":\"https:\/\/fumot.uk\/product\/peach-mango-pineapple-jnr-tank-pro-33000-puffs\/#breadcrumb\"},\"inLanguage\":\"es\",\"potentialAction\":[{\"@type\":\"ReadAction\",\"target\":[\"https:\/\/fumot.uk\/product\/peach-mango-pineapple-jnr-tank-pro-33000-puffs\/\"]}]},{\"@type\":\"ImageObject\",\"inLanguage\":\"es\",\"@id\":\"https:\/\/fumot.uk\/product\/peach-mango-pineapple-jnr-tank-pro-33000-puffs\/#primaryimage\",\"url\":\"https:\/\/fumot.uk\/wp-content\/uploads\/2026\/01\/Peach-Mango-Pineapple-JNR-TANK-PRO-33000-Puffs-Disposable-Vape.jpg\",\"contentUrl\":\"https:\/\/fumot.uk\/wp-content\/uploads\/2026\/01\/Peach-Mango-Pineapple-JNR-TANK-PRO-33000-Puffs-Disposable-Vape.jpg\",\"width\":800,\"height\":800},{\"@type\":\"BreadcrumbList\",\"@id\":\"https:\/\/fumot.uk\/product\/peach-mango-pineapple-jnr-tank-pro-33000-puffs\/#breadcrumb\",\"itemListElement\":[{\"@type\":\"ListItem\",\"position\":1,\"name\":\"Home\",\"item\":\"https:\/\/fumot.uk\/\"},{\"@type\":\"ListItem\",\"position\":2,\"name\":\"Shop\",\"item\":\"https:\/\/fumot.uk\/shop\/\"},{\"@type\":\"ListItem\",\"position\":3,\"name\":\"JNR TANK PRO Peach Mango Pineapple 33000 Puffs Disposable Vape | 28ml | Dual Mesh | LED Screen\"}]},{\"@type\":\"WebSite\",\"@id\":\"https:\/\/fumot.uk\/#website\",\"url\":\"https:\/\/fumot.uk\/\",\"name\":\"Fumot Official Direct | Straight from the Factory, 100% Genuine\",\"description\":\"Official Website\",\"publisher\":{\"@id\":\"https:\/\/fumot.uk\/#organization\"},\"potentialAction\":[{\"@type\":\"SearchAction\",\"target\":{\"@type\":\"EntryPoint\",\"urlTemplate\":\"https:\/\/fumot.uk\/?s={search_term_string}\"},\"query-input\":{\"@type\":\"PropertyValueSpecification\",\"valueRequired\":true,\"valueName\":\"search_term_string\"}}],\"inLanguage\":\"es\"},{\"@type\":\"Organization\",\"@id\":\"https:\/\/fumot.uk\/#organization\",\"name\":\"Fumot Official Direct | Straight from the Factory, 100% Genuine\",\"url\":\"https:\/\/fumot.uk\/\",\"logo\":{\"@type\":\"ImageObject\",\"inLanguage\":\"es\",\"@id\":\"https:\/\/fumot.uk\/#\/schema\/logo\/image\/\",\"url\":\"https:\/\/fumot.uk\/wp-content\/uploads\/2026\/01\/cropped-fumot-logo1.png\",\"contentUrl\":\"https:\/\/fumot.uk\/wp-content\/uploads\/2026\/01\/cropped-fumot-logo1.png\",\"width\":152,\"height\":106,\"caption\":\"Fumot Official Direct | Straight from the Factory, 100% Genuine\"},\"image\":{\"@id\":\"https:\/\/fumot.uk\/#\/schema\/logo\/image\/\"}}]}<\/script>\n<!-- \/ Yoast SEO plugin. -->","yoast_head_json":{"title":"JNR TANK PRO Melocot\u00f3n Mango Pi\u00f1a 33000 Puffs","description":"JNR TANK PRO 33000 Puffs Peach Mango Pineapple: melocot\u00f3n tropical y mango con un acabado de pi\u00f1a crujiente. 28ml, Dual Mesh, pantalla LED, 850mAh, Type\u2011C.","robots":{"index":"index","follow":"follow","max-snippet":"max-snippet:-1","max-image-preview":"max-image-preview:large","max-video-preview":"max-video-preview:-1"},"canonical":"https:\/\/fumot.uk\/es\/product\/peach-mango-pineapple-jnr-tank-pro-33000-puffs\/","og_locale":"es_ES","og_type":"article","og_title":"Peach Mango Pineapple \u2013 JNR TANK PRO 33000 Puffs","og_description":"A juicy tropical mix of peach, mango and pineapple with a refreshing finish. Dual Mesh, 28ml, LED smart screen, Type\u2011C charging.","og_url":"https:\/\/fumot.uk\/es\/product\/peach-mango-pineapple-jnr-tank-pro-33000-puffs\/","og_site_name":"Fumot Official Direct | Straight from the Factory, 100% Genuine","article_modified_time":"2026-01-21T06:36:10+00:00","og_image":[{"width":800,"height":800,"url":"https:\/\/fumot.uk\/wp-content\/uploads\/2026\/01\/Peach-Mango-Pineapple-JNR-TANK-PRO-33000-Puffs-Disposable-Vape.jpg","type":"image\/jpeg"}],"twitter_card":"summary_large_image","twitter_misc":{"Tiempo de lectura":"1 minuto"},"schema":{"@context":"https:\/\/schema.org","@graph":[{"@type":"WebPage","@id":"https:\/\/fumot.uk\/product\/peach-mango-pineapple-jnr-tank-pro-33000-puffs\/","url":"https:\/\/fumot.uk\/product\/peach-mango-pineapple-jnr-tank-pro-33000-puffs\/","name":"JNR TANK PRO Melocot\u00f3n Mango Pi\u00f1a 33000 Puffs","isPartOf":{"@id":"https:\/\/fumot.uk\/#website"},"primaryImageOfPage":{"@id":"https:\/\/fumot.uk\/product\/peach-mango-pineapple-jnr-tank-pro-33000-puffs\/#primaryimage"},"image":{"@id":"https:\/\/fumot.uk\/product\/peach-mango-pineapple-jnr-tank-pro-33000-puffs\/#primaryimage"},"thumbnailUrl":"https:\/\/fumot.uk\/wp-content\/uploads\/2026\/01\/Peach-Mango-Pineapple-JNR-TANK-PRO-33000-Puffs-Disposable-Vape.jpg","datePublished":"2026-01-21T04:10:49+00:00","dateModified":"2026-01-21T06:36:10+00:00","description":"JNR TANK PRO 33000 Puffs Peach Mango Pineapple: melocot\u00f3n tropical y mango con un acabado de pi\u00f1a crujiente. 28ml, Dual Mesh, pantalla LED, 850mAh, Type\u2011C.","breadcrumb":{"@id":"https:\/\/fumot.uk\/product\/peach-mango-pineapple-jnr-tank-pro-33000-puffs\/#breadcrumb"},"inLanguage":"es","potentialAction":[{"@type":"ReadAction","target":["https:\/\/fumot.uk\/product\/peach-mango-pineapple-jnr-tank-pro-33000-puffs\/"]}]},{"@type":"ImageObject","inLanguage":"es","@id":"https:\/\/fumot.uk\/product\/peach-mango-pineapple-jnr-tank-pro-33000-puffs\/#primaryimage","url":"https:\/\/fumot.uk\/wp-content\/uploads\/2026\/01\/Peach-Mango-Pineapple-JNR-TANK-PRO-33000-Puffs-Disposable-Vape.jpg","contentUrl":"https:\/\/fumot.uk\/wp-content\/uploads\/2026\/01\/Peach-Mango-Pineapple-JNR-TANK-PRO-33000-Puffs-Disposable-Vape.jpg","width":800,"height":800},{"@type":"BreadcrumbList","@id":"https:\/\/fumot.uk\/product\/peach-mango-pineapple-jnr-tank-pro-33000-puffs\/#breadcrumb","itemListElement":[{"@type":"ListItem","position":1,"name":"Home","item":"https:\/\/fumot.uk\/"},{"@type":"ListItem","position":2,"name":"Shop","item":"https:\/\/fumot.uk\/shop\/"},{"@type":"ListItem","position":3,"name":"JNR TANK PRO Peach Mango Pineapple 33000 Puffs Disposable Vape | 28ml | Dual Mesh | LED Screen"}]},{"@type":"WebSite","@id":"https:\/\/fumot.uk\/#website","url":"https:\/\/fumot.uk\/","name":"Fumot Official Direct | Directo desde la f\u00e1brica, 100% Original","description":"Sitio Oficial","publisher":{"@id":"https:\/\/fumot.uk\/#organization"},"potentialAction":[{"@type":"SearchAction","target":{"@type":"EntryPoint","urlTemplate":"https:\/\/fumot.uk\/?s={search_term_string}"},"query-input":{"@type":"PropertyValueSpecification","valueRequired":true,"valueName":"search_term_string"}}],"inLanguage":"es"},{"@type":"Organization","@id":"https:\/\/fumot.uk\/#organization","name":"Fumot Official Direct | Directo desde la f\u00e1brica, 100% Original","url":"https:\/\/fumot.uk\/","logo":{"@type":"ImageObject","inLanguage":"es","@id":"https:\/\/fumot.uk\/#\/schema\/logo\/image\/","url":"https:\/\/fumot.uk\/wp-content\/uploads\/2026\/01\/cropped-fumot-logo1.png","contentUrl":"https:\/\/fumot.uk\/wp-content\/uploads\/2026\/01\/cropped-fumot-logo1.png","width":152,"height":106,"caption":"Fumot Official Direct | Straight from the Factory, 100% Genuine"},"image":{"@id":"https:\/\/fumot.uk\/#\/schema\/logo\/image\/"}}]}},"_links":{"self":[{"href":"https:\/\/fumot.uk\/es\/wp-json\/wp\/v2\/product\/4496","targetHints":{"allow":["GET"]}}],"collection":[{"href":"https:\/\/fumot.uk\/es\/wp-json\/wp\/v2\/product"}],"about":[{"href":"https:\/\/fumot.uk\/es\/wp-json\/wp\/v2\/types\/product"}],"replies":[{"embeddable":true,"href":"https:\/\/fumot.uk\/es\/wp-json\/wp\/v2\/comments?post=4496"}],"wp:featuredmedia":[{"embeddable":true,"href":"https:\/\/fumot.uk\/es\/wp-json\/wp\/v2\/media\/4544"}],"wp:attachment":[{"href":"https:\/\/fumot.uk\/es\/wp-json\/wp\/v2\/media?parent=4496"}],"wp:term":[{"taxonomy":"product_brand","embeddable":true,"href":"https:\/\/fumot.uk\/es\/wp-json\/wp\/v2\/product_brand?post=4496"},{"taxonomy":"product_cat","embeddable":true,"href":"https:\/\/fumot.uk\/es\/wp-json\/wp\/v2\/product_cat?post=4496"},{"taxonomy":"product_tag","embeddable":true,"href":"https:\/\/fumot.uk\/es\/wp-json\/wp\/v2\/product_tag?post=4496"}],"curies":[{"name":"wp","href":"https:\/\/api.w.org\/{rel}","templated":true}]}}