{"id":4301,"date":"2026-01-21T04:09:16","date_gmt":"2026-01-21T04:09:16","guid":{"rendered":"https:\/\/fumot.uk\/?post_type=product&#038;p=4301"},"modified":"2026-01-21T06:56:13","modified_gmt":"2026-01-21T06:56:13","slug":"jnr-radiance-31000-puffs-technologische-vape-blue-razz-lce","status":"publish","type":"product","link":"https:\/\/fumot.uk\/es\/product\/jnr-radiance-31000-puffs-technologische-vape-blue-razz-lce\/","title":{"rendered":"JNR Radiance 31000 Puffs Blue Razz Ice Vape Desechable (28ml, 950mAh, Tipo-C, Pantalla LED)"},"content":{"rendered":"<div class=\"product-description\">\n<h2>JNR Radiance 31000 Puffs \u2013 Blue Razz Ice<\/h2>\n<p><strong>JNR Radiance 31000 Puffs Blue Razz Ice<\/strong> est\u00e1 dise\u00f1ado para vapeadores que quieren un vape desechable duradero y tecnol\u00f3gico con un acabado afrutado y fresco. Espera la dulzura tipo caramelo de <strong>frambuesa azul<\/strong> seguido de un limpio <strong>exhalar fresco y helado<\/strong>\u2014brillante, refrescante y f\u00e1cil de disfrutar todo el d\u00eda.<\/p>\n<h3>Perfil de Sabor: Blue Razz Ice<\/h3>\n<p>Frambuesa azul dulce al principio, luego una nota de hielo refrescante que mantiene el sabor ligero y fresco. Si te gustan los vapes afrutados con un toque fr\u00edo, Blue Razz Ice es una opci\u00f3n confiable.<\/p>\n<h3>Caracter\u00edsticas Clave<\/h3>\n<ul>\n<li><strong>Hasta 31,000 caladas<\/strong> (el uso var\u00eda seg\u00fan la longitud de la calada)<\/li>\n<li><strong>Capacidad de e-l\u00edquido de 28ml<\/strong> para uso prolongado<\/li>\n<li><strong>Doble Bobina de Malla<\/strong> para vapor y sabor suave y consistente<\/li>\n<li><strong>Bater\u00eda recargable de 950mAh<\/strong> con <strong>Carga r\u00e1pida Tipo-C<\/strong><\/li>\n<li><strong>Pantalla inteligente LED<\/strong> para verificar los niveles de bater\u00eda y e-l\u00edquido de un vistazo<\/li>\n<li><strong>Opciones de nicotina:<\/strong> 0%, 2%, 5% (<em>selecciona tu preferencia<\/em>)<\/li>\n<li><strong>Amigable con MTL<\/strong> sensaci\u00f3n para una calada c\u00f3moda estilo cigarrillo<\/li>\n<\/ul>\n<h3>\u00bfPor qu\u00e9 elegir JNR Radiance 31000?<\/h3>\n<p>Este vape desechable JNR Radiance combina alta capacidad de caladas con caracter\u00edsticas pr\u00e1cticas para el d\u00eda a d\u00eda: potencia recargable, un gran tanque de 28ml y una pantalla que te ayuda a mantenerte al tanto del estado de tu dispositivo. La <strong>Blue Razz Ice<\/strong> mezcla a\u00f1ade un sabor afrutado intenso con un acabado refrescante que sigue siendo agradable sin sentirse pesado.<\/p>\n<h3>M\u00e1s de Fumot.uk<\/h3>\n<p>\u00bfQuieres explorar m\u00e1s opciones en esta gama? Navega por nuestra colecci\u00f3n de <a href=\"https:\/\/fumot.uk\/es\/\" target=\"_blank\" rel=\"noopener\">vapes desechables y sabores en fumot.uk<\/a> para encontrar tu pr\u00f3ximo favorito.<\/p>\n<\/div>","protected":false},"excerpt":{"rendered":"<p>JNR Radiance 31000 Puffs Blue Razz Ice vape desechable con 28ml de e-l\u00edquido, Dual Mesh Coil, bater\u00eda recargable de 950mAh, carga Tipo-C y pantalla LED. Nicotina: 0%, 2%, 5%.<\/p>","protected":false},"featured_media":4344,"comment_status":"open","ping_status":"closed","template":"","meta":[],"product_brand":[],"product_cat":[215,216,17],"product_tag":[84,70,124,71,197,22,73,29,202,26,199,28],"class_list":{"0":"post-4301","1":"product","2":"type-product","3":"status-publish","4":"has-post-thumbnail","6":"product_cat-31000-puff","7":"product_cat-jnr-radiance-31000-puffs","8":"product_cat-vape","9":"product_tag-0-nikotin","10":"product_tag-2-nikotin","11":"product_tag-28ml","12":"product_tag-5-nikotin","13":"product_tag-950mah","14":"product_tag-blue-razz","15":"product_tag-dual-mesh","16":"product_tag-ice","17":"product_tag-mouth-to-lung","18":"product_tag-rechargeable","19":"product_tag-smart-display","20":"product_tag-type-c","22":"first","23":"instock","24":"sale","25":"shipping-taxable","26":"purchasable","27":"product-type-variable","28":"has-default-attributes"},"yoast_head":"<!-- This site is optimized with the Yoast SEO plugin v26.8 - https:\/\/yoast.com\/product\/yoast-seo-wordpress\/ -->\n<title>JNR Radiance 31000 Puffs Blue Razz Ice | 28ml<\/title>\n<meta name=\"description\" content=\"Shop JNR Radiance 31000 Puffs Blue Razz Ice: 28ml, Dual Mesh Coil, 950mAh Type\u2011C rechargeable, LED display. Nicotine 0%, 2%, 5%.\" \/>\n<meta name=\"robots\" content=\"index, follow, max-snippet:-1, max-image-preview:large, max-video-preview:-1\" \/>\n<link rel=\"canonical\" href=\"https:\/\/fumot.uk\/es\/product\/jnr-radiance-31000-puffs-technologische-vape-blue-razz-lce\/\" \/>\n<meta property=\"og:locale\" content=\"es_ES\" \/>\n<meta property=\"og:type\" content=\"article\" \/>\n<meta property=\"og:title\" content=\"JNR Radiance 31000 Puffs \u2013 Blue Razz Ice (28ml, Rechargeable)\" \/>\n<meta property=\"og:description\" content=\"Sweet blue raspberry with an icy finish. 28ml, Dual Mesh Coil, 950mAh Type\u2011C rechargeable, LED display, up to 31,000 puffs. Nicotine 0%, 2%, 5%.\" \/>\n<meta property=\"og:url\" content=\"https:\/\/fumot.uk\/es\/product\/jnr-radiance-31000-puffs-technologische-vape-blue-razz-lce\/\" \/>\n<meta property=\"og:site_name\" content=\"Fumot Official Direct | Straight from the Factory, 100% Genuine\" \/>\n<meta property=\"article:modified_time\" content=\"2026-01-21T06:56:13+00:00\" \/>\n<meta property=\"og:image\" content=\"https:\/\/fumot.uk\/wp-content\/uploads\/2026\/01\/JNR-Radiance-31000-Puffs-Blue-Razz-Ice-Disposable-Vape.jpg\" \/>\n\t<meta property=\"og:image:width\" content=\"800\" \/>\n\t<meta property=\"og:image:height\" content=\"800\" \/>\n\t<meta property=\"og:image:type\" content=\"image\/jpeg\" \/>\n<meta name=\"twitter:card\" content=\"summary_large_image\" \/>\n<meta name=\"twitter:label1\" content=\"Tiempo de lectura\" \/>\n\t<meta name=\"twitter:data1\" content=\"1 minuto\" \/>\n<script type=\"application\/ld+json\" class=\"yoast-schema-graph\">{\"@context\":\"https:\/\/schema.org\",\"@graph\":[{\"@type\":\"WebPage\",\"@id\":\"https:\/\/fumot.uk\/product\/jnr-radiance-31000-puffs-technologische-vape-blue-razz-lce\/\",\"url\":\"https:\/\/fumot.uk\/product\/jnr-radiance-31000-puffs-technologische-vape-blue-razz-lce\/\",\"name\":\"JNR Radiance 31000 Puffs Blue Razz Ice | 28ml\",\"isPartOf\":{\"@id\":\"https:\/\/fumot.uk\/#website\"},\"primaryImageOfPage\":{\"@id\":\"https:\/\/fumot.uk\/product\/jnr-radiance-31000-puffs-technologische-vape-blue-razz-lce\/#primaryimage\"},\"image\":{\"@id\":\"https:\/\/fumot.uk\/product\/jnr-radiance-31000-puffs-technologische-vape-blue-razz-lce\/#primaryimage\"},\"thumbnailUrl\":\"https:\/\/fumot.uk\/wp-content\/uploads\/2026\/01\/JNR-Radiance-31000-Puffs-Blue-Razz-Ice-Disposable-Vape.jpg\",\"datePublished\":\"2026-01-21T04:09:16+00:00\",\"dateModified\":\"2026-01-21T06:56:13+00:00\",\"description\":\"Shop JNR Radiance 31000 Puffs Blue Razz Ice: 28ml, Dual Mesh Coil, 950mAh Type\u2011C rechargeable, LED display. Nicotine 0%, 2%, 5%.\",\"breadcrumb\":{\"@id\":\"https:\/\/fumot.uk\/product\/jnr-radiance-31000-puffs-technologische-vape-blue-razz-lce\/#breadcrumb\"},\"inLanguage\":\"es\",\"potentialAction\":[{\"@type\":\"ReadAction\",\"target\":[\"https:\/\/fumot.uk\/product\/jnr-radiance-31000-puffs-technologische-vape-blue-razz-lce\/\"]}]},{\"@type\":\"ImageObject\",\"inLanguage\":\"es\",\"@id\":\"https:\/\/fumot.uk\/product\/jnr-radiance-31000-puffs-technologische-vape-blue-razz-lce\/#primaryimage\",\"url\":\"https:\/\/fumot.uk\/wp-content\/uploads\/2026\/01\/JNR-Radiance-31000-Puffs-Blue-Razz-Ice-Disposable-Vape.jpg\",\"contentUrl\":\"https:\/\/fumot.uk\/wp-content\/uploads\/2026\/01\/JNR-Radiance-31000-Puffs-Blue-Razz-Ice-Disposable-Vape.jpg\",\"width\":800,\"height\":800},{\"@type\":\"BreadcrumbList\",\"@id\":\"https:\/\/fumot.uk\/product\/jnr-radiance-31000-puffs-technologische-vape-blue-razz-lce\/#breadcrumb\",\"itemListElement\":[{\"@type\":\"ListItem\",\"position\":1,\"name\":\"Home\",\"item\":\"https:\/\/fumot.uk\/\"},{\"@type\":\"ListItem\",\"position\":2,\"name\":\"Shop\",\"item\":\"https:\/\/fumot.uk\/shop\/\"},{\"@type\":\"ListItem\",\"position\":3,\"name\":\"JNR Radiance 31000 Puffs Blue Razz Ice Disposable Vape (28ml, 950mAh, Type-C, LED Display)\"}]},{\"@type\":\"WebSite\",\"@id\":\"https:\/\/fumot.uk\/#website\",\"url\":\"https:\/\/fumot.uk\/\",\"name\":\"Fumot Official Direct | Straight from the Factory, 100% Genuine\",\"description\":\"Official Website\",\"publisher\":{\"@id\":\"https:\/\/fumot.uk\/#organization\"},\"potentialAction\":[{\"@type\":\"SearchAction\",\"target\":{\"@type\":\"EntryPoint\",\"urlTemplate\":\"https:\/\/fumot.uk\/?s={search_term_string}\"},\"query-input\":{\"@type\":\"PropertyValueSpecification\",\"valueRequired\":true,\"valueName\":\"search_term_string\"}}],\"inLanguage\":\"es\"},{\"@type\":\"Organization\",\"@id\":\"https:\/\/fumot.uk\/#organization\",\"name\":\"Fumot Official Direct | Straight from the Factory, 100% Genuine\",\"url\":\"https:\/\/fumot.uk\/\",\"logo\":{\"@type\":\"ImageObject\",\"inLanguage\":\"es\",\"@id\":\"https:\/\/fumot.uk\/#\/schema\/logo\/image\/\",\"url\":\"https:\/\/fumot.uk\/wp-content\/uploads\/2026\/01\/cropped-fumot-logo1.png\",\"contentUrl\":\"https:\/\/fumot.uk\/wp-content\/uploads\/2026\/01\/cropped-fumot-logo1.png\",\"width\":152,\"height\":106,\"caption\":\"Fumot Official Direct | Straight from the Factory, 100% Genuine\"},\"image\":{\"@id\":\"https:\/\/fumot.uk\/#\/schema\/logo\/image\/\"}}]}<\/script>\n<!-- \/ Yoast SEO plugin. -->","yoast_head_json":{"title":"JNR Radiance 31000 Puffs Blue Razz Ice | 28ml","description":"Compra JNR Radiance 31000 Puffs Blue Razz Ice: 28ml, Dual Mesh Coil, 950mAh Tipo\u2011C recargable, pantalla LED. Nicotina 0%, 2%, 5%.","robots":{"index":"index","follow":"follow","max-snippet":"max-snippet:-1","max-image-preview":"max-image-preview:large","max-video-preview":"max-video-preview:-1"},"canonical":"https:\/\/fumot.uk\/es\/product\/jnr-radiance-31000-puffs-technologische-vape-blue-razz-lce\/","og_locale":"es_ES","og_type":"article","og_title":"JNR Radiance 31000 Puffs \u2013 Blue Razz Ice (28ml, Rechargeable)","og_description":"Sweet blue raspberry with an icy finish. 28ml, Dual Mesh Coil, 950mAh Type\u2011C rechargeable, LED display, up to 31,000 puffs. Nicotine 0%, 2%, 5%.","og_url":"https:\/\/fumot.uk\/es\/product\/jnr-radiance-31000-puffs-technologische-vape-blue-razz-lce\/","og_site_name":"Fumot Official Direct | Straight from the Factory, 100% Genuine","article_modified_time":"2026-01-21T06:56:13+00:00","og_image":[{"width":800,"height":800,"url":"https:\/\/fumot.uk\/wp-content\/uploads\/2026\/01\/JNR-Radiance-31000-Puffs-Blue-Razz-Ice-Disposable-Vape.jpg","type":"image\/jpeg"}],"twitter_card":"summary_large_image","twitter_misc":{"Tiempo de lectura":"1 minuto"},"schema":{"@context":"https:\/\/schema.org","@graph":[{"@type":"WebPage","@id":"https:\/\/fumot.uk\/product\/jnr-radiance-31000-puffs-technologische-vape-blue-razz-lce\/","url":"https:\/\/fumot.uk\/product\/jnr-radiance-31000-puffs-technologische-vape-blue-razz-lce\/","name":"JNR Radiance 31000 Puffs Blue Razz Ice | 28ml","isPartOf":{"@id":"https:\/\/fumot.uk\/#website"},"primaryImageOfPage":{"@id":"https:\/\/fumot.uk\/product\/jnr-radiance-31000-puffs-technologische-vape-blue-razz-lce\/#primaryimage"},"image":{"@id":"https:\/\/fumot.uk\/product\/jnr-radiance-31000-puffs-technologische-vape-blue-razz-lce\/#primaryimage"},"thumbnailUrl":"https:\/\/fumot.uk\/wp-content\/uploads\/2026\/01\/JNR-Radiance-31000-Puffs-Blue-Razz-Ice-Disposable-Vape.jpg","datePublished":"2026-01-21T04:09:16+00:00","dateModified":"2026-01-21T06:56:13+00:00","description":"Compra JNR Radiance 31000 Puffs Blue Razz Ice: 28ml, Dual Mesh Coil, 950mAh Tipo\u2011C recargable, pantalla LED. Nicotina 0%, 2%, 5%.","breadcrumb":{"@id":"https:\/\/fumot.uk\/product\/jnr-radiance-31000-puffs-technologische-vape-blue-razz-lce\/#breadcrumb"},"inLanguage":"es","potentialAction":[{"@type":"ReadAction","target":["https:\/\/fumot.uk\/product\/jnr-radiance-31000-puffs-technologische-vape-blue-razz-lce\/"]}]},{"@type":"ImageObject","inLanguage":"es","@id":"https:\/\/fumot.uk\/product\/jnr-radiance-31000-puffs-technologische-vape-blue-razz-lce\/#primaryimage","url":"https:\/\/fumot.uk\/wp-content\/uploads\/2026\/01\/JNR-Radiance-31000-Puffs-Blue-Razz-Ice-Disposable-Vape.jpg","contentUrl":"https:\/\/fumot.uk\/wp-content\/uploads\/2026\/01\/JNR-Radiance-31000-Puffs-Blue-Razz-Ice-Disposable-Vape.jpg","width":800,"height":800},{"@type":"BreadcrumbList","@id":"https:\/\/fumot.uk\/product\/jnr-radiance-31000-puffs-technologische-vape-blue-razz-lce\/#breadcrumb","itemListElement":[{"@type":"ListItem","position":1,"name":"Home","item":"https:\/\/fumot.uk\/"},{"@type":"ListItem","position":2,"name":"Shop","item":"https:\/\/fumot.uk\/shop\/"},{"@type":"ListItem","position":3,"name":"JNR Radiance 31000 Puffs Blue Razz Ice Disposable Vape (28ml, 950mAh, Type-C, LED Display)"}]},{"@type":"WebSite","@id":"https:\/\/fumot.uk\/#website","url":"https:\/\/fumot.uk\/","name":"Fumot Official Direct | Directo desde la f\u00e1brica, 100% Original","description":"Sitio Oficial","publisher":{"@id":"https:\/\/fumot.uk\/#organization"},"potentialAction":[{"@type":"SearchAction","target":{"@type":"EntryPoint","urlTemplate":"https:\/\/fumot.uk\/?s={search_term_string}"},"query-input":{"@type":"PropertyValueSpecification","valueRequired":true,"valueName":"search_term_string"}}],"inLanguage":"es"},{"@type":"Organization","@id":"https:\/\/fumot.uk\/#organization","name":"Fumot Official Direct | Directo desde la f\u00e1brica, 100% Original","url":"https:\/\/fumot.uk\/","logo":{"@type":"ImageObject","inLanguage":"es","@id":"https:\/\/fumot.uk\/#\/schema\/logo\/image\/","url":"https:\/\/fumot.uk\/wp-content\/uploads\/2026\/01\/cropped-fumot-logo1.png","contentUrl":"https:\/\/fumot.uk\/wp-content\/uploads\/2026\/01\/cropped-fumot-logo1.png","width":152,"height":106,"caption":"Fumot Official Direct | Straight from the Factory, 100% Genuine"},"image":{"@id":"https:\/\/fumot.uk\/#\/schema\/logo\/image\/"}}]}},"_links":{"self":[{"href":"https:\/\/fumot.uk\/es\/wp-json\/wp\/v2\/product\/4301","targetHints":{"allow":["GET"]}}],"collection":[{"href":"https:\/\/fumot.uk\/es\/wp-json\/wp\/v2\/product"}],"about":[{"href":"https:\/\/fumot.uk\/es\/wp-json\/wp\/v2\/types\/product"}],"replies":[{"embeddable":true,"href":"https:\/\/fumot.uk\/es\/wp-json\/wp\/v2\/comments?post=4301"}],"wp:featuredmedia":[{"embeddable":true,"href":"https:\/\/fumot.uk\/es\/wp-json\/wp\/v2\/media\/4344"}],"wp:attachment":[{"href":"https:\/\/fumot.uk\/es\/wp-json\/wp\/v2\/media?parent=4301"}],"wp:term":[{"taxonomy":"product_brand","embeddable":true,"href":"https:\/\/fumot.uk\/es\/wp-json\/wp\/v2\/product_brand?post=4301"},{"taxonomy":"product_cat","embeddable":true,"href":"https:\/\/fumot.uk\/es\/wp-json\/wp\/v2\/product_cat?post=4301"},{"taxonomy":"product_tag","embeddable":true,"href":"https:\/\/fumot.uk\/es\/wp-json\/wp\/v2\/product_tag?post=4301"}],"curies":[{"name":"wp","href":"https:\/\/api.w.org\/{rel}","templated":true}]}}