{"id":4277,"date":"2026-01-21T04:08:50","date_gmt":"2026-01-21T04:08:50","guid":{"rendered":"https:\/\/fumot.uk\/?post_type=product&#038;p=4277"},"modified":"2026-01-21T07:00:36","modified_gmt":"2026-01-21T07:00:36","slug":"hawaii-jnr-mega-box-50000-puffs","status":"publish","type":"product","link":"https:\/\/fumot.uk\/es\/product\/hawaii-jnr-mega-box-50000-puffs\/","title":{"rendered":"JNR Mega Box Pro Hawaii 50000 Puffs \u2013 Vape Desechable de Frutas Tropicales, 32ml, 850mAh, Pantalla LED (0\/2\/5%)"},"content":{"rendered":"<h2>JNR Mega Box Pro 50000 Puffs (Hawaii) \u2013 Sabor Tropical, Dise\u00f1o Moderno<\/h2>\n<p>Lleva vibraciones isle\u00f1as a cada calada con el <strong>JNR Mega Box Pro 50000 Puffs \u2013 Hawaii<\/strong>. Construido con un acabado met\u00e1lico oscuro y elegante y un limpio <strong>pantalla LED<\/strong>, este dispositivo combina una sensaci\u00f3n premium con practicidad diaria. Est\u00e1 dise\u00f1ado para un vapeo suave y sabroso, sin complicaciones.<\/p>\n<h3>Sabor Hawaii: Mango \u2022 Fruta de la Pasi\u00f3n \u2022 Pi\u00f1a<\/h3>\n<p>El <strong>Haw\u00e1i<\/strong> mezcla es una brillante combinaci\u00f3n tropical de <strong>mango<\/strong>, <strong>maracuy\u00e1<\/strong>, y <strong>pi\u00f1a<\/strong>. Espera un sabor jugoso y afrutado que se mantiene equilibrado: vibrante y refrescante, nunca abrumador. Perfecto si disfrutas de notas ex\u00f3ticas dulces con un acabado limpio.<\/p>\n<h3>Hecho para Sesiones Largas: 32ml + Potencia Recargable<\/h3>\n<p>Con un generoso <strong>32ml de e-l\u00edquido<\/strong> capacidad y una confiable <strong>Bater\u00eda recargable de 850mAh<\/strong>, el JNR Mega Box Pro est\u00e1 dise\u00f1ado para un disfrute prolongado. Recarga f\u00e1cilmente a trav\u00e9s de <strong>USB Tipo-C<\/strong>, y mant\u00e9n un seguimiento de tu vapeo de un vistazo con la pantalla que muestra <strong>bater\u00eda<\/strong> y <strong>que te ayuda a mantener un ojo en los<\/strong> estado.<\/p>\n<h3>Nubes Suaves con Bobina de Malla Doble y Tecnolog\u00eda de N\u00facleo Doble<\/h3>\n<p>El avanzado <strong>Doble Bobina de Malla<\/strong> y <strong>N\u00facleo Doble<\/strong> configuraci\u00f3n ayuda a entregar vapor denso pero suave y capas de sabor m\u00e1s claras\u2014ideal para un <strong>Directo al Pulm\u00f3n (DTL)<\/strong> estilo de calada que deja brillar a las frutas tropicales.<\/p>\n<h3>Caracter\u00edsticas Clave<\/h3>\n<ul>\n<li><strong>Caladas:<\/strong> Hasta 50000 caladas<\/li>\n<li><strong>Sabor:<\/strong> Hawaii (Mango, Fruta de la Pasi\u00f3n, Pi\u00f1a)<\/li>\n<li><strong>E-l\u00edquido:<\/strong> 32ml<\/li>\n<li><strong>Bobina:<\/strong> Doble Bobina de Malla + Doble N\u00facleo<\/li>\n<li><strong>Bater\u00eda:<\/strong> Bobina de malla<\/li>\n<li><strong>Carga:<\/strong> USB Tipo-C<\/li>\n<li><strong>Pantalla:<\/strong> Indicador de nivel de bater\u00eda y e-l\u00edquido<\/li>\n<li><strong>Opciones de nicotina:<\/strong> 0% \/ 2% \/ 5%<\/li>\n<\/ul>\n<h3>Explora M\u00e1s de JNR<\/h3>\n<p>\u00bfBuscas m\u00e1s sabores o la gama completa? Explora nuestra colecci\u00f3n en <a href=\"https:\/\/fumot.uk\/es\/\" target=\"_blank\" rel=\"noopener\">fumot.uk<\/a> y descubre m\u00e1s <a href=\"https:\/\/fumot.uk\/es\/product-category\/jnr-mega-box-pro-50000-puffs\/\" target=\"_blank\" rel=\"noopener\">JNR Mega Box Pro 50000 Puffs<\/a> opciones.<\/p>\n<p><em>Nota:<\/em> La cantidad de caladas puede variar dependiendo del estilo de uso y la longitud de la calada.<\/p>","protected":false},"excerpt":{"rendered":"<p>Mezcla tropical de Haw\u00e1i (mango, fruta de la pasi\u00f3n, pi\u00f1a) en el JNR Mega Box Pro 50000 Puffs. 32ml de e-l\u00edquido, 850mAh recargable Tipo\u2011C, pantalla LED, Doble Malla + Doble N\u00facleo. 0\/2\/5% nicotina.<\/p>","protected":false},"featured_media":4325,"comment_status":"open","ping_status":"closed","template":"","meta":[],"product_brand":[],"product_cat":[110,214,17],"product_tag":[84,70,167,71,20,72,23,73,42,46,35,26,28],"class_list":{"0":"post-4277","1":"product","2":"type-product","3":"status-publish","4":"has-post-thumbnail","6":"product_cat-50000-puff","7":"product_cat-jnr-mega-box-pro-50000-puffs","8":"product_cat-vape","9":"product_tag-0-nikotin","10":"product_tag-2-nikotin","11":"product_tag-32ml","12":"product_tag-5-nikotin","13":"product_tag-850mah","14":"product_tag-direct-to-lung","15":"product_tag-display","16":"product_tag-dual-mesh","17":"product_tag-mango","18":"product_tag-passion-fruit","19":"product_tag-pineapple","20":"product_tag-rechargeable","21":"product_tag-type-c","23":"first","24":"instock","25":"sale","26":"shipping-taxable","27":"purchasable","28":"product-type-variable","29":"has-default-attributes"},"yoast_head":"<!-- This site is optimized with the Yoast SEO plugin v26.8 - https:\/\/yoast.com\/product\/yoast-seo-wordpress\/ -->\n<title>JNR Mega Box Pro Hawaii 50000 Puffs | 32ml, 850mAh<\/title>\n<meta name=\"description\" content=\"JNR Mega Box Pro Hawaii 50000 Puffs: mango, passion fruit &amp; pineapple. 32ml e-liquid, 850mAh Type\u2011C rechargeable, LED display, Dual Mesh coil. 0\/2\/5%.\" \/>\n<meta name=\"robots\" content=\"index, follow, max-snippet:-1, max-image-preview:large, max-video-preview:-1\" \/>\n<link rel=\"canonical\" href=\"https:\/\/fumot.uk\/es\/product\/hawaii-jnr-mega-box-50000-puffs\/\" \/>\n<meta property=\"og:locale\" content=\"es_ES\" \/>\n<meta property=\"og:type\" content=\"article\" \/>\n<meta property=\"og:title\" content=\"JNR Mega Box Pro Hawaii \u2013 50000 Puffs Tropical Fruit\" \/>\n<meta property=\"og:description\" content=\"Juicy mango, passion fruit &amp; pineapple with a smooth DTL draw. 32ml, 850mAh Type\u2011C rechargeable, LED display, Dual Mesh + Dual Core. 0\/2\/5%.\" \/>\n<meta property=\"og:url\" content=\"https:\/\/fumot.uk\/es\/product\/hawaii-jnr-mega-box-50000-puffs\/\" \/>\n<meta property=\"og:site_name\" content=\"Fumot Official Direct | Straight from the Factory, 100% Genuine\" \/>\n<meta property=\"article:modified_time\" content=\"2026-01-21T07:00:36+00:00\" \/>\n<meta property=\"og:image\" content=\"https:\/\/fumot.uk\/wp-content\/uploads\/2026\/01\/HAWAII-JNR-Mega-Box-Pro-50000-Puffs-Disposable-Device-scaled-1.jpg\" \/>\n\t<meta property=\"og:image:width\" content=\"2560\" \/>\n\t<meta property=\"og:image:height\" content=\"2560\" \/>\n\t<meta property=\"og:image:type\" content=\"image\/jpeg\" \/>\n<meta name=\"twitter:card\" content=\"summary_large_image\" \/>\n<meta name=\"twitter:label1\" content=\"Tiempo de lectura\" \/>\n\t<meta name=\"twitter:data1\" content=\"1 minuto\" \/>\n<script type=\"application\/ld+json\" class=\"yoast-schema-graph\">{\"@context\":\"https:\/\/schema.org\",\"@graph\":[{\"@type\":\"WebPage\",\"@id\":\"https:\/\/fumot.uk\/product\/hawaii-jnr-mega-box-50000-puffs\/\",\"url\":\"https:\/\/fumot.uk\/product\/hawaii-jnr-mega-box-50000-puffs\/\",\"name\":\"JNR Mega Box Pro Hawaii 50000 Puffs | 32ml, 850mAh\",\"isPartOf\":{\"@id\":\"https:\/\/fumot.uk\/#website\"},\"primaryImageOfPage\":{\"@id\":\"https:\/\/fumot.uk\/product\/hawaii-jnr-mega-box-50000-puffs\/#primaryimage\"},\"image\":{\"@id\":\"https:\/\/fumot.uk\/product\/hawaii-jnr-mega-box-50000-puffs\/#primaryimage\"},\"thumbnailUrl\":\"https:\/\/fumot.uk\/wp-content\/uploads\/2026\/01\/HAWAII-JNR-Mega-Box-Pro-50000-Puffs-Disposable-Device-scaled-1.jpg\",\"datePublished\":\"2026-01-21T04:08:50+00:00\",\"dateModified\":\"2026-01-21T07:00:36+00:00\",\"description\":\"JNR Mega Box Pro Hawaii 50000 Puffs: mango, passion fruit & pineapple. 32ml e-liquid, 850mAh Type\u2011C rechargeable, LED display, Dual Mesh coil. 0\/2\/5%.\",\"breadcrumb\":{\"@id\":\"https:\/\/fumot.uk\/product\/hawaii-jnr-mega-box-50000-puffs\/#breadcrumb\"},\"inLanguage\":\"es\",\"potentialAction\":[{\"@type\":\"ReadAction\",\"target\":[\"https:\/\/fumot.uk\/product\/hawaii-jnr-mega-box-50000-puffs\/\"]}]},{\"@type\":\"ImageObject\",\"inLanguage\":\"es\",\"@id\":\"https:\/\/fumot.uk\/product\/hawaii-jnr-mega-box-50000-puffs\/#primaryimage\",\"url\":\"https:\/\/fumot.uk\/wp-content\/uploads\/2026\/01\/HAWAII-JNR-Mega-Box-Pro-50000-Puffs-Disposable-Device-scaled-1.jpg\",\"contentUrl\":\"https:\/\/fumot.uk\/wp-content\/uploads\/2026\/01\/HAWAII-JNR-Mega-Box-Pro-50000-Puffs-Disposable-Device-scaled-1.jpg\",\"width\":2560,\"height\":2560},{\"@type\":\"BreadcrumbList\",\"@id\":\"https:\/\/fumot.uk\/product\/hawaii-jnr-mega-box-50000-puffs\/#breadcrumb\",\"itemListElement\":[{\"@type\":\"ListItem\",\"position\":1,\"name\":\"Home\",\"item\":\"https:\/\/fumot.uk\/\"},{\"@type\":\"ListItem\",\"position\":2,\"name\":\"Shop\",\"item\":\"https:\/\/fumot.uk\/shop\/\"},{\"@type\":\"ListItem\",\"position\":3,\"name\":\"JNR Mega Box Pro Hawaii 50000 Puffs \u2013 Tropical Fruit Disposable Vape, 32ml, 850mAh, LED Display (0\/2\/5%)\"}]},{\"@type\":\"WebSite\",\"@id\":\"https:\/\/fumot.uk\/#website\",\"url\":\"https:\/\/fumot.uk\/\",\"name\":\"Fumot Official Direct | Straight from the Factory, 100% Genuine\",\"description\":\"Official Website\",\"publisher\":{\"@id\":\"https:\/\/fumot.uk\/#organization\"},\"potentialAction\":[{\"@type\":\"SearchAction\",\"target\":{\"@type\":\"EntryPoint\",\"urlTemplate\":\"https:\/\/fumot.uk\/?s={search_term_string}\"},\"query-input\":{\"@type\":\"PropertyValueSpecification\",\"valueRequired\":true,\"valueName\":\"search_term_string\"}}],\"inLanguage\":\"es\"},{\"@type\":\"Organization\",\"@id\":\"https:\/\/fumot.uk\/#organization\",\"name\":\"Fumot Official Direct | Straight from the Factory, 100% Genuine\",\"url\":\"https:\/\/fumot.uk\/\",\"logo\":{\"@type\":\"ImageObject\",\"inLanguage\":\"es\",\"@id\":\"https:\/\/fumot.uk\/#\/schema\/logo\/image\/\",\"url\":\"https:\/\/fumot.uk\/wp-content\/uploads\/2026\/01\/cropped-fumot-logo1.png\",\"contentUrl\":\"https:\/\/fumot.uk\/wp-content\/uploads\/2026\/01\/cropped-fumot-logo1.png\",\"width\":152,\"height\":106,\"caption\":\"Fumot Official Direct | Straight from the Factory, 100% Genuine\"},\"image\":{\"@id\":\"https:\/\/fumot.uk\/#\/schema\/logo\/image\/\"}}]}<\/script>\n<!-- \/ Yoast SEO plugin. -->","yoast_head_json":{"title":"JNR Mega Box Pro Hawaii 50000 Caladas | 32ml, 850mAh","description":"JNR Mega Box Pro Hawaii 50000 Puffs: mango, fruta de la pasi\u00f3n y pi\u00f1a. 32ml de e-l\u00edquido, 850mAh recargable Tipo-C, pantalla LED, bobina Dual Mesh. 0\/2\/5%.","robots":{"index":"index","follow":"follow","max-snippet":"max-snippet:-1","max-image-preview":"max-image-preview:large","max-video-preview":"max-video-preview:-1"},"canonical":"https:\/\/fumot.uk\/es\/product\/hawaii-jnr-mega-box-50000-puffs\/","og_locale":"es_ES","og_type":"article","og_title":"JNR Mega Box Pro Hawaii \u2013 50000 Puffs Tropical Fruit","og_description":"Juicy mango, passion fruit & pineapple with a smooth DTL draw. 32ml, 850mAh Type\u2011C rechargeable, LED display, Dual Mesh + Dual Core. 0\/2\/5%.","og_url":"https:\/\/fumot.uk\/es\/product\/hawaii-jnr-mega-box-50000-puffs\/","og_site_name":"Fumot Official Direct | Straight from the Factory, 100% Genuine","article_modified_time":"2026-01-21T07:00:36+00:00","og_image":[{"width":2560,"height":2560,"url":"https:\/\/fumot.uk\/wp-content\/uploads\/2026\/01\/HAWAII-JNR-Mega-Box-Pro-50000-Puffs-Disposable-Device-scaled-1.jpg","type":"image\/jpeg"}],"twitter_card":"summary_large_image","twitter_misc":{"Tiempo de lectura":"1 minuto"},"schema":{"@context":"https:\/\/schema.org","@graph":[{"@type":"WebPage","@id":"https:\/\/fumot.uk\/product\/hawaii-jnr-mega-box-50000-puffs\/","url":"https:\/\/fumot.uk\/product\/hawaii-jnr-mega-box-50000-puffs\/","name":"JNR Mega Box Pro Hawaii 50000 Caladas | 32ml, 850mAh","isPartOf":{"@id":"https:\/\/fumot.uk\/#website"},"primaryImageOfPage":{"@id":"https:\/\/fumot.uk\/product\/hawaii-jnr-mega-box-50000-puffs\/#primaryimage"},"image":{"@id":"https:\/\/fumot.uk\/product\/hawaii-jnr-mega-box-50000-puffs\/#primaryimage"},"thumbnailUrl":"https:\/\/fumot.uk\/wp-content\/uploads\/2026\/01\/HAWAII-JNR-Mega-Box-Pro-50000-Puffs-Disposable-Device-scaled-1.jpg","datePublished":"2026-01-21T04:08:50+00:00","dateModified":"2026-01-21T07:00:36+00:00","description":"JNR Mega Box Pro Hawaii 50000 Puffs: mango, fruta de la pasi\u00f3n y pi\u00f1a. 32ml de e-l\u00edquido, 850mAh recargable Tipo-C, pantalla LED, bobina Dual Mesh. 0\/2\/5%.","breadcrumb":{"@id":"https:\/\/fumot.uk\/product\/hawaii-jnr-mega-box-50000-puffs\/#breadcrumb"},"inLanguage":"es","potentialAction":[{"@type":"ReadAction","target":["https:\/\/fumot.uk\/product\/hawaii-jnr-mega-box-50000-puffs\/"]}]},{"@type":"ImageObject","inLanguage":"es","@id":"https:\/\/fumot.uk\/product\/hawaii-jnr-mega-box-50000-puffs\/#primaryimage","url":"https:\/\/fumot.uk\/wp-content\/uploads\/2026\/01\/HAWAII-JNR-Mega-Box-Pro-50000-Puffs-Disposable-Device-scaled-1.jpg","contentUrl":"https:\/\/fumot.uk\/wp-content\/uploads\/2026\/01\/HAWAII-JNR-Mega-Box-Pro-50000-Puffs-Disposable-Device-scaled-1.jpg","width":2560,"height":2560},{"@type":"BreadcrumbList","@id":"https:\/\/fumot.uk\/product\/hawaii-jnr-mega-box-50000-puffs\/#breadcrumb","itemListElement":[{"@type":"ListItem","position":1,"name":"Home","item":"https:\/\/fumot.uk\/"},{"@type":"ListItem","position":2,"name":"Shop","item":"https:\/\/fumot.uk\/shop\/"},{"@type":"ListItem","position":3,"name":"JNR Mega Box Pro Hawaii 50000 Puffs \u2013 Tropical Fruit Disposable Vape, 32ml, 850mAh, LED Display (0\/2\/5%)"}]},{"@type":"WebSite","@id":"https:\/\/fumot.uk\/#website","url":"https:\/\/fumot.uk\/","name":"Fumot Official Direct | Directo desde la f\u00e1brica, 100% Original","description":"Sitio Oficial","publisher":{"@id":"https:\/\/fumot.uk\/#organization"},"potentialAction":[{"@type":"SearchAction","target":{"@type":"EntryPoint","urlTemplate":"https:\/\/fumot.uk\/?s={search_term_string}"},"query-input":{"@type":"PropertyValueSpecification","valueRequired":true,"valueName":"search_term_string"}}],"inLanguage":"es"},{"@type":"Organization","@id":"https:\/\/fumot.uk\/#organization","name":"Fumot Official Direct | Directo desde la f\u00e1brica, 100% Original","url":"https:\/\/fumot.uk\/","logo":{"@type":"ImageObject","inLanguage":"es","@id":"https:\/\/fumot.uk\/#\/schema\/logo\/image\/","url":"https:\/\/fumot.uk\/wp-content\/uploads\/2026\/01\/cropped-fumot-logo1.png","contentUrl":"https:\/\/fumot.uk\/wp-content\/uploads\/2026\/01\/cropped-fumot-logo1.png","width":152,"height":106,"caption":"Fumot Official Direct | Straight from the Factory, 100% Genuine"},"image":{"@id":"https:\/\/fumot.uk\/#\/schema\/logo\/image\/"}}]}},"_links":{"self":[{"href":"https:\/\/fumot.uk\/es\/wp-json\/wp\/v2\/product\/4277","targetHints":{"allow":["GET"]}}],"collection":[{"href":"https:\/\/fumot.uk\/es\/wp-json\/wp\/v2\/product"}],"about":[{"href":"https:\/\/fumot.uk\/es\/wp-json\/wp\/v2\/types\/product"}],"replies":[{"embeddable":true,"href":"https:\/\/fumot.uk\/es\/wp-json\/wp\/v2\/comments?post=4277"}],"wp:featuredmedia":[{"embeddable":true,"href":"https:\/\/fumot.uk\/es\/wp-json\/wp\/v2\/media\/4325"}],"wp:attachment":[{"href":"https:\/\/fumot.uk\/es\/wp-json\/wp\/v2\/media?parent=4277"}],"wp:term":[{"taxonomy":"product_brand","embeddable":true,"href":"https:\/\/fumot.uk\/es\/wp-json\/wp\/v2\/product_brand?post=4277"},{"taxonomy":"product_cat","embeddable":true,"href":"https:\/\/fumot.uk\/es\/wp-json\/wp\/v2\/product_cat?post=4277"},{"taxonomy":"product_tag","embeddable":true,"href":"https:\/\/fumot.uk\/es\/wp-json\/wp\/v2\/product_tag?post=4277"}],"curies":[{"name":"wp","href":"https:\/\/api.w.org\/{rel}","templated":true}]}}