{"id":4271,"date":"2026-01-21T04:08:49","date_gmt":"2026-01-21T04:08:49","guid":{"rendered":"https:\/\/fumot.uk\/?post_type=product&#038;p=4271"},"modified":"2026-01-21T07:02:51","modified_gmt":"2026-01-21T07:02:51","slug":"strawberry-kiwi-jnr-mega-box-50000-puffs","status":"publish","type":"product","link":"https:\/\/fumot.uk\/es\/product\/strawberry-kiwi-jnr-mega-box-50000-puffs\/","title":{"rendered":"JNR Mega Box Pro Fresa Kiwi 50000 Puffs Vape Desechable | 32ml, Malla Dual, Pantalla, Tipo\u2011C"},"content":{"rendered":"<h4><strong>JNR Mega Box Pro 50000 Puffs \u2013 Sensaci\u00f3n Premium, Control Moderno<\/strong><\/h4>\n<p>El <strong>JNR Mega Box Pro 50000 Puffs<\/strong> est\u00e1 dise\u00f1ado para vapeadores que prefieren un aspecto limpio y moderno con detalles pr\u00e1cticos. Su cuerpo oscuro de estilo met\u00e1lico con textura sutil se siente s\u00f3lido en la mano, mientras el <strong>pantalla LED<\/strong> mantiene tu <strong>bater\u00eda<\/strong> y <strong>nivel de e\u2011l\u00edquido<\/strong> f\u00e1cil de verificar de un vistazo\u2014perfecto para el uso diario sin adivinanzas.<\/p>\n<h4><strong>Fresa Kiwi \u2013 Brillante, Jugoso, Perfectamente Equilibrado<\/strong><\/h4>\n<p><strong>Kiwi Fresa<\/strong> mezcla fresa dulce y madura con un acabado de kiwi crujiente para un sabor vivo y afrutado que se mantiene suave desde la primera calada hasta la \u00faltima. La fresa aporta una dulzura suave como de caramelo, mientras el kiwi a\u00f1ade un toque fresco y \u00e1cido\u2014ideal si buscas un vape afrutado que se sienta equilibrado en lugar de abrumador.<\/p>\n<p>Impulsado por <strong>Doble Bobina de Malla<\/strong> y <strong>tecnolog\u00eda de Doble N\u00facleo<\/strong>, este sabor se presenta limpio y consistente con vapor denso y sedoso. Ya sea que disfrutes la dulzura al principio o la nota de kiwi picante al exhalar, Fresa Kiwi ofrece un perfil en capas al que es f\u00e1cil volver.<\/p>\n<h4><strong>Caracter\u00edsticas Clave<\/strong><\/h4>\n<ul>\n<li><strong>Caladas:<\/strong> Hasta 50000 (el rendimiento del dispositivo var\u00eda seg\u00fan el uso)<\/li>\n<li><strong>Capacidad de e\u2011l\u00edquido:<\/strong> 32ml<\/li>\n<li><strong>Bobina:<\/strong> Doble Malla y Doble N\u00facleo<\/li>\n<li><strong>Pantalla:<\/strong> Indicadores de bater\u00eda y e\u2011l\u00edquido<\/li>\n<li><strong>Bater\u00eda:<\/strong> Bobina de malla<\/li>\n<li><strong>Carga:<\/strong> Tipo\u2011C<\/li>\n<li><strong>Opciones de nicotina:<\/strong> 0% \/ 2% \/ 5%<\/li>\n<\/ul>\n<h4><strong>Por qu\u00e9 comprar en fumot.uk<\/strong><\/h4>\n<p>Explora m\u00e1s sabores y la l\u00ednea completa de JNR en <a href=\"https:\/\/fumot.uk\/es\/\">fumot.uk<\/a>. Si te gustan las mezclas de frutas, tambi\u00e9n puedes explorar opciones relacionadas a trav\u00e9s de nuestra <a href=\"https:\/\/fumot.uk\/es\/product-tag\/strawberry\/\">colecci\u00f3n de Fresa<\/a>.<\/p>","protected":false},"excerpt":{"rendered":"<p>JNR Mega Box Pro Strawberry Kiwi vape desechable con hasta 50000 caladas, 32ml de e\u2011l\u00edquido, tecnolog\u00eda Dual Mesh + Dual Core, pantalla LED, bater\u00eda recargable de 850mAh y carga Tipo\u2011C. Nicotina: 0%\/2%\/5%.<\/p>","protected":false},"featured_media":4319,"comment_status":"open","ping_status":"closed","template":"","meta":[],"product_brand":[],"product_cat":[110,214,17],"product_tag":[84,70,167,71,20,72,23,73,29,45,26,37,28],"class_list":{"0":"post-4271","1":"product","2":"type-product","3":"status-publish","4":"has-post-thumbnail","6":"product_cat-50000-puff","7":"product_cat-jnr-mega-box-pro-50000-puffs","8":"product_cat-vape","9":"product_tag-0-nikotin","10":"product_tag-2-nikotin","11":"product_tag-32ml","12":"product_tag-5-nikotin","13":"product_tag-850mah","14":"product_tag-direct-to-lung","15":"product_tag-display","16":"product_tag-dual-mesh","17":"product_tag-ice","18":"product_tag-kiwi","19":"product_tag-rechargeable","20":"product_tag-strawberry","21":"product_tag-type-c","23":"first","24":"instock","25":"sale","26":"shipping-taxable","27":"purchasable","28":"product-type-variable","29":"has-default-attributes"},"yoast_head":"<!-- This site is optimized with the Yoast SEO plugin v26.8 - https:\/\/yoast.com\/product\/yoast-seo-wordpress\/ -->\n<title>JNR Mega Box Pro Strawberry Kiwi 50000 Puffs<\/title>\n<meta name=\"description\" content=\"JNR Mega Box Pro Strawberry Kiwi: up to 50000 puffs, 32ml, Dual Mesh + Dual Core, LED display, 850mAh rechargeable, Type\u2011C. 0%\/2%\/5%.\" \/>\n<meta name=\"robots\" content=\"index, follow, max-snippet:-1, max-image-preview:large, max-video-preview:-1\" \/>\n<link rel=\"canonical\" href=\"https:\/\/fumot.uk\/es\/product\/strawberry-kiwi-jnr-mega-box-50000-puffs\/\" \/>\n<meta property=\"og:locale\" content=\"es_ES\" \/>\n<meta property=\"og:type\" content=\"article\" \/>\n<meta property=\"og:title\" content=\"Strawberry Kiwi JNR Mega Box Pro \u2013 Up to 50000 Puffs\" \/>\n<meta property=\"og:description\" content=\"Juicy strawberry meets fresh kiwi. 32ml, Dual Mesh + Dual Core, LED display, 850mAh rechargeable with Type\u2011C. Nicotine: 0%\/2%\/5%.\" \/>\n<meta property=\"og:url\" content=\"https:\/\/fumot.uk\/es\/product\/strawberry-kiwi-jnr-mega-box-50000-puffs\/\" \/>\n<meta property=\"og:site_name\" content=\"Fumot Official Direct | Straight from the Factory, 100% Genuine\" \/>\n<meta property=\"article:modified_time\" content=\"2026-01-21T07:02:51+00:00\" \/>\n<meta property=\"og:image\" content=\"https:\/\/fumot.uk\/wp-content\/uploads\/2026\/01\/STRAWBERRY-KIWI-JNR-Mega-Box-Pro-50000-Puffs-Disposable-Device-scaled-1.jpg\" \/>\n\t<meta property=\"og:image:width\" content=\"2560\" \/>\n\t<meta property=\"og:image:height\" content=\"2560\" \/>\n\t<meta property=\"og:image:type\" content=\"image\/jpeg\" \/>\n<meta name=\"twitter:card\" content=\"summary_large_image\" \/>\n<meta name=\"twitter:label1\" content=\"Tiempo de lectura\" \/>\n\t<meta name=\"twitter:data1\" content=\"1 minuto\" \/>\n<script type=\"application\/ld+json\" class=\"yoast-schema-graph\">{\"@context\":\"https:\/\/schema.org\",\"@graph\":[{\"@type\":\"WebPage\",\"@id\":\"https:\/\/fumot.uk\/product\/strawberry-kiwi-jnr-mega-box-50000-puffs\/\",\"url\":\"https:\/\/fumot.uk\/product\/strawberry-kiwi-jnr-mega-box-50000-puffs\/\",\"name\":\"JNR Mega Box Pro Strawberry Kiwi 50000 Puffs\",\"isPartOf\":{\"@id\":\"https:\/\/fumot.uk\/#website\"},\"primaryImageOfPage\":{\"@id\":\"https:\/\/fumot.uk\/product\/strawberry-kiwi-jnr-mega-box-50000-puffs\/#primaryimage\"},\"image\":{\"@id\":\"https:\/\/fumot.uk\/product\/strawberry-kiwi-jnr-mega-box-50000-puffs\/#primaryimage\"},\"thumbnailUrl\":\"https:\/\/fumot.uk\/wp-content\/uploads\/2026\/01\/STRAWBERRY-KIWI-JNR-Mega-Box-Pro-50000-Puffs-Disposable-Device-scaled-1.jpg\",\"datePublished\":\"2026-01-21T04:08:49+00:00\",\"dateModified\":\"2026-01-21T07:02:51+00:00\",\"description\":\"JNR Mega Box Pro Strawberry Kiwi: up to 50000 puffs, 32ml, Dual Mesh + Dual Core, LED display, 850mAh rechargeable, Type\u2011C. 0%\/2%\/5%.\",\"breadcrumb\":{\"@id\":\"https:\/\/fumot.uk\/product\/strawberry-kiwi-jnr-mega-box-50000-puffs\/#breadcrumb\"},\"inLanguage\":\"es\",\"potentialAction\":[{\"@type\":\"ReadAction\",\"target\":[\"https:\/\/fumot.uk\/product\/strawberry-kiwi-jnr-mega-box-50000-puffs\/\"]}]},{\"@type\":\"ImageObject\",\"inLanguage\":\"es\",\"@id\":\"https:\/\/fumot.uk\/product\/strawberry-kiwi-jnr-mega-box-50000-puffs\/#primaryimage\",\"url\":\"https:\/\/fumot.uk\/wp-content\/uploads\/2026\/01\/STRAWBERRY-KIWI-JNR-Mega-Box-Pro-50000-Puffs-Disposable-Device-scaled-1.jpg\",\"contentUrl\":\"https:\/\/fumot.uk\/wp-content\/uploads\/2026\/01\/STRAWBERRY-KIWI-JNR-Mega-Box-Pro-50000-Puffs-Disposable-Device-scaled-1.jpg\",\"width\":2560,\"height\":2560},{\"@type\":\"BreadcrumbList\",\"@id\":\"https:\/\/fumot.uk\/product\/strawberry-kiwi-jnr-mega-box-50000-puffs\/#breadcrumb\",\"itemListElement\":[{\"@type\":\"ListItem\",\"position\":1,\"name\":\"Home\",\"item\":\"https:\/\/fumot.uk\/\"},{\"@type\":\"ListItem\",\"position\":2,\"name\":\"Shop\",\"item\":\"https:\/\/fumot.uk\/shop\/\"},{\"@type\":\"ListItem\",\"position\":3,\"name\":\"JNR Mega Box Pro Strawberry Kiwi 50000 Puffs Disposable Vape | 32ml, Dual Mesh, Display, Type\u2011C\"}]},{\"@type\":\"WebSite\",\"@id\":\"https:\/\/fumot.uk\/#website\",\"url\":\"https:\/\/fumot.uk\/\",\"name\":\"Fumot Official Direct | Straight from the Factory, 100% Genuine\",\"description\":\"Official Website\",\"publisher\":{\"@id\":\"https:\/\/fumot.uk\/#organization\"},\"potentialAction\":[{\"@type\":\"SearchAction\",\"target\":{\"@type\":\"EntryPoint\",\"urlTemplate\":\"https:\/\/fumot.uk\/?s={search_term_string}\"},\"query-input\":{\"@type\":\"PropertyValueSpecification\",\"valueRequired\":true,\"valueName\":\"search_term_string\"}}],\"inLanguage\":\"es\"},{\"@type\":\"Organization\",\"@id\":\"https:\/\/fumot.uk\/#organization\",\"name\":\"Fumot Official Direct | Straight from the Factory, 100% Genuine\",\"url\":\"https:\/\/fumot.uk\/\",\"logo\":{\"@type\":\"ImageObject\",\"inLanguage\":\"es\",\"@id\":\"https:\/\/fumot.uk\/#\/schema\/logo\/image\/\",\"url\":\"https:\/\/fumot.uk\/wp-content\/uploads\/2026\/01\/cropped-fumot-logo1.png\",\"contentUrl\":\"https:\/\/fumot.uk\/wp-content\/uploads\/2026\/01\/cropped-fumot-logo1.png\",\"width\":152,\"height\":106,\"caption\":\"Fumot Official Direct | Straight from the Factory, 100% Genuine\"},\"image\":{\"@id\":\"https:\/\/fumot.uk\/#\/schema\/logo\/image\/\"}}]}<\/script>\n<!-- \/ Yoast SEO plugin. -->","yoast_head_json":{"title":"JNR Mega Box Pro Fresa Kiwi 50000 Puffs","description":"JNR Mega Box Pro Fresa Kiwi: hasta 50000 inhalaciones, 32ml, Doble Malla + Doble N\u00facleo, pantalla LED, recargable 850mAh, Tipo\u2011C. 0%\/2%\/5%.","robots":{"index":"index","follow":"follow","max-snippet":"max-snippet:-1","max-image-preview":"max-image-preview:large","max-video-preview":"max-video-preview:-1"},"canonical":"https:\/\/fumot.uk\/es\/product\/strawberry-kiwi-jnr-mega-box-50000-puffs\/","og_locale":"es_ES","og_type":"article","og_title":"Strawberry Kiwi JNR Mega Box Pro \u2013 Up to 50000 Puffs","og_description":"Juicy strawberry meets fresh kiwi. 32ml, Dual Mesh + Dual Core, LED display, 850mAh rechargeable with Type\u2011C. Nicotine: 0%\/2%\/5%.","og_url":"https:\/\/fumot.uk\/es\/product\/strawberry-kiwi-jnr-mega-box-50000-puffs\/","og_site_name":"Fumot Official Direct | Straight from the Factory, 100% Genuine","article_modified_time":"2026-01-21T07:02:51+00:00","og_image":[{"width":2560,"height":2560,"url":"https:\/\/fumot.uk\/wp-content\/uploads\/2026\/01\/STRAWBERRY-KIWI-JNR-Mega-Box-Pro-50000-Puffs-Disposable-Device-scaled-1.jpg","type":"image\/jpeg"}],"twitter_card":"summary_large_image","twitter_misc":{"Tiempo de lectura":"1 minuto"},"schema":{"@context":"https:\/\/schema.org","@graph":[{"@type":"WebPage","@id":"https:\/\/fumot.uk\/product\/strawberry-kiwi-jnr-mega-box-50000-puffs\/","url":"https:\/\/fumot.uk\/product\/strawberry-kiwi-jnr-mega-box-50000-puffs\/","name":"JNR Mega Box Pro Fresa Kiwi 50000 Puffs","isPartOf":{"@id":"https:\/\/fumot.uk\/#website"},"primaryImageOfPage":{"@id":"https:\/\/fumot.uk\/product\/strawberry-kiwi-jnr-mega-box-50000-puffs\/#primaryimage"},"image":{"@id":"https:\/\/fumot.uk\/product\/strawberry-kiwi-jnr-mega-box-50000-puffs\/#primaryimage"},"thumbnailUrl":"https:\/\/fumot.uk\/wp-content\/uploads\/2026\/01\/STRAWBERRY-KIWI-JNR-Mega-Box-Pro-50000-Puffs-Disposable-Device-scaled-1.jpg","datePublished":"2026-01-21T04:08:49+00:00","dateModified":"2026-01-21T07:02:51+00:00","description":"JNR Mega Box Pro Fresa Kiwi: hasta 50000 inhalaciones, 32ml, Doble Malla + Doble N\u00facleo, pantalla LED, recargable 850mAh, Tipo\u2011C. 0%\/2%\/5%.","breadcrumb":{"@id":"https:\/\/fumot.uk\/product\/strawberry-kiwi-jnr-mega-box-50000-puffs\/#breadcrumb"},"inLanguage":"es","potentialAction":[{"@type":"ReadAction","target":["https:\/\/fumot.uk\/product\/strawberry-kiwi-jnr-mega-box-50000-puffs\/"]}]},{"@type":"ImageObject","inLanguage":"es","@id":"https:\/\/fumot.uk\/product\/strawberry-kiwi-jnr-mega-box-50000-puffs\/#primaryimage","url":"https:\/\/fumot.uk\/wp-content\/uploads\/2026\/01\/STRAWBERRY-KIWI-JNR-Mega-Box-Pro-50000-Puffs-Disposable-Device-scaled-1.jpg","contentUrl":"https:\/\/fumot.uk\/wp-content\/uploads\/2026\/01\/STRAWBERRY-KIWI-JNR-Mega-Box-Pro-50000-Puffs-Disposable-Device-scaled-1.jpg","width":2560,"height":2560},{"@type":"BreadcrumbList","@id":"https:\/\/fumot.uk\/product\/strawberry-kiwi-jnr-mega-box-50000-puffs\/#breadcrumb","itemListElement":[{"@type":"ListItem","position":1,"name":"Home","item":"https:\/\/fumot.uk\/"},{"@type":"ListItem","position":2,"name":"Shop","item":"https:\/\/fumot.uk\/shop\/"},{"@type":"ListItem","position":3,"name":"JNR Mega Box Pro Strawberry Kiwi 50000 Puffs Disposable Vape | 32ml, Dual Mesh, Display, Type\u2011C"}]},{"@type":"WebSite","@id":"https:\/\/fumot.uk\/#website","url":"https:\/\/fumot.uk\/","name":"Fumot Official Direct | Directo desde la f\u00e1brica, 100% Original","description":"Sitio Oficial","publisher":{"@id":"https:\/\/fumot.uk\/#organization"},"potentialAction":[{"@type":"SearchAction","target":{"@type":"EntryPoint","urlTemplate":"https:\/\/fumot.uk\/?s={search_term_string}"},"query-input":{"@type":"PropertyValueSpecification","valueRequired":true,"valueName":"search_term_string"}}],"inLanguage":"es"},{"@type":"Organization","@id":"https:\/\/fumot.uk\/#organization","name":"Fumot Official Direct | Directo desde la f\u00e1brica, 100% Original","url":"https:\/\/fumot.uk\/","logo":{"@type":"ImageObject","inLanguage":"es","@id":"https:\/\/fumot.uk\/#\/schema\/logo\/image\/","url":"https:\/\/fumot.uk\/wp-content\/uploads\/2026\/01\/cropped-fumot-logo1.png","contentUrl":"https:\/\/fumot.uk\/wp-content\/uploads\/2026\/01\/cropped-fumot-logo1.png","width":152,"height":106,"caption":"Fumot Official Direct | Straight from the Factory, 100% Genuine"},"image":{"@id":"https:\/\/fumot.uk\/#\/schema\/logo\/image\/"}}]}},"_links":{"self":[{"href":"https:\/\/fumot.uk\/es\/wp-json\/wp\/v2\/product\/4271","targetHints":{"allow":["GET"]}}],"collection":[{"href":"https:\/\/fumot.uk\/es\/wp-json\/wp\/v2\/product"}],"about":[{"href":"https:\/\/fumot.uk\/es\/wp-json\/wp\/v2\/types\/product"}],"replies":[{"embeddable":true,"href":"https:\/\/fumot.uk\/es\/wp-json\/wp\/v2\/comments?post=4271"}],"wp:featuredmedia":[{"embeddable":true,"href":"https:\/\/fumot.uk\/es\/wp-json\/wp\/v2\/media\/4319"}],"wp:attachment":[{"href":"https:\/\/fumot.uk\/es\/wp-json\/wp\/v2\/media?parent=4271"}],"wp:term":[{"taxonomy":"product_brand","embeddable":true,"href":"https:\/\/fumot.uk\/es\/wp-json\/wp\/v2\/product_brand?post=4271"},{"taxonomy":"product_cat","embeddable":true,"href":"https:\/\/fumot.uk\/es\/wp-json\/wp\/v2\/product_cat?post=4271"},{"taxonomy":"product_tag","embeddable":true,"href":"https:\/\/fumot.uk\/es\/wp-json\/wp\/v2\/product_tag?post=4271"}],"curies":[{"name":"wp","href":"https:\/\/api.w.org\/{rel}","templated":true}]}}