{"id":4268,"date":"2026-01-21T04:08:48","date_gmt":"2026-01-21T04:08:48","guid":{"rendered":"https:\/\/fumot.uk\/?post_type=product&#038;p=4268"},"modified":"2026-01-21T07:06:46","modified_gmt":"2026-01-21T07:06:46","slug":"watermelon-ice-jnr-mega-box-50000-puffs","status":"publish","type":"product","link":"https:\/\/fumot.uk\/es\/product\/watermelon-ice-jnr-mega-box-50000-puffs\/","title":{"rendered":"JNR Mega Box Pro 50000 Puffs Sand\u00eda Hielo (32ml, Doble Malla, Tipo\u2011C, 0\/2\/5% Nic)"},"content":{"rendered":"<h2>JNR Mega Box Pro 50000 Puffs \u2013 Sand\u00eda Hielo<\/h2>\n<p>Conoce un vape desechable audaz y moderno dise\u00f1ado para disfrutar por mucho tiempo: el <strong>JNR Mega Box Pro 50000 Puffs<\/strong> in <strong>Hielo de Sand\u00eda<\/strong>. Envuelto en un cuerpo met\u00e1lico oscuro con detalles refinados, combina una sensaci\u00f3n premium con caracter\u00edsticas pr\u00e1cticas como un claro <strong>pantalla LED<\/strong> para el estado de la bater\u00eda y el l\u00edquido\u2014para que siempre sepas d\u00f3nde est\u00e1s.<\/p>\n<h3>Sabor: Dulce Sand\u00eda, Acabado Helado Limpio<\/h3>\n<p><strong>Hielo de Sand\u00eda<\/strong> mezcla la dulzura jugosa de la sand\u00eda madura con una nota fresca y crujiente. La fruta se mantiene brillante y refrescante, mientras que el efecto helado termina suave\u2014ideal si deseas un perfil equilibrado de \u201cdulce + fresco\u201d que no sea abrumador.<\/p>\n<h3>Vapor Suave y Denso con Rendimiento de Doble Malla<\/h3>\n<p>Impulsado por <strong>Doble Bobina de Malla<\/strong> y <strong>tecnolog\u00eda de Doble N\u00facleo<\/strong>, este dispositivo est\u00e1 dise\u00f1ado para ofrecer un sabor consistente y vapor satisfactorio desde la primera calada hasta la \u00faltima. Elige la fuerza de nicotina que se adapte a tu preferencia: <strong>0% \/ 2% \/ 5%<\/strong>.<\/p>\n<h3>Especificaciones Clave<\/h3>\n<ul>\n<li><strong>E-l\u00edquido:<\/strong> 32ml<\/li>\n<li><strong>Caladas:<\/strong> Hasta 50000<\/li>\n<li><strong>Bobina:<\/strong> Doble Bobina de Malla + Doble N\u00facleo<\/li>\n<li><strong>Bater\u00eda:<\/strong> Bobina de malla<\/li>\n<li><strong>Carga:<\/strong> Tipo\u2011C<\/li>\n<li><strong>Pantalla:<\/strong> RandM Tornado 12000 Puffs Black Ice (Menta + Mora)<\/li>\n<li><strong>Opciones de nicotina:<\/strong> 0% \/ 2% \/ 5%<\/li>\n<\/ul>\n<h3>Explora M\u00e1s<\/h3>\n<p>\u00bfBuscas otros sabores en la misma serie? Explora la colecci\u00f3n completa aqu\u00ed: <a href=\"https:\/\/fumot.uk\/es\/product-category\/jnr-mega-box-pro-50000-puffs\/\">JNR Mega Box Pro 50000 Puffs<\/a>.<\/p>\n<p><em>Nota:<\/em> El conteo de caladas puede variar dependiendo de los h\u00e1bitos de uso individuales.<\/p>","protected":false},"excerpt":{"rendered":"<p>Hielo de Sand\u00eda Jugosa en la JNR Mega Box Pro 50000 Puffs: 32ml de e-l\u00edquido, Doble Malla + Doble N\u00facleo, pantalla LED, 850mAh recargable Tipo\u2011C, opciones de nicotina 0\/2\/5%.<\/p>","protected":false},"featured_media":4316,"comment_status":"open","ping_status":"closed","template":"","meta":[],"product_brand":[],"product_cat":[110,214,17],"product_tag":[84,70,167,71,20,72,23,73,29,26,28,32],"class_list":{"0":"post-4268","1":"product","2":"type-product","3":"status-publish","4":"has-post-thumbnail","6":"product_cat-50000-puff","7":"product_cat-jnr-mega-box-pro-50000-puffs","8":"product_cat-vape","9":"product_tag-0-nikotin","10":"product_tag-2-nikotin","11":"product_tag-32ml","12":"product_tag-5-nikotin","13":"product_tag-850mah","14":"product_tag-direct-to-lung","15":"product_tag-display","16":"product_tag-dual-mesh","17":"product_tag-ice","18":"product_tag-rechargeable","19":"product_tag-type-c","20":"product_tag-watermelon","22":"first","23":"instock","24":"sale","25":"shipping-taxable","26":"purchasable","27":"product-type-variable","28":"has-default-attributes"},"yoast_head":"<!-- This site is optimized with the Yoast SEO plugin v26.8 - https:\/\/yoast.com\/product\/yoast-seo-wordpress\/ -->\n<title>JNR Mega Box Pro 50000 Puffs Watermelon Ice | fumot.uk<\/title>\n<meta name=\"description\" content=\"Watermelon Ice JNR Mega Box Pro 50000 Puffs: 32ml, Dual Mesh + Dual Core, LED display, 850mAh Type\u2011C rechargeable, 0\/2\/5% nicotine.\" \/>\n<meta name=\"robots\" content=\"index, follow, max-snippet:-1, max-image-preview:large, max-video-preview:-1\" \/>\n<link rel=\"canonical\" href=\"https:\/\/fumot.uk\/es\/product\/watermelon-ice-jnr-mega-box-50000-puffs\/\" \/>\n<meta property=\"og:locale\" content=\"es_ES\" \/>\n<meta property=\"og:type\" content=\"article\" \/>\n<meta property=\"og:title\" content=\"Watermelon Ice \u2013 JNR Mega Box Pro 50000 Puffs\" \/>\n<meta property=\"og:description\" content=\"Sweet watermelon with a cool icy finish. 32ml, Dual Mesh + Dual Core, LED display, 850mAh Type\u2011C rechargeable, 0\/2\/5% nicotine.\" \/>\n<meta property=\"og:url\" content=\"https:\/\/fumot.uk\/es\/product\/watermelon-ice-jnr-mega-box-50000-puffs\/\" \/>\n<meta property=\"og:site_name\" content=\"Fumot Official Direct | Straight from the Factory, 100% Genuine\" \/>\n<meta property=\"article:modified_time\" content=\"2026-01-21T07:06:46+00:00\" \/>\n<meta property=\"og:image\" content=\"https:\/\/fumot.uk\/wp-content\/uploads\/2026\/01\/WATERMELON-ICE-JNR-Mega-Box-Pro-50000-Puffs-Disposable-Device-scaled-1.jpg\" \/>\n\t<meta property=\"og:image:width\" content=\"2560\" \/>\n\t<meta property=\"og:image:height\" content=\"2560\" \/>\n\t<meta property=\"og:image:type\" content=\"image\/jpeg\" \/>\n<meta name=\"twitter:card\" content=\"summary_large_image\" \/>\n<meta name=\"twitter:label1\" content=\"Tiempo de lectura\" \/>\n\t<meta name=\"twitter:data1\" content=\"1 minuto\" \/>\n<script type=\"application\/ld+json\" class=\"yoast-schema-graph\">{\"@context\":\"https:\/\/schema.org\",\"@graph\":[{\"@type\":\"WebPage\",\"@id\":\"https:\/\/fumot.uk\/product\/watermelon-ice-jnr-mega-box-50000-puffs\/\",\"url\":\"https:\/\/fumot.uk\/product\/watermelon-ice-jnr-mega-box-50000-puffs\/\",\"name\":\"JNR Mega Box Pro 50000 Puffs Watermelon Ice | fumot.uk\",\"isPartOf\":{\"@id\":\"https:\/\/fumot.uk\/#website\"},\"primaryImageOfPage\":{\"@id\":\"https:\/\/fumot.uk\/product\/watermelon-ice-jnr-mega-box-50000-puffs\/#primaryimage\"},\"image\":{\"@id\":\"https:\/\/fumot.uk\/product\/watermelon-ice-jnr-mega-box-50000-puffs\/#primaryimage\"},\"thumbnailUrl\":\"https:\/\/fumot.uk\/wp-content\/uploads\/2026\/01\/WATERMELON-ICE-JNR-Mega-Box-Pro-50000-Puffs-Disposable-Device-scaled-1.jpg\",\"datePublished\":\"2026-01-21T04:08:48+00:00\",\"dateModified\":\"2026-01-21T07:06:46+00:00\",\"description\":\"Watermelon Ice JNR Mega Box Pro 50000 Puffs: 32ml, Dual Mesh + Dual Core, LED display, 850mAh Type\u2011C rechargeable, 0\/2\/5% nicotine.\",\"breadcrumb\":{\"@id\":\"https:\/\/fumot.uk\/product\/watermelon-ice-jnr-mega-box-50000-puffs\/#breadcrumb\"},\"inLanguage\":\"es\",\"potentialAction\":[{\"@type\":\"ReadAction\",\"target\":[\"https:\/\/fumot.uk\/product\/watermelon-ice-jnr-mega-box-50000-puffs\/\"]}]},{\"@type\":\"ImageObject\",\"inLanguage\":\"es\",\"@id\":\"https:\/\/fumot.uk\/product\/watermelon-ice-jnr-mega-box-50000-puffs\/#primaryimage\",\"url\":\"https:\/\/fumot.uk\/wp-content\/uploads\/2026\/01\/WATERMELON-ICE-JNR-Mega-Box-Pro-50000-Puffs-Disposable-Device-scaled-1.jpg\",\"contentUrl\":\"https:\/\/fumot.uk\/wp-content\/uploads\/2026\/01\/WATERMELON-ICE-JNR-Mega-Box-Pro-50000-Puffs-Disposable-Device-scaled-1.jpg\",\"width\":2560,\"height\":2560},{\"@type\":\"BreadcrumbList\",\"@id\":\"https:\/\/fumot.uk\/product\/watermelon-ice-jnr-mega-box-50000-puffs\/#breadcrumb\",\"itemListElement\":[{\"@type\":\"ListItem\",\"position\":1,\"name\":\"Home\",\"item\":\"https:\/\/fumot.uk\/\"},{\"@type\":\"ListItem\",\"position\":2,\"name\":\"Shop\",\"item\":\"https:\/\/fumot.uk\/shop\/\"},{\"@type\":\"ListItem\",\"position\":3,\"name\":\"JNR Mega Box Pro 50000 Puffs Watermelon Ice (32ml, Dual Mesh, Type\u2011C, 0\/2\/5% Nic)\"}]},{\"@type\":\"WebSite\",\"@id\":\"https:\/\/fumot.uk\/#website\",\"url\":\"https:\/\/fumot.uk\/\",\"name\":\"Fumot Official Direct | Straight from the Factory, 100% Genuine\",\"description\":\"Official Website\",\"publisher\":{\"@id\":\"https:\/\/fumot.uk\/#organization\"},\"potentialAction\":[{\"@type\":\"SearchAction\",\"target\":{\"@type\":\"EntryPoint\",\"urlTemplate\":\"https:\/\/fumot.uk\/?s={search_term_string}\"},\"query-input\":{\"@type\":\"PropertyValueSpecification\",\"valueRequired\":true,\"valueName\":\"search_term_string\"}}],\"inLanguage\":\"es\"},{\"@type\":\"Organization\",\"@id\":\"https:\/\/fumot.uk\/#organization\",\"name\":\"Fumot Official Direct | Straight from the Factory, 100% Genuine\",\"url\":\"https:\/\/fumot.uk\/\",\"logo\":{\"@type\":\"ImageObject\",\"inLanguage\":\"es\",\"@id\":\"https:\/\/fumot.uk\/#\/schema\/logo\/image\/\",\"url\":\"https:\/\/fumot.uk\/wp-content\/uploads\/2026\/01\/cropped-fumot-logo1.png\",\"contentUrl\":\"https:\/\/fumot.uk\/wp-content\/uploads\/2026\/01\/cropped-fumot-logo1.png\",\"width\":152,\"height\":106,\"caption\":\"Fumot Official Direct | Straight from the Factory, 100% Genuine\"},\"image\":{\"@id\":\"https:\/\/fumot.uk\/#\/schema\/logo\/image\/\"}}]}<\/script>\n<!-- \/ Yoast SEO plugin. -->","yoast_head_json":{"title":"JNR Mega Box Pro 50000 Puffs Sand\u00eda Hielo | fumot.uk","description":"Sand\u00eda Hielo JNR Mega Box Pro 50000 Puffs: 32ml, Doble Malla + Doble N\u00facleo, Pantalla LED, 850mAh Tipo\u2011C recargable, 0\/2\/5% nicotina.","robots":{"index":"index","follow":"follow","max-snippet":"max-snippet:-1","max-image-preview":"max-image-preview:large","max-video-preview":"max-video-preview:-1"},"canonical":"https:\/\/fumot.uk\/es\/product\/watermelon-ice-jnr-mega-box-50000-puffs\/","og_locale":"es_ES","og_type":"article","og_title":"Watermelon Ice \u2013 JNR Mega Box Pro 50000 Puffs","og_description":"Sweet watermelon with a cool icy finish. 32ml, Dual Mesh + Dual Core, LED display, 850mAh Type\u2011C rechargeable, 0\/2\/5% nicotine.","og_url":"https:\/\/fumot.uk\/es\/product\/watermelon-ice-jnr-mega-box-50000-puffs\/","og_site_name":"Fumot Official Direct | Straight from the Factory, 100% Genuine","article_modified_time":"2026-01-21T07:06:46+00:00","og_image":[{"width":2560,"height":2560,"url":"https:\/\/fumot.uk\/wp-content\/uploads\/2026\/01\/WATERMELON-ICE-JNR-Mega-Box-Pro-50000-Puffs-Disposable-Device-scaled-1.jpg","type":"image\/jpeg"}],"twitter_card":"summary_large_image","twitter_misc":{"Tiempo de lectura":"1 minuto"},"schema":{"@context":"https:\/\/schema.org","@graph":[{"@type":"WebPage","@id":"https:\/\/fumot.uk\/product\/watermelon-ice-jnr-mega-box-50000-puffs\/","url":"https:\/\/fumot.uk\/product\/watermelon-ice-jnr-mega-box-50000-puffs\/","name":"JNR Mega Box Pro 50000 Puffs Sand\u00eda Hielo | fumot.uk","isPartOf":{"@id":"https:\/\/fumot.uk\/#website"},"primaryImageOfPage":{"@id":"https:\/\/fumot.uk\/product\/watermelon-ice-jnr-mega-box-50000-puffs\/#primaryimage"},"image":{"@id":"https:\/\/fumot.uk\/product\/watermelon-ice-jnr-mega-box-50000-puffs\/#primaryimage"},"thumbnailUrl":"https:\/\/fumot.uk\/wp-content\/uploads\/2026\/01\/WATERMELON-ICE-JNR-Mega-Box-Pro-50000-Puffs-Disposable-Device-scaled-1.jpg","datePublished":"2026-01-21T04:08:48+00:00","dateModified":"2026-01-21T07:06:46+00:00","description":"Sand\u00eda Hielo JNR Mega Box Pro 50000 Puffs: 32ml, Doble Malla + Doble N\u00facleo, Pantalla LED, 850mAh Tipo\u2011C recargable, 0\/2\/5% nicotina.","breadcrumb":{"@id":"https:\/\/fumot.uk\/product\/watermelon-ice-jnr-mega-box-50000-puffs\/#breadcrumb"},"inLanguage":"es","potentialAction":[{"@type":"ReadAction","target":["https:\/\/fumot.uk\/product\/watermelon-ice-jnr-mega-box-50000-puffs\/"]}]},{"@type":"ImageObject","inLanguage":"es","@id":"https:\/\/fumot.uk\/product\/watermelon-ice-jnr-mega-box-50000-puffs\/#primaryimage","url":"https:\/\/fumot.uk\/wp-content\/uploads\/2026\/01\/WATERMELON-ICE-JNR-Mega-Box-Pro-50000-Puffs-Disposable-Device-scaled-1.jpg","contentUrl":"https:\/\/fumot.uk\/wp-content\/uploads\/2026\/01\/WATERMELON-ICE-JNR-Mega-Box-Pro-50000-Puffs-Disposable-Device-scaled-1.jpg","width":2560,"height":2560},{"@type":"BreadcrumbList","@id":"https:\/\/fumot.uk\/product\/watermelon-ice-jnr-mega-box-50000-puffs\/#breadcrumb","itemListElement":[{"@type":"ListItem","position":1,"name":"Home","item":"https:\/\/fumot.uk\/"},{"@type":"ListItem","position":2,"name":"Shop","item":"https:\/\/fumot.uk\/shop\/"},{"@type":"ListItem","position":3,"name":"JNR Mega Box Pro 50000 Puffs Watermelon Ice (32ml, Dual Mesh, Type\u2011C, 0\/2\/5% Nic)"}]},{"@type":"WebSite","@id":"https:\/\/fumot.uk\/#website","url":"https:\/\/fumot.uk\/","name":"Fumot Official Direct | Directo desde la f\u00e1brica, 100% Original","description":"Sitio Oficial","publisher":{"@id":"https:\/\/fumot.uk\/#organization"},"potentialAction":[{"@type":"SearchAction","target":{"@type":"EntryPoint","urlTemplate":"https:\/\/fumot.uk\/?s={search_term_string}"},"query-input":{"@type":"PropertyValueSpecification","valueRequired":true,"valueName":"search_term_string"}}],"inLanguage":"es"},{"@type":"Organization","@id":"https:\/\/fumot.uk\/#organization","name":"Fumot Official Direct | Directo desde la f\u00e1brica, 100% Original","url":"https:\/\/fumot.uk\/","logo":{"@type":"ImageObject","inLanguage":"es","@id":"https:\/\/fumot.uk\/#\/schema\/logo\/image\/","url":"https:\/\/fumot.uk\/wp-content\/uploads\/2026\/01\/cropped-fumot-logo1.png","contentUrl":"https:\/\/fumot.uk\/wp-content\/uploads\/2026\/01\/cropped-fumot-logo1.png","width":152,"height":106,"caption":"Fumot Official Direct | Straight from the Factory, 100% Genuine"},"image":{"@id":"https:\/\/fumot.uk\/#\/schema\/logo\/image\/"}}]}},"_links":{"self":[{"href":"https:\/\/fumot.uk\/es\/wp-json\/wp\/v2\/product\/4268","targetHints":{"allow":["GET"]}}],"collection":[{"href":"https:\/\/fumot.uk\/es\/wp-json\/wp\/v2\/product"}],"about":[{"href":"https:\/\/fumot.uk\/es\/wp-json\/wp\/v2\/types\/product"}],"replies":[{"embeddable":true,"href":"https:\/\/fumot.uk\/es\/wp-json\/wp\/v2\/comments?post=4268"}],"wp:featuredmedia":[{"embeddable":true,"href":"https:\/\/fumot.uk\/es\/wp-json\/wp\/v2\/media\/4316"}],"wp:attachment":[{"href":"https:\/\/fumot.uk\/es\/wp-json\/wp\/v2\/media?parent=4268"}],"wp:term":[{"taxonomy":"product_brand","embeddable":true,"href":"https:\/\/fumot.uk\/es\/wp-json\/wp\/v2\/product_brand?post=4268"},{"taxonomy":"product_cat","embeddable":true,"href":"https:\/\/fumot.uk\/es\/wp-json\/wp\/v2\/product_cat?post=4268"},{"taxonomy":"product_tag","embeddable":true,"href":"https:\/\/fumot.uk\/es\/wp-json\/wp\/v2\/product_tag?post=4268"}],"curies":[{"name":"wp","href":"https:\/\/api.w.org\/{rel}","templated":true}]}}