{"id":4263,"date":"2026-01-21T04:08:47","date_gmt":"2026-01-21T04:08:47","guid":{"rendered":"https:\/\/fumot.uk\/?post_type=product&#038;p=4263"},"modified":"2026-01-21T07:08:59","modified_gmt":"2026-01-21T07:08:59","slug":"cherry-cola-jnr-mega-box-50000-puffs","status":"publish","type":"product","link":"https:\/\/fumot.uk\/es\/product\/cherry-cola-jnr-mega-box-50000-puffs\/","title":{"rendered":"JNR Mega Box Pro 50000 Puffs \u2013 Cherry Cola Vape Desechable (32ml, Display, Recargable Tipo\u2011C)"},"content":{"rendered":"<h3>Sabor a Cola de Cereza: Cola Burbujeante se Encuentra con Dulce Cereza<\/h3>\n<p>El <strong>JNR Mega Box Pro 50000 Puffs \u2013 Cola de Cereza<\/strong> mezcla el brillo cl\u00e1sico de la cola con un acabado suave y afrutado de cereza. La primera inhalaci\u00f3n trae ese mordisco familiar de cola, seguido de una dulzura de cereza equilibrada que se mantiene viva sin abrumar tu paladar: un sabor f\u00e1cil para todo el d\u00eda tanto para los fan\u00e1ticos de la cola como para los amantes de la fruta.<\/p>\n<h3>Apariencia Premium, Tecnolog\u00eda Moderna<\/h3>\n<p>Dise\u00f1ado para sentirse tan bien como sabe, este dispositivo cuenta con un cuerpo de metal oscuro con detalles finos para un agarre s\u00f3lido y premium. Un claro <a href=\"https:\/\/fumot.uk\/es\/product-tag\/display\/\">pantalla LED<\/a> mantiene la informaci\u00f3n clave visible, mientras que las l\u00edneas limpias y minimalistas le dan un acabado elegante y moderno.<\/p>\n<h3>Nubes Suaves y Sabor Consistente<\/h3>\n<p>Con <strong>Doble Bobina de Malla<\/strong> y <strong>N\u00facleo Doble<\/strong> tecnolog\u00eda, el perfil de Cola de Cereza se mantiene rico y constante, entregando un vapor denso pero suave y una experiencia de sabor duradera.<\/p>\n<h3>Especificaciones Clave<\/h3>\n<ul>\n<li><strong>Caladas:<\/strong> Hasta 50000 (var\u00eda seg\u00fan el uso)<\/li>\n<li><strong>Capacidad de E\u2011L\u00edquido:<\/strong> 32ml<\/li>\n<li><strong>Bobina:<\/strong> Doble Bobina de Malla + Doble N\u00facleo<\/li>\n<li><strong>Bater\u00eda:<\/strong> 850mAh<\/li>\n<li><strong>Carga:<\/strong> recargable Tipo\u2011C<\/li>\n<li><strong>Pantalla:<\/strong> Nivel de e-l\u00edquido y estado de la bater\u00eda<\/li>\n<li><strong>Opciones de Nicotina:<\/strong> 0% \/ 2% \/ 5%<\/li>\n<\/ul>\n<h3>Elige Tu Fuerza de Nicotina<\/h3>\n<p>Selecciona la opci\u00f3n que se ajuste a tu preferencia: <strong>0% nicotina<\/strong>, <strong>2% nicotina<\/strong>, o <strong>5% nicotina<\/strong> (la disponibilidad puede variar). Explora m\u00e1s sabores y la colecci\u00f3n completa <a href=\"https:\/\/fumot.uk\/es\/product-category\/jnr-mega-box-pro-50000-puffs\/\">JNR Mega Box Pro 50000 Puffs<\/a> en fumot.uk.<\/p>","protected":false},"excerpt":{"rendered":"<p>JNR Mega Box Pro 50000 Puffs en sabor Cherry Cola\u2014cereza dulce sobre capa de cola gaseosa. 32ml de e\u2011l\u00edquido, Doble Bobina de Malla, pantalla LED, recargable 850mAh Tipo\u2011C. Nicotina: 0%\/2%\/5%.<\/p>","protected":false},"featured_media":4293,"comment_status":"open","ping_status":"closed","template":"","meta":[],"product_brand":[],"product_cat":[110,214,17],"product_tag":[84,70,167,71,20,36,40,72,23,73,26,28],"class_list":{"0":"post-4263","1":"product","2":"type-product","3":"status-publish","4":"has-post-thumbnail","6":"product_cat-50000-puff","7":"product_cat-jnr-mega-box-pro-50000-puffs","8":"product_cat-vape","9":"product_tag-0-nikotin","10":"product_tag-2-nikotin","11":"product_tag-32ml","12":"product_tag-5-nikotin","13":"product_tag-850mah","14":"product_tag-cherry","15":"product_tag-cola","16":"product_tag-direct-to-lung","17":"product_tag-display","18":"product_tag-dual-mesh","19":"product_tag-rechargeable","20":"product_tag-type-c","22":"first","23":"instock","24":"sale","25":"shipping-taxable","26":"purchasable","27":"product-type-variable","28":"has-default-attributes"},"yoast_head":"<!-- This site is optimized with the Yoast SEO plugin v26.8 - https:\/\/yoast.com\/product\/yoast-seo-wordpress\/ -->\n<title>JNR Mega Box Pro 50000 Puffs Cherry Cola | 32ml<\/title>\n<meta name=\"description\" content=\"Cherry Cola JNR Mega Box Pro 50000 Puffs: 32ml, Dual Mesh Coil, LED display, 850mAh Type\u2011C rechargeable. Choose 0%\/2%\/5% nicotine.\" \/>\n<meta name=\"robots\" content=\"index, follow, max-snippet:-1, max-image-preview:large, max-video-preview:-1\" \/>\n<link rel=\"canonical\" href=\"https:\/\/fumot.uk\/es\/product\/cherry-cola-jnr-mega-box-50000-puffs\/\" \/>\n<meta property=\"og:locale\" content=\"es_ES\" \/>\n<meta property=\"og:type\" content=\"article\" \/>\n<meta property=\"og:title\" content=\"Cherry Cola \u2013 JNR Mega Box Pro 50000 Puffs\" \/>\n<meta property=\"og:description\" content=\"A fizzy cola hit with a smooth cherry finish. 32ml, Dual Mesh Coil, LED display, 850mAh Type\u2011C rechargeable. 0%\/2%\/5% nicotine options.\" \/>\n<meta property=\"og:url\" content=\"https:\/\/fumot.uk\/es\/product\/cherry-cola-jnr-mega-box-50000-puffs\/\" \/>\n<meta property=\"og:site_name\" content=\"Fumot Official Direct | Straight from the Factory, 100% Genuine\" \/>\n<meta property=\"article:modified_time\" content=\"2026-01-21T07:08:59+00:00\" \/>\n<meta property=\"og:image\" content=\"https:\/\/fumot.uk\/wp-content\/uploads\/2026\/01\/CHERRY-COLA-JNR-Mega-Box-Pro-50000-Puffs-Disposable-Device-scaled-1.jpg\" \/>\n\t<meta property=\"og:image:width\" content=\"2560\" \/>\n\t<meta property=\"og:image:height\" content=\"2560\" \/>\n\t<meta property=\"og:image:type\" content=\"image\/jpeg\" \/>\n<meta name=\"twitter:card\" content=\"summary_large_image\" \/>\n<meta name=\"twitter:label1\" content=\"Tiempo de lectura\" \/>\n\t<meta name=\"twitter:data1\" content=\"1 minuto\" \/>\n<script type=\"application\/ld+json\" class=\"yoast-schema-graph\">{\"@context\":\"https:\/\/schema.org\",\"@graph\":[{\"@type\":\"WebPage\",\"@id\":\"https:\/\/fumot.uk\/product\/cherry-cola-jnr-mega-box-50000-puffs\/\",\"url\":\"https:\/\/fumot.uk\/product\/cherry-cola-jnr-mega-box-50000-puffs\/\",\"name\":\"JNR Mega Box Pro 50000 Puffs Cherry Cola | 32ml\",\"isPartOf\":{\"@id\":\"https:\/\/fumot.uk\/#website\"},\"primaryImageOfPage\":{\"@id\":\"https:\/\/fumot.uk\/product\/cherry-cola-jnr-mega-box-50000-puffs\/#primaryimage\"},\"image\":{\"@id\":\"https:\/\/fumot.uk\/product\/cherry-cola-jnr-mega-box-50000-puffs\/#primaryimage\"},\"thumbnailUrl\":\"https:\/\/fumot.uk\/wp-content\/uploads\/2026\/01\/CHERRY-COLA-JNR-Mega-Box-Pro-50000-Puffs-Disposable-Device-scaled-1.jpg\",\"datePublished\":\"2026-01-21T04:08:47+00:00\",\"dateModified\":\"2026-01-21T07:08:59+00:00\",\"description\":\"Cherry Cola JNR Mega Box Pro 50000 Puffs: 32ml, Dual Mesh Coil, LED display, 850mAh Type\u2011C rechargeable. Choose 0%\/2%\/5% nicotine.\",\"breadcrumb\":{\"@id\":\"https:\/\/fumot.uk\/product\/cherry-cola-jnr-mega-box-50000-puffs\/#breadcrumb\"},\"inLanguage\":\"es\",\"potentialAction\":[{\"@type\":\"ReadAction\",\"target\":[\"https:\/\/fumot.uk\/product\/cherry-cola-jnr-mega-box-50000-puffs\/\"]}]},{\"@type\":\"ImageObject\",\"inLanguage\":\"es\",\"@id\":\"https:\/\/fumot.uk\/product\/cherry-cola-jnr-mega-box-50000-puffs\/#primaryimage\",\"url\":\"https:\/\/fumot.uk\/wp-content\/uploads\/2026\/01\/CHERRY-COLA-JNR-Mega-Box-Pro-50000-Puffs-Disposable-Device-scaled-1.jpg\",\"contentUrl\":\"https:\/\/fumot.uk\/wp-content\/uploads\/2026\/01\/CHERRY-COLA-JNR-Mega-Box-Pro-50000-Puffs-Disposable-Device-scaled-1.jpg\",\"width\":2560,\"height\":2560},{\"@type\":\"BreadcrumbList\",\"@id\":\"https:\/\/fumot.uk\/product\/cherry-cola-jnr-mega-box-50000-puffs\/#breadcrumb\",\"itemListElement\":[{\"@type\":\"ListItem\",\"position\":1,\"name\":\"Home\",\"item\":\"https:\/\/fumot.uk\/\"},{\"@type\":\"ListItem\",\"position\":2,\"name\":\"Shop\",\"item\":\"https:\/\/fumot.uk\/shop\/\"},{\"@type\":\"ListItem\",\"position\":3,\"name\":\"JNR Mega Box Pro 50000 Puffs \u2013 Cherry Cola Disposable Vape (32ml, Display, Type\u2011C Rechargeable)\"}]},{\"@type\":\"WebSite\",\"@id\":\"https:\/\/fumot.uk\/#website\",\"url\":\"https:\/\/fumot.uk\/\",\"name\":\"Fumot Official Direct | Straight from the Factory, 100% Genuine\",\"description\":\"Official Website\",\"publisher\":{\"@id\":\"https:\/\/fumot.uk\/#organization\"},\"potentialAction\":[{\"@type\":\"SearchAction\",\"target\":{\"@type\":\"EntryPoint\",\"urlTemplate\":\"https:\/\/fumot.uk\/?s={search_term_string}\"},\"query-input\":{\"@type\":\"PropertyValueSpecification\",\"valueRequired\":true,\"valueName\":\"search_term_string\"}}],\"inLanguage\":\"es\"},{\"@type\":\"Organization\",\"@id\":\"https:\/\/fumot.uk\/#organization\",\"name\":\"Fumot Official Direct | Straight from the Factory, 100% Genuine\",\"url\":\"https:\/\/fumot.uk\/\",\"logo\":{\"@type\":\"ImageObject\",\"inLanguage\":\"es\",\"@id\":\"https:\/\/fumot.uk\/#\/schema\/logo\/image\/\",\"url\":\"https:\/\/fumot.uk\/wp-content\/uploads\/2026\/01\/cropped-fumot-logo1.png\",\"contentUrl\":\"https:\/\/fumot.uk\/wp-content\/uploads\/2026\/01\/cropped-fumot-logo1.png\",\"width\":152,\"height\":106,\"caption\":\"Fumot Official Direct | Straight from the Factory, 100% Genuine\"},\"image\":{\"@id\":\"https:\/\/fumot.uk\/#\/schema\/logo\/image\/\"}}]}<\/script>\n<!-- \/ Yoast SEO plugin. -->","yoast_head_json":{"title":"JNR Mega Box Pro 50000 Puffs Cherry Cola | 32ml","description":"Cherry Cola JNR Mega Box Pro 50000 Puffs: 32ml, Doble Bobina de Malla, Pantalla LED, 850mAh Tipo\u2011C recargable. Elija 0%\/2%\/5% nicotina.","robots":{"index":"index","follow":"follow","max-snippet":"max-snippet:-1","max-image-preview":"max-image-preview:large","max-video-preview":"max-video-preview:-1"},"canonical":"https:\/\/fumot.uk\/es\/product\/cherry-cola-jnr-mega-box-50000-puffs\/","og_locale":"es_ES","og_type":"article","og_title":"Cherry Cola \u2013 JNR Mega Box Pro 50000 Puffs","og_description":"A fizzy cola hit with a smooth cherry finish. 32ml, Dual Mesh Coil, LED display, 850mAh Type\u2011C rechargeable. 0%\/2%\/5% nicotine options.","og_url":"https:\/\/fumot.uk\/es\/product\/cherry-cola-jnr-mega-box-50000-puffs\/","og_site_name":"Fumot Official Direct | Straight from the Factory, 100% Genuine","article_modified_time":"2026-01-21T07:08:59+00:00","og_image":[{"width":2560,"height":2560,"url":"https:\/\/fumot.uk\/wp-content\/uploads\/2026\/01\/CHERRY-COLA-JNR-Mega-Box-Pro-50000-Puffs-Disposable-Device-scaled-1.jpg","type":"image\/jpeg"}],"twitter_card":"summary_large_image","twitter_misc":{"Tiempo de lectura":"1 minuto"},"schema":{"@context":"https:\/\/schema.org","@graph":[{"@type":"WebPage","@id":"https:\/\/fumot.uk\/product\/cherry-cola-jnr-mega-box-50000-puffs\/","url":"https:\/\/fumot.uk\/product\/cherry-cola-jnr-mega-box-50000-puffs\/","name":"JNR Mega Box Pro 50000 Puffs Cherry Cola | 32ml","isPartOf":{"@id":"https:\/\/fumot.uk\/#website"},"primaryImageOfPage":{"@id":"https:\/\/fumot.uk\/product\/cherry-cola-jnr-mega-box-50000-puffs\/#primaryimage"},"image":{"@id":"https:\/\/fumot.uk\/product\/cherry-cola-jnr-mega-box-50000-puffs\/#primaryimage"},"thumbnailUrl":"https:\/\/fumot.uk\/wp-content\/uploads\/2026\/01\/CHERRY-COLA-JNR-Mega-Box-Pro-50000-Puffs-Disposable-Device-scaled-1.jpg","datePublished":"2026-01-21T04:08:47+00:00","dateModified":"2026-01-21T07:08:59+00:00","description":"Cherry Cola JNR Mega Box Pro 50000 Puffs: 32ml, Doble Bobina de Malla, Pantalla LED, 850mAh Tipo\u2011C recargable. Elija 0%\/2%\/5% nicotina.","breadcrumb":{"@id":"https:\/\/fumot.uk\/product\/cherry-cola-jnr-mega-box-50000-puffs\/#breadcrumb"},"inLanguage":"es","potentialAction":[{"@type":"ReadAction","target":["https:\/\/fumot.uk\/product\/cherry-cola-jnr-mega-box-50000-puffs\/"]}]},{"@type":"ImageObject","inLanguage":"es","@id":"https:\/\/fumot.uk\/product\/cherry-cola-jnr-mega-box-50000-puffs\/#primaryimage","url":"https:\/\/fumot.uk\/wp-content\/uploads\/2026\/01\/CHERRY-COLA-JNR-Mega-Box-Pro-50000-Puffs-Disposable-Device-scaled-1.jpg","contentUrl":"https:\/\/fumot.uk\/wp-content\/uploads\/2026\/01\/CHERRY-COLA-JNR-Mega-Box-Pro-50000-Puffs-Disposable-Device-scaled-1.jpg","width":2560,"height":2560},{"@type":"BreadcrumbList","@id":"https:\/\/fumot.uk\/product\/cherry-cola-jnr-mega-box-50000-puffs\/#breadcrumb","itemListElement":[{"@type":"ListItem","position":1,"name":"Home","item":"https:\/\/fumot.uk\/"},{"@type":"ListItem","position":2,"name":"Shop","item":"https:\/\/fumot.uk\/shop\/"},{"@type":"ListItem","position":3,"name":"JNR Mega Box Pro 50000 Puffs \u2013 Cherry Cola Disposable Vape (32ml, Display, Type\u2011C Rechargeable)"}]},{"@type":"WebSite","@id":"https:\/\/fumot.uk\/#website","url":"https:\/\/fumot.uk\/","name":"Fumot Official Direct | Directo desde la f\u00e1brica, 100% Original","description":"Sitio Oficial","publisher":{"@id":"https:\/\/fumot.uk\/#organization"},"potentialAction":[{"@type":"SearchAction","target":{"@type":"EntryPoint","urlTemplate":"https:\/\/fumot.uk\/?s={search_term_string}"},"query-input":{"@type":"PropertyValueSpecification","valueRequired":true,"valueName":"search_term_string"}}],"inLanguage":"es"},{"@type":"Organization","@id":"https:\/\/fumot.uk\/#organization","name":"Fumot Official Direct | Directo desde la f\u00e1brica, 100% Original","url":"https:\/\/fumot.uk\/","logo":{"@type":"ImageObject","inLanguage":"es","@id":"https:\/\/fumot.uk\/#\/schema\/logo\/image\/","url":"https:\/\/fumot.uk\/wp-content\/uploads\/2026\/01\/cropped-fumot-logo1.png","contentUrl":"https:\/\/fumot.uk\/wp-content\/uploads\/2026\/01\/cropped-fumot-logo1.png","width":152,"height":106,"caption":"Fumot Official Direct | Straight from the Factory, 100% Genuine"},"image":{"@id":"https:\/\/fumot.uk\/#\/schema\/logo\/image\/"}}]}},"_links":{"self":[{"href":"https:\/\/fumot.uk\/es\/wp-json\/wp\/v2\/product\/4263","targetHints":{"allow":["GET"]}}],"collection":[{"href":"https:\/\/fumot.uk\/es\/wp-json\/wp\/v2\/product"}],"about":[{"href":"https:\/\/fumot.uk\/es\/wp-json\/wp\/v2\/types\/product"}],"replies":[{"embeddable":true,"href":"https:\/\/fumot.uk\/es\/wp-json\/wp\/v2\/comments?post=4263"}],"wp:featuredmedia":[{"embeddable":true,"href":"https:\/\/fumot.uk\/es\/wp-json\/wp\/v2\/media\/4293"}],"wp:attachment":[{"href":"https:\/\/fumot.uk\/es\/wp-json\/wp\/v2\/media?parent=4263"}],"wp:term":[{"taxonomy":"product_brand","embeddable":true,"href":"https:\/\/fumot.uk\/es\/wp-json\/wp\/v2\/product_brand?post=4263"},{"taxonomy":"product_cat","embeddable":true,"href":"https:\/\/fumot.uk\/es\/wp-json\/wp\/v2\/product_cat?post=4263"},{"taxonomy":"product_tag","embeddable":true,"href":"https:\/\/fumot.uk\/es\/wp-json\/wp\/v2\/product_tag?post=4263"}],"curies":[{"name":"wp","href":"https:\/\/api.w.org\/{rel}","templated":true}]}}