{"id":4234,"date":"2026-01-21T04:08:28","date_gmt":"2026-01-21T04:08:28","guid":{"rendered":"https:\/\/fumot.uk\/?post_type=product&#038;p=4234"},"modified":"2026-01-21T07:36:31","modified_gmt":"2026-01-21T07:36:31","slug":"jnr-flex-ice-21000-puffs-blueberry-lce-e-zigarette-mit-kuhlregulierung","status":"publish","type":"product","link":"https:\/\/fumot.uk\/es\/product\/jnr-flex-ice-21000-puffs-blueberry-lce-e-zigarette-mit-kuhlregulierung\/","title":{"rendered":"JNR FLEX ICE 21000 Puffs Blueberry Ice Vape Desechable \u2013 Control de Hielo Ajustable, Doble Malla, 1000mAh USB\u2011C (0\/2\/5% Nicotina)"},"content":{"rendered":"<div>\n<p><strong>JNR FLEX ICE 21000 Puffs \u2013 Blueberry Ice<\/strong> est\u00e1 hecho para los fan\u00e1ticos del sabor afrutado con un frescor personalizable. Con un <strong>pantalla t\u00e1ctil LED<\/strong>, puedes ajustar el nivel de enfriamiento para que coincida con tu estado de \u00e1nimo, manteniendo cada calada suave, fresca y consistentemente sabrosa.<\/p>\n<h4>Sabor a Blueberry Ice: Bayas Dulces, Acabado Fresco y Limpio<\/h4>\n<p>Disfruta del sabor de <strong>ar\u00e1ndano jugoso<\/strong> combinado con una <strong>nota fresca de hielo<\/strong>. El ar\u00e1ndano se mantiene brillante y dulce como caramelo, mientras que el efecto refrescante a\u00f1ade un acabado refrescante que nunca abruma el car\u00e1cter frutal, especialmente cuando lo ajustas con el control de hielo.<\/p>\n<h4>Control de Hielo Ajustable (Enfriamiento T\u00e1ctil)<\/h4>\n<p>La caracter\u00edstica destacada del <strong>JNR FLEX ICE<\/strong> es su <strong>enfriamiento ajustable<\/strong>. Usa la <strong>pantalla t\u00e1ctil<\/strong> para establecer tu nivel preferido, desde una suave brisa fresca hasta un golpe m\u00e1s fuerte de hielo, para que Blueberry Ice sepa exactamente como te gusta.<\/p>\n<h4>Bobinas de Malla Dual para un Sabor M\u00e1s Completo<\/h4>\n<p>Equipado con <strong>bobinas de malla dual<\/strong>, este desechable ofrece vapor rico y mejor claridad de sabor, resaltando las notas altas de bayas dulces mientras mantiene el acabado de hielo suave.<\/p>\n<h4>Caracter\u00edsticas Clave<\/h4>\n<ul>\n<li><strong>Hasta 21,000 caladas<\/strong> (dise\u00f1ado para un uso prolongado)<\/li>\n<li><strong>Control de Hielo a trav\u00e9s de pantalla t\u00e1ctil LED<\/strong> para enfriamiento personalizado<\/li>\n<li><strong>Resistencias de malla dual<\/strong> para vapor denso y sabor m\u00e1s profundo<\/li>\n<li><strong>Gran capacidad de e-l\u00edquido:<\/strong> 20+6 ml<\/li>\n<li><strong>Opciones de nicotina:<\/strong> 0%, 2%, 5%<\/li>\n<li><strong>Bater\u00eda recargable de 1000mAh<\/strong> con <strong>USB Tipo\u2011C<\/strong> carga r\u00e1pida<\/li>\n<li><strong>Dise\u00f1o de pantalla moderna<\/strong> que combina estilo y funci\u00f3n<\/li>\n<\/ul>\n<h4>Explora m\u00e1s en fumot.uk<\/h4>\n<p>\u00bfBuscas m\u00e1s sabores en la misma serie? Explora la colecci\u00f3n completa aqu\u00ed: <a href=\"https:\/\/fumot.uk\/es\/product-category\/jnr-flex-ice-21000-puffs\/\">JNR FLEX ICE 21000 Puffs<\/a>.<\/p>\n<p><em>Nota: La cantidad de caladas puede variar dependiendo del estilo de uso.<\/em><\/p>\n<\/div>","protected":false},"excerpt":{"rendered":"<p>Blueberry Ice se encuentra con enfriamiento ajustable. JNR FLEX ICE 21000 Puffs cuenta con un control de hielo en pantalla t\u00e1ctil LED, bobinas de malla dual, 20+6ml de e-l\u00edquido y una bater\u00eda recargable USB\u2011C de 1000mAh. Disponible en 0%, 2% o 5% de nicotina.<\/p>","protected":false},"featured_media":4244,"comment_status":"open","ping_status":"closed","template":"","meta":[],"product_brand":[],"product_cat":[205,206,17],"product_tag":[84,174,70,207,71,33,72,23,73,29,208,26,28],"class_list":{"0":"post-4234","1":"product","2":"type-product","3":"status-publish","4":"has-post-thumbnail","6":"product_cat-21000-puff","7":"product_cat-jnr-flex-ice-21000-puffs","8":"product_cat-vape","9":"product_tag-0-nikotin","10":"product_tag-1000-mah","11":"product_tag-2-nikotin","12":"product_tag-26ml","13":"product_tag-5-nikotin","14":"product_tag-blueberry","15":"product_tag-direct-to-lung","16":"product_tag-display","17":"product_tag-dual-mesh","18":"product_tag-ice","19":"product_tag-ice-control","20":"product_tag-rechargeable","21":"product_tag-type-c","23":"first","24":"instock","25":"sale","26":"shipping-taxable","27":"purchasable","28":"product-type-variable","29":"has-default-attributes"},"yoast_head":"<!-- This site is optimized with the Yoast SEO plugin v26.8 - https:\/\/yoast.com\/product\/yoast-seo-wordpress\/ -->\n<title>JNR FLEX ICE 21000 Puffs Blueberry Ice | Ice Control<\/title>\n<meta name=\"description\" content=\"JNR FLEX ICE 21000 Puffs Blueberry Ice disposable vape with adjustable ice control, dual mesh coils, 20+6ml e-liquid, 1000mAh USB\u2011C. 0\/2\/5%.\" \/>\n<meta name=\"robots\" content=\"index, follow, max-snippet:-1, max-image-preview:large, max-video-preview:-1\" \/>\n<link rel=\"canonical\" href=\"https:\/\/fumot.uk\/es\/product\/jnr-flex-ice-21000-puffs-blueberry-lce-e-zigarette-mit-kuhlregulierung\/\" \/>\n<meta property=\"og:locale\" content=\"es_ES\" \/>\n<meta property=\"og:type\" content=\"article\" \/>\n<meta property=\"og:title\" content=\"JNR FLEX ICE 21000 Puffs \u2013 Blueberry Ice with Ice Control\" \/>\n<meta property=\"og:description\" content=\"Sweet blueberry flavor with a customizable icy finish. LED touchscreen ice control, dual mesh coils, 20+6ml e-liquid, 1000mAh USB\u2011C rechargeable. 0\/2\/5%.\" \/>\n<meta property=\"og:url\" content=\"https:\/\/fumot.uk\/es\/product\/jnr-flex-ice-21000-puffs-blueberry-lce-e-zigarette-mit-kuhlregulierung\/\" \/>\n<meta property=\"og:site_name\" content=\"Fumot Official Direct | Straight from the Factory, 100% Genuine\" \/>\n<meta property=\"article:modified_time\" content=\"2026-01-21T07:36:31+00:00\" \/>\n<meta property=\"og:image\" content=\"https:\/\/fumot.uk\/wp-content\/uploads\/2026\/01\/JNR-FLEX-ICE-21000-Puffs-Blueberry-Ice-Disposable-Vape.jpg\" \/>\n\t<meta property=\"og:image:width\" content=\"800\" \/>\n\t<meta property=\"og:image:height\" content=\"800\" \/>\n\t<meta property=\"og:image:type\" content=\"image\/jpeg\" \/>\n<meta name=\"twitter:card\" content=\"summary_large_image\" \/>\n<meta name=\"twitter:label1\" content=\"Tiempo de lectura\" \/>\n\t<meta name=\"twitter:data1\" content=\"1 minuto\" \/>\n<script type=\"application\/ld+json\" class=\"yoast-schema-graph\">{\"@context\":\"https:\/\/schema.org\",\"@graph\":[{\"@type\":\"WebPage\",\"@id\":\"https:\/\/fumot.uk\/product\/jnr-flex-ice-21000-puffs-blueberry-lce-e-zigarette-mit-kuhlregulierung\/\",\"url\":\"https:\/\/fumot.uk\/product\/jnr-flex-ice-21000-puffs-blueberry-lce-e-zigarette-mit-kuhlregulierung\/\",\"name\":\"JNR FLEX ICE 21000 Puffs Blueberry Ice | Ice Control\",\"isPartOf\":{\"@id\":\"https:\/\/fumot.uk\/#website\"},\"primaryImageOfPage\":{\"@id\":\"https:\/\/fumot.uk\/product\/jnr-flex-ice-21000-puffs-blueberry-lce-e-zigarette-mit-kuhlregulierung\/#primaryimage\"},\"image\":{\"@id\":\"https:\/\/fumot.uk\/product\/jnr-flex-ice-21000-puffs-blueberry-lce-e-zigarette-mit-kuhlregulierung\/#primaryimage\"},\"thumbnailUrl\":\"https:\/\/fumot.uk\/wp-content\/uploads\/2026\/01\/JNR-FLEX-ICE-21000-Puffs-Blueberry-Ice-Disposable-Vape.jpg\",\"datePublished\":\"2026-01-21T04:08:28+00:00\",\"dateModified\":\"2026-01-21T07:36:31+00:00\",\"description\":\"JNR FLEX ICE 21000 Puffs Blueberry Ice disposable vape with adjustable ice control, dual mesh coils, 20+6ml e-liquid, 1000mAh USB\u2011C. 0\/2\/5%.\",\"breadcrumb\":{\"@id\":\"https:\/\/fumot.uk\/product\/jnr-flex-ice-21000-puffs-blueberry-lce-e-zigarette-mit-kuhlregulierung\/#breadcrumb\"},\"inLanguage\":\"es\",\"potentialAction\":[{\"@type\":\"ReadAction\",\"target\":[\"https:\/\/fumot.uk\/product\/jnr-flex-ice-21000-puffs-blueberry-lce-e-zigarette-mit-kuhlregulierung\/\"]}]},{\"@type\":\"ImageObject\",\"inLanguage\":\"es\",\"@id\":\"https:\/\/fumot.uk\/product\/jnr-flex-ice-21000-puffs-blueberry-lce-e-zigarette-mit-kuhlregulierung\/#primaryimage\",\"url\":\"https:\/\/fumot.uk\/wp-content\/uploads\/2026\/01\/JNR-FLEX-ICE-21000-Puffs-Blueberry-Ice-Disposable-Vape.jpg\",\"contentUrl\":\"https:\/\/fumot.uk\/wp-content\/uploads\/2026\/01\/JNR-FLEX-ICE-21000-Puffs-Blueberry-Ice-Disposable-Vape.jpg\",\"width\":800,\"height\":800},{\"@type\":\"BreadcrumbList\",\"@id\":\"https:\/\/fumot.uk\/product\/jnr-flex-ice-21000-puffs-blueberry-lce-e-zigarette-mit-kuhlregulierung\/#breadcrumb\",\"itemListElement\":[{\"@type\":\"ListItem\",\"position\":1,\"name\":\"Home\",\"item\":\"https:\/\/fumot.uk\/\"},{\"@type\":\"ListItem\",\"position\":2,\"name\":\"Shop\",\"item\":\"https:\/\/fumot.uk\/shop\/\"},{\"@type\":\"ListItem\",\"position\":3,\"name\":\"JNR FLEX ICE 21000 Puffs Blueberry Ice Disposable Vape \u2013 Adjustable Ice Control, Dual Mesh, 1000mAh USB\u2011C (0\/2\/5% Nicotine)\"}]},{\"@type\":\"WebSite\",\"@id\":\"https:\/\/fumot.uk\/#website\",\"url\":\"https:\/\/fumot.uk\/\",\"name\":\"Fumot Official Direct | Straight from the Factory, 100% Genuine\",\"description\":\"Official Website\",\"publisher\":{\"@id\":\"https:\/\/fumot.uk\/#organization\"},\"potentialAction\":[{\"@type\":\"SearchAction\",\"target\":{\"@type\":\"EntryPoint\",\"urlTemplate\":\"https:\/\/fumot.uk\/?s={search_term_string}\"},\"query-input\":{\"@type\":\"PropertyValueSpecification\",\"valueRequired\":true,\"valueName\":\"search_term_string\"}}],\"inLanguage\":\"es\"},{\"@type\":\"Organization\",\"@id\":\"https:\/\/fumot.uk\/#organization\",\"name\":\"Fumot Official Direct | Straight from the Factory, 100% Genuine\",\"url\":\"https:\/\/fumot.uk\/\",\"logo\":{\"@type\":\"ImageObject\",\"inLanguage\":\"es\",\"@id\":\"https:\/\/fumot.uk\/#\/schema\/logo\/image\/\",\"url\":\"https:\/\/fumot.uk\/wp-content\/uploads\/2026\/01\/cropped-fumot-logo1.png\",\"contentUrl\":\"https:\/\/fumot.uk\/wp-content\/uploads\/2026\/01\/cropped-fumot-logo1.png\",\"width\":152,\"height\":106,\"caption\":\"Fumot Official Direct | Straight from the Factory, 100% Genuine\"},\"image\":{\"@id\":\"https:\/\/fumot.uk\/#\/schema\/logo\/image\/\"}}]}<\/script>\n<!-- \/ Yoast SEO plugin. -->","yoast_head_json":{"title":"JNR FLEX ICE 21000 Puffs Blueberry Ice | Control de Hielo","description":"JNR FLEX ICE 21000 Puffs Blueberry Ice vape desechable con control de hielo ajustable, bobinas de malla dual, 20+6ml de e-l\u00edquido, 1000mAh USB\u2011C. 0\/2\/5%.","robots":{"index":"index","follow":"follow","max-snippet":"max-snippet:-1","max-image-preview":"max-image-preview:large","max-video-preview":"max-video-preview:-1"},"canonical":"https:\/\/fumot.uk\/es\/product\/jnr-flex-ice-21000-puffs-blueberry-lce-e-zigarette-mit-kuhlregulierung\/","og_locale":"es_ES","og_type":"article","og_title":"JNR FLEX ICE 21000 Puffs \u2013 Blueberry Ice with Ice Control","og_description":"Sweet blueberry flavor with a customizable icy finish. LED touchscreen ice control, dual mesh coils, 20+6ml e-liquid, 1000mAh USB\u2011C rechargeable. 0\/2\/5%.","og_url":"https:\/\/fumot.uk\/es\/product\/jnr-flex-ice-21000-puffs-blueberry-lce-e-zigarette-mit-kuhlregulierung\/","og_site_name":"Fumot Official Direct | Straight from the Factory, 100% Genuine","article_modified_time":"2026-01-21T07:36:31+00:00","og_image":[{"width":800,"height":800,"url":"https:\/\/fumot.uk\/wp-content\/uploads\/2026\/01\/JNR-FLEX-ICE-21000-Puffs-Blueberry-Ice-Disposable-Vape.jpg","type":"image\/jpeg"}],"twitter_card":"summary_large_image","twitter_misc":{"Tiempo de lectura":"1 minuto"},"schema":{"@context":"https:\/\/schema.org","@graph":[{"@type":"WebPage","@id":"https:\/\/fumot.uk\/product\/jnr-flex-ice-21000-puffs-blueberry-lce-e-zigarette-mit-kuhlregulierung\/","url":"https:\/\/fumot.uk\/product\/jnr-flex-ice-21000-puffs-blueberry-lce-e-zigarette-mit-kuhlregulierung\/","name":"JNR FLEX ICE 21000 Puffs Blueberry Ice | Control de Hielo","isPartOf":{"@id":"https:\/\/fumot.uk\/#website"},"primaryImageOfPage":{"@id":"https:\/\/fumot.uk\/product\/jnr-flex-ice-21000-puffs-blueberry-lce-e-zigarette-mit-kuhlregulierung\/#primaryimage"},"image":{"@id":"https:\/\/fumot.uk\/product\/jnr-flex-ice-21000-puffs-blueberry-lce-e-zigarette-mit-kuhlregulierung\/#primaryimage"},"thumbnailUrl":"https:\/\/fumot.uk\/wp-content\/uploads\/2026\/01\/JNR-FLEX-ICE-21000-Puffs-Blueberry-Ice-Disposable-Vape.jpg","datePublished":"2026-01-21T04:08:28+00:00","dateModified":"2026-01-21T07:36:31+00:00","description":"JNR FLEX ICE 21000 Puffs Blueberry Ice vape desechable con control de hielo ajustable, bobinas de malla dual, 20+6ml de e-l\u00edquido, 1000mAh USB\u2011C. 0\/2\/5%.","breadcrumb":{"@id":"https:\/\/fumot.uk\/product\/jnr-flex-ice-21000-puffs-blueberry-lce-e-zigarette-mit-kuhlregulierung\/#breadcrumb"},"inLanguage":"es","potentialAction":[{"@type":"ReadAction","target":["https:\/\/fumot.uk\/product\/jnr-flex-ice-21000-puffs-blueberry-lce-e-zigarette-mit-kuhlregulierung\/"]}]},{"@type":"ImageObject","inLanguage":"es","@id":"https:\/\/fumot.uk\/product\/jnr-flex-ice-21000-puffs-blueberry-lce-e-zigarette-mit-kuhlregulierung\/#primaryimage","url":"https:\/\/fumot.uk\/wp-content\/uploads\/2026\/01\/JNR-FLEX-ICE-21000-Puffs-Blueberry-Ice-Disposable-Vape.jpg","contentUrl":"https:\/\/fumot.uk\/wp-content\/uploads\/2026\/01\/JNR-FLEX-ICE-21000-Puffs-Blueberry-Ice-Disposable-Vape.jpg","width":800,"height":800},{"@type":"BreadcrumbList","@id":"https:\/\/fumot.uk\/product\/jnr-flex-ice-21000-puffs-blueberry-lce-e-zigarette-mit-kuhlregulierung\/#breadcrumb","itemListElement":[{"@type":"ListItem","position":1,"name":"Home","item":"https:\/\/fumot.uk\/"},{"@type":"ListItem","position":2,"name":"Shop","item":"https:\/\/fumot.uk\/shop\/"},{"@type":"ListItem","position":3,"name":"JNR FLEX ICE 21000 Puffs Blueberry Ice Disposable Vape \u2013 Adjustable Ice Control, Dual Mesh, 1000mAh USB\u2011C (0\/2\/5% Nicotine)"}]},{"@type":"WebSite","@id":"https:\/\/fumot.uk\/#website","url":"https:\/\/fumot.uk\/","name":"Fumot Official Direct | Directo desde la f\u00e1brica, 100% Original","description":"Sitio Oficial","publisher":{"@id":"https:\/\/fumot.uk\/#organization"},"potentialAction":[{"@type":"SearchAction","target":{"@type":"EntryPoint","urlTemplate":"https:\/\/fumot.uk\/?s={search_term_string}"},"query-input":{"@type":"PropertyValueSpecification","valueRequired":true,"valueName":"search_term_string"}}],"inLanguage":"es"},{"@type":"Organization","@id":"https:\/\/fumot.uk\/#organization","name":"Fumot Official Direct | Directo desde la f\u00e1brica, 100% Original","url":"https:\/\/fumot.uk\/","logo":{"@type":"ImageObject","inLanguage":"es","@id":"https:\/\/fumot.uk\/#\/schema\/logo\/image\/","url":"https:\/\/fumot.uk\/wp-content\/uploads\/2026\/01\/cropped-fumot-logo1.png","contentUrl":"https:\/\/fumot.uk\/wp-content\/uploads\/2026\/01\/cropped-fumot-logo1.png","width":152,"height":106,"caption":"Fumot Official Direct | Straight from the Factory, 100% Genuine"},"image":{"@id":"https:\/\/fumot.uk\/#\/schema\/logo\/image\/"}}]}},"_links":{"self":[{"href":"https:\/\/fumot.uk\/es\/wp-json\/wp\/v2\/product\/4234","targetHints":{"allow":["GET"]}}],"collection":[{"href":"https:\/\/fumot.uk\/es\/wp-json\/wp\/v2\/product"}],"about":[{"href":"https:\/\/fumot.uk\/es\/wp-json\/wp\/v2\/types\/product"}],"replies":[{"embeddable":true,"href":"https:\/\/fumot.uk\/es\/wp-json\/wp\/v2\/comments?post=4234"}],"wp:featuredmedia":[{"embeddable":true,"href":"https:\/\/fumot.uk\/es\/wp-json\/wp\/v2\/media\/4244"}],"wp:attachment":[{"href":"https:\/\/fumot.uk\/es\/wp-json\/wp\/v2\/media?parent=4234"}],"wp:term":[{"taxonomy":"product_brand","embeddable":true,"href":"https:\/\/fumot.uk\/es\/wp-json\/wp\/v2\/product_brand?post=4234"},{"taxonomy":"product_cat","embeddable":true,"href":"https:\/\/fumot.uk\/es\/wp-json\/wp\/v2\/product_cat?post=4234"},{"taxonomy":"product_tag","embeddable":true,"href":"https:\/\/fumot.uk\/es\/wp-json\/wp\/v2\/product_tag?post=4234"}],"curies":[{"name":"wp","href":"https:\/\/api.w.org\/{rel}","templated":true}]}}