{"id":414,"date":"2026-01-20T02:44:11","date_gmt":"2026-01-20T02:44:11","guid":{"rendered":"https:\/\/fumot.uk\/?post_type=product&#038;p=414"},"modified":"2026-01-20T07:59:47","modified_gmt":"2026-01-20T07:59:47","slug":"randm-tornado-20000-puffs-peach-mango-watermelon","status":"publish","type":"product","link":"https:\/\/fumot.uk\/es\/product\/randm-tornado-20000-puffs-peach-mango-watermelon\/","title":{"rendered":"RandM Tornado 20000 Puffs Vape Desechable \u2013 Melocot\u00f3n Mango Sand\u00eda | 20ml, Recargable LCD"},"content":{"rendered":"<h2>RandM Tornado 20000 Puffs \u2013 Melocot\u00f3n Mango Sand\u00eda<\/h2>\n<p>Trae un toque de sol a cada bocanada. El <strong>RandM Tornado 20000 Puffs<\/strong> in <strong>Mango Sand\u00eda Durazno<\/strong> mezcla la suavidad dulce del melocot\u00f3n, la profundidad cremosa del mango y un acabado crujiente de sand\u00eda para un perfil tropical que se mantiene suave y refrescante todo el d\u00eda.<\/p>\n<h3>Perfil de Sabor (Lo que probar\u00e1s)<\/h3>\n<ul>\n<li><strong>Melocot\u00f3n:<\/strong> dulzura suave y jugosa al principio<\/li>\n<li><strong>Mango:<\/strong> cuerpo tropical rico con una sensaci\u00f3n suave<\/li>\n<li><strong>Sand\u00eda:<\/strong> acabado limpio y refrescante que facilita el vapeo<\/li>\n<\/ul>\n<h3>Caracter\u00edsticas Clave<\/h3>\n<ul>\n<li><strong>Hasta 20,000 bocanadas<\/strong>* para uso prolongado<\/li>\n<li><strong>Capacidad de e-l\u00edquido de 20ml<\/strong> para sabor duradero<\/li>\n<li><strong>Opciones de nicotina:<\/strong> 2% o 5% (elige tu preferencia)<\/li>\n<li><strong>Bater\u00eda recargable de 850mAh<\/strong> para potencia diaria confiable<\/li>\n<li><strong>Carga r\u00e1pida Tipo-C<\/strong> para recargas convenientes<\/li>\n<li><strong>Bobina de malla dual<\/strong> dise\u00f1ado para un sabor m\u00e1s completo y vapor m\u00e1s suave<\/li>\n<li><strong>Pantalla LCD inteligente<\/strong> muestra el estado de la bater\u00eda y el l\u00edquido a simple vista<\/li>\n<li><strong>acentos de luz RGB<\/strong> para un aspecto moderno y destacado<\/li>\n<\/ul>\n<h3>Por qu\u00e9 este pertenece a tu rotaci\u00f3n<\/h3>\n<p>Si te gustan <strong>vapes desechables de frutas tropicales<\/strong> que no se sienten pesados, esta mezcla alcanza el punto ideal: notas de frutas brillantes con un acabado limpio, combinado con una construcci\u00f3n recargable y una pantalla clara para que siempre sepas d\u00f3nde est\u00e1s.<\/p>\n<h3>Compra m\u00e1s en fumot.uk<\/h3>\n<p>\u00bfBuscas m\u00e1s favoritos de grandes bocanadas? Explora nuestro completo <a href=\"https:\/\/fumot.uk\/es\/product-category\/20000-puff\/\">colecci\u00f3n de vapes desechables de 20,000 bocanadas<\/a> on <a href=\"https:\/\/fumot.uk\/es\/\">fumot.uk<\/a> y encuentra tu pr\u00f3xima elecci\u00f3n centrada en frutas.<\/p>\n<p><em>*El conteo de bocanadas var\u00eda seg\u00fan el uso, la longitud de la inhalaci\u00f3n y el estilo de vapeo.<\/em><\/p>","protected":false},"excerpt":{"rendered":"<p>Tropical y refrescante: RandM Tornado 20000 Puffs en Peach Mango Watermelon cuenta con 20ml de e-l\u00edquido, doble bobina de malla, pantalla LCD, bater\u00eda recargable de 850mAh y carga r\u00e1pida Type\u2011C. Nicotina: 2% o 5%.<\/p>","protected":false},"featured_media":468,"comment_status":"open","ping_status":"closed","template":"","meta":[],"product_brand":[],"product_cat":[68,69,17],"product_tag":[70,60,71,20,72,73,74,42,30,26,27,62,28,32],"class_list":{"0":"post-414","1":"product","2":"type-product","3":"status-publish","4":"has-post-thumbnail","6":"product_cat-20000-puff","7":"product_cat-randm-tornado-20000-puffs","8":"product_cat-vape","9":"product_tag-2-nikotin","10":"product_tag-20ml","11":"product_tag-5-nikotin","12":"product_tag-850mah","13":"product_tag-direct-to-lung","14":"product_tag-dual-mesh","15":"product_tag-lcd-display","16":"product_tag-mango","17":"product_tag-peach","18":"product_tag-rechargeable","19":"product_tag-rgb-light","20":"product_tag-sale-vape","21":"product_tag-type-c","22":"product_tag-watermelon","24":"first","25":"instock","26":"sale","27":"shipping-taxable","28":"purchasable","29":"product-type-variable","30":"has-default-attributes"},"yoast_head":"<!-- This site is optimized with the Yoast SEO plugin v26.8 - https:\/\/yoast.com\/product\/yoast-seo-wordpress\/ -->\n<title>RandM Tornado 20000 Peach Mango Watermelon | 20ml<\/title>\n<meta name=\"description\" content=\"RandM Tornado 20000 Puffs Peach Mango Watermelon: 20ml, 850mAh rechargeable, dual mesh coil, LCD, Type\u2011C charging. Nicotine 2%\/5%.\" \/>\n<meta name=\"robots\" content=\"index, follow, max-snippet:-1, max-image-preview:large, max-video-preview:-1\" \/>\n<link rel=\"canonical\" href=\"https:\/\/fumot.uk\/es\/product\/randm-tornado-20000-puffs-peach-mango-watermelon\/\" \/>\n<meta property=\"og:locale\" content=\"es_ES\" \/>\n<meta property=\"og:type\" content=\"article\" \/>\n<meta property=\"og:title\" content=\"RandM Tornado 20000 \u2013 Peach Mango Watermelon\" \/>\n<meta property=\"og:description\" content=\"Juicy peach, smooth mango, crisp watermelon. 20ml, rechargeable 850mAh, dual mesh coil, LCD display, Type\u2011C charging. Nicotine 2%\/5%.\" \/>\n<meta property=\"og:url\" content=\"https:\/\/fumot.uk\/es\/product\/randm-tornado-20000-puffs-peach-mango-watermelon\/\" \/>\n<meta property=\"og:site_name\" content=\"Fumot Official Direct | Straight from the Factory, 100% Genuine\" \/>\n<meta property=\"article:modified_time\" content=\"2026-01-20T07:59:47+00:00\" \/>\n<meta property=\"og:image\" content=\"https:\/\/fumot.uk\/wp-content\/uploads\/2026\/01\/Peach-Mango-Watermelon_Randm-Tornado-20000-Puffs-Disposable-Vape.jpg\" \/>\n\t<meta property=\"og:image:width\" content=\"2000\" \/>\n\t<meta property=\"og:image:height\" content=\"2000\" \/>\n\t<meta property=\"og:image:type\" content=\"image\/jpeg\" \/>\n<meta name=\"twitter:card\" content=\"summary_large_image\" \/>\n<meta name=\"twitter:label1\" content=\"Tiempo de lectura\" \/>\n\t<meta name=\"twitter:data1\" content=\"2 minutos\" \/>\n<script type=\"application\/ld+json\" class=\"yoast-schema-graph\">{\"@context\":\"https:\/\/schema.org\",\"@graph\":[{\"@type\":\"WebPage\",\"@id\":\"https:\/\/fumot.uk\/product\/randm-tornado-20000-puffs-peach-mango-watermelon\/\",\"url\":\"https:\/\/fumot.uk\/product\/randm-tornado-20000-puffs-peach-mango-watermelon\/\",\"name\":\"RandM Tornado 20000 Peach Mango Watermelon | 20ml\",\"isPartOf\":{\"@id\":\"https:\/\/fumot.uk\/#website\"},\"primaryImageOfPage\":{\"@id\":\"https:\/\/fumot.uk\/product\/randm-tornado-20000-puffs-peach-mango-watermelon\/#primaryimage\"},\"image\":{\"@id\":\"https:\/\/fumot.uk\/product\/randm-tornado-20000-puffs-peach-mango-watermelon\/#primaryimage\"},\"thumbnailUrl\":\"https:\/\/fumot.uk\/wp-content\/uploads\/2026\/01\/Peach-Mango-Watermelon_Randm-Tornado-20000-Puffs-Disposable-Vape.jpg\",\"datePublished\":\"2026-01-20T02:44:11+00:00\",\"dateModified\":\"2026-01-20T07:59:47+00:00\",\"description\":\"RandM Tornado 20000 Puffs Peach Mango Watermelon: 20ml, 850mAh rechargeable, dual mesh coil, LCD, Type\u2011C charging. Nicotine 2%\/5%.\",\"breadcrumb\":{\"@id\":\"https:\/\/fumot.uk\/product\/randm-tornado-20000-puffs-peach-mango-watermelon\/#breadcrumb\"},\"inLanguage\":\"es\",\"potentialAction\":[{\"@type\":\"ReadAction\",\"target\":[\"https:\/\/fumot.uk\/product\/randm-tornado-20000-puffs-peach-mango-watermelon\/\"]}]},{\"@type\":\"ImageObject\",\"inLanguage\":\"es\",\"@id\":\"https:\/\/fumot.uk\/product\/randm-tornado-20000-puffs-peach-mango-watermelon\/#primaryimage\",\"url\":\"https:\/\/fumot.uk\/wp-content\/uploads\/2026\/01\/Peach-Mango-Watermelon_Randm-Tornado-20000-Puffs-Disposable-Vape.jpg\",\"contentUrl\":\"https:\/\/fumot.uk\/wp-content\/uploads\/2026\/01\/Peach-Mango-Watermelon_Randm-Tornado-20000-Puffs-Disposable-Vape.jpg\",\"width\":2000,\"height\":2000},{\"@type\":\"BreadcrumbList\",\"@id\":\"https:\/\/fumot.uk\/product\/randm-tornado-20000-puffs-peach-mango-watermelon\/#breadcrumb\",\"itemListElement\":[{\"@type\":\"ListItem\",\"position\":1,\"name\":\"Home\",\"item\":\"https:\/\/fumot.uk\/\"},{\"@type\":\"ListItem\",\"position\":2,\"name\":\"Shop\",\"item\":\"https:\/\/fumot.uk\/shop\/\"},{\"@type\":\"ListItem\",\"position\":3,\"name\":\"RandM Tornado 20000 Puffs Disposable Vape \u2013 Peach Mango Watermelon | 20ml, Rechargeable LCD\"}]},{\"@type\":\"WebSite\",\"@id\":\"https:\/\/fumot.uk\/#website\",\"url\":\"https:\/\/fumot.uk\/\",\"name\":\"Fumot Official Direct | Straight from the Factory, 100% Genuine\",\"description\":\"Official Website\",\"publisher\":{\"@id\":\"https:\/\/fumot.uk\/#organization\"},\"potentialAction\":[{\"@type\":\"SearchAction\",\"target\":{\"@type\":\"EntryPoint\",\"urlTemplate\":\"https:\/\/fumot.uk\/?s={search_term_string}\"},\"query-input\":{\"@type\":\"PropertyValueSpecification\",\"valueRequired\":true,\"valueName\":\"search_term_string\"}}],\"inLanguage\":\"es\"},{\"@type\":\"Organization\",\"@id\":\"https:\/\/fumot.uk\/#organization\",\"name\":\"Fumot Official Direct | Straight from the Factory, 100% Genuine\",\"url\":\"https:\/\/fumot.uk\/\",\"logo\":{\"@type\":\"ImageObject\",\"inLanguage\":\"es\",\"@id\":\"https:\/\/fumot.uk\/#\/schema\/logo\/image\/\",\"url\":\"https:\/\/fumot.uk\/wp-content\/uploads\/2026\/01\/cropped-fumot-logo1.png\",\"contentUrl\":\"https:\/\/fumot.uk\/wp-content\/uploads\/2026\/01\/cropped-fumot-logo1.png\",\"width\":152,\"height\":106,\"caption\":\"Fumot Official Direct | Straight from the Factory, 100% Genuine\"},\"image\":{\"@id\":\"https:\/\/fumot.uk\/#\/schema\/logo\/image\/\"}}]}<\/script>\n<!-- \/ Yoast SEO plugin. -->","yoast_head_json":{"title":"RandM Tornado 20000 Melocot\u00f3n Mango Sand\u00eda | 20ml","description":"RandM Tornado 20000 Puffs Melocot\u00f3n Mango Sand\u00eda: 20ml, 850mAh recargable, doble bobina de malla, LCD, carga Tipo\u2011C. Nicotina 2%\/5%.","robots":{"index":"index","follow":"follow","max-snippet":"max-snippet:-1","max-image-preview":"max-image-preview:large","max-video-preview":"max-video-preview:-1"},"canonical":"https:\/\/fumot.uk\/es\/product\/randm-tornado-20000-puffs-peach-mango-watermelon\/","og_locale":"es_ES","og_type":"article","og_title":"RandM Tornado 20000 \u2013 Peach Mango Watermelon","og_description":"Juicy peach, smooth mango, crisp watermelon. 20ml, rechargeable 850mAh, dual mesh coil, LCD display, Type\u2011C charging. Nicotine 2%\/5%.","og_url":"https:\/\/fumot.uk\/es\/product\/randm-tornado-20000-puffs-peach-mango-watermelon\/","og_site_name":"Fumot Official Direct | Straight from the Factory, 100% Genuine","article_modified_time":"2026-01-20T07:59:47+00:00","og_image":[{"width":2000,"height":2000,"url":"https:\/\/fumot.uk\/wp-content\/uploads\/2026\/01\/Peach-Mango-Watermelon_Randm-Tornado-20000-Puffs-Disposable-Vape.jpg","type":"image\/jpeg"}],"twitter_card":"summary_large_image","twitter_misc":{"Tiempo de lectura":"2 minutos"},"schema":{"@context":"https:\/\/schema.org","@graph":[{"@type":"WebPage","@id":"https:\/\/fumot.uk\/product\/randm-tornado-20000-puffs-peach-mango-watermelon\/","url":"https:\/\/fumot.uk\/product\/randm-tornado-20000-puffs-peach-mango-watermelon\/","name":"RandM Tornado 20000 Melocot\u00f3n Mango Sand\u00eda | 20ml","isPartOf":{"@id":"https:\/\/fumot.uk\/#website"},"primaryImageOfPage":{"@id":"https:\/\/fumot.uk\/product\/randm-tornado-20000-puffs-peach-mango-watermelon\/#primaryimage"},"image":{"@id":"https:\/\/fumot.uk\/product\/randm-tornado-20000-puffs-peach-mango-watermelon\/#primaryimage"},"thumbnailUrl":"https:\/\/fumot.uk\/wp-content\/uploads\/2026\/01\/Peach-Mango-Watermelon_Randm-Tornado-20000-Puffs-Disposable-Vape.jpg","datePublished":"2026-01-20T02:44:11+00:00","dateModified":"2026-01-20T07:59:47+00:00","description":"RandM Tornado 20000 Puffs Melocot\u00f3n Mango Sand\u00eda: 20ml, 850mAh recargable, doble bobina de malla, LCD, carga Tipo\u2011C. Nicotina 2%\/5%.","breadcrumb":{"@id":"https:\/\/fumot.uk\/product\/randm-tornado-20000-puffs-peach-mango-watermelon\/#breadcrumb"},"inLanguage":"es","potentialAction":[{"@type":"ReadAction","target":["https:\/\/fumot.uk\/product\/randm-tornado-20000-puffs-peach-mango-watermelon\/"]}]},{"@type":"ImageObject","inLanguage":"es","@id":"https:\/\/fumot.uk\/product\/randm-tornado-20000-puffs-peach-mango-watermelon\/#primaryimage","url":"https:\/\/fumot.uk\/wp-content\/uploads\/2026\/01\/Peach-Mango-Watermelon_Randm-Tornado-20000-Puffs-Disposable-Vape.jpg","contentUrl":"https:\/\/fumot.uk\/wp-content\/uploads\/2026\/01\/Peach-Mango-Watermelon_Randm-Tornado-20000-Puffs-Disposable-Vape.jpg","width":2000,"height":2000},{"@type":"BreadcrumbList","@id":"https:\/\/fumot.uk\/product\/randm-tornado-20000-puffs-peach-mango-watermelon\/#breadcrumb","itemListElement":[{"@type":"ListItem","position":1,"name":"Home","item":"https:\/\/fumot.uk\/"},{"@type":"ListItem","position":2,"name":"Shop","item":"https:\/\/fumot.uk\/shop\/"},{"@type":"ListItem","position":3,"name":"RandM Tornado 20000 Puffs Disposable Vape \u2013 Peach Mango Watermelon | 20ml, Rechargeable LCD"}]},{"@type":"WebSite","@id":"https:\/\/fumot.uk\/#website","url":"https:\/\/fumot.uk\/","name":"Fumot Official Direct | Directo desde la f\u00e1brica, 100% Original","description":"Sitio Oficial","publisher":{"@id":"https:\/\/fumot.uk\/#organization"},"potentialAction":[{"@type":"SearchAction","target":{"@type":"EntryPoint","urlTemplate":"https:\/\/fumot.uk\/?s={search_term_string}"},"query-input":{"@type":"PropertyValueSpecification","valueRequired":true,"valueName":"search_term_string"}}],"inLanguage":"es"},{"@type":"Organization","@id":"https:\/\/fumot.uk\/#organization","name":"Fumot Official Direct | Directo desde la f\u00e1brica, 100% Original","url":"https:\/\/fumot.uk\/","logo":{"@type":"ImageObject","inLanguage":"es","@id":"https:\/\/fumot.uk\/#\/schema\/logo\/image\/","url":"https:\/\/fumot.uk\/wp-content\/uploads\/2026\/01\/cropped-fumot-logo1.png","contentUrl":"https:\/\/fumot.uk\/wp-content\/uploads\/2026\/01\/cropped-fumot-logo1.png","width":152,"height":106,"caption":"Fumot Official Direct | Straight from the Factory, 100% Genuine"},"image":{"@id":"https:\/\/fumot.uk\/#\/schema\/logo\/image\/"}}]}},"_links":{"self":[{"href":"https:\/\/fumot.uk\/es\/wp-json\/wp\/v2\/product\/414","targetHints":{"allow":["GET"]}}],"collection":[{"href":"https:\/\/fumot.uk\/es\/wp-json\/wp\/v2\/product"}],"about":[{"href":"https:\/\/fumot.uk\/es\/wp-json\/wp\/v2\/types\/product"}],"replies":[{"embeddable":true,"href":"https:\/\/fumot.uk\/es\/wp-json\/wp\/v2\/comments?post=414"}],"wp:featuredmedia":[{"embeddable":true,"href":"https:\/\/fumot.uk\/es\/wp-json\/wp\/v2\/media\/468"}],"wp:attachment":[{"href":"https:\/\/fumot.uk\/es\/wp-json\/wp\/v2\/media?parent=414"}],"wp:term":[{"taxonomy":"product_brand","embeddable":true,"href":"https:\/\/fumot.uk\/es\/wp-json\/wp\/v2\/product_brand?post=414"},{"taxonomy":"product_cat","embeddable":true,"href":"https:\/\/fumot.uk\/es\/wp-json\/wp\/v2\/product_cat?post=414"},{"taxonomy":"product_tag","embeddable":true,"href":"https:\/\/fumot.uk\/es\/wp-json\/wp\/v2\/product_tag?post=414"}],"curies":[{"name":"wp","href":"https:\/\/api.w.org\/{rel}","templated":true}]}}