{"id":4088,"date":"2026-01-21T04:07:17","date_gmt":"2026-01-21T04:07:17","guid":{"rendered":"https:\/\/fumot.uk\/?post_type=product&#038;p=4088"},"modified":"2026-01-21T07:47:55","modified_gmt":"2026-01-21T07:47:55","slug":"jnr-aero-x-32000-puff-blueberry-red-raspberry-refillable-pod-e-cigarette","status":"publish","type":"product","link":"https:\/\/fumot.uk\/es\/product\/jnr-aero-x-32000-puff-blueberry-red-raspberry-refillable-pod-e-cigarette\/","title":{"rendered":"JNR Aero X 32000 Puff Ar\u00e1ndano Frambuesa Roja \u2013 Vape Pod Recargable, 2% Nicotina, Flujo de Aire Ajustable (TPD)"},"content":{"rendered":"<h2>Ar\u00e1ndano \u00d7 Frambuesa Roja \u00d7 Acabado Fresco<\/h2>\n<p><strong>JNR Aero X 32000 Puff \u2013 Ar\u00e1ndano Frambuesa Roja<\/strong> mezcla la dulce jugosidad de los ar\u00e1ndanos maduros con el brillante y \u00e1cido estallido de las frambuesas rojas, terminado con una nota fresca y limpia. El sabor es rico y afrutado sin sentirse pesado\u2014ideal cuando deseas un perfil de bayas para todo el d\u00eda que se mantenga fresco desde la primera calada hasta la \u00faltima.<\/p>\n<h3>Hecho para Sabor Consistente, Construido para Uso Prolongado<\/h3>\n<p>Dise\u00f1ado para hasta <strong>32,000 caladas<\/strong> (el uso var\u00eda), el Aero X utiliza un <strong>bobina de malla dual<\/strong> para calentar el e-l\u00edquido uniformemente para un sabor suave y en capas de bayas y vapor denso. Con <strong>flujo de aire ajustable<\/strong>, puedes ajustar f\u00e1cilmente una <strong>MTL (boca a pulm\u00f3n)<\/strong> calada m\u00e1s apretada o abrirla para un estilo m\u00e1s suelto\u2014tu vapeo, tu ritmo. <strong>DL (directo a pulm\u00f3n)<\/strong> Sistema de Pod Reemplazable y Rellenable.<\/p>\n<h3>dise\u00f1o de pod reemplazable<\/h3>\n<p>El <strong>replaceable pod design<\/strong> (pa_nic: 2%) para una entrega constante y suave.<\/p>\n<h3>Caracter\u00edsticas Clave<\/h3>\n<ul>\n<li><strong>2% nicotina<\/strong> para sesiones m\u00e1s largas entre cargas<\/li>\n<li><strong>Bater\u00eda recargable de 850mAh<\/strong> Pantalla de nivel de bater\u00eda<\/li>\n<li><strong>para ayudarte a mantenerte cargado<\/strong> para cambiar de MTL a DL<\/li>\n<li><strong>Flujo de aire ajustable<\/strong> para un sabor m\u00e1s claro y vapor consistente<\/li>\n<li><strong>Bobina de malla dual<\/strong> para un ajuste seguro<\/li>\n<li><strong>Conexi\u00f3n magn\u00e9tica del pod<\/strong> , cumpliendo con los requisitos de la UE para seguridad, etiquetado y cumplimiento\u2014para que puedas comprar con confianza.<\/li>\n<li><strong>carga r\u00e1pida USB-C<\/strong> para una recarga conveniente<\/li>\n<\/ul>\n<h3>Certificado TPD para Cumplimiento en la UE<\/h3>\n<p>El <strong>JNR Aero X<\/strong> is <strong>Certificado TPD<\/strong>, JNR Aero X 32000 Puff \u2013 Ar\u00e1ndano Frambuesa Roja (Pod Rellenable).<\/p>\n<p><strong>Explora m\u00e1s sabores y dispositivos<\/strong> on <a href=\"https:\/\/fumot.uk\/es\/\">fumot.uk<\/a>.<\/p>","protected":false},"excerpt":{"rendered":"<p>JNR Aero X 32000 Puff Blueberry Red Raspberry pod vape recargable con bobina de malla dual, flujo de aire ajustable (MTL\/DL), carga USB-C de 850mAh, nicotina 2%, certificado TPD.<\/p>","protected":false},"featured_media":4140,"comment_status":"open","ping_status":"closed","template":"","meta":[],"product_brand":[],"product_cat":[200,201,17],"product_tag":[70,20,21,33,72,25,202,34,26,203,204,28],"class_list":{"0":"post-4088","1":"product","2":"type-product","3":"status-publish","4":"has-post-thumbnail","6":"product_cat-32000-puff","7":"product_cat-jnr-aero-x-32000-puffs","8":"product_cat-vape","9":"product_tag-2-nikotin","10":"product_tag-850mah","11":"product_tag-adjustable-airflow","12":"product_tag-blueberry","13":"product_tag-direct-to-lung","14":"product_tag-mesh-coil","15":"product_tag-mouth-to-lung","16":"product_tag-raspberry","17":"product_tag-rechargeable","18":"product_tag-refillable-e-cigarette","19":"product_tag-tpd-certification","20":"product_tag-type-c","22":"first","23":"instock","24":"sale","25":"shipping-taxable","26":"purchasable","27":"product-type-variable","28":"has-default-attributes"},"yoast_head":"<!-- This site is optimized with the Yoast SEO plugin v26.8 - https:\/\/yoast.com\/product\/yoast-seo-wordpress\/ -->\n<title>JNR Aero X 32000 Puff Blueberry Red Raspberry Pod Vape<\/title>\n<meta name=\"description\" content=\"Shop JNR Aero X 32000 Puff Blueberry Red Raspberry: refillable replaceable pod, dual-mesh coil, adjustable airflow, 850mAh USB-C, 2% nicotine, TPD certified.\" \/>\n<meta name=\"robots\" content=\"index, follow, max-snippet:-1, max-image-preview:large, max-video-preview:-1\" \/>\n<link rel=\"canonical\" href=\"https:\/\/fumot.uk\/es\/product\/jnr-aero-x-32000-puff-blueberry-red-raspberry-refillable-pod-e-cigarette\/\" \/>\n<meta property=\"og:locale\" content=\"es_ES\" \/>\n<meta property=\"og:type\" content=\"article\" \/>\n<meta property=\"og:title\" content=\"JNR Aero X 32000 Puff \u2013 Blueberry Red Raspberry (Refillable Pod)\" \/>\n<meta property=\"og:description\" content=\"Sweet blueberry and tangy red raspberry with a cool finish. Dual-mesh coil, adjustable airflow, 850mAh USB-C rechargeable, 2% nicotine, TPD certified. See more at fumot.uk.\" \/>\n<meta property=\"og:url\" content=\"https:\/\/fumot.uk\/es\/product\/jnr-aero-x-32000-puff-blueberry-red-raspberry-refillable-pod-e-cigarette\/\" \/>\n<meta property=\"og:site_name\" content=\"Fumot Official Direct | Straight from the Factory, 100% Genuine\" \/>\n<meta property=\"article:modified_time\" content=\"2026-01-21T07:47:55+00:00\" \/>\n<meta property=\"og:image\" content=\"https:\/\/fumot.uk\/wp-content\/uploads\/2026\/01\/Blueberry-Red-Raspberry_JNR-Areo-X-32000-Puffs-Disposable-Vape.jpg\" \/>\n\t<meta property=\"og:image:width\" content=\"800\" \/>\n\t<meta property=\"og:image:height\" content=\"800\" \/>\n\t<meta property=\"og:image:type\" content=\"image\/jpeg\" \/>\n<meta name=\"twitter:card\" content=\"summary_large_image\" \/>\n<meta name=\"twitter:label1\" content=\"Tiempo de lectura\" \/>\n\t<meta name=\"twitter:data1\" content=\"1 minuto\" \/>\n<script type=\"application\/ld+json\" class=\"yoast-schema-graph\">{\"@context\":\"https:\/\/schema.org\",\"@graph\":[{\"@type\":\"WebPage\",\"@id\":\"https:\/\/fumot.uk\/product\/jnr-aero-x-32000-puff-blueberry-red-raspberry-refillable-pod-e-cigarette\/\",\"url\":\"https:\/\/fumot.uk\/product\/jnr-aero-x-32000-puff-blueberry-red-raspberry-refillable-pod-e-cigarette\/\",\"name\":\"JNR Aero X 32000 Puff Blueberry Red Raspberry Pod Vape\",\"isPartOf\":{\"@id\":\"https:\/\/fumot.uk\/#website\"},\"primaryImageOfPage\":{\"@id\":\"https:\/\/fumot.uk\/product\/jnr-aero-x-32000-puff-blueberry-red-raspberry-refillable-pod-e-cigarette\/#primaryimage\"},\"image\":{\"@id\":\"https:\/\/fumot.uk\/product\/jnr-aero-x-32000-puff-blueberry-red-raspberry-refillable-pod-e-cigarette\/#primaryimage\"},\"thumbnailUrl\":\"https:\/\/fumot.uk\/wp-content\/uploads\/2026\/01\/Blueberry-Red-Raspberry_JNR-Areo-X-32000-Puffs-Disposable-Vape.jpg\",\"datePublished\":\"2026-01-21T04:07:17+00:00\",\"dateModified\":\"2026-01-21T07:47:55+00:00\",\"description\":\"Shop JNR Aero X 32000 Puff Blueberry Red Raspberry: refillable replaceable pod, dual-mesh coil, adjustable airflow, 850mAh USB-C, 2% nicotine, TPD certified.\",\"breadcrumb\":{\"@id\":\"https:\/\/fumot.uk\/product\/jnr-aero-x-32000-puff-blueberry-red-raspberry-refillable-pod-e-cigarette\/#breadcrumb\"},\"inLanguage\":\"es\",\"potentialAction\":[{\"@type\":\"ReadAction\",\"target\":[\"https:\/\/fumot.uk\/product\/jnr-aero-x-32000-puff-blueberry-red-raspberry-refillable-pod-e-cigarette\/\"]}]},{\"@type\":\"ImageObject\",\"inLanguage\":\"es\",\"@id\":\"https:\/\/fumot.uk\/product\/jnr-aero-x-32000-puff-blueberry-red-raspberry-refillable-pod-e-cigarette\/#primaryimage\",\"url\":\"https:\/\/fumot.uk\/wp-content\/uploads\/2026\/01\/Blueberry-Red-Raspberry_JNR-Areo-X-32000-Puffs-Disposable-Vape.jpg\",\"contentUrl\":\"https:\/\/fumot.uk\/wp-content\/uploads\/2026\/01\/Blueberry-Red-Raspberry_JNR-Areo-X-32000-Puffs-Disposable-Vape.jpg\",\"width\":800,\"height\":800},{\"@type\":\"BreadcrumbList\",\"@id\":\"https:\/\/fumot.uk\/product\/jnr-aero-x-32000-puff-blueberry-red-raspberry-refillable-pod-e-cigarette\/#breadcrumb\",\"itemListElement\":[{\"@type\":\"ListItem\",\"position\":1,\"name\":\"Home\",\"item\":\"https:\/\/fumot.uk\/\"},{\"@type\":\"ListItem\",\"position\":2,\"name\":\"Shop\",\"item\":\"https:\/\/fumot.uk\/shop\/\"},{\"@type\":\"ListItem\",\"position\":3,\"name\":\"JNR Aero X 32000 Puff Blueberry Red Raspberry \u2013 Refillable Pod Vape, 2% Nicotine, Adjustable Airflow (TPD)\"}]},{\"@type\":\"WebSite\",\"@id\":\"https:\/\/fumot.uk\/#website\",\"url\":\"https:\/\/fumot.uk\/\",\"name\":\"Fumot Official Direct | Straight from the Factory, 100% Genuine\",\"description\":\"Official Website\",\"publisher\":{\"@id\":\"https:\/\/fumot.uk\/#organization\"},\"potentialAction\":[{\"@type\":\"SearchAction\",\"target\":{\"@type\":\"EntryPoint\",\"urlTemplate\":\"https:\/\/fumot.uk\/?s={search_term_string}\"},\"query-input\":{\"@type\":\"PropertyValueSpecification\",\"valueRequired\":true,\"valueName\":\"search_term_string\"}}],\"inLanguage\":\"es\"},{\"@type\":\"Organization\",\"@id\":\"https:\/\/fumot.uk\/#organization\",\"name\":\"Fumot Official Direct | Straight from the Factory, 100% Genuine\",\"url\":\"https:\/\/fumot.uk\/\",\"logo\":{\"@type\":\"ImageObject\",\"inLanguage\":\"es\",\"@id\":\"https:\/\/fumot.uk\/#\/schema\/logo\/image\/\",\"url\":\"https:\/\/fumot.uk\/wp-content\/uploads\/2026\/01\/cropped-fumot-logo1.png\",\"contentUrl\":\"https:\/\/fumot.uk\/wp-content\/uploads\/2026\/01\/cropped-fumot-logo1.png\",\"width\":152,\"height\":106,\"caption\":\"Fumot Official Direct | Straight from the Factory, 100% Genuine\"},\"image\":{\"@id\":\"https:\/\/fumot.uk\/#\/schema\/logo\/image\/\"}}]}<\/script>\n<!-- \/ Yoast SEO plugin. -->","yoast_head_json":{"title":"JNR Aero X 32000 Puff Vaina de Vape de Ar\u00e1ndano y Frambuesa Roja","description":"Compra JNR Aero X 32000 Puff Blueberry Red Raspberry: c\u00e1psula recargable y reemplazable, bobina de doble malla, flujo de aire ajustable, 850mAh USB-C, 2% nicotina, certificado TPD.","robots":{"index":"index","follow":"follow","max-snippet":"max-snippet:-1","max-image-preview":"max-image-preview:large","max-video-preview":"max-video-preview:-1"},"canonical":"https:\/\/fumot.uk\/es\/product\/jnr-aero-x-32000-puff-blueberry-red-raspberry-refillable-pod-e-cigarette\/","og_locale":"es_ES","og_type":"article","og_title":"JNR Aero X 32000 Puff \u2013 Blueberry Red Raspberry (Refillable Pod)","og_description":"Sweet blueberry and tangy red raspberry with a cool finish. Dual-mesh coil, adjustable airflow, 850mAh USB-C rechargeable, 2% nicotine, TPD certified. See more at fumot.uk.","og_url":"https:\/\/fumot.uk\/es\/product\/jnr-aero-x-32000-puff-blueberry-red-raspberry-refillable-pod-e-cigarette\/","og_site_name":"Fumot Official Direct | Straight from the Factory, 100% Genuine","article_modified_time":"2026-01-21T07:47:55+00:00","og_image":[{"width":800,"height":800,"url":"https:\/\/fumot.uk\/wp-content\/uploads\/2026\/01\/Blueberry-Red-Raspberry_JNR-Areo-X-32000-Puffs-Disposable-Vape.jpg","type":"image\/jpeg"}],"twitter_card":"summary_large_image","twitter_misc":{"Tiempo de lectura":"1 minuto"},"schema":{"@context":"https:\/\/schema.org","@graph":[{"@type":"WebPage","@id":"https:\/\/fumot.uk\/product\/jnr-aero-x-32000-puff-blueberry-red-raspberry-refillable-pod-e-cigarette\/","url":"https:\/\/fumot.uk\/product\/jnr-aero-x-32000-puff-blueberry-red-raspberry-refillable-pod-e-cigarette\/","name":"JNR Aero X 32000 Puff Vaina de Vape de Ar\u00e1ndano y Frambuesa Roja","isPartOf":{"@id":"https:\/\/fumot.uk\/#website"},"primaryImageOfPage":{"@id":"https:\/\/fumot.uk\/product\/jnr-aero-x-32000-puff-blueberry-red-raspberry-refillable-pod-e-cigarette\/#primaryimage"},"image":{"@id":"https:\/\/fumot.uk\/product\/jnr-aero-x-32000-puff-blueberry-red-raspberry-refillable-pod-e-cigarette\/#primaryimage"},"thumbnailUrl":"https:\/\/fumot.uk\/wp-content\/uploads\/2026\/01\/Blueberry-Red-Raspberry_JNR-Areo-X-32000-Puffs-Disposable-Vape.jpg","datePublished":"2026-01-21T04:07:17+00:00","dateModified":"2026-01-21T07:47:55+00:00","description":"Compra JNR Aero X 32000 Puff Blueberry Red Raspberry: c\u00e1psula recargable y reemplazable, bobina de doble malla, flujo de aire ajustable, 850mAh USB-C, 2% nicotina, certificado TPD.","breadcrumb":{"@id":"https:\/\/fumot.uk\/product\/jnr-aero-x-32000-puff-blueberry-red-raspberry-refillable-pod-e-cigarette\/#breadcrumb"},"inLanguage":"es","potentialAction":[{"@type":"ReadAction","target":["https:\/\/fumot.uk\/product\/jnr-aero-x-32000-puff-blueberry-red-raspberry-refillable-pod-e-cigarette\/"]}]},{"@type":"ImageObject","inLanguage":"es","@id":"https:\/\/fumot.uk\/product\/jnr-aero-x-32000-puff-blueberry-red-raspberry-refillable-pod-e-cigarette\/#primaryimage","url":"https:\/\/fumot.uk\/wp-content\/uploads\/2026\/01\/Blueberry-Red-Raspberry_JNR-Areo-X-32000-Puffs-Disposable-Vape.jpg","contentUrl":"https:\/\/fumot.uk\/wp-content\/uploads\/2026\/01\/Blueberry-Red-Raspberry_JNR-Areo-X-32000-Puffs-Disposable-Vape.jpg","width":800,"height":800},{"@type":"BreadcrumbList","@id":"https:\/\/fumot.uk\/product\/jnr-aero-x-32000-puff-blueberry-red-raspberry-refillable-pod-e-cigarette\/#breadcrumb","itemListElement":[{"@type":"ListItem","position":1,"name":"Home","item":"https:\/\/fumot.uk\/"},{"@type":"ListItem","position":2,"name":"Shop","item":"https:\/\/fumot.uk\/shop\/"},{"@type":"ListItem","position":3,"name":"JNR Aero X 32000 Puff Blueberry Red Raspberry \u2013 Refillable Pod Vape, 2% Nicotine, Adjustable Airflow (TPD)"}]},{"@type":"WebSite","@id":"https:\/\/fumot.uk\/#website","url":"https:\/\/fumot.uk\/","name":"Fumot Official Direct | Directo desde la f\u00e1brica, 100% Original","description":"Sitio Oficial","publisher":{"@id":"https:\/\/fumot.uk\/#organization"},"potentialAction":[{"@type":"SearchAction","target":{"@type":"EntryPoint","urlTemplate":"https:\/\/fumot.uk\/?s={search_term_string}"},"query-input":{"@type":"PropertyValueSpecification","valueRequired":true,"valueName":"search_term_string"}}],"inLanguage":"es"},{"@type":"Organization","@id":"https:\/\/fumot.uk\/#organization","name":"Fumot Official Direct | Directo desde la f\u00e1brica, 100% Original","url":"https:\/\/fumot.uk\/","logo":{"@type":"ImageObject","inLanguage":"es","@id":"https:\/\/fumot.uk\/#\/schema\/logo\/image\/","url":"https:\/\/fumot.uk\/wp-content\/uploads\/2026\/01\/cropped-fumot-logo1.png","contentUrl":"https:\/\/fumot.uk\/wp-content\/uploads\/2026\/01\/cropped-fumot-logo1.png","width":152,"height":106,"caption":"Fumot Official Direct | Straight from the Factory, 100% Genuine"},"image":{"@id":"https:\/\/fumot.uk\/#\/schema\/logo\/image\/"}}]}},"_links":{"self":[{"href":"https:\/\/fumot.uk\/es\/wp-json\/wp\/v2\/product\/4088","targetHints":{"allow":["GET"]}}],"collection":[{"href":"https:\/\/fumot.uk\/es\/wp-json\/wp\/v2\/product"}],"about":[{"href":"https:\/\/fumot.uk\/es\/wp-json\/wp\/v2\/types\/product"}],"replies":[{"embeddable":true,"href":"https:\/\/fumot.uk\/es\/wp-json\/wp\/v2\/comments?post=4088"}],"wp:featuredmedia":[{"embeddable":true,"href":"https:\/\/fumot.uk\/es\/wp-json\/wp\/v2\/media\/4140"}],"wp:attachment":[{"href":"https:\/\/fumot.uk\/es\/wp-json\/wp\/v2\/media?parent=4088"}],"wp:term":[{"taxonomy":"product_brand","embeddable":true,"href":"https:\/\/fumot.uk\/es\/wp-json\/wp\/v2\/product_brand?post=4088"},{"taxonomy":"product_cat","embeddable":true,"href":"https:\/\/fumot.uk\/es\/wp-json\/wp\/v2\/product_cat?post=4088"},{"taxonomy":"product_tag","embeddable":true,"href":"https:\/\/fumot.uk\/es\/wp-json\/wp\/v2\/product_tag?post=4088"}],"curies":[{"name":"wp","href":"https:\/\/api.w.org\/{rel}","templated":true}]}}