{"id":4084,"date":"2026-01-21T04:07:17","date_gmt":"2026-01-21T04:07:17","guid":{"rendered":"https:\/\/fumot.uk\/?post_type=product&#038;p=4084"},"modified":"2026-01-21T04:08:22","modified_gmt":"2026-01-21T04:08:22","slug":"jnr-aero-x-32000-puff-fizzy-cherry-cola-refillable-pod-e-cigarette","status":"publish","type":"product","link":"https:\/\/fumot.uk\/es\/product\/jnr-aero-x-32000-puff-fizzy-cherry-cola-refillable-pod-e-cigarette\/","title":{"rendered":"JNR Aero X 32000 Puff-Fizzy Cherry Cola-Pod Recargable E-Cigarrillo"},"content":{"rendered":"<h4 data-start=\"41\" data-end=\"84\"><strong data-start=\"41\" data-end=\"82\">Cereza agridulce \u00d7 Cola refrescante<\/strong><\/h4>\n<p data-start=\"86\" data-end=\"578\">El <strong>JNR Aero X 32000 Puffs<\/strong> <strong data-start=\"113\" data-end=\"134\">Cereza Cola efervescente<\/strong> combina el sabor completo de la cereza agridulce con la nota refrescante y ligeramente efervescente de la cola. En la primera calada se despliega el intenso aroma a cereza, dulce y ligeramente \u00e1cido, seguido de un suave burbujeo que completa el sabor de manera refrescante. Ya sea en d\u00edas calurosos de verano o en el tiempo libre, este sabor te sumerge en un mundo refrescante de bebidas efervescentes y despierta las papilas gustativas en un abrir y cerrar de ojos.<\/p>\n<h4 data-start=\"580\" data-end=\"634\"><strong data-start=\"580\" data-end=\"632\">Experiencia premium duradera y suave<\/strong><\/h4>\n<p data-start=\"636\" data-end=\"1170\">Gracias a una duraci\u00f3n de hasta 32000 caladas y la tecnolog\u00eda de bobina de malla dual, el sabor de <strong data-start=\"740\" data-end=\"761\">Cereza Cola efervescente<\/strong> permanece siempre claro y equilibrado. El flujo de aire ajustable permite cambiar f\u00e1cilmente entre una calada ajustada Mouth-to-Lung y una calada libre Direct-Lung, combinando armoniosamente cada calada con la dulzura de la cereza y la experiencia efervescente de la cola. Para los amantes de los sabores agridulces y efervescentes, esta variante ofrece una experiencia de vapeo suave y placentera, ideal para todo el d\u00eda.<\/p>\n<h4 data-start=\"43\" data-end=\"428\"><strong data-start=\"43\" data-end=\"126\">Sistema de pod intercambiable \u2013 Combinaci\u00f3n de flexibilidad y econom\u00eda<\/strong><\/h4>\n<p>El cigarrillo electr\u00f3nico JNR Aero X 32000 Puffs est\u00e1 equipado con un sistema de pod intercambiable e innovador, que ofrece al usuario m\u00e1s flexibilidad y comodidad. Cada pod est\u00e1 sellado de alta calidad y es duradero, para garantizar una experiencia de vapeo estable y confiable en cada uso.<\/p>\n<h4 data-start=\"45\" data-end=\"137\"><strong data-start=\"45\" data-end=\"135\"><a href=\"https:\/\/ultravape.de\/product-tag\/adjustable-airflow\/\">Flujo de Aire Ajustable<\/a> + Bobina de malla dual \u2013 Sabor intenso, personalizable<\/strong><\/h4>\n<p data-start=\"139\" data-end=\"708\">El <strong data-start=\"143\" data-end=\"169\">JNR Aero X 32000 Puffs<\/strong> est\u00e1 equipado con un flujo de aire ajustable que le permite cambiar sin esfuerzo entre una calada ajustada MTL (Mouth-to-Lung) y una calada abierta DL (Direct-Lung) \u2013 perfecto para disfrutar de diferentes resistencias de calada seg\u00fan sus preferencias. En combinaci\u00f3n con la avanzada tecnolog\u00eda de bobina de malla dual, el e-l\u00edquido se calienta uniformemente, lo que proporciona un sabor intenso y un vapor suave y denso. As\u00ed, cada calada ofrece una experiencia de vapeo armoniosa con un aroma pleno y un agradable regusto.<\/p>\n<h4 data-start=\"1045\" data-end=\"1526\"><strong data-start=\"1045\" data-end=\"1106\">Certificaci\u00f3n TPD \u2013 Garant\u00eda de calidad y seguridad<\/strong><\/h4>\n<p>El JNR Aero X est\u00e1 certificado por TPD y cumple con los estrictos requisitos de seguridad y calidad de la Uni\u00f3n Europea seg\u00fan la Directiva de Productos de Tabaco (TPD). Esto significa que los ingredientes, el etiquetado, el embalaje y la informaci\u00f3n para el usuario cumplen con todas las regulaciones legales, de modo que los consumidores reciben un producto probado y confiable, un verdadero sello de calidad que genera confianza.<\/p>\n<h4 data-start=\"1528\" data-end=\"1569\"><strong data-start=\"1528\" data-end=\"1567\">Par\u00e1metros principales del JNR Aero X 32000<\/strong><\/h4>\n<p><strong data-start=\"44\" data-end=\"66\">\u2611 2 % contenido de nicotina:<\/strong> Calada suave y entrega constante de nicotina \u2013 ideal para principiantes y vapeadores experimentados.<br \/>\n<strong data-start=\"157\" data-end=\"174\">\u2611 Bater\u00eda de 850 mAh:<\/strong> Uso prolongado con menos recargas \u2013 perfecto para llevar.<br \/>\n<strong data-start=\"242\" data-end=\"264\">\u2611 Indicador de estado de la bater\u00eda:<\/strong> Monitoreo en tiempo real para un vapeo sin interrupciones.<br \/>\n<strong data-start=\"324\" data-end=\"355\">\u2611 Conexi\u00f3n magn\u00e9tica del pod:<\/strong> Sujeci\u00f3n firme, riesgo m\u00ednimo de fugas, f\u00e1cil manejo.<br \/>\n<strong data-start=\"420\" data-end=\"444\">\u2611 Carga r\u00e1pida USB-C:<\/strong> Conector Type-C para una recarga r\u00e1pida.<br \/>\n<strong data-start=\"496\" data-end=\"528\">\u2611 Cable de carga doble oculto:<\/strong> Pr\u00e1ctico y ordenado \u2013 ideal para llevar.<\/p>\n<p data-start=\"592\" data-end=\"1174\">","protected":false},"excerpt":{"rendered":"<p>S\u00fc\u00df-saure Kirsche \u00d7 Erfrischende Cola Der JNR Aero X 32000 Puffs Fizzy Cherry Cola vereint den vollen, s\u00fc\u00df-sauren Kirschgeschmack mit der erfrischenden, leicht prickelnden Cola-Note. Beim ersten Zug entfaltet sich das intensive Kirscharoma, s\u00fc\u00df und leicht s\u00e4uerlich, gefolgt von einem sanften Prickeln, das den Geschmack erfrischend abrundet. Ob an hei\u00dfen Sommertagen oder in der Freizeit [\u2026]<\/p>","protected":false},"featured_media":4136,"comment_status":"open","ping_status":"closed","template":"","meta":[],"product_brand":[],"product_cat":[200,201,17],"product_tag":[70,20,21,36,40,72,25,202,26,203,204,28],"class_list":{"0":"post-4084","1":"product","2":"type-product","3":"status-publish","4":"has-post-thumbnail","6":"product_cat-32000-puff","7":"product_cat-jnr-aero-x-32000-puffs","8":"product_cat-vape","9":"product_tag-2-nikotin","10":"product_tag-850mah","11":"product_tag-adjustable-airflow","12":"product_tag-cherry","13":"product_tag-cola","14":"product_tag-direct-to-lung","15":"product_tag-mesh-coil","16":"product_tag-mouth-to-lung","17":"product_tag-rechargeable","18":"product_tag-refillable-e-cigarette","19":"product_tag-tpd-certification","20":"product_tag-type-c","22":"first","23":"instock","24":"sale","25":"shipping-taxable","26":"purchasable","27":"product-type-variable","28":"has-default-attributes"},"yoast_head":"<!-- This site is optimized with the Yoast SEO plugin v26.8 - https:\/\/yoast.com\/product\/yoast-seo-wordpress\/ -->\n<title>JNR Aero X 32000 Puff-Fizzy Cherry Cola-Refillable Pod E-Cigarette - Fumot Official Direct | Straight from the Factory, 100% Genuine<\/title>\n<meta name=\"robots\" content=\"index, follow, max-snippet:-1, max-image-preview:large, max-video-preview:-1\" \/>\n<link rel=\"canonical\" href=\"https:\/\/fumot.uk\/es\/product\/jnr-aero-x-32000-puff-fizzy-cherry-cola-refillable-pod-e-cigarette\/\" \/>\n<meta property=\"og:locale\" content=\"es_ES\" \/>\n<meta property=\"og:type\" content=\"article\" \/>\n<meta property=\"og:title\" content=\"JNR Aero X 32000 Puff-Fizzy Cherry Cola-Refillable Pod E-Cigarette - Fumot Official Direct | Straight from the Factory, 100% Genuine\" \/>\n<meta property=\"og:description\" content=\"S\u00fc\u00df-saure Kirsche \u00d7 Erfrischende Cola Der JNR Aero X 32000 Puffs Fizzy Cherry Cola vereint den vollen, s\u00fc\u00df-sauren Kirschgeschmack mit der erfrischenden, leicht prickelnden Cola-Note. Beim ersten Zug entfaltet sich das intensive Kirscharoma, s\u00fc\u00df und leicht s\u00e4uerlich, gefolgt von einem sanften Prickeln, das den Geschmack erfrischend abrundet. Ob an hei\u00dfen Sommertagen oder in der Freizeit [&hellip;]\" \/>\n<meta property=\"og:url\" content=\"https:\/\/fumot.uk\/es\/product\/jnr-aero-x-32000-puff-fizzy-cherry-cola-refillable-pod-e-cigarette\/\" \/>\n<meta property=\"og:site_name\" content=\"Fumot Official Direct | Straight from the Factory, 100% Genuine\" \/>\n<meta property=\"article:modified_time\" content=\"2026-01-21T04:08:22+00:00\" \/>\n<meta name=\"twitter:card\" content=\"summary_large_image\" \/>\n<meta name=\"twitter:label1\" content=\"Tiempo de lectura\" \/>\n\t<meta name=\"twitter:data1\" content=\"2 minutos\" \/>\n<script type=\"application\/ld+json\" class=\"yoast-schema-graph\">{\"@context\":\"https:\/\/schema.org\",\"@graph\":[{\"@type\":\"WebPage\",\"@id\":\"https:\/\/fumot.uk\/product\/jnr-aero-x-32000-puff-fizzy-cherry-cola-refillable-pod-e-cigarette\/\",\"url\":\"https:\/\/fumot.uk\/product\/jnr-aero-x-32000-puff-fizzy-cherry-cola-refillable-pod-e-cigarette\/\",\"name\":\"JNR Aero X 32000 Puff-Fizzy Cherry Cola-Refillable Pod E-Cigarette - Fumot Official Direct | Straight from the Factory, 100% Genuine\",\"isPartOf\":{\"@id\":\"https:\/\/fumot.uk\/#website\"},\"primaryImageOfPage\":{\"@id\":\"https:\/\/fumot.uk\/product\/jnr-aero-x-32000-puff-fizzy-cherry-cola-refillable-pod-e-cigarette\/#primaryimage\"},\"image\":{\"@id\":\"https:\/\/fumot.uk\/product\/jnr-aero-x-32000-puff-fizzy-cherry-cola-refillable-pod-e-cigarette\/#primaryimage\"},\"thumbnailUrl\":\"https:\/\/fumot.uk\/wp-content\/uploads\/2026\/01\/Fizzy-Cherry-Cola_JNR-Areo-X-32000-Puffs-Disposable-Vape.jpg\",\"datePublished\":\"2026-01-21T04:07:17+00:00\",\"dateModified\":\"2026-01-21T04:08:22+00:00\",\"breadcrumb\":{\"@id\":\"https:\/\/fumot.uk\/product\/jnr-aero-x-32000-puff-fizzy-cherry-cola-refillable-pod-e-cigarette\/#breadcrumb\"},\"inLanguage\":\"es\",\"potentialAction\":[{\"@type\":\"ReadAction\",\"target\":[\"https:\/\/fumot.uk\/product\/jnr-aero-x-32000-puff-fizzy-cherry-cola-refillable-pod-e-cigarette\/\"]}]},{\"@type\":\"ImageObject\",\"inLanguage\":\"es\",\"@id\":\"https:\/\/fumot.uk\/product\/jnr-aero-x-32000-puff-fizzy-cherry-cola-refillable-pod-e-cigarette\/#primaryimage\",\"url\":\"https:\/\/fumot.uk\/wp-content\/uploads\/2026\/01\/Fizzy-Cherry-Cola_JNR-Areo-X-32000-Puffs-Disposable-Vape.jpg\",\"contentUrl\":\"https:\/\/fumot.uk\/wp-content\/uploads\/2026\/01\/Fizzy-Cherry-Cola_JNR-Areo-X-32000-Puffs-Disposable-Vape.jpg\",\"width\":800,\"height\":800},{\"@type\":\"BreadcrumbList\",\"@id\":\"https:\/\/fumot.uk\/product\/jnr-aero-x-32000-puff-fizzy-cherry-cola-refillable-pod-e-cigarette\/#breadcrumb\",\"itemListElement\":[{\"@type\":\"ListItem\",\"position\":1,\"name\":\"Home\",\"item\":\"https:\/\/fumot.uk\/\"},{\"@type\":\"ListItem\",\"position\":2,\"name\":\"Shop\",\"item\":\"https:\/\/fumot.uk\/shop\/\"},{\"@type\":\"ListItem\",\"position\":3,\"name\":\"JNR Aero X 32000 Puff-Fizzy Cherry Cola-Refillable Pod E-Cigarette\"}]},{\"@type\":\"WebSite\",\"@id\":\"https:\/\/fumot.uk\/#website\",\"url\":\"https:\/\/fumot.uk\/\",\"name\":\"Fumot Official Direct | Straight from the Factory, 100% Genuine\",\"description\":\"Official Website\",\"publisher\":{\"@id\":\"https:\/\/fumot.uk\/#organization\"},\"potentialAction\":[{\"@type\":\"SearchAction\",\"target\":{\"@type\":\"EntryPoint\",\"urlTemplate\":\"https:\/\/fumot.uk\/?s={search_term_string}\"},\"query-input\":{\"@type\":\"PropertyValueSpecification\",\"valueRequired\":true,\"valueName\":\"search_term_string\"}}],\"inLanguage\":\"es\"},{\"@type\":\"Organization\",\"@id\":\"https:\/\/fumot.uk\/#organization\",\"name\":\"Fumot Official Direct | Straight from the Factory, 100% Genuine\",\"url\":\"https:\/\/fumot.uk\/\",\"logo\":{\"@type\":\"ImageObject\",\"inLanguage\":\"es\",\"@id\":\"https:\/\/fumot.uk\/#\/schema\/logo\/image\/\",\"url\":\"https:\/\/fumot.uk\/wp-content\/uploads\/2026\/01\/cropped-fumot-logo1.png\",\"contentUrl\":\"https:\/\/fumot.uk\/wp-content\/uploads\/2026\/01\/cropped-fumot-logo1.png\",\"width\":152,\"height\":106,\"caption\":\"Fumot Official Direct | Straight from the Factory, 100% Genuine\"},\"image\":{\"@id\":\"https:\/\/fumot.uk\/#\/schema\/logo\/image\/\"}}]}<\/script>\n<!-- \/ Yoast SEO plugin. -->","yoast_head_json":{"title":"JNR Aero X 32000 Puff-Fizzy Cherry Cola-Recargable Pod E-Cigarette - Fumot Official Direct | Directo de F\u00e1brica, 100% Genuine","robots":{"index":"index","follow":"follow","max-snippet":"max-snippet:-1","max-image-preview":"max-image-preview:large","max-video-preview":"max-video-preview:-1"},"canonical":"https:\/\/fumot.uk\/es\/product\/jnr-aero-x-32000-puff-fizzy-cherry-cola-refillable-pod-e-cigarette\/","og_locale":"es_ES","og_type":"article","og_title":"JNR Aero X 32000 Puff-Fizzy Cherry Cola-Refillable Pod E-Cigarette - Fumot Official Direct | Straight from the Factory, 100% Genuine","og_description":"S\u00fc\u00df-saure Kirsche \u00d7 Erfrischende Cola Der JNR Aero X 32000 Puffs Fizzy Cherry Cola vereint den vollen, s\u00fc\u00df-sauren Kirschgeschmack mit der erfrischenden, leicht prickelnden Cola-Note. Beim ersten Zug entfaltet sich das intensive Kirscharoma, s\u00fc\u00df und leicht s\u00e4uerlich, gefolgt von einem sanften Prickeln, das den Geschmack erfrischend abrundet. Ob an hei\u00dfen Sommertagen oder in der Freizeit [&hellip;]","og_url":"https:\/\/fumot.uk\/es\/product\/jnr-aero-x-32000-puff-fizzy-cherry-cola-refillable-pod-e-cigarette\/","og_site_name":"Fumot Official Direct | Straight from the Factory, 100% Genuine","article_modified_time":"2026-01-21T04:08:22+00:00","twitter_card":"summary_large_image","twitter_misc":{"Tiempo de lectura":"2 minutos"},"schema":{"@context":"https:\/\/schema.org","@graph":[{"@type":"WebPage","@id":"https:\/\/fumot.uk\/product\/jnr-aero-x-32000-puff-fizzy-cherry-cola-refillable-pod-e-cigarette\/","url":"https:\/\/fumot.uk\/product\/jnr-aero-x-32000-puff-fizzy-cherry-cola-refillable-pod-e-cigarette\/","name":"JNR Aero X 32000 Puff-Fizzy Cherry Cola-Recargable Pod E-Cigarette - Fumot Official Direct | Directo de F\u00e1brica, 100% Genuine","isPartOf":{"@id":"https:\/\/fumot.uk\/#website"},"primaryImageOfPage":{"@id":"https:\/\/fumot.uk\/product\/jnr-aero-x-32000-puff-fizzy-cherry-cola-refillable-pod-e-cigarette\/#primaryimage"},"image":{"@id":"https:\/\/fumot.uk\/product\/jnr-aero-x-32000-puff-fizzy-cherry-cola-refillable-pod-e-cigarette\/#primaryimage"},"thumbnailUrl":"https:\/\/fumot.uk\/wp-content\/uploads\/2026\/01\/Fizzy-Cherry-Cola_JNR-Areo-X-32000-Puffs-Disposable-Vape.jpg","datePublished":"2026-01-21T04:07:17+00:00","dateModified":"2026-01-21T04:08:22+00:00","breadcrumb":{"@id":"https:\/\/fumot.uk\/product\/jnr-aero-x-32000-puff-fizzy-cherry-cola-refillable-pod-e-cigarette\/#breadcrumb"},"inLanguage":"es","potentialAction":[{"@type":"ReadAction","target":["https:\/\/fumot.uk\/product\/jnr-aero-x-32000-puff-fizzy-cherry-cola-refillable-pod-e-cigarette\/"]}]},{"@type":"ImageObject","inLanguage":"es","@id":"https:\/\/fumot.uk\/product\/jnr-aero-x-32000-puff-fizzy-cherry-cola-refillable-pod-e-cigarette\/#primaryimage","url":"https:\/\/fumot.uk\/wp-content\/uploads\/2026\/01\/Fizzy-Cherry-Cola_JNR-Areo-X-32000-Puffs-Disposable-Vape.jpg","contentUrl":"https:\/\/fumot.uk\/wp-content\/uploads\/2026\/01\/Fizzy-Cherry-Cola_JNR-Areo-X-32000-Puffs-Disposable-Vape.jpg","width":800,"height":800},{"@type":"BreadcrumbList","@id":"https:\/\/fumot.uk\/product\/jnr-aero-x-32000-puff-fizzy-cherry-cola-refillable-pod-e-cigarette\/#breadcrumb","itemListElement":[{"@type":"ListItem","position":1,"name":"Home","item":"https:\/\/fumot.uk\/"},{"@type":"ListItem","position":2,"name":"Shop","item":"https:\/\/fumot.uk\/shop\/"},{"@type":"ListItem","position":3,"name":"JNR Aero X 32000 Puff-Fizzy Cherry Cola-Refillable Pod E-Cigarette"}]},{"@type":"WebSite","@id":"https:\/\/fumot.uk\/#website","url":"https:\/\/fumot.uk\/","name":"Fumot Official Direct | Directo desde la f\u00e1brica, 100% Original","description":"Sitio Oficial","publisher":{"@id":"https:\/\/fumot.uk\/#organization"},"potentialAction":[{"@type":"SearchAction","target":{"@type":"EntryPoint","urlTemplate":"https:\/\/fumot.uk\/?s={search_term_string}"},"query-input":{"@type":"PropertyValueSpecification","valueRequired":true,"valueName":"search_term_string"}}],"inLanguage":"es"},{"@type":"Organization","@id":"https:\/\/fumot.uk\/#organization","name":"Fumot Official Direct | Directo desde la f\u00e1brica, 100% Original","url":"https:\/\/fumot.uk\/","logo":{"@type":"ImageObject","inLanguage":"es","@id":"https:\/\/fumot.uk\/#\/schema\/logo\/image\/","url":"https:\/\/fumot.uk\/wp-content\/uploads\/2026\/01\/cropped-fumot-logo1.png","contentUrl":"https:\/\/fumot.uk\/wp-content\/uploads\/2026\/01\/cropped-fumot-logo1.png","width":152,"height":106,"caption":"Fumot Official Direct | Straight from the Factory, 100% Genuine"},"image":{"@id":"https:\/\/fumot.uk\/#\/schema\/logo\/image\/"}}]}},"_links":{"self":[{"href":"https:\/\/fumot.uk\/es\/wp-json\/wp\/v2\/product\/4084","targetHints":{"allow":["GET"]}}],"collection":[{"href":"https:\/\/fumot.uk\/es\/wp-json\/wp\/v2\/product"}],"about":[{"href":"https:\/\/fumot.uk\/es\/wp-json\/wp\/v2\/types\/product"}],"replies":[{"embeddable":true,"href":"https:\/\/fumot.uk\/es\/wp-json\/wp\/v2\/comments?post=4084"}],"wp:featuredmedia":[{"embeddable":true,"href":"https:\/\/fumot.uk\/es\/wp-json\/wp\/v2\/media\/4136"}],"wp:attachment":[{"href":"https:\/\/fumot.uk\/es\/wp-json\/wp\/v2\/media?parent=4084"}],"wp:term":[{"taxonomy":"product_brand","embeddable":true,"href":"https:\/\/fumot.uk\/es\/wp-json\/wp\/v2\/product_brand?post=4084"},{"taxonomy":"product_cat","embeddable":true,"href":"https:\/\/fumot.uk\/es\/wp-json\/wp\/v2\/product_cat?post=4084"},{"taxonomy":"product_tag","embeddable":true,"href":"https:\/\/fumot.uk\/es\/wp-json\/wp\/v2\/product_tag?post=4084"}],"curies":[{"name":"wp","href":"https:\/\/api.w.org\/{rel}","templated":true}]}}