{"id":4062,"date":"2026-01-21T04:07:11","date_gmt":"2026-01-21T04:07:11","guid":{"rendered":"https:\/\/fumot.uk\/?post_type=product&#038;p=4062"},"modified":"2026-01-21T09:01:51","modified_gmt":"2026-01-21T09:01:51","slug":"jnr-falcon-x-18000-puffs-strawberry-banana-die-perfekte-kombination-von-erdbeere-und-banane","status":"publish","type":"product","link":"https:\/\/fumot.uk\/es\/product\/jnr-falcon-x-18000-puffs-strawberry-banana-die-perfekte-kombination-von-erdbeere-und-banane\/","title":{"rendered":"JNR Falcon-X 18000 Puffs Vape Desechable de Fresa y Pl\u00e1tano (24ml, Recargable 950mAh, Doble Malla, Flujo de Aire Ajustable)"},"content":{"rendered":"<h4>Fresa se encuentra con pl\u00e1tano cremoso<\/h4>\n<p>El <strong>JNR Falcon-X 18000 Puffs Fresa Pl\u00e1tano<\/strong> mezcla la dulzura jugosa de la fresa con un acabado suave y cremoso de pl\u00e1tano. Cada calada ofrece una mezcla de frutas equilibrada que se siente suave y satisfactoria\u2014nunca \u00e1spera, nunca demasiado pesada.<\/p>\n<h4>Un equilibrio dulce y \u00e1cido que se mantiene suave<\/h4>\n<p>La fresa aporta un toque brillante y ligeramente \u00e1cido, mientras que el pl\u00e1tano a\u00f1ade una nota suave y lechosa para un perfil redondeado. Es un sabor f\u00e1cil para todo el d\u00eda que se mantiene agradable desde la primera calada hasta la \u00faltima.<\/p>\n<h4>Sabor afrutado de larga duraci\u00f3n<\/h4>\n<p>Las notas de fresa y pl\u00e1tano perduran suavemente despu\u00e9s de cada inhalaci\u00f3n, creando un regusto limpio y afrutado que es ideal para descansos relajantes o uso diario.<\/p>\n<h4>JNR Falcon-X 18000 Puffs \u2013 Caracter\u00edsticas Clave<\/h4>\n<ul>\n<li><strong>Caladas:<\/strong> hasta 18,000<\/li>\n<li><strong>Capacidad de e-l\u00edquido:<\/strong> <a href=\"https:\/\/ultravape.de\/product-tag\/24ml\/\">24ml<\/a><\/li>\n<li><strong>Opciones de nicotina:<\/strong> 2% o 5%<\/li>\n<li><strong>Bater\u00eda:<\/strong> 950mAh recargable (Tipo-C)<\/li>\n<li><strong>Tecnolog\u00eda de bobina:<\/strong> Tecnolog\u00eda de Doble Bobina de Malla y Doble N\u00facleo<\/li>\n<li><strong>Controles:<\/strong> V\u00e1lvula de flujo de aire ajustable<\/li>\n<li><strong>Pantalla:<\/strong> Pantalla digital para comprobaciones r\u00e1pidas de estado<\/li>\n<li><strong>Sabores:<\/strong> 20 opciones en la serie<\/li>\n<\/ul>\n<p><strong>Categor\u00eda:<\/strong> 18000 caladas, Cigarrillo Electr\u00f3nico Desechable, JNR Falcon-X 18000 Puffs<\/p>\n<p><strong>Nota:<\/strong> El conteo de caladas var\u00eda seg\u00fan el estilo de uso.<\/p>","protected":false},"excerpt":{"rendered":"<p>JNR Falcon-X Strawberry Banana vape desechable con hasta 18,000 inhalaciones, 24ml de e-l\u00edquido, bater\u00eda recargable de 950mAh, doble bobina de malla, pantalla digital y flujo de aire ajustable. Nicotina: 2% o 5%.<\/p>","protected":false},"featured_media":4092,"comment_status":"open","ping_status":"closed","template":"","meta":[],"product_brand":[],"product_cat":[195,196,17],"product_tag":[171,197,21,57,72,23,73,26,62,37,28],"class_list":{"0":"post-4062","1":"product","2":"type-product","3":"status-publish","4":"has-post-thumbnail","6":"product_cat-18000-puff","7":"product_cat-jnr-falcon-x-18000-puffs","8":"product_cat-vape","9":"product_tag-24ml","10":"product_tag-950mah","11":"product_tag-adjustable-airflow","12":"product_tag-banana","13":"product_tag-direct-to-lung","14":"product_tag-display","15":"product_tag-dual-mesh","16":"product_tag-rechargeable","17":"product_tag-sale-vape","18":"product_tag-strawberry","19":"product_tag-type-c","21":"first","22":"instock","23":"sale","24":"shipping-taxable","25":"purchasable","26":"product-type-variable","27":"has-default-attributes"},"yoast_head":"<!-- This site is optimized with the Yoast SEO plugin v26.8 - https:\/\/yoast.com\/product\/yoast-seo-wordpress\/ -->\n<title>JNR Falcon-X 18000 Strawberry Banana Disposable Vape<\/title>\n<meta name=\"description\" content=\"JNR Falcon-X Strawberry Banana: up to 18,000 puffs, 24ml e-liquid, 950mAh rechargeable battery, dual mesh coil, display, adjustable airflow. 2%\/5% nicotine.\" \/>\n<meta name=\"robots\" content=\"index, follow, max-snippet:-1, max-image-preview:large, max-video-preview:-1\" \/>\n<link rel=\"canonical\" href=\"https:\/\/fumot.uk\/es\/product\/jnr-falcon-x-18000-puffs-strawberry-banana-die-perfekte-kombination-von-erdbeere-und-banane\/\" \/>\n<meta property=\"og:locale\" content=\"es_ES\" \/>\n<meta property=\"og:type\" content=\"article\" \/>\n<meta property=\"og:title\" content=\"JNR Falcon-X 18000 Strawberry Banana \u2013 Smooth Fruit Blend\" \/>\n<meta property=\"og:description\" content=\"Enjoy a balanced strawberry &amp; creamy banana vape. Up to 18,000 puffs, 24ml, rechargeable 950mAh, dual mesh coil, display, and adjustable airflow. 2%\/5% nicotine.\" \/>\n<meta property=\"og:url\" content=\"https:\/\/fumot.uk\/es\/product\/jnr-falcon-x-18000-puffs-strawberry-banana-die-perfekte-kombination-von-erdbeere-und-banane\/\" \/>\n<meta property=\"og:site_name\" content=\"Fumot Official Direct | Straight from the Factory, 100% Genuine\" \/>\n<meta property=\"article:modified_time\" content=\"2026-01-21T09:01:51+00:00\" \/>\n<meta property=\"og:image\" content=\"https:\/\/fumot.uk\/wp-content\/uploads\/2026\/01\/JNR-Falcon-X-18000-Puffs-Strawberry-Banana-Disposable-Vape.jpg\" \/>\n\t<meta property=\"og:image:width\" content=\"800\" \/>\n\t<meta property=\"og:image:height\" content=\"800\" \/>\n\t<meta property=\"og:image:type\" content=\"image\/jpeg\" \/>\n<meta name=\"twitter:card\" content=\"summary_large_image\" \/>\n<meta name=\"twitter:label1\" content=\"Tiempo de lectura\" \/>\n\t<meta name=\"twitter:data1\" content=\"1 minuto\" \/>\n<script type=\"application\/ld+json\" class=\"yoast-schema-graph\">{\"@context\":\"https:\/\/schema.org\",\"@graph\":[{\"@type\":\"WebPage\",\"@id\":\"https:\/\/fumot.uk\/product\/jnr-falcon-x-18000-puffs-strawberry-banana-die-perfekte-kombination-von-erdbeere-und-banane\/\",\"url\":\"https:\/\/fumot.uk\/product\/jnr-falcon-x-18000-puffs-strawberry-banana-die-perfekte-kombination-von-erdbeere-und-banane\/\",\"name\":\"JNR Falcon-X 18000 Strawberry Banana Disposable Vape\",\"isPartOf\":{\"@id\":\"https:\/\/fumot.uk\/#website\"},\"primaryImageOfPage\":{\"@id\":\"https:\/\/fumot.uk\/product\/jnr-falcon-x-18000-puffs-strawberry-banana-die-perfekte-kombination-von-erdbeere-und-banane\/#primaryimage\"},\"image\":{\"@id\":\"https:\/\/fumot.uk\/product\/jnr-falcon-x-18000-puffs-strawberry-banana-die-perfekte-kombination-von-erdbeere-und-banane\/#primaryimage\"},\"thumbnailUrl\":\"https:\/\/fumot.uk\/wp-content\/uploads\/2026\/01\/JNR-Falcon-X-18000-Puffs-Strawberry-Banana-Disposable-Vape.jpg\",\"datePublished\":\"2026-01-21T04:07:11+00:00\",\"dateModified\":\"2026-01-21T09:01:51+00:00\",\"description\":\"JNR Falcon-X Strawberry Banana: up to 18,000 puffs, 24ml e-liquid, 950mAh rechargeable battery, dual mesh coil, display, adjustable airflow. 2%\/5% nicotine.\",\"breadcrumb\":{\"@id\":\"https:\/\/fumot.uk\/product\/jnr-falcon-x-18000-puffs-strawberry-banana-die-perfekte-kombination-von-erdbeere-und-banane\/#breadcrumb\"},\"inLanguage\":\"es\",\"potentialAction\":[{\"@type\":\"ReadAction\",\"target\":[\"https:\/\/fumot.uk\/product\/jnr-falcon-x-18000-puffs-strawberry-banana-die-perfekte-kombination-von-erdbeere-und-banane\/\"]}]},{\"@type\":\"ImageObject\",\"inLanguage\":\"es\",\"@id\":\"https:\/\/fumot.uk\/product\/jnr-falcon-x-18000-puffs-strawberry-banana-die-perfekte-kombination-von-erdbeere-und-banane\/#primaryimage\",\"url\":\"https:\/\/fumot.uk\/wp-content\/uploads\/2026\/01\/JNR-Falcon-X-18000-Puffs-Strawberry-Banana-Disposable-Vape.jpg\",\"contentUrl\":\"https:\/\/fumot.uk\/wp-content\/uploads\/2026\/01\/JNR-Falcon-X-18000-Puffs-Strawberry-Banana-Disposable-Vape.jpg\",\"width\":800,\"height\":800},{\"@type\":\"BreadcrumbList\",\"@id\":\"https:\/\/fumot.uk\/product\/jnr-falcon-x-18000-puffs-strawberry-banana-die-perfekte-kombination-von-erdbeere-und-banane\/#breadcrumb\",\"itemListElement\":[{\"@type\":\"ListItem\",\"position\":1,\"name\":\"Home\",\"item\":\"https:\/\/fumot.uk\/\"},{\"@type\":\"ListItem\",\"position\":2,\"name\":\"Shop\",\"item\":\"https:\/\/fumot.uk\/shop\/\"},{\"@type\":\"ListItem\",\"position\":3,\"name\":\"JNR Falcon-X 18000 Puffs Strawberry Banana Disposable Vape (24ml, Rechargeable 950mAh, Dual Mesh, Adjustable Airflow)\"}]},{\"@type\":\"WebSite\",\"@id\":\"https:\/\/fumot.uk\/#website\",\"url\":\"https:\/\/fumot.uk\/\",\"name\":\"Fumot Official Direct | Straight from the Factory, 100% Genuine\",\"description\":\"Official Website\",\"publisher\":{\"@id\":\"https:\/\/fumot.uk\/#organization\"},\"potentialAction\":[{\"@type\":\"SearchAction\",\"target\":{\"@type\":\"EntryPoint\",\"urlTemplate\":\"https:\/\/fumot.uk\/?s={search_term_string}\"},\"query-input\":{\"@type\":\"PropertyValueSpecification\",\"valueRequired\":true,\"valueName\":\"search_term_string\"}}],\"inLanguage\":\"es\"},{\"@type\":\"Organization\",\"@id\":\"https:\/\/fumot.uk\/#organization\",\"name\":\"Fumot Official Direct | Straight from the Factory, 100% Genuine\",\"url\":\"https:\/\/fumot.uk\/\",\"logo\":{\"@type\":\"ImageObject\",\"inLanguage\":\"es\",\"@id\":\"https:\/\/fumot.uk\/#\/schema\/logo\/image\/\",\"url\":\"https:\/\/fumot.uk\/wp-content\/uploads\/2026\/01\/cropped-fumot-logo1.png\",\"contentUrl\":\"https:\/\/fumot.uk\/wp-content\/uploads\/2026\/01\/cropped-fumot-logo1.png\",\"width\":152,\"height\":106,\"caption\":\"Fumot Official Direct | Straight from the Factory, 100% Genuine\"},\"image\":{\"@id\":\"https:\/\/fumot.uk\/#\/schema\/logo\/image\/\"}}]}<\/script>\n<!-- \/ Yoast SEO plugin. -->","yoast_head_json":{"title":"JNR Falcon-X 18000 Vape Desechable de Fresa y Pl\u00e1tano","description":"JNR Falcon-X Fresa Banana: hasta 18,000 caladas, 24ml de e-l\u00edquido, bater\u00eda recargable de 950mAh, bobina de malla dual, pantalla, flujo de aire ajustable. 2%\/5% nicotina.","robots":{"index":"index","follow":"follow","max-snippet":"max-snippet:-1","max-image-preview":"max-image-preview:large","max-video-preview":"max-video-preview:-1"},"canonical":"https:\/\/fumot.uk\/es\/product\/jnr-falcon-x-18000-puffs-strawberry-banana-die-perfekte-kombination-von-erdbeere-und-banane\/","og_locale":"es_ES","og_type":"article","og_title":"JNR Falcon-X 18000 Strawberry Banana \u2013 Smooth Fruit Blend","og_description":"Enjoy a balanced strawberry & creamy banana vape. Up to 18,000 puffs, 24ml, rechargeable 950mAh, dual mesh coil, display, and adjustable airflow. 2%\/5% nicotine.","og_url":"https:\/\/fumot.uk\/es\/product\/jnr-falcon-x-18000-puffs-strawberry-banana-die-perfekte-kombination-von-erdbeere-und-banane\/","og_site_name":"Fumot Official Direct | Straight from the Factory, 100% Genuine","article_modified_time":"2026-01-21T09:01:51+00:00","og_image":[{"width":800,"height":800,"url":"https:\/\/fumot.uk\/wp-content\/uploads\/2026\/01\/JNR-Falcon-X-18000-Puffs-Strawberry-Banana-Disposable-Vape.jpg","type":"image\/jpeg"}],"twitter_card":"summary_large_image","twitter_misc":{"Tiempo de lectura":"1 minuto"},"schema":{"@context":"https:\/\/schema.org","@graph":[{"@type":"WebPage","@id":"https:\/\/fumot.uk\/product\/jnr-falcon-x-18000-puffs-strawberry-banana-die-perfekte-kombination-von-erdbeere-und-banane\/","url":"https:\/\/fumot.uk\/product\/jnr-falcon-x-18000-puffs-strawberry-banana-die-perfekte-kombination-von-erdbeere-und-banane\/","name":"JNR Falcon-X 18000 Vape Desechable de Fresa y Pl\u00e1tano","isPartOf":{"@id":"https:\/\/fumot.uk\/#website"},"primaryImageOfPage":{"@id":"https:\/\/fumot.uk\/product\/jnr-falcon-x-18000-puffs-strawberry-banana-die-perfekte-kombination-von-erdbeere-und-banane\/#primaryimage"},"image":{"@id":"https:\/\/fumot.uk\/product\/jnr-falcon-x-18000-puffs-strawberry-banana-die-perfekte-kombination-von-erdbeere-und-banane\/#primaryimage"},"thumbnailUrl":"https:\/\/fumot.uk\/wp-content\/uploads\/2026\/01\/JNR-Falcon-X-18000-Puffs-Strawberry-Banana-Disposable-Vape.jpg","datePublished":"2026-01-21T04:07:11+00:00","dateModified":"2026-01-21T09:01:51+00:00","description":"JNR Falcon-X Fresa Banana: hasta 18,000 caladas, 24ml de e-l\u00edquido, bater\u00eda recargable de 950mAh, bobina de malla dual, pantalla, flujo de aire ajustable. 2%\/5% nicotina.","breadcrumb":{"@id":"https:\/\/fumot.uk\/product\/jnr-falcon-x-18000-puffs-strawberry-banana-die-perfekte-kombination-von-erdbeere-und-banane\/#breadcrumb"},"inLanguage":"es","potentialAction":[{"@type":"ReadAction","target":["https:\/\/fumot.uk\/product\/jnr-falcon-x-18000-puffs-strawberry-banana-die-perfekte-kombination-von-erdbeere-und-banane\/"]}]},{"@type":"ImageObject","inLanguage":"es","@id":"https:\/\/fumot.uk\/product\/jnr-falcon-x-18000-puffs-strawberry-banana-die-perfekte-kombination-von-erdbeere-und-banane\/#primaryimage","url":"https:\/\/fumot.uk\/wp-content\/uploads\/2026\/01\/JNR-Falcon-X-18000-Puffs-Strawberry-Banana-Disposable-Vape.jpg","contentUrl":"https:\/\/fumot.uk\/wp-content\/uploads\/2026\/01\/JNR-Falcon-X-18000-Puffs-Strawberry-Banana-Disposable-Vape.jpg","width":800,"height":800},{"@type":"BreadcrumbList","@id":"https:\/\/fumot.uk\/product\/jnr-falcon-x-18000-puffs-strawberry-banana-die-perfekte-kombination-von-erdbeere-und-banane\/#breadcrumb","itemListElement":[{"@type":"ListItem","position":1,"name":"Home","item":"https:\/\/fumot.uk\/"},{"@type":"ListItem","position":2,"name":"Shop","item":"https:\/\/fumot.uk\/shop\/"},{"@type":"ListItem","position":3,"name":"JNR Falcon-X 18000 Puffs Strawberry Banana Disposable Vape (24ml, Rechargeable 950mAh, Dual Mesh, Adjustable Airflow)"}]},{"@type":"WebSite","@id":"https:\/\/fumot.uk\/#website","url":"https:\/\/fumot.uk\/","name":"Fumot Official Direct | Directo desde la f\u00e1brica, 100% Original","description":"Sitio Oficial","publisher":{"@id":"https:\/\/fumot.uk\/#organization"},"potentialAction":[{"@type":"SearchAction","target":{"@type":"EntryPoint","urlTemplate":"https:\/\/fumot.uk\/?s={search_term_string}"},"query-input":{"@type":"PropertyValueSpecification","valueRequired":true,"valueName":"search_term_string"}}],"inLanguage":"es"},{"@type":"Organization","@id":"https:\/\/fumot.uk\/#organization","name":"Fumot Official Direct | Directo desde la f\u00e1brica, 100% Original","url":"https:\/\/fumot.uk\/","logo":{"@type":"ImageObject","inLanguage":"es","@id":"https:\/\/fumot.uk\/#\/schema\/logo\/image\/","url":"https:\/\/fumot.uk\/wp-content\/uploads\/2026\/01\/cropped-fumot-logo1.png","contentUrl":"https:\/\/fumot.uk\/wp-content\/uploads\/2026\/01\/cropped-fumot-logo1.png","width":152,"height":106,"caption":"Fumot Official Direct | Straight from the Factory, 100% Genuine"},"image":{"@id":"https:\/\/fumot.uk\/#\/schema\/logo\/image\/"}}]}},"_links":{"self":[{"href":"https:\/\/fumot.uk\/es\/wp-json\/wp\/v2\/product\/4062","targetHints":{"allow":["GET"]}}],"collection":[{"href":"https:\/\/fumot.uk\/es\/wp-json\/wp\/v2\/product"}],"about":[{"href":"https:\/\/fumot.uk\/es\/wp-json\/wp\/v2\/types\/product"}],"replies":[{"embeddable":true,"href":"https:\/\/fumot.uk\/es\/wp-json\/wp\/v2\/comments?post=4062"}],"wp:featuredmedia":[{"embeddable":true,"href":"https:\/\/fumot.uk\/es\/wp-json\/wp\/v2\/media\/4092"}],"wp:attachment":[{"href":"https:\/\/fumot.uk\/es\/wp-json\/wp\/v2\/media?parent=4062"}],"wp:term":[{"taxonomy":"product_brand","embeddable":true,"href":"https:\/\/fumot.uk\/es\/wp-json\/wp\/v2\/product_brand?post=4062"},{"taxonomy":"product_cat","embeddable":true,"href":"https:\/\/fumot.uk\/es\/wp-json\/wp\/v2\/product_cat?post=4062"},{"taxonomy":"product_tag","embeddable":true,"href":"https:\/\/fumot.uk\/es\/wp-json\/wp\/v2\/product_tag?post=4062"}],"curies":[{"name":"wp","href":"https:\/\/api.w.org\/{rel}","templated":true}]}}