{"id":4038,"date":"2026-01-21T04:06:54","date_gmt":"2026-01-21T04:06:54","guid":{"rendered":"https:\/\/fumot.uk\/?post_type=product&#038;p=4038"},"modified":"2026-01-21T08:32:22","modified_gmt":"2026-01-21T08:32:22","slug":"jnr-falcon-x-18000-puffs-watermelon-ice-erfrischende-wassermelone-trifft-auf-kuhle-eisnote","status":"publish","type":"product","link":"https:\/\/fumot.uk\/es\/product\/jnr-falcon-x-18000-puffs-watermelon-ice-erfrischende-wassermelone-trifft-auf-kuhle-eisnote\/","title":{"rendered":"JNR Falcon-X 18000 Puffs Sand\u00eda Hielo Vape Desechable (24ml, Recargable, Flujo de Aire Ajustable)"},"content":{"rendered":"<h2>JNR Falcon-X 18000 Puffs Sand\u00eda Hielo<\/h2>\n<p>Lleva una vibra fresca de verano a cada calada con <strong>JNR Falcon-X 18000 Puffs Sand\u00eda Hielo<\/strong>. Este sabor combina el <strong>sabor dulce y jugoso de sand\u00eda madura<\/strong> con un <strong>acabado limpio y helado<\/strong>\u2014crujiente, refrescante y suave de principio a fin.<\/p>\n<h3>Perfil de Sabor: Sand\u00eda + Hielo<\/h3>\n<ul>\n<li><strong>Sand\u00eda Jugosa:<\/strong> dulzura afrutada brillante con un car\u00e1cter fresco y apetitoso.<\/li>\n<li><strong>Nota Helada:<\/strong> una exhalaci\u00f3n refrescante que mantiene el sabor ligero y refrescante.<\/li>\n<li><strong>Acabado Equilibrado:<\/strong> afrutado sin ser pesado, con un fr\u00edo constante similar al mentol.<\/li>\n<\/ul>\n<h3>Por Qu\u00e9 Te Gustar\u00e1 Este Vape de Sand\u00eda Hielo<\/h3>\n<p>Sand\u00eda Hielo es una opci\u00f3n ideal cuando quieres algo <strong>fresco, limpio y f\u00e1cil de disfrutar<\/strong>. Es especialmente satisfactorio para d\u00edas c\u00e1lidos, despu\u00e9s de las comidas, o cuando anhelas una mezcla de frutas refrescante.<\/p>\n<h3>JNR Falcon-X 18000 Puffs \u2013 Caracter\u00edsticas Clave<\/h3>\n<ul>\n<li><strong>Hasta 18000 caladas<\/strong><\/li>\n<li><strong>capacidad de e-l\u00edquido de 24ml<\/strong><\/li>\n<li><strong>Opciones de nicotina:<\/strong> 2% o 5%<\/li>\n<li><strong>Bater\u00eda recargable de 950mAh<\/strong> (carga Tipo-C)<\/li>\n<li><strong>Tecnolog\u00eda de Doble Bobina de Malla y Doble N\u00facleo<\/strong> para un sabor consistente<\/li>\n<li><strong>Pantalla digital<\/strong> para ver el estado de un vistazo<\/li>\n<li><strong>Flujo de aire ajustable<\/strong> (ideal para estilo Direct-to-Lung)<\/li>\n<\/ul>\n<h3>Explora M\u00e1s en fumot.uk<\/h3>\n<p>\u00bfBuscas m\u00e1s sabores en esta serie? Explora la gama completa aqu\u00ed: <a href=\"https:\/\/fumot.uk\/es\/product-category\/jnr-falcon-x-18000-puffs\/\">colecci\u00f3n JNR Falcon-X 18000 Puffs<\/a>.<\/p>\n<p><strong>Nota:<\/strong> La cantidad de caladas var\u00eda seg\u00fan el estilo de uso y los ajustes de flujo de aire.<\/p>","protected":false},"excerpt":{"rendered":"<p>La dulzura jugosa de la sand\u00eda se encuentra con un acabado fresco y helado. JNR Falcon-X 18000 Puffs presenta 24ml de e-l\u00edquido, pantalla digital, flujo de aire ajustable, bobina de malla dual y una bater\u00eda recargable de 950mAh Tipo\u2011C. Nicotina: 2% o 5%.<\/p>","protected":false},"featured_media":4052,"comment_status":"open","ping_status":"closed","template":"","meta":[],"product_brand":[],"product_cat":[195,196,17],"product_tag":[171,197,21,72,23,73,29,26,62,28,32],"class_list":{"0":"post-4038","1":"product","2":"type-product","3":"status-publish","4":"has-post-thumbnail","6":"product_cat-18000-puff","7":"product_cat-jnr-falcon-x-18000-puffs","8":"product_cat-vape","9":"product_tag-24ml","10":"product_tag-950mah","11":"product_tag-adjustable-airflow","12":"product_tag-direct-to-lung","13":"product_tag-display","14":"product_tag-dual-mesh","15":"product_tag-ice","16":"product_tag-rechargeable","17":"product_tag-sale-vape","18":"product_tag-type-c","19":"product_tag-watermelon","21":"first","22":"instock","23":"sale","24":"shipping-taxable","25":"purchasable","26":"product-type-variable","27":"has-default-attributes"},"yoast_head":"<!-- This site is optimized with the Yoast SEO plugin v26.8 - https:\/\/yoast.com\/product\/yoast-seo-wordpress\/ -->\n<title>JNR Falcon-X 18000 Puffs Watermelon Ice | fumot.uk<\/title>\n<meta name=\"description\" content=\"JNR Falcon-X 18000 Puffs Watermelon Ice: juicy watermelon with a cool icy finish. 24ml, rechargeable 950mAh, adjustable airflow, display. 2%\/5%.\" \/>\n<meta name=\"robots\" content=\"index, follow, max-snippet:-1, max-image-preview:large, max-video-preview:-1\" \/>\n<link rel=\"canonical\" href=\"https:\/\/fumot.uk\/es\/product\/jnr-falcon-x-18000-puffs-watermelon-ice-erfrischende-wassermelone-trifft-auf-kuhle-eisnote\/\" \/>\n<meta property=\"og:locale\" content=\"es_ES\" \/>\n<meta property=\"og:type\" content=\"article\" \/>\n<meta property=\"og:title\" content=\"JNR Falcon-X Watermelon Ice \u2013 18000 Puffs, Cool &amp; Juicy\" \/>\n<meta property=\"og:description\" content=\"Enjoy sweet watermelon with an icy finish. 24ml e-liquid, rechargeable 950mAh Type\u2011C, adjustable airflow, dual mesh coil, digital display. 2%\/5%.\" \/>\n<meta property=\"og:url\" content=\"https:\/\/fumot.uk\/es\/product\/jnr-falcon-x-18000-puffs-watermelon-ice-erfrischende-wassermelone-trifft-auf-kuhle-eisnote\/\" \/>\n<meta property=\"og:site_name\" content=\"Fumot Official Direct | Straight from the Factory, 100% Genuine\" \/>\n<meta property=\"article:modified_time\" content=\"2026-01-21T08:32:22+00:00\" \/>\n<meta property=\"og:image\" content=\"https:\/\/fumot.uk\/wp-content\/uploads\/2026\/01\/JNR-Falcon-X-18000-Puffs-Watermelon-Ice-Disposable-Vape.jpg\" \/>\n\t<meta property=\"og:image:width\" content=\"800\" \/>\n\t<meta property=\"og:image:height\" content=\"800\" \/>\n\t<meta property=\"og:image:type\" content=\"image\/jpeg\" \/>\n<meta name=\"twitter:card\" content=\"summary_large_image\" \/>\n<meta name=\"twitter:label1\" content=\"Tiempo de lectura\" \/>\n\t<meta name=\"twitter:data1\" content=\"1 minuto\" \/>\n<script type=\"application\/ld+json\" class=\"yoast-schema-graph\">{\"@context\":\"https:\/\/schema.org\",\"@graph\":[{\"@type\":\"WebPage\",\"@id\":\"https:\/\/fumot.uk\/product\/jnr-falcon-x-18000-puffs-watermelon-ice-erfrischende-wassermelone-trifft-auf-kuhle-eisnote\/\",\"url\":\"https:\/\/fumot.uk\/product\/jnr-falcon-x-18000-puffs-watermelon-ice-erfrischende-wassermelone-trifft-auf-kuhle-eisnote\/\",\"name\":\"JNR Falcon-X 18000 Puffs Watermelon Ice | fumot.uk\",\"isPartOf\":{\"@id\":\"https:\/\/fumot.uk\/#website\"},\"primaryImageOfPage\":{\"@id\":\"https:\/\/fumot.uk\/product\/jnr-falcon-x-18000-puffs-watermelon-ice-erfrischende-wassermelone-trifft-auf-kuhle-eisnote\/#primaryimage\"},\"image\":{\"@id\":\"https:\/\/fumot.uk\/product\/jnr-falcon-x-18000-puffs-watermelon-ice-erfrischende-wassermelone-trifft-auf-kuhle-eisnote\/#primaryimage\"},\"thumbnailUrl\":\"https:\/\/fumot.uk\/wp-content\/uploads\/2026\/01\/JNR-Falcon-X-18000-Puffs-Watermelon-Ice-Disposable-Vape.jpg\",\"datePublished\":\"2026-01-21T04:06:54+00:00\",\"dateModified\":\"2026-01-21T08:32:22+00:00\",\"description\":\"JNR Falcon-X 18000 Puffs Watermelon Ice: juicy watermelon with a cool icy finish. 24ml, rechargeable 950mAh, adjustable airflow, display. 2%\/5%.\",\"breadcrumb\":{\"@id\":\"https:\/\/fumot.uk\/product\/jnr-falcon-x-18000-puffs-watermelon-ice-erfrischende-wassermelone-trifft-auf-kuhle-eisnote\/#breadcrumb\"},\"inLanguage\":\"es\",\"potentialAction\":[{\"@type\":\"ReadAction\",\"target\":[\"https:\/\/fumot.uk\/product\/jnr-falcon-x-18000-puffs-watermelon-ice-erfrischende-wassermelone-trifft-auf-kuhle-eisnote\/\"]}]},{\"@type\":\"ImageObject\",\"inLanguage\":\"es\",\"@id\":\"https:\/\/fumot.uk\/product\/jnr-falcon-x-18000-puffs-watermelon-ice-erfrischende-wassermelone-trifft-auf-kuhle-eisnote\/#primaryimage\",\"url\":\"https:\/\/fumot.uk\/wp-content\/uploads\/2026\/01\/JNR-Falcon-X-18000-Puffs-Watermelon-Ice-Disposable-Vape.jpg\",\"contentUrl\":\"https:\/\/fumot.uk\/wp-content\/uploads\/2026\/01\/JNR-Falcon-X-18000-Puffs-Watermelon-Ice-Disposable-Vape.jpg\",\"width\":800,\"height\":800},{\"@type\":\"BreadcrumbList\",\"@id\":\"https:\/\/fumot.uk\/product\/jnr-falcon-x-18000-puffs-watermelon-ice-erfrischende-wassermelone-trifft-auf-kuhle-eisnote\/#breadcrumb\",\"itemListElement\":[{\"@type\":\"ListItem\",\"position\":1,\"name\":\"Home\",\"item\":\"https:\/\/fumot.uk\/\"},{\"@type\":\"ListItem\",\"position\":2,\"name\":\"Shop\",\"item\":\"https:\/\/fumot.uk\/shop\/\"},{\"@type\":\"ListItem\",\"position\":3,\"name\":\"JNR Falcon-X 18000 Puffs Watermelon Ice Disposable Vape (24ml, Rechargeable, Adjustable Airflow)\"}]},{\"@type\":\"WebSite\",\"@id\":\"https:\/\/fumot.uk\/#website\",\"url\":\"https:\/\/fumot.uk\/\",\"name\":\"Fumot Official Direct | Straight from the Factory, 100% Genuine\",\"description\":\"Official Website\",\"publisher\":{\"@id\":\"https:\/\/fumot.uk\/#organization\"},\"potentialAction\":[{\"@type\":\"SearchAction\",\"target\":{\"@type\":\"EntryPoint\",\"urlTemplate\":\"https:\/\/fumot.uk\/?s={search_term_string}\"},\"query-input\":{\"@type\":\"PropertyValueSpecification\",\"valueRequired\":true,\"valueName\":\"search_term_string\"}}],\"inLanguage\":\"es\"},{\"@type\":\"Organization\",\"@id\":\"https:\/\/fumot.uk\/#organization\",\"name\":\"Fumot Official Direct | Straight from the Factory, 100% Genuine\",\"url\":\"https:\/\/fumot.uk\/\",\"logo\":{\"@type\":\"ImageObject\",\"inLanguage\":\"es\",\"@id\":\"https:\/\/fumot.uk\/#\/schema\/logo\/image\/\",\"url\":\"https:\/\/fumot.uk\/wp-content\/uploads\/2026\/01\/cropped-fumot-logo1.png\",\"contentUrl\":\"https:\/\/fumot.uk\/wp-content\/uploads\/2026\/01\/cropped-fumot-logo1.png\",\"width\":152,\"height\":106,\"caption\":\"Fumot Official Direct | Straight from the Factory, 100% Genuine\"},\"image\":{\"@id\":\"https:\/\/fumot.uk\/#\/schema\/logo\/image\/\"}}]}<\/script>\n<!-- \/ Yoast SEO plugin. -->","yoast_head_json":{"title":"JNR Falcon-X 18000 Puffs Sand\u00eda Hielo | fumot.uk","description":"JNR Falcon-X 18000 Puffs Sand\u00eda Helada: jugosa sand\u00eda con un fresco acabado helado. 24ml, recargable 950mAh, flujo de aire ajustable, pantalla. 2%\/5%.","robots":{"index":"index","follow":"follow","max-snippet":"max-snippet:-1","max-image-preview":"max-image-preview:large","max-video-preview":"max-video-preview:-1"},"canonical":"https:\/\/fumot.uk\/es\/product\/jnr-falcon-x-18000-puffs-watermelon-ice-erfrischende-wassermelone-trifft-auf-kuhle-eisnote\/","og_locale":"es_ES","og_type":"article","og_title":"JNR Falcon-X Watermelon Ice \u2013 18000 Puffs, Cool & Juicy","og_description":"Enjoy sweet watermelon with an icy finish. 24ml e-liquid, rechargeable 950mAh Type\u2011C, adjustable airflow, dual mesh coil, digital display. 2%\/5%.","og_url":"https:\/\/fumot.uk\/es\/product\/jnr-falcon-x-18000-puffs-watermelon-ice-erfrischende-wassermelone-trifft-auf-kuhle-eisnote\/","og_site_name":"Fumot Official Direct | Straight from the Factory, 100% Genuine","article_modified_time":"2026-01-21T08:32:22+00:00","og_image":[{"width":800,"height":800,"url":"https:\/\/fumot.uk\/wp-content\/uploads\/2026\/01\/JNR-Falcon-X-18000-Puffs-Watermelon-Ice-Disposable-Vape.jpg","type":"image\/jpeg"}],"twitter_card":"summary_large_image","twitter_misc":{"Tiempo de lectura":"1 minuto"},"schema":{"@context":"https:\/\/schema.org","@graph":[{"@type":"WebPage","@id":"https:\/\/fumot.uk\/product\/jnr-falcon-x-18000-puffs-watermelon-ice-erfrischende-wassermelone-trifft-auf-kuhle-eisnote\/","url":"https:\/\/fumot.uk\/product\/jnr-falcon-x-18000-puffs-watermelon-ice-erfrischende-wassermelone-trifft-auf-kuhle-eisnote\/","name":"JNR Falcon-X 18000 Puffs Sand\u00eda Hielo | fumot.uk","isPartOf":{"@id":"https:\/\/fumot.uk\/#website"},"primaryImageOfPage":{"@id":"https:\/\/fumot.uk\/product\/jnr-falcon-x-18000-puffs-watermelon-ice-erfrischende-wassermelone-trifft-auf-kuhle-eisnote\/#primaryimage"},"image":{"@id":"https:\/\/fumot.uk\/product\/jnr-falcon-x-18000-puffs-watermelon-ice-erfrischende-wassermelone-trifft-auf-kuhle-eisnote\/#primaryimage"},"thumbnailUrl":"https:\/\/fumot.uk\/wp-content\/uploads\/2026\/01\/JNR-Falcon-X-18000-Puffs-Watermelon-Ice-Disposable-Vape.jpg","datePublished":"2026-01-21T04:06:54+00:00","dateModified":"2026-01-21T08:32:22+00:00","description":"JNR Falcon-X 18000 Puffs Sand\u00eda Helada: jugosa sand\u00eda con un fresco acabado helado. 24ml, recargable 950mAh, flujo de aire ajustable, pantalla. 2%\/5%.","breadcrumb":{"@id":"https:\/\/fumot.uk\/product\/jnr-falcon-x-18000-puffs-watermelon-ice-erfrischende-wassermelone-trifft-auf-kuhle-eisnote\/#breadcrumb"},"inLanguage":"es","potentialAction":[{"@type":"ReadAction","target":["https:\/\/fumot.uk\/product\/jnr-falcon-x-18000-puffs-watermelon-ice-erfrischende-wassermelone-trifft-auf-kuhle-eisnote\/"]}]},{"@type":"ImageObject","inLanguage":"es","@id":"https:\/\/fumot.uk\/product\/jnr-falcon-x-18000-puffs-watermelon-ice-erfrischende-wassermelone-trifft-auf-kuhle-eisnote\/#primaryimage","url":"https:\/\/fumot.uk\/wp-content\/uploads\/2026\/01\/JNR-Falcon-X-18000-Puffs-Watermelon-Ice-Disposable-Vape.jpg","contentUrl":"https:\/\/fumot.uk\/wp-content\/uploads\/2026\/01\/JNR-Falcon-X-18000-Puffs-Watermelon-Ice-Disposable-Vape.jpg","width":800,"height":800},{"@type":"BreadcrumbList","@id":"https:\/\/fumot.uk\/product\/jnr-falcon-x-18000-puffs-watermelon-ice-erfrischende-wassermelone-trifft-auf-kuhle-eisnote\/#breadcrumb","itemListElement":[{"@type":"ListItem","position":1,"name":"Home","item":"https:\/\/fumot.uk\/"},{"@type":"ListItem","position":2,"name":"Shop","item":"https:\/\/fumot.uk\/shop\/"},{"@type":"ListItem","position":3,"name":"JNR Falcon-X 18000 Puffs Watermelon Ice Disposable Vape (24ml, Rechargeable, Adjustable Airflow)"}]},{"@type":"WebSite","@id":"https:\/\/fumot.uk\/#website","url":"https:\/\/fumot.uk\/","name":"Fumot Official Direct | Directo desde la f\u00e1brica, 100% Original","description":"Sitio Oficial","publisher":{"@id":"https:\/\/fumot.uk\/#organization"},"potentialAction":[{"@type":"SearchAction","target":{"@type":"EntryPoint","urlTemplate":"https:\/\/fumot.uk\/?s={search_term_string}"},"query-input":{"@type":"PropertyValueSpecification","valueRequired":true,"valueName":"search_term_string"}}],"inLanguage":"es"},{"@type":"Organization","@id":"https:\/\/fumot.uk\/#organization","name":"Fumot Official Direct | Directo desde la f\u00e1brica, 100% Original","url":"https:\/\/fumot.uk\/","logo":{"@type":"ImageObject","inLanguage":"es","@id":"https:\/\/fumot.uk\/#\/schema\/logo\/image\/","url":"https:\/\/fumot.uk\/wp-content\/uploads\/2026\/01\/cropped-fumot-logo1.png","contentUrl":"https:\/\/fumot.uk\/wp-content\/uploads\/2026\/01\/cropped-fumot-logo1.png","width":152,"height":106,"caption":"Fumot Official Direct | Straight from the Factory, 100% Genuine"},"image":{"@id":"https:\/\/fumot.uk\/#\/schema\/logo\/image\/"}}]}},"_links":{"self":[{"href":"https:\/\/fumot.uk\/es\/wp-json\/wp\/v2\/product\/4038","targetHints":{"allow":["GET"]}}],"collection":[{"href":"https:\/\/fumot.uk\/es\/wp-json\/wp\/v2\/product"}],"about":[{"href":"https:\/\/fumot.uk\/es\/wp-json\/wp\/v2\/types\/product"}],"replies":[{"embeddable":true,"href":"https:\/\/fumot.uk\/es\/wp-json\/wp\/v2\/comments?post=4038"}],"wp:featuredmedia":[{"embeddable":true,"href":"https:\/\/fumot.uk\/es\/wp-json\/wp\/v2\/media\/4052"}],"wp:attachment":[{"href":"https:\/\/fumot.uk\/es\/wp-json\/wp\/v2\/media?parent=4038"}],"wp:term":[{"taxonomy":"product_brand","embeddable":true,"href":"https:\/\/fumot.uk\/es\/wp-json\/wp\/v2\/product_brand?post=4038"},{"taxonomy":"product_cat","embeddable":true,"href":"https:\/\/fumot.uk\/es\/wp-json\/wp\/v2\/product_cat?post=4038"},{"taxonomy":"product_tag","embeddable":true,"href":"https:\/\/fumot.uk\/es\/wp-json\/wp\/v2\/product_tag?post=4038"}],"curies":[{"name":"wp","href":"https:\/\/api.w.org\/{rel}","templated":true}]}}