{"id":4037,"date":"2026-01-21T04:06:54","date_gmt":"2026-01-21T04:06:54","guid":{"rendered":"https:\/\/fumot.uk\/?post_type=product&#038;p=4037"},"modified":"2026-01-21T08:32:48","modified_gmt":"2026-01-21T08:32:48","slug":"jnr-falcon-x-18000-puffs-strawberry-watermelon-ice-die-erfrischende-fusion-aus-erdbeere-und-wassermelone","status":"publish","type":"product","link":"https:\/\/fumot.uk\/es\/product\/jnr-falcon-x-18000-puffs-strawberry-watermelon-ice-die-erfrischende-fusion-aus-erdbeere-und-wassermelone\/","title":{"rendered":"JNR Falcon-X 18000 Puffs Fresa Sand\u00eda Hielo Vape Desechable (24ml, Recargable, Flujo de Aire Ajustable)"},"content":{"rendered":"<div>\n<p><strong>JNR Falcon-X 18000 Puffs Fresa Sand\u00eda Hielo<\/strong> mezcla la dulzura de la fresa madura con jugosa sand\u00eda, terminada con una nota helada limpia. Es un sabor brillante, estilo verano, que se mantiene suave desde la primera calada hasta la \u00faltima\u2014ideal cuando quieres algo afrutado, fresco y f\u00e1cil de disfrutar.<\/p>\n<h3>Sabor: Fresa + Sand\u00eda + Hielo<\/h3>\n<p>Espera una mezcla de frutas equilibrada: la fresa aporta una suavidad similar a un caramelo, la sand\u00eda a\u00f1ade una frescura crujiente y acuosa, y el <strong>Hielo<\/strong> capa ofrece un frescor refrescante sin dominar la fruta.<\/p>\n<h3>Por qu\u00e9 te gustar\u00e1<\/h3>\n<ul>\n<li><strong>Perfil refrescante para todo el d\u00eda<\/strong> \u2014 con predominio de fruta y un final fresco<\/li>\n<li><strong>Flujo de aire ajustable<\/strong> \u2014 ajusta tu calada para que coincida con tu preferencia<\/li>\n<li><strong>Pantalla digital<\/strong> \u2014 revisi\u00f3n r\u00e1pida del estado de un vistazo<\/li>\n<li><strong>Bobina de Malla Dual + tecnolog\u00eda de N\u00facleo Dual<\/strong> \u2014 dise\u00f1ado para una entrega de sabor consistente<\/li>\n<li><strong>Bater\u00eda recargable de 950mAh<\/strong> con <strong>Type-C<\/strong> carga<\/li>\n<\/ul>\n<h3>Destacados del producto (JNR Falcon-X)<\/h3>\n<ul>\n<li><strong>Hasta 18000 caladas<\/strong><\/li>\n<li><strong>capacidad de e-l\u00edquido de 24ml<\/strong><\/li>\n<li><strong>Opciones de nicotina:<\/strong> 2% o 5%<\/li>\n<li><strong>Directo al Pulm\u00f3n (DTL)<\/strong> amigable<\/li>\n<li><strong>20 sabores disponibles<\/strong> en la gama Falcon-X<\/li>\n<\/ul>\n<p>Si disfrutas de combinaciones de fruta y hielo, explora m\u00e1s opciones en nuestra colecci\u00f3n en <a href=\"https:\/\/fumot.uk\/es\/\">fumot.uk<\/a>, o explora sabores relacionados como <a href=\"https:\/\/fumot.uk\/es\/product-tag\/strawberry\/\">Fresa<\/a>, <a href=\"https:\/\/fumot.uk\/es\/product-tag\/watermelon\/\">Sand\u00eda<\/a>, y <a href=\"https:\/\/fumot.uk\/es\/product-tag\/ice\/\">Hielo<\/a>.<\/p>\n<p><em>Nota:<\/em> El conteo de caladas puede variar dependiendo de los patrones de uso individuales.<\/p>\n<\/div>","protected":false},"excerpt":{"rendered":"<p>Hielo de Fresa y Sand\u00eda en el JNR Falcon-X 18000: una mezcla de frutas jugosas con un acabado helado limpio, capacidad de 24 ml, pantalla digital, flujo de aire ajustable y una bater\u00eda recargable de 950mAh Tipo\u2011C. Nicotina: 2% o 5%.<\/p>","protected":false},"featured_media":4051,"comment_status":"open","ping_status":"closed","template":"","meta":[],"product_brand":[],"product_cat":[195,196,17],"product_tag":[171,197,21,72,23,73,29,26,62,37,28,32],"class_list":{"0":"post-4037","1":"product","2":"type-product","3":"status-publish","4":"has-post-thumbnail","6":"product_cat-18000-puff","7":"product_cat-jnr-falcon-x-18000-puffs","8":"product_cat-vape","9":"product_tag-24ml","10":"product_tag-950mah","11":"product_tag-adjustable-airflow","12":"product_tag-direct-to-lung","13":"product_tag-display","14":"product_tag-dual-mesh","15":"product_tag-ice","16":"product_tag-rechargeable","17":"product_tag-sale-vape","18":"product_tag-strawberry","19":"product_tag-type-c","20":"product_tag-watermelon","22":"first","23":"instock","24":"sale","25":"shipping-taxable","26":"purchasable","27":"product-type-variable","28":"has-default-attributes"},"yoast_head":"<!-- This site is optimized with the Yoast SEO plugin v26.8 - https:\/\/yoast.com\/product\/yoast-seo-wordpress\/ -->\n<title>JNR Falcon-X 18000 Strawberry Watermelon Ice Vape<\/title>\n<meta name=\"description\" content=\"JNR Falcon-X 18000 Strawberry Watermelon Ice: juicy strawberry &amp; watermelon with an icy finish. 24ml, display, adjustable airflow, 950mAh Type\u2011C. 2%\/5%.\" \/>\n<meta name=\"robots\" content=\"index, follow, max-snippet:-1, max-image-preview:large, max-video-preview:-1\" \/>\n<link rel=\"canonical\" href=\"https:\/\/fumot.uk\/es\/product\/jnr-falcon-x-18000-puffs-strawberry-watermelon-ice-die-erfrischende-fusion-aus-erdbeere-und-wassermelone\/\" \/>\n<meta property=\"og:locale\" content=\"es_ES\" \/>\n<meta property=\"og:type\" content=\"article\" \/>\n<meta property=\"og:title\" content=\"JNR Falcon-X 18000 Strawberry Watermelon Ice\" \/>\n<meta property=\"og:description\" content=\"A refreshing strawberry + watermelon blend with a cool ice finish. 24ml, up to 18000 puffs, digital display, adjustable airflow, 950mAh rechargeable Type\u2011C.\" \/>\n<meta property=\"og:url\" content=\"https:\/\/fumot.uk\/es\/product\/jnr-falcon-x-18000-puffs-strawberry-watermelon-ice-die-erfrischende-fusion-aus-erdbeere-und-wassermelone\/\" \/>\n<meta property=\"og:site_name\" content=\"Fumot Official Direct | Straight from the Factory, 100% Genuine\" \/>\n<meta property=\"article:modified_time\" content=\"2026-01-21T08:32:48+00:00\" \/>\n<meta property=\"og:image\" content=\"https:\/\/fumot.uk\/wp-content\/uploads\/2026\/01\/JNR-Falcon-X-18000-Puffs-Strawberry-Watermelon-Ice-Disposable-Vape.jpg\" \/>\n\t<meta property=\"og:image:width\" content=\"800\" \/>\n\t<meta property=\"og:image:height\" content=\"800\" \/>\n\t<meta property=\"og:image:type\" content=\"image\/jpeg\" \/>\n<meta name=\"twitter:card\" content=\"summary_large_image\" \/>\n<meta name=\"twitter:label1\" content=\"Tiempo de lectura\" \/>\n\t<meta name=\"twitter:data1\" content=\"1 minuto\" \/>\n<script type=\"application\/ld+json\" class=\"yoast-schema-graph\">{\"@context\":\"https:\/\/schema.org\",\"@graph\":[{\"@type\":\"WebPage\",\"@id\":\"https:\/\/fumot.uk\/product\/jnr-falcon-x-18000-puffs-strawberry-watermelon-ice-die-erfrischende-fusion-aus-erdbeere-und-wassermelone\/\",\"url\":\"https:\/\/fumot.uk\/product\/jnr-falcon-x-18000-puffs-strawberry-watermelon-ice-die-erfrischende-fusion-aus-erdbeere-und-wassermelone\/\",\"name\":\"JNR Falcon-X 18000 Strawberry Watermelon Ice Vape\",\"isPartOf\":{\"@id\":\"https:\/\/fumot.uk\/#website\"},\"primaryImageOfPage\":{\"@id\":\"https:\/\/fumot.uk\/product\/jnr-falcon-x-18000-puffs-strawberry-watermelon-ice-die-erfrischende-fusion-aus-erdbeere-und-wassermelone\/#primaryimage\"},\"image\":{\"@id\":\"https:\/\/fumot.uk\/product\/jnr-falcon-x-18000-puffs-strawberry-watermelon-ice-die-erfrischende-fusion-aus-erdbeere-und-wassermelone\/#primaryimage\"},\"thumbnailUrl\":\"https:\/\/fumot.uk\/wp-content\/uploads\/2026\/01\/JNR-Falcon-X-18000-Puffs-Strawberry-Watermelon-Ice-Disposable-Vape.jpg\",\"datePublished\":\"2026-01-21T04:06:54+00:00\",\"dateModified\":\"2026-01-21T08:32:48+00:00\",\"description\":\"JNR Falcon-X 18000 Strawberry Watermelon Ice: juicy strawberry & watermelon with an icy finish. 24ml, display, adjustable airflow, 950mAh Type\u2011C. 2%\/5%.\",\"breadcrumb\":{\"@id\":\"https:\/\/fumot.uk\/product\/jnr-falcon-x-18000-puffs-strawberry-watermelon-ice-die-erfrischende-fusion-aus-erdbeere-und-wassermelone\/#breadcrumb\"},\"inLanguage\":\"es\",\"potentialAction\":[{\"@type\":\"ReadAction\",\"target\":[\"https:\/\/fumot.uk\/product\/jnr-falcon-x-18000-puffs-strawberry-watermelon-ice-die-erfrischende-fusion-aus-erdbeere-und-wassermelone\/\"]}]},{\"@type\":\"ImageObject\",\"inLanguage\":\"es\",\"@id\":\"https:\/\/fumot.uk\/product\/jnr-falcon-x-18000-puffs-strawberry-watermelon-ice-die-erfrischende-fusion-aus-erdbeere-und-wassermelone\/#primaryimage\",\"url\":\"https:\/\/fumot.uk\/wp-content\/uploads\/2026\/01\/JNR-Falcon-X-18000-Puffs-Strawberry-Watermelon-Ice-Disposable-Vape.jpg\",\"contentUrl\":\"https:\/\/fumot.uk\/wp-content\/uploads\/2026\/01\/JNR-Falcon-X-18000-Puffs-Strawberry-Watermelon-Ice-Disposable-Vape.jpg\",\"width\":800,\"height\":800},{\"@type\":\"BreadcrumbList\",\"@id\":\"https:\/\/fumot.uk\/product\/jnr-falcon-x-18000-puffs-strawberry-watermelon-ice-die-erfrischende-fusion-aus-erdbeere-und-wassermelone\/#breadcrumb\",\"itemListElement\":[{\"@type\":\"ListItem\",\"position\":1,\"name\":\"Home\",\"item\":\"https:\/\/fumot.uk\/\"},{\"@type\":\"ListItem\",\"position\":2,\"name\":\"Shop\",\"item\":\"https:\/\/fumot.uk\/shop\/\"},{\"@type\":\"ListItem\",\"position\":3,\"name\":\"JNR Falcon-X 18000 Puffs Strawberry Watermelon Ice Disposable Vape (24ml, Rechargeable, Adjustable Airflow)\"}]},{\"@type\":\"WebSite\",\"@id\":\"https:\/\/fumot.uk\/#website\",\"url\":\"https:\/\/fumot.uk\/\",\"name\":\"Fumot Official Direct | Straight from the Factory, 100% Genuine\",\"description\":\"Official Website\",\"publisher\":{\"@id\":\"https:\/\/fumot.uk\/#organization\"},\"potentialAction\":[{\"@type\":\"SearchAction\",\"target\":{\"@type\":\"EntryPoint\",\"urlTemplate\":\"https:\/\/fumot.uk\/?s={search_term_string}\"},\"query-input\":{\"@type\":\"PropertyValueSpecification\",\"valueRequired\":true,\"valueName\":\"search_term_string\"}}],\"inLanguage\":\"es\"},{\"@type\":\"Organization\",\"@id\":\"https:\/\/fumot.uk\/#organization\",\"name\":\"Fumot Official Direct | Straight from the Factory, 100% Genuine\",\"url\":\"https:\/\/fumot.uk\/\",\"logo\":{\"@type\":\"ImageObject\",\"inLanguage\":\"es\",\"@id\":\"https:\/\/fumot.uk\/#\/schema\/logo\/image\/\",\"url\":\"https:\/\/fumot.uk\/wp-content\/uploads\/2026\/01\/cropped-fumot-logo1.png\",\"contentUrl\":\"https:\/\/fumot.uk\/wp-content\/uploads\/2026\/01\/cropped-fumot-logo1.png\",\"width\":152,\"height\":106,\"caption\":\"Fumot Official Direct | Straight from the Factory, 100% Genuine\"},\"image\":{\"@id\":\"https:\/\/fumot.uk\/#\/schema\/logo\/image\/\"}}]}<\/script>\n<!-- \/ Yoast SEO plugin. -->","yoast_head_json":{"title":"JNR Falcon-X 18000 Vape de Hielo de Fresa y Sand\u00eda","description":"JNR Falcon-X 18000 Strawberry Watermelon Ice: fresa jugosa y sand\u00eda con un acabado helado. 24ml, exhibici\u00f3n, flujo de aire ajustable, 950mAh Tipo\u2011C. 2%\/5%.","robots":{"index":"index","follow":"follow","max-snippet":"max-snippet:-1","max-image-preview":"max-image-preview:large","max-video-preview":"max-video-preview:-1"},"canonical":"https:\/\/fumot.uk\/es\/product\/jnr-falcon-x-18000-puffs-strawberry-watermelon-ice-die-erfrischende-fusion-aus-erdbeere-und-wassermelone\/","og_locale":"es_ES","og_type":"article","og_title":"JNR Falcon-X 18000 Strawberry Watermelon Ice","og_description":"A refreshing strawberry + watermelon blend with a cool ice finish. 24ml, up to 18000 puffs, digital display, adjustable airflow, 950mAh rechargeable Type\u2011C.","og_url":"https:\/\/fumot.uk\/es\/product\/jnr-falcon-x-18000-puffs-strawberry-watermelon-ice-die-erfrischende-fusion-aus-erdbeere-und-wassermelone\/","og_site_name":"Fumot Official Direct | Straight from the Factory, 100% Genuine","article_modified_time":"2026-01-21T08:32:48+00:00","og_image":[{"width":800,"height":800,"url":"https:\/\/fumot.uk\/wp-content\/uploads\/2026\/01\/JNR-Falcon-X-18000-Puffs-Strawberry-Watermelon-Ice-Disposable-Vape.jpg","type":"image\/jpeg"}],"twitter_card":"summary_large_image","twitter_misc":{"Tiempo de lectura":"1 minuto"},"schema":{"@context":"https:\/\/schema.org","@graph":[{"@type":"WebPage","@id":"https:\/\/fumot.uk\/product\/jnr-falcon-x-18000-puffs-strawberry-watermelon-ice-die-erfrischende-fusion-aus-erdbeere-und-wassermelone\/","url":"https:\/\/fumot.uk\/product\/jnr-falcon-x-18000-puffs-strawberry-watermelon-ice-die-erfrischende-fusion-aus-erdbeere-und-wassermelone\/","name":"JNR Falcon-X 18000 Vape de Hielo de Fresa y Sand\u00eda","isPartOf":{"@id":"https:\/\/fumot.uk\/#website"},"primaryImageOfPage":{"@id":"https:\/\/fumot.uk\/product\/jnr-falcon-x-18000-puffs-strawberry-watermelon-ice-die-erfrischende-fusion-aus-erdbeere-und-wassermelone\/#primaryimage"},"image":{"@id":"https:\/\/fumot.uk\/product\/jnr-falcon-x-18000-puffs-strawberry-watermelon-ice-die-erfrischende-fusion-aus-erdbeere-und-wassermelone\/#primaryimage"},"thumbnailUrl":"https:\/\/fumot.uk\/wp-content\/uploads\/2026\/01\/JNR-Falcon-X-18000-Puffs-Strawberry-Watermelon-Ice-Disposable-Vape.jpg","datePublished":"2026-01-21T04:06:54+00:00","dateModified":"2026-01-21T08:32:48+00:00","description":"JNR Falcon-X 18000 Strawberry Watermelon Ice: fresa jugosa y sand\u00eda con un acabado helado. 24ml, exhibici\u00f3n, flujo de aire ajustable, 950mAh Tipo\u2011C. 2%\/5%.","breadcrumb":{"@id":"https:\/\/fumot.uk\/product\/jnr-falcon-x-18000-puffs-strawberry-watermelon-ice-die-erfrischende-fusion-aus-erdbeere-und-wassermelone\/#breadcrumb"},"inLanguage":"es","potentialAction":[{"@type":"ReadAction","target":["https:\/\/fumot.uk\/product\/jnr-falcon-x-18000-puffs-strawberry-watermelon-ice-die-erfrischende-fusion-aus-erdbeere-und-wassermelone\/"]}]},{"@type":"ImageObject","inLanguage":"es","@id":"https:\/\/fumot.uk\/product\/jnr-falcon-x-18000-puffs-strawberry-watermelon-ice-die-erfrischende-fusion-aus-erdbeere-und-wassermelone\/#primaryimage","url":"https:\/\/fumot.uk\/wp-content\/uploads\/2026\/01\/JNR-Falcon-X-18000-Puffs-Strawberry-Watermelon-Ice-Disposable-Vape.jpg","contentUrl":"https:\/\/fumot.uk\/wp-content\/uploads\/2026\/01\/JNR-Falcon-X-18000-Puffs-Strawberry-Watermelon-Ice-Disposable-Vape.jpg","width":800,"height":800},{"@type":"BreadcrumbList","@id":"https:\/\/fumot.uk\/product\/jnr-falcon-x-18000-puffs-strawberry-watermelon-ice-die-erfrischende-fusion-aus-erdbeere-und-wassermelone\/#breadcrumb","itemListElement":[{"@type":"ListItem","position":1,"name":"Home","item":"https:\/\/fumot.uk\/"},{"@type":"ListItem","position":2,"name":"Shop","item":"https:\/\/fumot.uk\/shop\/"},{"@type":"ListItem","position":3,"name":"JNR Falcon-X 18000 Puffs Strawberry Watermelon Ice Disposable Vape (24ml, Rechargeable, Adjustable Airflow)"}]},{"@type":"WebSite","@id":"https:\/\/fumot.uk\/#website","url":"https:\/\/fumot.uk\/","name":"Fumot Official Direct | Directo desde la f\u00e1brica, 100% Original","description":"Sitio Oficial","publisher":{"@id":"https:\/\/fumot.uk\/#organization"},"potentialAction":[{"@type":"SearchAction","target":{"@type":"EntryPoint","urlTemplate":"https:\/\/fumot.uk\/?s={search_term_string}"},"query-input":{"@type":"PropertyValueSpecification","valueRequired":true,"valueName":"search_term_string"}}],"inLanguage":"es"},{"@type":"Organization","@id":"https:\/\/fumot.uk\/#organization","name":"Fumot Official Direct | Directo desde la f\u00e1brica, 100% Original","url":"https:\/\/fumot.uk\/","logo":{"@type":"ImageObject","inLanguage":"es","@id":"https:\/\/fumot.uk\/#\/schema\/logo\/image\/","url":"https:\/\/fumot.uk\/wp-content\/uploads\/2026\/01\/cropped-fumot-logo1.png","contentUrl":"https:\/\/fumot.uk\/wp-content\/uploads\/2026\/01\/cropped-fumot-logo1.png","width":152,"height":106,"caption":"Fumot Official Direct | Straight from the Factory, 100% Genuine"},"image":{"@id":"https:\/\/fumot.uk\/#\/schema\/logo\/image\/"}}]}},"_links":{"self":[{"href":"https:\/\/fumot.uk\/es\/wp-json\/wp\/v2\/product\/4037","targetHints":{"allow":["GET"]}}],"collection":[{"href":"https:\/\/fumot.uk\/es\/wp-json\/wp\/v2\/product"}],"about":[{"href":"https:\/\/fumot.uk\/es\/wp-json\/wp\/v2\/types\/product"}],"replies":[{"embeddable":true,"href":"https:\/\/fumot.uk\/es\/wp-json\/wp\/v2\/comments?post=4037"}],"wp:featuredmedia":[{"embeddable":true,"href":"https:\/\/fumot.uk\/es\/wp-json\/wp\/v2\/media\/4051"}],"wp:attachment":[{"href":"https:\/\/fumot.uk\/es\/wp-json\/wp\/v2\/media?parent=4037"}],"wp:term":[{"taxonomy":"product_brand","embeddable":true,"href":"https:\/\/fumot.uk\/es\/wp-json\/wp\/v2\/product_brand?post=4037"},{"taxonomy":"product_cat","embeddable":true,"href":"https:\/\/fumot.uk\/es\/wp-json\/wp\/v2\/product_cat?post=4037"},{"taxonomy":"product_tag","embeddable":true,"href":"https:\/\/fumot.uk\/es\/wp-json\/wp\/v2\/product_tag?post=4037"}],"curies":[{"name":"wp","href":"https:\/\/api.w.org\/{rel}","templated":true}]}}