{"id":4035,"date":"2026-01-21T04:06:53","date_gmt":"2026-01-21T04:06:53","guid":{"rendered":"https:\/\/fumot.uk\/?post_type=product&#038;p=4035"},"modified":"2026-01-21T08:34:54","modified_gmt":"2026-01-21T08:34:54","slug":"jnr-falcon-x-18000-puffs-grape-ice-die-perfekte-kombination-aus-intensiver-traube-und-erfrischendem-eis","status":"publish","type":"product","link":"https:\/\/fumot.uk\/es\/product\/jnr-falcon-x-18000-puffs-grape-ice-die-perfekte-kombination-aus-intensiver-traube-und-erfrischendem-eis\/","title":{"rendered":"JNR Falcon-X 18000 Puffs Grape Ice Vape Desechable (24ml, Recargable, Doble Malla) \u2013 Uva Jugosa &amp; Hielo Fresco"},"content":{"rendered":"<div class=\"product-description\">\n<p><strong>JNR Falcon-X 18000 Puffs Grape Ice<\/strong> mezcla la dulzura de la uva madura y jugosa con un acabado limpio y refrescante de hielo. El resultado es un vape de fruta suave y en capas que se mantiene refrescante desde la primera calada hasta la \u00faltima.<\/p>\n<h3>Sabor: Uva Completa, Hielo Fresco<\/h3>\n<ul>\n<li><strong>Perfil de uva audaz:<\/strong> notas de uva ricas y dulces con una profundidad frutal redondeada.<\/li>\n<li><strong>Exhalaci\u00f3n de hielo fresco:<\/strong> un toque refrescante que equilibra la dulzura sin dominar la fruta.<\/li>\n<li><strong>Sabor suave y en capas:<\/strong> una sensaci\u00f3n satisfactoria de \u201cuva y luego frescor\u201d que es f\u00e1cil de disfrutar todo el d\u00eda.<\/li>\n<\/ul>\n<h3>Por qu\u00e9 te gustar\u00e1 la experiencia Falcon-X<\/h3>\n<p>Dise\u00f1ado para la conveniencia y un sabor consistente, el Falcon-X combina alta capacidad de e-l\u00edquido con tecnolog\u00eda moderna de bobinas y una bater\u00eda recargable, ideal si deseas un vape desechable de larga duraci\u00f3n <em>Grape Ice<\/em> con una calada suave.<\/p>\n<h3>JNR Falcon-X 18000 Puffs \u2013 Caracter\u00edsticas Clave<\/h3>\n<ul>\n<li><strong>Caladas:<\/strong> Hasta 18000<\/li>\n<li><strong>Capacidad de e-l\u00edquido:<\/strong> 24ml<\/li>\n<li><strong>Opciones de nicotina:<\/strong> 2% o 5%<\/li>\n<li><strong>Bater\u00eda:<\/strong> 950mAh recargable (Tipo-C)<\/li>\n<li><strong>Bobina:<\/strong> Doble Bobina de Malla y Tecnolog\u00eda de Doble N\u00facleo<\/li>\n<li><strong>Control:<\/strong> V\u00e1lvula de flujo de aire ajustable<\/li>\n<li><strong>Pantalla:<\/strong> Pantalla digital para estado de un vistazo<\/li>\n<li><strong>Estilo:<\/strong> Capacidad de flujo de aire amigable para Direct-to-Lung<\/li>\n<\/ul>\n<h3>Explora M\u00e1s Sabores<\/h3>\n<p>\u00bfQuieres comparar otras opciones de JNR Falcon-X? Explora m\u00e1s opciones en <a href=\"https:\/\/fumot.uk\/es\/\" target=\"_blank\" rel=\"noopener\">fumot.uk<\/a>.<\/p>\n<p><small>Nota: El conteo de caladas puede variar dependiendo de los h\u00e1bitos de uso y configuraciones de flujo de aire.<\/small><\/p>\n<\/div>","protected":false},"excerpt":{"rendered":"<p>Dulzura de uva jugosa con un acabado helado y crujiente. JNR Falcon-X Grape Ice ofrece hasta 18000 caladas, capacidad de 24 ml, bobinas de malla dual, flujo de aire ajustable, una pantalla digital y una bater\u00eda recargable de 950mAh Type\u2011C. Nicotina: 2% o 5%.<\/p>","protected":false},"featured_media":4049,"comment_status":"open","ping_status":"closed","template":"","meta":[],"product_brand":[],"product_cat":[195,196,17],"product_tag":[171,197,21,72,23,73,39,29,26,62,28],"class_list":{"0":"post-4035","1":"product","2":"type-product","3":"status-publish","4":"has-post-thumbnail","6":"product_cat-18000-puff","7":"product_cat-jnr-falcon-x-18000-puffs","8":"product_cat-vape","9":"product_tag-24ml","10":"product_tag-950mah","11":"product_tag-adjustable-airflow","12":"product_tag-direct-to-lung","13":"product_tag-display","14":"product_tag-dual-mesh","15":"product_tag-grape","16":"product_tag-ice","17":"product_tag-rechargeable","18":"product_tag-sale-vape","19":"product_tag-type-c","21":"first","22":"instock","23":"sale","24":"shipping-taxable","25":"purchasable","26":"product-type-variable","27":"has-default-attributes"},"yoast_head":"<!-- This site is optimized with the Yoast SEO plugin v26.8 - https:\/\/yoast.com\/product\/yoast-seo-wordpress\/ -->\n<title>JNR Falcon-X 18000 Puffs Grape Ice | fumot.uk<\/title>\n<meta name=\"description\" content=\"JNR Falcon-X Grape Ice disposable vape: juicy grape + cool ice. Up to 18000 puffs, 24ml, dual mesh, adjustable airflow, digital display, 950mAh Type\u2011C. 2%\/5%.\" \/>\n<meta name=\"robots\" content=\"index, follow, max-snippet:-1, max-image-preview:large, max-video-preview:-1\" \/>\n<link rel=\"canonical\" href=\"https:\/\/fumot.uk\/es\/product\/jnr-falcon-x-18000-puffs-grape-ice-die-perfekte-kombination-aus-intensiver-traube-und-erfrischendem-eis\/\" \/>\n<meta property=\"og:locale\" content=\"es_ES\" \/>\n<meta property=\"og:type\" content=\"article\" \/>\n<meta property=\"og:title\" content=\"JNR Falcon-X Grape Ice \u2013 Juicy Grape with a Cool Finish\" \/>\n<meta property=\"og:description\" content=\"A smooth grape-forward vape with an icy exhale. Up to 18000 puffs, 24ml, dual mesh coils, adjustable airflow, digital display, and rechargeable Type\u2011C battery.\" \/>\n<meta property=\"og:url\" content=\"https:\/\/fumot.uk\/es\/product\/jnr-falcon-x-18000-puffs-grape-ice-die-perfekte-kombination-aus-intensiver-traube-und-erfrischendem-eis\/\" \/>\n<meta property=\"og:site_name\" content=\"Fumot Official Direct | Straight from the Factory, 100% Genuine\" \/>\n<meta property=\"article:modified_time\" content=\"2026-01-21T08:34:54+00:00\" \/>\n<meta property=\"og:image\" content=\"https:\/\/fumot.uk\/wp-content\/uploads\/2026\/01\/JNR-Falcon-X-18000-Puffs-Grape-Ice-Disposable-Vape.jpg\" \/>\n\t<meta property=\"og:image:width\" content=\"800\" \/>\n\t<meta property=\"og:image:height\" content=\"800\" \/>\n\t<meta property=\"og:image:type\" content=\"image\/jpeg\" \/>\n<meta name=\"twitter:card\" content=\"summary_large_image\" \/>\n<meta name=\"twitter:label1\" content=\"Tiempo de lectura\" \/>\n\t<meta name=\"twitter:data1\" content=\"1 minuto\" \/>\n<script type=\"application\/ld+json\" class=\"yoast-schema-graph\">{\"@context\":\"https:\/\/schema.org\",\"@graph\":[{\"@type\":\"WebPage\",\"@id\":\"https:\/\/fumot.uk\/product\/jnr-falcon-x-18000-puffs-grape-ice-die-perfekte-kombination-aus-intensiver-traube-und-erfrischendem-eis\/\",\"url\":\"https:\/\/fumot.uk\/product\/jnr-falcon-x-18000-puffs-grape-ice-die-perfekte-kombination-aus-intensiver-traube-und-erfrischendem-eis\/\",\"name\":\"JNR Falcon-X 18000 Puffs Grape Ice | fumot.uk\",\"isPartOf\":{\"@id\":\"https:\/\/fumot.uk\/#website\"},\"primaryImageOfPage\":{\"@id\":\"https:\/\/fumot.uk\/product\/jnr-falcon-x-18000-puffs-grape-ice-die-perfekte-kombination-aus-intensiver-traube-und-erfrischendem-eis\/#primaryimage\"},\"image\":{\"@id\":\"https:\/\/fumot.uk\/product\/jnr-falcon-x-18000-puffs-grape-ice-die-perfekte-kombination-aus-intensiver-traube-und-erfrischendem-eis\/#primaryimage\"},\"thumbnailUrl\":\"https:\/\/fumot.uk\/wp-content\/uploads\/2026\/01\/JNR-Falcon-X-18000-Puffs-Grape-Ice-Disposable-Vape.jpg\",\"datePublished\":\"2026-01-21T04:06:53+00:00\",\"dateModified\":\"2026-01-21T08:34:54+00:00\",\"description\":\"JNR Falcon-X Grape Ice disposable vape: juicy grape + cool ice. Up to 18000 puffs, 24ml, dual mesh, adjustable airflow, digital display, 950mAh Type\u2011C. 2%\/5%.\",\"breadcrumb\":{\"@id\":\"https:\/\/fumot.uk\/product\/jnr-falcon-x-18000-puffs-grape-ice-die-perfekte-kombination-aus-intensiver-traube-und-erfrischendem-eis\/#breadcrumb\"},\"inLanguage\":\"es\",\"potentialAction\":[{\"@type\":\"ReadAction\",\"target\":[\"https:\/\/fumot.uk\/product\/jnr-falcon-x-18000-puffs-grape-ice-die-perfekte-kombination-aus-intensiver-traube-und-erfrischendem-eis\/\"]}]},{\"@type\":\"ImageObject\",\"inLanguage\":\"es\",\"@id\":\"https:\/\/fumot.uk\/product\/jnr-falcon-x-18000-puffs-grape-ice-die-perfekte-kombination-aus-intensiver-traube-und-erfrischendem-eis\/#primaryimage\",\"url\":\"https:\/\/fumot.uk\/wp-content\/uploads\/2026\/01\/JNR-Falcon-X-18000-Puffs-Grape-Ice-Disposable-Vape.jpg\",\"contentUrl\":\"https:\/\/fumot.uk\/wp-content\/uploads\/2026\/01\/JNR-Falcon-X-18000-Puffs-Grape-Ice-Disposable-Vape.jpg\",\"width\":800,\"height\":800},{\"@type\":\"BreadcrumbList\",\"@id\":\"https:\/\/fumot.uk\/product\/jnr-falcon-x-18000-puffs-grape-ice-die-perfekte-kombination-aus-intensiver-traube-und-erfrischendem-eis\/#breadcrumb\",\"itemListElement\":[{\"@type\":\"ListItem\",\"position\":1,\"name\":\"Home\",\"item\":\"https:\/\/fumot.uk\/\"},{\"@type\":\"ListItem\",\"position\":2,\"name\":\"Shop\",\"item\":\"https:\/\/fumot.uk\/shop\/\"},{\"@type\":\"ListItem\",\"position\":3,\"name\":\"JNR Falcon-X 18000 Puffs Grape Ice Disposable Vape (24ml, Rechargeable, Dual Mesh) \u2013 Juicy Grape &#038; Cool Ice\"}]},{\"@type\":\"WebSite\",\"@id\":\"https:\/\/fumot.uk\/#website\",\"url\":\"https:\/\/fumot.uk\/\",\"name\":\"Fumot Official Direct | Straight from the Factory, 100% Genuine\",\"description\":\"Official Website\",\"publisher\":{\"@id\":\"https:\/\/fumot.uk\/#organization\"},\"potentialAction\":[{\"@type\":\"SearchAction\",\"target\":{\"@type\":\"EntryPoint\",\"urlTemplate\":\"https:\/\/fumot.uk\/?s={search_term_string}\"},\"query-input\":{\"@type\":\"PropertyValueSpecification\",\"valueRequired\":true,\"valueName\":\"search_term_string\"}}],\"inLanguage\":\"es\"},{\"@type\":\"Organization\",\"@id\":\"https:\/\/fumot.uk\/#organization\",\"name\":\"Fumot Official Direct | Straight from the Factory, 100% Genuine\",\"url\":\"https:\/\/fumot.uk\/\",\"logo\":{\"@type\":\"ImageObject\",\"inLanguage\":\"es\",\"@id\":\"https:\/\/fumot.uk\/#\/schema\/logo\/image\/\",\"url\":\"https:\/\/fumot.uk\/wp-content\/uploads\/2026\/01\/cropped-fumot-logo1.png\",\"contentUrl\":\"https:\/\/fumot.uk\/wp-content\/uploads\/2026\/01\/cropped-fumot-logo1.png\",\"width\":152,\"height\":106,\"caption\":\"Fumot Official Direct | Straight from the Factory, 100% Genuine\"},\"image\":{\"@id\":\"https:\/\/fumot.uk\/#\/schema\/logo\/image\/\"}}]}<\/script>\n<!-- \/ Yoast SEO plugin. -->","yoast_head_json":{"title":"JNR Falcon-X 18000 Puffs Uva Hielo | fumot.uk","description":"JNR Falcon-X Grape Ice vape desechable: uva jugosa + hielo fresco. Hasta 18000 caladas, 24ml, malla dual, flujo de aire ajustable, pantalla digital, 950mAh Tipo\u2011C. 2%\/5%.","robots":{"index":"index","follow":"follow","max-snippet":"max-snippet:-1","max-image-preview":"max-image-preview:large","max-video-preview":"max-video-preview:-1"},"canonical":"https:\/\/fumot.uk\/es\/product\/jnr-falcon-x-18000-puffs-grape-ice-die-perfekte-kombination-aus-intensiver-traube-und-erfrischendem-eis\/","og_locale":"es_ES","og_type":"article","og_title":"JNR Falcon-X Grape Ice \u2013 Juicy Grape with a Cool Finish","og_description":"A smooth grape-forward vape with an icy exhale. Up to 18000 puffs, 24ml, dual mesh coils, adjustable airflow, digital display, and rechargeable Type\u2011C battery.","og_url":"https:\/\/fumot.uk\/es\/product\/jnr-falcon-x-18000-puffs-grape-ice-die-perfekte-kombination-aus-intensiver-traube-und-erfrischendem-eis\/","og_site_name":"Fumot Official Direct | Straight from the Factory, 100% Genuine","article_modified_time":"2026-01-21T08:34:54+00:00","og_image":[{"width":800,"height":800,"url":"https:\/\/fumot.uk\/wp-content\/uploads\/2026\/01\/JNR-Falcon-X-18000-Puffs-Grape-Ice-Disposable-Vape.jpg","type":"image\/jpeg"}],"twitter_card":"summary_large_image","twitter_misc":{"Tiempo de lectura":"1 minuto"},"schema":{"@context":"https:\/\/schema.org","@graph":[{"@type":"WebPage","@id":"https:\/\/fumot.uk\/product\/jnr-falcon-x-18000-puffs-grape-ice-die-perfekte-kombination-aus-intensiver-traube-und-erfrischendem-eis\/","url":"https:\/\/fumot.uk\/product\/jnr-falcon-x-18000-puffs-grape-ice-die-perfekte-kombination-aus-intensiver-traube-und-erfrischendem-eis\/","name":"JNR Falcon-X 18000 Puffs Uva Hielo | fumot.uk","isPartOf":{"@id":"https:\/\/fumot.uk\/#website"},"primaryImageOfPage":{"@id":"https:\/\/fumot.uk\/product\/jnr-falcon-x-18000-puffs-grape-ice-die-perfekte-kombination-aus-intensiver-traube-und-erfrischendem-eis\/#primaryimage"},"image":{"@id":"https:\/\/fumot.uk\/product\/jnr-falcon-x-18000-puffs-grape-ice-die-perfekte-kombination-aus-intensiver-traube-und-erfrischendem-eis\/#primaryimage"},"thumbnailUrl":"https:\/\/fumot.uk\/wp-content\/uploads\/2026\/01\/JNR-Falcon-X-18000-Puffs-Grape-Ice-Disposable-Vape.jpg","datePublished":"2026-01-21T04:06:53+00:00","dateModified":"2026-01-21T08:34:54+00:00","description":"JNR Falcon-X Grape Ice vape desechable: uva jugosa + hielo fresco. Hasta 18000 caladas, 24ml, malla dual, flujo de aire ajustable, pantalla digital, 950mAh Tipo\u2011C. 2%\/5%.","breadcrumb":{"@id":"https:\/\/fumot.uk\/product\/jnr-falcon-x-18000-puffs-grape-ice-die-perfekte-kombination-aus-intensiver-traube-und-erfrischendem-eis\/#breadcrumb"},"inLanguage":"es","potentialAction":[{"@type":"ReadAction","target":["https:\/\/fumot.uk\/product\/jnr-falcon-x-18000-puffs-grape-ice-die-perfekte-kombination-aus-intensiver-traube-und-erfrischendem-eis\/"]}]},{"@type":"ImageObject","inLanguage":"es","@id":"https:\/\/fumot.uk\/product\/jnr-falcon-x-18000-puffs-grape-ice-die-perfekte-kombination-aus-intensiver-traube-und-erfrischendem-eis\/#primaryimage","url":"https:\/\/fumot.uk\/wp-content\/uploads\/2026\/01\/JNR-Falcon-X-18000-Puffs-Grape-Ice-Disposable-Vape.jpg","contentUrl":"https:\/\/fumot.uk\/wp-content\/uploads\/2026\/01\/JNR-Falcon-X-18000-Puffs-Grape-Ice-Disposable-Vape.jpg","width":800,"height":800},{"@type":"BreadcrumbList","@id":"https:\/\/fumot.uk\/product\/jnr-falcon-x-18000-puffs-grape-ice-die-perfekte-kombination-aus-intensiver-traube-und-erfrischendem-eis\/#breadcrumb","itemListElement":[{"@type":"ListItem","position":1,"name":"Home","item":"https:\/\/fumot.uk\/"},{"@type":"ListItem","position":2,"name":"Shop","item":"https:\/\/fumot.uk\/shop\/"},{"@type":"ListItem","position":3,"name":"JNR Falcon-X 18000 Puffs Grape Ice Disposable Vape (24ml, Rechargeable, Dual Mesh) \u2013 Juicy Grape &#038; Cool Ice"}]},{"@type":"WebSite","@id":"https:\/\/fumot.uk\/#website","url":"https:\/\/fumot.uk\/","name":"Fumot Official Direct | Directo desde la f\u00e1brica, 100% Original","description":"Sitio Oficial","publisher":{"@id":"https:\/\/fumot.uk\/#organization"},"potentialAction":[{"@type":"SearchAction","target":{"@type":"EntryPoint","urlTemplate":"https:\/\/fumot.uk\/?s={search_term_string}"},"query-input":{"@type":"PropertyValueSpecification","valueRequired":true,"valueName":"search_term_string"}}],"inLanguage":"es"},{"@type":"Organization","@id":"https:\/\/fumot.uk\/#organization","name":"Fumot Official Direct | Directo desde la f\u00e1brica, 100% Original","url":"https:\/\/fumot.uk\/","logo":{"@type":"ImageObject","inLanguage":"es","@id":"https:\/\/fumot.uk\/#\/schema\/logo\/image\/","url":"https:\/\/fumot.uk\/wp-content\/uploads\/2026\/01\/cropped-fumot-logo1.png","contentUrl":"https:\/\/fumot.uk\/wp-content\/uploads\/2026\/01\/cropped-fumot-logo1.png","width":152,"height":106,"caption":"Fumot Official Direct | Straight from the Factory, 100% Genuine"},"image":{"@id":"https:\/\/fumot.uk\/#\/schema\/logo\/image\/"}}]}},"_links":{"self":[{"href":"https:\/\/fumot.uk\/es\/wp-json\/wp\/v2\/product\/4035","targetHints":{"allow":["GET"]}}],"collection":[{"href":"https:\/\/fumot.uk\/es\/wp-json\/wp\/v2\/product"}],"about":[{"href":"https:\/\/fumot.uk\/es\/wp-json\/wp\/v2\/types\/product"}],"replies":[{"embeddable":true,"href":"https:\/\/fumot.uk\/es\/wp-json\/wp\/v2\/comments?post=4035"}],"wp:featuredmedia":[{"embeddable":true,"href":"https:\/\/fumot.uk\/es\/wp-json\/wp\/v2\/media\/4049"}],"wp:attachment":[{"href":"https:\/\/fumot.uk\/es\/wp-json\/wp\/v2\/media?parent=4035"}],"wp:term":[{"taxonomy":"product_brand","embeddable":true,"href":"https:\/\/fumot.uk\/es\/wp-json\/wp\/v2\/product_brand?post=4035"},{"taxonomy":"product_cat","embeddable":true,"href":"https:\/\/fumot.uk\/es\/wp-json\/wp\/v2\/product_cat?post=4035"},{"taxonomy":"product_tag","embeddable":true,"href":"https:\/\/fumot.uk\/es\/wp-json\/wp\/v2\/product_tag?post=4035"}],"curies":[{"name":"wp","href":"https:\/\/api.w.org\/{rel}","templated":true}]}}