{"id":4033,"date":"2026-01-21T04:06:52","date_gmt":"2026-01-21T04:06:52","guid":{"rendered":"https:\/\/fumot.uk\/?post_type=product&#038;p=4033"},"modified":"2026-01-21T08:36:58","modified_gmt":"2026-01-21T08:36:58","slug":"jnr-falcon-x-18000-puffs-cool-mint-erfrischende-minze-fur-einen-kuhlen-sommer","status":"publish","type":"product","link":"https:\/\/fumot.uk\/es\/product\/jnr-falcon-x-18000-puffs-cool-mint-erfrischende-minze-fur-einen-kuhlen-sommer\/","title":{"rendered":"JNR Falcon-X Menta Fresca 18000 Caladas Vape Desechable (24ml, Recargable, Flujo de Aire Ajustable)"},"content":{"rendered":"<p><strong>Enfr\u00edate al instante con JNR Falcon-X Cool Mint 18000 Puffs<\/strong>\u2014un sabor a menta crujiente y limpio dise\u00f1ado para una calada fresca y helada desde la primera hasta la \u00faltima. Si te encanta un vape de estilo mentol puro que se siente ligero, refrescante y eternamente fresco, Cool Mint es la opci\u00f3n diaria ideal.<\/p>\n<h3>Sabor: Cool Mint (Limpio, Helado, Refrescante)<\/h3>\n<p>Cool Mint ofrece un golpe de menta audaz con un acabado suave y fr\u00edo\u2014como una brisa fresca en un d\u00eda caluroso. Ideal despu\u00e9s de las comidas, durante momentos ocupados, o cuando quieras un impulso r\u00e1pido de frescura sin dulzura pesada.<\/p>\n<h3>Por qu\u00e9 te encantar\u00e1 el JNR Falcon-X 18000 Puffs<\/h3>\n<ul>\n<li><strong>Hasta 18000 caladas<\/strong> para un uso prolongado<\/li>\n<li><strong>capacidad de e-l\u00edquido de 24ml<\/strong> para un disfrute prolongado<\/li>\n<li><strong>Opciones de nicotina:<\/strong> 2% o 5% (elige tu fuerza preferida)<\/li>\n<li><strong>Bater\u00eda recargable de 950mAh<\/strong> con <strong>Type-C<\/strong> carga<\/li>\n<li><strong>Bobina de malla dual + Tecnolog\u00eda de n\u00facleo dual<\/strong> para un sabor consistente y vapor suave<\/li>\n<li><strong>Pantalla digital<\/strong> para ayudarte a seguir el uso de un vistazo<\/li>\n<li><strong>Flujo de aire ajustable<\/strong> para ajustar tu calada (de m\u00e1s aireada a m\u00e1s restringida)<\/li>\n<\/ul>\n<h3>Perfecto para cualquier momento<\/h3>\n<p>Ya sea que est\u00e9s viajando, relaj\u00e1ndote en casa, o saliendo para un descanso r\u00e1pido, este <strong>Vape desechable Cool Mint<\/strong> mantiene las cosas limpias y refrescantes. El perfil de menta se mantiene claro y satisfactorio, convirti\u00e9ndolo en una opci\u00f3n confiable para la rotaci\u00f3n diaria.<\/p>\n<p><strong>Explora m\u00e1s sabores y ofertas de JNR Falcon-X<\/strong> on <a href=\"https:\/\/fumot.uk\/es\/\" target=\"_blank\" rel=\"noopener\">fumot.uk<\/a>.<\/p>\n<p><small>Nota: El conteo de caladas es una estimaci\u00f3n y puede variar dependiendo del uso individual y los ajustes de flujo de aire.<\/small><\/p>","protected":false},"excerpt":{"rendered":"<p>Menta fresca y helada en el vape desechable JNR Falcon-X 18000 Puffs. 24ml de e-l\u00edquido, 950mAh recargable Type-C, bobina de malla dual, pantalla digital y flujo de aire ajustable. Nicotina: 2% o 5%.<\/p>","protected":false},"featured_media":4047,"comment_status":"open","ping_status":"closed","template":"","meta":[],"product_brand":[],"product_cat":[195,196,17],"product_tag":[171,197,21,72,23,73,61,26,62,28],"class_list":{"0":"post-4033","1":"product","2":"type-product","3":"status-publish","4":"has-post-thumbnail","6":"product_cat-18000-puff","7":"product_cat-jnr-falcon-x-18000-puffs","8":"product_cat-vape","9":"product_tag-24ml","10":"product_tag-950mah","11":"product_tag-adjustable-airflow","12":"product_tag-direct-to-lung","13":"product_tag-display","14":"product_tag-dual-mesh","15":"product_tag-mint","16":"product_tag-rechargeable","17":"product_tag-sale-vape","18":"product_tag-type-c","20":"first","21":"instock","22":"sale","23":"shipping-taxable","24":"purchasable","25":"product-type-variable","26":"has-default-attributes"},"yoast_head":"<!-- This site is optimized with the Yoast SEO plugin v26.8 - https:\/\/yoast.com\/product\/yoast-seo-wordpress\/ -->\n<title>JNR Falcon-X Cool Mint 18000 Puffs | fumot.uk<\/title>\n<meta name=\"description\" content=\"JNR Falcon-X Cool Mint disposable vape: up to 18000 puffs, 24ml, 950mAh rechargeable Type-C, dual mesh coil, display &amp; adjustable airflow. 2% or 5% nicotine.\" \/>\n<meta name=\"robots\" content=\"index, follow, max-snippet:-1, max-image-preview:large, max-video-preview:-1\" \/>\n<link rel=\"canonical\" href=\"https:\/\/fumot.uk\/es\/product\/jnr-falcon-x-18000-puffs-cool-mint-erfrischende-minze-fur-einen-kuhlen-sommer\/\" \/>\n<meta property=\"og:locale\" content=\"es_ES\" \/>\n<meta property=\"og:type\" content=\"article\" \/>\n<meta property=\"og:title\" content=\"JNR Falcon-X Cool Mint \u2014 Icy Fresh 18000 Puffs\" \/>\n<meta property=\"og:description\" content=\"A clean, cooling mint with a smooth icy finish. 24ml, rechargeable 950mAh Type\u2011C, dual mesh coil, display and adjustable airflow. Shop on fumot.uk.\" \/>\n<meta property=\"og:url\" content=\"https:\/\/fumot.uk\/es\/product\/jnr-falcon-x-18000-puffs-cool-mint-erfrischende-minze-fur-einen-kuhlen-sommer\/\" \/>\n<meta property=\"og:site_name\" content=\"Fumot Official Direct | Straight from the Factory, 100% Genuine\" \/>\n<meta property=\"article:modified_time\" content=\"2026-01-21T08:36:58+00:00\" \/>\n<meta property=\"og:image\" content=\"https:\/\/fumot.uk\/wp-content\/uploads\/2026\/01\/JNR-Falcon-X-18000-Puffs-Cool-Mint-Disposable-Vape.jpg\" \/>\n\t<meta property=\"og:image:width\" content=\"800\" \/>\n\t<meta property=\"og:image:height\" content=\"800\" \/>\n\t<meta property=\"og:image:type\" content=\"image\/jpeg\" \/>\n<meta name=\"twitter:card\" content=\"summary_large_image\" \/>\n<meta name=\"twitter:label1\" content=\"Tiempo de lectura\" \/>\n\t<meta name=\"twitter:data1\" content=\"1 minuto\" \/>\n<script type=\"application\/ld+json\" class=\"yoast-schema-graph\">{\"@context\":\"https:\/\/schema.org\",\"@graph\":[{\"@type\":\"WebPage\",\"@id\":\"https:\/\/fumot.uk\/product\/jnr-falcon-x-18000-puffs-cool-mint-erfrischende-minze-fur-einen-kuhlen-sommer\/\",\"url\":\"https:\/\/fumot.uk\/product\/jnr-falcon-x-18000-puffs-cool-mint-erfrischende-minze-fur-einen-kuhlen-sommer\/\",\"name\":\"JNR Falcon-X Cool Mint 18000 Puffs | fumot.uk\",\"isPartOf\":{\"@id\":\"https:\/\/fumot.uk\/#website\"},\"primaryImageOfPage\":{\"@id\":\"https:\/\/fumot.uk\/product\/jnr-falcon-x-18000-puffs-cool-mint-erfrischende-minze-fur-einen-kuhlen-sommer\/#primaryimage\"},\"image\":{\"@id\":\"https:\/\/fumot.uk\/product\/jnr-falcon-x-18000-puffs-cool-mint-erfrischende-minze-fur-einen-kuhlen-sommer\/#primaryimage\"},\"thumbnailUrl\":\"https:\/\/fumot.uk\/wp-content\/uploads\/2026\/01\/JNR-Falcon-X-18000-Puffs-Cool-Mint-Disposable-Vape.jpg\",\"datePublished\":\"2026-01-21T04:06:52+00:00\",\"dateModified\":\"2026-01-21T08:36:58+00:00\",\"description\":\"JNR Falcon-X Cool Mint disposable vape: up to 18000 puffs, 24ml, 950mAh rechargeable Type-C, dual mesh coil, display & adjustable airflow. 2% or 5% nicotine.\",\"breadcrumb\":{\"@id\":\"https:\/\/fumot.uk\/product\/jnr-falcon-x-18000-puffs-cool-mint-erfrischende-minze-fur-einen-kuhlen-sommer\/#breadcrumb\"},\"inLanguage\":\"es\",\"potentialAction\":[{\"@type\":\"ReadAction\",\"target\":[\"https:\/\/fumot.uk\/product\/jnr-falcon-x-18000-puffs-cool-mint-erfrischende-minze-fur-einen-kuhlen-sommer\/\"]}]},{\"@type\":\"ImageObject\",\"inLanguage\":\"es\",\"@id\":\"https:\/\/fumot.uk\/product\/jnr-falcon-x-18000-puffs-cool-mint-erfrischende-minze-fur-einen-kuhlen-sommer\/#primaryimage\",\"url\":\"https:\/\/fumot.uk\/wp-content\/uploads\/2026\/01\/JNR-Falcon-X-18000-Puffs-Cool-Mint-Disposable-Vape.jpg\",\"contentUrl\":\"https:\/\/fumot.uk\/wp-content\/uploads\/2026\/01\/JNR-Falcon-X-18000-Puffs-Cool-Mint-Disposable-Vape.jpg\",\"width\":800,\"height\":800},{\"@type\":\"BreadcrumbList\",\"@id\":\"https:\/\/fumot.uk\/product\/jnr-falcon-x-18000-puffs-cool-mint-erfrischende-minze-fur-einen-kuhlen-sommer\/#breadcrumb\",\"itemListElement\":[{\"@type\":\"ListItem\",\"position\":1,\"name\":\"Home\",\"item\":\"https:\/\/fumot.uk\/\"},{\"@type\":\"ListItem\",\"position\":2,\"name\":\"Shop\",\"item\":\"https:\/\/fumot.uk\/shop\/\"},{\"@type\":\"ListItem\",\"position\":3,\"name\":\"JNR Falcon-X Cool Mint 18000 Puffs Disposable Vape (24ml, Rechargeable, Adjustable Airflow)\"}]},{\"@type\":\"WebSite\",\"@id\":\"https:\/\/fumot.uk\/#website\",\"url\":\"https:\/\/fumot.uk\/\",\"name\":\"Fumot Official Direct | Straight from the Factory, 100% Genuine\",\"description\":\"Official Website\",\"publisher\":{\"@id\":\"https:\/\/fumot.uk\/#organization\"},\"potentialAction\":[{\"@type\":\"SearchAction\",\"target\":{\"@type\":\"EntryPoint\",\"urlTemplate\":\"https:\/\/fumot.uk\/?s={search_term_string}\"},\"query-input\":{\"@type\":\"PropertyValueSpecification\",\"valueRequired\":true,\"valueName\":\"search_term_string\"}}],\"inLanguage\":\"es\"},{\"@type\":\"Organization\",\"@id\":\"https:\/\/fumot.uk\/#organization\",\"name\":\"Fumot Official Direct | Straight from the Factory, 100% Genuine\",\"url\":\"https:\/\/fumot.uk\/\",\"logo\":{\"@type\":\"ImageObject\",\"inLanguage\":\"es\",\"@id\":\"https:\/\/fumot.uk\/#\/schema\/logo\/image\/\",\"url\":\"https:\/\/fumot.uk\/wp-content\/uploads\/2026\/01\/cropped-fumot-logo1.png\",\"contentUrl\":\"https:\/\/fumot.uk\/wp-content\/uploads\/2026\/01\/cropped-fumot-logo1.png\",\"width\":152,\"height\":106,\"caption\":\"Fumot Official Direct | Straight from the Factory, 100% Genuine\"},\"image\":{\"@id\":\"https:\/\/fumot.uk\/#\/schema\/logo\/image\/\"}}]}<\/script>\n<!-- \/ Yoast SEO plugin. -->","yoast_head_json":{"title":"JNR Falcon-X Cool Mint 18000 Puffs | fumot.uk","description":"JNR Falcon-X Cool Mint vape desechable: hasta 18000 caladas, 24ml, 950mAh recargable Tipo-C, bobina de malla dual, pantalla y flujo de aire ajustable. 2% o 5% nicotina.","robots":{"index":"index","follow":"follow","max-snippet":"max-snippet:-1","max-image-preview":"max-image-preview:large","max-video-preview":"max-video-preview:-1"},"canonical":"https:\/\/fumot.uk\/es\/product\/jnr-falcon-x-18000-puffs-cool-mint-erfrischende-minze-fur-einen-kuhlen-sommer\/","og_locale":"es_ES","og_type":"article","og_title":"JNR Falcon-X Cool Mint \u2014 Icy Fresh 18000 Puffs","og_description":"A clean, cooling mint with a smooth icy finish. 24ml, rechargeable 950mAh Type\u2011C, dual mesh coil, display and adjustable airflow. Shop on fumot.uk.","og_url":"https:\/\/fumot.uk\/es\/product\/jnr-falcon-x-18000-puffs-cool-mint-erfrischende-minze-fur-einen-kuhlen-sommer\/","og_site_name":"Fumot Official Direct | Straight from the Factory, 100% Genuine","article_modified_time":"2026-01-21T08:36:58+00:00","og_image":[{"width":800,"height":800,"url":"https:\/\/fumot.uk\/wp-content\/uploads\/2026\/01\/JNR-Falcon-X-18000-Puffs-Cool-Mint-Disposable-Vape.jpg","type":"image\/jpeg"}],"twitter_card":"summary_large_image","twitter_misc":{"Tiempo de lectura":"1 minuto"},"schema":{"@context":"https:\/\/schema.org","@graph":[{"@type":"WebPage","@id":"https:\/\/fumot.uk\/product\/jnr-falcon-x-18000-puffs-cool-mint-erfrischende-minze-fur-einen-kuhlen-sommer\/","url":"https:\/\/fumot.uk\/product\/jnr-falcon-x-18000-puffs-cool-mint-erfrischende-minze-fur-einen-kuhlen-sommer\/","name":"JNR Falcon-X Cool Mint 18000 Puffs | fumot.uk","isPartOf":{"@id":"https:\/\/fumot.uk\/#website"},"primaryImageOfPage":{"@id":"https:\/\/fumot.uk\/product\/jnr-falcon-x-18000-puffs-cool-mint-erfrischende-minze-fur-einen-kuhlen-sommer\/#primaryimage"},"image":{"@id":"https:\/\/fumot.uk\/product\/jnr-falcon-x-18000-puffs-cool-mint-erfrischende-minze-fur-einen-kuhlen-sommer\/#primaryimage"},"thumbnailUrl":"https:\/\/fumot.uk\/wp-content\/uploads\/2026\/01\/JNR-Falcon-X-18000-Puffs-Cool-Mint-Disposable-Vape.jpg","datePublished":"2026-01-21T04:06:52+00:00","dateModified":"2026-01-21T08:36:58+00:00","description":"JNR Falcon-X Cool Mint vape desechable: hasta 18000 caladas, 24ml, 950mAh recargable Tipo-C, bobina de malla dual, pantalla y flujo de aire ajustable. 2% o 5% nicotina.","breadcrumb":{"@id":"https:\/\/fumot.uk\/product\/jnr-falcon-x-18000-puffs-cool-mint-erfrischende-minze-fur-einen-kuhlen-sommer\/#breadcrumb"},"inLanguage":"es","potentialAction":[{"@type":"ReadAction","target":["https:\/\/fumot.uk\/product\/jnr-falcon-x-18000-puffs-cool-mint-erfrischende-minze-fur-einen-kuhlen-sommer\/"]}]},{"@type":"ImageObject","inLanguage":"es","@id":"https:\/\/fumot.uk\/product\/jnr-falcon-x-18000-puffs-cool-mint-erfrischende-minze-fur-einen-kuhlen-sommer\/#primaryimage","url":"https:\/\/fumot.uk\/wp-content\/uploads\/2026\/01\/JNR-Falcon-X-18000-Puffs-Cool-Mint-Disposable-Vape.jpg","contentUrl":"https:\/\/fumot.uk\/wp-content\/uploads\/2026\/01\/JNR-Falcon-X-18000-Puffs-Cool-Mint-Disposable-Vape.jpg","width":800,"height":800},{"@type":"BreadcrumbList","@id":"https:\/\/fumot.uk\/product\/jnr-falcon-x-18000-puffs-cool-mint-erfrischende-minze-fur-einen-kuhlen-sommer\/#breadcrumb","itemListElement":[{"@type":"ListItem","position":1,"name":"Home","item":"https:\/\/fumot.uk\/"},{"@type":"ListItem","position":2,"name":"Shop","item":"https:\/\/fumot.uk\/shop\/"},{"@type":"ListItem","position":3,"name":"JNR Falcon-X Cool Mint 18000 Puffs Disposable Vape (24ml, Rechargeable, Adjustable Airflow)"}]},{"@type":"WebSite","@id":"https:\/\/fumot.uk\/#website","url":"https:\/\/fumot.uk\/","name":"Fumot Official Direct | Directo desde la f\u00e1brica, 100% Original","description":"Sitio Oficial","publisher":{"@id":"https:\/\/fumot.uk\/#organization"},"potentialAction":[{"@type":"SearchAction","target":{"@type":"EntryPoint","urlTemplate":"https:\/\/fumot.uk\/?s={search_term_string}"},"query-input":{"@type":"PropertyValueSpecification","valueRequired":true,"valueName":"search_term_string"}}],"inLanguage":"es"},{"@type":"Organization","@id":"https:\/\/fumot.uk\/#organization","name":"Fumot Official Direct | Directo desde la f\u00e1brica, 100% Original","url":"https:\/\/fumot.uk\/","logo":{"@type":"ImageObject","inLanguage":"es","@id":"https:\/\/fumot.uk\/#\/schema\/logo\/image\/","url":"https:\/\/fumot.uk\/wp-content\/uploads\/2026\/01\/cropped-fumot-logo1.png","contentUrl":"https:\/\/fumot.uk\/wp-content\/uploads\/2026\/01\/cropped-fumot-logo1.png","width":152,"height":106,"caption":"Fumot Official Direct | Straight from the Factory, 100% Genuine"},"image":{"@id":"https:\/\/fumot.uk\/#\/schema\/logo\/image\/"}}]}},"_links":{"self":[{"href":"https:\/\/fumot.uk\/es\/wp-json\/wp\/v2\/product\/4033","targetHints":{"allow":["GET"]}}],"collection":[{"href":"https:\/\/fumot.uk\/es\/wp-json\/wp\/v2\/product"}],"about":[{"href":"https:\/\/fumot.uk\/es\/wp-json\/wp\/v2\/types\/product"}],"replies":[{"embeddable":true,"href":"https:\/\/fumot.uk\/es\/wp-json\/wp\/v2\/comments?post=4033"}],"wp:featuredmedia":[{"embeddable":true,"href":"https:\/\/fumot.uk\/es\/wp-json\/wp\/v2\/media\/4047"}],"wp:attachment":[{"href":"https:\/\/fumot.uk\/es\/wp-json\/wp\/v2\/media?parent=4033"}],"wp:term":[{"taxonomy":"product_brand","embeddable":true,"href":"https:\/\/fumot.uk\/es\/wp-json\/wp\/v2\/product_brand?post=4033"},{"taxonomy":"product_cat","embeddable":true,"href":"https:\/\/fumot.uk\/es\/wp-json\/wp\/v2\/product_cat?post=4033"},{"taxonomy":"product_tag","embeddable":true,"href":"https:\/\/fumot.uk\/es\/wp-json\/wp\/v2\/product_tag?post=4033"}],"curies":[{"name":"wp","href":"https:\/\/api.w.org\/{rel}","templated":true}]}}