{"id":398,"date":"2026-01-20T02:44:08","date_gmt":"2026-01-20T02:44:08","guid":{"rendered":"https:\/\/fumot.uk\/?post_type=product&#038;p=398"},"modified":"2026-01-20T07:05:38","modified_gmt":"2026-01-20T07:05:38","slug":"vimto-randm-tornado-12000-puffs","status":"publish","type":"product","link":"https:\/\/fumot.uk\/es\/product\/vimto-randm-tornado-12000-puffs\/","title":{"rendered":"RandM Tornado 12000 Puffs Vimto Vape Desechable (20ml, 850mAh, Pantalla LED, Bobina de Malla)"},"content":{"rendered":"<p><strong>RandM Tornado 12000 Puffs \u2013 Vimto<\/strong> ofrece una vibrante mezcla de bayas en un vape desechable de alto rendimiento dise\u00f1ado para un disfrute largo y constante. Con <strong>20ml de e-l\u00edquido<\/strong>, una <strong>Bater\u00eda recargable de 850mAh<\/strong>, y un claro <strong>pantalla LED<\/strong> para el nivel de bater\u00eda y e-l\u00edquido, siempre sabr\u00e1s d\u00f3nde te encuentras\u2014sin sorpresas a mitad de sesi\u00f3n.<\/p>\n<p><strong>Sabor Vimto<\/strong> es una mezcla dulce y refrescante inspirada en notas cl\u00e1sicas de frutas: <strong>uva, fresa y mora<\/strong>. El perfil es jugoso y con capas\u2014ideal para los amantes de las frutas que quieren un vape suave y satisfactorio con un acabado brillante de bayas.<\/p>\n<h3>Por qu\u00e9 te encantar\u00e1 el RandM Tornado 12000 (Vimto)<\/h3>\n<ul>\n<li><strong>Hasta 12000 caladas<\/strong> por dispositivo (el uso var\u00eda)<\/li>\n<li><strong>20ml de e-l\u00edquido<\/strong> capacidad<\/li>\n<li><strong>Bobina de malla<\/strong> para un sabor y vapor suaves y uniformes<\/li>\n<li><strong>pantalla LED<\/strong> muestra el estado de la bater\u00eda + e-l\u00edquido<\/li>\n<li><strong>Bater\u00eda recargable de 850mAh<\/strong> para un uso diario confiable<\/li>\n<li><strong>carga Tipo-C<\/strong> (cable no siempre incluido)<\/li>\n<li><strong>Opciones de sal de nicotina:<\/strong> 0%, 2%, 3%, 5%<\/li>\n<\/ul>\n<h3>Enfoque de sabor: Vimto (Uva \u2022 Fresa \u2022 Mora)<\/h3>\n<p>Espera una mezcla frutal, dulce como caramelo, con un tono redondeado de uva y un suave acabado de bayas m\u00e1s oscuras. Es un sabor f\u00e1cil para todo el d\u00eda que se mantiene suave gracias al calentamiento constante de la bobina de malla.<\/p>\n<p><strong>Explora m\u00e1s vapes desechables y sabores en<\/strong> <a href=\"https:\/\/fumot.uk\/es\/\">fumot.uk<\/a>. \u00bfBuscas opciones similares de alto n\u00famero de caladas? Navega por nuestra <a href=\"https:\/\/fumot.uk\/es\/product-category\/12000-puff\/\">colecci\u00f3n de 12000 caladas<\/a> o descubre m\u00e1s de la <a href=\"https:\/\/fumot.uk\/es\/product-category\/randm-tornado-12000-puffs\/\">gama RandM Tornado 12000 Puffs<\/a>.<\/p>\n<p><em>Nota:<\/em> El conteo de caladas es una estimaci\u00f3n y puede variar dependiendo de la longitud de la calada y el estilo de uso.<\/p>","protected":false},"excerpt":{"rendered":"<p>RandM Tornado 12000 Puffs en sabor Vimto\u2014uva jugosa, fresa y mora. 20ml de e-l\u00edquido, bater\u00eda recargable de 850mAh, pantalla de estado LED, bobina de malla, carga Tipo\u2011C, opciones de sal de nicotina 0\/2\/3\/5%.<\/p>","protected":false},"featured_media":440,"comment_status":"open","ping_status":"closed","template":"","meta":[],"product_brand":[],"product_cat":[58,59,17],"product_tag":[60,20,33,23,25,26,62,28,38],"class_list":{"0":"post-398","1":"product","2":"type-product","3":"status-publish","4":"has-post-thumbnail","6":"product_cat-12000-puff","7":"product_cat-randm-tornado-12000-puffs","8":"product_cat-vape","9":"product_tag-20ml","10":"product_tag-850mah","11":"product_tag-blueberry","12":"product_tag-display","13":"product_tag-mesh-coil","14":"product_tag-rechargeable","15":"product_tag-sale-vape","16":"product_tag-type-c","17":"product_tag-vimto","19":"first","20":"instock","21":"sale","22":"shipping-taxable","23":"purchasable","24":"product-type-variable","25":"has-default-attributes"},"yoast_head":"<!-- This site is optimized with the Yoast SEO plugin v26.8 - https:\/\/yoast.com\/product\/yoast-seo-wordpress\/ -->\n<title>RandM Tornado 12000 Vimto | 20ml, 850mAh, Mesh Coil<\/title>\n<meta name=\"description\" content=\"RandM Tornado 12000 Puffs Vimto disposable vape: grape, strawberry &amp; blackberry. 20ml e-liquid, 850mAh rechargeable, LED display, mesh coil, 0\/2\/3\/5% nic salts.\" \/>\n<meta name=\"robots\" content=\"index, follow, max-snippet:-1, max-image-preview:large, max-video-preview:-1\" \/>\n<link rel=\"canonical\" href=\"https:\/\/fumot.uk\/es\/product\/vimto-randm-tornado-12000-puffs\/\" \/>\n<meta property=\"og:locale\" content=\"es_ES\" \/>\n<meta property=\"og:type\" content=\"article\" \/>\n<meta property=\"og:title\" content=\"RandM Tornado 12000 Puffs Vimto \u2013 Berry Blend Disposable Vape\" \/>\n<meta property=\"og:description\" content=\"Enjoy Vimto\u2019s grape, strawberry &amp; blackberry taste with 20ml e-liquid, an 850mAh rechargeable battery, mesh coil, and LED battery\/liquid display. Shop at fumot.uk.\" \/>\n<meta property=\"og:url\" content=\"https:\/\/fumot.uk\/es\/product\/vimto-randm-tornado-12000-puffs\/\" \/>\n<meta property=\"og:site_name\" content=\"Fumot Official Direct | Straight from the Factory, 100% Genuine\" \/>\n<meta property=\"article:modified_time\" content=\"2026-01-20T07:05:38+00:00\" \/>\n<meta property=\"og:image\" content=\"https:\/\/fumot.uk\/wp-content\/uploads\/2026\/01\/Randm-Tornado-12000-Puffs-Vimto-Disposable-Vape-scaled-1.jpg\" \/>\n\t<meta property=\"og:image:width\" content=\"2560\" \/>\n\t<meta property=\"og:image:height\" content=\"2560\" \/>\n\t<meta property=\"og:image:type\" content=\"image\/jpeg\" \/>\n<meta name=\"twitter:card\" content=\"summary_large_image\" \/>\n<meta name=\"twitter:label1\" content=\"Tiempo de lectura\" \/>\n\t<meta name=\"twitter:data1\" content=\"2 minutos\" \/>\n<script type=\"application\/ld+json\" class=\"yoast-schema-graph\">{\"@context\":\"https:\/\/schema.org\",\"@graph\":[{\"@type\":\"WebPage\",\"@id\":\"https:\/\/fumot.uk\/product\/vimto-randm-tornado-12000-puffs\/\",\"url\":\"https:\/\/fumot.uk\/product\/vimto-randm-tornado-12000-puffs\/\",\"name\":\"RandM Tornado 12000 Vimto | 20ml, 850mAh, Mesh Coil\",\"isPartOf\":{\"@id\":\"https:\/\/fumot.uk\/#website\"},\"primaryImageOfPage\":{\"@id\":\"https:\/\/fumot.uk\/product\/vimto-randm-tornado-12000-puffs\/#primaryimage\"},\"image\":{\"@id\":\"https:\/\/fumot.uk\/product\/vimto-randm-tornado-12000-puffs\/#primaryimage\"},\"thumbnailUrl\":\"https:\/\/fumot.uk\/wp-content\/uploads\/2026\/01\/Randm-Tornado-12000-Puffs-Vimto-Disposable-Vape-scaled-1.jpg\",\"datePublished\":\"2026-01-20T02:44:08+00:00\",\"dateModified\":\"2026-01-20T07:05:38+00:00\",\"description\":\"RandM Tornado 12000 Puffs Vimto disposable vape: grape, strawberry & blackberry. 20ml e-liquid, 850mAh rechargeable, LED display, mesh coil, 0\/2\/3\/5% nic salts.\",\"breadcrumb\":{\"@id\":\"https:\/\/fumot.uk\/product\/vimto-randm-tornado-12000-puffs\/#breadcrumb\"},\"inLanguage\":\"es\",\"potentialAction\":[{\"@type\":\"ReadAction\",\"target\":[\"https:\/\/fumot.uk\/product\/vimto-randm-tornado-12000-puffs\/\"]}]},{\"@type\":\"ImageObject\",\"inLanguage\":\"es\",\"@id\":\"https:\/\/fumot.uk\/product\/vimto-randm-tornado-12000-puffs\/#primaryimage\",\"url\":\"https:\/\/fumot.uk\/wp-content\/uploads\/2026\/01\/Randm-Tornado-12000-Puffs-Vimto-Disposable-Vape-scaled-1.jpg\",\"contentUrl\":\"https:\/\/fumot.uk\/wp-content\/uploads\/2026\/01\/Randm-Tornado-12000-Puffs-Vimto-Disposable-Vape-scaled-1.jpg\",\"width\":2560,\"height\":2560},{\"@type\":\"BreadcrumbList\",\"@id\":\"https:\/\/fumot.uk\/product\/vimto-randm-tornado-12000-puffs\/#breadcrumb\",\"itemListElement\":[{\"@type\":\"ListItem\",\"position\":1,\"name\":\"Home\",\"item\":\"https:\/\/fumot.uk\/\"},{\"@type\":\"ListItem\",\"position\":2,\"name\":\"Shop\",\"item\":\"https:\/\/fumot.uk\/shop\/\"},{\"@type\":\"ListItem\",\"position\":3,\"name\":\"RandM Tornado 12000 Puffs Vimto Disposable Vape (20ml, 850mAh, LED Display, Mesh Coil)\"}]},{\"@type\":\"WebSite\",\"@id\":\"https:\/\/fumot.uk\/#website\",\"url\":\"https:\/\/fumot.uk\/\",\"name\":\"Fumot Official Direct | Straight from the Factory, 100% Genuine\",\"description\":\"Official Website\",\"publisher\":{\"@id\":\"https:\/\/fumot.uk\/#organization\"},\"potentialAction\":[{\"@type\":\"SearchAction\",\"target\":{\"@type\":\"EntryPoint\",\"urlTemplate\":\"https:\/\/fumot.uk\/?s={search_term_string}\"},\"query-input\":{\"@type\":\"PropertyValueSpecification\",\"valueRequired\":true,\"valueName\":\"search_term_string\"}}],\"inLanguage\":\"es\"},{\"@type\":\"Organization\",\"@id\":\"https:\/\/fumot.uk\/#organization\",\"name\":\"Fumot Official Direct | Straight from the Factory, 100% Genuine\",\"url\":\"https:\/\/fumot.uk\/\",\"logo\":{\"@type\":\"ImageObject\",\"inLanguage\":\"es\",\"@id\":\"https:\/\/fumot.uk\/#\/schema\/logo\/image\/\",\"url\":\"https:\/\/fumot.uk\/wp-content\/uploads\/2026\/01\/cropped-fumot-logo1.png\",\"contentUrl\":\"https:\/\/fumot.uk\/wp-content\/uploads\/2026\/01\/cropped-fumot-logo1.png\",\"width\":152,\"height\":106,\"caption\":\"Fumot Official Direct | Straight from the Factory, 100% Genuine\"},\"image\":{\"@id\":\"https:\/\/fumot.uk\/#\/schema\/logo\/image\/\"}}]}<\/script>\n<!-- \/ Yoast SEO plugin. -->","yoast_head_json":{"title":"RandM Tornado 12000 Vimto | 20ml, 850mAh, Bobina de Malla","description":"RandM Tornado 12000 Puffs Vimto vape desechable: uva, fresa y mora. 20ml de e-l\u00edquido, 850mAh recargable, pantalla LED, bobina de malla, 0\/2\/3\/5% sales de nicotina.","robots":{"index":"index","follow":"follow","max-snippet":"max-snippet:-1","max-image-preview":"max-image-preview:large","max-video-preview":"max-video-preview:-1"},"canonical":"https:\/\/fumot.uk\/es\/product\/vimto-randm-tornado-12000-puffs\/","og_locale":"es_ES","og_type":"article","og_title":"RandM Tornado 12000 Puffs Vimto \u2013 Berry Blend Disposable Vape","og_description":"Enjoy Vimto\u2019s grape, strawberry & blackberry taste with 20ml e-liquid, an 850mAh rechargeable battery, mesh coil, and LED battery\/liquid display. Shop at fumot.uk.","og_url":"https:\/\/fumot.uk\/es\/product\/vimto-randm-tornado-12000-puffs\/","og_site_name":"Fumot Official Direct | Straight from the Factory, 100% Genuine","article_modified_time":"2026-01-20T07:05:38+00:00","og_image":[{"width":2560,"height":2560,"url":"https:\/\/fumot.uk\/wp-content\/uploads\/2026\/01\/Randm-Tornado-12000-Puffs-Vimto-Disposable-Vape-scaled-1.jpg","type":"image\/jpeg"}],"twitter_card":"summary_large_image","twitter_misc":{"Tiempo de lectura":"2 minutos"},"schema":{"@context":"https:\/\/schema.org","@graph":[{"@type":"WebPage","@id":"https:\/\/fumot.uk\/product\/vimto-randm-tornado-12000-puffs\/","url":"https:\/\/fumot.uk\/product\/vimto-randm-tornado-12000-puffs\/","name":"RandM Tornado 12000 Vimto | 20ml, 850mAh, Bobina de Malla","isPartOf":{"@id":"https:\/\/fumot.uk\/#website"},"primaryImageOfPage":{"@id":"https:\/\/fumot.uk\/product\/vimto-randm-tornado-12000-puffs\/#primaryimage"},"image":{"@id":"https:\/\/fumot.uk\/product\/vimto-randm-tornado-12000-puffs\/#primaryimage"},"thumbnailUrl":"https:\/\/fumot.uk\/wp-content\/uploads\/2026\/01\/Randm-Tornado-12000-Puffs-Vimto-Disposable-Vape-scaled-1.jpg","datePublished":"2026-01-20T02:44:08+00:00","dateModified":"2026-01-20T07:05:38+00:00","description":"RandM Tornado 12000 Puffs Vimto vape desechable: uva, fresa y mora. 20ml de e-l\u00edquido, 850mAh recargable, pantalla LED, bobina de malla, 0\/2\/3\/5% sales de nicotina.","breadcrumb":{"@id":"https:\/\/fumot.uk\/product\/vimto-randm-tornado-12000-puffs\/#breadcrumb"},"inLanguage":"es","potentialAction":[{"@type":"ReadAction","target":["https:\/\/fumot.uk\/product\/vimto-randm-tornado-12000-puffs\/"]}]},{"@type":"ImageObject","inLanguage":"es","@id":"https:\/\/fumot.uk\/product\/vimto-randm-tornado-12000-puffs\/#primaryimage","url":"https:\/\/fumot.uk\/wp-content\/uploads\/2026\/01\/Randm-Tornado-12000-Puffs-Vimto-Disposable-Vape-scaled-1.jpg","contentUrl":"https:\/\/fumot.uk\/wp-content\/uploads\/2026\/01\/Randm-Tornado-12000-Puffs-Vimto-Disposable-Vape-scaled-1.jpg","width":2560,"height":2560},{"@type":"BreadcrumbList","@id":"https:\/\/fumot.uk\/product\/vimto-randm-tornado-12000-puffs\/#breadcrumb","itemListElement":[{"@type":"ListItem","position":1,"name":"Home","item":"https:\/\/fumot.uk\/"},{"@type":"ListItem","position":2,"name":"Shop","item":"https:\/\/fumot.uk\/shop\/"},{"@type":"ListItem","position":3,"name":"RandM Tornado 12000 Puffs Vimto Disposable Vape (20ml, 850mAh, LED Display, Mesh Coil)"}]},{"@type":"WebSite","@id":"https:\/\/fumot.uk\/#website","url":"https:\/\/fumot.uk\/","name":"Fumot Official Direct | Directo desde la f\u00e1brica, 100% Original","description":"Sitio Oficial","publisher":{"@id":"https:\/\/fumot.uk\/#organization"},"potentialAction":[{"@type":"SearchAction","target":{"@type":"EntryPoint","urlTemplate":"https:\/\/fumot.uk\/?s={search_term_string}"},"query-input":{"@type":"PropertyValueSpecification","valueRequired":true,"valueName":"search_term_string"}}],"inLanguage":"es"},{"@type":"Organization","@id":"https:\/\/fumot.uk\/#organization","name":"Fumot Official Direct | Directo desde la f\u00e1brica, 100% Original","url":"https:\/\/fumot.uk\/","logo":{"@type":"ImageObject","inLanguage":"es","@id":"https:\/\/fumot.uk\/#\/schema\/logo\/image\/","url":"https:\/\/fumot.uk\/wp-content\/uploads\/2026\/01\/cropped-fumot-logo1.png","contentUrl":"https:\/\/fumot.uk\/wp-content\/uploads\/2026\/01\/cropped-fumot-logo1.png","width":152,"height":106,"caption":"Fumot Official Direct | Straight from the Factory, 100% Genuine"},"image":{"@id":"https:\/\/fumot.uk\/#\/schema\/logo\/image\/"}}]}},"_links":{"self":[{"href":"https:\/\/fumot.uk\/es\/wp-json\/wp\/v2\/product\/398","targetHints":{"allow":["GET"]}}],"collection":[{"href":"https:\/\/fumot.uk\/es\/wp-json\/wp\/v2\/product"}],"about":[{"href":"https:\/\/fumot.uk\/es\/wp-json\/wp\/v2\/types\/product"}],"replies":[{"embeddable":true,"href":"https:\/\/fumot.uk\/es\/wp-json\/wp\/v2\/comments?post=398"}],"wp:featuredmedia":[{"embeddable":true,"href":"https:\/\/fumot.uk\/es\/wp-json\/wp\/v2\/media\/440"}],"wp:attachment":[{"href":"https:\/\/fumot.uk\/es\/wp-json\/wp\/v2\/media?parent=398"}],"wp:term":[{"taxonomy":"product_brand","embeddable":true,"href":"https:\/\/fumot.uk\/es\/wp-json\/wp\/v2\/product_brand?post=398"},{"taxonomy":"product_cat","embeddable":true,"href":"https:\/\/fumot.uk\/es\/wp-json\/wp\/v2\/product_cat?post=398"},{"taxonomy":"product_tag","embeddable":true,"href":"https:\/\/fumot.uk\/es\/wp-json\/wp\/v2\/product_tag?post=398"}],"curies":[{"name":"wp","href":"https:\/\/api.w.org\/{rel}","templated":true}]}}